{"id":175423,"date":"2025-04-24T11:52:34","date_gmt":"2025-04-24T09:52:34","guid":{"rendered":"https:\/\/www.heatsupply.nl\/product\/hot-chip-hot-nut-challenge\/"},"modified":"2026-03-14T23:09:13","modified_gmt":"2026-03-14T22:09:13","slug":"hot-chip-hot-nut-challenge","status":"publish","type":"product","link":"https:\/\/www.heatsupply.nl\/de\/produkt\/hot-chip-hot-nut-challenge\/","title":{"rendered":"Hot Chip Hot Nut Challenge"},"content":{"rendered":"<p><strong>Zutaten Hot Chip Hot Nut Challenge<\/strong>: ERDN\u00dcSSE 52 %, Maisst\u00e4rke, modifizierte St\u00e4rke, Sonnenblumen\u00f6l, Maltodextrin, Dextrose, Chilis (Chipotle, Kashmiri, Scotch Bonnet, Carolina Reaper, Naga Bhut, Trinidad Moruga Scorpio, Birds Eye), Salz, Zucker, WEIZENmehl, Gew\u00fcrze und Gew\u00fcrzextrakte, Geschmacksverst\u00e4rker (Mononatriumglutamat, Dinatriumguanylat, Dinatriuminosinat), S\u00e4ureregulator (Zitronens\u00e4ure), Backtriebmittel (Ammoniumcarbonat), Rote-Bete-Extrakt, Matcha, Aktivkohle, Annatto-Norbixin, Paprikaextrakt; Aromen.<\/p>\n<p>Allergene: Kann N\u00dcSSEN, SOJA, MILCH &amp; SENF enthalten.<\/p>\n<p><span style=\"text-decoration: underline;\">N\u00e4hrwerte pro 100g:<\/span><br \/>\nEnergie: 2330 kJ\/558 kcal<br \/>\nFett: 36,3 Gramm<br \/>\ndavon ges\u00e4ttigte Fetts\u00e4uren: 9,9 Gramm<br \/>\nKohlenhydrate: 45,9 Gramm<br \/>\ndavon Zucker: 8,4 Gramm<br \/>\nProtein: 12,4 Gramm<br \/>\nSalz: 1,4 Gramm<\/p>\n<p>K\u00fchl und trocken lagern.<\/p>\n","protected":false},"excerpt":{"rendered":"<p style=\"text-align: justify;\">Traust du dich an die Hot Chip Hot Nut Challenge? F\u00fcnf Erdn\u00fcsse mit steigender Sch\u00e4rfe und lustigen Aufgaben dazu. Die Erdn\u00fcsse sind mit Chilipulver von Chipotle bis zur Carolina Reaper \u00fcberzogen. Diese Challenge kann mit 2 bis 4 Personen gespielt werden, also lade deine verr\u00fccktesten Freunde zu einem grenz\u00fcberschreitenden Abend ein.<\/p>\n<p style=\"text-align: justify;\">Achtung: HOHER CAPSAICINGEHALT! Dieses Produkt ist nicht f\u00fcr Kinder, schwangere Frauen und stillende M\u00fctter geeignet. Au\u00dferhalb der Reichweite von Kindern aufbewahren. Vermeide den Verzehr, wenn du allergisch gegen Capsaicin bist oder gesundheitliche Probleme hast (besonders Magen-Darm-Probleme, Magengeschw\u00fcre oder Herz-Kreislauf-Erkrankungen). Vermeide den Verzehr auf leeren Magen. W\u00e4hrend der Anwendung empfehlen wir dringend, die in der Verpackung enthaltenen Schutzhandschuhe zu verwenden und den Konsum kohlens\u00e4urehaltiger Getr\u00e4nke zu vermeiden. Bei anhaltenden Atembeschwerden nach dem Verzehr suche \u00e4rztliche Hilfe.<\/p>\n<ul>\n<li style=\"text-align: justify;\">Herkunft: Tschechien<\/li>\n<li style=\"text-align: justify;\">Inhalt: 24 Gramm<\/li>\n<\/ul>\n","protected":false},"featured_media":175926,"comment_status":"open","ping_status":"closed","template":"","meta":{"_acf_changed":false},"product_brand":[],"product_cat":[4047,4046],"product_tag":[],"class_list":{"0":"post-175423","1":"product","2":"type-product","3":"status-publish","4":"has-post-thumbnail","6":"product_cat-snacks","7":"product_cat-spicy","9":"first","10":"instock","11":"taxable","12":"shipping-taxable","13":"purchasable","14":"product-type-simple"},"bundled_by":[],"bundle_stock_status":"instock","bundle_stock_quantity":63,"bundle_virtual":false,"bundle_layout":"","bundle_add_to_cart_form_location":"","bundle_editable_in_cart":false,"bundle_sold_individually_context":"","bundle_item_grouping":"","bundle_min_size":"","bundle_max_size":"","bundle_price":[],"bundled_items":[],"bundle_sell_ids":[],"acf":[],"yoast_head":"<!-- This site is optimized with the Yoast SEO Premium plugin v27.5 (Yoast SEO v27.5) - https:\/\/yoast.com\/product\/yoast-seo-premium-wordpress\/ -->\n<title>Hot Chip Hot Nut Challenge - Heatsupply<\/title>\n<meta name=\"description\" content=\"Schaffen Sie die Hot Chip Hot Nut Challenge? F\u00fcnf N\u00fcsse in f\u00fcnf Sch\u00e4rfegraden, mit lustigen Aufgaben. Jetzt bei Heatsupply bestellen!\" \/>\n<meta name=\"robots\" content=\"index, follow, max-snippet:-1, max-image-preview:large, max-video-preview:-1\" \/>\n<link rel=\"canonical\" href=\"https:\/\/www.heatsupply.nl\/de\/produkt\/hot-chip-hot-nut-challenge\/\" \/>\n<meta property=\"og:locale\" content=\"de_DE\" \/>\n<meta property=\"og:type\" content=\"article\" \/>\n<meta property=\"og:title\" content=\"Hot Chip Hot Nut Challenge\" \/>\n<meta property=\"og:description\" content=\"Schaffen Sie die Hot Chip Hot Nut Challenge? F\u00fcnf N\u00fcsse in f\u00fcnf Sch\u00e4rfegraden, mit lustigen Aufgaben. Jetzt bei Heatsupply bestellen!\" \/>\n<meta property=\"og:url\" content=\"https:\/\/www.heatsupply.nl\/de\/produkt\/hot-chip-hot-nut-challenge\/\" \/>\n<meta property=\"og:site_name\" content=\"Heatsupply\" \/>\n<meta property=\"article:publisher\" content=\"https:\/\/www.facebook.com\/heatsupplyNL\" \/>\n<meta property=\"article:modified_time\" content=\"2026-03-14T22:09:13+00:00\" \/>\n<meta property=\"og:image\" content=\"https:\/\/www.heatsupply.nl\/wp-content\/uploads\/2025\/04\/1b9f95cf72538857c666abbc06115c2a.jpg\" \/>\n\t<meta property=\"og:image:width\" content=\"1200\" \/>\n\t<meta property=\"og:image:height\" content=\"1200\" \/>\n\t<meta property=\"og:image:type\" content=\"image\/jpeg\" \/>\n<meta name=\"twitter:card\" content=\"summary_large_image\" \/>\n<meta name=\"twitter:label1\" content=\"Preis\" \/>\n\t<meta name=\"twitter:data1\" content=\"&euro;8,95\" \/>\n\t<meta name=\"twitter:label2\" content=\"Verf\u00fcgbarkeit\" \/>\n\t<meta name=\"twitter:data2\" content=\"Auf Lager\" \/>\n<script type=\"application\/ld+json\" class=\"yoast-schema-graph\">{\"@context\":\"https:\\\/\\\/schema.org\",\"@graph\":[{\"@type\":\"WebPage\",\"@id\":\"https:\\\/\\\/www.heatsupply.nl\\\/de\\\/produkt\\\/hot-chip-hot-nut-challenge\\\/\",\"url\":\"https:\\\/\\\/www.heatsupply.nl\\\/de\\\/produkt\\\/hot-chip-hot-nut-challenge\\\/\",\"name\":\"Hot Chip Hot Nut Challenge - Heatsupply\",\"isPartOf\":{\"@id\":\"https:\\\/\\\/www.heatsupply.nl\\\/de\\\/#website\"},\"primaryImageOfPage\":{\"@id\":\"https:\\\/\\\/www.heatsupply.nl\\\/de\\\/produkt\\\/hot-chip-hot-nut-challenge\\\/#primaryimage\"},\"image\":{\"@id\":\"https:\\\/\\\/www.heatsupply.nl\\\/de\\\/produkt\\\/hot-chip-hot-nut-challenge\\\/#primaryimage\"},\"thumbnailUrl\":\"https:\\\/\\\/www.heatsupply.nl\\\/wp-content\\\/uploads\\\/2025\\\/04\\\/1b9f95cf72538857c666abbc06115c2a.jpg\",\"datePublished\":\"2025-04-24T09:52:34+00:00\",\"dateModified\":\"2026-03-14T22:09:13+00:00\",\"description\":\"Schaffen Sie die Hot Chip Hot Nut Challenge? F\u00fcnf N\u00fcsse in f\u00fcnf Sch\u00e4rfegraden, mit lustigen Aufgaben. Jetzt bei Heatsupply bestellen!\",\"breadcrumb\":{\"@id\":\"https:\\\/\\\/www.heatsupply.nl\\\/de\\\/produkt\\\/hot-chip-hot-nut-challenge\\\/#breadcrumb\"},\"inLanguage\":\"de\",\"potentialAction\":[{\"@type\":\"ReadAction\",\"target\":[\"https:\\\/\\\/www.heatsupply.nl\\\/de\\\/produkt\\\/hot-chip-hot-nut-challenge\\\/\"]}]},{\"@type\":\"ImageObject\",\"inLanguage\":\"de\",\"@id\":\"https:\\\/\\\/www.heatsupply.nl\\\/de\\\/produkt\\\/hot-chip-hot-nut-challenge\\\/#primaryimage\",\"url\":\"https:\\\/\\\/www.heatsupply.nl\\\/wp-content\\\/uploads\\\/2025\\\/04\\\/1b9f95cf72538857c666abbc06115c2a.jpg\",\"contentUrl\":\"https:\\\/\\\/www.heatsupply.nl\\\/wp-content\\\/uploads\\\/2025\\\/04\\\/1b9f95cf72538857c666abbc06115c2a.jpg\",\"width\":1200,\"height\":1200,\"caption\":\"hot chip hot nut challenge\"},{\"@type\":\"BreadcrumbList\",\"@id\":\"https:\\\/\\\/www.heatsupply.nl\\\/de\\\/produkt\\\/hot-chip-hot-nut-challenge\\\/#breadcrumb\",\"itemListElement\":[{\"@type\":\"ListItem\",\"position\":1,\"name\":\"Home\",\"item\":\"https:\\\/\\\/www.heatsupply.nl\\\/de\\\/\"},{\"@type\":\"ListItem\",\"position\":2,\"name\":\"Alle produkten\",\"item\":\"https:\\\/\\\/www.heatsupply.nl\\\/de\\\/alle-produkten\\\/\"},{\"@type\":\"ListItem\",\"position\":3,\"name\":\"Spicy\",\"item\":\"https:\\\/\\\/www.heatsupply.nl\\\/de\\\/spicy\\\/\"},{\"@type\":\"ListItem\",\"position\":4,\"name\":\"Snacks\",\"item\":\"https:\\\/\\\/www.heatsupply.nl\\\/de\\\/spicy\\\/snacks\\\/\"},{\"@type\":\"ListItem\",\"position\":5,\"name\":\"Hot Chip Hot Nut Challenge\"}]},{\"@type\":\"WebSite\",\"@id\":\"https:\\\/\\\/www.heatsupply.nl\\\/de\\\/#website\",\"url\":\"https:\\\/\\\/www.heatsupply.nl\\\/de\\\/\",\"name\":\"Heatsupply\",\"description\":\"Hot sauce webstore #1 in Europe\",\"publisher\":{\"@id\":\"https:\\\/\\\/www.heatsupply.nl\\\/de\\\/#organization\"},\"potentialAction\":[{\"@type\":\"SearchAction\",\"target\":{\"@type\":\"EntryPoint\",\"urlTemplate\":\"https:\\\/\\\/www.heatsupply.nl\\\/de\\\/?s={search_term_string}\"},\"query-input\":{\"@type\":\"PropertyValueSpecification\",\"valueRequired\":true,\"valueName\":\"search_term_string\"}}],\"inLanguage\":\"de\"},{\"@type\":\"Organization\",\"@id\":\"https:\\\/\\\/www.heatsupply.nl\\\/de\\\/#organization\",\"name\":\"Heatsupply\",\"url\":\"https:\\\/\\\/www.heatsupply.nl\\\/de\\\/\",\"logo\":{\"@type\":\"ImageObject\",\"inLanguage\":\"de\",\"@id\":\"https:\\\/\\\/www.heatsupply.nl\\\/de\\\/#\\\/schema\\\/logo\\\/image\\\/\",\"url\":\"https:\\\/\\\/www.heatsupply.nl\\\/wp-content\\\/uploads\\\/2022\\\/10\\\/heatsupply-logo-rood.jpg\",\"contentUrl\":\"https:\\\/\\\/www.heatsupply.nl\\\/wp-content\\\/uploads\\\/2022\\\/10\\\/heatsupply-logo-rood.jpg\",\"width\":1000,\"height\":335,\"caption\":\"Heatsupply\"},\"image\":{\"@id\":\"https:\\\/\\\/www.heatsupply.nl\\\/de\\\/#\\\/schema\\\/logo\\\/image\\\/\"},\"sameAs\":[\"https:\\\/\\\/www.facebook.com\\\/heatsupplyNL\",\"https:\\\/\\\/www.instagram.com\\\/heatsuppy.nl\",\"https:\\\/\\\/www.youtube.com\\\/channel\\\/UC5pOWqQtljvxTz2SMWGWCsw\"]}]}<\/script>\n<meta property=\"product:price:amount\" content=\"8.95\" \/>\n<meta property=\"product:price:currency\" content=\"EUR\" \/>\n<meta property=\"og:availability\" content=\"instock\" \/>\n<meta property=\"product:availability\" content=\"instock\" \/>\n<meta property=\"product:retailer_item_id\" content=\"HCHOTNUT001\" \/>\n<meta property=\"product:condition\" content=\"new\" \/>\n<!-- \/ Yoast SEO Premium plugin. -->","yoast_head_json":{"title":"Hot Chip Hot Nut Challenge - Heatsupply","description":"Schaffen Sie die Hot Chip Hot Nut Challenge? F\u00fcnf N\u00fcsse in f\u00fcnf Sch\u00e4rfegraden, mit lustigen Aufgaben. Jetzt bei Heatsupply bestellen!","robots":{"index":"index","follow":"follow","max-snippet":"max-snippet:-1","max-image-preview":"max-image-preview:large","max-video-preview":"max-video-preview:-1"},"canonical":"https:\/\/www.heatsupply.nl\/de\/produkt\/hot-chip-hot-nut-challenge\/","og_locale":"de_DE","og_type":"article","og_title":"Hot Chip Hot Nut Challenge","og_description":"Schaffen Sie die Hot Chip Hot Nut Challenge? F\u00fcnf N\u00fcsse in f\u00fcnf Sch\u00e4rfegraden, mit lustigen Aufgaben. Jetzt bei Heatsupply bestellen!","og_url":"https:\/\/www.heatsupply.nl\/de\/produkt\/hot-chip-hot-nut-challenge\/","og_site_name":"Heatsupply","article_publisher":"https:\/\/www.facebook.com\/heatsupplyNL","article_modified_time":"2026-03-14T22:09:13+00:00","og_image":[{"width":1200,"height":1200,"url":"https:\/\/www.heatsupply.nl\/wp-content\/uploads\/2025\/04\/1b9f95cf72538857c666abbc06115c2a.jpg","type":"image\/jpeg"}],"twitter_card":"summary_large_image","twitter_misc":{"Preis":"&euro;8,95","Verf\u00fcgbarkeit":"Auf Lager"},"schema":{"@context":"https:\/\/schema.org","@graph":[{"@type":"WebPage","@id":"https:\/\/www.heatsupply.nl\/de\/produkt\/hot-chip-hot-nut-challenge\/","url":"https:\/\/www.heatsupply.nl\/de\/produkt\/hot-chip-hot-nut-challenge\/","name":"Hot Chip Hot Nut Challenge - Heatsupply","isPartOf":{"@id":"https:\/\/www.heatsupply.nl\/de\/#website"},"primaryImageOfPage":{"@id":"https:\/\/www.heatsupply.nl\/de\/produkt\/hot-chip-hot-nut-challenge\/#primaryimage"},"image":{"@id":"https:\/\/www.heatsupply.nl\/de\/produkt\/hot-chip-hot-nut-challenge\/#primaryimage"},"thumbnailUrl":"https:\/\/www.heatsupply.nl\/wp-content\/uploads\/2025\/04\/1b9f95cf72538857c666abbc06115c2a.jpg","datePublished":"2025-04-24T09:52:34+00:00","dateModified":"2026-03-14T22:09:13+00:00","description":"Schaffen Sie die Hot Chip Hot Nut Challenge? F\u00fcnf N\u00fcsse in f\u00fcnf Sch\u00e4rfegraden, mit lustigen Aufgaben. Jetzt bei Heatsupply bestellen!","breadcrumb":{"@id":"https:\/\/www.heatsupply.nl\/de\/produkt\/hot-chip-hot-nut-challenge\/#breadcrumb"},"inLanguage":"de","potentialAction":[{"@type":"ReadAction","target":["https:\/\/www.heatsupply.nl\/de\/produkt\/hot-chip-hot-nut-challenge\/"]}]},{"@type":"ImageObject","inLanguage":"de","@id":"https:\/\/www.heatsupply.nl\/de\/produkt\/hot-chip-hot-nut-challenge\/#primaryimage","url":"https:\/\/www.heatsupply.nl\/wp-content\/uploads\/2025\/04\/1b9f95cf72538857c666abbc06115c2a.jpg","contentUrl":"https:\/\/www.heatsupply.nl\/wp-content\/uploads\/2025\/04\/1b9f95cf72538857c666abbc06115c2a.jpg","width":1200,"height":1200,"caption":"hot chip hot nut challenge"},{"@type":"BreadcrumbList","@id":"https:\/\/www.heatsupply.nl\/de\/produkt\/hot-chip-hot-nut-challenge\/#breadcrumb","itemListElement":[{"@type":"ListItem","position":1,"name":"Home","item":"https:\/\/www.heatsupply.nl\/de\/"},{"@type":"ListItem","position":2,"name":"Alle produkten","item":"https:\/\/www.heatsupply.nl\/de\/alle-produkten\/"},{"@type":"ListItem","position":3,"name":"Spicy","item":"https:\/\/www.heatsupply.nl\/de\/spicy\/"},{"@type":"ListItem","position":4,"name":"Snacks","item":"https:\/\/www.heatsupply.nl\/de\/spicy\/snacks\/"},{"@type":"ListItem","position":5,"name":"Hot Chip Hot Nut Challenge"}]},{"@type":"WebSite","@id":"https:\/\/www.heatsupply.nl\/de\/#website","url":"https:\/\/www.heatsupply.nl\/de\/","name":"Heatsupply","description":"Hot sauce webstore #1 in Europe","publisher":{"@id":"https:\/\/www.heatsupply.nl\/de\/#organization"},"potentialAction":[{"@type":"SearchAction","target":{"@type":"EntryPoint","urlTemplate":"https:\/\/www.heatsupply.nl\/de\/?s={search_term_string}"},"query-input":{"@type":"PropertyValueSpecification","valueRequired":true,"valueName":"search_term_string"}}],"inLanguage":"de"},{"@type":"Organization","@id":"https:\/\/www.heatsupply.nl\/de\/#organization","name":"Heatsupply","url":"https:\/\/www.heatsupply.nl\/de\/","logo":{"@type":"ImageObject","inLanguage":"de","@id":"https:\/\/www.heatsupply.nl\/de\/#\/schema\/logo\/image\/","url":"https:\/\/www.heatsupply.nl\/wp-content\/uploads\/2022\/10\/heatsupply-logo-rood.jpg","contentUrl":"https:\/\/www.heatsupply.nl\/wp-content\/uploads\/2022\/10\/heatsupply-logo-rood.jpg","width":1000,"height":335,"caption":"Heatsupply"},"image":{"@id":"https:\/\/www.heatsupply.nl\/de\/#\/schema\/logo\/image\/"},"sameAs":["https:\/\/www.facebook.com\/heatsupplyNL","https:\/\/www.instagram.com\/heatsuppy.nl","https:\/\/www.youtube.com\/channel\/UC5pOWqQtljvxTz2SMWGWCsw"]}]},"product_price_amount":"8.95","product_price_currency":"EUR","og_availability":"instock","product_availability":"instock","product_retailer_item_id":"HCHOTNUT001","product_condition":"new"},"_links":{"self":[{"href":"https:\/\/www.heatsupply.nl\/de\/wp-json\/wp\/v2\/product\/175423","targetHints":{"allow":["GET"]}}],"collection":[{"href":"https:\/\/www.heatsupply.nl\/de\/wp-json\/wp\/v2\/product"}],"about":[{"href":"https:\/\/www.heatsupply.nl\/de\/wp-json\/wp\/v2\/types\/product"}],"replies":[{"embeddable":true,"href":"https:\/\/www.heatsupply.nl\/de\/wp-json\/wp\/v2\/comments?post=175423"}],"wp:featuredmedia":[{"embeddable":true,"href":"https:\/\/www.heatsupply.nl\/de\/wp-json\/wp\/v2\/media\/175926"}],"wp:attachment":[{"href":"https:\/\/www.heatsupply.nl\/de\/wp-json\/wp\/v2\/media?parent=175423"}],"wp:term":[{"taxonomy":"product_brand","embeddable":true,"href":"https:\/\/www.heatsupply.nl\/de\/wp-json\/wp\/v2\/product_brand?post=175423"},{"taxonomy":"product_cat","embeddable":true,"href":"https:\/\/www.heatsupply.nl\/de\/wp-json\/wp\/v2\/product_cat?post=175423"},{"taxonomy":"product_tag","embeddable":true,"href":"https:\/\/www.heatsupply.nl\/de\/wp-json\/wp\/v2\/product_tag?post=175423"}],"curies":[{"name":"wp","href":"https:\/\/api.w.org\/{rel}","templated":true}]}}