{"id":174947,"date":"2025-04-18T09:55:47","date_gmt":"2025-04-18T07:55:47","guid":{"rendered":"https:\/\/www.heatsupply.nl\/product\/beste-hot-sauce-chilioel-pack-2025\/"},"modified":"2025-12-01T17:40:41","modified_gmt":"2025-12-01T16:40:41","slug":"beste-hot-sauce-chilioel-pack-2025","status":"publish","type":"product","link":"https:\/\/www.heatsupply.nl\/de\/produkt\/beste-hot-sauce-chilioel-pack-2025\/","title":{"rendered":"Beste Hot Sauce &#038; Chili\u00f6l Pack 2025"},"content":{"rendered":"<p>In diesem Pack findest du unsere Gewinner des Dutch Chili Fest 2025! Die beste Hot Sauce: <a href=\"https:\/\/www.heatsupply.nl\/de\/produkt\/the-sunny-hot-sauce-by-heatsupply\/\"><strong>The Sunny Hot Sauce by Heatsupply<\/strong><\/a> und nat\u00fcrlich das beste Chili\u00f6l: <a href=\"https:\/\/www.heatsupply.nl\/de\/produkt\/heatsupplys-crispy-chili-oil\/\"><strong>Heatsupply&#8217;s Crispy Chili Oil<\/strong><\/a>. Mehr Informationen zu diesen Produkten findest du oben.<\/p>\n","protected":false},"excerpt":{"rendered":"<p style=\"text-align: justify;\">Mit angemessenem Stolz pr\u00e4sentieren wir unsere zwei Preisgewinner des Dutch Chili Fest 2025 in einem g\u00fcnstigen Paket! Der Preis f\u00fcr die beste Hot Sauce der Niederlande wurde von unserer neuesten Kreation gewonnen: <a href=\"https:\/\/www.heatsupply.nl\/de\/produkt\/the-sunny-hot-sauce-by-heatsupply\/\"><strong>The Sunny Hot Sauce<\/strong><\/a>. The Sunny ist wie ein tropischer Urlaub in einem Fl\u00e4schchen. Als w\u00fcrde die Sonne zu scheinen beginnen, sobald du das Fl\u00e4schchen \u00f6ffnest. Hergestellt mit Kurkuma, Curry, Ananas und Chilis, gefolgt von Ingwer, Knoblauch, schwarzem Pfeffer und Kreuzk\u00fcmmel.<\/p>\n<p style=\"text-align: justify;\">Im Jahr 2025 gab es zum ersten Mal einen Preis f\u00fcr das beste Chili\u00f6l des Jahres, und auch diesen Preis konnten wir mit unserem brandneuen <a href=\"https:\/\/www.heatsupply.nl\/de\/produkt\/heatsupplys-crispy-chili-oil\/\"><strong>Heatsupply&#8217;s Crispy Chili Oil<\/strong><\/a> f\u00fcr uns verbuchen! Dieses Chili\u00f6l steckt voller Knoblauch, knuspriger Zwiebeln, hat einen guten Sesamgeschmack, explodiert wie eine Umami-Bombe und der Szechuan-Pfeffer hinterl\u00e4sst ein Kribbeln in deinem Mund. Offensichtlich war auch die Jury beeindruckt, wie der erste Platz beweist!<\/p>\n<p style=\"text-align: justify;\">Weitere Informationen zu diesen beiden Preistr\u00e4gern findest du unten, aber mit der besten Hot Sauce und dem besten Chili\u00f6l in einem Paket kannst du nat\u00fcrlich nichts falsch machen.<\/p>\n<ul>\n<li style=\"text-align: justify;\">Herkunft: Niederlande<\/li>\n<li style=\"text-align: justify;\">Inhalt: 150 ml (Hot Sauce) &amp; 200 ml (Chili\u00f6l)<\/li>\n<\/ul>\n","protected":false},"featured_media":174940,"comment_status":"open","ping_status":"closed","template":"","meta":{"_acf_changed":false},"product_brand":[],"product_cat":[3968,4069,3965,4077,4011,4046,4071,4073],"product_tag":[],"class_list":{"0":"post-174947","1":"product","2":"type-product","3":"status-publish","4":"has-post-thumbnail","6":"product_cat-geschenke","7":"product_cat-geschenksets","8":"product_cat-packs","9":"product_cat-packs-spicy","10":"product_cat-heatsupply-originals","11":"product_cat-spicy","12":"product_cat-unter-30","13":"product_cat-unter-50","15":"first","16":"instock","17":"sale","18":"virtual","19":"taxable","20":"purchasable","21":"product-type-bundle"},"bundled_by":[],"bundle_stock_status":"instock","bundle_stock_quantity":"","bundle_virtual":false,"bundle_layout":"default","bundle_add_to_cart_form_location":"after_summary","bundle_editable_in_cart":false,"bundle_sold_individually_context":"product","bundle_item_grouping":"parent","bundle_min_size":"","bundle_max_size":"","bundle_price":{"price":{"min":{"incl_tax":"16.5","excl_tax":"15.137615"},"max":{"incl_tax":"16.5","excl_tax":"15.137615"}},"regular_price":{"min":{"incl_tax":"17.9","excl_tax":"16.422018"},"max":{"incl_tax":"17.9","excl_tax":"16.422018"}}},"bundled_items":[{"bundled_item_id":1596,"product_id":155422,"menu_order":0,"quantity_min":1,"quantity_max":1,"quantity_default":1,"priced_individually":false,"shipped_individually":false,"override_title":false,"title":"The Sunny Hot Sauce by Heatsupply &#8211; Beste holl\u00e4ndische scharfe So\u00dfe 2025","override_description":false,"description":"The Sunny Hot Sauce by Heatsupply &#8211; Beste holl\u00e4ndische scharfe So\u00dfe 2025","optional":false,"hide_thumbnail":false,"discount":"","override_variations":false,"allowed_variations":[""],"override_default_variation_attributes":false,"default_variation_attributes":[],"single_product_visibility":"visible","cart_visibility":"visible","order_visibility":"visible","single_product_price_visibility":"visible","cart_price_visibility":"visible","order_price_visibility":"visible","stock_status":"in_stock"},{"bundled_item_id":1597,"product_id":172498,"menu_order":1,"quantity_min":1,"quantity_max":1,"quantity_default":1,"priced_individually":false,"shipped_individually":false,"override_title":false,"title":"Heatsupply&#8217;s Crispy Chili Oil &#8211; Beste holl\u00e4ndische Chili\u00f6l 2025","override_description":false,"description":"Heatsupply&#8217;s Crispy Chili Oil &#8211; Beste holl\u00e4ndische Chili\u00f6l 2025","optional":false,"hide_thumbnail":false,"discount":"","override_variations":false,"allowed_variations":[""],"override_default_variation_attributes":false,"default_variation_attributes":[],"single_product_visibility":"visible","cart_visibility":"visible","order_visibility":"visible","single_product_price_visibility":"visible","cart_price_visibility":"visible","order_price_visibility":"visible","stock_status":"in_stock"}],"bundle_sell_ids":[],"acf":[],"yoast_head":"<!-- This site is optimized with the Yoast SEO Premium plugin v27.5 (Yoast SEO v27.5) - https:\/\/yoast.com\/product\/yoast-seo-premium-wordpress\/ -->\n<title>Beste Hot Sauce &amp; Chili\u00f6l Pack 2025 - Heatsupply<\/title>\n<meta name=\"description\" content=\"Wir pr\u00e4sentieren stolz unsere beiden Preistr\u00e4ger beim Dutch Chili Fest 2025 in einem erschwinglichen Paket: das beste Hot-Sauce- und Chili\u00f6l-Paket 2025!\" \/>\n<meta name=\"robots\" content=\"index, follow, max-snippet:-1, max-image-preview:large, max-video-preview:-1\" \/>\n<link rel=\"canonical\" href=\"https:\/\/www.heatsupply.nl\/de\/produkt\/beste-hot-sauce-chilioel-pack-2025\/\" \/>\n<meta property=\"og:locale\" content=\"de_DE\" \/>\n<meta property=\"og:type\" content=\"article\" \/>\n<meta property=\"og:title\" content=\"Beste Hot Sauce &amp; Chili\u00f6l Pack 2025\" \/>\n<meta property=\"og:description\" content=\"Wir pr\u00e4sentieren stolz unsere beiden Preistr\u00e4ger beim Dutch Chili Fest 2025 in einem erschwinglichen Paket: das beste Hot-Sauce- und Chili\u00f6l-Paket 2025!\" \/>\n<meta property=\"og:url\" content=\"https:\/\/www.heatsupply.nl\/de\/produkt\/beste-hot-sauce-chilioel-pack-2025\/\" \/>\n<meta property=\"og:site_name\" content=\"Heatsupply\" \/>\n<meta property=\"article:publisher\" content=\"https:\/\/www.facebook.com\/heatsupplyNL\" \/>\n<meta property=\"article:modified_time\" content=\"2025-12-01T16:40:41+00:00\" \/>\n<meta property=\"og:image\" content=\"https:\/\/www.heatsupply.nl\/wp-content\/uploads\/2025\/04\/beste-hot-sauce-en-crispy-chili-olie-nederland-2025-pack.png\" \/>\n\t<meta property=\"og:image:width\" content=\"1400\" \/>\n\t<meta property=\"og:image:height\" content=\"1400\" \/>\n\t<meta property=\"og:image:type\" content=\"image\/png\" \/>\n<meta name=\"twitter:card\" content=\"summary_large_image\" \/>\n<meta name=\"twitter:label1\" content=\"Preis\" \/>\n\t<meta name=\"twitter:data1\" content=\"&euro;16,50\" \/>\n\t<meta name=\"twitter:label2\" content=\"Verf\u00fcgbarkeit\" \/>\n\t<meta name=\"twitter:data2\" content=\"Auf Lager\" \/>\n<script type=\"application\/ld+json\" class=\"yoast-schema-graph\">{\"@context\":\"https:\\\/\\\/schema.org\",\"@graph\":[{\"@type\":\"WebPage\",\"@id\":\"https:\\\/\\\/www.heatsupply.nl\\\/de\\\/produkt\\\/beste-hot-sauce-chilioel-pack-2025\\\/\",\"url\":\"https:\\\/\\\/www.heatsupply.nl\\\/de\\\/produkt\\\/beste-hot-sauce-chilioel-pack-2025\\\/\",\"name\":\"Beste Hot Sauce & Chili\u00f6l Pack 2025 - Heatsupply\",\"isPartOf\":{\"@id\":\"https:\\\/\\\/www.heatsupply.nl\\\/de\\\/#website\"},\"primaryImageOfPage\":{\"@id\":\"https:\\\/\\\/www.heatsupply.nl\\\/de\\\/produkt\\\/beste-hot-sauce-chilioel-pack-2025\\\/#primaryimage\"},\"image\":{\"@id\":\"https:\\\/\\\/www.heatsupply.nl\\\/de\\\/produkt\\\/beste-hot-sauce-chilioel-pack-2025\\\/#primaryimage\"},\"thumbnailUrl\":\"https:\\\/\\\/www.heatsupply.nl\\\/wp-content\\\/uploads\\\/2025\\\/04\\\/beste-hot-sauce-en-crispy-chili-olie-nederland-2025-pack.png\",\"datePublished\":\"2025-04-18T07:55:47+00:00\",\"dateModified\":\"2025-12-01T16:40:41+00:00\",\"description\":\"Wir pr\u00e4sentieren stolz unsere beiden Preistr\u00e4ger beim Dutch Chili Fest 2025 in einem erschwinglichen Paket: das beste Hot-Sauce- und Chili\u00f6l-Paket 2025!\",\"breadcrumb\":{\"@id\":\"https:\\\/\\\/www.heatsupply.nl\\\/de\\\/produkt\\\/beste-hot-sauce-chilioel-pack-2025\\\/#breadcrumb\"},\"inLanguage\":\"de\",\"potentialAction\":[{\"@type\":\"ReadAction\",\"target\":[\"https:\\\/\\\/www.heatsupply.nl\\\/de\\\/produkt\\\/beste-hot-sauce-chilioel-pack-2025\\\/\"]}]},{\"@type\":\"ImageObject\",\"inLanguage\":\"de\",\"@id\":\"https:\\\/\\\/www.heatsupply.nl\\\/de\\\/produkt\\\/beste-hot-sauce-chilioel-pack-2025\\\/#primaryimage\",\"url\":\"https:\\\/\\\/www.heatsupply.nl\\\/wp-content\\\/uploads\\\/2025\\\/04\\\/beste-hot-sauce-en-crispy-chili-olie-nederland-2025-pack.png\",\"contentUrl\":\"https:\\\/\\\/www.heatsupply.nl\\\/wp-content\\\/uploads\\\/2025\\\/04\\\/beste-hot-sauce-en-crispy-chili-olie-nederland-2025-pack.png\",\"width\":1400,\"height\":1400,\"caption\":\"beste hot sauce & chili olie 2025 pack\"},{\"@type\":\"BreadcrumbList\",\"@id\":\"https:\\\/\\\/www.heatsupply.nl\\\/de\\\/produkt\\\/beste-hot-sauce-chilioel-pack-2025\\\/#breadcrumb\",\"itemListElement\":[{\"@type\":\"ListItem\",\"position\":1,\"name\":\"Home\",\"item\":\"https:\\\/\\\/www.heatsupply.nl\\\/de\\\/\"},{\"@type\":\"ListItem\",\"position\":2,\"name\":\"Alle produkten\",\"item\":\"https:\\\/\\\/www.heatsupply.nl\\\/de\\\/alle-produkten\\\/\"},{\"@type\":\"ListItem\",\"position\":3,\"name\":\"Scharfe So\u00dfen\",\"item\":\"https:\\\/\\\/www.heatsupply.nl\\\/de\\\/scharfe-sossen\\\/\"},{\"@type\":\"ListItem\",\"position\":4,\"name\":\"Geschenksets\",\"item\":\"https:\\\/\\\/www.heatsupply.nl\\\/de\\\/scharfe-sossen\\\/packs\\\/\"},{\"@type\":\"ListItem\",\"position\":5,\"name\":\"Beste Hot Sauce &#038; Chili\u00f6l Pack 2025\"}]},{\"@type\":\"WebSite\",\"@id\":\"https:\\\/\\\/www.heatsupply.nl\\\/de\\\/#website\",\"url\":\"https:\\\/\\\/www.heatsupply.nl\\\/de\\\/\",\"name\":\"Heatsupply\",\"description\":\"Hot sauce webstore #1 in Europe\",\"publisher\":{\"@id\":\"https:\\\/\\\/www.heatsupply.nl\\\/de\\\/#organization\"},\"potentialAction\":[{\"@type\":\"SearchAction\",\"target\":{\"@type\":\"EntryPoint\",\"urlTemplate\":\"https:\\\/\\\/www.heatsupply.nl\\\/de\\\/?s={search_term_string}\"},\"query-input\":{\"@type\":\"PropertyValueSpecification\",\"valueRequired\":true,\"valueName\":\"search_term_string\"}}],\"inLanguage\":\"de\"},{\"@type\":\"Organization\",\"@id\":\"https:\\\/\\\/www.heatsupply.nl\\\/de\\\/#organization\",\"name\":\"Heatsupply\",\"url\":\"https:\\\/\\\/www.heatsupply.nl\\\/de\\\/\",\"logo\":{\"@type\":\"ImageObject\",\"inLanguage\":\"de\",\"@id\":\"https:\\\/\\\/www.heatsupply.nl\\\/de\\\/#\\\/schema\\\/logo\\\/image\\\/\",\"url\":\"https:\\\/\\\/www.heatsupply.nl\\\/wp-content\\\/uploads\\\/2022\\\/10\\\/heatsupply-logo-rood.jpg\",\"contentUrl\":\"https:\\\/\\\/www.heatsupply.nl\\\/wp-content\\\/uploads\\\/2022\\\/10\\\/heatsupply-logo-rood.jpg\",\"width\":1000,\"height\":335,\"caption\":\"Heatsupply\"},\"image\":{\"@id\":\"https:\\\/\\\/www.heatsupply.nl\\\/de\\\/#\\\/schema\\\/logo\\\/image\\\/\"},\"sameAs\":[\"https:\\\/\\\/www.facebook.com\\\/heatsupplyNL\",\"https:\\\/\\\/www.instagram.com\\\/heatsuppy.nl\",\"https:\\\/\\\/www.youtube.com\\\/channel\\\/UC5pOWqQtljvxTz2SMWGWCsw\"]}]}<\/script>\n<meta property=\"product:price:amount\" content=\"16.50\" \/>\n<meta property=\"product:price:currency\" content=\"EUR\" \/>\n<meta property=\"og:availability\" content=\"instock\" \/>\n<meta property=\"product:availability\" content=\"instock\" \/>\n<meta property=\"product:retailer_item_id\" content=\"BEST2025PACK002\" \/>\n<meta property=\"product:condition\" content=\"new\" \/>\n<!-- \/ Yoast SEO Premium plugin. -->","yoast_head_json":{"title":"Beste Hot Sauce & Chili\u00f6l Pack 2025 - Heatsupply","description":"Wir pr\u00e4sentieren stolz unsere beiden Preistr\u00e4ger beim Dutch Chili Fest 2025 in einem erschwinglichen Paket: das beste Hot-Sauce- und Chili\u00f6l-Paket 2025!","robots":{"index":"index","follow":"follow","max-snippet":"max-snippet:-1","max-image-preview":"max-image-preview:large","max-video-preview":"max-video-preview:-1"},"canonical":"https:\/\/www.heatsupply.nl\/de\/produkt\/beste-hot-sauce-chilioel-pack-2025\/","og_locale":"de_DE","og_type":"article","og_title":"Beste Hot Sauce & Chili\u00f6l Pack 2025","og_description":"Wir pr\u00e4sentieren stolz unsere beiden Preistr\u00e4ger beim Dutch Chili Fest 2025 in einem erschwinglichen Paket: das beste Hot-Sauce- und Chili\u00f6l-Paket 2025!","og_url":"https:\/\/www.heatsupply.nl\/de\/produkt\/beste-hot-sauce-chilioel-pack-2025\/","og_site_name":"Heatsupply","article_publisher":"https:\/\/www.facebook.com\/heatsupplyNL","article_modified_time":"2025-12-01T16:40:41+00:00","og_image":[{"width":1400,"height":1400,"url":"https:\/\/www.heatsupply.nl\/wp-content\/uploads\/2025\/04\/beste-hot-sauce-en-crispy-chili-olie-nederland-2025-pack.png","type":"image\/png"}],"twitter_card":"summary_large_image","twitter_misc":{"Preis":"&euro;16,50","Verf\u00fcgbarkeit":"Auf Lager"},"schema":{"@context":"https:\/\/schema.org","@graph":[{"@type":"WebPage","@id":"https:\/\/www.heatsupply.nl\/de\/produkt\/beste-hot-sauce-chilioel-pack-2025\/","url":"https:\/\/www.heatsupply.nl\/de\/produkt\/beste-hot-sauce-chilioel-pack-2025\/","name":"Beste Hot Sauce & Chili\u00f6l Pack 2025 - Heatsupply","isPartOf":{"@id":"https:\/\/www.heatsupply.nl\/de\/#website"},"primaryImageOfPage":{"@id":"https:\/\/www.heatsupply.nl\/de\/produkt\/beste-hot-sauce-chilioel-pack-2025\/#primaryimage"},"image":{"@id":"https:\/\/www.heatsupply.nl\/de\/produkt\/beste-hot-sauce-chilioel-pack-2025\/#primaryimage"},"thumbnailUrl":"https:\/\/www.heatsupply.nl\/wp-content\/uploads\/2025\/04\/beste-hot-sauce-en-crispy-chili-olie-nederland-2025-pack.png","datePublished":"2025-04-18T07:55:47+00:00","dateModified":"2025-12-01T16:40:41+00:00","description":"Wir pr\u00e4sentieren stolz unsere beiden Preistr\u00e4ger beim Dutch Chili Fest 2025 in einem erschwinglichen Paket: das beste Hot-Sauce- und Chili\u00f6l-Paket 2025!","breadcrumb":{"@id":"https:\/\/www.heatsupply.nl\/de\/produkt\/beste-hot-sauce-chilioel-pack-2025\/#breadcrumb"},"inLanguage":"de","potentialAction":[{"@type":"ReadAction","target":["https:\/\/www.heatsupply.nl\/de\/produkt\/beste-hot-sauce-chilioel-pack-2025\/"]}]},{"@type":"ImageObject","inLanguage":"de","@id":"https:\/\/www.heatsupply.nl\/de\/produkt\/beste-hot-sauce-chilioel-pack-2025\/#primaryimage","url":"https:\/\/www.heatsupply.nl\/wp-content\/uploads\/2025\/04\/beste-hot-sauce-en-crispy-chili-olie-nederland-2025-pack.png","contentUrl":"https:\/\/www.heatsupply.nl\/wp-content\/uploads\/2025\/04\/beste-hot-sauce-en-crispy-chili-olie-nederland-2025-pack.png","width":1400,"height":1400,"caption":"beste hot sauce & chili olie 2025 pack"},{"@type":"BreadcrumbList","@id":"https:\/\/www.heatsupply.nl\/de\/produkt\/beste-hot-sauce-chilioel-pack-2025\/#breadcrumb","itemListElement":[{"@type":"ListItem","position":1,"name":"Home","item":"https:\/\/www.heatsupply.nl\/de\/"},{"@type":"ListItem","position":2,"name":"Alle produkten","item":"https:\/\/www.heatsupply.nl\/de\/alle-produkten\/"},{"@type":"ListItem","position":3,"name":"Scharfe So\u00dfen","item":"https:\/\/www.heatsupply.nl\/de\/scharfe-sossen\/"},{"@type":"ListItem","position":4,"name":"Geschenksets","item":"https:\/\/www.heatsupply.nl\/de\/scharfe-sossen\/packs\/"},{"@type":"ListItem","position":5,"name":"Beste Hot Sauce &#038; Chili\u00f6l Pack 2025"}]},{"@type":"WebSite","@id":"https:\/\/www.heatsupply.nl\/de\/#website","url":"https:\/\/www.heatsupply.nl\/de\/","name":"Heatsupply","description":"Hot sauce webstore #1 in Europe","publisher":{"@id":"https:\/\/www.heatsupply.nl\/de\/#organization"},"potentialAction":[{"@type":"SearchAction","target":{"@type":"EntryPoint","urlTemplate":"https:\/\/www.heatsupply.nl\/de\/?s={search_term_string}"},"query-input":{"@type":"PropertyValueSpecification","valueRequired":true,"valueName":"search_term_string"}}],"inLanguage":"de"},{"@type":"Organization","@id":"https:\/\/www.heatsupply.nl\/de\/#organization","name":"Heatsupply","url":"https:\/\/www.heatsupply.nl\/de\/","logo":{"@type":"ImageObject","inLanguage":"de","@id":"https:\/\/www.heatsupply.nl\/de\/#\/schema\/logo\/image\/","url":"https:\/\/www.heatsupply.nl\/wp-content\/uploads\/2022\/10\/heatsupply-logo-rood.jpg","contentUrl":"https:\/\/www.heatsupply.nl\/wp-content\/uploads\/2022\/10\/heatsupply-logo-rood.jpg","width":1000,"height":335,"caption":"Heatsupply"},"image":{"@id":"https:\/\/www.heatsupply.nl\/de\/#\/schema\/logo\/image\/"},"sameAs":["https:\/\/www.facebook.com\/heatsupplyNL","https:\/\/www.instagram.com\/heatsuppy.nl","https:\/\/www.youtube.com\/channel\/UC5pOWqQtljvxTz2SMWGWCsw"]}]},"product_price_amount":"16.50","product_price_currency":"EUR","og_availability":"instock","product_availability":"instock","product_retailer_item_id":"BEST2025PACK002","product_condition":"new"},"_links":{"self":[{"href":"https:\/\/www.heatsupply.nl\/de\/wp-json\/wp\/v2\/product\/174947","targetHints":{"allow":["GET"]}}],"collection":[{"href":"https:\/\/www.heatsupply.nl\/de\/wp-json\/wp\/v2\/product"}],"about":[{"href":"https:\/\/www.heatsupply.nl\/de\/wp-json\/wp\/v2\/types\/product"}],"replies":[{"embeddable":true,"href":"https:\/\/www.heatsupply.nl\/de\/wp-json\/wp\/v2\/comments?post=174947"}],"wp:featuredmedia":[{"embeddable":true,"href":"https:\/\/www.heatsupply.nl\/de\/wp-json\/wp\/v2\/media\/174940"}],"wp:attachment":[{"href":"https:\/\/www.heatsupply.nl\/de\/wp-json\/wp\/v2\/media?parent=174947"}],"wp:term":[{"taxonomy":"product_brand","embeddable":true,"href":"https:\/\/www.heatsupply.nl\/de\/wp-json\/wp\/v2\/product_brand?post=174947"},{"taxonomy":"product_cat","embeddable":true,"href":"https:\/\/www.heatsupply.nl\/de\/wp-json\/wp\/v2\/product_cat?post=174947"},{"taxonomy":"product_tag","embeddable":true,"href":"https:\/\/www.heatsupply.nl\/de\/wp-json\/wp\/v2\/product_tag?post=174947"}],"curies":[{"name":"wp","href":"https:\/\/api.w.org\/{rel}","templated":true}]}}