{"id":174877,"date":"2025-04-17T11:52:19","date_gmt":"2025-04-17T09:52:19","guid":{"rendered":"https:\/\/www.heatsupply.nl\/product\/maitre-delice-bagheera-carolina-reaper-whisky-blueberry-hot-sauce\/"},"modified":"2026-05-07T18:05:24","modified_gmt":"2026-05-07T16:05:24","slug":"maitre-delice-bagheera-carolina-reaper-whisky-blueberry-hot-sauce","status":"publish","type":"product","link":"https:\/\/www.heatsupply.nl\/de\/produkt\/maitre-delice-bagheera-carolina-reaper-whisky-blueberry-hot-sauce\/","title":{"rendered":"Maitre Delice Bagheera Carolina Reaper, Whisky &#038; Blueberry Hot Sauce"},"content":{"rendered":"<p><strong>Zutaten Maitre Delice Bagheera Carolina Reaper Blueberry Hot Sauce<\/strong>: Carolina Reaper, Blaubeere, Whisky, Balsamico-Essig, Wasser, Knoblauch, Salz, nat\u00fcrliches Xanthangummi.<\/p>\n<p><span style=\"text-decoration: underline;\">N\u00e4hrwerte pro 100g:<\/span><br \/>\nEnergie: 147 kcal<br \/>\nFett: 0,21 Gramm<br \/>\ndavon ges\u00e4ttigte Fetts\u00e4uren: 0 Gramm<br \/>\nKohlenhydrate: 19,68 Gramm<br \/>\ndavon Zucker: 10,42 Gramm<br \/>\nProtein: 0,85 Gramm<br \/>\nSalz: 0,59 Gramm<\/p>\n<p>Vor Gebrauch sch\u00fctteln und nach dem \u00d6ffnen gek\u00fchlt aufbewahren.<\/p>\n","protected":false},"excerpt":{"rendered":"<p class=\"ai-optimize-27\" style=\"text-align: justify;\">Maitre Delice Bagheera Hot Sauce ist eine Hot Sauce mit wenigen Zutaten, aber einer hohen Komplexit\u00e4t. Carolina Reaper, Heidelbeere und Whisky sind die Hauptzutaten und diese kombinieren wunderbar miteinander. Das Fruchtige vom Reaper &amp; der Heidelbeere, die leichte S\u00fc\u00dfe, der herzhafte Geschmack von Balsamico, Knoblauch und Salz und das leicht rauchige vom Whisky machen es zu einer tollen Sauce f\u00fcr rotes Fleisch, Wild, Schweinefleisch, verschiedene K\u00e4sesorten und wenn du ein richtig abenteuerlustiger Typ bist: zu Eis oder Waffeln!<\/p>\n<ul>\n<li class=\"ai-optimize-28\" style=\"text-align: justify;\">Herkunft: Frankreich<\/li>\n<li class=\"ai-optimize-29\" style=\"text-align: justify;\">Inhalt: 100 ml<\/li>\n<\/ul>\n","protected":false},"featured_media":174028,"comment_status":"open","ping_status":"closed","template":"","meta":{"_acf_changed":false},"product_brand":[],"product_cat":[3929,3886,3994,3793,3787,4046],"product_tag":[],"class_list":{"0":"post-174877","1":"product","2":"type-product","3":"status-publish","4":"has-post-thumbnail","6":"product_cat-carolina-reaper","7":"product_cat-bbq-saucen","8":"product_cat-europaeische-scharfe-saucen","9":"product_cat-sale","10":"product_cat-scharfe-sossen","11":"product_cat-spicy","13":"first","14":"instock","15":"sale","16":"taxable","17":"shipping-taxable","18":"purchasable","19":"product-type-simple"},"bundled_by":[],"bundle_stock_status":"instock","bundle_stock_quantity":34,"bundle_virtual":false,"bundle_layout":"","bundle_add_to_cart_form_location":"","bundle_editable_in_cart":false,"bundle_sold_individually_context":"","bundle_item_grouping":"","bundle_min_size":"","bundle_max_size":"","bundle_price":[],"bundled_items":[],"bundle_sell_ids":[],"acf":[],"yoast_head":"<!-- This site is optimized with the Yoast SEO Premium plugin v27.5 (Yoast SEO v27.5) - https:\/\/yoast.com\/product\/yoast-seo-premium-wordpress\/ -->\n<title>Maitre Delice Bagheera Carolina Reaper, Whisky &amp; Blueberry Hot Sauce - Heatsupply<\/title>\n<meta name=\"description\" content=\"Maitre Delice Bagheera Hot Sauce wird aus Carolina Reaper, Blaubeeren und Whisky hergestellt. Eine erstaunliche Kombination, die k\u00f6stlich zu rotem Fleisch schmeckt!\" \/>\n<meta name=\"robots\" content=\"index, follow, max-snippet:-1, max-image-preview:large, max-video-preview:-1\" \/>\n<link rel=\"canonical\" href=\"https:\/\/www.heatsupply.nl\/de\/produkt\/maitre-delice-bagheera-carolina-reaper-whisky-blueberry-hot-sauce\/\" \/>\n<meta property=\"og:locale\" content=\"de_DE\" \/>\n<meta property=\"og:type\" content=\"article\" \/>\n<meta property=\"og:title\" content=\"Maitre Delice Bagheera Carolina Reaper, Whisky &amp; Blueberry Hot Sauce\" \/>\n<meta property=\"og:description\" content=\"Maitre Delice Bagheera Hot Sauce wird aus Carolina Reaper, Blaubeeren und Whisky hergestellt. Eine erstaunliche Kombination, die k\u00f6stlich zu rotem Fleisch schmeckt!\" \/>\n<meta property=\"og:url\" content=\"https:\/\/www.heatsupply.nl\/de\/produkt\/maitre-delice-bagheera-carolina-reaper-whisky-blueberry-hot-sauce\/\" \/>\n<meta property=\"og:site_name\" content=\"Heatsupply\" \/>\n<meta property=\"article:publisher\" content=\"https:\/\/www.facebook.com\/heatsupplyNL\" \/>\n<meta property=\"article:modified_time\" content=\"2026-05-07T16:05:24+00:00\" \/>\n<meta property=\"og:image\" content=\"https:\/\/www.heatsupply.nl\/wp-content\/uploads\/2025\/04\/maitre-delice-bagheera-carolina-reaper-blueberry.jpg\" \/>\n\t<meta property=\"og:image:width\" content=\"1400\" \/>\n\t<meta property=\"og:image:height\" content=\"1400\" \/>\n\t<meta property=\"og:image:type\" content=\"image\/jpeg\" \/>\n<meta name=\"twitter:card\" content=\"summary_large_image\" \/>\n<meta name=\"twitter:label1\" content=\"Preis\" \/>\n\t<meta name=\"twitter:data1\" content=\"&euro;8,95\" \/>\n\t<meta name=\"twitter:label2\" content=\"Verf\u00fcgbarkeit\" \/>\n\t<meta name=\"twitter:data2\" content=\"Auf Lager\" \/>\n<script type=\"application\/ld+json\" class=\"yoast-schema-graph\">{\"@context\":\"https:\\\/\\\/schema.org\",\"@graph\":[{\"@type\":\"WebPage\",\"@id\":\"https:\\\/\\\/www.heatsupply.nl\\\/de\\\/produkt\\\/maitre-delice-bagheera-carolina-reaper-whisky-blueberry-hot-sauce\\\/\",\"url\":\"https:\\\/\\\/www.heatsupply.nl\\\/de\\\/produkt\\\/maitre-delice-bagheera-carolina-reaper-whisky-blueberry-hot-sauce\\\/\",\"name\":\"Maitre Delice Bagheera Carolina Reaper, Whisky & Blueberry Hot Sauce - Heatsupply\",\"isPartOf\":{\"@id\":\"https:\\\/\\\/www.heatsupply.nl\\\/de\\\/#website\"},\"primaryImageOfPage\":{\"@id\":\"https:\\\/\\\/www.heatsupply.nl\\\/de\\\/produkt\\\/maitre-delice-bagheera-carolina-reaper-whisky-blueberry-hot-sauce\\\/#primaryimage\"},\"image\":{\"@id\":\"https:\\\/\\\/www.heatsupply.nl\\\/de\\\/produkt\\\/maitre-delice-bagheera-carolina-reaper-whisky-blueberry-hot-sauce\\\/#primaryimage\"},\"thumbnailUrl\":\"https:\\\/\\\/www.heatsupply.nl\\\/wp-content\\\/uploads\\\/2025\\\/04\\\/maitre-delice-bagheera-carolina-reaper-blueberry.jpg\",\"datePublished\":\"2025-04-17T09:52:19+00:00\",\"dateModified\":\"2026-05-07T16:05:24+00:00\",\"description\":\"Maitre Delice Bagheera Hot Sauce wird aus Carolina Reaper, Blaubeeren und Whisky hergestellt. Eine erstaunliche Kombination, die k\u00f6stlich zu rotem Fleisch schmeckt!\",\"breadcrumb\":{\"@id\":\"https:\\\/\\\/www.heatsupply.nl\\\/de\\\/produkt\\\/maitre-delice-bagheera-carolina-reaper-whisky-blueberry-hot-sauce\\\/#breadcrumb\"},\"inLanguage\":\"de\",\"potentialAction\":[{\"@type\":\"ReadAction\",\"target\":[\"https:\\\/\\\/www.heatsupply.nl\\\/de\\\/produkt\\\/maitre-delice-bagheera-carolina-reaper-whisky-blueberry-hot-sauce\\\/\"]}]},{\"@type\":\"ImageObject\",\"inLanguage\":\"de\",\"@id\":\"https:\\\/\\\/www.heatsupply.nl\\\/de\\\/produkt\\\/maitre-delice-bagheera-carolina-reaper-whisky-blueberry-hot-sauce\\\/#primaryimage\",\"url\":\"https:\\\/\\\/www.heatsupply.nl\\\/wp-content\\\/uploads\\\/2025\\\/04\\\/maitre-delice-bagheera-carolina-reaper-blueberry.jpg\",\"contentUrl\":\"https:\\\/\\\/www.heatsupply.nl\\\/wp-content\\\/uploads\\\/2025\\\/04\\\/maitre-delice-bagheera-carolina-reaper-blueberry.jpg\",\"width\":1400,\"height\":1400,\"caption\":\"maitre delice bagheera carolina reaper whisky blueberry\"},{\"@type\":\"BreadcrumbList\",\"@id\":\"https:\\\/\\\/www.heatsupply.nl\\\/de\\\/produkt\\\/maitre-delice-bagheera-carolina-reaper-whisky-blueberry-hot-sauce\\\/#breadcrumb\",\"itemListElement\":[{\"@type\":\"ListItem\",\"position\":1,\"name\":\"Home\",\"item\":\"https:\\\/\\\/www.heatsupply.nl\\\/de\\\/\"},{\"@type\":\"ListItem\",\"position\":2,\"name\":\"Alle produkten\",\"item\":\"https:\\\/\\\/www.heatsupply.nl\\\/de\\\/alle-produkten\\\/\"},{\"@type\":\"ListItem\",\"position\":3,\"name\":\"Scharfe So\u00dfen\",\"item\":\"https:\\\/\\\/www.heatsupply.nl\\\/de\\\/scharfe-sossen\\\/\"},{\"@type\":\"ListItem\",\"position\":4,\"name\":\"Carolina Reaper\",\"item\":\"https:\\\/\\\/www.heatsupply.nl\\\/de\\\/scharfe-sossen\\\/carolina-reaper\\\/\"},{\"@type\":\"ListItem\",\"position\":5,\"name\":\"Maitre Delice Bagheera Carolina Reaper, Whisky &#038; Blueberry Hot Sauce\"}]},{\"@type\":\"WebSite\",\"@id\":\"https:\\\/\\\/www.heatsupply.nl\\\/de\\\/#website\",\"url\":\"https:\\\/\\\/www.heatsupply.nl\\\/de\\\/\",\"name\":\"Heatsupply\",\"description\":\"Hot sauce webstore #1 in Europe\",\"publisher\":{\"@id\":\"https:\\\/\\\/www.heatsupply.nl\\\/de\\\/#organization\"},\"potentialAction\":[{\"@type\":\"SearchAction\",\"target\":{\"@type\":\"EntryPoint\",\"urlTemplate\":\"https:\\\/\\\/www.heatsupply.nl\\\/de\\\/?s={search_term_string}\"},\"query-input\":{\"@type\":\"PropertyValueSpecification\",\"valueRequired\":true,\"valueName\":\"search_term_string\"}}],\"inLanguage\":\"de\"},{\"@type\":\"Organization\",\"@id\":\"https:\\\/\\\/www.heatsupply.nl\\\/de\\\/#organization\",\"name\":\"Heatsupply\",\"url\":\"https:\\\/\\\/www.heatsupply.nl\\\/de\\\/\",\"logo\":{\"@type\":\"ImageObject\",\"inLanguage\":\"de\",\"@id\":\"https:\\\/\\\/www.heatsupply.nl\\\/de\\\/#\\\/schema\\\/logo\\\/image\\\/\",\"url\":\"https:\\\/\\\/www.heatsupply.nl\\\/wp-content\\\/uploads\\\/2022\\\/10\\\/heatsupply-logo-rood.jpg\",\"contentUrl\":\"https:\\\/\\\/www.heatsupply.nl\\\/wp-content\\\/uploads\\\/2022\\\/10\\\/heatsupply-logo-rood.jpg\",\"width\":1000,\"height\":335,\"caption\":\"Heatsupply\"},\"image\":{\"@id\":\"https:\\\/\\\/www.heatsupply.nl\\\/de\\\/#\\\/schema\\\/logo\\\/image\\\/\"},\"sameAs\":[\"https:\\\/\\\/www.facebook.com\\\/heatsupplyNL\",\"https:\\\/\\\/www.instagram.com\\\/heatsuppy.nl\",\"https:\\\/\\\/www.youtube.com\\\/channel\\\/UC5pOWqQtljvxTz2SMWGWCsw\"]}]}<\/script>\n<meta property=\"product:brand\" content=\"Maitre Delice\" \/>\n<meta property=\"product:price:amount\" content=\"8.95\" \/>\n<meta property=\"product:price:currency\" content=\"EUR\" \/>\n<meta property=\"og:availability\" content=\"instock\" \/>\n<meta property=\"product:availability\" content=\"instock\" \/>\n<meta property=\"product:retailer_item_id\" content=\"MDBAGH003\" \/>\n<meta property=\"product:condition\" content=\"new\" \/>\n<!-- \/ Yoast SEO Premium plugin. -->","yoast_head_json":{"title":"Maitre Delice Bagheera Carolina Reaper, Whisky & Blueberry Hot Sauce - Heatsupply","description":"Maitre Delice Bagheera Hot Sauce wird aus Carolina Reaper, Blaubeeren und Whisky hergestellt. Eine erstaunliche Kombination, die k\u00f6stlich zu rotem Fleisch schmeckt!","robots":{"index":"index","follow":"follow","max-snippet":"max-snippet:-1","max-image-preview":"max-image-preview:large","max-video-preview":"max-video-preview:-1"},"canonical":"https:\/\/www.heatsupply.nl\/de\/produkt\/maitre-delice-bagheera-carolina-reaper-whisky-blueberry-hot-sauce\/","og_locale":"de_DE","og_type":"article","og_title":"Maitre Delice Bagheera Carolina Reaper, Whisky & Blueberry Hot Sauce","og_description":"Maitre Delice Bagheera Hot Sauce wird aus Carolina Reaper, Blaubeeren und Whisky hergestellt. Eine erstaunliche Kombination, die k\u00f6stlich zu rotem Fleisch schmeckt!","og_url":"https:\/\/www.heatsupply.nl\/de\/produkt\/maitre-delice-bagheera-carolina-reaper-whisky-blueberry-hot-sauce\/","og_site_name":"Heatsupply","article_publisher":"https:\/\/www.facebook.com\/heatsupplyNL","article_modified_time":"2026-05-07T16:05:24+00:00","og_image":[{"width":1400,"height":1400,"url":"https:\/\/www.heatsupply.nl\/wp-content\/uploads\/2025\/04\/maitre-delice-bagheera-carolina-reaper-blueberry.jpg","type":"image\/jpeg"}],"twitter_card":"summary_large_image","twitter_misc":{"Preis":"&euro;8,95","Verf\u00fcgbarkeit":"Auf Lager"},"schema":{"@context":"https:\/\/schema.org","@graph":[{"@type":"WebPage","@id":"https:\/\/www.heatsupply.nl\/de\/produkt\/maitre-delice-bagheera-carolina-reaper-whisky-blueberry-hot-sauce\/","url":"https:\/\/www.heatsupply.nl\/de\/produkt\/maitre-delice-bagheera-carolina-reaper-whisky-blueberry-hot-sauce\/","name":"Maitre Delice Bagheera Carolina Reaper, Whisky & Blueberry Hot Sauce - Heatsupply","isPartOf":{"@id":"https:\/\/www.heatsupply.nl\/de\/#website"},"primaryImageOfPage":{"@id":"https:\/\/www.heatsupply.nl\/de\/produkt\/maitre-delice-bagheera-carolina-reaper-whisky-blueberry-hot-sauce\/#primaryimage"},"image":{"@id":"https:\/\/www.heatsupply.nl\/de\/produkt\/maitre-delice-bagheera-carolina-reaper-whisky-blueberry-hot-sauce\/#primaryimage"},"thumbnailUrl":"https:\/\/www.heatsupply.nl\/wp-content\/uploads\/2025\/04\/maitre-delice-bagheera-carolina-reaper-blueberry.jpg","datePublished":"2025-04-17T09:52:19+00:00","dateModified":"2026-05-07T16:05:24+00:00","description":"Maitre Delice Bagheera Hot Sauce wird aus Carolina Reaper, Blaubeeren und Whisky hergestellt. Eine erstaunliche Kombination, die k\u00f6stlich zu rotem Fleisch schmeckt!","breadcrumb":{"@id":"https:\/\/www.heatsupply.nl\/de\/produkt\/maitre-delice-bagheera-carolina-reaper-whisky-blueberry-hot-sauce\/#breadcrumb"},"inLanguage":"de","potentialAction":[{"@type":"ReadAction","target":["https:\/\/www.heatsupply.nl\/de\/produkt\/maitre-delice-bagheera-carolina-reaper-whisky-blueberry-hot-sauce\/"]}]},{"@type":"ImageObject","inLanguage":"de","@id":"https:\/\/www.heatsupply.nl\/de\/produkt\/maitre-delice-bagheera-carolina-reaper-whisky-blueberry-hot-sauce\/#primaryimage","url":"https:\/\/www.heatsupply.nl\/wp-content\/uploads\/2025\/04\/maitre-delice-bagheera-carolina-reaper-blueberry.jpg","contentUrl":"https:\/\/www.heatsupply.nl\/wp-content\/uploads\/2025\/04\/maitre-delice-bagheera-carolina-reaper-blueberry.jpg","width":1400,"height":1400,"caption":"maitre delice bagheera carolina reaper whisky blueberry"},{"@type":"BreadcrumbList","@id":"https:\/\/www.heatsupply.nl\/de\/produkt\/maitre-delice-bagheera-carolina-reaper-whisky-blueberry-hot-sauce\/#breadcrumb","itemListElement":[{"@type":"ListItem","position":1,"name":"Home","item":"https:\/\/www.heatsupply.nl\/de\/"},{"@type":"ListItem","position":2,"name":"Alle produkten","item":"https:\/\/www.heatsupply.nl\/de\/alle-produkten\/"},{"@type":"ListItem","position":3,"name":"Scharfe So\u00dfen","item":"https:\/\/www.heatsupply.nl\/de\/scharfe-sossen\/"},{"@type":"ListItem","position":4,"name":"Carolina Reaper","item":"https:\/\/www.heatsupply.nl\/de\/scharfe-sossen\/carolina-reaper\/"},{"@type":"ListItem","position":5,"name":"Maitre Delice Bagheera Carolina Reaper, Whisky &#038; Blueberry Hot Sauce"}]},{"@type":"WebSite","@id":"https:\/\/www.heatsupply.nl\/de\/#website","url":"https:\/\/www.heatsupply.nl\/de\/","name":"Heatsupply","description":"Hot sauce webstore #1 in Europe","publisher":{"@id":"https:\/\/www.heatsupply.nl\/de\/#organization"},"potentialAction":[{"@type":"SearchAction","target":{"@type":"EntryPoint","urlTemplate":"https:\/\/www.heatsupply.nl\/de\/?s={search_term_string}"},"query-input":{"@type":"PropertyValueSpecification","valueRequired":true,"valueName":"search_term_string"}}],"inLanguage":"de"},{"@type":"Organization","@id":"https:\/\/www.heatsupply.nl\/de\/#organization","name":"Heatsupply","url":"https:\/\/www.heatsupply.nl\/de\/","logo":{"@type":"ImageObject","inLanguage":"de","@id":"https:\/\/www.heatsupply.nl\/de\/#\/schema\/logo\/image\/","url":"https:\/\/www.heatsupply.nl\/wp-content\/uploads\/2022\/10\/heatsupply-logo-rood.jpg","contentUrl":"https:\/\/www.heatsupply.nl\/wp-content\/uploads\/2022\/10\/heatsupply-logo-rood.jpg","width":1000,"height":335,"caption":"Heatsupply"},"image":{"@id":"https:\/\/www.heatsupply.nl\/de\/#\/schema\/logo\/image\/"},"sameAs":["https:\/\/www.facebook.com\/heatsupplyNL","https:\/\/www.instagram.com\/heatsuppy.nl","https:\/\/www.youtube.com\/channel\/UC5pOWqQtljvxTz2SMWGWCsw"]}]},"product_brand":"Maitre Delice","product_price_amount":"8.95","product_price_currency":"EUR","og_availability":"instock","product_availability":"instock","product_retailer_item_id":"MDBAGH003","product_condition":"new"},"_links":{"self":[{"href":"https:\/\/www.heatsupply.nl\/de\/wp-json\/wp\/v2\/product\/174877","targetHints":{"allow":["GET"]}}],"collection":[{"href":"https:\/\/www.heatsupply.nl\/de\/wp-json\/wp\/v2\/product"}],"about":[{"href":"https:\/\/www.heatsupply.nl\/de\/wp-json\/wp\/v2\/types\/product"}],"replies":[{"embeddable":true,"href":"https:\/\/www.heatsupply.nl\/de\/wp-json\/wp\/v2\/comments?post=174877"}],"wp:featuredmedia":[{"embeddable":true,"href":"https:\/\/www.heatsupply.nl\/de\/wp-json\/wp\/v2\/media\/174028"}],"wp:attachment":[{"href":"https:\/\/www.heatsupply.nl\/de\/wp-json\/wp\/v2\/media?parent=174877"}],"wp:term":[{"taxonomy":"product_brand","embeddable":true,"href":"https:\/\/www.heatsupply.nl\/de\/wp-json\/wp\/v2\/product_brand?post=174877"},{"taxonomy":"product_cat","embeddable":true,"href":"https:\/\/www.heatsupply.nl\/de\/wp-json\/wp\/v2\/product_cat?post=174877"},{"taxonomy":"product_tag","embeddable":true,"href":"https:\/\/www.heatsupply.nl\/de\/wp-json\/wp\/v2\/product_tag?post=174877"}],"curies":[{"name":"wp","href":"https:\/\/api.w.org\/{rel}","templated":true}]}}