{"id":174872,"date":"2025-04-17T10:30:54","date_gmt":"2025-04-17T08:30:54","guid":{"rendered":"https:\/\/www.heatsupply.nl\/product\/maitre-delice-kong-trio-de-piments-hot-sauce\/"},"modified":"2026-03-19T20:42:45","modified_gmt":"2026-03-19T19:42:45","slug":"maitre-delice-kong-trio-de-piments-hot-sauce","status":"publish","type":"product","link":"https:\/\/www.heatsupply.nl\/de\/produkt\/maitre-delice-kong-trio-de-piments-hot-sauce\/","title":{"rendered":"Maitre Delice Kong Trio de Piments Hot Sauce"},"content":{"rendered":"<p><strong>Zutaten Maitre Delice Kong Trio de Piments Hot Sauce<\/strong>: Habanero, Bird&#8217;s Eye Chili, Carolina Reaper, Zwiebel, Knoblauch, Wasser, Essig, Oliven\u00f6l, Salz, Xanthangummi.<\/p>\n<p><span style=\"text-decoration: underline;\">N\u00e4hrwerte pro 100g:<\/span><br \/>\nEnergie: 51,54 kcal<br \/>\nFett: 2,42 Gramm<br \/>\ndavon ges\u00e4ttigte Fetts\u00e4uren: 0,37 Gramm<br \/>\nKohlenhydrate: 6,48 Gramm<br \/>\ndavon Zucker: 2,22 Gramm<br \/>\nProtein: 1,87 Gramm<br \/>\nSalz: 0,27 Gramm<\/p>\n<p>Vor Gebrauch sch\u00fctteln und nach dem \u00d6ffnen gek\u00fchlt aufbewahren.<\/p>\n","protected":false},"excerpt":{"rendered":"<p style=\"text-align: justify;\">Maitre Delice Kong Trio de Piments Hot Sauce ist eine extrem scharfe Sauce aus franz\u00f6sischer Herstellung. Die ersten Zutaten sind gleich drei verschiedene Chilis: Habanero, Bird&#8217;s Eye &amp; Carolina Reaper. Das wirst du also definitiv sp\u00fcren, aber daneben kommt der fruchtige Geschmack der Chilis wunderbar durch. Zwiebel und Knoblauch sorgen f\u00fcr eine zus\u00e4tzliche Geschmacksebene, aber es bleibt einfach eine sehr vielseitige Hot Sauce, mit der du alles nicht nur deutlich sch\u00e4rfer, sondern auch leckerer machst!<\/p>\n<ul>\n<li style=\"text-align: justify;\">Herkunft: Frankreich<\/li>\n<li style=\"text-align: justify;\">Inhalt: 100 ml<\/li>\n<\/ul>\n","protected":false},"featured_media":174031,"comment_status":"open","ping_status":"closed","template":"","meta":{"_acf_changed":false},"product_brand":[],"product_cat":[3929,3913,4046],"product_tag":[],"class_list":{"0":"post-174872","1":"product","2":"type-product","3":"status-publish","4":"has-post-thumbnail","6":"product_cat-carolina-reaper","7":"product_cat-habanero","8":"product_cat-spicy","10":"first","11":"instock","12":"taxable","13":"shipping-taxable","14":"purchasable","15":"product-type-simple"},"bundled_by":[],"bundle_stock_status":"instock","bundle_stock_quantity":10,"bundle_virtual":false,"bundle_layout":"","bundle_add_to_cart_form_location":"","bundle_editable_in_cart":false,"bundle_sold_individually_context":"","bundle_item_grouping":"","bundle_min_size":"","bundle_max_size":"","bundle_price":[],"bundled_items":[],"bundle_sell_ids":[],"acf":[],"yoast_head":"<!-- This site is optimized with the Yoast SEO Premium plugin v27.4 (Yoast SEO v27.4) - https:\/\/yoast.com\/product\/yoast-seo-premium-wordpress\/ -->\n<title>Maitre Delice Kong Trio de Piments Hot Sauce - Heatsupply<\/title>\n<meta name=\"description\" content=\"Maitre Delice Kong Trio de Piments Hot Sauce ist eine extrem scharfe Sauce mit nicht weniger als 3 Paprikaschoten als erste Zutaten: Habanero, Bird&#039;s Eye &amp; Reaper!\" \/>\n<meta name=\"robots\" content=\"index, follow, max-snippet:-1, max-image-preview:large, max-video-preview:-1\" \/>\n<link rel=\"canonical\" href=\"https:\/\/www.heatsupply.nl\/de\/produkt\/maitre-delice-kong-trio-de-piments-hot-sauce\/\" \/>\n<meta property=\"og:locale\" content=\"de_DE\" \/>\n<meta property=\"og:type\" content=\"article\" \/>\n<meta property=\"og:title\" content=\"Maitre Delice Kong Trio de Piments Hot Sauce\" \/>\n<meta property=\"og:description\" content=\"Maitre Delice Kong Trio de Piments Hot Sauce ist eine extrem scharfe Sauce mit nicht weniger als 3 Paprikaschoten als erste Zutaten: Habanero, Bird&#039;s Eye &amp; Reaper!\" \/>\n<meta property=\"og:url\" content=\"https:\/\/www.heatsupply.nl\/de\/produkt\/maitre-delice-kong-trio-de-piments-hot-sauce\/\" \/>\n<meta property=\"og:site_name\" content=\"Heatsupply\" \/>\n<meta property=\"article:publisher\" content=\"https:\/\/www.facebook.com\/heatsupplyNL\" \/>\n<meta property=\"article:modified_time\" content=\"2026-03-19T19:42:45+00:00\" \/>\n<meta property=\"og:image\" content=\"https:\/\/www.heatsupply.nl\/wp-content\/uploads\/2025\/04\/maitre-delice-kong-xtreme-hot-sauce.jpg\" \/>\n\t<meta property=\"og:image:width\" content=\"1400\" \/>\n\t<meta property=\"og:image:height\" content=\"1400\" \/>\n\t<meta property=\"og:image:type\" content=\"image\/jpeg\" \/>\n<meta name=\"twitter:card\" content=\"summary_large_image\" \/>\n<meta name=\"twitter:label1\" content=\"Preis\" \/>\n\t<meta name=\"twitter:data1\" content=\"&euro;10,95\" \/>\n\t<meta name=\"twitter:label2\" content=\"Verf\u00fcgbarkeit\" \/>\n\t<meta name=\"twitter:data2\" content=\"Auf Lager\" \/>\n<script type=\"application\/ld+json\" class=\"yoast-schema-graph\">{\"@context\":\"https:\\\/\\\/schema.org\",\"@graph\":[{\"@type\":\"WebPage\",\"@id\":\"https:\\\/\\\/www.heatsupply.nl\\\/de\\\/produkt\\\/maitre-delice-kong-trio-de-piments-hot-sauce\\\/\",\"url\":\"https:\\\/\\\/www.heatsupply.nl\\\/de\\\/produkt\\\/maitre-delice-kong-trio-de-piments-hot-sauce\\\/\",\"name\":\"Maitre Delice Kong Trio de Piments Hot Sauce - Heatsupply\",\"isPartOf\":{\"@id\":\"https:\\\/\\\/www.heatsupply.nl\\\/de\\\/#website\"},\"primaryImageOfPage\":{\"@id\":\"https:\\\/\\\/www.heatsupply.nl\\\/de\\\/produkt\\\/maitre-delice-kong-trio-de-piments-hot-sauce\\\/#primaryimage\"},\"image\":{\"@id\":\"https:\\\/\\\/www.heatsupply.nl\\\/de\\\/produkt\\\/maitre-delice-kong-trio-de-piments-hot-sauce\\\/#primaryimage\"},\"thumbnailUrl\":\"https:\\\/\\\/www.heatsupply.nl\\\/wp-content\\\/uploads\\\/2025\\\/04\\\/maitre-delice-kong-xtreme-hot-sauce.jpg\",\"datePublished\":\"2025-04-17T08:30:54+00:00\",\"dateModified\":\"2026-03-19T19:42:45+00:00\",\"description\":\"Maitre Delice Kong Trio de Piments Hot Sauce ist eine extrem scharfe Sauce mit nicht weniger als 3 Paprikaschoten als erste Zutaten: Habanero, Bird's Eye & Reaper!\",\"breadcrumb\":{\"@id\":\"https:\\\/\\\/www.heatsupply.nl\\\/de\\\/produkt\\\/maitre-delice-kong-trio-de-piments-hot-sauce\\\/#breadcrumb\"},\"inLanguage\":\"de\",\"potentialAction\":[{\"@type\":\"ReadAction\",\"target\":[\"https:\\\/\\\/www.heatsupply.nl\\\/de\\\/produkt\\\/maitre-delice-kong-trio-de-piments-hot-sauce\\\/\"]}]},{\"@type\":\"ImageObject\",\"inLanguage\":\"de\",\"@id\":\"https:\\\/\\\/www.heatsupply.nl\\\/de\\\/produkt\\\/maitre-delice-kong-trio-de-piments-hot-sauce\\\/#primaryimage\",\"url\":\"https:\\\/\\\/www.heatsupply.nl\\\/wp-content\\\/uploads\\\/2025\\\/04\\\/maitre-delice-kong-xtreme-hot-sauce.jpg\",\"contentUrl\":\"https:\\\/\\\/www.heatsupply.nl\\\/wp-content\\\/uploads\\\/2025\\\/04\\\/maitre-delice-kong-xtreme-hot-sauce.jpg\",\"width\":1400,\"height\":1400,\"caption\":\"Maitre Delice Kong Trio of Chilis hot sauce\"},{\"@type\":\"BreadcrumbList\",\"@id\":\"https:\\\/\\\/www.heatsupply.nl\\\/de\\\/produkt\\\/maitre-delice-kong-trio-de-piments-hot-sauce\\\/#breadcrumb\",\"itemListElement\":[{\"@type\":\"ListItem\",\"position\":1,\"name\":\"Home\",\"item\":\"https:\\\/\\\/www.heatsupply.nl\\\/de\\\/\"},{\"@type\":\"ListItem\",\"position\":2,\"name\":\"Alle produkten\",\"item\":\"https:\\\/\\\/www.heatsupply.nl\\\/de\\\/alle-produkten\\\/\"},{\"@type\":\"ListItem\",\"position\":3,\"name\":\"Scharfe So\u00dfen\",\"item\":\"https:\\\/\\\/www.heatsupply.nl\\\/de\\\/scharfe-sossen\\\/\"},{\"@type\":\"ListItem\",\"position\":4,\"name\":\"Carolina Reaper\",\"item\":\"https:\\\/\\\/www.heatsupply.nl\\\/de\\\/scharfe-sossen\\\/carolina-reaper\\\/\"},{\"@type\":\"ListItem\",\"position\":5,\"name\":\"Maitre Delice Kong Trio de Piments Hot Sauce\"}]},{\"@type\":\"WebSite\",\"@id\":\"https:\\\/\\\/www.heatsupply.nl\\\/de\\\/#website\",\"url\":\"https:\\\/\\\/www.heatsupply.nl\\\/de\\\/\",\"name\":\"Heatsupply\",\"description\":\"Hot sauce webstore #1 in Europe\",\"publisher\":{\"@id\":\"https:\\\/\\\/www.heatsupply.nl\\\/de\\\/#organization\"},\"potentialAction\":[{\"@type\":\"SearchAction\",\"target\":{\"@type\":\"EntryPoint\",\"urlTemplate\":\"https:\\\/\\\/www.heatsupply.nl\\\/de\\\/?s={search_term_string}\"},\"query-input\":{\"@type\":\"PropertyValueSpecification\",\"valueRequired\":true,\"valueName\":\"search_term_string\"}}],\"inLanguage\":\"de\"},{\"@type\":\"Organization\",\"@id\":\"https:\\\/\\\/www.heatsupply.nl\\\/de\\\/#organization\",\"name\":\"Heatsupply\",\"url\":\"https:\\\/\\\/www.heatsupply.nl\\\/de\\\/\",\"logo\":{\"@type\":\"ImageObject\",\"inLanguage\":\"de\",\"@id\":\"https:\\\/\\\/www.heatsupply.nl\\\/de\\\/#\\\/schema\\\/logo\\\/image\\\/\",\"url\":\"https:\\\/\\\/www.heatsupply.nl\\\/wp-content\\\/uploads\\\/2022\\\/10\\\/heatsupply-logo-rood.jpg\",\"contentUrl\":\"https:\\\/\\\/www.heatsupply.nl\\\/wp-content\\\/uploads\\\/2022\\\/10\\\/heatsupply-logo-rood.jpg\",\"width\":1000,\"height\":335,\"caption\":\"Heatsupply\"},\"image\":{\"@id\":\"https:\\\/\\\/www.heatsupply.nl\\\/de\\\/#\\\/schema\\\/logo\\\/image\\\/\"},\"sameAs\":[\"https:\\\/\\\/www.facebook.com\\\/heatsupplyNL\",\"https:\\\/\\\/www.instagram.com\\\/heatsuppy.nl\",\"https:\\\/\\\/www.youtube.com\\\/channel\\\/UC5pOWqQtljvxTz2SMWGWCsw\"]}]}<\/script>\n<meta property=\"product:brand\" content=\"Maitre Delice\" \/>\n<meta property=\"product:price:amount\" content=\"10.95\" \/>\n<meta property=\"product:price:currency\" content=\"EUR\" \/>\n<meta property=\"og:availability\" content=\"instock\" \/>\n<meta property=\"product:availability\" content=\"instock\" \/>\n<meta property=\"product:retailer_item_id\" content=\"MDKONG003\" \/>\n<meta property=\"product:condition\" content=\"new\" \/>\n<!-- \/ Yoast SEO Premium plugin. -->","yoast_head_json":{"title":"Maitre Delice Kong Trio de Piments Hot Sauce - Heatsupply","description":"Maitre Delice Kong Trio de Piments Hot Sauce ist eine extrem scharfe Sauce mit nicht weniger als 3 Paprikaschoten als erste Zutaten: Habanero, Bird's Eye & Reaper!","robots":{"index":"index","follow":"follow","max-snippet":"max-snippet:-1","max-image-preview":"max-image-preview:large","max-video-preview":"max-video-preview:-1"},"canonical":"https:\/\/www.heatsupply.nl\/de\/produkt\/maitre-delice-kong-trio-de-piments-hot-sauce\/","og_locale":"de_DE","og_type":"article","og_title":"Maitre Delice Kong Trio de Piments Hot Sauce","og_description":"Maitre Delice Kong Trio de Piments Hot Sauce ist eine extrem scharfe Sauce mit nicht weniger als 3 Paprikaschoten als erste Zutaten: Habanero, Bird's Eye & Reaper!","og_url":"https:\/\/www.heatsupply.nl\/de\/produkt\/maitre-delice-kong-trio-de-piments-hot-sauce\/","og_site_name":"Heatsupply","article_publisher":"https:\/\/www.facebook.com\/heatsupplyNL","article_modified_time":"2026-03-19T19:42:45+00:00","og_image":[{"width":1400,"height":1400,"url":"https:\/\/www.heatsupply.nl\/wp-content\/uploads\/2025\/04\/maitre-delice-kong-xtreme-hot-sauce.jpg","type":"image\/jpeg"}],"twitter_card":"summary_large_image","twitter_misc":{"Preis":"&euro;10,95","Verf\u00fcgbarkeit":"Auf Lager"},"schema":{"@context":"https:\/\/schema.org","@graph":[{"@type":"WebPage","@id":"https:\/\/www.heatsupply.nl\/de\/produkt\/maitre-delice-kong-trio-de-piments-hot-sauce\/","url":"https:\/\/www.heatsupply.nl\/de\/produkt\/maitre-delice-kong-trio-de-piments-hot-sauce\/","name":"Maitre Delice Kong Trio de Piments Hot Sauce - Heatsupply","isPartOf":{"@id":"https:\/\/www.heatsupply.nl\/de\/#website"},"primaryImageOfPage":{"@id":"https:\/\/www.heatsupply.nl\/de\/produkt\/maitre-delice-kong-trio-de-piments-hot-sauce\/#primaryimage"},"image":{"@id":"https:\/\/www.heatsupply.nl\/de\/produkt\/maitre-delice-kong-trio-de-piments-hot-sauce\/#primaryimage"},"thumbnailUrl":"https:\/\/www.heatsupply.nl\/wp-content\/uploads\/2025\/04\/maitre-delice-kong-xtreme-hot-sauce.jpg","datePublished":"2025-04-17T08:30:54+00:00","dateModified":"2026-03-19T19:42:45+00:00","description":"Maitre Delice Kong Trio de Piments Hot Sauce ist eine extrem scharfe Sauce mit nicht weniger als 3 Paprikaschoten als erste Zutaten: Habanero, Bird's Eye & Reaper!","breadcrumb":{"@id":"https:\/\/www.heatsupply.nl\/de\/produkt\/maitre-delice-kong-trio-de-piments-hot-sauce\/#breadcrumb"},"inLanguage":"de","potentialAction":[{"@type":"ReadAction","target":["https:\/\/www.heatsupply.nl\/de\/produkt\/maitre-delice-kong-trio-de-piments-hot-sauce\/"]}]},{"@type":"ImageObject","inLanguage":"de","@id":"https:\/\/www.heatsupply.nl\/de\/produkt\/maitre-delice-kong-trio-de-piments-hot-sauce\/#primaryimage","url":"https:\/\/www.heatsupply.nl\/wp-content\/uploads\/2025\/04\/maitre-delice-kong-xtreme-hot-sauce.jpg","contentUrl":"https:\/\/www.heatsupply.nl\/wp-content\/uploads\/2025\/04\/maitre-delice-kong-xtreme-hot-sauce.jpg","width":1400,"height":1400,"caption":"Maitre Delice Kong Trio of Chilis hot sauce"},{"@type":"BreadcrumbList","@id":"https:\/\/www.heatsupply.nl\/de\/produkt\/maitre-delice-kong-trio-de-piments-hot-sauce\/#breadcrumb","itemListElement":[{"@type":"ListItem","position":1,"name":"Home","item":"https:\/\/www.heatsupply.nl\/de\/"},{"@type":"ListItem","position":2,"name":"Alle produkten","item":"https:\/\/www.heatsupply.nl\/de\/alle-produkten\/"},{"@type":"ListItem","position":3,"name":"Scharfe So\u00dfen","item":"https:\/\/www.heatsupply.nl\/de\/scharfe-sossen\/"},{"@type":"ListItem","position":4,"name":"Carolina Reaper","item":"https:\/\/www.heatsupply.nl\/de\/scharfe-sossen\/carolina-reaper\/"},{"@type":"ListItem","position":5,"name":"Maitre Delice Kong Trio de Piments Hot Sauce"}]},{"@type":"WebSite","@id":"https:\/\/www.heatsupply.nl\/de\/#website","url":"https:\/\/www.heatsupply.nl\/de\/","name":"Heatsupply","description":"Hot sauce webstore #1 in Europe","publisher":{"@id":"https:\/\/www.heatsupply.nl\/de\/#organization"},"potentialAction":[{"@type":"SearchAction","target":{"@type":"EntryPoint","urlTemplate":"https:\/\/www.heatsupply.nl\/de\/?s={search_term_string}"},"query-input":{"@type":"PropertyValueSpecification","valueRequired":true,"valueName":"search_term_string"}}],"inLanguage":"de"},{"@type":"Organization","@id":"https:\/\/www.heatsupply.nl\/de\/#organization","name":"Heatsupply","url":"https:\/\/www.heatsupply.nl\/de\/","logo":{"@type":"ImageObject","inLanguage":"de","@id":"https:\/\/www.heatsupply.nl\/de\/#\/schema\/logo\/image\/","url":"https:\/\/www.heatsupply.nl\/wp-content\/uploads\/2022\/10\/heatsupply-logo-rood.jpg","contentUrl":"https:\/\/www.heatsupply.nl\/wp-content\/uploads\/2022\/10\/heatsupply-logo-rood.jpg","width":1000,"height":335,"caption":"Heatsupply"},"image":{"@id":"https:\/\/www.heatsupply.nl\/de\/#\/schema\/logo\/image\/"},"sameAs":["https:\/\/www.facebook.com\/heatsupplyNL","https:\/\/www.instagram.com\/heatsuppy.nl","https:\/\/www.youtube.com\/channel\/UC5pOWqQtljvxTz2SMWGWCsw"]}]},"product_brand":"Maitre Delice","product_price_amount":"10.95","product_price_currency":"EUR","og_availability":"instock","product_availability":"instock","product_retailer_item_id":"MDKONG003","product_condition":"new"},"_links":{"self":[{"href":"https:\/\/www.heatsupply.nl\/de\/wp-json\/wp\/v2\/product\/174872","targetHints":{"allow":["GET"]}}],"collection":[{"href":"https:\/\/www.heatsupply.nl\/de\/wp-json\/wp\/v2\/product"}],"about":[{"href":"https:\/\/www.heatsupply.nl\/de\/wp-json\/wp\/v2\/types\/product"}],"replies":[{"embeddable":true,"href":"https:\/\/www.heatsupply.nl\/de\/wp-json\/wp\/v2\/comments?post=174872"}],"wp:featuredmedia":[{"embeddable":true,"href":"https:\/\/www.heatsupply.nl\/de\/wp-json\/wp\/v2\/media\/174031"}],"wp:attachment":[{"href":"https:\/\/www.heatsupply.nl\/de\/wp-json\/wp\/v2\/media?parent=174872"}],"wp:term":[{"taxonomy":"product_brand","embeddable":true,"href":"https:\/\/www.heatsupply.nl\/de\/wp-json\/wp\/v2\/product_brand?post=174872"},{"taxonomy":"product_cat","embeddable":true,"href":"https:\/\/www.heatsupply.nl\/de\/wp-json\/wp\/v2\/product_cat?post=174872"},{"taxonomy":"product_tag","embeddable":true,"href":"https:\/\/www.heatsupply.nl\/de\/wp-json\/wp\/v2\/product_tag?post=174872"}],"curies":[{"name":"wp","href":"https:\/\/api.w.org\/{rel}","templated":true}]}}