{"id":174423,"date":"2025-04-10T12:18:21","date_gmt":"2025-04-10T10:18:21","guid":{"rendered":"https:\/\/www.heatsupply.nl\/product\/don-cabron-salsa-macha-de-dos-chiles\/"},"modified":"2026-04-21T14:45:12","modified_gmt":"2026-04-21T12:45:12","slug":"don-cabron-salsa-macha-de-dos-chiles","status":"publish","type":"product","link":"https:\/\/www.heatsupply.nl\/de\/produkt\/don-cabron-salsa-macha-de-dos-chiles\/","title":{"rendered":"Don Cabron Salsa Macha de dos Chiles"},"content":{"rendered":"<p><strong>Zutaten Don Cabron Salsa Macha de dos Chiles<\/strong>: Getrocknete Chilischoten, Sonnenblumen\u00f6l, <strong>Erdn\u00fcsse<\/strong>, K\u00fcrbiskerne, <strong>Sesamsamen<\/strong>, Knoblauch, Salz.<\/p>\n<p><span style=\"text-decoration: underline;\">N\u00e4hrwerte pro 100g:<\/span><br \/>\nEnergie: 3359 kJ\/814 kcal<br \/>\nFett: 80 Gramm<br \/>\ndavon ges\u00e4ttigte Fetts\u00e4uren: 9,7<br \/>\nKohlenhydrate: 16 Gramm<br \/>\ndavon Zucker: 5 Gramm<br \/>\nProtein: 12,2 Gramm<br \/>\nSalz: 0,9<\/p>\n<p>Vor Gebrauch umr\u00fchren und nach dem \u00d6ffnen bei Raumtemperatur lagern.<\/p>\n","protected":false},"excerpt":{"rendered":"<p>Diese Don Cabron Salsa Macha de dos Chiles ist eine k\u00f6stliche traditionelle mexikanische Salsa Macha! Dieses Chili\u00f6l stammt aus vorspanischer Zeit und wurde von den Olmeken und Totonaken in der Region Veracruz in Mexiko verwendet. Die Ureinwohner verwendeten getrocknete, in Palm\u00f6l getr\u00e4nkte Chilischoten. Dank \u201eLa Conquista Espa\u00f1ola\u201c wurden Sesamsamen und Erdn\u00fcsse hinzugef\u00fcgt. Dadurch wird nicht nur die Textur besonders knusprig, sondern auch der Geschmack deutlich besser.<\/p>\n<p>Der Name \u201eMacha\u201c bezieht sich auf Menschen, die mutig genug waren, starke Dosen scharfer Speisen zu sich zu nehmen und zu tolerieren. Das ist \u00fcbrigens nicht so scharf, also vertr\u00e4gt man das auch! Super lecker zu Ihren mexikanischen Lieblingsgerichten, aber auch in Nudel- und Reisgerichten, mit K\u00e4se und vielem mehr.<\/p>\n<ul>\n<li>Herkunft: Amsterdam, Niederlande<\/li>\n<li>Inhalt: 150ml<\/li>\n<\/ul>\n","protected":false},"featured_media":209841,"comment_status":"open","ping_status":"closed","template":"","meta":{"_acf_changed":false},"product_brand":[],"product_cat":[4043,4122,4065,4046],"product_tag":[],"class_list":{"0":"post-174423","1":"product","2":"type-product","3":"status-publish","4":"has-post-thumbnail","6":"product_cat-aromen","7":"product_cat-koenigstag-deals-2026","8":"product_cat-salsa","9":"product_cat-spicy","11":"first","12":"instock","13":"sale","14":"taxable","15":"shipping-taxable","16":"purchasable","17":"product-type-simple"},"bundled_by":[],"bundle_stock_status":"instock","bundle_stock_quantity":21,"bundle_virtual":false,"bundle_layout":"","bundle_add_to_cart_form_location":"","bundle_editable_in_cart":false,"bundle_sold_individually_context":"","bundle_item_grouping":"","bundle_min_size":"","bundle_max_size":"","bundle_price":[],"bundled_items":[],"bundle_sell_ids":[],"acf":[],"yoast_head":"<!-- This site is optimized with the Yoast SEO Premium plugin v27.4 (Yoast SEO v27.4) - https:\/\/yoast.com\/product\/yoast-seo-premium-wordpress\/ -->\n<title>Don Cabron Salsa Macha de dos Chiles - Heatsupply<\/title>\n<meta name=\"description\" content=\"Don Cabron Salsa Macha de dos Chiles wird aus mexikanischen Chilischoten hergestellt, die mit nat\u00fcrlich ger\u00f6steten Erdn\u00fcssen, Sesamsamen und K\u00fcrbiskernen gemischt werden.\" \/>\n<meta name=\"robots\" content=\"index, follow, max-snippet:-1, max-image-preview:large, max-video-preview:-1\" \/>\n<link rel=\"canonical\" href=\"https:\/\/www.heatsupply.nl\/de\/produkt\/don-cabron-salsa-macha-de-dos-chiles\/\" \/>\n<meta property=\"og:locale\" content=\"de_DE\" \/>\n<meta property=\"og:type\" content=\"article\" \/>\n<meta property=\"og:title\" content=\"Don Cabron Salsa Macha de dos Chiles\" \/>\n<meta property=\"og:description\" content=\"Don Cabron Salsa Macha de dos Chiles wird aus mexikanischen Chilischoten hergestellt, die mit nat\u00fcrlich ger\u00f6steten Erdn\u00fcssen, Sesamsamen und K\u00fcrbiskernen gemischt werden.\" \/>\n<meta property=\"og:url\" content=\"https:\/\/www.heatsupply.nl\/de\/produkt\/don-cabron-salsa-macha-de-dos-chiles\/\" \/>\n<meta property=\"og:site_name\" content=\"Heatsupply\" \/>\n<meta property=\"article:publisher\" content=\"https:\/\/www.facebook.com\/heatsupplyNL\" \/>\n<meta property=\"article:modified_time\" content=\"2026-04-21T12:45:12+00:00\" \/>\n<meta property=\"og:image\" content=\"https:\/\/www.heatsupply.nl\/wp-content\/uploads\/2025\/04\/don-cabron-salsa-macha.jpg\" \/>\n\t<meta property=\"og:image:width\" content=\"1400\" \/>\n\t<meta property=\"og:image:height\" content=\"1400\" \/>\n\t<meta property=\"og:image:type\" content=\"image\/jpeg\" \/>\n<meta name=\"twitter:card\" content=\"summary_large_image\" \/>\n<meta name=\"twitter:label1\" content=\"Preis\" \/>\n\t<meta name=\"twitter:data1\" content=\"&euro;7,16\" \/>\n\t<meta name=\"twitter:label2\" content=\"Verf\u00fcgbarkeit\" \/>\n\t<meta name=\"twitter:data2\" content=\"Auf Lager\" \/>\n<script type=\"application\/ld+json\" class=\"yoast-schema-graph\">{\"@context\":\"https:\\\/\\\/schema.org\",\"@graph\":[{\"@type\":\"WebPage\",\"@id\":\"https:\\\/\\\/www.heatsupply.nl\\\/de\\\/produkt\\\/don-cabron-salsa-macha-de-dos-chiles\\\/\",\"url\":\"https:\\\/\\\/www.heatsupply.nl\\\/de\\\/produkt\\\/don-cabron-salsa-macha-de-dos-chiles\\\/\",\"name\":\"Don Cabron Salsa Macha de dos Chiles - Heatsupply\",\"isPartOf\":{\"@id\":\"https:\\\/\\\/www.heatsupply.nl\\\/de\\\/#website\"},\"primaryImageOfPage\":{\"@id\":\"https:\\\/\\\/www.heatsupply.nl\\\/de\\\/produkt\\\/don-cabron-salsa-macha-de-dos-chiles\\\/#primaryimage\"},\"image\":{\"@id\":\"https:\\\/\\\/www.heatsupply.nl\\\/de\\\/produkt\\\/don-cabron-salsa-macha-de-dos-chiles\\\/#primaryimage\"},\"thumbnailUrl\":\"https:\\\/\\\/www.heatsupply.nl\\\/wp-content\\\/uploads\\\/2025\\\/04\\\/don-cabron-salsa-macha-crispy-chilli-oil.jpg\",\"datePublished\":\"2025-04-10T10:18:21+00:00\",\"dateModified\":\"2026-04-21T12:45:12+00:00\",\"description\":\"Don Cabron Salsa Macha de dos Chiles wird aus mexikanischen Chilischoten hergestellt, die mit nat\u00fcrlich ger\u00f6steten Erdn\u00fcssen, Sesamsamen und K\u00fcrbiskernen gemischt werden.\",\"breadcrumb\":{\"@id\":\"https:\\\/\\\/www.heatsupply.nl\\\/de\\\/produkt\\\/don-cabron-salsa-macha-de-dos-chiles\\\/#breadcrumb\"},\"inLanguage\":\"de\",\"potentialAction\":[{\"@type\":\"ReadAction\",\"target\":[\"https:\\\/\\\/www.heatsupply.nl\\\/de\\\/produkt\\\/don-cabron-salsa-macha-de-dos-chiles\\\/\"]}]},{\"@type\":\"ImageObject\",\"inLanguage\":\"de\",\"@id\":\"https:\\\/\\\/www.heatsupply.nl\\\/de\\\/produkt\\\/don-cabron-salsa-macha-de-dos-chiles\\\/#primaryimage\",\"url\":\"https:\\\/\\\/www.heatsupply.nl\\\/wp-content\\\/uploads\\\/2025\\\/04\\\/don-cabron-salsa-macha-crispy-chilli-oil.jpg\",\"contentUrl\":\"https:\\\/\\\/www.heatsupply.nl\\\/wp-content\\\/uploads\\\/2025\\\/04\\\/don-cabron-salsa-macha-crispy-chilli-oil.jpg\",\"width\":1400,\"height\":1400},{\"@type\":\"BreadcrumbList\",\"@id\":\"https:\\\/\\\/www.heatsupply.nl\\\/de\\\/produkt\\\/don-cabron-salsa-macha-de-dos-chiles\\\/#breadcrumb\",\"itemListElement\":[{\"@type\":\"ListItem\",\"position\":1,\"name\":\"Home\",\"item\":\"https:\\\/\\\/www.heatsupply.nl\\\/de\\\/\"},{\"@type\":\"ListItem\",\"position\":2,\"name\":\"Alle produkten\",\"item\":\"https:\\\/\\\/www.heatsupply.nl\\\/de\\\/alle-produkten\\\/\"},{\"@type\":\"ListItem\",\"position\":3,\"name\":\"Spicy\",\"item\":\"https:\\\/\\\/www.heatsupply.nl\\\/de\\\/spicy\\\/\"},{\"@type\":\"ListItem\",\"position\":4,\"name\":\"Aromen\",\"item\":\"https:\\\/\\\/www.heatsupply.nl\\\/de\\\/spicy\\\/aromen\\\/\"},{\"@type\":\"ListItem\",\"position\":5,\"name\":\"Salsa\",\"item\":\"https:\\\/\\\/www.heatsupply.nl\\\/de\\\/spicy\\\/aromen\\\/salsa\\\/\"},{\"@type\":\"ListItem\",\"position\":6,\"name\":\"Don Cabron Salsa Macha de dos Chiles\"}]},{\"@type\":\"WebSite\",\"@id\":\"https:\\\/\\\/www.heatsupply.nl\\\/de\\\/#website\",\"url\":\"https:\\\/\\\/www.heatsupply.nl\\\/de\\\/\",\"name\":\"Heatsupply\",\"description\":\"Hot sauce webstore #1 in Europe\",\"publisher\":{\"@id\":\"https:\\\/\\\/www.heatsupply.nl\\\/de\\\/#organization\"},\"potentialAction\":[{\"@type\":\"SearchAction\",\"target\":{\"@type\":\"EntryPoint\",\"urlTemplate\":\"https:\\\/\\\/www.heatsupply.nl\\\/de\\\/?s={search_term_string}\"},\"query-input\":{\"@type\":\"PropertyValueSpecification\",\"valueRequired\":true,\"valueName\":\"search_term_string\"}}],\"inLanguage\":\"de\"},{\"@type\":\"Organization\",\"@id\":\"https:\\\/\\\/www.heatsupply.nl\\\/de\\\/#organization\",\"name\":\"Heatsupply\",\"url\":\"https:\\\/\\\/www.heatsupply.nl\\\/de\\\/\",\"logo\":{\"@type\":\"ImageObject\",\"inLanguage\":\"de\",\"@id\":\"https:\\\/\\\/www.heatsupply.nl\\\/de\\\/#\\\/schema\\\/logo\\\/image\\\/\",\"url\":\"https:\\\/\\\/www.heatsupply.nl\\\/wp-content\\\/uploads\\\/2022\\\/10\\\/heatsupply-logo-rood.jpg\",\"contentUrl\":\"https:\\\/\\\/www.heatsupply.nl\\\/wp-content\\\/uploads\\\/2022\\\/10\\\/heatsupply-logo-rood.jpg\",\"width\":1000,\"height\":335,\"caption\":\"Heatsupply\"},\"image\":{\"@id\":\"https:\\\/\\\/www.heatsupply.nl\\\/de\\\/#\\\/schema\\\/logo\\\/image\\\/\"},\"sameAs\":[\"https:\\\/\\\/www.facebook.com\\\/heatsupplyNL\",\"https:\\\/\\\/www.instagram.com\\\/heatsuppy.nl\",\"https:\\\/\\\/www.youtube.com\\\/channel\\\/UC5pOWqQtljvxTz2SMWGWCsw\"]}]}<\/script>\n<meta property=\"product:price:amount\" content=\"7.16\" \/>\n<meta property=\"product:price:currency\" content=\"EUR\" \/>\n<meta property=\"og:availability\" content=\"instock\" \/>\n<meta property=\"product:availability\" content=\"instock\" \/>\n<meta property=\"product:retailer_item_id\" content=\"DONCSMDC002\" \/>\n<meta property=\"product:condition\" content=\"new\" \/>\n<!-- \/ Yoast SEO Premium plugin. -->","yoast_head_json":{"title":"Don Cabron Salsa Macha de dos Chiles - Heatsupply","description":"Don Cabron Salsa Macha de dos Chiles wird aus mexikanischen Chilischoten hergestellt, die mit nat\u00fcrlich ger\u00f6steten Erdn\u00fcssen, Sesamsamen und K\u00fcrbiskernen gemischt werden.","robots":{"index":"index","follow":"follow","max-snippet":"max-snippet:-1","max-image-preview":"max-image-preview:large","max-video-preview":"max-video-preview:-1"},"canonical":"https:\/\/www.heatsupply.nl\/de\/produkt\/don-cabron-salsa-macha-de-dos-chiles\/","og_locale":"de_DE","og_type":"article","og_title":"Don Cabron Salsa Macha de dos Chiles","og_description":"Don Cabron Salsa Macha de dos Chiles wird aus mexikanischen Chilischoten hergestellt, die mit nat\u00fcrlich ger\u00f6steten Erdn\u00fcssen, Sesamsamen und K\u00fcrbiskernen gemischt werden.","og_url":"https:\/\/www.heatsupply.nl\/de\/produkt\/don-cabron-salsa-macha-de-dos-chiles\/","og_site_name":"Heatsupply","article_publisher":"https:\/\/www.facebook.com\/heatsupplyNL","article_modified_time":"2026-04-21T12:45:12+00:00","og_image":[{"width":1400,"height":1400,"url":"https:\/\/www.heatsupply.nl\/wp-content\/uploads\/2025\/04\/don-cabron-salsa-macha.jpg","type":"image\/jpeg"}],"twitter_card":"summary_large_image","twitter_misc":{"Preis":"&euro;7,16","Verf\u00fcgbarkeit":"Auf Lager"},"schema":{"@context":"https:\/\/schema.org","@graph":[{"@type":"WebPage","@id":"https:\/\/www.heatsupply.nl\/de\/produkt\/don-cabron-salsa-macha-de-dos-chiles\/","url":"https:\/\/www.heatsupply.nl\/de\/produkt\/don-cabron-salsa-macha-de-dos-chiles\/","name":"Don Cabron Salsa Macha de dos Chiles - Heatsupply","isPartOf":{"@id":"https:\/\/www.heatsupply.nl\/de\/#website"},"primaryImageOfPage":{"@id":"https:\/\/www.heatsupply.nl\/de\/produkt\/don-cabron-salsa-macha-de-dos-chiles\/#primaryimage"},"image":{"@id":"https:\/\/www.heatsupply.nl\/de\/produkt\/don-cabron-salsa-macha-de-dos-chiles\/#primaryimage"},"thumbnailUrl":"https:\/\/www.heatsupply.nl\/wp-content\/uploads\/2025\/04\/don-cabron-salsa-macha-crispy-chilli-oil.jpg","datePublished":"2025-04-10T10:18:21+00:00","dateModified":"2026-04-21T12:45:12+00:00","description":"Don Cabron Salsa Macha de dos Chiles wird aus mexikanischen Chilischoten hergestellt, die mit nat\u00fcrlich ger\u00f6steten Erdn\u00fcssen, Sesamsamen und K\u00fcrbiskernen gemischt werden.","breadcrumb":{"@id":"https:\/\/www.heatsupply.nl\/de\/produkt\/don-cabron-salsa-macha-de-dos-chiles\/#breadcrumb"},"inLanguage":"de","potentialAction":[{"@type":"ReadAction","target":["https:\/\/www.heatsupply.nl\/de\/produkt\/don-cabron-salsa-macha-de-dos-chiles\/"]}]},{"@type":"ImageObject","inLanguage":"de","@id":"https:\/\/www.heatsupply.nl\/de\/produkt\/don-cabron-salsa-macha-de-dos-chiles\/#primaryimage","url":"https:\/\/www.heatsupply.nl\/wp-content\/uploads\/2025\/04\/don-cabron-salsa-macha-crispy-chilli-oil.jpg","contentUrl":"https:\/\/www.heatsupply.nl\/wp-content\/uploads\/2025\/04\/don-cabron-salsa-macha-crispy-chilli-oil.jpg","width":1400,"height":1400},{"@type":"BreadcrumbList","@id":"https:\/\/www.heatsupply.nl\/de\/produkt\/don-cabron-salsa-macha-de-dos-chiles\/#breadcrumb","itemListElement":[{"@type":"ListItem","position":1,"name":"Home","item":"https:\/\/www.heatsupply.nl\/de\/"},{"@type":"ListItem","position":2,"name":"Alle produkten","item":"https:\/\/www.heatsupply.nl\/de\/alle-produkten\/"},{"@type":"ListItem","position":3,"name":"Spicy","item":"https:\/\/www.heatsupply.nl\/de\/spicy\/"},{"@type":"ListItem","position":4,"name":"Aromen","item":"https:\/\/www.heatsupply.nl\/de\/spicy\/aromen\/"},{"@type":"ListItem","position":5,"name":"Salsa","item":"https:\/\/www.heatsupply.nl\/de\/spicy\/aromen\/salsa\/"},{"@type":"ListItem","position":6,"name":"Don Cabron Salsa Macha de dos Chiles"}]},{"@type":"WebSite","@id":"https:\/\/www.heatsupply.nl\/de\/#website","url":"https:\/\/www.heatsupply.nl\/de\/","name":"Heatsupply","description":"Hot sauce webstore #1 in Europe","publisher":{"@id":"https:\/\/www.heatsupply.nl\/de\/#organization"},"potentialAction":[{"@type":"SearchAction","target":{"@type":"EntryPoint","urlTemplate":"https:\/\/www.heatsupply.nl\/de\/?s={search_term_string}"},"query-input":{"@type":"PropertyValueSpecification","valueRequired":true,"valueName":"search_term_string"}}],"inLanguage":"de"},{"@type":"Organization","@id":"https:\/\/www.heatsupply.nl\/de\/#organization","name":"Heatsupply","url":"https:\/\/www.heatsupply.nl\/de\/","logo":{"@type":"ImageObject","inLanguage":"de","@id":"https:\/\/www.heatsupply.nl\/de\/#\/schema\/logo\/image\/","url":"https:\/\/www.heatsupply.nl\/wp-content\/uploads\/2022\/10\/heatsupply-logo-rood.jpg","contentUrl":"https:\/\/www.heatsupply.nl\/wp-content\/uploads\/2022\/10\/heatsupply-logo-rood.jpg","width":1000,"height":335,"caption":"Heatsupply"},"image":{"@id":"https:\/\/www.heatsupply.nl\/de\/#\/schema\/logo\/image\/"},"sameAs":["https:\/\/www.facebook.com\/heatsupplyNL","https:\/\/www.instagram.com\/heatsuppy.nl","https:\/\/www.youtube.com\/channel\/UC5pOWqQtljvxTz2SMWGWCsw"]}]},"product_price_amount":"7.16","product_price_currency":"EUR","og_availability":"instock","product_availability":"instock","product_retailer_item_id":"DONCSMDC002","product_condition":"new"},"_links":{"self":[{"href":"https:\/\/www.heatsupply.nl\/de\/wp-json\/wp\/v2\/product\/174423","targetHints":{"allow":["GET"]}}],"collection":[{"href":"https:\/\/www.heatsupply.nl\/de\/wp-json\/wp\/v2\/product"}],"about":[{"href":"https:\/\/www.heatsupply.nl\/de\/wp-json\/wp\/v2\/types\/product"}],"replies":[{"embeddable":true,"href":"https:\/\/www.heatsupply.nl\/de\/wp-json\/wp\/v2\/comments?post=174423"}],"wp:featuredmedia":[{"embeddable":true,"href":"https:\/\/www.heatsupply.nl\/de\/wp-json\/wp\/v2\/media\/209841"}],"wp:attachment":[{"href":"https:\/\/www.heatsupply.nl\/de\/wp-json\/wp\/v2\/media?parent=174423"}],"wp:term":[{"taxonomy":"product_brand","embeddable":true,"href":"https:\/\/www.heatsupply.nl\/de\/wp-json\/wp\/v2\/product_brand?post=174423"},{"taxonomy":"product_cat","embeddable":true,"href":"https:\/\/www.heatsupply.nl\/de\/wp-json\/wp\/v2\/product_cat?post=174423"},{"taxonomy":"product_tag","embeddable":true,"href":"https:\/\/www.heatsupply.nl\/de\/wp-json\/wp\/v2\/product_tag?post=174423"}],"curies":[{"name":"wp","href":"https:\/\/api.w.org\/{rel}","templated":true}]}}