{"id":174277,"date":"2024-08-08T09:18:43","date_gmt":"2024-08-08T07:18:43","guid":{"rendered":"https:\/\/www.heatsupply.nl\/product\/chef-eriks-hot-honey-3-pack\/"},"modified":"2026-02-05T11:52:37","modified_gmt":"2026-02-05T10:52:37","slug":"chef-eriks-hot-honey-3-pack","status":"publish","type":"product","link":"https:\/\/www.heatsupply.nl\/de\/produkt\/chef-eriks-hot-honey-3-pack\/","title":{"rendered":"Chef Erik&#8217;s Hot Honey 3 Pack"},"content":{"rendered":"<p>Dieses Paket enth\u00e4lt 3 Flaschen Chef Erik&#8217;s Hot Honey<\/p>\n<p><strong>Zutaten Chef Erik\u2018s Hot Honey<\/strong>: Honig, nat\u00fcrlicher Essig, Habanero-Paprika (2,5%).<\/p>\n<p>Glutenfrei<\/p>\n<p><span style=\"text-decoration: underline;\">N\u00e4hrwerte pro 100g:<\/span><br \/>\nEnergie: 1187 kJ\/284 kcal<br \/>\nFett: 0 Gramm<br \/>\ndavon ges\u00e4ttigte Fetts\u00e4uren: 0 Gramm<br \/>\nKohlenhydrate: 70 Gramm<br \/>\ndavon Zucker: 70 Gramm<br \/>\nBallaststoffe: 0,06 Gramm<br \/>\nProtein: 0,5 Gramm<br \/>\nSalz: 0 Gramm<\/p>\n<p>Lagern Sie den Honig an einem dunklen Ort. Muss nicht im K\u00fchlschrank aufbewahrt werden.<\/p>\n","protected":false},"excerpt":{"rendered":"<p>BAM! Da ist er: der einzig wahre Hot Honey von Chef Erik. Jetzt sogar im extra <strong>g\u00fcnstigen 3er-Pack<\/strong>! Dieser Pizzameister, bekannt von YouTube und TikTok, ist so verr\u00fcckt nach diesem Zeug, dass er seine eigene Variante auf den Markt bringen wollte. &#8222;Als ich Hot Honey zum ersten Mal auf meiner Pizza probierte, war ich sofort verkauft!&#8220;<\/p>\n<p>F\u00fcr Chef Erik&#8217;s Hot Honey wird biologischer Honig aus Portugal verwendet, und das schmeckt man. Besseren Honig wirst du wirklich nirgendwo finden, und die milde, scharfe Note der Habanero sorgt f\u00fcr ein zungenkribbelndes Geschmackserlebnis. Dieses Zeug ist nicht nur genial auf Pizza, sondern auch auf (frittiertem) H\u00e4hnchen, Rippchen, K\u00e4se und vielem mehr.<\/p>\n<ul>\n<li>Herkunft: Niederlande<\/li>\n<li>Inhalt: 3 x 350 Gramm<\/li>\n<\/ul>\n","protected":false},"featured_media":174266,"comment_status":"open","ping_status":"closed","template":"","meta":{"_acf_changed":false},"product_brand":[],"product_cat":[3906,4046],"product_tag":[3979],"class_list":{"0":"post-174277","1":"product","2":"type-product","3":"status-publish","4":"has-post-thumbnail","6":"product_cat-hot-honey","7":"product_cat-spicy","8":"product_tag-chef-erik-de","10":"first","11":"instock","12":"sale","13":"virtual","14":"taxable","15":"purchasable","16":"product-type-bundle"},"bundled_by":[],"bundle_stock_status":"instock","bundle_stock_quantity":28,"bundle_virtual":false,"bundle_layout":"default","bundle_add_to_cart_form_location":"after_summary","bundle_editable_in_cart":false,"bundle_sold_individually_context":"product","bundle_item_grouping":"parent","bundle_min_size":"","bundle_max_size":"","bundle_price":{"price":{"min":{"incl_tax":"27.5","excl_tax":"25.229358"},"max":{"incl_tax":"27.5","excl_tax":"25.229358"}},"regular_price":{"min":{"incl_tax":"29.85","excl_tax":"27.385321"},"max":{"incl_tax":"29.85","excl_tax":"27.385321"}}},"bundled_items":[{"bundled_item_id":1585,"product_id":169996,"menu_order":0,"quantity_min":3,"quantity_max":3,"quantity_default":3,"priced_individually":false,"shipped_individually":false,"override_title":false,"title":"Chef Erik&#8217;s Hot Honey","override_description":false,"description":"Chef Erik&#8217;s Hot Honey","optional":false,"hide_thumbnail":false,"discount":"","override_variations":false,"allowed_variations":[""],"override_default_variation_attributes":false,"default_variation_attributes":[],"single_product_visibility":"visible","cart_visibility":"visible","order_visibility":"visible","single_product_price_visibility":"visible","cart_price_visibility":"visible","order_price_visibility":"visible","stock_status":"in_stock"}],"bundle_sell_ids":[],"acf":[],"yoast_head":"<!-- This site is optimized with the Yoast SEO Premium plugin v27.5 (Yoast SEO v27.5) - https:\/\/yoast.com\/product\/yoast-seo-premium-wordpress\/ -->\n<title>Chef Erik&#039;s Hot Honey 3 Pack - Heatsupply<\/title>\n<meta name=\"description\" content=\"Holen Sie sich Chef Eriks Hot Honey jetzt mit einem zus\u00e4tzlichen Rabatt mit diesem Chef Erik 3er-Pack! Drei Flaschen des k\u00f6stlichen und s\u00fcchtig machenden w\u00fcrzigen Honigs, jetzt bei Heatsupply erh\u00e4ltlich.\" \/>\n<meta name=\"robots\" content=\"index, follow, max-snippet:-1, max-image-preview:large, max-video-preview:-1\" \/>\n<link rel=\"canonical\" href=\"https:\/\/www.heatsupply.nl\/de\/produkt\/chef-eriks-hot-honey-3-pack\/\" \/>\n<meta property=\"og:locale\" content=\"de_DE\" \/>\n<meta property=\"og:type\" content=\"article\" \/>\n<meta property=\"og:title\" content=\"Chef Erik&#039;s Hot Honey 3 Pack\" \/>\n<meta property=\"og:description\" content=\"Holen Sie sich Chef Eriks Hot Honey jetzt mit einem zus\u00e4tzlichen Rabatt mit diesem Chef Erik 3er-Pack! Drei Flaschen des k\u00f6stlichen und s\u00fcchtig machenden w\u00fcrzigen Honigs, jetzt bei Heatsupply erh\u00e4ltlich.\" \/>\n<meta property=\"og:url\" content=\"https:\/\/www.heatsupply.nl\/de\/produkt\/chef-eriks-hot-honey-3-pack\/\" \/>\n<meta property=\"og:site_name\" content=\"Heatsupply\" \/>\n<meta property=\"article:publisher\" content=\"https:\/\/www.facebook.com\/heatsupplyNL\" \/>\n<meta property=\"article:modified_time\" content=\"2026-02-05T10:52:37+00:00\" \/>\n<meta property=\"og:image\" content=\"https:\/\/www.heatsupply.nl\/wp-content\/uploads\/2025\/04\/chef-eriks-hot-honey-3-pack.png\" \/>\n\t<meta property=\"og:image:width\" content=\"1500\" \/>\n\t<meta property=\"og:image:height\" content=\"1500\" \/>\n\t<meta property=\"og:image:type\" content=\"image\/png\" \/>\n<meta name=\"twitter:card\" content=\"summary_large_image\" \/>\n<meta name=\"twitter:label1\" content=\"Preis\" \/>\n\t<meta name=\"twitter:data1\" content=\"&euro;27,50\" \/>\n\t<meta name=\"twitter:label2\" content=\"Verf\u00fcgbarkeit\" \/>\n\t<meta name=\"twitter:data2\" content=\"Auf Lager\" \/>\n<script type=\"application\/ld+json\" class=\"yoast-schema-graph\">{\"@context\":\"https:\\\/\\\/schema.org\",\"@graph\":[{\"@type\":\"WebPage\",\"@id\":\"https:\\\/\\\/www.heatsupply.nl\\\/de\\\/produkt\\\/chef-eriks-hot-honey-3-pack\\\/\",\"url\":\"https:\\\/\\\/www.heatsupply.nl\\\/de\\\/produkt\\\/chef-eriks-hot-honey-3-pack\\\/\",\"name\":\"Chef Erik's Hot Honey 3 Pack - Heatsupply\",\"isPartOf\":{\"@id\":\"https:\\\/\\\/www.heatsupply.nl\\\/de\\\/#website\"},\"primaryImageOfPage\":{\"@id\":\"https:\\\/\\\/www.heatsupply.nl\\\/de\\\/produkt\\\/chef-eriks-hot-honey-3-pack\\\/#primaryimage\"},\"image\":{\"@id\":\"https:\\\/\\\/www.heatsupply.nl\\\/de\\\/produkt\\\/chef-eriks-hot-honey-3-pack\\\/#primaryimage\"},\"thumbnailUrl\":\"https:\\\/\\\/www.heatsupply.nl\\\/wp-content\\\/uploads\\\/2025\\\/04\\\/chef-eriks-hot-honey-3-pack.png\",\"datePublished\":\"2024-08-08T07:18:43+00:00\",\"dateModified\":\"2026-02-05T10:52:37+00:00\",\"description\":\"Holen Sie sich Chef Eriks Hot Honey jetzt mit einem zus\u00e4tzlichen Rabatt mit diesem Chef Erik 3er-Pack! Drei Flaschen des k\u00f6stlichen und s\u00fcchtig machenden w\u00fcrzigen Honigs, jetzt bei Heatsupply erh\u00e4ltlich.\",\"breadcrumb\":{\"@id\":\"https:\\\/\\\/www.heatsupply.nl\\\/de\\\/produkt\\\/chef-eriks-hot-honey-3-pack\\\/#breadcrumb\"},\"inLanguage\":\"de\",\"potentialAction\":[{\"@type\":\"ReadAction\",\"target\":[\"https:\\\/\\\/www.heatsupply.nl\\\/de\\\/produkt\\\/chef-eriks-hot-honey-3-pack\\\/\"]}]},{\"@type\":\"ImageObject\",\"inLanguage\":\"de\",\"@id\":\"https:\\\/\\\/www.heatsupply.nl\\\/de\\\/produkt\\\/chef-eriks-hot-honey-3-pack\\\/#primaryimage\",\"url\":\"https:\\\/\\\/www.heatsupply.nl\\\/wp-content\\\/uploads\\\/2025\\\/04\\\/chef-eriks-hot-honey-3-pack.png\",\"contentUrl\":\"https:\\\/\\\/www.heatsupply.nl\\\/wp-content\\\/uploads\\\/2025\\\/04\\\/chef-eriks-hot-honey-3-pack.png\",\"width\":1500,\"height\":1500,\"caption\":\"chef erik's hot honey 3 pack\"},{\"@type\":\"BreadcrumbList\",\"@id\":\"https:\\\/\\\/www.heatsupply.nl\\\/de\\\/produkt\\\/chef-eriks-hot-honey-3-pack\\\/#breadcrumb\",\"itemListElement\":[{\"@type\":\"ListItem\",\"position\":1,\"name\":\"Home\",\"item\":\"https:\\\/\\\/www.heatsupply.nl\\\/de\\\/\"},{\"@type\":\"ListItem\",\"position\":2,\"name\":\"Alle produkten\",\"item\":\"https:\\\/\\\/www.heatsupply.nl\\\/de\\\/alle-produkten\\\/\"},{\"@type\":\"ListItem\",\"position\":3,\"name\":\"Hot Honey\",\"item\":\"https:\\\/\\\/www.heatsupply.nl\\\/de\\\/hot-honey\\\/\"},{\"@type\":\"ListItem\",\"position\":4,\"name\":\"Chef Erik&#8217;s Hot Honey 3 Pack\"}]},{\"@type\":\"WebSite\",\"@id\":\"https:\\\/\\\/www.heatsupply.nl\\\/de\\\/#website\",\"url\":\"https:\\\/\\\/www.heatsupply.nl\\\/de\\\/\",\"name\":\"Heatsupply\",\"description\":\"Hot sauce webstore #1 in Europe\",\"publisher\":{\"@id\":\"https:\\\/\\\/www.heatsupply.nl\\\/de\\\/#organization\"},\"potentialAction\":[{\"@type\":\"SearchAction\",\"target\":{\"@type\":\"EntryPoint\",\"urlTemplate\":\"https:\\\/\\\/www.heatsupply.nl\\\/de\\\/?s={search_term_string}\"},\"query-input\":{\"@type\":\"PropertyValueSpecification\",\"valueRequired\":true,\"valueName\":\"search_term_string\"}}],\"inLanguage\":\"de\"},{\"@type\":\"Organization\",\"@id\":\"https:\\\/\\\/www.heatsupply.nl\\\/de\\\/#organization\",\"name\":\"Heatsupply\",\"url\":\"https:\\\/\\\/www.heatsupply.nl\\\/de\\\/\",\"logo\":{\"@type\":\"ImageObject\",\"inLanguage\":\"de\",\"@id\":\"https:\\\/\\\/www.heatsupply.nl\\\/de\\\/#\\\/schema\\\/logo\\\/image\\\/\",\"url\":\"https:\\\/\\\/www.heatsupply.nl\\\/wp-content\\\/uploads\\\/2022\\\/10\\\/heatsupply-logo-rood.jpg\",\"contentUrl\":\"https:\\\/\\\/www.heatsupply.nl\\\/wp-content\\\/uploads\\\/2022\\\/10\\\/heatsupply-logo-rood.jpg\",\"width\":1000,\"height\":335,\"caption\":\"Heatsupply\"},\"image\":{\"@id\":\"https:\\\/\\\/www.heatsupply.nl\\\/de\\\/#\\\/schema\\\/logo\\\/image\\\/\"},\"sameAs\":[\"https:\\\/\\\/www.facebook.com\\\/heatsupplyNL\",\"https:\\\/\\\/www.instagram.com\\\/heatsuppy.nl\",\"https:\\\/\\\/www.youtube.com\\\/channel\\\/UC5pOWqQtljvxTz2SMWGWCsw\"]}]}<\/script>\n<meta property=\"product:price:amount\" content=\"27.50\" \/>\n<meta property=\"product:price:currency\" content=\"EUR\" \/>\n<meta property=\"og:availability\" content=\"instock\" \/>\n<meta property=\"product:availability\" content=\"instock\" \/>\n<meta property=\"product:retailer_item_id\" content=\"CHEFERIK3P\" \/>\n<meta property=\"product:condition\" content=\"new\" \/>\n<!-- \/ Yoast SEO Premium plugin. -->","yoast_head_json":{"title":"Chef Erik's Hot Honey 3 Pack - Heatsupply","description":"Holen Sie sich Chef Eriks Hot Honey jetzt mit einem zus\u00e4tzlichen Rabatt mit diesem Chef Erik 3er-Pack! Drei Flaschen des k\u00f6stlichen und s\u00fcchtig machenden w\u00fcrzigen Honigs, jetzt bei Heatsupply erh\u00e4ltlich.","robots":{"index":"index","follow":"follow","max-snippet":"max-snippet:-1","max-image-preview":"max-image-preview:large","max-video-preview":"max-video-preview:-1"},"canonical":"https:\/\/www.heatsupply.nl\/de\/produkt\/chef-eriks-hot-honey-3-pack\/","og_locale":"de_DE","og_type":"article","og_title":"Chef Erik's Hot Honey 3 Pack","og_description":"Holen Sie sich Chef Eriks Hot Honey jetzt mit einem zus\u00e4tzlichen Rabatt mit diesem Chef Erik 3er-Pack! Drei Flaschen des k\u00f6stlichen und s\u00fcchtig machenden w\u00fcrzigen Honigs, jetzt bei Heatsupply erh\u00e4ltlich.","og_url":"https:\/\/www.heatsupply.nl\/de\/produkt\/chef-eriks-hot-honey-3-pack\/","og_site_name":"Heatsupply","article_publisher":"https:\/\/www.facebook.com\/heatsupplyNL","article_modified_time":"2026-02-05T10:52:37+00:00","og_image":[{"width":1500,"height":1500,"url":"https:\/\/www.heatsupply.nl\/wp-content\/uploads\/2025\/04\/chef-eriks-hot-honey-3-pack.png","type":"image\/png"}],"twitter_card":"summary_large_image","twitter_misc":{"Preis":"&euro;27,50","Verf\u00fcgbarkeit":"Auf Lager"},"schema":{"@context":"https:\/\/schema.org","@graph":[{"@type":"WebPage","@id":"https:\/\/www.heatsupply.nl\/de\/produkt\/chef-eriks-hot-honey-3-pack\/","url":"https:\/\/www.heatsupply.nl\/de\/produkt\/chef-eriks-hot-honey-3-pack\/","name":"Chef Erik's Hot Honey 3 Pack - Heatsupply","isPartOf":{"@id":"https:\/\/www.heatsupply.nl\/de\/#website"},"primaryImageOfPage":{"@id":"https:\/\/www.heatsupply.nl\/de\/produkt\/chef-eriks-hot-honey-3-pack\/#primaryimage"},"image":{"@id":"https:\/\/www.heatsupply.nl\/de\/produkt\/chef-eriks-hot-honey-3-pack\/#primaryimage"},"thumbnailUrl":"https:\/\/www.heatsupply.nl\/wp-content\/uploads\/2025\/04\/chef-eriks-hot-honey-3-pack.png","datePublished":"2024-08-08T07:18:43+00:00","dateModified":"2026-02-05T10:52:37+00:00","description":"Holen Sie sich Chef Eriks Hot Honey jetzt mit einem zus\u00e4tzlichen Rabatt mit diesem Chef Erik 3er-Pack! Drei Flaschen des k\u00f6stlichen und s\u00fcchtig machenden w\u00fcrzigen Honigs, jetzt bei Heatsupply erh\u00e4ltlich.","breadcrumb":{"@id":"https:\/\/www.heatsupply.nl\/de\/produkt\/chef-eriks-hot-honey-3-pack\/#breadcrumb"},"inLanguage":"de","potentialAction":[{"@type":"ReadAction","target":["https:\/\/www.heatsupply.nl\/de\/produkt\/chef-eriks-hot-honey-3-pack\/"]}]},{"@type":"ImageObject","inLanguage":"de","@id":"https:\/\/www.heatsupply.nl\/de\/produkt\/chef-eriks-hot-honey-3-pack\/#primaryimage","url":"https:\/\/www.heatsupply.nl\/wp-content\/uploads\/2025\/04\/chef-eriks-hot-honey-3-pack.png","contentUrl":"https:\/\/www.heatsupply.nl\/wp-content\/uploads\/2025\/04\/chef-eriks-hot-honey-3-pack.png","width":1500,"height":1500,"caption":"chef erik's hot honey 3 pack"},{"@type":"BreadcrumbList","@id":"https:\/\/www.heatsupply.nl\/de\/produkt\/chef-eriks-hot-honey-3-pack\/#breadcrumb","itemListElement":[{"@type":"ListItem","position":1,"name":"Home","item":"https:\/\/www.heatsupply.nl\/de\/"},{"@type":"ListItem","position":2,"name":"Alle produkten","item":"https:\/\/www.heatsupply.nl\/de\/alle-produkten\/"},{"@type":"ListItem","position":3,"name":"Hot Honey","item":"https:\/\/www.heatsupply.nl\/de\/hot-honey\/"},{"@type":"ListItem","position":4,"name":"Chef Erik&#8217;s Hot Honey 3 Pack"}]},{"@type":"WebSite","@id":"https:\/\/www.heatsupply.nl\/de\/#website","url":"https:\/\/www.heatsupply.nl\/de\/","name":"Heatsupply","description":"Hot sauce webstore #1 in Europe","publisher":{"@id":"https:\/\/www.heatsupply.nl\/de\/#organization"},"potentialAction":[{"@type":"SearchAction","target":{"@type":"EntryPoint","urlTemplate":"https:\/\/www.heatsupply.nl\/de\/?s={search_term_string}"},"query-input":{"@type":"PropertyValueSpecification","valueRequired":true,"valueName":"search_term_string"}}],"inLanguage":"de"},{"@type":"Organization","@id":"https:\/\/www.heatsupply.nl\/de\/#organization","name":"Heatsupply","url":"https:\/\/www.heatsupply.nl\/de\/","logo":{"@type":"ImageObject","inLanguage":"de","@id":"https:\/\/www.heatsupply.nl\/de\/#\/schema\/logo\/image\/","url":"https:\/\/www.heatsupply.nl\/wp-content\/uploads\/2022\/10\/heatsupply-logo-rood.jpg","contentUrl":"https:\/\/www.heatsupply.nl\/wp-content\/uploads\/2022\/10\/heatsupply-logo-rood.jpg","width":1000,"height":335,"caption":"Heatsupply"},"image":{"@id":"https:\/\/www.heatsupply.nl\/de\/#\/schema\/logo\/image\/"},"sameAs":["https:\/\/www.facebook.com\/heatsupplyNL","https:\/\/www.instagram.com\/heatsuppy.nl","https:\/\/www.youtube.com\/channel\/UC5pOWqQtljvxTz2SMWGWCsw"]}]},"product_price_amount":"27.50","product_price_currency":"EUR","og_availability":"instock","product_availability":"instock","product_retailer_item_id":"CHEFERIK3P","product_condition":"new"},"_links":{"self":[{"href":"https:\/\/www.heatsupply.nl\/de\/wp-json\/wp\/v2\/product\/174277","targetHints":{"allow":["GET"]}}],"collection":[{"href":"https:\/\/www.heatsupply.nl\/de\/wp-json\/wp\/v2\/product"}],"about":[{"href":"https:\/\/www.heatsupply.nl\/de\/wp-json\/wp\/v2\/types\/product"}],"replies":[{"embeddable":true,"href":"https:\/\/www.heatsupply.nl\/de\/wp-json\/wp\/v2\/comments?post=174277"}],"wp:featuredmedia":[{"embeddable":true,"href":"https:\/\/www.heatsupply.nl\/de\/wp-json\/wp\/v2\/media\/174266"}],"wp:attachment":[{"href":"https:\/\/www.heatsupply.nl\/de\/wp-json\/wp\/v2\/media?parent=174277"}],"wp:term":[{"taxonomy":"product_brand","embeddable":true,"href":"https:\/\/www.heatsupply.nl\/de\/wp-json\/wp\/v2\/product_brand?post=174277"},{"taxonomy":"product_cat","embeddable":true,"href":"https:\/\/www.heatsupply.nl\/de\/wp-json\/wp\/v2\/product_cat?post=174277"},{"taxonomy":"product_tag","embeddable":true,"href":"https:\/\/www.heatsupply.nl\/de\/wp-json\/wp\/v2\/product_tag?post=174277"}],"curies":[{"name":"wp","href":"https:\/\/api.w.org\/{rel}","templated":true}]}}