{"id":174208,"date":"2025-04-07T14:52:26","date_gmt":"2025-04-07T12:52:26","guid":{"rendered":"https:\/\/www.heatsupply.nl\/product\/drizzle-nummy-nutty-crispy-chili-oil\/"},"modified":"2026-02-16T09:33:23","modified_gmt":"2026-02-16T08:33:23","slug":"drizzle-nummy-nutty-crispy-chili-oil","status":"publish","type":"product","link":"https:\/\/www.heatsupply.nl\/de\/produkt\/drizzle-nummy-nutty-crispy-chili-oil\/","title":{"rendered":"Drizzle Nummy Nutty Crispy Chili Oil"},"content":{"rendered":"<p><strong>Zutaten Drizzle Nummy Nutty Crispy Chili Oil:<\/strong> Unraffiniertes Raps\u00f6l (64%), Zwiebeln, Chili (5%), K\u00fcrbiskerne 4,8%, <strong>Pistazien 3,6%<\/strong>, Balsamico-Creme (Traubenmost, Balsamico-Essig aus Modena, Xanthangummi, enth\u00e4lt <strong>Sulfite<\/strong>), Knoblauch, <strong>Sesam<\/strong>, Rohrzucker, Gew\u00fcrze (Kurkuma, Fenchelsamen, schwarzer Pfeffer, Oregano, Thymian, Koriander, Sumach, Kreuzk\u00fcmmel), ger\u00e4uchertes Salz.<\/p>\n<p>Kann Spuren von Erdn\u00fcssen, Senf, Gluten, Weizen und Roggen enthalten.<\/p>\n<p><span style=\"text-decoration: underline;\">N\u00e4hrwerte pro 100g:<\/span><br \/>\nEnergie 729 kcal \/ 3013 kJ<br \/>\nFette 70 g<br \/>\ndavon ges\u00e4ttigte Fetts\u00e4uren 5,1 g<br \/>\nKohlenhydrate 29,4 g<br \/>\ndavon Zucker 10,1 g<br \/>\nProteine \u200b\u200b5,3 g<br \/>\nSalz 0,36 g<\/p>\n<p>Lagerung nach dem \u00d6ffnen: bis zu 6 Monate bei Raumtemperatur an einem trockenen und dunklen Ort (z. B. Ihrem K\u00fcchenschrank).<\/p>\n","protected":false},"excerpt":{"rendered":"<p style=\"text-align: justify;\">Diese Drizzle Nummy Nutty Crispy Chili Oil ist, wie gewohnt, mit frittierten Zwiebeln und Knoblauch hergestellt, \u00fcberrascht aber durch die Zugabe von N\u00fcssen und Samen. Pistazien mit ihrem butterigen Aroma bilden ein perfektes Gleichgewicht zu den pfeffrigen K\u00fcrbiskernen. Dazu kommt die hausgemachte Gew\u00fcrzmischung mit Sumak, Kreuzk\u00fcmmel und Piment d&#8217;Espelette, und du erh\u00e4ltst einen tiefen, vielschichtigen Geschmack. Subtil rauchig, mit einem Hauch von S\u00fc\u00dfe und herrlich herzhaft &#8211; das ist die Nummy Nutty in einer Nussschale! Super vielseitig, wie es sich f\u00fcr ein gutes Crispy Chili \u00d6l geh\u00f6rt, aber besonders lecker zu Hummus und Falafel!<\/p>\n<ul>\n<li style=\"text-align: justify;\">Herkunft: Belgien<\/li>\n<li style=\"text-align: justify;\">Inhalt: 165 Gramm<\/li>\n<\/ul>\n","protected":false},"featured_media":174013,"comment_status":"open","ping_status":"closed","template":"","meta":{"_acf_changed":false},"product_brand":[],"product_cat":[3909,4046],"product_tag":[],"class_list":{"0":"post-174208","1":"product","2":"type-product","3":"status-publish","4":"has-post-thumbnail","6":"product_cat-crispy-chilioel","7":"product_cat-spicy","9":"first","10":"instock","11":"taxable","12":"shipping-taxable","13":"purchasable","14":"product-type-simple"},"bundled_by":[],"bundle_stock_status":"instock","bundle_stock_quantity":20,"bundle_virtual":false,"bundle_layout":"","bundle_add_to_cart_form_location":"","bundle_editable_in_cart":false,"bundle_sold_individually_context":"","bundle_item_grouping":"","bundle_min_size":"","bundle_max_size":"","bundle_price":[],"bundled_items":[],"bundle_sell_ids":[],"acf":[],"yoast_head":"<!-- This site is optimized with the Yoast SEO Premium plugin v27.4 (Yoast SEO v27.4) - https:\/\/yoast.com\/product\/yoast-seo-premium-wordpress\/ -->\n<title>Drizzle Nummy Nutty Crispy Chili Oil - Heatsupply<\/title>\n<meta name=\"description\" content=\"Drizzle Nummy Nutty Crispy Chili Oil wird aus Pistazien, K\u00fcrbiskernen, Sesam und einer k\u00f6stlichen Gew\u00fcrzmischung hergestellt. Jetzt bei Heatsupply bestellen!\" \/>\n<meta name=\"robots\" content=\"index, follow, max-snippet:-1, max-image-preview:large, max-video-preview:-1\" \/>\n<link rel=\"canonical\" href=\"https:\/\/www.heatsupply.nl\/de\/produkt\/drizzle-nummy-nutty-crispy-chili-oil\/\" \/>\n<meta property=\"og:locale\" content=\"de_DE\" \/>\n<meta property=\"og:type\" content=\"article\" \/>\n<meta property=\"og:title\" content=\"Drizzle Nummy Nutty Crispy Chili Oil\" \/>\n<meta property=\"og:description\" content=\"Drizzle Nummy Nutty Crispy Chili Oil wird aus Pistazien, K\u00fcrbiskernen, Sesam und einer k\u00f6stlichen Gew\u00fcrzmischung hergestellt. Jetzt bei Heatsupply bestellen!\" \/>\n<meta property=\"og:url\" content=\"https:\/\/www.heatsupply.nl\/de\/produkt\/drizzle-nummy-nutty-crispy-chili-oil\/\" \/>\n<meta property=\"og:site_name\" content=\"Heatsupply\" \/>\n<meta property=\"article:publisher\" content=\"https:\/\/www.facebook.com\/heatsupplyNL\" \/>\n<meta property=\"article:modified_time\" content=\"2026-02-16T08:33:23+00:00\" \/>\n<meta property=\"og:image\" content=\"https:\/\/www.heatsupply.nl\/wp-content\/uploads\/2025\/04\/drizzle-nummy-nutty-crispy-chili-oil.jpg\" \/>\n\t<meta property=\"og:image:width\" content=\"1400\" \/>\n\t<meta property=\"og:image:height\" content=\"1400\" \/>\n\t<meta property=\"og:image:type\" content=\"image\/jpeg\" \/>\n<meta name=\"twitter:card\" content=\"summary_large_image\" \/>\n<meta name=\"twitter:label1\" content=\"Preis\" \/>\n\t<meta name=\"twitter:data1\" content=\"&euro;9,95\" \/>\n\t<meta name=\"twitter:label2\" content=\"Verf\u00fcgbarkeit\" \/>\n\t<meta name=\"twitter:data2\" content=\"Auf Lager\" \/>\n<script type=\"application\/ld+json\" class=\"yoast-schema-graph\">{\"@context\":\"https:\\\/\\\/schema.org\",\"@graph\":[{\"@type\":\"WebPage\",\"@id\":\"https:\\\/\\\/www.heatsupply.nl\\\/de\\\/produkt\\\/drizzle-nummy-nutty-crispy-chili-oil\\\/\",\"url\":\"https:\\\/\\\/www.heatsupply.nl\\\/de\\\/produkt\\\/drizzle-nummy-nutty-crispy-chili-oil\\\/\",\"name\":\"Drizzle Nummy Nutty Crispy Chili Oil - Heatsupply\",\"isPartOf\":{\"@id\":\"https:\\\/\\\/www.heatsupply.nl\\\/de\\\/#website\"},\"primaryImageOfPage\":{\"@id\":\"https:\\\/\\\/www.heatsupply.nl\\\/de\\\/produkt\\\/drizzle-nummy-nutty-crispy-chili-oil\\\/#primaryimage\"},\"image\":{\"@id\":\"https:\\\/\\\/www.heatsupply.nl\\\/de\\\/produkt\\\/drizzle-nummy-nutty-crispy-chili-oil\\\/#primaryimage\"},\"thumbnailUrl\":\"https:\\\/\\\/www.heatsupply.nl\\\/wp-content\\\/uploads\\\/2025\\\/04\\\/drizzle-nummy-nutty-crispy-chili-oil.jpg\",\"datePublished\":\"2025-04-07T12:52:26+00:00\",\"dateModified\":\"2026-02-16T08:33:23+00:00\",\"description\":\"Drizzle Nummy Nutty Crispy Chili Oil wird aus Pistazien, K\u00fcrbiskernen, Sesam und einer k\u00f6stlichen Gew\u00fcrzmischung hergestellt. Jetzt bei Heatsupply bestellen!\",\"breadcrumb\":{\"@id\":\"https:\\\/\\\/www.heatsupply.nl\\\/de\\\/produkt\\\/drizzle-nummy-nutty-crispy-chili-oil\\\/#breadcrumb\"},\"inLanguage\":\"de\",\"potentialAction\":[{\"@type\":\"ReadAction\",\"target\":[\"https:\\\/\\\/www.heatsupply.nl\\\/de\\\/produkt\\\/drizzle-nummy-nutty-crispy-chili-oil\\\/\"]}]},{\"@type\":\"ImageObject\",\"inLanguage\":\"de\",\"@id\":\"https:\\\/\\\/www.heatsupply.nl\\\/de\\\/produkt\\\/drizzle-nummy-nutty-crispy-chili-oil\\\/#primaryimage\",\"url\":\"https:\\\/\\\/www.heatsupply.nl\\\/wp-content\\\/uploads\\\/2025\\\/04\\\/drizzle-nummy-nutty-crispy-chili-oil.jpg\",\"contentUrl\":\"https:\\\/\\\/www.heatsupply.nl\\\/wp-content\\\/uploads\\\/2025\\\/04\\\/drizzle-nummy-nutty-crispy-chili-oil.jpg\",\"width\":1400,\"height\":1400,\"caption\":\"drizzle nummy nutty crispy chili oil\"},{\"@type\":\"BreadcrumbList\",\"@id\":\"https:\\\/\\\/www.heatsupply.nl\\\/de\\\/produkt\\\/drizzle-nummy-nutty-crispy-chili-oil\\\/#breadcrumb\",\"itemListElement\":[{\"@type\":\"ListItem\",\"position\":1,\"name\":\"Home\",\"item\":\"https:\\\/\\\/www.heatsupply.nl\\\/de\\\/\"},{\"@type\":\"ListItem\",\"position\":2,\"name\":\"Alle produkten\",\"item\":\"https:\\\/\\\/www.heatsupply.nl\\\/de\\\/alle-produkten\\\/\"},{\"@type\":\"ListItem\",\"position\":3,\"name\":\"Crispy Chili Oil\",\"item\":\"https:\\\/\\\/www.heatsupply.nl\\\/de\\\/crispy-chilioel\\\/\"},{\"@type\":\"ListItem\",\"position\":4,\"name\":\"Drizzle Nummy Nutty Crispy Chili Oil\"}]},{\"@type\":\"WebSite\",\"@id\":\"https:\\\/\\\/www.heatsupply.nl\\\/de\\\/#website\",\"url\":\"https:\\\/\\\/www.heatsupply.nl\\\/de\\\/\",\"name\":\"Heatsupply\",\"description\":\"Hot sauce webstore #1 in Europe\",\"publisher\":{\"@id\":\"https:\\\/\\\/www.heatsupply.nl\\\/de\\\/#organization\"},\"potentialAction\":[{\"@type\":\"SearchAction\",\"target\":{\"@type\":\"EntryPoint\",\"urlTemplate\":\"https:\\\/\\\/www.heatsupply.nl\\\/de\\\/?s={search_term_string}\"},\"query-input\":{\"@type\":\"PropertyValueSpecification\",\"valueRequired\":true,\"valueName\":\"search_term_string\"}}],\"inLanguage\":\"de\"},{\"@type\":\"Organization\",\"@id\":\"https:\\\/\\\/www.heatsupply.nl\\\/de\\\/#organization\",\"name\":\"Heatsupply\",\"url\":\"https:\\\/\\\/www.heatsupply.nl\\\/de\\\/\",\"logo\":{\"@type\":\"ImageObject\",\"inLanguage\":\"de\",\"@id\":\"https:\\\/\\\/www.heatsupply.nl\\\/de\\\/#\\\/schema\\\/logo\\\/image\\\/\",\"url\":\"https:\\\/\\\/www.heatsupply.nl\\\/wp-content\\\/uploads\\\/2022\\\/10\\\/heatsupply-logo-rood.jpg\",\"contentUrl\":\"https:\\\/\\\/www.heatsupply.nl\\\/wp-content\\\/uploads\\\/2022\\\/10\\\/heatsupply-logo-rood.jpg\",\"width\":1000,\"height\":335,\"caption\":\"Heatsupply\"},\"image\":{\"@id\":\"https:\\\/\\\/www.heatsupply.nl\\\/de\\\/#\\\/schema\\\/logo\\\/image\\\/\"},\"sameAs\":[\"https:\\\/\\\/www.facebook.com\\\/heatsupplyNL\",\"https:\\\/\\\/www.instagram.com\\\/heatsuppy.nl\",\"https:\\\/\\\/www.youtube.com\\\/channel\\\/UC5pOWqQtljvxTz2SMWGWCsw\"]}]}<\/script>\n<meta property=\"product:price:amount\" content=\"9.95\" \/>\n<meta property=\"product:price:currency\" content=\"EUR\" \/>\n<meta property=\"og:availability\" content=\"instock\" \/>\n<meta property=\"product:availability\" content=\"instock\" \/>\n<meta property=\"product:retailer_item_id\" content=\"DRIZZNN002\" \/>\n<meta property=\"product:condition\" content=\"new\" \/>\n<!-- \/ Yoast SEO Premium plugin. -->","yoast_head_json":{"title":"Drizzle Nummy Nutty Crispy Chili Oil - Heatsupply","description":"Drizzle Nummy Nutty Crispy Chili Oil wird aus Pistazien, K\u00fcrbiskernen, Sesam und einer k\u00f6stlichen Gew\u00fcrzmischung hergestellt. Jetzt bei Heatsupply bestellen!","robots":{"index":"index","follow":"follow","max-snippet":"max-snippet:-1","max-image-preview":"max-image-preview:large","max-video-preview":"max-video-preview:-1"},"canonical":"https:\/\/www.heatsupply.nl\/de\/produkt\/drizzle-nummy-nutty-crispy-chili-oil\/","og_locale":"de_DE","og_type":"article","og_title":"Drizzle Nummy Nutty Crispy Chili Oil","og_description":"Drizzle Nummy Nutty Crispy Chili Oil wird aus Pistazien, K\u00fcrbiskernen, Sesam und einer k\u00f6stlichen Gew\u00fcrzmischung hergestellt. Jetzt bei Heatsupply bestellen!","og_url":"https:\/\/www.heatsupply.nl\/de\/produkt\/drizzle-nummy-nutty-crispy-chili-oil\/","og_site_name":"Heatsupply","article_publisher":"https:\/\/www.facebook.com\/heatsupplyNL","article_modified_time":"2026-02-16T08:33:23+00:00","og_image":[{"width":1400,"height":1400,"url":"https:\/\/www.heatsupply.nl\/wp-content\/uploads\/2025\/04\/drizzle-nummy-nutty-crispy-chili-oil.jpg","type":"image\/jpeg"}],"twitter_card":"summary_large_image","twitter_misc":{"Preis":"&euro;9,95","Verf\u00fcgbarkeit":"Auf Lager"},"schema":{"@context":"https:\/\/schema.org","@graph":[{"@type":"WebPage","@id":"https:\/\/www.heatsupply.nl\/de\/produkt\/drizzle-nummy-nutty-crispy-chili-oil\/","url":"https:\/\/www.heatsupply.nl\/de\/produkt\/drizzle-nummy-nutty-crispy-chili-oil\/","name":"Drizzle Nummy Nutty Crispy Chili Oil - Heatsupply","isPartOf":{"@id":"https:\/\/www.heatsupply.nl\/de\/#website"},"primaryImageOfPage":{"@id":"https:\/\/www.heatsupply.nl\/de\/produkt\/drizzle-nummy-nutty-crispy-chili-oil\/#primaryimage"},"image":{"@id":"https:\/\/www.heatsupply.nl\/de\/produkt\/drizzle-nummy-nutty-crispy-chili-oil\/#primaryimage"},"thumbnailUrl":"https:\/\/www.heatsupply.nl\/wp-content\/uploads\/2025\/04\/drizzle-nummy-nutty-crispy-chili-oil.jpg","datePublished":"2025-04-07T12:52:26+00:00","dateModified":"2026-02-16T08:33:23+00:00","description":"Drizzle Nummy Nutty Crispy Chili Oil wird aus Pistazien, K\u00fcrbiskernen, Sesam und einer k\u00f6stlichen Gew\u00fcrzmischung hergestellt. Jetzt bei Heatsupply bestellen!","breadcrumb":{"@id":"https:\/\/www.heatsupply.nl\/de\/produkt\/drizzle-nummy-nutty-crispy-chili-oil\/#breadcrumb"},"inLanguage":"de","potentialAction":[{"@type":"ReadAction","target":["https:\/\/www.heatsupply.nl\/de\/produkt\/drizzle-nummy-nutty-crispy-chili-oil\/"]}]},{"@type":"ImageObject","inLanguage":"de","@id":"https:\/\/www.heatsupply.nl\/de\/produkt\/drizzle-nummy-nutty-crispy-chili-oil\/#primaryimage","url":"https:\/\/www.heatsupply.nl\/wp-content\/uploads\/2025\/04\/drizzle-nummy-nutty-crispy-chili-oil.jpg","contentUrl":"https:\/\/www.heatsupply.nl\/wp-content\/uploads\/2025\/04\/drizzle-nummy-nutty-crispy-chili-oil.jpg","width":1400,"height":1400,"caption":"drizzle nummy nutty crispy chili oil"},{"@type":"BreadcrumbList","@id":"https:\/\/www.heatsupply.nl\/de\/produkt\/drizzle-nummy-nutty-crispy-chili-oil\/#breadcrumb","itemListElement":[{"@type":"ListItem","position":1,"name":"Home","item":"https:\/\/www.heatsupply.nl\/de\/"},{"@type":"ListItem","position":2,"name":"Alle produkten","item":"https:\/\/www.heatsupply.nl\/de\/alle-produkten\/"},{"@type":"ListItem","position":3,"name":"Crispy Chili Oil","item":"https:\/\/www.heatsupply.nl\/de\/crispy-chilioel\/"},{"@type":"ListItem","position":4,"name":"Drizzle Nummy Nutty Crispy Chili Oil"}]},{"@type":"WebSite","@id":"https:\/\/www.heatsupply.nl\/de\/#website","url":"https:\/\/www.heatsupply.nl\/de\/","name":"Heatsupply","description":"Hot sauce webstore #1 in Europe","publisher":{"@id":"https:\/\/www.heatsupply.nl\/de\/#organization"},"potentialAction":[{"@type":"SearchAction","target":{"@type":"EntryPoint","urlTemplate":"https:\/\/www.heatsupply.nl\/de\/?s={search_term_string}"},"query-input":{"@type":"PropertyValueSpecification","valueRequired":true,"valueName":"search_term_string"}}],"inLanguage":"de"},{"@type":"Organization","@id":"https:\/\/www.heatsupply.nl\/de\/#organization","name":"Heatsupply","url":"https:\/\/www.heatsupply.nl\/de\/","logo":{"@type":"ImageObject","inLanguage":"de","@id":"https:\/\/www.heatsupply.nl\/de\/#\/schema\/logo\/image\/","url":"https:\/\/www.heatsupply.nl\/wp-content\/uploads\/2022\/10\/heatsupply-logo-rood.jpg","contentUrl":"https:\/\/www.heatsupply.nl\/wp-content\/uploads\/2022\/10\/heatsupply-logo-rood.jpg","width":1000,"height":335,"caption":"Heatsupply"},"image":{"@id":"https:\/\/www.heatsupply.nl\/de\/#\/schema\/logo\/image\/"},"sameAs":["https:\/\/www.facebook.com\/heatsupplyNL","https:\/\/www.instagram.com\/heatsuppy.nl","https:\/\/www.youtube.com\/channel\/UC5pOWqQtljvxTz2SMWGWCsw"]}]},"product_price_amount":"9.95","product_price_currency":"EUR","og_availability":"instock","product_availability":"instock","product_retailer_item_id":"DRIZZNN002","product_condition":"new"},"_links":{"self":[{"href":"https:\/\/www.heatsupply.nl\/de\/wp-json\/wp\/v2\/product\/174208","targetHints":{"allow":["GET"]}}],"collection":[{"href":"https:\/\/www.heatsupply.nl\/de\/wp-json\/wp\/v2\/product"}],"about":[{"href":"https:\/\/www.heatsupply.nl\/de\/wp-json\/wp\/v2\/types\/product"}],"replies":[{"embeddable":true,"href":"https:\/\/www.heatsupply.nl\/de\/wp-json\/wp\/v2\/comments?post=174208"}],"wp:featuredmedia":[{"embeddable":true,"href":"https:\/\/www.heatsupply.nl\/de\/wp-json\/wp\/v2\/media\/174013"}],"wp:attachment":[{"href":"https:\/\/www.heatsupply.nl\/de\/wp-json\/wp\/v2\/media?parent=174208"}],"wp:term":[{"taxonomy":"product_brand","embeddable":true,"href":"https:\/\/www.heatsupply.nl\/de\/wp-json\/wp\/v2\/product_brand?post=174208"},{"taxonomy":"product_cat","embeddable":true,"href":"https:\/\/www.heatsupply.nl\/de\/wp-json\/wp\/v2\/product_cat?post=174208"},{"taxonomy":"product_tag","embeddable":true,"href":"https:\/\/www.heatsupply.nl\/de\/wp-json\/wp\/v2\/product_tag?post=174208"}],"curies":[{"name":"wp","href":"https:\/\/api.w.org\/{rel}","templated":true}]}}