{"id":174205,"date":"2025-04-07T14:41:11","date_gmt":"2025-04-07T12:41:11","guid":{"rendered":"https:\/\/www.heatsupply.nl\/product\/drizzle-supreme-spicy-crispy-chili-oil\/"},"modified":"2026-04-03T20:36:04","modified_gmt":"2026-04-03T18:36:04","slug":"drizzle-supreme-spicy-crispy-chili-oil","status":"publish","type":"product","link":"https:\/\/www.heatsupply.nl\/de\/produkt\/drizzle-supreme-spicy-crispy-chili-oil\/","title":{"rendered":"Drizzle Supreme Spicy Crispy Chili Oil"},"content":{"rendered":"<p><strong>Zutaten Drizzle Supreme Spicy Crispy Chili Oil<\/strong>: Unraffiniertes Raps\u00f6l (66%), gebratene Schalotte, <strong>Erdnuss<\/strong>, Chili (6%), Balsamico-Creme (Traubenmost, Balsamico-Essig aus Modena, Xanthangummi, enth\u00e4lt <strong>Sulfite<\/strong>), Knoblauch, <strong>Sesam<\/strong>, Kr\u00e4uter (ger\u00e4ucherter Paprika, Pfeffer, Kreuzk\u00fcmmel, Fenchelsamen, schwarzer Knoblauch), ger\u00e4uchertes Salz.<\/p>\n<p>Kann Spuren von <strong>N\u00fcssen, Senf, Gluten, Weizen<\/strong> und <strong>Roggen<\/strong> enthalten.<\/p>\n<p><span style=\"text-decoration: underline;\">N\u00e4hrwerte pro 100g:<\/span><br \/>\nEnergie 764 kcal \/ 3151 kJ<br \/>\nFette 76 g<br \/>\ndavon ges\u00e4ttigte Fetts\u00e4uren 5,5 g<br \/>\nKohlenhydrate 16 g<br \/>\ndavon Zucker 9,7 g<br \/>\nProteine \u200b\u200b4,0 g<br \/>\nSalz 0,30 g<\/p>\n<p>Lagerung nach dem \u00d6ffnen: bis zu 6 Monate bei Raumtemperatur an einem trockenen und dunklen Ort (z. B. Ihrem K\u00fcchenschrank).<\/p>\n","protected":false},"excerpt":{"rendered":"<p style=\"text-align: justify;\">Diese Drizzle Supreme Spicy Crispy Chili Oil ist die sch\u00e4rfste Variante der belgischen Marke, hergestellt mit der Bird&#8217;s Eye Chili. Frittierte Schalotten und Knoblauch sorgen f\u00fcr den Crunch, w\u00e4hrend der Chili f\u00fcr den Kick sorgt. Die Zugabe von Erdn\u00fcssen verleiht dem Ganzen eine extra knusprige Textur, und die hauseigene Gew\u00fcrzmischung &amp; Sesam geben ihm den k\u00f6stlichen Geschmack. Ein lecker ausbalancierter und scharfer Allesk\u00f6nner, der so ziemlich jedes Gericht verbessert. Ob Nudel- oder Reisgericht, ein Ei, Ramen, ein Avocado-Toast &#8211; eigentlich fast alles wird damit besser.<\/p>\n<ul>\n<li style=\"text-align: justify;\">Herkunft: Belgien<\/li>\n<li style=\"text-align: justify;\">Inhalt: 165 Gramm<\/li>\n<\/ul>\n","protected":false},"featured_media":174016,"comment_status":"open","ping_status":"closed","template":"","meta":{"_acf_changed":false},"product_brand":[],"product_cat":[3909,4046],"product_tag":[],"class_list":{"0":"post-174205","1":"product","2":"type-product","3":"status-publish","4":"has-post-thumbnail","6":"product_cat-crispy-chilioel","7":"product_cat-spicy","9":"first","10":"instock","11":"taxable","12":"shipping-taxable","13":"purchasable","14":"product-type-simple"},"bundled_by":[],"bundle_stock_status":"instock","bundle_stock_quantity":19,"bundle_virtual":false,"bundle_layout":"","bundle_add_to_cart_form_location":"","bundle_editable_in_cart":false,"bundle_sold_individually_context":"","bundle_item_grouping":"","bundle_min_size":"","bundle_max_size":"","bundle_price":[],"bundled_items":[],"bundle_sell_ids":[],"acf":[],"yoast_head":"<!-- This site is optimized with the Yoast SEO Premium plugin v27.4 (Yoast SEO v27.4) - https:\/\/yoast.com\/product\/yoast-seo-premium-wordpress\/ -->\n<title>Drizzle Supreme Spicy Crispy Chili Oil - Heatsupply<\/title>\n<meta name=\"description\" content=\"Drizzle Supreme Spicy Crispy Chili Oil verleiht jeder Mahlzeit den perfekten Crunch, w\u00e4hrend die Bird&#039;s Eye Chilischoten f\u00fcr eine w\u00fcrzige Note sorgen.\" \/>\n<meta name=\"robots\" content=\"index, follow, max-snippet:-1, max-image-preview:large, max-video-preview:-1\" \/>\n<link rel=\"canonical\" href=\"https:\/\/www.heatsupply.nl\/de\/produkt\/drizzle-supreme-spicy-crispy-chili-oil\/\" \/>\n<meta property=\"og:locale\" content=\"de_DE\" \/>\n<meta property=\"og:type\" content=\"article\" \/>\n<meta property=\"og:title\" content=\"Drizzle Supreme Spicy Crispy Chili Oil\" \/>\n<meta property=\"og:description\" content=\"Drizzle Supreme Spicy Crispy Chili Oil verleiht jeder Mahlzeit den perfekten Crunch, w\u00e4hrend die Bird&#039;s Eye Chilischoten f\u00fcr eine w\u00fcrzige Note sorgen.\" \/>\n<meta property=\"og:url\" content=\"https:\/\/www.heatsupply.nl\/de\/produkt\/drizzle-supreme-spicy-crispy-chili-oil\/\" \/>\n<meta property=\"og:site_name\" content=\"Heatsupply\" \/>\n<meta property=\"article:publisher\" content=\"https:\/\/www.facebook.com\/heatsupplyNL\" \/>\n<meta property=\"article:modified_time\" content=\"2026-04-03T18:36:04+00:00\" \/>\n<meta property=\"og:image\" content=\"https:\/\/www.heatsupply.nl\/wp-content\/uploads\/2025\/04\/drizzle-supreme-spicy-crispy-chili-oil.jpg\" \/>\n\t<meta property=\"og:image:width\" content=\"1400\" \/>\n\t<meta property=\"og:image:height\" content=\"1400\" \/>\n\t<meta property=\"og:image:type\" content=\"image\/jpeg\" \/>\n<meta name=\"twitter:card\" content=\"summary_large_image\" \/>\n<meta name=\"twitter:label1\" content=\"Preis\" \/>\n\t<meta name=\"twitter:data1\" content=\"&euro;9,95\" \/>\n\t<meta name=\"twitter:label2\" content=\"Verf\u00fcgbarkeit\" \/>\n\t<meta name=\"twitter:data2\" content=\"Auf Lager\" \/>\n<script type=\"application\/ld+json\" class=\"yoast-schema-graph\">{\"@context\":\"https:\\\/\\\/schema.org\",\"@graph\":[{\"@type\":\"WebPage\",\"@id\":\"https:\\\/\\\/www.heatsupply.nl\\\/de\\\/produkt\\\/drizzle-supreme-spicy-crispy-chili-oil\\\/\",\"url\":\"https:\\\/\\\/www.heatsupply.nl\\\/de\\\/produkt\\\/drizzle-supreme-spicy-crispy-chili-oil\\\/\",\"name\":\"Drizzle Supreme Spicy Crispy Chili Oil - Heatsupply\",\"isPartOf\":{\"@id\":\"https:\\\/\\\/www.heatsupply.nl\\\/de\\\/#website\"},\"primaryImageOfPage\":{\"@id\":\"https:\\\/\\\/www.heatsupply.nl\\\/de\\\/produkt\\\/drizzle-supreme-spicy-crispy-chili-oil\\\/#primaryimage\"},\"image\":{\"@id\":\"https:\\\/\\\/www.heatsupply.nl\\\/de\\\/produkt\\\/drizzle-supreme-spicy-crispy-chili-oil\\\/#primaryimage\"},\"thumbnailUrl\":\"https:\\\/\\\/www.heatsupply.nl\\\/wp-content\\\/uploads\\\/2025\\\/04\\\/drizzle-supreme-spicy-crispy-chili-oil.jpg\",\"datePublished\":\"2025-04-07T12:41:11+00:00\",\"dateModified\":\"2026-04-03T18:36:04+00:00\",\"description\":\"Drizzle Supreme Spicy Crispy Chili Oil verleiht jeder Mahlzeit den perfekten Crunch, w\u00e4hrend die Bird's Eye Chilischoten f\u00fcr eine w\u00fcrzige Note sorgen.\",\"breadcrumb\":{\"@id\":\"https:\\\/\\\/www.heatsupply.nl\\\/de\\\/produkt\\\/drizzle-supreme-spicy-crispy-chili-oil\\\/#breadcrumb\"},\"inLanguage\":\"de\",\"potentialAction\":[{\"@type\":\"ReadAction\",\"target\":[\"https:\\\/\\\/www.heatsupply.nl\\\/de\\\/produkt\\\/drizzle-supreme-spicy-crispy-chili-oil\\\/\"]}]},{\"@type\":\"ImageObject\",\"inLanguage\":\"de\",\"@id\":\"https:\\\/\\\/www.heatsupply.nl\\\/de\\\/produkt\\\/drizzle-supreme-spicy-crispy-chili-oil\\\/#primaryimage\",\"url\":\"https:\\\/\\\/www.heatsupply.nl\\\/wp-content\\\/uploads\\\/2025\\\/04\\\/drizzle-supreme-spicy-crispy-chili-oil.jpg\",\"contentUrl\":\"https:\\\/\\\/www.heatsupply.nl\\\/wp-content\\\/uploads\\\/2025\\\/04\\\/drizzle-supreme-spicy-crispy-chili-oil.jpg\",\"width\":1400,\"height\":1400,\"caption\":\"drizzle supreme spicy crispy chili oil\"},{\"@type\":\"BreadcrumbList\",\"@id\":\"https:\\\/\\\/www.heatsupply.nl\\\/de\\\/produkt\\\/drizzle-supreme-spicy-crispy-chili-oil\\\/#breadcrumb\",\"itemListElement\":[{\"@type\":\"ListItem\",\"position\":1,\"name\":\"Home\",\"item\":\"https:\\\/\\\/www.heatsupply.nl\\\/de\\\/\"},{\"@type\":\"ListItem\",\"position\":2,\"name\":\"Alle produkten\",\"item\":\"https:\\\/\\\/www.heatsupply.nl\\\/de\\\/alle-produkten\\\/\"},{\"@type\":\"ListItem\",\"position\":3,\"name\":\"Crispy Chili Oil\",\"item\":\"https:\\\/\\\/www.heatsupply.nl\\\/de\\\/crispy-chilioel\\\/\"},{\"@type\":\"ListItem\",\"position\":4,\"name\":\"Drizzle Supreme Spicy Crispy Chili Oil\"}]},{\"@type\":\"WebSite\",\"@id\":\"https:\\\/\\\/www.heatsupply.nl\\\/de\\\/#website\",\"url\":\"https:\\\/\\\/www.heatsupply.nl\\\/de\\\/\",\"name\":\"Heatsupply\",\"description\":\"Hot sauce webstore #1 in Europe\",\"publisher\":{\"@id\":\"https:\\\/\\\/www.heatsupply.nl\\\/de\\\/#organization\"},\"potentialAction\":[{\"@type\":\"SearchAction\",\"target\":{\"@type\":\"EntryPoint\",\"urlTemplate\":\"https:\\\/\\\/www.heatsupply.nl\\\/de\\\/?s={search_term_string}\"},\"query-input\":{\"@type\":\"PropertyValueSpecification\",\"valueRequired\":true,\"valueName\":\"search_term_string\"}}],\"inLanguage\":\"de\"},{\"@type\":\"Organization\",\"@id\":\"https:\\\/\\\/www.heatsupply.nl\\\/de\\\/#organization\",\"name\":\"Heatsupply\",\"url\":\"https:\\\/\\\/www.heatsupply.nl\\\/de\\\/\",\"logo\":{\"@type\":\"ImageObject\",\"inLanguage\":\"de\",\"@id\":\"https:\\\/\\\/www.heatsupply.nl\\\/de\\\/#\\\/schema\\\/logo\\\/image\\\/\",\"url\":\"https:\\\/\\\/www.heatsupply.nl\\\/wp-content\\\/uploads\\\/2022\\\/10\\\/heatsupply-logo-rood.jpg\",\"contentUrl\":\"https:\\\/\\\/www.heatsupply.nl\\\/wp-content\\\/uploads\\\/2022\\\/10\\\/heatsupply-logo-rood.jpg\",\"width\":1000,\"height\":335,\"caption\":\"Heatsupply\"},\"image\":{\"@id\":\"https:\\\/\\\/www.heatsupply.nl\\\/de\\\/#\\\/schema\\\/logo\\\/image\\\/\"},\"sameAs\":[\"https:\\\/\\\/www.facebook.com\\\/heatsupplyNL\",\"https:\\\/\\\/www.instagram.com\\\/heatsuppy.nl\",\"https:\\\/\\\/www.youtube.com\\\/channel\\\/UC5pOWqQtljvxTz2SMWGWCsw\"]}]}<\/script>\n<meta property=\"product:price:amount\" content=\"9.95\" \/>\n<meta property=\"product:price:currency\" content=\"EUR\" \/>\n<meta property=\"og:availability\" content=\"instock\" \/>\n<meta property=\"product:availability\" content=\"instock\" \/>\n<meta property=\"product:retailer_item_id\" content=\"DRIZZSS002\" \/>\n<meta property=\"product:condition\" content=\"new\" \/>\n<!-- \/ Yoast SEO Premium plugin. -->","yoast_head_json":{"title":"Drizzle Supreme Spicy Crispy Chili Oil - Heatsupply","description":"Drizzle Supreme Spicy Crispy Chili Oil verleiht jeder Mahlzeit den perfekten Crunch, w\u00e4hrend die Bird's Eye Chilischoten f\u00fcr eine w\u00fcrzige Note sorgen.","robots":{"index":"index","follow":"follow","max-snippet":"max-snippet:-1","max-image-preview":"max-image-preview:large","max-video-preview":"max-video-preview:-1"},"canonical":"https:\/\/www.heatsupply.nl\/de\/produkt\/drizzle-supreme-spicy-crispy-chili-oil\/","og_locale":"de_DE","og_type":"article","og_title":"Drizzle Supreme Spicy Crispy Chili Oil","og_description":"Drizzle Supreme Spicy Crispy Chili Oil verleiht jeder Mahlzeit den perfekten Crunch, w\u00e4hrend die Bird's Eye Chilischoten f\u00fcr eine w\u00fcrzige Note sorgen.","og_url":"https:\/\/www.heatsupply.nl\/de\/produkt\/drizzle-supreme-spicy-crispy-chili-oil\/","og_site_name":"Heatsupply","article_publisher":"https:\/\/www.facebook.com\/heatsupplyNL","article_modified_time":"2026-04-03T18:36:04+00:00","og_image":[{"width":1400,"height":1400,"url":"https:\/\/www.heatsupply.nl\/wp-content\/uploads\/2025\/04\/drizzle-supreme-spicy-crispy-chili-oil.jpg","type":"image\/jpeg"}],"twitter_card":"summary_large_image","twitter_misc":{"Preis":"&euro;9,95","Verf\u00fcgbarkeit":"Auf Lager"},"schema":{"@context":"https:\/\/schema.org","@graph":[{"@type":"WebPage","@id":"https:\/\/www.heatsupply.nl\/de\/produkt\/drizzle-supreme-spicy-crispy-chili-oil\/","url":"https:\/\/www.heatsupply.nl\/de\/produkt\/drizzle-supreme-spicy-crispy-chili-oil\/","name":"Drizzle Supreme Spicy Crispy Chili Oil - Heatsupply","isPartOf":{"@id":"https:\/\/www.heatsupply.nl\/de\/#website"},"primaryImageOfPage":{"@id":"https:\/\/www.heatsupply.nl\/de\/produkt\/drizzle-supreme-spicy-crispy-chili-oil\/#primaryimage"},"image":{"@id":"https:\/\/www.heatsupply.nl\/de\/produkt\/drizzle-supreme-spicy-crispy-chili-oil\/#primaryimage"},"thumbnailUrl":"https:\/\/www.heatsupply.nl\/wp-content\/uploads\/2025\/04\/drizzle-supreme-spicy-crispy-chili-oil.jpg","datePublished":"2025-04-07T12:41:11+00:00","dateModified":"2026-04-03T18:36:04+00:00","description":"Drizzle Supreme Spicy Crispy Chili Oil verleiht jeder Mahlzeit den perfekten Crunch, w\u00e4hrend die Bird's Eye Chilischoten f\u00fcr eine w\u00fcrzige Note sorgen.","breadcrumb":{"@id":"https:\/\/www.heatsupply.nl\/de\/produkt\/drizzle-supreme-spicy-crispy-chili-oil\/#breadcrumb"},"inLanguage":"de","potentialAction":[{"@type":"ReadAction","target":["https:\/\/www.heatsupply.nl\/de\/produkt\/drizzle-supreme-spicy-crispy-chili-oil\/"]}]},{"@type":"ImageObject","inLanguage":"de","@id":"https:\/\/www.heatsupply.nl\/de\/produkt\/drizzle-supreme-spicy-crispy-chili-oil\/#primaryimage","url":"https:\/\/www.heatsupply.nl\/wp-content\/uploads\/2025\/04\/drizzle-supreme-spicy-crispy-chili-oil.jpg","contentUrl":"https:\/\/www.heatsupply.nl\/wp-content\/uploads\/2025\/04\/drizzle-supreme-spicy-crispy-chili-oil.jpg","width":1400,"height":1400,"caption":"drizzle supreme spicy crispy chili oil"},{"@type":"BreadcrumbList","@id":"https:\/\/www.heatsupply.nl\/de\/produkt\/drizzle-supreme-spicy-crispy-chili-oil\/#breadcrumb","itemListElement":[{"@type":"ListItem","position":1,"name":"Home","item":"https:\/\/www.heatsupply.nl\/de\/"},{"@type":"ListItem","position":2,"name":"Alle produkten","item":"https:\/\/www.heatsupply.nl\/de\/alle-produkten\/"},{"@type":"ListItem","position":3,"name":"Crispy Chili Oil","item":"https:\/\/www.heatsupply.nl\/de\/crispy-chilioel\/"},{"@type":"ListItem","position":4,"name":"Drizzle Supreme Spicy Crispy Chili Oil"}]},{"@type":"WebSite","@id":"https:\/\/www.heatsupply.nl\/de\/#website","url":"https:\/\/www.heatsupply.nl\/de\/","name":"Heatsupply","description":"Hot sauce webstore #1 in Europe","publisher":{"@id":"https:\/\/www.heatsupply.nl\/de\/#organization"},"potentialAction":[{"@type":"SearchAction","target":{"@type":"EntryPoint","urlTemplate":"https:\/\/www.heatsupply.nl\/de\/?s={search_term_string}"},"query-input":{"@type":"PropertyValueSpecification","valueRequired":true,"valueName":"search_term_string"}}],"inLanguage":"de"},{"@type":"Organization","@id":"https:\/\/www.heatsupply.nl\/de\/#organization","name":"Heatsupply","url":"https:\/\/www.heatsupply.nl\/de\/","logo":{"@type":"ImageObject","inLanguage":"de","@id":"https:\/\/www.heatsupply.nl\/de\/#\/schema\/logo\/image\/","url":"https:\/\/www.heatsupply.nl\/wp-content\/uploads\/2022\/10\/heatsupply-logo-rood.jpg","contentUrl":"https:\/\/www.heatsupply.nl\/wp-content\/uploads\/2022\/10\/heatsupply-logo-rood.jpg","width":1000,"height":335,"caption":"Heatsupply"},"image":{"@id":"https:\/\/www.heatsupply.nl\/de\/#\/schema\/logo\/image\/"},"sameAs":["https:\/\/www.facebook.com\/heatsupplyNL","https:\/\/www.instagram.com\/heatsuppy.nl","https:\/\/www.youtube.com\/channel\/UC5pOWqQtljvxTz2SMWGWCsw"]}]},"product_price_amount":"9.95","product_price_currency":"EUR","og_availability":"instock","product_availability":"instock","product_retailer_item_id":"DRIZZSS002","product_condition":"new"},"_links":{"self":[{"href":"https:\/\/www.heatsupply.nl\/de\/wp-json\/wp\/v2\/product\/174205","targetHints":{"allow":["GET"]}}],"collection":[{"href":"https:\/\/www.heatsupply.nl\/de\/wp-json\/wp\/v2\/product"}],"about":[{"href":"https:\/\/www.heatsupply.nl\/de\/wp-json\/wp\/v2\/types\/product"}],"replies":[{"embeddable":true,"href":"https:\/\/www.heatsupply.nl\/de\/wp-json\/wp\/v2\/comments?post=174205"}],"wp:featuredmedia":[{"embeddable":true,"href":"https:\/\/www.heatsupply.nl\/de\/wp-json\/wp\/v2\/media\/174016"}],"wp:attachment":[{"href":"https:\/\/www.heatsupply.nl\/de\/wp-json\/wp\/v2\/media?parent=174205"}],"wp:term":[{"taxonomy":"product_brand","embeddable":true,"href":"https:\/\/www.heatsupply.nl\/de\/wp-json\/wp\/v2\/product_brand?post=174205"},{"taxonomy":"product_cat","embeddable":true,"href":"https:\/\/www.heatsupply.nl\/de\/wp-json\/wp\/v2\/product_cat?post=174205"},{"taxonomy":"product_tag","embeddable":true,"href":"https:\/\/www.heatsupply.nl\/de\/wp-json\/wp\/v2\/product_tag?post=174205"}],"curies":[{"name":"wp","href":"https:\/\/api.w.org\/{rel}","templated":true}]}}