{"id":173164,"date":"2025-03-27T16:25:47","date_gmt":"2025-03-27T15:25:47","guid":{"rendered":"https:\/\/www.heatsupply.nl\/?post_type=product&#038;p=173164"},"modified":"2026-05-07T18:05:24","modified_gmt":"2026-05-07T16:05:24","slug":"dawsons-apple-caraway-hot-sauce","status":"publish","type":"product","link":"https:\/\/www.heatsupply.nl\/de\/produkt\/dawsons-apple-caraway-hot-sauce\/","title":{"rendered":"Dawson&#8217;s Apple Caraway Hot Sauce"},"content":{"rendered":"<p><strong>Zutaten f\u00fcr Dawson&#8217;s Apple Caraway Hot Sauce<\/strong>: Chilischoten, Zucker (Apfelsaft, Dosenzucker), Essig (enth\u00e4lt <strong>SULFIT<\/strong>), Datteln, Habanerop\u00fcree (Habanero, Essig), Zitrone, K\u00fcmmel (1,15 %), Meersalz.<\/p>\n<p>Allergene: Kann <strong>N\u00fcssen, Erdn\u00fcssen, Soja, Milch, Senf und Sesam<\/strong> enthalten.<\/p>\n<p>Diese Sauce ist auch aus der YouTube-Serie <a href=\"https:\/\/www.heatsupply.nl\/de\/scharfe-sossen\/hot-ones-saucen\/\"><strong>Hot Ones<\/strong><\/a> bekannt. In Staffel 25 war diese Sauce auf Hot Wing Nr. 5 von 10.<\/p>\n<p><span style=\"text-decoration: underline;\">N\u00e4hrwerte pro 100 g:<\/span><br \/>\nEnergie: 387 kJ\/114 kcal<br \/>\nFett: 0 g<br \/>\ndavon ges\u00e4ttigte Fetts\u00e4uren: 0 g<br \/>\nKohlenhydrate: 26 g<br \/>\ndavon Zucker: 25 g<br \/>\nEiwei\u00df: 1 g<br \/>\nSalz: 0,77 g<\/p>\n<p>Vor Gebrauch sch\u00fctteln und nach dem \u00d6ffnen im K\u00fchlschrank aufbewahren.<\/p>\n","protected":false},"excerpt":{"rendered":"<p style=\"text-align: justify;\">Hast du schon mal vom Gew\u00fcrz K\u00fcmmel geh\u00f6rt? Wir kannten es auch noch nicht so gut, aber dieses Gew\u00fcrz wurde also f\u00fcr diese Dawson&#8217;s Apple Caraway Hot Sauce verwendet. Das Gew\u00fcrz ist sehr aromatisch und hat einen nussigen Geschmack mit Noten von Anis und Fenchel. Super dominierend ist es nicht, denn der Apfel und die Datteln sorgen f\u00fcr einen lecker s\u00fc\u00dfen Geschmack und der Habanero f\u00fcgt einen frischen und fruchtigen Geschmack hinzu, der auch noch die n\u00f6tige Hitze hat. Zitrone und Essig geben mit einer feinen S\u00e4ure den letzten Schliff. Sehr lecker in typischen Herbstgerichten und Eint\u00f6pfen, aber auch super in einem sommerlichen Salat oder zu gegrilltem Gem\u00fcse.<\/p>\n<ul>\n<li style=\"text-align: justify;\">Herkunft: Hamilton, Kanada<\/li>\n<li style=\"text-align: justify;\">Inhalt: 155ml<\/li>\n<\/ul>\n","protected":false},"featured_media":173240,"comment_status":"open","ping_status":"closed","template":"","meta":{"_acf_changed":false},"product_brand":[],"product_cat":[3913,3789,3787,4046],"product_tag":[],"class_list":{"0":"post-173164","1":"product","2":"type-product","3":"status-publish","4":"has-post-thumbnail","6":"product_cat-habanero","7":"product_cat-hot-ones-saucen","8":"product_cat-scharfe-sossen","9":"product_cat-spicy","11":"first","12":"outofstock","13":"taxable","14":"shipping-taxable","15":"purchasable","16":"product-type-simple"},"bundled_by":[],"bundle_stock_status":"outofstock","bundle_stock_quantity":0,"bundle_virtual":false,"bundle_layout":"","bundle_add_to_cart_form_location":"","bundle_editable_in_cart":false,"bundle_sold_individually_context":"","bundle_item_grouping":"","bundle_min_size":"","bundle_max_size":"","bundle_price":[],"bundled_items":[],"bundle_sell_ids":[],"acf":[],"yoast_head":"<!-- This site is optimized with the Yoast SEO Premium plugin v27.5 (Yoast SEO v27.5) - https:\/\/yoast.com\/product\/yoast-seo-premium-wordpress\/ -->\n<title>Dawson&#039;s Apple Caraway Hot Sauce - Heatsupply<\/title>\n<meta name=\"description\" content=\"Diese Dawson&#039;s Apple Caraway Hot Sauce wird mit K\u00fcmmel hergestellt. Das ist ein aromatisches Kraut mit einem nussigen Geschmack und Anisaromen. Bestell sie hier!\" \/>\n<meta name=\"robots\" content=\"index, follow, max-snippet:-1, max-image-preview:large, max-video-preview:-1\" \/>\n<link rel=\"canonical\" href=\"https:\/\/www.heatsupply.nl\/de\/produkt\/dawsons-apple-caraway-hot-sauce\/\" \/>\n<meta property=\"og:locale\" content=\"de_DE\" \/>\n<meta property=\"og:type\" content=\"article\" \/>\n<meta property=\"og:title\" content=\"Dawson&#039;s Apple Caraway Hot Sauce\" \/>\n<meta property=\"og:description\" content=\"Diese Dawson&#039;s Apple Caraway Hot Sauce wird mit K\u00fcmmel hergestellt. Das ist ein aromatisches Kraut mit einem nussigen Geschmack und Anisaromen. Bestell sie hier!\" \/>\n<meta property=\"og:url\" content=\"https:\/\/www.heatsupply.nl\/de\/produkt\/dawsons-apple-caraway-hot-sauce\/\" \/>\n<meta property=\"og:site_name\" content=\"Heatsupply\" \/>\n<meta property=\"article:publisher\" content=\"https:\/\/www.facebook.com\/heatsupplyNL\" \/>\n<meta property=\"article:modified_time\" content=\"2026-05-07T16:05:24+00:00\" \/>\n<meta property=\"og:image\" content=\"https:\/\/www.heatsupply.nl\/wp-content\/uploads\/2025\/03\/dawsons-apple-caraway-hot-sauce.jpg\" \/>\n\t<meta property=\"og:image:width\" content=\"1400\" \/>\n\t<meta property=\"og:image:height\" content=\"1400\" \/>\n\t<meta property=\"og:image:type\" content=\"image\/jpeg\" \/>\n<meta name=\"twitter:card\" content=\"summary_large_image\" \/>\n<meta name=\"twitter:label1\" content=\"Preis\" \/>\n\t<meta name=\"twitter:data1\" content=\"&euro;10,95\" \/>\n\t<meta name=\"twitter:label2\" content=\"Verf\u00fcgbarkeit\" \/>\n\t<meta name=\"twitter:data2\" content=\"ausverkauft\" \/>\n<script type=\"application\/ld+json\" class=\"yoast-schema-graph\">{\"@context\":\"https:\\\/\\\/schema.org\",\"@graph\":[{\"@type\":\"WebPage\",\"@id\":\"https:\\\/\\\/www.heatsupply.nl\\\/de\\\/produkt\\\/dawsons-apple-caraway-hot-sauce\\\/\",\"url\":\"https:\\\/\\\/www.heatsupply.nl\\\/de\\\/produkt\\\/dawsons-apple-caraway-hot-sauce\\\/\",\"name\":\"Dawson's Apple Caraway Hot Sauce - Heatsupply\",\"isPartOf\":{\"@id\":\"https:\\\/\\\/www.heatsupply.nl\\\/de\\\/#website\"},\"primaryImageOfPage\":{\"@id\":\"https:\\\/\\\/www.heatsupply.nl\\\/de\\\/produkt\\\/dawsons-apple-caraway-hot-sauce\\\/#primaryimage\"},\"image\":{\"@id\":\"https:\\\/\\\/www.heatsupply.nl\\\/de\\\/produkt\\\/dawsons-apple-caraway-hot-sauce\\\/#primaryimage\"},\"thumbnailUrl\":\"https:\\\/\\\/www.heatsupply.nl\\\/wp-content\\\/uploads\\\/2025\\\/03\\\/dawsons-apple-caraway-hot-sauce.jpg\",\"datePublished\":\"2025-03-27T15:25:47+00:00\",\"dateModified\":\"2026-05-07T16:05:24+00:00\",\"description\":\"Diese Dawson's Apple Caraway Hot Sauce wird mit K\u00fcmmel hergestellt. Das ist ein aromatisches Kraut mit einem nussigen Geschmack und Anisaromen. Bestell sie hier!\",\"breadcrumb\":{\"@id\":\"https:\\\/\\\/www.heatsupply.nl\\\/de\\\/produkt\\\/dawsons-apple-caraway-hot-sauce\\\/#breadcrumb\"},\"inLanguage\":\"de\",\"potentialAction\":[{\"@type\":\"ReadAction\",\"target\":[\"https:\\\/\\\/www.heatsupply.nl\\\/de\\\/produkt\\\/dawsons-apple-caraway-hot-sauce\\\/\"]}]},{\"@type\":\"ImageObject\",\"inLanguage\":\"de\",\"@id\":\"https:\\\/\\\/www.heatsupply.nl\\\/de\\\/produkt\\\/dawsons-apple-caraway-hot-sauce\\\/#primaryimage\",\"url\":\"https:\\\/\\\/www.heatsupply.nl\\\/wp-content\\\/uploads\\\/2025\\\/03\\\/dawsons-apple-caraway-hot-sauce.jpg\",\"contentUrl\":\"https:\\\/\\\/www.heatsupply.nl\\\/wp-content\\\/uploads\\\/2025\\\/03\\\/dawsons-apple-caraway-hot-sauce.jpg\",\"width\":1400,\"height\":1400,\"caption\":\"dawson's apple caraway hot sauce\"},{\"@type\":\"BreadcrumbList\",\"@id\":\"https:\\\/\\\/www.heatsupply.nl\\\/de\\\/produkt\\\/dawsons-apple-caraway-hot-sauce\\\/#breadcrumb\",\"itemListElement\":[{\"@type\":\"ListItem\",\"position\":1,\"name\":\"Home\",\"item\":\"https:\\\/\\\/www.heatsupply.nl\\\/de\\\/\"},{\"@type\":\"ListItem\",\"position\":2,\"name\":\"Alle produkten\",\"item\":\"https:\\\/\\\/www.heatsupply.nl\\\/de\\\/alle-produkten\\\/\"},{\"@type\":\"ListItem\",\"position\":3,\"name\":\"Scharfe So\u00dfen\",\"item\":\"https:\\\/\\\/www.heatsupply.nl\\\/de\\\/scharfe-sossen\\\/\"},{\"@type\":\"ListItem\",\"position\":4,\"name\":\"Dawson&#8217;s Apple Caraway Hot Sauce\"}]},{\"@type\":\"WebSite\",\"@id\":\"https:\\\/\\\/www.heatsupply.nl\\\/de\\\/#website\",\"url\":\"https:\\\/\\\/www.heatsupply.nl\\\/de\\\/\",\"name\":\"Heatsupply\",\"description\":\"Hot sauce webstore #1 in Europe\",\"publisher\":{\"@id\":\"https:\\\/\\\/www.heatsupply.nl\\\/de\\\/#organization\"},\"potentialAction\":[{\"@type\":\"SearchAction\",\"target\":{\"@type\":\"EntryPoint\",\"urlTemplate\":\"https:\\\/\\\/www.heatsupply.nl\\\/de\\\/?s={search_term_string}\"},\"query-input\":{\"@type\":\"PropertyValueSpecification\",\"valueRequired\":true,\"valueName\":\"search_term_string\"}}],\"inLanguage\":\"de\"},{\"@type\":\"Organization\",\"@id\":\"https:\\\/\\\/www.heatsupply.nl\\\/de\\\/#organization\",\"name\":\"Heatsupply\",\"url\":\"https:\\\/\\\/www.heatsupply.nl\\\/de\\\/\",\"logo\":{\"@type\":\"ImageObject\",\"inLanguage\":\"de\",\"@id\":\"https:\\\/\\\/www.heatsupply.nl\\\/de\\\/#\\\/schema\\\/logo\\\/image\\\/\",\"url\":\"https:\\\/\\\/www.heatsupply.nl\\\/wp-content\\\/uploads\\\/2022\\\/10\\\/heatsupply-logo-rood.jpg\",\"contentUrl\":\"https:\\\/\\\/www.heatsupply.nl\\\/wp-content\\\/uploads\\\/2022\\\/10\\\/heatsupply-logo-rood.jpg\",\"width\":1000,\"height\":335,\"caption\":\"Heatsupply\"},\"image\":{\"@id\":\"https:\\\/\\\/www.heatsupply.nl\\\/de\\\/#\\\/schema\\\/logo\\\/image\\\/\"},\"sameAs\":[\"https:\\\/\\\/www.facebook.com\\\/heatsupplyNL\",\"https:\\\/\\\/www.instagram.com\\\/heatsuppy.nl\",\"https:\\\/\\\/www.youtube.com\\\/channel\\\/UC5pOWqQtljvxTz2SMWGWCsw\"]}]}<\/script>\n<meta property=\"product:brand\" content=\"Dawson&#039;s\" \/>\n<meta property=\"product:price:amount\" content=\"10.95\" \/>\n<meta property=\"product:price:currency\" content=\"EUR\" \/>\n<meta property=\"og:availability\" content=\"out of stock\" \/>\n<meta property=\"product:availability\" content=\"out of stock\" \/>\n<meta property=\"product:retailer_item_id\" content=\"DAWCARA002\" \/>\n<meta property=\"product:condition\" content=\"new\" \/>\n<!-- \/ Yoast SEO Premium plugin. -->","yoast_head_json":{"title":"Dawson's Apple Caraway Hot Sauce - Heatsupply","description":"Diese Dawson's Apple Caraway Hot Sauce wird mit K\u00fcmmel hergestellt. Das ist ein aromatisches Kraut mit einem nussigen Geschmack und Anisaromen. Bestell sie hier!","robots":{"index":"index","follow":"follow","max-snippet":"max-snippet:-1","max-image-preview":"max-image-preview:large","max-video-preview":"max-video-preview:-1"},"canonical":"https:\/\/www.heatsupply.nl\/de\/produkt\/dawsons-apple-caraway-hot-sauce\/","og_locale":"de_DE","og_type":"article","og_title":"Dawson's Apple Caraway Hot Sauce","og_description":"Diese Dawson's Apple Caraway Hot Sauce wird mit K\u00fcmmel hergestellt. Das ist ein aromatisches Kraut mit einem nussigen Geschmack und Anisaromen. Bestell sie hier!","og_url":"https:\/\/www.heatsupply.nl\/de\/produkt\/dawsons-apple-caraway-hot-sauce\/","og_site_name":"Heatsupply","article_publisher":"https:\/\/www.facebook.com\/heatsupplyNL","article_modified_time":"2026-05-07T16:05:24+00:00","og_image":[{"width":1400,"height":1400,"url":"https:\/\/www.heatsupply.nl\/wp-content\/uploads\/2025\/03\/dawsons-apple-caraway-hot-sauce.jpg","type":"image\/jpeg"}],"twitter_card":"summary_large_image","twitter_misc":{"Preis":"&euro;10,95","Verf\u00fcgbarkeit":"ausverkauft"},"schema":{"@context":"https:\/\/schema.org","@graph":[{"@type":"WebPage","@id":"https:\/\/www.heatsupply.nl\/de\/produkt\/dawsons-apple-caraway-hot-sauce\/","url":"https:\/\/www.heatsupply.nl\/de\/produkt\/dawsons-apple-caraway-hot-sauce\/","name":"Dawson's Apple Caraway Hot Sauce - Heatsupply","isPartOf":{"@id":"https:\/\/www.heatsupply.nl\/de\/#website"},"primaryImageOfPage":{"@id":"https:\/\/www.heatsupply.nl\/de\/produkt\/dawsons-apple-caraway-hot-sauce\/#primaryimage"},"image":{"@id":"https:\/\/www.heatsupply.nl\/de\/produkt\/dawsons-apple-caraway-hot-sauce\/#primaryimage"},"thumbnailUrl":"https:\/\/www.heatsupply.nl\/wp-content\/uploads\/2025\/03\/dawsons-apple-caraway-hot-sauce.jpg","datePublished":"2025-03-27T15:25:47+00:00","dateModified":"2026-05-07T16:05:24+00:00","description":"Diese Dawson's Apple Caraway Hot Sauce wird mit K\u00fcmmel hergestellt. Das ist ein aromatisches Kraut mit einem nussigen Geschmack und Anisaromen. Bestell sie hier!","breadcrumb":{"@id":"https:\/\/www.heatsupply.nl\/de\/produkt\/dawsons-apple-caraway-hot-sauce\/#breadcrumb"},"inLanguage":"de","potentialAction":[{"@type":"ReadAction","target":["https:\/\/www.heatsupply.nl\/de\/produkt\/dawsons-apple-caraway-hot-sauce\/"]}]},{"@type":"ImageObject","inLanguage":"de","@id":"https:\/\/www.heatsupply.nl\/de\/produkt\/dawsons-apple-caraway-hot-sauce\/#primaryimage","url":"https:\/\/www.heatsupply.nl\/wp-content\/uploads\/2025\/03\/dawsons-apple-caraway-hot-sauce.jpg","contentUrl":"https:\/\/www.heatsupply.nl\/wp-content\/uploads\/2025\/03\/dawsons-apple-caraway-hot-sauce.jpg","width":1400,"height":1400,"caption":"dawson's apple caraway hot sauce"},{"@type":"BreadcrumbList","@id":"https:\/\/www.heatsupply.nl\/de\/produkt\/dawsons-apple-caraway-hot-sauce\/#breadcrumb","itemListElement":[{"@type":"ListItem","position":1,"name":"Home","item":"https:\/\/www.heatsupply.nl\/de\/"},{"@type":"ListItem","position":2,"name":"Alle produkten","item":"https:\/\/www.heatsupply.nl\/de\/alle-produkten\/"},{"@type":"ListItem","position":3,"name":"Scharfe So\u00dfen","item":"https:\/\/www.heatsupply.nl\/de\/scharfe-sossen\/"},{"@type":"ListItem","position":4,"name":"Dawson&#8217;s Apple Caraway Hot Sauce"}]},{"@type":"WebSite","@id":"https:\/\/www.heatsupply.nl\/de\/#website","url":"https:\/\/www.heatsupply.nl\/de\/","name":"Heatsupply","description":"Hot sauce webstore #1 in Europe","publisher":{"@id":"https:\/\/www.heatsupply.nl\/de\/#organization"},"potentialAction":[{"@type":"SearchAction","target":{"@type":"EntryPoint","urlTemplate":"https:\/\/www.heatsupply.nl\/de\/?s={search_term_string}"},"query-input":{"@type":"PropertyValueSpecification","valueRequired":true,"valueName":"search_term_string"}}],"inLanguage":"de"},{"@type":"Organization","@id":"https:\/\/www.heatsupply.nl\/de\/#organization","name":"Heatsupply","url":"https:\/\/www.heatsupply.nl\/de\/","logo":{"@type":"ImageObject","inLanguage":"de","@id":"https:\/\/www.heatsupply.nl\/de\/#\/schema\/logo\/image\/","url":"https:\/\/www.heatsupply.nl\/wp-content\/uploads\/2022\/10\/heatsupply-logo-rood.jpg","contentUrl":"https:\/\/www.heatsupply.nl\/wp-content\/uploads\/2022\/10\/heatsupply-logo-rood.jpg","width":1000,"height":335,"caption":"Heatsupply"},"image":{"@id":"https:\/\/www.heatsupply.nl\/de\/#\/schema\/logo\/image\/"},"sameAs":["https:\/\/www.facebook.com\/heatsupplyNL","https:\/\/www.instagram.com\/heatsuppy.nl","https:\/\/www.youtube.com\/channel\/UC5pOWqQtljvxTz2SMWGWCsw"]}]},"product_brand":"Dawson&#039;s","product_price_amount":"10.95","product_price_currency":"EUR","og_availability":"out of stock","product_availability":"out of stock","product_retailer_item_id":"DAWCARA002","product_condition":"new"},"_links":{"self":[{"href":"https:\/\/www.heatsupply.nl\/de\/wp-json\/wp\/v2\/product\/173164","targetHints":{"allow":["GET"]}}],"collection":[{"href":"https:\/\/www.heatsupply.nl\/de\/wp-json\/wp\/v2\/product"}],"about":[{"href":"https:\/\/www.heatsupply.nl\/de\/wp-json\/wp\/v2\/types\/product"}],"replies":[{"embeddable":true,"href":"https:\/\/www.heatsupply.nl\/de\/wp-json\/wp\/v2\/comments?post=173164"}],"wp:featuredmedia":[{"embeddable":true,"href":"https:\/\/www.heatsupply.nl\/de\/wp-json\/wp\/v2\/media\/173240"}],"wp:attachment":[{"href":"https:\/\/www.heatsupply.nl\/de\/wp-json\/wp\/v2\/media?parent=173164"}],"wp:term":[{"taxonomy":"product_brand","embeddable":true,"href":"https:\/\/www.heatsupply.nl\/de\/wp-json\/wp\/v2\/product_brand?post=173164"},{"taxonomy":"product_cat","embeddable":true,"href":"https:\/\/www.heatsupply.nl\/de\/wp-json\/wp\/v2\/product_cat?post=173164"},{"taxonomy":"product_tag","embeddable":true,"href":"https:\/\/www.heatsupply.nl\/de\/wp-json\/wp\/v2\/product_tag?post=173164"}],"curies":[{"name":"wp","href":"https:\/\/api.w.org\/{rel}","templated":true}]}}