{"id":172498,"date":"2026-04-15T20:00:17","date_gmt":"2026-04-15T18:00:17","guid":{"rendered":"https:\/\/www.heatsupply.nl\/?post_type=product&#038;p=172498"},"modified":"2026-05-12T12:36:49","modified_gmt":"2026-05-12T10:36:49","slug":"heatsupplys-crispy-chili-oil","status":"publish","type":"product","link":"https:\/\/www.heatsupply.nl\/de\/produkt\/heatsupplys-crispy-chili-oil\/","title":{"rendered":"Heatsupply&#8217;s Crispy Chili Oil &#8211; Beste holl\u00e4ndische Chili\u00f6l 2025"},"content":{"rendered":"<p><strong>Zutaten Heatsupply&#8217;s Crispy Chili Oil<\/strong>: Sonnenblumen\u00f6l (74,8 %), rote Chiliflocken (7 %), Zwiebel, Knoblauch (4,9 %), SESAMSAMEN (2,2 %), Zucker, Salz, Waldpilzbr\u00fche, Szechuan-Pfeffer (0,8 %), Zimt.<\/p>\n<p><span style=\"text-decoration: underline;\">N\u00e4hrwerte pro 100g:<\/span><br \/>\nEnergie: 2993 kJ\/715 kcal<br \/>\nFett: 74,8 Gramm<br \/>\ndavon ges\u00e4ttigte Fetts\u00e4uren: 8,5 Gramm<br \/>\nKohlenhydrate: 10,4 Gramm<br \/>\ndavon Zucker: 4,2 Gramm<br \/>\nBallaststoffe: 3,1 Gramm<br \/>\nProtein: 3,1 Gramm<br \/>\nSalz: 2,1 Gramm<\/p>\n<p>K\u00fchl und dunkel lagern (&lt;20 Grad). Nach dem \u00d6ffnen im K\u00fchlschrank aufbewahren.<\/p>\n","protected":false},"excerpt":{"rendered":"<p style=\"text-align: justify;\">Entdecke deine neue Sucht: Heatsupply&#8217;s Crispy Chili Oil. Dieses Chili\u00f6l ist vollgepackt mit Knoblauch, knusprigen Zwiebelst\u00fcckchen, hat einen tollen Sesamgeschmack, knallt wie eine Umami-Bombe und der Szechuan-Chili hinterl\u00e4sst ein kribbelndes Gef\u00fchl in deinem Mund. Unser Chili Crisp ist super vielseitig und verleiht all deinen Lieblingsgerichten eine herrliche Textur. Von Nudeln bis zum Erdnussbutterbrot und von Eiern bis zur Pizza &#8211; du kannst es \u00fcberall draufgeben und es wird einfach besser!<\/p>\n<p>Dieses Chili\u00f6l ist relativ mild. Wenn Sie es lieber sch\u00e4rfer m\u00f6gen, ist unser <a href=\"https:\/\/www.heatsupply.nl\/de\/produkt\/heatsupply-extra-hot-crispy-chiliol\/\"><b>Extra Hot Crispy Chili Oil<\/b><\/a> eine perfekte Alternative.<\/p>\n<ul>\n<li style=\"text-align: justify;\">Herkunft: Niederlande<\/li>\n<li style=\"text-align: justify;\">Inhalt: 200ml<\/li>\n<\/ul>\n","protected":false},"featured_media":176016,"comment_status":"open","ping_status":"closed","template":"","meta":{"_acf_changed":false},"product_brand":[],"product_cat":[3909,4115,4011,4046,3788],"product_tag":[],"class_list":{"0":"post-172498","1":"product","2":"type-product","3":"status-publish","4":"has-post-thumbnail","6":"product_cat-crispy-chilioel","7":"product_cat-fruehling-deals","8":"product_cat-heatsupply-originals","9":"product_cat-spicy","10":"product_cat-top-10","12":"first","13":"instock","14":"taxable","15":"shipping-taxable","16":"purchasable","17":"product-type-simple"},"bundled_by":["174947","156433","181778","190773","190778","141217"],"bundle_stock_status":"instock","bundle_stock_quantity":null,"bundle_virtual":false,"bundle_layout":"","bundle_add_to_cart_form_location":"","bundle_editable_in_cart":false,"bundle_sold_individually_context":"","bundle_item_grouping":"","bundle_min_size":"","bundle_max_size":"","bundle_price":[],"bundled_items":[],"bundle_sell_ids":[],"acf":[],"yoast_head":"<!-- This site is optimized with the Yoast SEO Premium plugin v27.5 (Yoast SEO v27.5) - https:\/\/yoast.com\/product\/yoast-seo-premium-wordpress\/ -->\n<title>Heatsupply&#039;s Crispy Chili Oil - Beste holl\u00e4ndische Chili\u00f6l 2025<\/title>\n<meta name=\"description\" content=\"Entdecke deine neue Sucht: Heatsupply&#039;s Crispy Chili Oil! Jede Menge Knoblauch, etwas Sesamsamen und Szechuan-Chili f\u00fcr dieses kribbelnde Gef\u00fchl.\" \/>\n<meta name=\"robots\" content=\"index, follow, max-snippet:-1, max-image-preview:large, max-video-preview:-1\" \/>\n<link rel=\"canonical\" href=\"https:\/\/www.heatsupply.nl\/de\/produkt\/heatsupplys-crispy-chili-oil\/\" \/>\n<meta property=\"og:locale\" content=\"de_DE\" \/>\n<meta property=\"og:type\" content=\"article\" \/>\n<meta property=\"og:title\" content=\"Heatsupply&#039;s Crispy Chili Oil - Beste holl\u00e4ndische Chili\u00f6l 2025\" \/>\n<meta property=\"og:description\" content=\"Entdecke deine neue Sucht: Heatsupply&#039;s Crispy Chili Oil! Jede Menge Knoblauch, etwas Sesamsamen und Szechuan-Chili f\u00fcr dieses kribbelnde Gef\u00fchl.\" \/>\n<meta property=\"og:url\" content=\"https:\/\/www.heatsupply.nl\/de\/produkt\/heatsupplys-crispy-chili-oil\/\" \/>\n<meta property=\"og:site_name\" content=\"Heatsupply\" \/>\n<meta property=\"article:publisher\" content=\"https:\/\/www.facebook.com\/heatsupplyNL\" \/>\n<meta property=\"article:modified_time\" content=\"2026-05-12T10:36:49+00:00\" \/>\n<meta property=\"og:image\" content=\"https:\/\/www.heatsupply.nl\/wp-content\/uploads\/2025\/04\/heatsupply-crispy-chili-oil-best-van-nederland-2025.jpg\" \/>\n\t<meta property=\"og:image:width\" content=\"1400\" \/>\n\t<meta property=\"og:image:height\" content=\"1400\" \/>\n\t<meta property=\"og:image:type\" content=\"image\/jpeg\" \/>\n<meta name=\"twitter:card\" content=\"summary_large_image\" \/>\n<meta name=\"twitter:label1\" content=\"Preis\" \/>\n\t<meta name=\"twitter:data1\" content=\"&euro;8,95\" \/>\n\t<meta name=\"twitter:label2\" content=\"Verf\u00fcgbarkeit\" \/>\n\t<meta name=\"twitter:data2\" content=\"Auf Lager\" \/>\n<script type=\"application\/ld+json\" class=\"yoast-schema-graph\">{\"@context\":\"https:\\\/\\\/schema.org\",\"@graph\":[{\"@type\":\"WebPage\",\"@id\":\"https:\\\/\\\/www.heatsupply.nl\\\/de\\\/produkt\\\/heatsupplys-crispy-chili-oil\\\/\",\"url\":\"https:\\\/\\\/www.heatsupply.nl\\\/de\\\/produkt\\\/heatsupplys-crispy-chili-oil\\\/\",\"name\":\"Heatsupply's Crispy Chili Oil - Beste holl\u00e4ndische Chili\u00f6l 2025\",\"isPartOf\":{\"@id\":\"https:\\\/\\\/www.heatsupply.nl\\\/de\\\/#website\"},\"primaryImageOfPage\":{\"@id\":\"https:\\\/\\\/www.heatsupply.nl\\\/de\\\/produkt\\\/heatsupplys-crispy-chili-oil\\\/#primaryimage\"},\"image\":{\"@id\":\"https:\\\/\\\/www.heatsupply.nl\\\/de\\\/produkt\\\/heatsupplys-crispy-chili-oil\\\/#primaryimage\"},\"thumbnailUrl\":\"https:\\\/\\\/www.heatsupply.nl\\\/wp-content\\\/uploads\\\/2025\\\/04\\\/heatsupply-crispy-chili-oil-best-van-nederland-2025.jpg\",\"datePublished\":\"2026-04-15T18:00:17+00:00\",\"dateModified\":\"2026-05-12T10:36:49+00:00\",\"description\":\"Entdecke deine neue Sucht: Heatsupply's Crispy Chili Oil! Jede Menge Knoblauch, etwas Sesamsamen und Szechuan-Chili f\u00fcr dieses kribbelnde Gef\u00fchl.\",\"breadcrumb\":{\"@id\":\"https:\\\/\\\/www.heatsupply.nl\\\/de\\\/produkt\\\/heatsupplys-crispy-chili-oil\\\/#breadcrumb\"},\"inLanguage\":\"de\",\"potentialAction\":[{\"@type\":\"ReadAction\",\"target\":[\"https:\\\/\\\/www.heatsupply.nl\\\/de\\\/produkt\\\/heatsupplys-crispy-chili-oil\\\/\"]}]},{\"@type\":\"ImageObject\",\"inLanguage\":\"de\",\"@id\":\"https:\\\/\\\/www.heatsupply.nl\\\/de\\\/produkt\\\/heatsupplys-crispy-chili-oil\\\/#primaryimage\",\"url\":\"https:\\\/\\\/www.heatsupply.nl\\\/wp-content\\\/uploads\\\/2025\\\/04\\\/heatsupply-crispy-chili-oil-best-van-nederland-2025.jpg\",\"contentUrl\":\"https:\\\/\\\/www.heatsupply.nl\\\/wp-content\\\/uploads\\\/2025\\\/04\\\/heatsupply-crispy-chili-oil-best-van-nederland-2025.jpg\",\"width\":1400,\"height\":1400},{\"@type\":\"BreadcrumbList\",\"@id\":\"https:\\\/\\\/www.heatsupply.nl\\\/de\\\/produkt\\\/heatsupplys-crispy-chili-oil\\\/#breadcrumb\",\"itemListElement\":[{\"@type\":\"ListItem\",\"position\":1,\"name\":\"Home\",\"item\":\"https:\\\/\\\/www.heatsupply.nl\\\/de\\\/\"},{\"@type\":\"ListItem\",\"position\":2,\"name\":\"Alle produkten\",\"item\":\"https:\\\/\\\/www.heatsupply.nl\\\/de\\\/alle-produkten\\\/\"},{\"@type\":\"ListItem\",\"position\":3,\"name\":\"Crispy Chili Oil\",\"item\":\"https:\\\/\\\/www.heatsupply.nl\\\/de\\\/crispy-chilioel\\\/\"},{\"@type\":\"ListItem\",\"position\":4,\"name\":\"Heatsupply&#8217;s Crispy Chili Oil &#8211; Beste holl\u00e4ndische Chili\u00f6l 2025\"}]},{\"@type\":\"WebSite\",\"@id\":\"https:\\\/\\\/www.heatsupply.nl\\\/de\\\/#website\",\"url\":\"https:\\\/\\\/www.heatsupply.nl\\\/de\\\/\",\"name\":\"Heatsupply\",\"description\":\"Hot sauce webstore #1 in Europe\",\"publisher\":{\"@id\":\"https:\\\/\\\/www.heatsupply.nl\\\/de\\\/#organization\"},\"potentialAction\":[{\"@type\":\"SearchAction\",\"target\":{\"@type\":\"EntryPoint\",\"urlTemplate\":\"https:\\\/\\\/www.heatsupply.nl\\\/de\\\/?s={search_term_string}\"},\"query-input\":{\"@type\":\"PropertyValueSpecification\",\"valueRequired\":true,\"valueName\":\"search_term_string\"}}],\"inLanguage\":\"de\"},{\"@type\":\"Organization\",\"@id\":\"https:\\\/\\\/www.heatsupply.nl\\\/de\\\/#organization\",\"name\":\"Heatsupply\",\"url\":\"https:\\\/\\\/www.heatsupply.nl\\\/de\\\/\",\"logo\":{\"@type\":\"ImageObject\",\"inLanguage\":\"de\",\"@id\":\"https:\\\/\\\/www.heatsupply.nl\\\/de\\\/#\\\/schema\\\/logo\\\/image\\\/\",\"url\":\"https:\\\/\\\/www.heatsupply.nl\\\/wp-content\\\/uploads\\\/2022\\\/10\\\/heatsupply-logo-rood.jpg\",\"contentUrl\":\"https:\\\/\\\/www.heatsupply.nl\\\/wp-content\\\/uploads\\\/2022\\\/10\\\/heatsupply-logo-rood.jpg\",\"width\":1000,\"height\":335,\"caption\":\"Heatsupply\"},\"image\":{\"@id\":\"https:\\\/\\\/www.heatsupply.nl\\\/de\\\/#\\\/schema\\\/logo\\\/image\\\/\"},\"sameAs\":[\"https:\\\/\\\/www.facebook.com\\\/heatsupplyNL\",\"https:\\\/\\\/www.instagram.com\\\/heatsuppy.nl\",\"https:\\\/\\\/www.youtube.com\\\/channel\\\/UC5pOWqQtljvxTz2SMWGWCsw\"]}]}<\/script>\n<meta property=\"product:price:amount\" content=\"8.95\" \/>\n<meta property=\"product:price:currency\" content=\"EUR\" \/>\n<meta property=\"og:availability\" content=\"instock\" \/>\n<meta property=\"product:availability\" content=\"instock\" \/>\n<meta property=\"product:retailer_item_id\" content=\"HEATCHILIOIL007\" \/>\n<meta property=\"product:condition\" content=\"new\" \/>\n<!-- \/ Yoast SEO Premium plugin. -->","yoast_head_json":{"title":"Heatsupply's Crispy Chili Oil - Beste holl\u00e4ndische Chili\u00f6l 2025","description":"Entdecke deine neue Sucht: Heatsupply's Crispy Chili Oil! Jede Menge Knoblauch, etwas Sesamsamen und Szechuan-Chili f\u00fcr dieses kribbelnde Gef\u00fchl.","robots":{"index":"index","follow":"follow","max-snippet":"max-snippet:-1","max-image-preview":"max-image-preview:large","max-video-preview":"max-video-preview:-1"},"canonical":"https:\/\/www.heatsupply.nl\/de\/produkt\/heatsupplys-crispy-chili-oil\/","og_locale":"de_DE","og_type":"article","og_title":"Heatsupply's Crispy Chili Oil - Beste holl\u00e4ndische Chili\u00f6l 2025","og_description":"Entdecke deine neue Sucht: Heatsupply's Crispy Chili Oil! Jede Menge Knoblauch, etwas Sesamsamen und Szechuan-Chili f\u00fcr dieses kribbelnde Gef\u00fchl.","og_url":"https:\/\/www.heatsupply.nl\/de\/produkt\/heatsupplys-crispy-chili-oil\/","og_site_name":"Heatsupply","article_publisher":"https:\/\/www.facebook.com\/heatsupplyNL","article_modified_time":"2026-05-12T10:36:49+00:00","og_image":[{"width":1400,"height":1400,"url":"https:\/\/www.heatsupply.nl\/wp-content\/uploads\/2025\/04\/heatsupply-crispy-chili-oil-best-van-nederland-2025.jpg","type":"image\/jpeg"}],"twitter_card":"summary_large_image","twitter_misc":{"Preis":"&euro;8,95","Verf\u00fcgbarkeit":"Auf Lager"},"schema":{"@context":"https:\/\/schema.org","@graph":[{"@type":"WebPage","@id":"https:\/\/www.heatsupply.nl\/de\/produkt\/heatsupplys-crispy-chili-oil\/","url":"https:\/\/www.heatsupply.nl\/de\/produkt\/heatsupplys-crispy-chili-oil\/","name":"Heatsupply's Crispy Chili Oil - Beste holl\u00e4ndische Chili\u00f6l 2025","isPartOf":{"@id":"https:\/\/www.heatsupply.nl\/de\/#website"},"primaryImageOfPage":{"@id":"https:\/\/www.heatsupply.nl\/de\/produkt\/heatsupplys-crispy-chili-oil\/#primaryimage"},"image":{"@id":"https:\/\/www.heatsupply.nl\/de\/produkt\/heatsupplys-crispy-chili-oil\/#primaryimage"},"thumbnailUrl":"https:\/\/www.heatsupply.nl\/wp-content\/uploads\/2025\/04\/heatsupply-crispy-chili-oil-best-van-nederland-2025.jpg","datePublished":"2026-04-15T18:00:17+00:00","dateModified":"2026-05-12T10:36:49+00:00","description":"Entdecke deine neue Sucht: Heatsupply's Crispy Chili Oil! Jede Menge Knoblauch, etwas Sesamsamen und Szechuan-Chili f\u00fcr dieses kribbelnde Gef\u00fchl.","breadcrumb":{"@id":"https:\/\/www.heatsupply.nl\/de\/produkt\/heatsupplys-crispy-chili-oil\/#breadcrumb"},"inLanguage":"de","potentialAction":[{"@type":"ReadAction","target":["https:\/\/www.heatsupply.nl\/de\/produkt\/heatsupplys-crispy-chili-oil\/"]}]},{"@type":"ImageObject","inLanguage":"de","@id":"https:\/\/www.heatsupply.nl\/de\/produkt\/heatsupplys-crispy-chili-oil\/#primaryimage","url":"https:\/\/www.heatsupply.nl\/wp-content\/uploads\/2025\/04\/heatsupply-crispy-chili-oil-best-van-nederland-2025.jpg","contentUrl":"https:\/\/www.heatsupply.nl\/wp-content\/uploads\/2025\/04\/heatsupply-crispy-chili-oil-best-van-nederland-2025.jpg","width":1400,"height":1400},{"@type":"BreadcrumbList","@id":"https:\/\/www.heatsupply.nl\/de\/produkt\/heatsupplys-crispy-chili-oil\/#breadcrumb","itemListElement":[{"@type":"ListItem","position":1,"name":"Home","item":"https:\/\/www.heatsupply.nl\/de\/"},{"@type":"ListItem","position":2,"name":"Alle produkten","item":"https:\/\/www.heatsupply.nl\/de\/alle-produkten\/"},{"@type":"ListItem","position":3,"name":"Crispy Chili Oil","item":"https:\/\/www.heatsupply.nl\/de\/crispy-chilioel\/"},{"@type":"ListItem","position":4,"name":"Heatsupply&#8217;s Crispy Chili Oil &#8211; Beste holl\u00e4ndische Chili\u00f6l 2025"}]},{"@type":"WebSite","@id":"https:\/\/www.heatsupply.nl\/de\/#website","url":"https:\/\/www.heatsupply.nl\/de\/","name":"Heatsupply","description":"Hot sauce webstore #1 in Europe","publisher":{"@id":"https:\/\/www.heatsupply.nl\/de\/#organization"},"potentialAction":[{"@type":"SearchAction","target":{"@type":"EntryPoint","urlTemplate":"https:\/\/www.heatsupply.nl\/de\/?s={search_term_string}"},"query-input":{"@type":"PropertyValueSpecification","valueRequired":true,"valueName":"search_term_string"}}],"inLanguage":"de"},{"@type":"Organization","@id":"https:\/\/www.heatsupply.nl\/de\/#organization","name":"Heatsupply","url":"https:\/\/www.heatsupply.nl\/de\/","logo":{"@type":"ImageObject","inLanguage":"de","@id":"https:\/\/www.heatsupply.nl\/de\/#\/schema\/logo\/image\/","url":"https:\/\/www.heatsupply.nl\/wp-content\/uploads\/2022\/10\/heatsupply-logo-rood.jpg","contentUrl":"https:\/\/www.heatsupply.nl\/wp-content\/uploads\/2022\/10\/heatsupply-logo-rood.jpg","width":1000,"height":335,"caption":"Heatsupply"},"image":{"@id":"https:\/\/www.heatsupply.nl\/de\/#\/schema\/logo\/image\/"},"sameAs":["https:\/\/www.facebook.com\/heatsupplyNL","https:\/\/www.instagram.com\/heatsuppy.nl","https:\/\/www.youtube.com\/channel\/UC5pOWqQtljvxTz2SMWGWCsw"]}]},"product_price_amount":"8.95","product_price_currency":"EUR","og_availability":"instock","product_availability":"instock","product_retailer_item_id":"HEATCHILIOIL007","product_condition":"new"},"_links":{"self":[{"href":"https:\/\/www.heatsupply.nl\/de\/wp-json\/wp\/v2\/product\/172498","targetHints":{"allow":["GET"]}}],"collection":[{"href":"https:\/\/www.heatsupply.nl\/de\/wp-json\/wp\/v2\/product"}],"about":[{"href":"https:\/\/www.heatsupply.nl\/de\/wp-json\/wp\/v2\/types\/product"}],"replies":[{"embeddable":true,"href":"https:\/\/www.heatsupply.nl\/de\/wp-json\/wp\/v2\/comments?post=172498"}],"wp:featuredmedia":[{"embeddable":true,"href":"https:\/\/www.heatsupply.nl\/de\/wp-json\/wp\/v2\/media\/176016"}],"wp:attachment":[{"href":"https:\/\/www.heatsupply.nl\/de\/wp-json\/wp\/v2\/media?parent=172498"}],"wp:term":[{"taxonomy":"product_brand","embeddable":true,"href":"https:\/\/www.heatsupply.nl\/de\/wp-json\/wp\/v2\/product_brand?post=172498"},{"taxonomy":"product_cat","embeddable":true,"href":"https:\/\/www.heatsupply.nl\/de\/wp-json\/wp\/v2\/product_cat?post=172498"},{"taxonomy":"product_tag","embeddable":true,"href":"https:\/\/www.heatsupply.nl\/de\/wp-json\/wp\/v2\/product_tag?post=172498"}],"curies":[{"name":"wp","href":"https:\/\/api.w.org\/{rel}","templated":true}]}}