{"id":171289,"date":"2025-02-27T13:38:56","date_gmt":"2025-02-27T12:38:56","guid":{"rendered":"https:\/\/www.heatsupply.nl\/product\/frida-crispy-jalapeno-garlic-chili-oil\/"},"modified":"2025-09-12T10:21:08","modified_gmt":"2025-09-12T08:21:08","slug":"frida-crispy-jalapeno-garlic-chili-oil","status":"publish","type":"product","link":"https:\/\/www.heatsupply.nl\/de\/produkt\/frida-crispy-jalapeno-garlic-chili-oil\/","title":{"rendered":"Frida Crispy Jalape\u00f1o Garlic Chili Oil"},"content":{"rendered":"<p><strong>Zutaten Frida Crispy Jalape\u00f1o Garlic<\/strong>: Sonnenblumen\u00f6l, Oliven\u00f6l, rote Jalape\u00f1os, Knoblauch, Salz, Zitronensaft, Lorbeerblatt, schwarzer Pfeffer.<\/p>\n<p><span style=\"text-decoration: underline;\">N\u00e4hrwerte pro 100g:<\/span><br \/>\nEnergie: 750 kcal<br \/>\nFett: 81 Gramm<br \/>\ndavon ges\u00e4ttigte Fetts\u00e4uren: 8 Gramm<br \/>\nKohlenhydrate: 8 Gramm<br \/>\ndavon Zucker: 0 Gramm<br \/>\nEiwei\u00df: 3 Gramm<br \/>\nSalz: 2,58 Gramm<\/p>\n<p>Nach dem \u00d6ffnen gek\u00fchlt aufbewahren.<\/p>\n","protected":false},"excerpt":{"rendered":"<p style=\"text-align: justify;\">Diese Frida Crispy Jalapeno Garlic ist ein Chili\u00f6l im mexikanischen Stil, mit knusprigen St\u00fcckchen Jalape\u00f1o und Knoblauch. Die Jalape\u00f1o-St\u00fcckchen sind ziemlich gro\u00df, also kannst du einen ordentlichen Crunch erwarten, der fantastisch als Topping dient. Dazu wurden noch Knoblauch, Salz, Lorbeerblatt und schwarzer Pfeffer f\u00fcr einen extra herzhaften Geschmack hinzugef\u00fcgt. Verwende es als Topping auf all deinen Lieblings-mexikanischen Gerichten, oder zu einem Ei, Avocado-Toast, Pasta und vielem mehr.<\/p>\n<ul>\n<li style=\"text-align: justify;\">Herkunft: Niederlande<\/li>\n<li style=\"text-align: justify;\">Inhalt: 160 Gramm<\/li>\n<\/ul>\n","protected":false},"featured_media":171280,"comment_status":"open","ping_status":"closed","template":"","meta":{"_acf_changed":false},"product_brand":[],"product_cat":[3909,4046],"product_tag":[],"class_list":{"0":"post-171289","1":"product","2":"type-product","3":"status-publish","4":"has-post-thumbnail","6":"product_cat-crispy-chilioel","7":"product_cat-spicy","9":"first","10":"outofstock","11":"taxable","12":"shipping-taxable","13":"purchasable","14":"product-type-simple"},"bundled_by":[],"bundle_stock_status":"outofstock","bundle_stock_quantity":0,"bundle_virtual":false,"bundle_layout":"","bundle_add_to_cart_form_location":"","bundle_editable_in_cart":false,"bundle_sold_individually_context":"","bundle_item_grouping":"","bundle_min_size":"","bundle_max_size":"","bundle_price":[],"bundled_items":[],"bundle_sell_ids":[],"acf":[],"yoast_head":"<!-- This site is optimized with the Yoast SEO Premium plugin v27.5 (Yoast SEO v27.5) - https:\/\/yoast.com\/product\/yoast-seo-premium-wordpress\/ -->\n<title>Frida Crispy Jalape\u00f1o Garlic Chili Oil - Heatsupply<\/title>\n<meta name=\"description\" content=\"Frida Crispy Jalapeno Garlic ist ein mexikanisches Chili\u00f6l mit knusprigen St\u00fcckchen Jalape\u00f1o und Knoblauch. Ein herzhaftes und w\u00fcrziges Topping f\u00fcr all deine Gerichte!\" \/>\n<meta name=\"robots\" content=\"index, follow, max-snippet:-1, max-image-preview:large, max-video-preview:-1\" \/>\n<link rel=\"canonical\" href=\"https:\/\/www.heatsupply.nl\/de\/produkt\/frida-crispy-jalapeno-garlic-chili-oil\/\" \/>\n<meta property=\"og:locale\" content=\"de_DE\" \/>\n<meta property=\"og:type\" content=\"article\" \/>\n<meta property=\"og:title\" content=\"Frida Crispy Jalape\u00f1o Garlic Chili Oil\" \/>\n<meta property=\"og:description\" content=\"Frida Crispy Jalapeno Garlic ist ein mexikanisches Chili\u00f6l mit knusprigen St\u00fcckchen Jalape\u00f1o und Knoblauch. Ein herzhaftes und w\u00fcrziges Topping f\u00fcr all deine Gerichte!\" \/>\n<meta property=\"og:url\" content=\"https:\/\/www.heatsupply.nl\/de\/produkt\/frida-crispy-jalapeno-garlic-chili-oil\/\" \/>\n<meta property=\"og:site_name\" content=\"Heatsupply\" \/>\n<meta property=\"article:publisher\" content=\"https:\/\/www.facebook.com\/heatsupplyNL\" \/>\n<meta property=\"article:modified_time\" content=\"2025-09-12T08:21:08+00:00\" \/>\n<meta property=\"og:image\" content=\"https:\/\/www.heatsupply.nl\/wp-content\/uploads\/2025\/02\/frida-crispy-jalapeno-garlic.jpg\" \/>\n\t<meta property=\"og:image:width\" content=\"1400\" \/>\n\t<meta property=\"og:image:height\" content=\"1400\" \/>\n\t<meta property=\"og:image:type\" content=\"image\/jpeg\" \/>\n<meta name=\"twitter:card\" content=\"summary_large_image\" \/>\n<meta name=\"twitter:label1\" content=\"Preis\" \/>\n\t<meta name=\"twitter:data1\" content=\"&euro;9,95\" \/>\n\t<meta name=\"twitter:label2\" content=\"Verf\u00fcgbarkeit\" \/>\n\t<meta name=\"twitter:data2\" content=\"ausverkauft\" \/>\n<script type=\"application\/ld+json\" class=\"yoast-schema-graph\">{\"@context\":\"https:\\\/\\\/schema.org\",\"@graph\":[{\"@type\":\"WebPage\",\"@id\":\"https:\\\/\\\/www.heatsupply.nl\\\/de\\\/produkt\\\/frida-crispy-jalapeno-garlic-chili-oil\\\/\",\"url\":\"https:\\\/\\\/www.heatsupply.nl\\\/de\\\/produkt\\\/frida-crispy-jalapeno-garlic-chili-oil\\\/\",\"name\":\"Frida Crispy Jalape\u00f1o Garlic Chili Oil - Heatsupply\",\"isPartOf\":{\"@id\":\"https:\\\/\\\/www.heatsupply.nl\\\/de\\\/#website\"},\"primaryImageOfPage\":{\"@id\":\"https:\\\/\\\/www.heatsupply.nl\\\/de\\\/produkt\\\/frida-crispy-jalapeno-garlic-chili-oil\\\/#primaryimage\"},\"image\":{\"@id\":\"https:\\\/\\\/www.heatsupply.nl\\\/de\\\/produkt\\\/frida-crispy-jalapeno-garlic-chili-oil\\\/#primaryimage\"},\"thumbnailUrl\":\"https:\\\/\\\/www.heatsupply.nl\\\/wp-content\\\/uploads\\\/2025\\\/02\\\/frida-crispy-jalapeno-garlic.jpg\",\"datePublished\":\"2025-02-27T12:38:56+00:00\",\"dateModified\":\"2025-09-12T08:21:08+00:00\",\"description\":\"Frida Crispy Jalapeno Garlic ist ein mexikanisches Chili\u00f6l mit knusprigen St\u00fcckchen Jalape\u00f1o und Knoblauch. Ein herzhaftes und w\u00fcrziges Topping f\u00fcr all deine Gerichte!\",\"breadcrumb\":{\"@id\":\"https:\\\/\\\/www.heatsupply.nl\\\/de\\\/produkt\\\/frida-crispy-jalapeno-garlic-chili-oil\\\/#breadcrumb\"},\"inLanguage\":\"de\",\"potentialAction\":[{\"@type\":\"ReadAction\",\"target\":[\"https:\\\/\\\/www.heatsupply.nl\\\/de\\\/produkt\\\/frida-crispy-jalapeno-garlic-chili-oil\\\/\"]}]},{\"@type\":\"ImageObject\",\"inLanguage\":\"de\",\"@id\":\"https:\\\/\\\/www.heatsupply.nl\\\/de\\\/produkt\\\/frida-crispy-jalapeno-garlic-chili-oil\\\/#primaryimage\",\"url\":\"https:\\\/\\\/www.heatsupply.nl\\\/wp-content\\\/uploads\\\/2025\\\/02\\\/frida-crispy-jalapeno-garlic.jpg\",\"contentUrl\":\"https:\\\/\\\/www.heatsupply.nl\\\/wp-content\\\/uploads\\\/2025\\\/02\\\/frida-crispy-jalapeno-garlic.jpg\",\"width\":1400,\"height\":1400,\"caption\":\"frida crispy jalapeno garlic chili oil\"},{\"@type\":\"BreadcrumbList\",\"@id\":\"https:\\\/\\\/www.heatsupply.nl\\\/de\\\/produkt\\\/frida-crispy-jalapeno-garlic-chili-oil\\\/#breadcrumb\",\"itemListElement\":[{\"@type\":\"ListItem\",\"position\":1,\"name\":\"Home\",\"item\":\"https:\\\/\\\/www.heatsupply.nl\\\/de\\\/\"},{\"@type\":\"ListItem\",\"position\":2,\"name\":\"Alle produkten\",\"item\":\"https:\\\/\\\/www.heatsupply.nl\\\/de\\\/alle-produkten\\\/\"},{\"@type\":\"ListItem\",\"position\":3,\"name\":\"Crispy Chili Oil\",\"item\":\"https:\\\/\\\/www.heatsupply.nl\\\/de\\\/crispy-chilioel\\\/\"},{\"@type\":\"ListItem\",\"position\":4,\"name\":\"Frida Crispy Jalape\u00f1o Garlic Chili Oil\"}]},{\"@type\":\"WebSite\",\"@id\":\"https:\\\/\\\/www.heatsupply.nl\\\/de\\\/#website\",\"url\":\"https:\\\/\\\/www.heatsupply.nl\\\/de\\\/\",\"name\":\"Heatsupply\",\"description\":\"Hot sauce webstore #1 in Europe\",\"publisher\":{\"@id\":\"https:\\\/\\\/www.heatsupply.nl\\\/de\\\/#organization\"},\"potentialAction\":[{\"@type\":\"SearchAction\",\"target\":{\"@type\":\"EntryPoint\",\"urlTemplate\":\"https:\\\/\\\/www.heatsupply.nl\\\/de\\\/?s={search_term_string}\"},\"query-input\":{\"@type\":\"PropertyValueSpecification\",\"valueRequired\":true,\"valueName\":\"search_term_string\"}}],\"inLanguage\":\"de\"},{\"@type\":\"Organization\",\"@id\":\"https:\\\/\\\/www.heatsupply.nl\\\/de\\\/#organization\",\"name\":\"Heatsupply\",\"url\":\"https:\\\/\\\/www.heatsupply.nl\\\/de\\\/\",\"logo\":{\"@type\":\"ImageObject\",\"inLanguage\":\"de\",\"@id\":\"https:\\\/\\\/www.heatsupply.nl\\\/de\\\/#\\\/schema\\\/logo\\\/image\\\/\",\"url\":\"https:\\\/\\\/www.heatsupply.nl\\\/wp-content\\\/uploads\\\/2022\\\/10\\\/heatsupply-logo-rood.jpg\",\"contentUrl\":\"https:\\\/\\\/www.heatsupply.nl\\\/wp-content\\\/uploads\\\/2022\\\/10\\\/heatsupply-logo-rood.jpg\",\"width\":1000,\"height\":335,\"caption\":\"Heatsupply\"},\"image\":{\"@id\":\"https:\\\/\\\/www.heatsupply.nl\\\/de\\\/#\\\/schema\\\/logo\\\/image\\\/\"},\"sameAs\":[\"https:\\\/\\\/www.facebook.com\\\/heatsupplyNL\",\"https:\\\/\\\/www.instagram.com\\\/heatsuppy.nl\",\"https:\\\/\\\/www.youtube.com\\\/channel\\\/UC5pOWqQtljvxTz2SMWGWCsw\"]}]}<\/script>\n<meta property=\"product:price:amount\" content=\"9.95\" \/>\n<meta property=\"product:price:currency\" content=\"EUR\" \/>\n<meta property=\"og:availability\" content=\"out of stock\" \/>\n<meta property=\"product:availability\" content=\"out of stock\" \/>\n<meta property=\"product:retailer_item_id\" content=\"FRIJAGA001\" \/>\n<meta property=\"product:condition\" content=\"new\" \/>\n<!-- \/ Yoast SEO Premium plugin. -->","yoast_head_json":{"title":"Frida Crispy Jalape\u00f1o Garlic Chili Oil - Heatsupply","description":"Frida Crispy Jalapeno Garlic ist ein mexikanisches Chili\u00f6l mit knusprigen St\u00fcckchen Jalape\u00f1o und Knoblauch. Ein herzhaftes und w\u00fcrziges Topping f\u00fcr all deine Gerichte!","robots":{"index":"index","follow":"follow","max-snippet":"max-snippet:-1","max-image-preview":"max-image-preview:large","max-video-preview":"max-video-preview:-1"},"canonical":"https:\/\/www.heatsupply.nl\/de\/produkt\/frida-crispy-jalapeno-garlic-chili-oil\/","og_locale":"de_DE","og_type":"article","og_title":"Frida Crispy Jalape\u00f1o Garlic Chili Oil","og_description":"Frida Crispy Jalapeno Garlic ist ein mexikanisches Chili\u00f6l mit knusprigen St\u00fcckchen Jalape\u00f1o und Knoblauch. Ein herzhaftes und w\u00fcrziges Topping f\u00fcr all deine Gerichte!","og_url":"https:\/\/www.heatsupply.nl\/de\/produkt\/frida-crispy-jalapeno-garlic-chili-oil\/","og_site_name":"Heatsupply","article_publisher":"https:\/\/www.facebook.com\/heatsupplyNL","article_modified_time":"2025-09-12T08:21:08+00:00","og_image":[{"width":1400,"height":1400,"url":"https:\/\/www.heatsupply.nl\/wp-content\/uploads\/2025\/02\/frida-crispy-jalapeno-garlic.jpg","type":"image\/jpeg"}],"twitter_card":"summary_large_image","twitter_misc":{"Preis":"&euro;9,95","Verf\u00fcgbarkeit":"ausverkauft"},"schema":{"@context":"https:\/\/schema.org","@graph":[{"@type":"WebPage","@id":"https:\/\/www.heatsupply.nl\/de\/produkt\/frida-crispy-jalapeno-garlic-chili-oil\/","url":"https:\/\/www.heatsupply.nl\/de\/produkt\/frida-crispy-jalapeno-garlic-chili-oil\/","name":"Frida Crispy Jalape\u00f1o Garlic Chili Oil - Heatsupply","isPartOf":{"@id":"https:\/\/www.heatsupply.nl\/de\/#website"},"primaryImageOfPage":{"@id":"https:\/\/www.heatsupply.nl\/de\/produkt\/frida-crispy-jalapeno-garlic-chili-oil\/#primaryimage"},"image":{"@id":"https:\/\/www.heatsupply.nl\/de\/produkt\/frida-crispy-jalapeno-garlic-chili-oil\/#primaryimage"},"thumbnailUrl":"https:\/\/www.heatsupply.nl\/wp-content\/uploads\/2025\/02\/frida-crispy-jalapeno-garlic.jpg","datePublished":"2025-02-27T12:38:56+00:00","dateModified":"2025-09-12T08:21:08+00:00","description":"Frida Crispy Jalapeno Garlic ist ein mexikanisches Chili\u00f6l mit knusprigen St\u00fcckchen Jalape\u00f1o und Knoblauch. Ein herzhaftes und w\u00fcrziges Topping f\u00fcr all deine Gerichte!","breadcrumb":{"@id":"https:\/\/www.heatsupply.nl\/de\/produkt\/frida-crispy-jalapeno-garlic-chili-oil\/#breadcrumb"},"inLanguage":"de","potentialAction":[{"@type":"ReadAction","target":["https:\/\/www.heatsupply.nl\/de\/produkt\/frida-crispy-jalapeno-garlic-chili-oil\/"]}]},{"@type":"ImageObject","inLanguage":"de","@id":"https:\/\/www.heatsupply.nl\/de\/produkt\/frida-crispy-jalapeno-garlic-chili-oil\/#primaryimage","url":"https:\/\/www.heatsupply.nl\/wp-content\/uploads\/2025\/02\/frida-crispy-jalapeno-garlic.jpg","contentUrl":"https:\/\/www.heatsupply.nl\/wp-content\/uploads\/2025\/02\/frida-crispy-jalapeno-garlic.jpg","width":1400,"height":1400,"caption":"frida crispy jalapeno garlic chili oil"},{"@type":"BreadcrumbList","@id":"https:\/\/www.heatsupply.nl\/de\/produkt\/frida-crispy-jalapeno-garlic-chili-oil\/#breadcrumb","itemListElement":[{"@type":"ListItem","position":1,"name":"Home","item":"https:\/\/www.heatsupply.nl\/de\/"},{"@type":"ListItem","position":2,"name":"Alle produkten","item":"https:\/\/www.heatsupply.nl\/de\/alle-produkten\/"},{"@type":"ListItem","position":3,"name":"Crispy Chili Oil","item":"https:\/\/www.heatsupply.nl\/de\/crispy-chilioel\/"},{"@type":"ListItem","position":4,"name":"Frida Crispy Jalape\u00f1o Garlic Chili Oil"}]},{"@type":"WebSite","@id":"https:\/\/www.heatsupply.nl\/de\/#website","url":"https:\/\/www.heatsupply.nl\/de\/","name":"Heatsupply","description":"Hot sauce webstore #1 in Europe","publisher":{"@id":"https:\/\/www.heatsupply.nl\/de\/#organization"},"potentialAction":[{"@type":"SearchAction","target":{"@type":"EntryPoint","urlTemplate":"https:\/\/www.heatsupply.nl\/de\/?s={search_term_string}"},"query-input":{"@type":"PropertyValueSpecification","valueRequired":true,"valueName":"search_term_string"}}],"inLanguage":"de"},{"@type":"Organization","@id":"https:\/\/www.heatsupply.nl\/de\/#organization","name":"Heatsupply","url":"https:\/\/www.heatsupply.nl\/de\/","logo":{"@type":"ImageObject","inLanguage":"de","@id":"https:\/\/www.heatsupply.nl\/de\/#\/schema\/logo\/image\/","url":"https:\/\/www.heatsupply.nl\/wp-content\/uploads\/2022\/10\/heatsupply-logo-rood.jpg","contentUrl":"https:\/\/www.heatsupply.nl\/wp-content\/uploads\/2022\/10\/heatsupply-logo-rood.jpg","width":1000,"height":335,"caption":"Heatsupply"},"image":{"@id":"https:\/\/www.heatsupply.nl\/de\/#\/schema\/logo\/image\/"},"sameAs":["https:\/\/www.facebook.com\/heatsupplyNL","https:\/\/www.instagram.com\/heatsuppy.nl","https:\/\/www.youtube.com\/channel\/UC5pOWqQtljvxTz2SMWGWCsw"]}]},"product_price_amount":"9.95","product_price_currency":"EUR","og_availability":"out of stock","product_availability":"out of stock","product_retailer_item_id":"FRIJAGA001","product_condition":"new"},"_links":{"self":[{"href":"https:\/\/www.heatsupply.nl\/de\/wp-json\/wp\/v2\/product\/171289","targetHints":{"allow":["GET"]}}],"collection":[{"href":"https:\/\/www.heatsupply.nl\/de\/wp-json\/wp\/v2\/product"}],"about":[{"href":"https:\/\/www.heatsupply.nl\/de\/wp-json\/wp\/v2\/types\/product"}],"replies":[{"embeddable":true,"href":"https:\/\/www.heatsupply.nl\/de\/wp-json\/wp\/v2\/comments?post=171289"}],"wp:featuredmedia":[{"embeddable":true,"href":"https:\/\/www.heatsupply.nl\/de\/wp-json\/wp\/v2\/media\/171280"}],"wp:attachment":[{"href":"https:\/\/www.heatsupply.nl\/de\/wp-json\/wp\/v2\/media?parent=171289"}],"wp:term":[{"taxonomy":"product_brand","embeddable":true,"href":"https:\/\/www.heatsupply.nl\/de\/wp-json\/wp\/v2\/product_brand?post=171289"},{"taxonomy":"product_cat","embeddable":true,"href":"https:\/\/www.heatsupply.nl\/de\/wp-json\/wp\/v2\/product_cat?post=171289"},{"taxonomy":"product_tag","embeddable":true,"href":"https:\/\/www.heatsupply.nl\/de\/wp-json\/wp\/v2\/product_tag?post=171289"}],"curies":[{"name":"wp","href":"https:\/\/api.w.org\/{rel}","templated":true}]}}