{"id":170376,"date":"2025-02-14T14:34:29","date_gmt":"2025-02-14T13:34:29","guid":{"rendered":"https:\/\/www.heatsupply.nl\/product\/trouble-spice-crunchy-spice-caramel\/"},"modified":"2026-04-30T12:40:33","modified_gmt":"2026-04-30T10:40:33","slug":"trouble-spice-crunchy-spice-caramel","status":"publish","type":"product","link":"https:\/\/www.heatsupply.nl\/de\/produkt\/trouble-spice-crunchy-spice-caramel\/","title":{"rendered":"Trouble &#038; Spice Crunchy Spice Caramel"},"content":{"rendered":"<p><strong>Zutaten Trouble &amp; Spice Crunchy Spice Caramel<\/strong>: Zucker, Pflanzensahne (auf Basis von Linsenprotein), Crunchy Spice (Sonnenblumen\u00f6l, Chiliflocken, ERDNUSS, Knoblauch, Zwiebel, SESAMSAMEN, Gew\u00fcrze, Salz), Salz.<\/p>\n<p><span style=\"text-decoration: underline;\">N\u00e4hrwerte pro 100g:<\/span><br \/>\nEnergie: 1566 kJ\/373 kcal<br \/>\nFett: 16,8<br \/>\ndavon ges\u00e4ttigte Fetts\u00e4uren: 11,8 Gramm<br \/>\nKohlenhydrate: 54,9 Gramm<br \/>\ndavon Zucker: 54,3 Gramm<br \/>\nEiwei\u00df: 0,4 Gramm<br \/>\nSalz: 0,19 Gramm<\/p>\n<p>Nach dem \u00d6ffnen gek\u00fchlt aufbewahren und innerhalb von 6 Wochen verzehren.<\/p>\n","protected":false},"excerpt":{"rendered":"<p style=\"text-align: justify;\">Hast du dich je gefragt, wie eine Kombination aus Karamell und Chili Crisp schmeckt? Diese Trouble &amp; Spice Crunchy Spice Caramel gibt die Antwort: unglaublich lecker! Diese Zusammenarbeit mit CaramelZ ist wie das fehlende Puzzlest\u00fcck f\u00fcr Desserts, von dem du nicht wusstest, dass du es brauchst. Super gutes Karamell mit veganer Sahne, kombiniert mit dem k\u00f6stlichen <a href=\"https:\/\/www.heatsupply.nl\/de\/produkt\/trouble-spice-crunchy-spice-crispy-chilli-oil-2\/\"><strong>Crunchy Spice Chili Crisp<\/strong><\/a> von Trouble &amp; Spice. Die Mischung aus s\u00fc\u00dfem Karamell, leichtem Crunch und einem Kribbeln hinten auf der Zunge macht s\u00fcchtig. Bevor du das Glas leer l\u00f6ffelst, empfehlen wir dir, es auf Eis, Kuchen, (Sirup-)Waffeln, Schokolade oder sogar auf Fried Chicken (&amp; Waffeln) zu probieren.<\/p>\n<ul>\n<li style=\"text-align: justify;\">Herkunft: Amsterdam, Niederlande<\/li>\n<li style=\"text-align: justify;\">Inhalt: 200ml<\/li>\n<\/ul>\n","protected":false},"featured_media":170371,"comment_status":"open","ping_status":"closed","template":"","meta":{"_acf_changed":false},"product_brand":[],"product_cat":[3909,4046],"product_tag":[],"class_list":{"0":"post-170376","1":"product","2":"type-product","3":"status-publish","4":"has-post-thumbnail","6":"product_cat-crispy-chilioel","7":"product_cat-spicy","9":"first","10":"instock","11":"taxable","12":"shipping-taxable","13":"purchasable","14":"product-type-simple"},"bundled_by":[],"bundle_stock_status":"instock","bundle_stock_quantity":8,"bundle_virtual":false,"bundle_layout":"","bundle_add_to_cart_form_location":"","bundle_editable_in_cart":false,"bundle_sold_individually_context":"","bundle_item_grouping":"","bundle_min_size":"","bundle_max_size":"","bundle_price":[],"bundled_items":[],"bundle_sell_ids":[],"acf":[],"yoast_head":"<!-- This site is optimized with the Yoast SEO Premium plugin v27.4 (Yoast SEO v27.4) - https:\/\/yoast.com\/product\/yoast-seo-premium-wordpress\/ -->\n<title>Trouble &amp; Spice Crunchy Spice Caramel - Heatsupply<\/title>\n<meta name=\"description\" content=\"Hast du dich je gefragt, wie Karamell gemischt mit Chili Crisp schmeckt? Diese Trouble &amp; Spice Crunchy Spice Caramel gibt die Antwort: verdammt gut!\" \/>\n<meta name=\"robots\" content=\"index, follow, max-snippet:-1, max-image-preview:large, max-video-preview:-1\" \/>\n<link rel=\"canonical\" href=\"https:\/\/www.heatsupply.nl\/de\/produkt\/trouble-spice-crunchy-spice-caramel\/\" \/>\n<meta property=\"og:locale\" content=\"de_DE\" \/>\n<meta property=\"og:type\" content=\"article\" \/>\n<meta property=\"og:title\" content=\"Trouble &amp; Spice Crunchy Spice Caramel\" \/>\n<meta property=\"og:description\" content=\"Hast du dich je gefragt, wie Karamell gemischt mit Chili Crisp schmeckt? Diese Trouble &amp; Spice Crunchy Spice Caramel gibt die Antwort: verdammt gut!\" \/>\n<meta property=\"og:url\" content=\"https:\/\/www.heatsupply.nl\/de\/produkt\/trouble-spice-crunchy-spice-caramel\/\" \/>\n<meta property=\"og:site_name\" content=\"Heatsupply\" \/>\n<meta property=\"article:publisher\" content=\"https:\/\/www.facebook.com\/heatsupplyNL\" \/>\n<meta property=\"article:modified_time\" content=\"2026-04-30T10:40:33+00:00\" \/>\n<meta property=\"og:image\" content=\"https:\/\/www.heatsupply.nl\/wp-content\/uploads\/2025\/02\/trouble-spice-crunchy-caramel.jpg\" \/>\n\t<meta property=\"og:image:width\" content=\"1400\" \/>\n\t<meta property=\"og:image:height\" content=\"1400\" \/>\n\t<meta property=\"og:image:type\" content=\"image\/jpeg\" \/>\n<meta name=\"twitter:card\" content=\"summary_large_image\" \/>\n<meta name=\"twitter:label1\" content=\"Preis\" \/>\n\t<meta name=\"twitter:data1\" content=\"&euro;9,95\" \/>\n\t<meta name=\"twitter:label2\" content=\"Verf\u00fcgbarkeit\" \/>\n\t<meta name=\"twitter:data2\" content=\"Auf Lager\" \/>\n<script type=\"application\/ld+json\" class=\"yoast-schema-graph\">{\"@context\":\"https:\\\/\\\/schema.org\",\"@graph\":[{\"@type\":\"WebPage\",\"@id\":\"https:\\\/\\\/www.heatsupply.nl\\\/de\\\/produkt\\\/trouble-spice-crunchy-spice-caramel\\\/\",\"url\":\"https:\\\/\\\/www.heatsupply.nl\\\/de\\\/produkt\\\/trouble-spice-crunchy-spice-caramel\\\/\",\"name\":\"Trouble & Spice Crunchy Spice Caramel - Heatsupply\",\"isPartOf\":{\"@id\":\"https:\\\/\\\/www.heatsupply.nl\\\/de\\\/#website\"},\"primaryImageOfPage\":{\"@id\":\"https:\\\/\\\/www.heatsupply.nl\\\/de\\\/produkt\\\/trouble-spice-crunchy-spice-caramel\\\/#primaryimage\"},\"image\":{\"@id\":\"https:\\\/\\\/www.heatsupply.nl\\\/de\\\/produkt\\\/trouble-spice-crunchy-spice-caramel\\\/#primaryimage\"},\"thumbnailUrl\":\"https:\\\/\\\/www.heatsupply.nl\\\/wp-content\\\/uploads\\\/2025\\\/02\\\/trouble-spice-crunchy-caramel.jpg\",\"datePublished\":\"2025-02-14T13:34:29+00:00\",\"dateModified\":\"2026-04-30T10:40:33+00:00\",\"description\":\"Hast du dich je gefragt, wie Karamell gemischt mit Chili Crisp schmeckt? Diese Trouble & Spice Crunchy Spice Caramel gibt die Antwort: verdammt gut!\",\"breadcrumb\":{\"@id\":\"https:\\\/\\\/www.heatsupply.nl\\\/de\\\/produkt\\\/trouble-spice-crunchy-spice-caramel\\\/#breadcrumb\"},\"inLanguage\":\"de\",\"potentialAction\":[{\"@type\":\"ReadAction\",\"target\":[\"https:\\\/\\\/www.heatsupply.nl\\\/de\\\/produkt\\\/trouble-spice-crunchy-spice-caramel\\\/\"]}]},{\"@type\":\"ImageObject\",\"inLanguage\":\"de\",\"@id\":\"https:\\\/\\\/www.heatsupply.nl\\\/de\\\/produkt\\\/trouble-spice-crunchy-spice-caramel\\\/#primaryimage\",\"url\":\"https:\\\/\\\/www.heatsupply.nl\\\/wp-content\\\/uploads\\\/2025\\\/02\\\/trouble-spice-crunchy-caramel.jpg\",\"contentUrl\":\"https:\\\/\\\/www.heatsupply.nl\\\/wp-content\\\/uploads\\\/2025\\\/02\\\/trouble-spice-crunchy-caramel.jpg\",\"width\":1400,\"height\":1400,\"caption\":\"Trouble & Spice Crunchy Spice Caramel\"},{\"@type\":\"BreadcrumbList\",\"@id\":\"https:\\\/\\\/www.heatsupply.nl\\\/de\\\/produkt\\\/trouble-spice-crunchy-spice-caramel\\\/#breadcrumb\",\"itemListElement\":[{\"@type\":\"ListItem\",\"position\":1,\"name\":\"Home\",\"item\":\"https:\\\/\\\/www.heatsupply.nl\\\/de\\\/\"},{\"@type\":\"ListItem\",\"position\":2,\"name\":\"Alle produkten\",\"item\":\"https:\\\/\\\/www.heatsupply.nl\\\/de\\\/alle-produkten\\\/\"},{\"@type\":\"ListItem\",\"position\":3,\"name\":\"Crispy Chili Oil\",\"item\":\"https:\\\/\\\/www.heatsupply.nl\\\/de\\\/crispy-chilioel\\\/\"},{\"@type\":\"ListItem\",\"position\":4,\"name\":\"Trouble &#038; Spice Crunchy Spice Caramel\"}]},{\"@type\":\"WebSite\",\"@id\":\"https:\\\/\\\/www.heatsupply.nl\\\/de\\\/#website\",\"url\":\"https:\\\/\\\/www.heatsupply.nl\\\/de\\\/\",\"name\":\"Heatsupply\",\"description\":\"Hot sauce webstore #1 in Europe\",\"publisher\":{\"@id\":\"https:\\\/\\\/www.heatsupply.nl\\\/de\\\/#organization\"},\"potentialAction\":[{\"@type\":\"SearchAction\",\"target\":{\"@type\":\"EntryPoint\",\"urlTemplate\":\"https:\\\/\\\/www.heatsupply.nl\\\/de\\\/?s={search_term_string}\"},\"query-input\":{\"@type\":\"PropertyValueSpecification\",\"valueRequired\":true,\"valueName\":\"search_term_string\"}}],\"inLanguage\":\"de\"},{\"@type\":\"Organization\",\"@id\":\"https:\\\/\\\/www.heatsupply.nl\\\/de\\\/#organization\",\"name\":\"Heatsupply\",\"url\":\"https:\\\/\\\/www.heatsupply.nl\\\/de\\\/\",\"logo\":{\"@type\":\"ImageObject\",\"inLanguage\":\"de\",\"@id\":\"https:\\\/\\\/www.heatsupply.nl\\\/de\\\/#\\\/schema\\\/logo\\\/image\\\/\",\"url\":\"https:\\\/\\\/www.heatsupply.nl\\\/wp-content\\\/uploads\\\/2022\\\/10\\\/heatsupply-logo-rood.jpg\",\"contentUrl\":\"https:\\\/\\\/www.heatsupply.nl\\\/wp-content\\\/uploads\\\/2022\\\/10\\\/heatsupply-logo-rood.jpg\",\"width\":1000,\"height\":335,\"caption\":\"Heatsupply\"},\"image\":{\"@id\":\"https:\\\/\\\/www.heatsupply.nl\\\/de\\\/#\\\/schema\\\/logo\\\/image\\\/\"},\"sameAs\":[\"https:\\\/\\\/www.facebook.com\\\/heatsupplyNL\",\"https:\\\/\\\/www.instagram.com\\\/heatsuppy.nl\",\"https:\\\/\\\/www.youtube.com\\\/channel\\\/UC5pOWqQtljvxTz2SMWGWCsw\"]}]}<\/script>\n<meta property=\"product:price:amount\" content=\"9.95\" \/>\n<meta property=\"product:price:currency\" content=\"EUR\" \/>\n<meta property=\"og:availability\" content=\"instock\" \/>\n<meta property=\"product:availability\" content=\"instock\" \/>\n<meta property=\"product:retailer_item_id\" content=\"TSCARAMEL001\" \/>\n<meta property=\"product:condition\" content=\"new\" \/>\n<!-- \/ Yoast SEO Premium plugin. -->","yoast_head_json":{"title":"Trouble & Spice Crunchy Spice Caramel - Heatsupply","description":"Hast du dich je gefragt, wie Karamell gemischt mit Chili Crisp schmeckt? Diese Trouble & Spice Crunchy Spice Caramel gibt die Antwort: verdammt gut!","robots":{"index":"index","follow":"follow","max-snippet":"max-snippet:-1","max-image-preview":"max-image-preview:large","max-video-preview":"max-video-preview:-1"},"canonical":"https:\/\/www.heatsupply.nl\/de\/produkt\/trouble-spice-crunchy-spice-caramel\/","og_locale":"de_DE","og_type":"article","og_title":"Trouble & Spice Crunchy Spice Caramel","og_description":"Hast du dich je gefragt, wie Karamell gemischt mit Chili Crisp schmeckt? Diese Trouble & Spice Crunchy Spice Caramel gibt die Antwort: verdammt gut!","og_url":"https:\/\/www.heatsupply.nl\/de\/produkt\/trouble-spice-crunchy-spice-caramel\/","og_site_name":"Heatsupply","article_publisher":"https:\/\/www.facebook.com\/heatsupplyNL","article_modified_time":"2026-04-30T10:40:33+00:00","og_image":[{"width":1400,"height":1400,"url":"https:\/\/www.heatsupply.nl\/wp-content\/uploads\/2025\/02\/trouble-spice-crunchy-caramel.jpg","type":"image\/jpeg"}],"twitter_card":"summary_large_image","twitter_misc":{"Preis":"&euro;9,95","Verf\u00fcgbarkeit":"Auf Lager"},"schema":{"@context":"https:\/\/schema.org","@graph":[{"@type":"WebPage","@id":"https:\/\/www.heatsupply.nl\/de\/produkt\/trouble-spice-crunchy-spice-caramel\/","url":"https:\/\/www.heatsupply.nl\/de\/produkt\/trouble-spice-crunchy-spice-caramel\/","name":"Trouble & Spice Crunchy Spice Caramel - Heatsupply","isPartOf":{"@id":"https:\/\/www.heatsupply.nl\/de\/#website"},"primaryImageOfPage":{"@id":"https:\/\/www.heatsupply.nl\/de\/produkt\/trouble-spice-crunchy-spice-caramel\/#primaryimage"},"image":{"@id":"https:\/\/www.heatsupply.nl\/de\/produkt\/trouble-spice-crunchy-spice-caramel\/#primaryimage"},"thumbnailUrl":"https:\/\/www.heatsupply.nl\/wp-content\/uploads\/2025\/02\/trouble-spice-crunchy-caramel.jpg","datePublished":"2025-02-14T13:34:29+00:00","dateModified":"2026-04-30T10:40:33+00:00","description":"Hast du dich je gefragt, wie Karamell gemischt mit Chili Crisp schmeckt? Diese Trouble & Spice Crunchy Spice Caramel gibt die Antwort: verdammt gut!","breadcrumb":{"@id":"https:\/\/www.heatsupply.nl\/de\/produkt\/trouble-spice-crunchy-spice-caramel\/#breadcrumb"},"inLanguage":"de","potentialAction":[{"@type":"ReadAction","target":["https:\/\/www.heatsupply.nl\/de\/produkt\/trouble-spice-crunchy-spice-caramel\/"]}]},{"@type":"ImageObject","inLanguage":"de","@id":"https:\/\/www.heatsupply.nl\/de\/produkt\/trouble-spice-crunchy-spice-caramel\/#primaryimage","url":"https:\/\/www.heatsupply.nl\/wp-content\/uploads\/2025\/02\/trouble-spice-crunchy-caramel.jpg","contentUrl":"https:\/\/www.heatsupply.nl\/wp-content\/uploads\/2025\/02\/trouble-spice-crunchy-caramel.jpg","width":1400,"height":1400,"caption":"Trouble & Spice Crunchy Spice Caramel"},{"@type":"BreadcrumbList","@id":"https:\/\/www.heatsupply.nl\/de\/produkt\/trouble-spice-crunchy-spice-caramel\/#breadcrumb","itemListElement":[{"@type":"ListItem","position":1,"name":"Home","item":"https:\/\/www.heatsupply.nl\/de\/"},{"@type":"ListItem","position":2,"name":"Alle produkten","item":"https:\/\/www.heatsupply.nl\/de\/alle-produkten\/"},{"@type":"ListItem","position":3,"name":"Crispy Chili Oil","item":"https:\/\/www.heatsupply.nl\/de\/crispy-chilioel\/"},{"@type":"ListItem","position":4,"name":"Trouble &#038; Spice Crunchy Spice Caramel"}]},{"@type":"WebSite","@id":"https:\/\/www.heatsupply.nl\/de\/#website","url":"https:\/\/www.heatsupply.nl\/de\/","name":"Heatsupply","description":"Hot sauce webstore #1 in Europe","publisher":{"@id":"https:\/\/www.heatsupply.nl\/de\/#organization"},"potentialAction":[{"@type":"SearchAction","target":{"@type":"EntryPoint","urlTemplate":"https:\/\/www.heatsupply.nl\/de\/?s={search_term_string}"},"query-input":{"@type":"PropertyValueSpecification","valueRequired":true,"valueName":"search_term_string"}}],"inLanguage":"de"},{"@type":"Organization","@id":"https:\/\/www.heatsupply.nl\/de\/#organization","name":"Heatsupply","url":"https:\/\/www.heatsupply.nl\/de\/","logo":{"@type":"ImageObject","inLanguage":"de","@id":"https:\/\/www.heatsupply.nl\/de\/#\/schema\/logo\/image\/","url":"https:\/\/www.heatsupply.nl\/wp-content\/uploads\/2022\/10\/heatsupply-logo-rood.jpg","contentUrl":"https:\/\/www.heatsupply.nl\/wp-content\/uploads\/2022\/10\/heatsupply-logo-rood.jpg","width":1000,"height":335,"caption":"Heatsupply"},"image":{"@id":"https:\/\/www.heatsupply.nl\/de\/#\/schema\/logo\/image\/"},"sameAs":["https:\/\/www.facebook.com\/heatsupplyNL","https:\/\/www.instagram.com\/heatsuppy.nl","https:\/\/www.youtube.com\/channel\/UC5pOWqQtljvxTz2SMWGWCsw"]}]},"product_price_amount":"9.95","product_price_currency":"EUR","og_availability":"instock","product_availability":"instock","product_retailer_item_id":"TSCARAMEL001","product_condition":"new"},"_links":{"self":[{"href":"https:\/\/www.heatsupply.nl\/de\/wp-json\/wp\/v2\/product\/170376","targetHints":{"allow":["GET"]}}],"collection":[{"href":"https:\/\/www.heatsupply.nl\/de\/wp-json\/wp\/v2\/product"}],"about":[{"href":"https:\/\/www.heatsupply.nl\/de\/wp-json\/wp\/v2\/types\/product"}],"replies":[{"embeddable":true,"href":"https:\/\/www.heatsupply.nl\/de\/wp-json\/wp\/v2\/comments?post=170376"}],"wp:featuredmedia":[{"embeddable":true,"href":"https:\/\/www.heatsupply.nl\/de\/wp-json\/wp\/v2\/media\/170371"}],"wp:attachment":[{"href":"https:\/\/www.heatsupply.nl\/de\/wp-json\/wp\/v2\/media?parent=170376"}],"wp:term":[{"taxonomy":"product_brand","embeddable":true,"href":"https:\/\/www.heatsupply.nl\/de\/wp-json\/wp\/v2\/product_brand?post=170376"},{"taxonomy":"product_cat","embeddable":true,"href":"https:\/\/www.heatsupply.nl\/de\/wp-json\/wp\/v2\/product_cat?post=170376"},{"taxonomy":"product_tag","embeddable":true,"href":"https:\/\/www.heatsupply.nl\/de\/wp-json\/wp\/v2\/product_tag?post=170376"}],"curies":[{"name":"wp","href":"https:\/\/api.w.org\/{rel}","templated":true}]}}