{"id":170185,"date":"2025-04-15T13:57:45","date_gmt":"2025-04-15T11:57:45","guid":{"rendered":"https:\/\/www.heatsupply.nl\/?post_type=product&#038;p=170185"},"modified":"2026-04-13T08:51:21","modified_gmt":"2026-04-13T06:51:21","slug":"karma-lift-off-green-thai-vibes-hot-sauce","status":"publish","type":"product","link":"https:\/\/www.heatsupply.nl\/de\/produkt\/karma-lift-off-green-thai-vibes-hot-sauce\/","title":{"rendered":"Karma Lift Off Green Thai Vibes Hot Sauce"},"content":{"rendered":"<p><strong>Zutaten Karma Lift Off Green Thai Vibes Hot Sauce<\/strong>: Gr\u00fcne Chilis, Essig (mit Galgant, Zitronengras und Kaffernlimettenbl\u00e4ttern aromatisiert), Limettensaft, Kokoswasser, Kokoszucker, Knoblauch, Salz, R\u00f6stzwiebeln, gr\u00fcne Chiliflocken, Thai-Basilikum, mexikanischer Koriander (Culantro), Gew\u00fcrze.<\/p>\n<p>Bekannt ist diese So\u00dfe auch aus der YouTube-Show <a href=\"https:\/\/www.heatsupply.nl\/de\/produkt-kategorie\/scharfe-saucen\/hot-ones-sauces\/\"><strong>Hot Ones<\/strong><\/a>. In Staffel 26 war diese So\u00dfe auf Hot Wing Nr. 2 von 10.<\/p>\n<p><span style=\"text-decoration: underline;\">N\u00e4hrwerte pro 100ml:<\/span><br \/>\nEnergie: 0 kcal<br \/>\nFett: 0 Gramm<br \/>\ndavon ges\u00e4ttigte Fetts\u00e4uren: 0 Gramm<br \/>\nKohlenhydrate: &lt;20 Gramm<br \/>\ndavon Zucker: &lt;20 Gramm<br \/>\nEiwei\u00df: 0 Gramm<br \/>\nSalz: 2 Gramm<\/p>\n<p>Vor Gebrauch sch\u00fctteln und nach dem \u00d6ffnen gek\u00fchlt aufbewahren.<\/p>\n","protected":false},"excerpt":{"rendered":"<p style=\"text-align: justify;\">Karma Lift Off Hot Sauce ist genau das, was der Name schon sagt: eine Sauce mit gr\u00fcnen Thai-Vibes. Das erste Zutaten ist nat\u00fcrlich gr\u00fcner Chili, wie es sich geh\u00f6rt. Das macht sie auch \u00fcberraschend scharf, obwohl sie bei Hot Ones erst auf Platz 2 von 10 Hot Wings landete. Trotzdem bleibt die angenehme Sch\u00e4rfe ziemlich lange h\u00e4ngen. Aber der Geschmack ist noch intensiver! Zitrus und Kokos schmeckst du zuerst, gefolgt von Kr\u00e4utern wie Thai-Basilikum und mexikanischem Koriander (Culantro).<\/p>\n<p style=\"text-align: justify;\">Ist sie also nur lecker zu Thai-Curry? Auf keinen Fall! Es ist sogar eine \u00fcberraschend vielseitige Hot Sauce, die auch super zu Tacos, gegrilltem Fisch, H\u00fchnchen, Salat oder auf einem Ei schmeckt.<\/p>\n<ul>\n<li style=\"text-align: justify;\">Herkunft: Rochester, New York (USA)<\/li>\n<li style=\"text-align: justify;\">Inhalt: 148ml<\/li>\n<\/ul>\n","protected":false},"featured_media":174025,"comment_status":"open","ping_status":"closed","template":"","meta":{"_acf_changed":false},"product_brand":[],"product_cat":[3789,3787,4046],"product_tag":[],"class_list":{"0":"post-170185","1":"product","2":"type-product","3":"status-publish","4":"has-post-thumbnail","6":"product_cat-hot-ones-saucen","7":"product_cat-scharfe-sossen","8":"product_cat-spicy","10":"first","11":"outofstock","12":"taxable","13":"shipping-taxable","14":"purchasable","15":"product-type-simple"},"bundled_by":[],"bundle_stock_status":"outofstock","bundle_stock_quantity":0,"bundle_virtual":false,"bundle_layout":"","bundle_add_to_cart_form_location":"","bundle_editable_in_cart":false,"bundle_sold_individually_context":"","bundle_item_grouping":"","bundle_min_size":"","bundle_max_size":"","bundle_price":[],"bundled_items":[],"bundle_sell_ids":[],"acf":[],"yoast_head":"<!-- This site is optimized with the Yoast SEO Premium plugin v27.5 (Yoast SEO v27.5) - https:\/\/yoast.com\/product\/yoast-seo-premium-wordpress\/ -->\n<title>Karma Lift Off Green Thai Vibes Hot Sauce - Heatsupply<\/title>\n<meta name=\"description\" content=\"Karma Lift Off Hot Sauce ist bekannt aus Hot Ones. Gr\u00fcne Chili, Zitrusaromen, Kokosnuss und Gew\u00fcrze verleihen dieser Hot Sauce den thail\u00e4ndischen Vibe.\" \/>\n<meta name=\"robots\" content=\"index, follow, max-snippet:-1, max-image-preview:large, max-video-preview:-1\" \/>\n<link rel=\"canonical\" href=\"https:\/\/www.heatsupply.nl\/de\/produkt\/karma-lift-off-green-thai-vibes-hot-sauce\/\" \/>\n<meta property=\"og:locale\" content=\"de_DE\" \/>\n<meta property=\"og:type\" content=\"article\" \/>\n<meta property=\"og:title\" content=\"Karma Lift Off Green Thai Vibes Hot Sauce\" \/>\n<meta property=\"og:description\" content=\"Karma Lift Off Hot Sauce ist bekannt aus Hot Ones. Gr\u00fcne Chili, Zitrusaromen, Kokosnuss und Gew\u00fcrze verleihen dieser Hot Sauce den thail\u00e4ndischen Vibe.\" \/>\n<meta property=\"og:url\" content=\"https:\/\/www.heatsupply.nl\/de\/produkt\/karma-lift-off-green-thai-vibes-hot-sauce\/\" \/>\n<meta property=\"og:site_name\" content=\"Heatsupply\" \/>\n<meta property=\"article:publisher\" content=\"https:\/\/www.facebook.com\/heatsupplyNL\" \/>\n<meta property=\"article:modified_time\" content=\"2026-04-13T06:51:21+00:00\" \/>\n<meta property=\"og:image\" content=\"https:\/\/www.heatsupply.nl\/wp-content\/uploads\/2025\/04\/karma-sauce-lift-off-hot-sauce.jpg\" \/>\n\t<meta property=\"og:image:width\" content=\"1400\" \/>\n\t<meta property=\"og:image:height\" content=\"1400\" \/>\n\t<meta property=\"og:image:type\" content=\"image\/jpeg\" \/>\n<meta name=\"twitter:card\" content=\"summary_large_image\" \/>\n<meta name=\"twitter:label1\" content=\"Preis\" \/>\n\t<meta name=\"twitter:data1\" content=\"&euro;9,95\" \/>\n\t<meta name=\"twitter:label2\" content=\"Verf\u00fcgbarkeit\" \/>\n\t<meta name=\"twitter:data2\" content=\"ausverkauft\" \/>\n<script type=\"application\/ld+json\" class=\"yoast-schema-graph\">{\"@context\":\"https:\\\/\\\/schema.org\",\"@graph\":[{\"@type\":\"WebPage\",\"@id\":\"https:\\\/\\\/www.heatsupply.nl\\\/de\\\/produkt\\\/karma-lift-off-green-thai-vibes-hot-sauce\\\/\",\"url\":\"https:\\\/\\\/www.heatsupply.nl\\\/de\\\/produkt\\\/karma-lift-off-green-thai-vibes-hot-sauce\\\/\",\"name\":\"Karma Lift Off Green Thai Vibes Hot Sauce - Heatsupply\",\"isPartOf\":{\"@id\":\"https:\\\/\\\/www.heatsupply.nl\\\/de\\\/#website\"},\"primaryImageOfPage\":{\"@id\":\"https:\\\/\\\/www.heatsupply.nl\\\/de\\\/produkt\\\/karma-lift-off-green-thai-vibes-hot-sauce\\\/#primaryimage\"},\"image\":{\"@id\":\"https:\\\/\\\/www.heatsupply.nl\\\/de\\\/produkt\\\/karma-lift-off-green-thai-vibes-hot-sauce\\\/#primaryimage\"},\"thumbnailUrl\":\"https:\\\/\\\/www.heatsupply.nl\\\/wp-content\\\/uploads\\\/2025\\\/04\\\/karma-sauce-lift-off-hot-sauce.jpg\",\"datePublished\":\"2025-04-15T11:57:45+00:00\",\"dateModified\":\"2026-04-13T06:51:21+00:00\",\"description\":\"Karma Lift Off Hot Sauce ist bekannt aus Hot Ones. Gr\u00fcne Chili, Zitrusaromen, Kokosnuss und Gew\u00fcrze verleihen dieser Hot Sauce den thail\u00e4ndischen Vibe.\",\"breadcrumb\":{\"@id\":\"https:\\\/\\\/www.heatsupply.nl\\\/de\\\/produkt\\\/karma-lift-off-green-thai-vibes-hot-sauce\\\/#breadcrumb\"},\"inLanguage\":\"de\",\"potentialAction\":[{\"@type\":\"ReadAction\",\"target\":[\"https:\\\/\\\/www.heatsupply.nl\\\/de\\\/produkt\\\/karma-lift-off-green-thai-vibes-hot-sauce\\\/\"]}]},{\"@type\":\"ImageObject\",\"inLanguage\":\"de\",\"@id\":\"https:\\\/\\\/www.heatsupply.nl\\\/de\\\/produkt\\\/karma-lift-off-green-thai-vibes-hot-sauce\\\/#primaryimage\",\"url\":\"https:\\\/\\\/www.heatsupply.nl\\\/wp-content\\\/uploads\\\/2025\\\/04\\\/karma-sauce-lift-off-hot-sauce.jpg\",\"contentUrl\":\"https:\\\/\\\/www.heatsupply.nl\\\/wp-content\\\/uploads\\\/2025\\\/04\\\/karma-sauce-lift-off-hot-sauce.jpg\",\"width\":1400,\"height\":1400,\"caption\":\"karma sauce lift off hot sauce\"},{\"@type\":\"BreadcrumbList\",\"@id\":\"https:\\\/\\\/www.heatsupply.nl\\\/de\\\/produkt\\\/karma-lift-off-green-thai-vibes-hot-sauce\\\/#breadcrumb\",\"itemListElement\":[{\"@type\":\"ListItem\",\"position\":1,\"name\":\"Home\",\"item\":\"https:\\\/\\\/www.heatsupply.nl\\\/de\\\/\"},{\"@type\":\"ListItem\",\"position\":2,\"name\":\"Alle produkten\",\"item\":\"https:\\\/\\\/www.heatsupply.nl\\\/de\\\/alle-produkten\\\/\"},{\"@type\":\"ListItem\",\"position\":3,\"name\":\"Scharfe So\u00dfen\",\"item\":\"https:\\\/\\\/www.heatsupply.nl\\\/de\\\/scharfe-sossen\\\/\"},{\"@type\":\"ListItem\",\"position\":4,\"name\":\"Karma Lift Off Green Thai Vibes Hot Sauce\"}]},{\"@type\":\"WebSite\",\"@id\":\"https:\\\/\\\/www.heatsupply.nl\\\/de\\\/#website\",\"url\":\"https:\\\/\\\/www.heatsupply.nl\\\/de\\\/\",\"name\":\"Heatsupply\",\"description\":\"Hot sauce webstore #1 in Europe\",\"publisher\":{\"@id\":\"https:\\\/\\\/www.heatsupply.nl\\\/de\\\/#organization\"},\"potentialAction\":[{\"@type\":\"SearchAction\",\"target\":{\"@type\":\"EntryPoint\",\"urlTemplate\":\"https:\\\/\\\/www.heatsupply.nl\\\/de\\\/?s={search_term_string}\"},\"query-input\":{\"@type\":\"PropertyValueSpecification\",\"valueRequired\":true,\"valueName\":\"search_term_string\"}}],\"inLanguage\":\"de\"},{\"@type\":\"Organization\",\"@id\":\"https:\\\/\\\/www.heatsupply.nl\\\/de\\\/#organization\",\"name\":\"Heatsupply\",\"url\":\"https:\\\/\\\/www.heatsupply.nl\\\/de\\\/\",\"logo\":{\"@type\":\"ImageObject\",\"inLanguage\":\"de\",\"@id\":\"https:\\\/\\\/www.heatsupply.nl\\\/de\\\/#\\\/schema\\\/logo\\\/image\\\/\",\"url\":\"https:\\\/\\\/www.heatsupply.nl\\\/wp-content\\\/uploads\\\/2022\\\/10\\\/heatsupply-logo-rood.jpg\",\"contentUrl\":\"https:\\\/\\\/www.heatsupply.nl\\\/wp-content\\\/uploads\\\/2022\\\/10\\\/heatsupply-logo-rood.jpg\",\"width\":1000,\"height\":335,\"caption\":\"Heatsupply\"},\"image\":{\"@id\":\"https:\\\/\\\/www.heatsupply.nl\\\/de\\\/#\\\/schema\\\/logo\\\/image\\\/\"},\"sameAs\":[\"https:\\\/\\\/www.facebook.com\\\/heatsupplyNL\",\"https:\\\/\\\/www.instagram.com\\\/heatsuppy.nl\",\"https:\\\/\\\/www.youtube.com\\\/channel\\\/UC5pOWqQtljvxTz2SMWGWCsw\"]}]}<\/script>\n<meta property=\"product:brand\" content=\"Karma Sauce\" \/>\n<meta property=\"product:price:amount\" content=\"9.95\" \/>\n<meta property=\"product:price:currency\" content=\"EUR\" \/>\n<meta property=\"og:availability\" content=\"out of stock\" \/>\n<meta property=\"product:availability\" content=\"out of stock\" \/>\n<meta property=\"product:retailer_item_id\" content=\"KARLIFTOFF002\" \/>\n<meta property=\"product:condition\" content=\"new\" \/>\n<!-- \/ Yoast SEO Premium plugin. -->","yoast_head_json":{"title":"Karma Lift Off Green Thai Vibes Hot Sauce - Heatsupply","description":"Karma Lift Off Hot Sauce ist bekannt aus Hot Ones. Gr\u00fcne Chili, Zitrusaromen, Kokosnuss und Gew\u00fcrze verleihen dieser Hot Sauce den thail\u00e4ndischen Vibe.","robots":{"index":"index","follow":"follow","max-snippet":"max-snippet:-1","max-image-preview":"max-image-preview:large","max-video-preview":"max-video-preview:-1"},"canonical":"https:\/\/www.heatsupply.nl\/de\/produkt\/karma-lift-off-green-thai-vibes-hot-sauce\/","og_locale":"de_DE","og_type":"article","og_title":"Karma Lift Off Green Thai Vibes Hot Sauce","og_description":"Karma Lift Off Hot Sauce ist bekannt aus Hot Ones. Gr\u00fcne Chili, Zitrusaromen, Kokosnuss und Gew\u00fcrze verleihen dieser Hot Sauce den thail\u00e4ndischen Vibe.","og_url":"https:\/\/www.heatsupply.nl\/de\/produkt\/karma-lift-off-green-thai-vibes-hot-sauce\/","og_site_name":"Heatsupply","article_publisher":"https:\/\/www.facebook.com\/heatsupplyNL","article_modified_time":"2026-04-13T06:51:21+00:00","og_image":[{"width":1400,"height":1400,"url":"https:\/\/www.heatsupply.nl\/wp-content\/uploads\/2025\/04\/karma-sauce-lift-off-hot-sauce.jpg","type":"image\/jpeg"}],"twitter_card":"summary_large_image","twitter_misc":{"Preis":"&euro;9,95","Verf\u00fcgbarkeit":"ausverkauft"},"schema":{"@context":"https:\/\/schema.org","@graph":[{"@type":"WebPage","@id":"https:\/\/www.heatsupply.nl\/de\/produkt\/karma-lift-off-green-thai-vibes-hot-sauce\/","url":"https:\/\/www.heatsupply.nl\/de\/produkt\/karma-lift-off-green-thai-vibes-hot-sauce\/","name":"Karma Lift Off Green Thai Vibes Hot Sauce - Heatsupply","isPartOf":{"@id":"https:\/\/www.heatsupply.nl\/de\/#website"},"primaryImageOfPage":{"@id":"https:\/\/www.heatsupply.nl\/de\/produkt\/karma-lift-off-green-thai-vibes-hot-sauce\/#primaryimage"},"image":{"@id":"https:\/\/www.heatsupply.nl\/de\/produkt\/karma-lift-off-green-thai-vibes-hot-sauce\/#primaryimage"},"thumbnailUrl":"https:\/\/www.heatsupply.nl\/wp-content\/uploads\/2025\/04\/karma-sauce-lift-off-hot-sauce.jpg","datePublished":"2025-04-15T11:57:45+00:00","dateModified":"2026-04-13T06:51:21+00:00","description":"Karma Lift Off Hot Sauce ist bekannt aus Hot Ones. Gr\u00fcne Chili, Zitrusaromen, Kokosnuss und Gew\u00fcrze verleihen dieser Hot Sauce den thail\u00e4ndischen Vibe.","breadcrumb":{"@id":"https:\/\/www.heatsupply.nl\/de\/produkt\/karma-lift-off-green-thai-vibes-hot-sauce\/#breadcrumb"},"inLanguage":"de","potentialAction":[{"@type":"ReadAction","target":["https:\/\/www.heatsupply.nl\/de\/produkt\/karma-lift-off-green-thai-vibes-hot-sauce\/"]}]},{"@type":"ImageObject","inLanguage":"de","@id":"https:\/\/www.heatsupply.nl\/de\/produkt\/karma-lift-off-green-thai-vibes-hot-sauce\/#primaryimage","url":"https:\/\/www.heatsupply.nl\/wp-content\/uploads\/2025\/04\/karma-sauce-lift-off-hot-sauce.jpg","contentUrl":"https:\/\/www.heatsupply.nl\/wp-content\/uploads\/2025\/04\/karma-sauce-lift-off-hot-sauce.jpg","width":1400,"height":1400,"caption":"karma sauce lift off hot sauce"},{"@type":"BreadcrumbList","@id":"https:\/\/www.heatsupply.nl\/de\/produkt\/karma-lift-off-green-thai-vibes-hot-sauce\/#breadcrumb","itemListElement":[{"@type":"ListItem","position":1,"name":"Home","item":"https:\/\/www.heatsupply.nl\/de\/"},{"@type":"ListItem","position":2,"name":"Alle produkten","item":"https:\/\/www.heatsupply.nl\/de\/alle-produkten\/"},{"@type":"ListItem","position":3,"name":"Scharfe So\u00dfen","item":"https:\/\/www.heatsupply.nl\/de\/scharfe-sossen\/"},{"@type":"ListItem","position":4,"name":"Karma Lift Off Green Thai Vibes Hot Sauce"}]},{"@type":"WebSite","@id":"https:\/\/www.heatsupply.nl\/de\/#website","url":"https:\/\/www.heatsupply.nl\/de\/","name":"Heatsupply","description":"Hot sauce webstore #1 in Europe","publisher":{"@id":"https:\/\/www.heatsupply.nl\/de\/#organization"},"potentialAction":[{"@type":"SearchAction","target":{"@type":"EntryPoint","urlTemplate":"https:\/\/www.heatsupply.nl\/de\/?s={search_term_string}"},"query-input":{"@type":"PropertyValueSpecification","valueRequired":true,"valueName":"search_term_string"}}],"inLanguage":"de"},{"@type":"Organization","@id":"https:\/\/www.heatsupply.nl\/de\/#organization","name":"Heatsupply","url":"https:\/\/www.heatsupply.nl\/de\/","logo":{"@type":"ImageObject","inLanguage":"de","@id":"https:\/\/www.heatsupply.nl\/de\/#\/schema\/logo\/image\/","url":"https:\/\/www.heatsupply.nl\/wp-content\/uploads\/2022\/10\/heatsupply-logo-rood.jpg","contentUrl":"https:\/\/www.heatsupply.nl\/wp-content\/uploads\/2022\/10\/heatsupply-logo-rood.jpg","width":1000,"height":335,"caption":"Heatsupply"},"image":{"@id":"https:\/\/www.heatsupply.nl\/de\/#\/schema\/logo\/image\/"},"sameAs":["https:\/\/www.facebook.com\/heatsupplyNL","https:\/\/www.instagram.com\/heatsuppy.nl","https:\/\/www.youtube.com\/channel\/UC5pOWqQtljvxTz2SMWGWCsw"]}]},"product_brand":"Karma Sauce","product_price_amount":"9.95","product_price_currency":"EUR","og_availability":"out of stock","product_availability":"out of stock","product_retailer_item_id":"KARLIFTOFF002","product_condition":"new"},"_links":{"self":[{"href":"https:\/\/www.heatsupply.nl\/de\/wp-json\/wp\/v2\/product\/170185","targetHints":{"allow":["GET"]}}],"collection":[{"href":"https:\/\/www.heatsupply.nl\/de\/wp-json\/wp\/v2\/product"}],"about":[{"href":"https:\/\/www.heatsupply.nl\/de\/wp-json\/wp\/v2\/types\/product"}],"replies":[{"embeddable":true,"href":"https:\/\/www.heatsupply.nl\/de\/wp-json\/wp\/v2\/comments?post=170185"}],"wp:featuredmedia":[{"embeddable":true,"href":"https:\/\/www.heatsupply.nl\/de\/wp-json\/wp\/v2\/media\/174025"}],"wp:attachment":[{"href":"https:\/\/www.heatsupply.nl\/de\/wp-json\/wp\/v2\/media?parent=170185"}],"wp:term":[{"taxonomy":"product_brand","embeddable":true,"href":"https:\/\/www.heatsupply.nl\/de\/wp-json\/wp\/v2\/product_brand?post=170185"},{"taxonomy":"product_cat","embeddable":true,"href":"https:\/\/www.heatsupply.nl\/de\/wp-json\/wp\/v2\/product_cat?post=170185"},{"taxonomy":"product_tag","embeddable":true,"href":"https:\/\/www.heatsupply.nl\/de\/wp-json\/wp\/v2\/product_tag?post=170185"}],"curies":[{"name":"wp","href":"https:\/\/api.w.org\/{rel}","templated":true}]}}