{"id":168155,"date":"2025-01-23T13:25:43","date_gmt":"2025-01-23T12:25:43","guid":{"rendered":"https:\/\/www.heatsupply.nl\/?post_type=product&#038;p=168155"},"modified":"2026-03-23T00:08:17","modified_gmt":"2026-03-22T23:08:17","slug":"la-pimenterie-chipotle-infused-maple-syrup","status":"publish","type":"product","link":"https:\/\/www.heatsupply.nl\/de\/produkt\/la-pimenterie-chipotle-infused-maple-syrup\/","title":{"rendered":"La Pimenterie Chipotle Infused Maple Syrup"},"content":{"rendered":"<p><strong>Zutaten La Pimenterie Chipotle Infused Maple Syrup<\/strong>: Ahornsirup, Chipotle-Infusion.<\/p>\n<p><span style=\"text-decoration: underline;\">N\u00e4hrwerte pro 100ml:<\/span><br \/>\nEnergie: 366,7 kcal<br \/>\nFett: 0 Gramm<br \/>\ndavon ges\u00e4ttigte Fetts\u00e4uren: 0 Gramm<br \/>\nKohlenhydrate: 90 Gramm<br \/>\ndavon Zucker: 88,3 Gramm<br \/>\nEiwei\u00df: 0 Gramm<br \/>\nSalz: 0,042 Gramm<\/p>\n<p>An einem dunklen Ort aufbewahren. Nach dem \u00d6ffnen gek\u00fchlt aufbewahren.<\/p>\n","protected":false},"excerpt":{"rendered":"<p>Dieser La Pimenterie Chipotle Infused Maple Syrup kombiniert echten Ahornsirup aus Qu\u00e9bec mit subtil ger\u00e4ucherten mexikanischen Chipotle-Chilis. Das klingt schon gut, aber wir versprechen dir: Es schmeckt noch besser! Die Sch\u00e4rfe ist sehr mild, aber die Geschmackskombination ist so gut, dass es einfach s\u00fcchtig macht und \u00fcberraschend vielseitig ist. Du kannst es auf deine (Stroop)Waffel geben, mit frittiertem H\u00fchnchen essen, zu K\u00e4se genie\u00dfen, \u00fcber dein Dessert gie\u00dfen, du kannst es sogar pur aus der Flasche trinken. Ernsthaft, so lecker ist es. Einfach ausprobieren.<\/p>\n<ul>\n<li>Herkunft: Montr\u00e9al, Qu\u00e9bec (Kanada)<\/li>\n<li>Inhalt: 375 ml<\/li>\n<\/ul>\n","protected":false},"featured_media":168099,"comment_status":"open","ping_status":"closed","template":"","meta":{"_acf_changed":false},"product_brand":[],"product_cat":[4043,3930,3886,3968,4063,3793,4046,4071,4073],"product_tag":[],"class_list":{"0":"post-168155","1":"product","2":"type-product","3":"status-publish","4":"has-post-thumbnail","6":"product_cat-aromen","7":"product_cat-chipotle","8":"product_cat-bbq-saucen","9":"product_cat-geschenke","10":"product_cat-maple-syrup","11":"product_cat-sale","12":"product_cat-spicy","13":"product_cat-unter-30","14":"product_cat-unter-50","16":"first","17":"instock","18":"sale","19":"taxable","20":"shipping-taxable","21":"purchasable","22":"product-type-simple"},"bundled_by":["180364","191299"],"bundle_stock_status":"instock","bundle_stock_quantity":58,"bundle_virtual":false,"bundle_layout":"","bundle_add_to_cart_form_location":"","bundle_editable_in_cart":false,"bundle_sold_individually_context":"","bundle_item_grouping":"","bundle_min_size":"","bundle_max_size":"","bundle_price":[],"bundled_items":[],"bundle_sell_ids":[],"acf":[],"yoast_head":"<!-- This site is optimized with the Yoast SEO Premium plugin v27.5 (Yoast SEO v27.5) - https:\/\/yoast.com\/product\/yoast-seo-premium-wordpress\/ -->\n<title>La Pimenterie Chipotle Infused Maple Syrup - Heatsupply<\/title>\n<meta name=\"description\" content=\"Dieser mit Chipotle angereicherte Ahornsirup von La Pimenterie kombiniert auf k\u00f6stliche Weise die S\u00fc\u00dfe von Ahornsirup und das Raucharoma von Chipotle. Jetzt bestellen!\" \/>\n<meta name=\"robots\" content=\"index, follow, max-snippet:-1, max-image-preview:large, max-video-preview:-1\" \/>\n<link rel=\"canonical\" href=\"https:\/\/www.heatsupply.nl\/de\/produkt\/la-pimenterie-chipotle-infused-maple-syrup\/\" \/>\n<meta property=\"og:locale\" content=\"de_DE\" \/>\n<meta property=\"og:type\" content=\"article\" \/>\n<meta property=\"og:title\" content=\"La Pimenterie Chipotle Infused Maple Syrup\" \/>\n<meta property=\"og:description\" content=\"Dieser mit Chipotle angereicherte Ahornsirup von La Pimenterie kombiniert auf k\u00f6stliche Weise die S\u00fc\u00dfe von Ahornsirup und das Raucharoma von Chipotle. Jetzt bestellen!\" \/>\n<meta property=\"og:url\" content=\"https:\/\/www.heatsupply.nl\/de\/produkt\/la-pimenterie-chipotle-infused-maple-syrup\/\" \/>\n<meta property=\"og:site_name\" content=\"Heatsupply\" \/>\n<meta property=\"article:publisher\" content=\"https:\/\/www.facebook.com\/heatsupplyNL\" \/>\n<meta property=\"article:modified_time\" content=\"2026-03-22T23:08:17+00:00\" \/>\n<meta property=\"og:image\" content=\"https:\/\/www.heatsupply.nl\/wp-content\/uploads\/2025\/01\/la-pimenterie-chipotle-maple-syrup.jpg\" \/>\n\t<meta property=\"og:image:width\" content=\"1400\" \/>\n\t<meta property=\"og:image:height\" content=\"1400\" \/>\n\t<meta property=\"og:image:type\" content=\"image\/jpeg\" \/>\n<meta name=\"twitter:card\" content=\"summary_large_image\" \/>\n<meta name=\"twitter:label1\" content=\"Preis\" \/>\n\t<meta name=\"twitter:data1\" content=\"&euro;16,95\" \/>\n\t<meta name=\"twitter:label2\" content=\"Verf\u00fcgbarkeit\" \/>\n\t<meta name=\"twitter:data2\" content=\"Auf Lager\" \/>\n<script type=\"application\/ld+json\" class=\"yoast-schema-graph\">{\"@context\":\"https:\\\/\\\/schema.org\",\"@graph\":[{\"@type\":\"WebPage\",\"@id\":\"https:\\\/\\\/www.heatsupply.nl\\\/de\\\/produkt\\\/la-pimenterie-chipotle-infused-maple-syrup\\\/\",\"url\":\"https:\\\/\\\/www.heatsupply.nl\\\/de\\\/produkt\\\/la-pimenterie-chipotle-infused-maple-syrup\\\/\",\"name\":\"La Pimenterie Chipotle Infused Maple Syrup - Heatsupply\",\"isPartOf\":{\"@id\":\"https:\\\/\\\/www.heatsupply.nl\\\/de\\\/#website\"},\"primaryImageOfPage\":{\"@id\":\"https:\\\/\\\/www.heatsupply.nl\\\/de\\\/produkt\\\/la-pimenterie-chipotle-infused-maple-syrup\\\/#primaryimage\"},\"image\":{\"@id\":\"https:\\\/\\\/www.heatsupply.nl\\\/de\\\/produkt\\\/la-pimenterie-chipotle-infused-maple-syrup\\\/#primaryimage\"},\"thumbnailUrl\":\"https:\\\/\\\/www.heatsupply.nl\\\/wp-content\\\/uploads\\\/2025\\\/01\\\/la-pimenterie-chipotle-maple-syrup.jpg\",\"datePublished\":\"2025-01-23T12:25:43+00:00\",\"dateModified\":\"2026-03-22T23:08:17+00:00\",\"description\":\"Dieser mit Chipotle angereicherte Ahornsirup von La Pimenterie kombiniert auf k\u00f6stliche Weise die S\u00fc\u00dfe von Ahornsirup und das Raucharoma von Chipotle. Jetzt bestellen!\",\"breadcrumb\":{\"@id\":\"https:\\\/\\\/www.heatsupply.nl\\\/de\\\/produkt\\\/la-pimenterie-chipotle-infused-maple-syrup\\\/#breadcrumb\"},\"inLanguage\":\"de\",\"potentialAction\":[{\"@type\":\"ReadAction\",\"target\":[\"https:\\\/\\\/www.heatsupply.nl\\\/de\\\/produkt\\\/la-pimenterie-chipotle-infused-maple-syrup\\\/\"]}]},{\"@type\":\"ImageObject\",\"inLanguage\":\"de\",\"@id\":\"https:\\\/\\\/www.heatsupply.nl\\\/de\\\/produkt\\\/la-pimenterie-chipotle-infused-maple-syrup\\\/#primaryimage\",\"url\":\"https:\\\/\\\/www.heatsupply.nl\\\/wp-content\\\/uploads\\\/2025\\\/01\\\/la-pimenterie-chipotle-maple-syrup.jpg\",\"contentUrl\":\"https:\\\/\\\/www.heatsupply.nl\\\/wp-content\\\/uploads\\\/2025\\\/01\\\/la-pimenterie-chipotle-maple-syrup.jpg\",\"width\":1400,\"height\":1400,\"caption\":\"La Pimenterie Chipotle Infused Maple Syrup\"},{\"@type\":\"BreadcrumbList\",\"@id\":\"https:\\\/\\\/www.heatsupply.nl\\\/de\\\/produkt\\\/la-pimenterie-chipotle-infused-maple-syrup\\\/#breadcrumb\",\"itemListElement\":[{\"@type\":\"ListItem\",\"position\":1,\"name\":\"Home\",\"item\":\"https:\\\/\\\/www.heatsupply.nl\\\/de\\\/\"},{\"@type\":\"ListItem\",\"position\":2,\"name\":\"Alle produkten\",\"item\":\"https:\\\/\\\/www.heatsupply.nl\\\/de\\\/alle-produkten\\\/\"},{\"@type\":\"ListItem\",\"position\":3,\"name\":\"Spicy\",\"item\":\"https:\\\/\\\/www.heatsupply.nl\\\/de\\\/spicy\\\/\"},{\"@type\":\"ListItem\",\"position\":4,\"name\":\"Aromen\",\"item\":\"https:\\\/\\\/www.heatsupply.nl\\\/de\\\/spicy\\\/aromen\\\/\"},{\"@type\":\"ListItem\",\"position\":5,\"name\":\"Maple syrup\",\"item\":\"https:\\\/\\\/www.heatsupply.nl\\\/de\\\/spicy\\\/aromen\\\/maple-syrup\\\/\"},{\"@type\":\"ListItem\",\"position\":6,\"name\":\"La Pimenterie Chipotle Infused Maple Syrup\"}]},{\"@type\":\"WebSite\",\"@id\":\"https:\\\/\\\/www.heatsupply.nl\\\/de\\\/#website\",\"url\":\"https:\\\/\\\/www.heatsupply.nl\\\/de\\\/\",\"name\":\"Heatsupply\",\"description\":\"Hot sauce webstore #1 in Europe\",\"publisher\":{\"@id\":\"https:\\\/\\\/www.heatsupply.nl\\\/de\\\/#organization\"},\"potentialAction\":[{\"@type\":\"SearchAction\",\"target\":{\"@type\":\"EntryPoint\",\"urlTemplate\":\"https:\\\/\\\/www.heatsupply.nl\\\/de\\\/?s={search_term_string}\"},\"query-input\":{\"@type\":\"PropertyValueSpecification\",\"valueRequired\":true,\"valueName\":\"search_term_string\"}}],\"inLanguage\":\"de\"},{\"@type\":\"Organization\",\"@id\":\"https:\\\/\\\/www.heatsupply.nl\\\/de\\\/#organization\",\"name\":\"Heatsupply\",\"url\":\"https:\\\/\\\/www.heatsupply.nl\\\/de\\\/\",\"logo\":{\"@type\":\"ImageObject\",\"inLanguage\":\"de\",\"@id\":\"https:\\\/\\\/www.heatsupply.nl\\\/de\\\/#\\\/schema\\\/logo\\\/image\\\/\",\"url\":\"https:\\\/\\\/www.heatsupply.nl\\\/wp-content\\\/uploads\\\/2022\\\/10\\\/heatsupply-logo-rood.jpg\",\"contentUrl\":\"https:\\\/\\\/www.heatsupply.nl\\\/wp-content\\\/uploads\\\/2022\\\/10\\\/heatsupply-logo-rood.jpg\",\"width\":1000,\"height\":335,\"caption\":\"Heatsupply\"},\"image\":{\"@id\":\"https:\\\/\\\/www.heatsupply.nl\\\/de\\\/#\\\/schema\\\/logo\\\/image\\\/\"},\"sameAs\":[\"https:\\\/\\\/www.facebook.com\\\/heatsupplyNL\",\"https:\\\/\\\/www.instagram.com\\\/heatsuppy.nl\",\"https:\\\/\\\/www.youtube.com\\\/channel\\\/UC5pOWqQtljvxTz2SMWGWCsw\"]}]}<\/script>\n<meta property=\"product:price:amount\" content=\"16.95\" \/>\n<meta property=\"product:price:currency\" content=\"EUR\" \/>\n<meta property=\"og:availability\" content=\"instock\" \/>\n<meta property=\"product:availability\" content=\"instock\" \/>\n<meta property=\"product:retailer_item_id\" content=\"LPMSYRUP001\" \/>\n<meta property=\"product:condition\" content=\"new\" \/>\n<!-- \/ Yoast SEO Premium plugin. -->","yoast_head_json":{"title":"La Pimenterie Chipotle Infused Maple Syrup - Heatsupply","description":"Dieser mit Chipotle angereicherte Ahornsirup von La Pimenterie kombiniert auf k\u00f6stliche Weise die S\u00fc\u00dfe von Ahornsirup und das Raucharoma von Chipotle. Jetzt bestellen!","robots":{"index":"index","follow":"follow","max-snippet":"max-snippet:-1","max-image-preview":"max-image-preview:large","max-video-preview":"max-video-preview:-1"},"canonical":"https:\/\/www.heatsupply.nl\/de\/produkt\/la-pimenterie-chipotle-infused-maple-syrup\/","og_locale":"de_DE","og_type":"article","og_title":"La Pimenterie Chipotle Infused Maple Syrup","og_description":"Dieser mit Chipotle angereicherte Ahornsirup von La Pimenterie kombiniert auf k\u00f6stliche Weise die S\u00fc\u00dfe von Ahornsirup und das Raucharoma von Chipotle. Jetzt bestellen!","og_url":"https:\/\/www.heatsupply.nl\/de\/produkt\/la-pimenterie-chipotle-infused-maple-syrup\/","og_site_name":"Heatsupply","article_publisher":"https:\/\/www.facebook.com\/heatsupplyNL","article_modified_time":"2026-03-22T23:08:17+00:00","og_image":[{"width":1400,"height":1400,"url":"https:\/\/www.heatsupply.nl\/wp-content\/uploads\/2025\/01\/la-pimenterie-chipotle-maple-syrup.jpg","type":"image\/jpeg"}],"twitter_card":"summary_large_image","twitter_misc":{"Preis":"&euro;16,95","Verf\u00fcgbarkeit":"Auf Lager"},"schema":{"@context":"https:\/\/schema.org","@graph":[{"@type":"WebPage","@id":"https:\/\/www.heatsupply.nl\/de\/produkt\/la-pimenterie-chipotle-infused-maple-syrup\/","url":"https:\/\/www.heatsupply.nl\/de\/produkt\/la-pimenterie-chipotle-infused-maple-syrup\/","name":"La Pimenterie Chipotle Infused Maple Syrup - Heatsupply","isPartOf":{"@id":"https:\/\/www.heatsupply.nl\/de\/#website"},"primaryImageOfPage":{"@id":"https:\/\/www.heatsupply.nl\/de\/produkt\/la-pimenterie-chipotle-infused-maple-syrup\/#primaryimage"},"image":{"@id":"https:\/\/www.heatsupply.nl\/de\/produkt\/la-pimenterie-chipotle-infused-maple-syrup\/#primaryimage"},"thumbnailUrl":"https:\/\/www.heatsupply.nl\/wp-content\/uploads\/2025\/01\/la-pimenterie-chipotle-maple-syrup.jpg","datePublished":"2025-01-23T12:25:43+00:00","dateModified":"2026-03-22T23:08:17+00:00","description":"Dieser mit Chipotle angereicherte Ahornsirup von La Pimenterie kombiniert auf k\u00f6stliche Weise die S\u00fc\u00dfe von Ahornsirup und das Raucharoma von Chipotle. Jetzt bestellen!","breadcrumb":{"@id":"https:\/\/www.heatsupply.nl\/de\/produkt\/la-pimenterie-chipotle-infused-maple-syrup\/#breadcrumb"},"inLanguage":"de","potentialAction":[{"@type":"ReadAction","target":["https:\/\/www.heatsupply.nl\/de\/produkt\/la-pimenterie-chipotle-infused-maple-syrup\/"]}]},{"@type":"ImageObject","inLanguage":"de","@id":"https:\/\/www.heatsupply.nl\/de\/produkt\/la-pimenterie-chipotle-infused-maple-syrup\/#primaryimage","url":"https:\/\/www.heatsupply.nl\/wp-content\/uploads\/2025\/01\/la-pimenterie-chipotle-maple-syrup.jpg","contentUrl":"https:\/\/www.heatsupply.nl\/wp-content\/uploads\/2025\/01\/la-pimenterie-chipotle-maple-syrup.jpg","width":1400,"height":1400,"caption":"La Pimenterie Chipotle Infused Maple Syrup"},{"@type":"BreadcrumbList","@id":"https:\/\/www.heatsupply.nl\/de\/produkt\/la-pimenterie-chipotle-infused-maple-syrup\/#breadcrumb","itemListElement":[{"@type":"ListItem","position":1,"name":"Home","item":"https:\/\/www.heatsupply.nl\/de\/"},{"@type":"ListItem","position":2,"name":"Alle produkten","item":"https:\/\/www.heatsupply.nl\/de\/alle-produkten\/"},{"@type":"ListItem","position":3,"name":"Spicy","item":"https:\/\/www.heatsupply.nl\/de\/spicy\/"},{"@type":"ListItem","position":4,"name":"Aromen","item":"https:\/\/www.heatsupply.nl\/de\/spicy\/aromen\/"},{"@type":"ListItem","position":5,"name":"Maple syrup","item":"https:\/\/www.heatsupply.nl\/de\/spicy\/aromen\/maple-syrup\/"},{"@type":"ListItem","position":6,"name":"La Pimenterie Chipotle Infused Maple Syrup"}]},{"@type":"WebSite","@id":"https:\/\/www.heatsupply.nl\/de\/#website","url":"https:\/\/www.heatsupply.nl\/de\/","name":"Heatsupply","description":"Hot sauce webstore #1 in Europe","publisher":{"@id":"https:\/\/www.heatsupply.nl\/de\/#organization"},"potentialAction":[{"@type":"SearchAction","target":{"@type":"EntryPoint","urlTemplate":"https:\/\/www.heatsupply.nl\/de\/?s={search_term_string}"},"query-input":{"@type":"PropertyValueSpecification","valueRequired":true,"valueName":"search_term_string"}}],"inLanguage":"de"},{"@type":"Organization","@id":"https:\/\/www.heatsupply.nl\/de\/#organization","name":"Heatsupply","url":"https:\/\/www.heatsupply.nl\/de\/","logo":{"@type":"ImageObject","inLanguage":"de","@id":"https:\/\/www.heatsupply.nl\/de\/#\/schema\/logo\/image\/","url":"https:\/\/www.heatsupply.nl\/wp-content\/uploads\/2022\/10\/heatsupply-logo-rood.jpg","contentUrl":"https:\/\/www.heatsupply.nl\/wp-content\/uploads\/2022\/10\/heatsupply-logo-rood.jpg","width":1000,"height":335,"caption":"Heatsupply"},"image":{"@id":"https:\/\/www.heatsupply.nl\/de\/#\/schema\/logo\/image\/"},"sameAs":["https:\/\/www.facebook.com\/heatsupplyNL","https:\/\/www.instagram.com\/heatsuppy.nl","https:\/\/www.youtube.com\/channel\/UC5pOWqQtljvxTz2SMWGWCsw"]}]},"product_price_amount":"16.95","product_price_currency":"EUR","og_availability":"instock","product_availability":"instock","product_retailer_item_id":"LPMSYRUP001","product_condition":"new"},"_links":{"self":[{"href":"https:\/\/www.heatsupply.nl\/de\/wp-json\/wp\/v2\/product\/168155","targetHints":{"allow":["GET"]}}],"collection":[{"href":"https:\/\/www.heatsupply.nl\/de\/wp-json\/wp\/v2\/product"}],"about":[{"href":"https:\/\/www.heatsupply.nl\/de\/wp-json\/wp\/v2\/types\/product"}],"replies":[{"embeddable":true,"href":"https:\/\/www.heatsupply.nl\/de\/wp-json\/wp\/v2\/comments?post=168155"}],"wp:featuredmedia":[{"embeddable":true,"href":"https:\/\/www.heatsupply.nl\/de\/wp-json\/wp\/v2\/media\/168099"}],"wp:attachment":[{"href":"https:\/\/www.heatsupply.nl\/de\/wp-json\/wp\/v2\/media?parent=168155"}],"wp:term":[{"taxonomy":"product_brand","embeddable":true,"href":"https:\/\/www.heatsupply.nl\/de\/wp-json\/wp\/v2\/product_brand?post=168155"},{"taxonomy":"product_cat","embeddable":true,"href":"https:\/\/www.heatsupply.nl\/de\/wp-json\/wp\/v2\/product_cat?post=168155"},{"taxonomy":"product_tag","embeddable":true,"href":"https:\/\/www.heatsupply.nl\/de\/wp-json\/wp\/v2\/product_tag?post=168155"}],"curies":[{"name":"wp","href":"https:\/\/api.w.org\/{rel}","templated":true}]}}