{"id":162547,"date":"2024-11-27T08:37:05","date_gmt":"2024-11-27T07:37:05","guid":{"rendered":"https:\/\/www.heatsupply.nl\/?post_type=product&#038;p=162547"},"modified":"2025-08-21T13:20:20","modified_gmt":"2025-08-21T11:20:20","slug":"ausfahrt-to-hell-hot-sauce-by-jordan-prince-3-pack","status":"publish","type":"product","link":"https:\/\/www.heatsupply.nl\/de\/produkt\/ausfahrt-to-hell-hot-sauce-by-jordan-prince-3-pack\/","title":{"rendered":"Ausfahrt to Hell Hot Sauce by Jordan Prince 3-Pack"},"content":{"rendered":"<p>Dieses 3er-Pack enth\u00e4lt 3 Flaschen Ausfahrt to Hell Hot Sauce by Jordan Prince.<\/p>\n<p><strong>Zutaten Ausfahrt to Hell Hot Sauce von Jordan Prince<\/strong>: Paprika, Jalape\u00f1o, Chipotle in Adobo (Chipotle, Tomate, Wasser, Zwiebel, Soja\u00f6l, Zucker, Jodsalz, Essig, Knoblauch, Gew\u00fcrze), Zwiebel, nat\u00fcrlicher Essig, Habanero, Wasser, Agavensirup, Sonnenblumen\u00f6l, ger\u00f6steter Knoblauch, Meersalz.<\/p>\n<p><span style=\"text-decoration: underline;\">N\u00e4hrwerte pro 100gr:<\/span><br \/>\nEnergie: 402 kJ\/120 kcal<br \/>\nFett: 4,5 Gramm<br \/>\ndavon ges\u00e4ttigte Fetts\u00e4uren: 0,63 Gramm<br \/>\nKohlenhydrate: 13 Gramm<br \/>\ndavon Zucker: 10,5 Gramm<br \/>\nBallaststoffe: 1,5 Gramm<br \/>\nProtein: 0,6 Gramm<br \/>\nSalz: 0,12 Gramm<\/p>\n<p>Vor Gebrauch sch\u00fctteln und nach dem \u00d6ffnen im K\u00fchlschrank aufbewahren.<\/p>\n","protected":false},"excerpt":{"rendered":"<p style=\"text-align: justify;\">Die offizielle Jordan Prince Hot Sauce ist endlich da! Wir haben mit dem in Deutschland lebenden amerikanischen Comedian an dieser super vielseitigen Ausfahrt to Hell Hot Sauce by Jordan Prince zusammengearbeitet. Lass dich vom Namen aber nicht abschrecken, denn die Sauce ist mindestens genauso geschmackvoll wie scharf. Die Paprikabasis wird durch eine ordentliche Dosis Jalape\u00f1o und Chipotle in Adobo erg\u00e4nzt. Also sch\u00f6n scharf und rauchig!<\/p>\n<p style=\"text-align: justify;\">Zwiebeln und ger\u00f6steter Knoblauch sorgen f\u00fcr einen herrlich herzhaften Geschmack mit einer ganz leichten S\u00fc\u00dfe vom Zucker und einer leichten S\u00e4ure vom Essig. Super lecker zu H\u00e4hnchen, aber auch zu einem Bratwurstbr\u00f6tchen, auf einem Ei, in einer Pasta und so weiter. Mit diesem 3er-Pack kannst du gleich eine ganze Weile loslegen. Noch ein Vorteil: Du sparst ein paar Euro. Die Anzahl der 3er-Packs ist begrenzt, also handelst du schnell!<\/p>\n<ul>\n<li style=\"text-align: justify;\">Herkunft: M\u00fcnchen, Deutschland<\/li>\n<li style=\"text-align: justify;\">Inhalt: 3 x 150ml<\/li>\n<\/ul>\n","protected":false},"featured_media":162560,"comment_status":"open","ping_status":"closed","template":"","meta":{"_acf_changed":false},"product_brand":[],"product_cat":[3930,3965,3913,3915,3787,4046],"product_tag":[],"class_list":{"0":"post-162547","1":"product","2":"type-product","3":"status-publish","4":"has-post-thumbnail","6":"product_cat-chipotle","7":"product_cat-packs","8":"product_cat-habanero","9":"product_cat-jalapeno","10":"product_cat-scharfe-sossen","11":"product_cat-spicy","13":"first","14":"instock","15":"sale","16":"taxable","17":"shipping-taxable","18":"purchasable","19":"product-type-bundle"},"bundled_by":[],"bundle_stock_status":"instock","bundle_stock_quantity":8,"bundle_virtual":false,"bundle_layout":"default","bundle_add_to_cart_form_location":"after_summary","bundle_editable_in_cart":false,"bundle_sold_individually_context":"product","bundle_item_grouping":"parent","bundle_min_size":"","bundle_max_size":"","bundle_price":{"price":{"min":{"incl_tax":"27.5","excl_tax":"25.229358"},"max":{"incl_tax":"27.5","excl_tax":"25.229358"}},"regular_price":{"min":{"incl_tax":"29.85","excl_tax":"27.385321"},"max":{"incl_tax":"29.85","excl_tax":"27.385321"}}},"bundled_items":[{"bundled_item_id":1509,"product_id":162540,"menu_order":0,"quantity_min":3,"quantity_max":3,"quantity_default":3,"priced_individually":false,"shipped_individually":false,"override_title":false,"title":"Ausfahrt to Hell Hot Sauce by Jordan Prince","override_description":false,"description":"Ausfahrt to Hell Hot Sauce by Jordan Prince","optional":false,"hide_thumbnail":false,"discount":"","override_variations":false,"allowed_variations":[""],"override_default_variation_attributes":false,"default_variation_attributes":[],"single_product_visibility":"visible","cart_visibility":"visible","order_visibility":"visible","single_product_price_visibility":"visible","cart_price_visibility":"visible","order_price_visibility":"visible","stock_status":"in_stock"}],"bundle_sell_ids":[],"acf":[],"yoast_head":"<!-- This site is optimized with the Yoast SEO Premium plugin v27.5 (Yoast SEO v27.5) - https:\/\/yoast.com\/product\/yoast-seo-premium-wordpress\/ -->\n<title>Ausfahrt to Hell Hot Sauce by Jordan Prince 3-Pack - Heatsupply<\/title>\n<meta name=\"description\" content=\"Ausfahrt to Hell ist die offizielle Hot Sauce von Jordan Prince! Mit diesem 3er-Pack k\u00f6nnst du es lange nutzen und ein paar Euro sparen. Jetzt bei Heatsupply!\" \/>\n<meta name=\"robots\" content=\"index, follow, max-snippet:-1, max-image-preview:large, max-video-preview:-1\" \/>\n<link rel=\"canonical\" href=\"https:\/\/www.heatsupply.nl\/de\/produkt\/ausfahrt-to-hell-hot-sauce-by-jordan-prince-3-pack\/\" \/>\n<meta property=\"og:locale\" content=\"de_DE\" \/>\n<meta property=\"og:type\" content=\"article\" \/>\n<meta property=\"og:title\" content=\"Ausfahrt to Hell Hot Sauce by Jordan Prince 3-Pack\" \/>\n<meta property=\"og:description\" content=\"Ausfahrt to Hell ist die offizielle Hot Sauce von Jordan Prince! Mit diesem 3er-Pack k\u00f6nnst du es lange nutzen und ein paar Euro sparen. Jetzt bei Heatsupply!\" \/>\n<meta property=\"og:url\" content=\"https:\/\/www.heatsupply.nl\/de\/produkt\/ausfahrt-to-hell-hot-sauce-by-jordan-prince-3-pack\/\" \/>\n<meta property=\"og:site_name\" content=\"Heatsupply\" \/>\n<meta property=\"article:publisher\" content=\"https:\/\/www.facebook.com\/heatsupplyNL\" \/>\n<meta property=\"article:modified_time\" content=\"2025-08-21T11:20:20+00:00\" \/>\n<meta property=\"og:image\" content=\"https:\/\/www.heatsupply.nl\/wp-content\/uploads\/2024\/11\/jordan-prince-hot-sauce-3-pack.png\" \/>\n\t<meta property=\"og:image:width\" content=\"1400\" \/>\n\t<meta property=\"og:image:height\" content=\"1400\" \/>\n\t<meta property=\"og:image:type\" content=\"image\/png\" \/>\n<meta name=\"twitter:card\" content=\"summary_large_image\" \/>\n<meta name=\"twitter:label1\" content=\"Preis\" \/>\n\t<meta name=\"twitter:data1\" content=\"&euro;27,50\" \/>\n\t<meta name=\"twitter:label2\" content=\"Verf\u00fcgbarkeit\" \/>\n\t<meta name=\"twitter:data2\" content=\"Auf Lager\" \/>\n<script type=\"application\/ld+json\" class=\"yoast-schema-graph\">{\"@context\":\"https:\\\/\\\/schema.org\",\"@graph\":[{\"@type\":\"WebPage\",\"@id\":\"https:\\\/\\\/www.heatsupply.nl\\\/de\\\/produkt\\\/ausfahrt-to-hell-hot-sauce-by-jordan-prince-3-pack\\\/\",\"url\":\"https:\\\/\\\/www.heatsupply.nl\\\/de\\\/produkt\\\/ausfahrt-to-hell-hot-sauce-by-jordan-prince-3-pack\\\/\",\"name\":\"Ausfahrt to Hell Hot Sauce by Jordan Prince 3-Pack - Heatsupply\",\"isPartOf\":{\"@id\":\"https:\\\/\\\/www.heatsupply.nl\\\/de\\\/#website\"},\"primaryImageOfPage\":{\"@id\":\"https:\\\/\\\/www.heatsupply.nl\\\/de\\\/produkt\\\/ausfahrt-to-hell-hot-sauce-by-jordan-prince-3-pack\\\/#primaryimage\"},\"image\":{\"@id\":\"https:\\\/\\\/www.heatsupply.nl\\\/de\\\/produkt\\\/ausfahrt-to-hell-hot-sauce-by-jordan-prince-3-pack\\\/#primaryimage\"},\"thumbnailUrl\":\"https:\\\/\\\/www.heatsupply.nl\\\/wp-content\\\/uploads\\\/2024\\\/11\\\/jordan-prince-hot-sauce-3-pack.png\",\"datePublished\":\"2024-11-27T07:37:05+00:00\",\"dateModified\":\"2025-08-21T11:20:20+00:00\",\"description\":\"Ausfahrt to Hell ist die offizielle Hot Sauce von Jordan Prince! Mit diesem 3er-Pack k\u00f6nnst du es lange nutzen und ein paar Euro sparen. Jetzt bei Heatsupply!\",\"breadcrumb\":{\"@id\":\"https:\\\/\\\/www.heatsupply.nl\\\/de\\\/produkt\\\/ausfahrt-to-hell-hot-sauce-by-jordan-prince-3-pack\\\/#breadcrumb\"},\"inLanguage\":\"de\",\"potentialAction\":[{\"@type\":\"ReadAction\",\"target\":[\"https:\\\/\\\/www.heatsupply.nl\\\/de\\\/produkt\\\/ausfahrt-to-hell-hot-sauce-by-jordan-prince-3-pack\\\/\"]}]},{\"@type\":\"ImageObject\",\"inLanguage\":\"de\",\"@id\":\"https:\\\/\\\/www.heatsupply.nl\\\/de\\\/produkt\\\/ausfahrt-to-hell-hot-sauce-by-jordan-prince-3-pack\\\/#primaryimage\",\"url\":\"https:\\\/\\\/www.heatsupply.nl\\\/wp-content\\\/uploads\\\/2024\\\/11\\\/jordan-prince-hot-sauce-3-pack.png\",\"contentUrl\":\"https:\\\/\\\/www.heatsupply.nl\\\/wp-content\\\/uploads\\\/2024\\\/11\\\/jordan-prince-hot-sauce-3-pack.png\",\"width\":1400,\"height\":1400},{\"@type\":\"BreadcrumbList\",\"@id\":\"https:\\\/\\\/www.heatsupply.nl\\\/de\\\/produkt\\\/ausfahrt-to-hell-hot-sauce-by-jordan-prince-3-pack\\\/#breadcrumb\",\"itemListElement\":[{\"@type\":\"ListItem\",\"position\":1,\"name\":\"Home\",\"item\":\"https:\\\/\\\/www.heatsupply.nl\\\/de\\\/\"},{\"@type\":\"ListItem\",\"position\":2,\"name\":\"Alle produkten\",\"item\":\"https:\\\/\\\/www.heatsupply.nl\\\/de\\\/alle-produkten\\\/\"},{\"@type\":\"ListItem\",\"position\":3,\"name\":\"Scharfe So\u00dfen\",\"item\":\"https:\\\/\\\/www.heatsupply.nl\\\/de\\\/scharfe-sossen\\\/\"},{\"@type\":\"ListItem\",\"position\":4,\"name\":\"Ausfahrt to Hell Hot Sauce by Jordan Prince 3-Pack\"}]},{\"@type\":\"WebSite\",\"@id\":\"https:\\\/\\\/www.heatsupply.nl\\\/de\\\/#website\",\"url\":\"https:\\\/\\\/www.heatsupply.nl\\\/de\\\/\",\"name\":\"Heatsupply\",\"description\":\"Hot sauce webstore #1 in Europe\",\"publisher\":{\"@id\":\"https:\\\/\\\/www.heatsupply.nl\\\/de\\\/#organization\"},\"potentialAction\":[{\"@type\":\"SearchAction\",\"target\":{\"@type\":\"EntryPoint\",\"urlTemplate\":\"https:\\\/\\\/www.heatsupply.nl\\\/de\\\/?s={search_term_string}\"},\"query-input\":{\"@type\":\"PropertyValueSpecification\",\"valueRequired\":true,\"valueName\":\"search_term_string\"}}],\"inLanguage\":\"de\"},{\"@type\":\"Organization\",\"@id\":\"https:\\\/\\\/www.heatsupply.nl\\\/de\\\/#organization\",\"name\":\"Heatsupply\",\"url\":\"https:\\\/\\\/www.heatsupply.nl\\\/de\\\/\",\"logo\":{\"@type\":\"ImageObject\",\"inLanguage\":\"de\",\"@id\":\"https:\\\/\\\/www.heatsupply.nl\\\/de\\\/#\\\/schema\\\/logo\\\/image\\\/\",\"url\":\"https:\\\/\\\/www.heatsupply.nl\\\/wp-content\\\/uploads\\\/2022\\\/10\\\/heatsupply-logo-rood.jpg\",\"contentUrl\":\"https:\\\/\\\/www.heatsupply.nl\\\/wp-content\\\/uploads\\\/2022\\\/10\\\/heatsupply-logo-rood.jpg\",\"width\":1000,\"height\":335,\"caption\":\"Heatsupply\"},\"image\":{\"@id\":\"https:\\\/\\\/www.heatsupply.nl\\\/de\\\/#\\\/schema\\\/logo\\\/image\\\/\"},\"sameAs\":[\"https:\\\/\\\/www.facebook.com\\\/heatsupplyNL\",\"https:\\\/\\\/www.instagram.com\\\/heatsuppy.nl\",\"https:\\\/\\\/www.youtube.com\\\/channel\\\/UC5pOWqQtljvxTz2SMWGWCsw\"]}]}<\/script>\n<meta property=\"product:price:amount\" content=\"27.50\" \/>\n<meta property=\"product:price:currency\" content=\"EUR\" \/>\n<meta property=\"og:availability\" content=\"instock\" \/>\n<meta property=\"product:availability\" content=\"instock\" \/>\n<meta property=\"product:condition\" content=\"new\" \/>\n<!-- \/ Yoast SEO Premium plugin. -->","yoast_head_json":{"title":"Ausfahrt to Hell Hot Sauce by Jordan Prince 3-Pack - Heatsupply","description":"Ausfahrt to Hell ist die offizielle Hot Sauce von Jordan Prince! Mit diesem 3er-Pack k\u00f6nnst du es lange nutzen und ein paar Euro sparen. Jetzt bei Heatsupply!","robots":{"index":"index","follow":"follow","max-snippet":"max-snippet:-1","max-image-preview":"max-image-preview:large","max-video-preview":"max-video-preview:-1"},"canonical":"https:\/\/www.heatsupply.nl\/de\/produkt\/ausfahrt-to-hell-hot-sauce-by-jordan-prince-3-pack\/","og_locale":"de_DE","og_type":"article","og_title":"Ausfahrt to Hell Hot Sauce by Jordan Prince 3-Pack","og_description":"Ausfahrt to Hell ist die offizielle Hot Sauce von Jordan Prince! Mit diesem 3er-Pack k\u00f6nnst du es lange nutzen und ein paar Euro sparen. Jetzt bei Heatsupply!","og_url":"https:\/\/www.heatsupply.nl\/de\/produkt\/ausfahrt-to-hell-hot-sauce-by-jordan-prince-3-pack\/","og_site_name":"Heatsupply","article_publisher":"https:\/\/www.facebook.com\/heatsupplyNL","article_modified_time":"2025-08-21T11:20:20+00:00","og_image":[{"width":1400,"height":1400,"url":"https:\/\/www.heatsupply.nl\/wp-content\/uploads\/2024\/11\/jordan-prince-hot-sauce-3-pack.png","type":"image\/png"}],"twitter_card":"summary_large_image","twitter_misc":{"Preis":"&euro;27,50","Verf\u00fcgbarkeit":"Auf Lager"},"schema":{"@context":"https:\/\/schema.org","@graph":[{"@type":"WebPage","@id":"https:\/\/www.heatsupply.nl\/de\/produkt\/ausfahrt-to-hell-hot-sauce-by-jordan-prince-3-pack\/","url":"https:\/\/www.heatsupply.nl\/de\/produkt\/ausfahrt-to-hell-hot-sauce-by-jordan-prince-3-pack\/","name":"Ausfahrt to Hell Hot Sauce by Jordan Prince 3-Pack - Heatsupply","isPartOf":{"@id":"https:\/\/www.heatsupply.nl\/de\/#website"},"primaryImageOfPage":{"@id":"https:\/\/www.heatsupply.nl\/de\/produkt\/ausfahrt-to-hell-hot-sauce-by-jordan-prince-3-pack\/#primaryimage"},"image":{"@id":"https:\/\/www.heatsupply.nl\/de\/produkt\/ausfahrt-to-hell-hot-sauce-by-jordan-prince-3-pack\/#primaryimage"},"thumbnailUrl":"https:\/\/www.heatsupply.nl\/wp-content\/uploads\/2024\/11\/jordan-prince-hot-sauce-3-pack.png","datePublished":"2024-11-27T07:37:05+00:00","dateModified":"2025-08-21T11:20:20+00:00","description":"Ausfahrt to Hell ist die offizielle Hot Sauce von Jordan Prince! Mit diesem 3er-Pack k\u00f6nnst du es lange nutzen und ein paar Euro sparen. Jetzt bei Heatsupply!","breadcrumb":{"@id":"https:\/\/www.heatsupply.nl\/de\/produkt\/ausfahrt-to-hell-hot-sauce-by-jordan-prince-3-pack\/#breadcrumb"},"inLanguage":"de","potentialAction":[{"@type":"ReadAction","target":["https:\/\/www.heatsupply.nl\/de\/produkt\/ausfahrt-to-hell-hot-sauce-by-jordan-prince-3-pack\/"]}]},{"@type":"ImageObject","inLanguage":"de","@id":"https:\/\/www.heatsupply.nl\/de\/produkt\/ausfahrt-to-hell-hot-sauce-by-jordan-prince-3-pack\/#primaryimage","url":"https:\/\/www.heatsupply.nl\/wp-content\/uploads\/2024\/11\/jordan-prince-hot-sauce-3-pack.png","contentUrl":"https:\/\/www.heatsupply.nl\/wp-content\/uploads\/2024\/11\/jordan-prince-hot-sauce-3-pack.png","width":1400,"height":1400},{"@type":"BreadcrumbList","@id":"https:\/\/www.heatsupply.nl\/de\/produkt\/ausfahrt-to-hell-hot-sauce-by-jordan-prince-3-pack\/#breadcrumb","itemListElement":[{"@type":"ListItem","position":1,"name":"Home","item":"https:\/\/www.heatsupply.nl\/de\/"},{"@type":"ListItem","position":2,"name":"Alle produkten","item":"https:\/\/www.heatsupply.nl\/de\/alle-produkten\/"},{"@type":"ListItem","position":3,"name":"Scharfe So\u00dfen","item":"https:\/\/www.heatsupply.nl\/de\/scharfe-sossen\/"},{"@type":"ListItem","position":4,"name":"Ausfahrt to Hell Hot Sauce by Jordan Prince 3-Pack"}]},{"@type":"WebSite","@id":"https:\/\/www.heatsupply.nl\/de\/#website","url":"https:\/\/www.heatsupply.nl\/de\/","name":"Heatsupply","description":"Hot sauce webstore #1 in Europe","publisher":{"@id":"https:\/\/www.heatsupply.nl\/de\/#organization"},"potentialAction":[{"@type":"SearchAction","target":{"@type":"EntryPoint","urlTemplate":"https:\/\/www.heatsupply.nl\/de\/?s={search_term_string}"},"query-input":{"@type":"PropertyValueSpecification","valueRequired":true,"valueName":"search_term_string"}}],"inLanguage":"de"},{"@type":"Organization","@id":"https:\/\/www.heatsupply.nl\/de\/#organization","name":"Heatsupply","url":"https:\/\/www.heatsupply.nl\/de\/","logo":{"@type":"ImageObject","inLanguage":"de","@id":"https:\/\/www.heatsupply.nl\/de\/#\/schema\/logo\/image\/","url":"https:\/\/www.heatsupply.nl\/wp-content\/uploads\/2022\/10\/heatsupply-logo-rood.jpg","contentUrl":"https:\/\/www.heatsupply.nl\/wp-content\/uploads\/2022\/10\/heatsupply-logo-rood.jpg","width":1000,"height":335,"caption":"Heatsupply"},"image":{"@id":"https:\/\/www.heatsupply.nl\/de\/#\/schema\/logo\/image\/"},"sameAs":["https:\/\/www.facebook.com\/heatsupplyNL","https:\/\/www.instagram.com\/heatsuppy.nl","https:\/\/www.youtube.com\/channel\/UC5pOWqQtljvxTz2SMWGWCsw"]}]},"product_price_amount":"27.50","product_price_currency":"EUR","og_availability":"instock","product_availability":"instock","product_condition":"new"},"_links":{"self":[{"href":"https:\/\/www.heatsupply.nl\/de\/wp-json\/wp\/v2\/product\/162547","targetHints":{"allow":["GET"]}}],"collection":[{"href":"https:\/\/www.heatsupply.nl\/de\/wp-json\/wp\/v2\/product"}],"about":[{"href":"https:\/\/www.heatsupply.nl\/de\/wp-json\/wp\/v2\/types\/product"}],"replies":[{"embeddable":true,"href":"https:\/\/www.heatsupply.nl\/de\/wp-json\/wp\/v2\/comments?post=162547"}],"wp:featuredmedia":[{"embeddable":true,"href":"https:\/\/www.heatsupply.nl\/de\/wp-json\/wp\/v2\/media\/162560"}],"wp:attachment":[{"href":"https:\/\/www.heatsupply.nl\/de\/wp-json\/wp\/v2\/media?parent=162547"}],"wp:term":[{"taxonomy":"product_brand","embeddable":true,"href":"https:\/\/www.heatsupply.nl\/de\/wp-json\/wp\/v2\/product_brand?post=162547"},{"taxonomy":"product_cat","embeddable":true,"href":"https:\/\/www.heatsupply.nl\/de\/wp-json\/wp\/v2\/product_cat?post=162547"},{"taxonomy":"product_tag","embeddable":true,"href":"https:\/\/www.heatsupply.nl\/de\/wp-json\/wp\/v2\/product_tag?post=162547"}],"curies":[{"name":"wp","href":"https:\/\/api.w.org\/{rel}","templated":true}]}}