{"id":162540,"date":"2024-11-27T08:34:11","date_gmt":"2024-11-27T07:34:11","guid":{"rendered":"https:\/\/www.heatsupply.nl\/?post_type=product&#038;p=162540"},"modified":"2026-05-02T15:01:45","modified_gmt":"2026-05-02T13:01:45","slug":"ausfahrt-to-hell-hot-sauce-by-jordan-prince","status":"publish","type":"product","link":"https:\/\/www.heatsupply.nl\/de\/produkt\/ausfahrt-to-hell-hot-sauce-by-jordan-prince\/","title":{"rendered":"Ausfahrt to Hell Hot Sauce by Jordan Prince"},"content":{"rendered":"<p><strong>Zutaten Ausfahrt to Hell Hot Sauce von Jordan Prince<\/strong>: Paprika, Jalape\u00f1o, Chipotle in Adobo (Chipotle, Tomate, Wasser, Zwiebel, Soja\u00f6l, Zucker, Jodsalz, Essig, Knoblauch, Gew\u00fcrze), Zwiebel, nat\u00fcrlicher Essig, Habanero, Wasser, Agavensirup, Sonnenblumen\u00f6l, ger\u00f6steter Knoblauch, Meersalz.<\/p>\n<p><span style=\"text-decoration: underline;\">N\u00e4hrwerte pro 100gr:<\/span><br \/>\nEnergie: 402 kJ\/120 kcal<br \/>\nFett: 4,5 Gramm<br \/>\ndavon ges\u00e4ttigte Fetts\u00e4uren: 0,63 Gramm<br \/>\nKohlenhydrate: 13 Gramm<br \/>\ndavon Zucker: 10,5 Gramm<br \/>\nBallaststoffe: 1,5 Gramm<br \/>\nProtein: 0,6 Gramm<br \/>\nSalz: 0,12 Gramm<\/p>\n<p>Vor Gebrauch sch\u00fctteln und nach dem \u00d6ffnen im K\u00fchlschrank aufbewahren.<\/p>\n","protected":false},"excerpt":{"rendered":"<p style=\"text-align: justify;\">Die Offizielle Jordan Prince Hot Sauce ist endlich da! Wir haben mit dem in Deutschland lebenden amerikanischen Comedian an dieser super vielseitigen Ausfahrt to Hell Hot Sauce by Jordan Prince zusammengearbeitet. Lass dich vom Namen aber nicht abschrecken, denn die Sauce ist mindestens genauso geschmackvoll wie scharf. Die Paprikabasis wird durch eine ordentliche Dosis Jalape\u00f1o und Chipotle in Adobo erg\u00e4nzt. Sch\u00f6n scharf und rauchig!<\/p>\n<p style=\"text-align: justify;\">Zwiebeln und ger\u00f6steter Knoblauch sorgen f\u00fcr einen herrlich herzhaften Geschmack mit einer ganz leichten S\u00fc\u00dfe vom Zucker und einer leichten S\u00e4ure vom Essig. Super lecker zu H\u00e4hnchen, aber auch zum Bratwurstbr\u00f6tchen, auf einem Ei, in einer Pasta und so weiter. Dein neuer Allesk\u00f6nner!<\/p>\n<ul>\n<li style=\"text-align: justify;\">Herkunft: M\u00fcnchen, Deutschland<\/li>\n<li style=\"text-align: justify;\">Inhalt: 150ml<\/li>\n<\/ul>\n","protected":false},"featured_media":162557,"comment_status":"open","ping_status":"closed","template":"","meta":{"_acf_changed":false},"product_brand":[],"product_cat":[3930,3886,3994,3913,3915,3793,3787,4046],"product_tag":[],"class_list":{"0":"post-162540","1":"product","2":"type-product","3":"status-publish","4":"has-post-thumbnail","6":"product_cat-chipotle","7":"product_cat-bbq-saucen","8":"product_cat-europaeische-scharfe-saucen","9":"product_cat-habanero","10":"product_cat-jalapeno","11":"product_cat-sale","12":"product_cat-scharfe-sossen","13":"product_cat-spicy","15":"first","16":"instock","17":"sale","18":"taxable","19":"shipping-taxable","20":"purchasable","21":"product-type-simple"},"bundled_by":["162547"],"bundle_stock_status":"instock","bundle_stock_quantity":18,"bundle_virtual":false,"bundle_layout":"","bundle_add_to_cart_form_location":"","bundle_editable_in_cart":false,"bundle_sold_individually_context":"","bundle_item_grouping":"","bundle_min_size":"","bundle_max_size":"","bundle_price":[],"bundled_items":[],"bundle_sell_ids":[],"acf":[],"yoast_head":"<!-- This site is optimized with the Yoast SEO Premium plugin v27.5 (Yoast SEO v27.5) - https:\/\/yoast.com\/product\/yoast-seo-premium-wordpress\/ -->\n<title>Ausfahrt to Hell Hot Sauce by Jordan Prince - Heatsupply<\/title>\n<meta name=\"description\" content=\"Ausfahrt to Hell ist die offizielle Hot Sauce von Jordan Prince! Lasst du dich vom Namen nicht abschrecken, denn die Sauce ist genauso geschmackvoll wie scharf.\" \/>\n<meta name=\"robots\" content=\"index, follow, max-snippet:-1, max-image-preview:large, max-video-preview:-1\" \/>\n<link rel=\"canonical\" href=\"https:\/\/www.heatsupply.nl\/de\/produkt\/ausfahrt-to-hell-hot-sauce-by-jordan-prince\/\" \/>\n<meta property=\"og:locale\" content=\"de_DE\" \/>\n<meta property=\"og:type\" content=\"article\" \/>\n<meta property=\"og:title\" content=\"Ausfahrt to Hell Hot Sauce by Jordan Prince\" \/>\n<meta property=\"og:description\" content=\"Ausfahrt to Hell ist die offizielle Hot Sauce von Jordan Prince! Lasst du dich vom Namen nicht abschrecken, denn die Sauce ist genauso geschmackvoll wie scharf.\" \/>\n<meta property=\"og:url\" content=\"https:\/\/www.heatsupply.nl\/de\/produkt\/ausfahrt-to-hell-hot-sauce-by-jordan-prince\/\" \/>\n<meta property=\"og:site_name\" content=\"Heatsupply\" \/>\n<meta property=\"article:publisher\" content=\"https:\/\/www.facebook.com\/heatsupplyNL\" \/>\n<meta property=\"article:modified_time\" content=\"2026-05-02T13:01:45+00:00\" \/>\n<meta property=\"og:image\" content=\"https:\/\/www.heatsupply.nl\/wp-content\/uploads\/2024\/11\/jordan-prince-ausfahrt-to-hell-hot-sauce-1.jpg\" \/>\n\t<meta property=\"og:image:width\" content=\"1400\" \/>\n\t<meta property=\"og:image:height\" content=\"1400\" \/>\n\t<meta property=\"og:image:type\" content=\"image\/jpeg\" \/>\n<meta name=\"twitter:card\" content=\"summary_large_image\" \/>\n<meta name=\"twitter:label1\" content=\"Preis\" \/>\n\t<meta name=\"twitter:data1\" content=\"&euro;7,95\" \/>\n\t<meta name=\"twitter:label2\" content=\"Verf\u00fcgbarkeit\" \/>\n\t<meta name=\"twitter:data2\" content=\"Auf Lager\" \/>\n<script type=\"application\/ld+json\" class=\"yoast-schema-graph\">{\"@context\":\"https:\\\/\\\/schema.org\",\"@graph\":[{\"@type\":\"WebPage\",\"@id\":\"https:\\\/\\\/www.heatsupply.nl\\\/de\\\/produkt\\\/ausfahrt-to-hell-hot-sauce-by-jordan-prince\\\/\",\"url\":\"https:\\\/\\\/www.heatsupply.nl\\\/de\\\/produkt\\\/ausfahrt-to-hell-hot-sauce-by-jordan-prince\\\/\",\"name\":\"Ausfahrt to Hell Hot Sauce by Jordan Prince - Heatsupply\",\"isPartOf\":{\"@id\":\"https:\\\/\\\/www.heatsupply.nl\\\/de\\\/#website\"},\"primaryImageOfPage\":{\"@id\":\"https:\\\/\\\/www.heatsupply.nl\\\/de\\\/produkt\\\/ausfahrt-to-hell-hot-sauce-by-jordan-prince\\\/#primaryimage\"},\"image\":{\"@id\":\"https:\\\/\\\/www.heatsupply.nl\\\/de\\\/produkt\\\/ausfahrt-to-hell-hot-sauce-by-jordan-prince\\\/#primaryimage\"},\"thumbnailUrl\":\"https:\\\/\\\/www.heatsupply.nl\\\/wp-content\\\/uploads\\\/2024\\\/11\\\/jordan-prince-ausfahrt-to-hell-hot-sauce-1.jpg\",\"datePublished\":\"2024-11-27T07:34:11+00:00\",\"dateModified\":\"2026-05-02T13:01:45+00:00\",\"description\":\"Ausfahrt to Hell ist die offizielle Hot Sauce von Jordan Prince! Lasst du dich vom Namen nicht abschrecken, denn die Sauce ist genauso geschmackvoll wie scharf.\",\"breadcrumb\":{\"@id\":\"https:\\\/\\\/www.heatsupply.nl\\\/de\\\/produkt\\\/ausfahrt-to-hell-hot-sauce-by-jordan-prince\\\/#breadcrumb\"},\"inLanguage\":\"de\",\"potentialAction\":[{\"@type\":\"ReadAction\",\"target\":[\"https:\\\/\\\/www.heatsupply.nl\\\/de\\\/produkt\\\/ausfahrt-to-hell-hot-sauce-by-jordan-prince\\\/\"]}]},{\"@type\":\"ImageObject\",\"inLanguage\":\"de\",\"@id\":\"https:\\\/\\\/www.heatsupply.nl\\\/de\\\/produkt\\\/ausfahrt-to-hell-hot-sauce-by-jordan-prince\\\/#primaryimage\",\"url\":\"https:\\\/\\\/www.heatsupply.nl\\\/wp-content\\\/uploads\\\/2024\\\/11\\\/jordan-prince-ausfahrt-to-hell-hot-sauce-1.jpg\",\"contentUrl\":\"https:\\\/\\\/www.heatsupply.nl\\\/wp-content\\\/uploads\\\/2024\\\/11\\\/jordan-prince-ausfahrt-to-hell-hot-sauce-1.jpg\",\"width\":1400,\"height\":1400,\"caption\":\"jordan prince ausfahrt to hell hot sauce\"},{\"@type\":\"BreadcrumbList\",\"@id\":\"https:\\\/\\\/www.heatsupply.nl\\\/de\\\/produkt\\\/ausfahrt-to-hell-hot-sauce-by-jordan-prince\\\/#breadcrumb\",\"itemListElement\":[{\"@type\":\"ListItem\",\"position\":1,\"name\":\"Home\",\"item\":\"https:\\\/\\\/www.heatsupply.nl\\\/de\\\/\"},{\"@type\":\"ListItem\",\"position\":2,\"name\":\"Alle produkten\",\"item\":\"https:\\\/\\\/www.heatsupply.nl\\\/de\\\/alle-produkten\\\/\"},{\"@type\":\"ListItem\",\"position\":3,\"name\":\"Scharfe So\u00dfen\",\"item\":\"https:\\\/\\\/www.heatsupply.nl\\\/de\\\/scharfe-sossen\\\/\"},{\"@type\":\"ListItem\",\"position\":4,\"name\":\"Ausfahrt to Hell Hot Sauce by Jordan Prince\"}]},{\"@type\":\"WebSite\",\"@id\":\"https:\\\/\\\/www.heatsupply.nl\\\/de\\\/#website\",\"url\":\"https:\\\/\\\/www.heatsupply.nl\\\/de\\\/\",\"name\":\"Heatsupply\",\"description\":\"Hot sauce webstore #1 in Europe\",\"publisher\":{\"@id\":\"https:\\\/\\\/www.heatsupply.nl\\\/de\\\/#organization\"},\"potentialAction\":[{\"@type\":\"SearchAction\",\"target\":{\"@type\":\"EntryPoint\",\"urlTemplate\":\"https:\\\/\\\/www.heatsupply.nl\\\/de\\\/?s={search_term_string}\"},\"query-input\":{\"@type\":\"PropertyValueSpecification\",\"valueRequired\":true,\"valueName\":\"search_term_string\"}}],\"inLanguage\":\"de\"},{\"@type\":\"Organization\",\"@id\":\"https:\\\/\\\/www.heatsupply.nl\\\/de\\\/#organization\",\"name\":\"Heatsupply\",\"url\":\"https:\\\/\\\/www.heatsupply.nl\\\/de\\\/\",\"logo\":{\"@type\":\"ImageObject\",\"inLanguage\":\"de\",\"@id\":\"https:\\\/\\\/www.heatsupply.nl\\\/de\\\/#\\\/schema\\\/logo\\\/image\\\/\",\"url\":\"https:\\\/\\\/www.heatsupply.nl\\\/wp-content\\\/uploads\\\/2022\\\/10\\\/heatsupply-logo-rood.jpg\",\"contentUrl\":\"https:\\\/\\\/www.heatsupply.nl\\\/wp-content\\\/uploads\\\/2022\\\/10\\\/heatsupply-logo-rood.jpg\",\"width\":1000,\"height\":335,\"caption\":\"Heatsupply\"},\"image\":{\"@id\":\"https:\\\/\\\/www.heatsupply.nl\\\/de\\\/#\\\/schema\\\/logo\\\/image\\\/\"},\"sameAs\":[\"https:\\\/\\\/www.facebook.com\\\/heatsupplyNL\",\"https:\\\/\\\/www.instagram.com\\\/heatsuppy.nl\",\"https:\\\/\\\/www.youtube.com\\\/channel\\\/UC5pOWqQtljvxTz2SMWGWCsw\"]}]}<\/script>\n<meta property=\"product:brand\" content=\"Heatsupply\" \/>\n<meta property=\"product:price:amount\" content=\"7.95\" \/>\n<meta property=\"product:price:currency\" content=\"EUR\" \/>\n<meta property=\"og:availability\" content=\"instock\" \/>\n<meta property=\"product:availability\" content=\"instock\" \/>\n<meta property=\"product:retailer_item_id\" content=\"ATHJP001\" \/>\n<meta property=\"product:condition\" content=\"new\" \/>\n<!-- \/ Yoast SEO Premium plugin. -->","yoast_head_json":{"title":"Ausfahrt to Hell Hot Sauce by Jordan Prince - Heatsupply","description":"Ausfahrt to Hell ist die offizielle Hot Sauce von Jordan Prince! Lasst du dich vom Namen nicht abschrecken, denn die Sauce ist genauso geschmackvoll wie scharf.","robots":{"index":"index","follow":"follow","max-snippet":"max-snippet:-1","max-image-preview":"max-image-preview:large","max-video-preview":"max-video-preview:-1"},"canonical":"https:\/\/www.heatsupply.nl\/de\/produkt\/ausfahrt-to-hell-hot-sauce-by-jordan-prince\/","og_locale":"de_DE","og_type":"article","og_title":"Ausfahrt to Hell Hot Sauce by Jordan Prince","og_description":"Ausfahrt to Hell ist die offizielle Hot Sauce von Jordan Prince! Lasst du dich vom Namen nicht abschrecken, denn die Sauce ist genauso geschmackvoll wie scharf.","og_url":"https:\/\/www.heatsupply.nl\/de\/produkt\/ausfahrt-to-hell-hot-sauce-by-jordan-prince\/","og_site_name":"Heatsupply","article_publisher":"https:\/\/www.facebook.com\/heatsupplyNL","article_modified_time":"2026-05-02T13:01:45+00:00","og_image":[{"width":1400,"height":1400,"url":"https:\/\/www.heatsupply.nl\/wp-content\/uploads\/2024\/11\/jordan-prince-ausfahrt-to-hell-hot-sauce-1.jpg","type":"image\/jpeg"}],"twitter_card":"summary_large_image","twitter_misc":{"Preis":"&euro;7,95","Verf\u00fcgbarkeit":"Auf Lager"},"schema":{"@context":"https:\/\/schema.org","@graph":[{"@type":"WebPage","@id":"https:\/\/www.heatsupply.nl\/de\/produkt\/ausfahrt-to-hell-hot-sauce-by-jordan-prince\/","url":"https:\/\/www.heatsupply.nl\/de\/produkt\/ausfahrt-to-hell-hot-sauce-by-jordan-prince\/","name":"Ausfahrt to Hell Hot Sauce by Jordan Prince - Heatsupply","isPartOf":{"@id":"https:\/\/www.heatsupply.nl\/de\/#website"},"primaryImageOfPage":{"@id":"https:\/\/www.heatsupply.nl\/de\/produkt\/ausfahrt-to-hell-hot-sauce-by-jordan-prince\/#primaryimage"},"image":{"@id":"https:\/\/www.heatsupply.nl\/de\/produkt\/ausfahrt-to-hell-hot-sauce-by-jordan-prince\/#primaryimage"},"thumbnailUrl":"https:\/\/www.heatsupply.nl\/wp-content\/uploads\/2024\/11\/jordan-prince-ausfahrt-to-hell-hot-sauce-1.jpg","datePublished":"2024-11-27T07:34:11+00:00","dateModified":"2026-05-02T13:01:45+00:00","description":"Ausfahrt to Hell ist die offizielle Hot Sauce von Jordan Prince! Lasst du dich vom Namen nicht abschrecken, denn die Sauce ist genauso geschmackvoll wie scharf.","breadcrumb":{"@id":"https:\/\/www.heatsupply.nl\/de\/produkt\/ausfahrt-to-hell-hot-sauce-by-jordan-prince\/#breadcrumb"},"inLanguage":"de","potentialAction":[{"@type":"ReadAction","target":["https:\/\/www.heatsupply.nl\/de\/produkt\/ausfahrt-to-hell-hot-sauce-by-jordan-prince\/"]}]},{"@type":"ImageObject","inLanguage":"de","@id":"https:\/\/www.heatsupply.nl\/de\/produkt\/ausfahrt-to-hell-hot-sauce-by-jordan-prince\/#primaryimage","url":"https:\/\/www.heatsupply.nl\/wp-content\/uploads\/2024\/11\/jordan-prince-ausfahrt-to-hell-hot-sauce-1.jpg","contentUrl":"https:\/\/www.heatsupply.nl\/wp-content\/uploads\/2024\/11\/jordan-prince-ausfahrt-to-hell-hot-sauce-1.jpg","width":1400,"height":1400,"caption":"jordan prince ausfahrt to hell hot sauce"},{"@type":"BreadcrumbList","@id":"https:\/\/www.heatsupply.nl\/de\/produkt\/ausfahrt-to-hell-hot-sauce-by-jordan-prince\/#breadcrumb","itemListElement":[{"@type":"ListItem","position":1,"name":"Home","item":"https:\/\/www.heatsupply.nl\/de\/"},{"@type":"ListItem","position":2,"name":"Alle produkten","item":"https:\/\/www.heatsupply.nl\/de\/alle-produkten\/"},{"@type":"ListItem","position":3,"name":"Scharfe So\u00dfen","item":"https:\/\/www.heatsupply.nl\/de\/scharfe-sossen\/"},{"@type":"ListItem","position":4,"name":"Ausfahrt to Hell Hot Sauce by Jordan Prince"}]},{"@type":"WebSite","@id":"https:\/\/www.heatsupply.nl\/de\/#website","url":"https:\/\/www.heatsupply.nl\/de\/","name":"Heatsupply","description":"Hot sauce webstore #1 in Europe","publisher":{"@id":"https:\/\/www.heatsupply.nl\/de\/#organization"},"potentialAction":[{"@type":"SearchAction","target":{"@type":"EntryPoint","urlTemplate":"https:\/\/www.heatsupply.nl\/de\/?s={search_term_string}"},"query-input":{"@type":"PropertyValueSpecification","valueRequired":true,"valueName":"search_term_string"}}],"inLanguage":"de"},{"@type":"Organization","@id":"https:\/\/www.heatsupply.nl\/de\/#organization","name":"Heatsupply","url":"https:\/\/www.heatsupply.nl\/de\/","logo":{"@type":"ImageObject","inLanguage":"de","@id":"https:\/\/www.heatsupply.nl\/de\/#\/schema\/logo\/image\/","url":"https:\/\/www.heatsupply.nl\/wp-content\/uploads\/2022\/10\/heatsupply-logo-rood.jpg","contentUrl":"https:\/\/www.heatsupply.nl\/wp-content\/uploads\/2022\/10\/heatsupply-logo-rood.jpg","width":1000,"height":335,"caption":"Heatsupply"},"image":{"@id":"https:\/\/www.heatsupply.nl\/de\/#\/schema\/logo\/image\/"},"sameAs":["https:\/\/www.facebook.com\/heatsupplyNL","https:\/\/www.instagram.com\/heatsuppy.nl","https:\/\/www.youtube.com\/channel\/UC5pOWqQtljvxTz2SMWGWCsw"]}]},"product_brand":"Heatsupply","product_price_amount":"7.95","product_price_currency":"EUR","og_availability":"instock","product_availability":"instock","product_retailer_item_id":"ATHJP001","product_condition":"new"},"_links":{"self":[{"href":"https:\/\/www.heatsupply.nl\/de\/wp-json\/wp\/v2\/product\/162540","targetHints":{"allow":["GET"]}}],"collection":[{"href":"https:\/\/www.heatsupply.nl\/de\/wp-json\/wp\/v2\/product"}],"about":[{"href":"https:\/\/www.heatsupply.nl\/de\/wp-json\/wp\/v2\/types\/product"}],"replies":[{"embeddable":true,"href":"https:\/\/www.heatsupply.nl\/de\/wp-json\/wp\/v2\/comments?post=162540"}],"wp:featuredmedia":[{"embeddable":true,"href":"https:\/\/www.heatsupply.nl\/de\/wp-json\/wp\/v2\/media\/162557"}],"wp:attachment":[{"href":"https:\/\/www.heatsupply.nl\/de\/wp-json\/wp\/v2\/media?parent=162540"}],"wp:term":[{"taxonomy":"product_brand","embeddable":true,"href":"https:\/\/www.heatsupply.nl\/de\/wp-json\/wp\/v2\/product_brand?post=162540"},{"taxonomy":"product_cat","embeddable":true,"href":"https:\/\/www.heatsupply.nl\/de\/wp-json\/wp\/v2\/product_cat?post=162540"},{"taxonomy":"product_tag","embeddable":true,"href":"https:\/\/www.heatsupply.nl\/de\/wp-json\/wp\/v2\/product_tag?post=162540"}],"curies":[{"name":"wp","href":"https:\/\/api.w.org\/{rel}","templated":true}]}}