{"id":162073,"date":"2024-11-14T16:18:12","date_gmt":"2024-11-14T15:18:12","guid":{"rendered":"https:\/\/www.heatsupply.nl\/product\/matty-matheson-soups-salads-sandwiches\/"},"modified":"2024-11-25T00:06:13","modified_gmt":"2024-11-24T23:06:13","slug":"matty-matheson-soups-salads-sandwiches","status":"publish","type":"product","link":"https:\/\/www.heatsupply.nl\/de\/produkt\/matty-matheson-soups-salads-sandwiches\/","title":{"rendered":"Matty Matheson: Soups, Salads, Sandwiches"},"content":{"rendered":"<p>Autor: Matty Matheson<\/p>\n<p>Anzahl der Seiten: 368<\/p>\n<p>Herausgeber: Ten Speed \u200b\u200b\u200b\u200bPress<\/p>\n<p>Erscheinungsdatum: 22. Oktober 2024<\/p>\n<p>EAN: 9781984862150<\/p>\n","protected":false},"excerpt":{"rendered":"<p style=\"text-align: justify;\">Der gefeierte Koch, New York Times-Bestsellerautor und ausf\u00fchrender Produzent und Schauspieler von &#8222;The Bear&#8220; definiert die ikonische Dreifaltigkeit des Kochens neu: Suppen, Salate und Sandwiches.<\/p>\n<p style=\"text-align: justify;\">Wahrscheinlich hast du in den letzten 24 Stunden eine Suppe, einen Salat oder ein Sandwich gegessen (oder vielleicht sogar alle drei). Dieses Trio macht einen Gro\u00dfteil unserer Mahlzeiten aus, bekommt aber selten die Aufmerksamkeit, die es verdient \u2013 bis jetzt. Matty Matheson, bekannt f\u00fcr seine k\u00fchnen, innovativen Geschm\u00e4cker, hat ein Kochbuch geschaffen, das revolutionieren wird, wie du \u00fcber diese K\u00fcchengrundlagen denkst. Dieses Buch ist f\u00fcr jeden geeignet und bietet Mattys charakteristische Twists auf die Klassiker, mit minimalem Aufwand f\u00fcr maximalen Geschmack.<\/p>\n<p style=\"text-align: justify;\">Finde deine Lieblingskombination, indem du Gerichte wie diese mischst und kombinierst:<\/p>\n<ul style=\"text-align: justify;\">\n<li>Suppen: Riesenfleischb\u00e4llchensuppe; Krabben-Congee; Cremige Wurstsuppe mit R\u00fcbstiel und Tortellini; Caldo de Pollo<\/li>\n<li>Salate: Jedermanns Mamas Makkaroni-Thunfisch-Salat; Gegrillter Salami-Panzanella-Salat; Pfirsiche mit Ziegenk\u00e4se, Minze, Honigwabe, Oliven\u00f6l und Espelette<\/li>\n<li>Sandwiches: Cubano; Italienische Kombi; Sonnengew\u00e4rmtes Tomatensandwich; French Toast aus Bananenbrot mit Spiegelei, Peameal-Speck und Ahornsirup<\/li>\n<\/ul>\n<p style=\"text-align: justify;\">Vollgepackt mit Charakter, pers\u00f6nlichen Geschichten, leckeren Rezepten und lebendigen Fotos eines Tages im Leben von Matty und seiner Familie, wird &#8222;<em>Soups, Salads, Sandwiches<\/em>&#8220; dich dazu bringen, furchtlos deine eigenen Kombinationen in der K\u00fcche zu kreieren.<\/p>\n","protected":false},"featured_media":161985,"comment_status":"open","ping_status":"closed","template":"","meta":{"_acf_changed":false},"product_brand":[],"product_cat":[4042,4019],"product_tag":[],"class_list":{"0":"post-162073","1":"product","2":"type-product","3":"status-publish","4":"has-post-thumbnail","6":"product_cat-andere-produkte","7":"product_cat-kochbuchen","9":"first","10":"instock","11":"taxable","12":"shipping-taxable","13":"purchasable","14":"product-type-simple"},"bundled_by":[],"bundle_stock_status":"instock","bundle_stock_quantity":1,"bundle_virtual":false,"bundle_layout":"","bundle_add_to_cart_form_location":"","bundle_editable_in_cart":false,"bundle_sold_individually_context":"","bundle_item_grouping":"","bundle_min_size":"","bundle_max_size":"","bundle_price":[],"bundled_items":[],"bundle_sell_ids":[],"acf":[],"yoast_head":"<!-- This site is optimized with the Yoast SEO Premium plugin v27.5 (Yoast SEO v27.5) - https:\/\/yoast.com\/product\/yoast-seo-premium-wordpress\/ -->\n<title>Matty Matheson: Soups, Salads, Sandwiches - Heatsupply<\/title>\n<meta name=\"description\" content=\"In seinem neuesten Buch konzentriert sich YouTube-Koch und Schauspieler Matty Matheson auf das ikonische Trio aus der Kochwelt: Suppen, Salate und Sandwiches.\" \/>\n<meta name=\"robots\" content=\"index, follow, max-snippet:-1, max-image-preview:large, max-video-preview:-1\" \/>\n<link rel=\"canonical\" href=\"https:\/\/www.heatsupply.nl\/de\/produkt\/matty-matheson-soups-salads-sandwiches\/\" \/>\n<meta property=\"og:locale\" content=\"de_DE\" \/>\n<meta property=\"og:type\" content=\"article\" \/>\n<meta property=\"og:title\" content=\"Matty Matheson: Soups, Salads, Sandwiches\" \/>\n<meta property=\"og:description\" content=\"In seinem neuesten Buch konzentriert sich YouTube-Koch und Schauspieler Matty Matheson auf das ikonische Trio aus der Kochwelt: Suppen, Salate und Sandwiches.\" \/>\n<meta property=\"og:url\" content=\"https:\/\/www.heatsupply.nl\/de\/produkt\/matty-matheson-soups-salads-sandwiches\/\" \/>\n<meta property=\"og:site_name\" content=\"Heatsupply\" \/>\n<meta property=\"article:publisher\" content=\"https:\/\/www.facebook.com\/heatsupplyNL\" \/>\n<meta property=\"article:modified_time\" content=\"2024-11-24T23:06:13+00:00\" \/>\n<meta property=\"og:image\" content=\"https:\/\/www.heatsupply.nl\/wp-content\/uploads\/2024\/11\/matty-matheson-soups-salads-sandwiches-boek.jpg\" \/>\n\t<meta property=\"og:image:width\" content=\"1400\" \/>\n\t<meta property=\"og:image:height\" content=\"1400\" \/>\n\t<meta property=\"og:image:type\" content=\"image\/jpeg\" \/>\n<meta name=\"twitter:card\" content=\"summary_large_image\" \/>\n<meta name=\"twitter:label1\" content=\"Preis\" \/>\n\t<meta name=\"twitter:data1\" content=\"&euro;39,95\" \/>\n\t<meta name=\"twitter:label2\" content=\"Verf\u00fcgbarkeit\" \/>\n\t<meta name=\"twitter:data2\" content=\"Auf Lager\" \/>\n<script type=\"application\/ld+json\" class=\"yoast-schema-graph\">{\"@context\":\"https:\\\/\\\/schema.org\",\"@graph\":[{\"@type\":\"WebPage\",\"@id\":\"https:\\\/\\\/www.heatsupply.nl\\\/de\\\/produkt\\\/matty-matheson-soups-salads-sandwiches\\\/\",\"url\":\"https:\\\/\\\/www.heatsupply.nl\\\/de\\\/produkt\\\/matty-matheson-soups-salads-sandwiches\\\/\",\"name\":\"Matty Matheson: Soups, Salads, Sandwiches - Heatsupply\",\"isPartOf\":{\"@id\":\"https:\\\/\\\/www.heatsupply.nl\\\/de\\\/#website\"},\"primaryImageOfPage\":{\"@id\":\"https:\\\/\\\/www.heatsupply.nl\\\/de\\\/produkt\\\/matty-matheson-soups-salads-sandwiches\\\/#primaryimage\"},\"image\":{\"@id\":\"https:\\\/\\\/www.heatsupply.nl\\\/de\\\/produkt\\\/matty-matheson-soups-salads-sandwiches\\\/#primaryimage\"},\"thumbnailUrl\":\"https:\\\/\\\/www.heatsupply.nl\\\/wp-content\\\/uploads\\\/2024\\\/11\\\/matty-matheson-soups-salads-sandwiches-boek.jpg\",\"datePublished\":\"2024-11-14T15:18:12+00:00\",\"dateModified\":\"2024-11-24T23:06:13+00:00\",\"description\":\"In seinem neuesten Buch konzentriert sich YouTube-Koch und Schauspieler Matty Matheson auf das ikonische Trio aus der Kochwelt: Suppen, Salate und Sandwiches.\",\"breadcrumb\":{\"@id\":\"https:\\\/\\\/www.heatsupply.nl\\\/de\\\/produkt\\\/matty-matheson-soups-salads-sandwiches\\\/#breadcrumb\"},\"inLanguage\":\"de\",\"potentialAction\":[{\"@type\":\"ReadAction\",\"target\":[\"https:\\\/\\\/www.heatsupply.nl\\\/de\\\/produkt\\\/matty-matheson-soups-salads-sandwiches\\\/\"]}]},{\"@type\":\"ImageObject\",\"inLanguage\":\"de\",\"@id\":\"https:\\\/\\\/www.heatsupply.nl\\\/de\\\/produkt\\\/matty-matheson-soups-salads-sandwiches\\\/#primaryimage\",\"url\":\"https:\\\/\\\/www.heatsupply.nl\\\/wp-content\\\/uploads\\\/2024\\\/11\\\/matty-matheson-soups-salads-sandwiches-boek.jpg\",\"contentUrl\":\"https:\\\/\\\/www.heatsupply.nl\\\/wp-content\\\/uploads\\\/2024\\\/11\\\/matty-matheson-soups-salads-sandwiches-boek.jpg\",\"width\":1400,\"height\":1400,\"caption\":\"matty matheson soups salads sandwiches kookboek\"},{\"@type\":\"BreadcrumbList\",\"@id\":\"https:\\\/\\\/www.heatsupply.nl\\\/de\\\/produkt\\\/matty-matheson-soups-salads-sandwiches\\\/#breadcrumb\",\"itemListElement\":[{\"@type\":\"ListItem\",\"position\":1,\"name\":\"Home\",\"item\":\"https:\\\/\\\/www.heatsupply.nl\\\/de\\\/\"},{\"@type\":\"ListItem\",\"position\":2,\"name\":\"Alle produkten\",\"item\":\"https:\\\/\\\/www.heatsupply.nl\\\/de\\\/alle-produkten\\\/\"},{\"@type\":\"ListItem\",\"position\":3,\"name\":\"Andere produkte\",\"item\":\"https:\\\/\\\/www.heatsupply.nl\\\/de\\\/andere-produkte\\\/\"},{\"@type\":\"ListItem\",\"position\":4,\"name\":\"Matty Matheson: Soups, Salads, Sandwiches\"}]},{\"@type\":\"WebSite\",\"@id\":\"https:\\\/\\\/www.heatsupply.nl\\\/de\\\/#website\",\"url\":\"https:\\\/\\\/www.heatsupply.nl\\\/de\\\/\",\"name\":\"Heatsupply\",\"description\":\"Hot sauce webstore #1 in Europe\",\"publisher\":{\"@id\":\"https:\\\/\\\/www.heatsupply.nl\\\/de\\\/#organization\"},\"potentialAction\":[{\"@type\":\"SearchAction\",\"target\":{\"@type\":\"EntryPoint\",\"urlTemplate\":\"https:\\\/\\\/www.heatsupply.nl\\\/de\\\/?s={search_term_string}\"},\"query-input\":{\"@type\":\"PropertyValueSpecification\",\"valueRequired\":true,\"valueName\":\"search_term_string\"}}],\"inLanguage\":\"de\"},{\"@type\":\"Organization\",\"@id\":\"https:\\\/\\\/www.heatsupply.nl\\\/de\\\/#organization\",\"name\":\"Heatsupply\",\"url\":\"https:\\\/\\\/www.heatsupply.nl\\\/de\\\/\",\"logo\":{\"@type\":\"ImageObject\",\"inLanguage\":\"de\",\"@id\":\"https:\\\/\\\/www.heatsupply.nl\\\/de\\\/#\\\/schema\\\/logo\\\/image\\\/\",\"url\":\"https:\\\/\\\/www.heatsupply.nl\\\/wp-content\\\/uploads\\\/2022\\\/10\\\/heatsupply-logo-rood.jpg\",\"contentUrl\":\"https:\\\/\\\/www.heatsupply.nl\\\/wp-content\\\/uploads\\\/2022\\\/10\\\/heatsupply-logo-rood.jpg\",\"width\":1000,\"height\":335,\"caption\":\"Heatsupply\"},\"image\":{\"@id\":\"https:\\\/\\\/www.heatsupply.nl\\\/de\\\/#\\\/schema\\\/logo\\\/image\\\/\"},\"sameAs\":[\"https:\\\/\\\/www.facebook.com\\\/heatsupplyNL\",\"https:\\\/\\\/www.instagram.com\\\/heatsuppy.nl\",\"https:\\\/\\\/www.youtube.com\\\/channel\\\/UC5pOWqQtljvxTz2SMWGWCsw\"]}]}<\/script>\n<meta property=\"product:price:amount\" content=\"39.95\" \/>\n<meta property=\"product:price:currency\" content=\"EUR\" \/>\n<meta property=\"og:availability\" content=\"instock\" \/>\n<meta property=\"product:availability\" content=\"instock\" \/>\n<meta property=\"product:retailer_item_id\" content=\"MMSSS001\" \/>\n<meta property=\"product:condition\" content=\"new\" \/>\n<!-- \/ Yoast SEO Premium plugin. -->","yoast_head_json":{"title":"Matty Matheson: Soups, Salads, Sandwiches - Heatsupply","description":"In seinem neuesten Buch konzentriert sich YouTube-Koch und Schauspieler Matty Matheson auf das ikonische Trio aus der Kochwelt: Suppen, Salate und Sandwiches.","robots":{"index":"index","follow":"follow","max-snippet":"max-snippet:-1","max-image-preview":"max-image-preview:large","max-video-preview":"max-video-preview:-1"},"canonical":"https:\/\/www.heatsupply.nl\/de\/produkt\/matty-matheson-soups-salads-sandwiches\/","og_locale":"de_DE","og_type":"article","og_title":"Matty Matheson: Soups, Salads, Sandwiches","og_description":"In seinem neuesten Buch konzentriert sich YouTube-Koch und Schauspieler Matty Matheson auf das ikonische Trio aus der Kochwelt: Suppen, Salate und Sandwiches.","og_url":"https:\/\/www.heatsupply.nl\/de\/produkt\/matty-matheson-soups-salads-sandwiches\/","og_site_name":"Heatsupply","article_publisher":"https:\/\/www.facebook.com\/heatsupplyNL","article_modified_time":"2024-11-24T23:06:13+00:00","og_image":[{"width":1400,"height":1400,"url":"https:\/\/www.heatsupply.nl\/wp-content\/uploads\/2024\/11\/matty-matheson-soups-salads-sandwiches-boek.jpg","type":"image\/jpeg"}],"twitter_card":"summary_large_image","twitter_misc":{"Preis":"&euro;39,95","Verf\u00fcgbarkeit":"Auf Lager"},"schema":{"@context":"https:\/\/schema.org","@graph":[{"@type":"WebPage","@id":"https:\/\/www.heatsupply.nl\/de\/produkt\/matty-matheson-soups-salads-sandwiches\/","url":"https:\/\/www.heatsupply.nl\/de\/produkt\/matty-matheson-soups-salads-sandwiches\/","name":"Matty Matheson: Soups, Salads, Sandwiches - Heatsupply","isPartOf":{"@id":"https:\/\/www.heatsupply.nl\/de\/#website"},"primaryImageOfPage":{"@id":"https:\/\/www.heatsupply.nl\/de\/produkt\/matty-matheson-soups-salads-sandwiches\/#primaryimage"},"image":{"@id":"https:\/\/www.heatsupply.nl\/de\/produkt\/matty-matheson-soups-salads-sandwiches\/#primaryimage"},"thumbnailUrl":"https:\/\/www.heatsupply.nl\/wp-content\/uploads\/2024\/11\/matty-matheson-soups-salads-sandwiches-boek.jpg","datePublished":"2024-11-14T15:18:12+00:00","dateModified":"2024-11-24T23:06:13+00:00","description":"In seinem neuesten Buch konzentriert sich YouTube-Koch und Schauspieler Matty Matheson auf das ikonische Trio aus der Kochwelt: Suppen, Salate und Sandwiches.","breadcrumb":{"@id":"https:\/\/www.heatsupply.nl\/de\/produkt\/matty-matheson-soups-salads-sandwiches\/#breadcrumb"},"inLanguage":"de","potentialAction":[{"@type":"ReadAction","target":["https:\/\/www.heatsupply.nl\/de\/produkt\/matty-matheson-soups-salads-sandwiches\/"]}]},{"@type":"ImageObject","inLanguage":"de","@id":"https:\/\/www.heatsupply.nl\/de\/produkt\/matty-matheson-soups-salads-sandwiches\/#primaryimage","url":"https:\/\/www.heatsupply.nl\/wp-content\/uploads\/2024\/11\/matty-matheson-soups-salads-sandwiches-boek.jpg","contentUrl":"https:\/\/www.heatsupply.nl\/wp-content\/uploads\/2024\/11\/matty-matheson-soups-salads-sandwiches-boek.jpg","width":1400,"height":1400,"caption":"matty matheson soups salads sandwiches kookboek"},{"@type":"BreadcrumbList","@id":"https:\/\/www.heatsupply.nl\/de\/produkt\/matty-matheson-soups-salads-sandwiches\/#breadcrumb","itemListElement":[{"@type":"ListItem","position":1,"name":"Home","item":"https:\/\/www.heatsupply.nl\/de\/"},{"@type":"ListItem","position":2,"name":"Alle produkten","item":"https:\/\/www.heatsupply.nl\/de\/alle-produkten\/"},{"@type":"ListItem","position":3,"name":"Andere produkte","item":"https:\/\/www.heatsupply.nl\/de\/andere-produkte\/"},{"@type":"ListItem","position":4,"name":"Matty Matheson: Soups, Salads, Sandwiches"}]},{"@type":"WebSite","@id":"https:\/\/www.heatsupply.nl\/de\/#website","url":"https:\/\/www.heatsupply.nl\/de\/","name":"Heatsupply","description":"Hot sauce webstore #1 in Europe","publisher":{"@id":"https:\/\/www.heatsupply.nl\/de\/#organization"},"potentialAction":[{"@type":"SearchAction","target":{"@type":"EntryPoint","urlTemplate":"https:\/\/www.heatsupply.nl\/de\/?s={search_term_string}"},"query-input":{"@type":"PropertyValueSpecification","valueRequired":true,"valueName":"search_term_string"}}],"inLanguage":"de"},{"@type":"Organization","@id":"https:\/\/www.heatsupply.nl\/de\/#organization","name":"Heatsupply","url":"https:\/\/www.heatsupply.nl\/de\/","logo":{"@type":"ImageObject","inLanguage":"de","@id":"https:\/\/www.heatsupply.nl\/de\/#\/schema\/logo\/image\/","url":"https:\/\/www.heatsupply.nl\/wp-content\/uploads\/2022\/10\/heatsupply-logo-rood.jpg","contentUrl":"https:\/\/www.heatsupply.nl\/wp-content\/uploads\/2022\/10\/heatsupply-logo-rood.jpg","width":1000,"height":335,"caption":"Heatsupply"},"image":{"@id":"https:\/\/www.heatsupply.nl\/de\/#\/schema\/logo\/image\/"},"sameAs":["https:\/\/www.facebook.com\/heatsupplyNL","https:\/\/www.instagram.com\/heatsuppy.nl","https:\/\/www.youtube.com\/channel\/UC5pOWqQtljvxTz2SMWGWCsw"]}]},"product_price_amount":"39.95","product_price_currency":"EUR","og_availability":"instock","product_availability":"instock","product_retailer_item_id":"MMSSS001","product_condition":"new"},"_links":{"self":[{"href":"https:\/\/www.heatsupply.nl\/de\/wp-json\/wp\/v2\/product\/162073","targetHints":{"allow":["GET"]}}],"collection":[{"href":"https:\/\/www.heatsupply.nl\/de\/wp-json\/wp\/v2\/product"}],"about":[{"href":"https:\/\/www.heatsupply.nl\/de\/wp-json\/wp\/v2\/types\/product"}],"replies":[{"embeddable":true,"href":"https:\/\/www.heatsupply.nl\/de\/wp-json\/wp\/v2\/comments?post=162073"}],"wp:featuredmedia":[{"embeddable":true,"href":"https:\/\/www.heatsupply.nl\/de\/wp-json\/wp\/v2\/media\/161985"}],"wp:attachment":[{"href":"https:\/\/www.heatsupply.nl\/de\/wp-json\/wp\/v2\/media?parent=162073"}],"wp:term":[{"taxonomy":"product_brand","embeddable":true,"href":"https:\/\/www.heatsupply.nl\/de\/wp-json\/wp\/v2\/product_brand?post=162073"},{"taxonomy":"product_cat","embeddable":true,"href":"https:\/\/www.heatsupply.nl\/de\/wp-json\/wp\/v2\/product_cat?post=162073"},{"taxonomy":"product_tag","embeddable":true,"href":"https:\/\/www.heatsupply.nl\/de\/wp-json\/wp\/v2\/product_tag?post=162073"}],"curies":[{"name":"wp","href":"https:\/\/api.w.org\/{rel}","templated":true}]}}