{"id":160993,"date":"2024-11-19T15:41:33","date_gmt":"2024-11-19T14:41:33","guid":{"rendered":"https:\/\/www.heatsupply.nl\/?post_type=product&#038;p=160993"},"modified":"2025-08-21T13:20:25","modified_gmt":"2025-08-21T11:20:25","slug":"heatsupplys-the-o-g-hot-sauce-buch-pack","status":"publish","type":"product","link":"https:\/\/www.heatsupply.nl\/de\/produkt\/heatsupplys-the-o-g-hot-sauce-buch-pack\/","title":{"rendered":"Heatsupply&#8217;s The O.G. &#038; HOT SAUCE Buch Pack"},"content":{"rendered":"<p>Dies ist Heatsupply&#8217;s The O.G. &amp; HOT SAUCE Buch Paket, in dem 2 absolute <em>must-haves<\/em> f\u00fcr jeden Hot Sauce Fan enthalten sind: The O.G. Hot Sauce und unser eigenes Hot Sauce Buch, inklusive 40 scharfer Rezepte!<\/p>\n<p>Mehr Infos zu diesem Paket findest du oben.<\/p>\n","protected":false},"excerpt":{"rendered":"<p style=\"text-align: justify;\">Wenn du etwas mit Hot Sauce machen m\u00f6chtest, brauchst du eigentlich nur zwei Dinge: Hot Sauce und Inspiration, was du damit anstellen kannst. Deshalb haben wir Heatsupply&#8217;s The O.G. &amp; HOT SAUCE Buch Paket kreiert, mit unserer beliebtesten und vielseitigsten Hot Sauce (<a href=\"https:\/\/www.heatsupply.nl\/de\/produkt\/the-o-g-hot-sauce-beste-hot-sauce-der-niederlande-2023\/\"><strong>The O.G. Hot Sauce<\/strong><\/a>) und unserem Buch &#8218;<a href=\"https:\/\/www.heatsupply.nl\/de\/produkt\/hot-sauce-die-scharfe-sosenbibel-mit-40-wurzigen-rezepten\/\"><strong>HOT SAUCE &#8211; die scharfe Saucenbibel mit 40 feurigen Rezepten<\/strong><\/a>&#8218;. Perfekt f\u00fcr diejenigen, die noch nicht so vertraut sind mit der wunderbaren Welt der Hot Sauce, aber auch ein absolutes Muss f\u00fcr die gr\u00f6\u00dften Liebhaber scharfer Sachen.<\/p>\n<p style=\"text-align: justify;\">The O.G. Hot Sauce wurde 2023 zur besten Hot Sauce der Niederlande gek\u00fcrt, mit lecker viel Kreuzk\u00fcmmel, Jalape\u00f1o (und Habanero), Zwiebeln und Knoblauch. Super lecker also zu vielen mexikanischen Gerichten, aber auch zu vielen anderen Gerichten, die du dann wiederum in H\u00fclle und F\u00fclle in unserem Buch findest. Das Buch bietet jedoch viel mehr als nur ein paar Gerichte. Wir tauchen ein in die Geschichte von Chilis &amp; Hot Sauce, r\u00e4umen mit Mythen auf und haben sogar ein Interview mit Sean Evans (Moderator von Hot Ones) drin. Alles in allem ist dieses Paket also super toll zum Bekommen und zum Verschenken!<\/p>\n<ul>\n<li style=\"text-align: justify;\">Herkunft: Asten, Niederlande<\/li>\n<li style=\"text-align: justify;\">Inhalt Sauce: 150 ml<\/li>\n<li>Buchseiten: 231<\/li>\n<\/ul>\n","protected":false},"featured_media":162373,"comment_status":"open","ping_status":"closed","template":"","meta":{"_acf_changed":false},"product_brand":[],"product_cat":[3968,4077,4069,3965,4011,4122,4046,4071,4073],"product_tag":[],"class_list":{"0":"post-160993","1":"product","2":"type-product","3":"status-publish","4":"has-post-thumbnail","6":"product_cat-geschenke","7":"product_cat-packs-spicy","8":"product_cat-geschenksets","9":"product_cat-packs","10":"product_cat-heatsupply-originals","11":"product_cat-koenigstag-deals-2026","12":"product_cat-spicy","13":"product_cat-unter-30","14":"product_cat-unter-50","16":"first","17":"instock","18":"sale","19":"virtual","20":"taxable","21":"purchasable","22":"product-type-bundle"},"bundled_by":[],"bundle_stock_status":"instock","bundle_stock_quantity":79,"bundle_virtual":false,"bundle_layout":"default","bundle_add_to_cart_form_location":"after_summary","bundle_editable_in_cart":false,"bundle_sold_individually_context":"product","bundle_item_grouping":"parent","bundle_min_size":"","bundle_max_size":"","bundle_price":{"price":{"min":{"incl_tax":"29.95","excl_tax":"27.477064"},"max":{"incl_tax":"29.95","excl_tax":"27.477064"}},"regular_price":{"min":{"incl_tax":"33.49","excl_tax":"30.724771"},"max":{"incl_tax":"33.49","excl_tax":"30.724771"}}},"bundled_items":[{"bundled_item_id":1493,"product_id":141915,"menu_order":0,"quantity_min":1,"quantity_max":1,"quantity_default":1,"priced_individually":false,"shipped_individually":false,"override_title":false,"title":"The O.G. Hot Sauce &#8211; Beste Hot Sauce der Niederlande 2023","override_description":false,"description":"The O.G. Hot Sauce &#8211; Beste Hot Sauce der Niederlande 2023","optional":false,"hide_thumbnail":false,"discount":"","override_variations":false,"allowed_variations":[""],"override_default_variation_attributes":false,"default_variation_attributes":[],"single_product_visibility":"visible","cart_visibility":"visible","order_visibility":"visible","single_product_price_visibility":"visible","cart_price_visibility":"visible","order_price_visibility":"visible","stock_status":"in_stock"},{"bundled_item_id":1494,"product_id":148100,"menu_order":1,"quantity_min":1,"quantity_max":1,"quantity_default":1,"priced_individually":false,"shipped_individually":false,"override_title":false,"title":"HOT SAUCE &#8211; Die scharfe So\u00dfenbibel mit 40 w\u00fcrzigen Rezepten","override_description":false,"description":"HOT SAUCE &#8211; Die scharfe So\u00dfenbibel mit 40 w\u00fcrzigen Rezepten","optional":false,"hide_thumbnail":false,"discount":"","override_variations":false,"allowed_variations":[""],"override_default_variation_attributes":false,"default_variation_attributes":[],"single_product_visibility":"visible","cart_visibility":"visible","order_visibility":"visible","single_product_price_visibility":"visible","cart_price_visibility":"visible","order_price_visibility":"visible","stock_status":"in_stock"}],"bundle_sell_ids":[],"acf":[],"yoast_head":"<!-- This site is optimized with the Yoast SEO Premium plugin v27.5 (Yoast SEO v27.5) - https:\/\/yoast.com\/product\/yoast-seo-premium-wordpress\/ -->\n<title>Heatsupply&#039;s The O.G. &amp; HOT SAUCE Buch Pack - Heatsupply<\/title>\n<meta name=\"description\" content=\"In diesem Paket finden Sie zwei absolute Hot-Sauce-Essentials: The O.G. Hot Sauce und unser scharfes So\u00dfenbuch mit 40 scharfen Rezepten!\" \/>\n<meta name=\"robots\" content=\"index, follow, max-snippet:-1, max-image-preview:large, max-video-preview:-1\" \/>\n<link rel=\"canonical\" href=\"https:\/\/www.heatsupply.nl\/de\/produkt\/heatsupplys-the-o-g-hot-sauce-buch-pack\/\" \/>\n<meta property=\"og:locale\" content=\"de_DE\" \/>\n<meta property=\"og:type\" content=\"article\" \/>\n<meta property=\"og:title\" content=\"Heatsupply&#039;s The O.G. &amp; HOT SAUCE Buch Pack\" \/>\n<meta property=\"og:description\" content=\"In diesem Paket finden Sie zwei absolute Hot-Sauce-Essentials: The O.G. Hot Sauce und unser scharfes So\u00dfenbuch mit 40 scharfen Rezepten!\" \/>\n<meta property=\"og:url\" content=\"https:\/\/www.heatsupply.nl\/de\/produkt\/heatsupplys-the-o-g-hot-sauce-buch-pack\/\" \/>\n<meta property=\"og:site_name\" content=\"Heatsupply\" \/>\n<meta property=\"article:publisher\" content=\"https:\/\/www.facebook.com\/heatsupplyNL\" \/>\n<meta property=\"article:modified_time\" content=\"2025-08-21T11:20:25+00:00\" \/>\n<meta property=\"og:image\" content=\"https:\/\/www.heatsupply.nl\/wp-content\/uploads\/2024\/11\/heatsupply-boek-en-hot-sauce-pack.jpg\" \/>\n\t<meta property=\"og:image:width\" content=\"1400\" \/>\n\t<meta property=\"og:image:height\" content=\"1400\" \/>\n\t<meta property=\"og:image:type\" content=\"image\/jpeg\" \/>\n<meta name=\"twitter:card\" content=\"summary_large_image\" \/>\n<meta name=\"twitter:label1\" content=\"Preis\" \/>\n\t<meta name=\"twitter:data1\" content=\"&euro;29,95\" \/>\n\t<meta name=\"twitter:label2\" content=\"Verf\u00fcgbarkeit\" \/>\n\t<meta name=\"twitter:data2\" content=\"Auf Lager\" \/>\n<script type=\"application\/ld+json\" class=\"yoast-schema-graph\">{\"@context\":\"https:\\\/\\\/schema.org\",\"@graph\":[{\"@type\":\"WebPage\",\"@id\":\"https:\\\/\\\/www.heatsupply.nl\\\/de\\\/produkt\\\/heatsupplys-the-o-g-hot-sauce-buch-pack\\\/\",\"url\":\"https:\\\/\\\/www.heatsupply.nl\\\/de\\\/produkt\\\/heatsupplys-the-o-g-hot-sauce-buch-pack\\\/\",\"name\":\"Heatsupply's The O.G. & HOT SAUCE Buch Pack - Heatsupply\",\"isPartOf\":{\"@id\":\"https:\\\/\\\/www.heatsupply.nl\\\/de\\\/#website\"},\"primaryImageOfPage\":{\"@id\":\"https:\\\/\\\/www.heatsupply.nl\\\/de\\\/produkt\\\/heatsupplys-the-o-g-hot-sauce-buch-pack\\\/#primaryimage\"},\"image\":{\"@id\":\"https:\\\/\\\/www.heatsupply.nl\\\/de\\\/produkt\\\/heatsupplys-the-o-g-hot-sauce-buch-pack\\\/#primaryimage\"},\"thumbnailUrl\":\"https:\\\/\\\/www.heatsupply.nl\\\/wp-content\\\/uploads\\\/2024\\\/11\\\/heatsupply-boek-en-hot-sauce-pack.jpg\",\"datePublished\":\"2024-11-19T14:41:33+00:00\",\"dateModified\":\"2025-08-21T11:20:25+00:00\",\"description\":\"In diesem Paket finden Sie zwei absolute Hot-Sauce-Essentials: The O.G. Hot Sauce und unser scharfes So\u00dfenbuch mit 40 scharfen Rezepten!\",\"breadcrumb\":{\"@id\":\"https:\\\/\\\/www.heatsupply.nl\\\/de\\\/produkt\\\/heatsupplys-the-o-g-hot-sauce-buch-pack\\\/#breadcrumb\"},\"inLanguage\":\"de\",\"potentialAction\":[{\"@type\":\"ReadAction\",\"target\":[\"https:\\\/\\\/www.heatsupply.nl\\\/de\\\/produkt\\\/heatsupplys-the-o-g-hot-sauce-buch-pack\\\/\"]}]},{\"@type\":\"ImageObject\",\"inLanguage\":\"de\",\"@id\":\"https:\\\/\\\/www.heatsupply.nl\\\/de\\\/produkt\\\/heatsupplys-the-o-g-hot-sauce-buch-pack\\\/#primaryimage\",\"url\":\"https:\\\/\\\/www.heatsupply.nl\\\/wp-content\\\/uploads\\\/2024\\\/11\\\/heatsupply-boek-en-hot-sauce-pack.jpg\",\"contentUrl\":\"https:\\\/\\\/www.heatsupply.nl\\\/wp-content\\\/uploads\\\/2024\\\/11\\\/heatsupply-boek-en-hot-sauce-pack.jpg\",\"width\":1400,\"height\":1400,\"caption\":\"Heatsupply's The OG & HOT SAUCE boek pakket\"},{\"@type\":\"BreadcrumbList\",\"@id\":\"https:\\\/\\\/www.heatsupply.nl\\\/de\\\/produkt\\\/heatsupplys-the-o-g-hot-sauce-buch-pack\\\/#breadcrumb\",\"itemListElement\":[{\"@type\":\"ListItem\",\"position\":1,\"name\":\"Home\",\"item\":\"https:\\\/\\\/www.heatsupply.nl\\\/de\\\/\"},{\"@type\":\"ListItem\",\"position\":2,\"name\":\"Alle produkten\",\"item\":\"https:\\\/\\\/www.heatsupply.nl\\\/de\\\/alle-produkten\\\/\"},{\"@type\":\"ListItem\",\"position\":3,\"name\":\"Scharfe So\u00dfen\",\"item\":\"https:\\\/\\\/www.heatsupply.nl\\\/de\\\/scharfe-sossen\\\/\"},{\"@type\":\"ListItem\",\"position\":4,\"name\":\"Geschenksets\",\"item\":\"https:\\\/\\\/www.heatsupply.nl\\\/de\\\/scharfe-sossen\\\/packs\\\/\"},{\"@type\":\"ListItem\",\"position\":5,\"name\":\"Heatsupply&#8217;s The O.G. &#038; HOT SAUCE Buch Pack\"}]},{\"@type\":\"WebSite\",\"@id\":\"https:\\\/\\\/www.heatsupply.nl\\\/de\\\/#website\",\"url\":\"https:\\\/\\\/www.heatsupply.nl\\\/de\\\/\",\"name\":\"Heatsupply\",\"description\":\"Hot sauce webstore #1 in Europe\",\"publisher\":{\"@id\":\"https:\\\/\\\/www.heatsupply.nl\\\/de\\\/#organization\"},\"potentialAction\":[{\"@type\":\"SearchAction\",\"target\":{\"@type\":\"EntryPoint\",\"urlTemplate\":\"https:\\\/\\\/www.heatsupply.nl\\\/de\\\/?s={search_term_string}\"},\"query-input\":{\"@type\":\"PropertyValueSpecification\",\"valueRequired\":true,\"valueName\":\"search_term_string\"}}],\"inLanguage\":\"de\"},{\"@type\":\"Organization\",\"@id\":\"https:\\\/\\\/www.heatsupply.nl\\\/de\\\/#organization\",\"name\":\"Heatsupply\",\"url\":\"https:\\\/\\\/www.heatsupply.nl\\\/de\\\/\",\"logo\":{\"@type\":\"ImageObject\",\"inLanguage\":\"de\",\"@id\":\"https:\\\/\\\/www.heatsupply.nl\\\/de\\\/#\\\/schema\\\/logo\\\/image\\\/\",\"url\":\"https:\\\/\\\/www.heatsupply.nl\\\/wp-content\\\/uploads\\\/2022\\\/10\\\/heatsupply-logo-rood.jpg\",\"contentUrl\":\"https:\\\/\\\/www.heatsupply.nl\\\/wp-content\\\/uploads\\\/2022\\\/10\\\/heatsupply-logo-rood.jpg\",\"width\":1000,\"height\":335,\"caption\":\"Heatsupply\"},\"image\":{\"@id\":\"https:\\\/\\\/www.heatsupply.nl\\\/de\\\/#\\\/schema\\\/logo\\\/image\\\/\"},\"sameAs\":[\"https:\\\/\\\/www.facebook.com\\\/heatsupplyNL\",\"https:\\\/\\\/www.instagram.com\\\/heatsuppy.nl\",\"https:\\\/\\\/www.youtube.com\\\/channel\\\/UC5pOWqQtljvxTz2SMWGWCsw\"]}]}<\/script>\n<meta property=\"product:price:amount\" content=\"29.95\" \/>\n<meta property=\"product:price:currency\" content=\"EUR\" \/>\n<meta property=\"og:availability\" content=\"instock\" \/>\n<meta property=\"product:availability\" content=\"instock\" \/>\n<meta property=\"product:retailer_item_id\" content=\"OGBOEKP001\" \/>\n<meta property=\"product:condition\" content=\"new\" \/>\n<!-- \/ Yoast SEO Premium plugin. -->","yoast_head_json":{"title":"Heatsupply's The O.G. & HOT SAUCE Buch Pack - Heatsupply","description":"In diesem Paket finden Sie zwei absolute Hot-Sauce-Essentials: The O.G. Hot Sauce und unser scharfes So\u00dfenbuch mit 40 scharfen Rezepten!","robots":{"index":"index","follow":"follow","max-snippet":"max-snippet:-1","max-image-preview":"max-image-preview:large","max-video-preview":"max-video-preview:-1"},"canonical":"https:\/\/www.heatsupply.nl\/de\/produkt\/heatsupplys-the-o-g-hot-sauce-buch-pack\/","og_locale":"de_DE","og_type":"article","og_title":"Heatsupply's The O.G. & HOT SAUCE Buch Pack","og_description":"In diesem Paket finden Sie zwei absolute Hot-Sauce-Essentials: The O.G. Hot Sauce und unser scharfes So\u00dfenbuch mit 40 scharfen Rezepten!","og_url":"https:\/\/www.heatsupply.nl\/de\/produkt\/heatsupplys-the-o-g-hot-sauce-buch-pack\/","og_site_name":"Heatsupply","article_publisher":"https:\/\/www.facebook.com\/heatsupplyNL","article_modified_time":"2025-08-21T11:20:25+00:00","og_image":[{"width":1400,"height":1400,"url":"https:\/\/www.heatsupply.nl\/wp-content\/uploads\/2024\/11\/heatsupply-boek-en-hot-sauce-pack.jpg","type":"image\/jpeg"}],"twitter_card":"summary_large_image","twitter_misc":{"Preis":"&euro;29,95","Verf\u00fcgbarkeit":"Auf Lager"},"schema":{"@context":"https:\/\/schema.org","@graph":[{"@type":"WebPage","@id":"https:\/\/www.heatsupply.nl\/de\/produkt\/heatsupplys-the-o-g-hot-sauce-buch-pack\/","url":"https:\/\/www.heatsupply.nl\/de\/produkt\/heatsupplys-the-o-g-hot-sauce-buch-pack\/","name":"Heatsupply's The O.G. & HOT SAUCE Buch Pack - Heatsupply","isPartOf":{"@id":"https:\/\/www.heatsupply.nl\/de\/#website"},"primaryImageOfPage":{"@id":"https:\/\/www.heatsupply.nl\/de\/produkt\/heatsupplys-the-o-g-hot-sauce-buch-pack\/#primaryimage"},"image":{"@id":"https:\/\/www.heatsupply.nl\/de\/produkt\/heatsupplys-the-o-g-hot-sauce-buch-pack\/#primaryimage"},"thumbnailUrl":"https:\/\/www.heatsupply.nl\/wp-content\/uploads\/2024\/11\/heatsupply-boek-en-hot-sauce-pack.jpg","datePublished":"2024-11-19T14:41:33+00:00","dateModified":"2025-08-21T11:20:25+00:00","description":"In diesem Paket finden Sie zwei absolute Hot-Sauce-Essentials: The O.G. Hot Sauce und unser scharfes So\u00dfenbuch mit 40 scharfen Rezepten!","breadcrumb":{"@id":"https:\/\/www.heatsupply.nl\/de\/produkt\/heatsupplys-the-o-g-hot-sauce-buch-pack\/#breadcrumb"},"inLanguage":"de","potentialAction":[{"@type":"ReadAction","target":["https:\/\/www.heatsupply.nl\/de\/produkt\/heatsupplys-the-o-g-hot-sauce-buch-pack\/"]}]},{"@type":"ImageObject","inLanguage":"de","@id":"https:\/\/www.heatsupply.nl\/de\/produkt\/heatsupplys-the-o-g-hot-sauce-buch-pack\/#primaryimage","url":"https:\/\/www.heatsupply.nl\/wp-content\/uploads\/2024\/11\/heatsupply-boek-en-hot-sauce-pack.jpg","contentUrl":"https:\/\/www.heatsupply.nl\/wp-content\/uploads\/2024\/11\/heatsupply-boek-en-hot-sauce-pack.jpg","width":1400,"height":1400,"caption":"Heatsupply's The OG & HOT SAUCE boek pakket"},{"@type":"BreadcrumbList","@id":"https:\/\/www.heatsupply.nl\/de\/produkt\/heatsupplys-the-o-g-hot-sauce-buch-pack\/#breadcrumb","itemListElement":[{"@type":"ListItem","position":1,"name":"Home","item":"https:\/\/www.heatsupply.nl\/de\/"},{"@type":"ListItem","position":2,"name":"Alle produkten","item":"https:\/\/www.heatsupply.nl\/de\/alle-produkten\/"},{"@type":"ListItem","position":3,"name":"Scharfe So\u00dfen","item":"https:\/\/www.heatsupply.nl\/de\/scharfe-sossen\/"},{"@type":"ListItem","position":4,"name":"Geschenksets","item":"https:\/\/www.heatsupply.nl\/de\/scharfe-sossen\/packs\/"},{"@type":"ListItem","position":5,"name":"Heatsupply&#8217;s The O.G. &#038; HOT SAUCE Buch Pack"}]},{"@type":"WebSite","@id":"https:\/\/www.heatsupply.nl\/de\/#website","url":"https:\/\/www.heatsupply.nl\/de\/","name":"Heatsupply","description":"Hot sauce webstore #1 in Europe","publisher":{"@id":"https:\/\/www.heatsupply.nl\/de\/#organization"},"potentialAction":[{"@type":"SearchAction","target":{"@type":"EntryPoint","urlTemplate":"https:\/\/www.heatsupply.nl\/de\/?s={search_term_string}"},"query-input":{"@type":"PropertyValueSpecification","valueRequired":true,"valueName":"search_term_string"}}],"inLanguage":"de"},{"@type":"Organization","@id":"https:\/\/www.heatsupply.nl\/de\/#organization","name":"Heatsupply","url":"https:\/\/www.heatsupply.nl\/de\/","logo":{"@type":"ImageObject","inLanguage":"de","@id":"https:\/\/www.heatsupply.nl\/de\/#\/schema\/logo\/image\/","url":"https:\/\/www.heatsupply.nl\/wp-content\/uploads\/2022\/10\/heatsupply-logo-rood.jpg","contentUrl":"https:\/\/www.heatsupply.nl\/wp-content\/uploads\/2022\/10\/heatsupply-logo-rood.jpg","width":1000,"height":335,"caption":"Heatsupply"},"image":{"@id":"https:\/\/www.heatsupply.nl\/de\/#\/schema\/logo\/image\/"},"sameAs":["https:\/\/www.facebook.com\/heatsupplyNL","https:\/\/www.instagram.com\/heatsuppy.nl","https:\/\/www.youtube.com\/channel\/UC5pOWqQtljvxTz2SMWGWCsw"]}]},"product_price_amount":"29.95","product_price_currency":"EUR","og_availability":"instock","product_availability":"instock","product_retailer_item_id":"OGBOEKP001","product_condition":"new"},"_links":{"self":[{"href":"https:\/\/www.heatsupply.nl\/de\/wp-json\/wp\/v2\/product\/160993","targetHints":{"allow":["GET"]}}],"collection":[{"href":"https:\/\/www.heatsupply.nl\/de\/wp-json\/wp\/v2\/product"}],"about":[{"href":"https:\/\/www.heatsupply.nl\/de\/wp-json\/wp\/v2\/types\/product"}],"replies":[{"embeddable":true,"href":"https:\/\/www.heatsupply.nl\/de\/wp-json\/wp\/v2\/comments?post=160993"}],"wp:featuredmedia":[{"embeddable":true,"href":"https:\/\/www.heatsupply.nl\/de\/wp-json\/wp\/v2\/media\/162373"}],"wp:attachment":[{"href":"https:\/\/www.heatsupply.nl\/de\/wp-json\/wp\/v2\/media?parent=160993"}],"wp:term":[{"taxonomy":"product_brand","embeddable":true,"href":"https:\/\/www.heatsupply.nl\/de\/wp-json\/wp\/v2\/product_brand?post=160993"},{"taxonomy":"product_cat","embeddable":true,"href":"https:\/\/www.heatsupply.nl\/de\/wp-json\/wp\/v2\/product_cat?post=160993"},{"taxonomy":"product_tag","embeddable":true,"href":"https:\/\/www.heatsupply.nl\/de\/wp-json\/wp\/v2\/product_tag?post=160993"}],"curies":[{"name":"wp","href":"https:\/\/api.w.org\/{rel}","templated":true}]}}