{"id":158697,"date":"2024-10-01T09:00:52","date_gmt":"2024-10-01T07:00:52","guid":{"rendered":"https:\/\/www.heatsupply.nl\/?post_type=product&#038;p=158697"},"modified":"2026-04-06T17:05:29","modified_gmt":"2026-04-06T15:05:29","slug":"piko-peppers-x-la-pimenterie-san-pasilla-hot-sauce","status":"publish","type":"product","link":"https:\/\/www.heatsupply.nl\/de\/produkt\/piko-peppers-x-la-pimenterie-san-pasilla-hot-sauce\/","title":{"rendered":"Piko Peppers x La Pimenterie San Pasilla Hot Sauce"},"content":{"rendered":"<p><strong>Zutaten Piko Peppers x La Pimenterie San Pasilla Hot Sauce<\/strong>: Zucker (brauner Zucker, Apfelmus, Ahornsirup), Apfelessig, SOJASAUCE (Wasser, SOJABOHNEN, Salz), Moromi (gelbe Bio-Erbsen, ger\u00f6steter Leindotter\u00f6lkuchen, Meersalz, Aspergillus oryzae), Zwiebeln, Wasser, Raps\u00f6l, Habanero-Chili, Knoblauch, Pasilla de Oaxaca-Chili, Ingwer, Gochugaru-Paprika, SESAM\u00d6L, Kakao, Chilhuacle-Chili, Bockshornklee, Xanthangummi.<\/p>\n<p>Allergene: SOJA, WEIZEN und SESAM.<\/p>\n<p><span style=\"text-decoration: underline;\">N\u00e4hrwerte pro 100gr:<\/span><br \/>\nEnergie: 140 kcal \/ 590 kJ<br \/>\nFett: 6,0 Gramm<br \/>\ndavon ges\u00e4ttigte Fetts\u00e4uren: 0,5 Gramm<br \/>\nKohlenhydrate: 22 Gramm<br \/>\ndavon Zucker: 16 Gramm<br \/>\nProtein: 2 Gramm<br \/>\nSalz: 1,30 Gramm<\/p>\n<p>Vor Gebrauch sch\u00fctteln. Nach dem \u00d6ffnen im K\u00fchlschrank aufbewahren.<\/p>\n","protected":false},"excerpt":{"rendered":"<p>La Pimenterie x Piko Peppers San Pasilla ist das Ergebnis einer coolen Zusammenarbeit zwischen zwei Top-Marken aus Kanada: La Pimenterie und Piko Peppers. Da wei\u00dft du schon, dass das Ergebnis gut wird! Es liegt irgendwo zwischen einer mexikanischen Mole und einer japanischen BBQ-Sauce. Diese Hot Sauce kombiniert perfekt die Komplexit\u00e4t von Moromi mit dem unverkennbaren rauchigen Geschmack von Pasilla de Oaxaca. Knoblauch, Ingwer, Gochugaru, Kakao und Bockshornklee machen es komplett. Sehr reichhaltig im Geschmack mit s\u00fc\u00dfen, herzhaften und Umami-Noten. Lecker zu allem vom Grill, in vielen Wok-Gerichten, Tacos und Eint\u00f6pfen.<\/p>\n<ul>\n<li>Herkunft: Montreal, Kanada<\/li>\n<li>Inhalt: 148 ml<\/li>\n<\/ul>\n","protected":false},"featured_media":158632,"comment_status":"open","ping_status":"closed","template":"","meta":{"_acf_changed":false},"product_brand":[],"product_cat":[3886,3913,3787,4046],"product_tag":[],"class_list":{"0":"post-158697","1":"product","2":"type-product","3":"status-publish","4":"has-post-thumbnail","6":"product_cat-bbq-saucen","7":"product_cat-habanero","8":"product_cat-scharfe-sossen","9":"product_cat-spicy","11":"first","12":"instock","13":"taxable","14":"shipping-taxable","15":"purchasable","16":"product-type-simple"},"bundled_by":[],"bundle_stock_status":"instock","bundle_stock_quantity":69,"bundle_virtual":false,"bundle_layout":"","bundle_add_to_cart_form_location":"","bundle_editable_in_cart":false,"bundle_sold_individually_context":"","bundle_item_grouping":"","bundle_min_size":"","bundle_max_size":"","bundle_price":[],"bundled_items":[],"bundle_sell_ids":[],"acf":[],"yoast_head":"<!-- This site is optimized with the Yoast SEO Premium plugin v27.5 (Yoast SEO v27.5) - https:\/\/yoast.com\/product\/yoast-seo-premium-wordpress\/ -->\n<title>Piko Peppers x La Pimenterie San Pasilla Hot Sauce - Heatsupply<\/title>\n<meta name=\"description\" content=\"Diese Piko Peppers x La Pimenterie San Pasilla Hot Sauce liegt irgendwo zwischen einer mexikanischen Mole und einer japanischen BBQ-Sauce. Bestellen Sie jetzt bei Heatsupply!\" \/>\n<meta name=\"robots\" content=\"index, follow, max-snippet:-1, max-image-preview:large, max-video-preview:-1\" \/>\n<link rel=\"canonical\" href=\"https:\/\/www.heatsupply.nl\/de\/produkt\/piko-peppers-x-la-pimenterie-san-pasilla-hot-sauce\/\" \/>\n<meta property=\"og:locale\" content=\"de_DE\" \/>\n<meta property=\"og:type\" content=\"article\" \/>\n<meta property=\"og:title\" content=\"Piko Peppers x La Pimenterie San Pasilla Hot Sauce\" \/>\n<meta property=\"og:description\" content=\"Diese Piko Peppers x La Pimenterie San Pasilla Hot Sauce liegt irgendwo zwischen einer mexikanischen Mole und einer japanischen BBQ-Sauce. Bestellen Sie jetzt bei Heatsupply!\" \/>\n<meta property=\"og:url\" content=\"https:\/\/www.heatsupply.nl\/de\/produkt\/piko-peppers-x-la-pimenterie-san-pasilla-hot-sauce\/\" \/>\n<meta property=\"og:site_name\" content=\"Heatsupply\" \/>\n<meta property=\"article:publisher\" content=\"https:\/\/www.facebook.com\/heatsupplyNL\" \/>\n<meta property=\"article:modified_time\" content=\"2026-04-06T15:05:29+00:00\" \/>\n<meta property=\"og:image\" content=\"https:\/\/www.heatsupply.nl\/wp-content\/uploads\/2024\/09\/piko-peppers-la-pimenterie-san-pasilla-hot-sauce.jpg\" \/>\n\t<meta property=\"og:image:width\" content=\"1400\" \/>\n\t<meta property=\"og:image:height\" content=\"1400\" \/>\n\t<meta property=\"og:image:type\" content=\"image\/jpeg\" \/>\n<meta name=\"twitter:card\" content=\"summary_large_image\" \/>\n<meta name=\"twitter:label1\" content=\"Preis\" \/>\n\t<meta name=\"twitter:data1\" content=\"&euro;9,95\" \/>\n\t<meta name=\"twitter:label2\" content=\"Verf\u00fcgbarkeit\" \/>\n\t<meta name=\"twitter:data2\" content=\"Auf Lager\" \/>\n<script type=\"application\/ld+json\" class=\"yoast-schema-graph\">{\"@context\":\"https:\\\/\\\/schema.org\",\"@graph\":[{\"@type\":\"WebPage\",\"@id\":\"https:\\\/\\\/www.heatsupply.nl\\\/de\\\/produkt\\\/piko-peppers-x-la-pimenterie-san-pasilla-hot-sauce\\\/\",\"url\":\"https:\\\/\\\/www.heatsupply.nl\\\/de\\\/produkt\\\/piko-peppers-x-la-pimenterie-san-pasilla-hot-sauce\\\/\",\"name\":\"Piko Peppers x La Pimenterie San Pasilla Hot Sauce - Heatsupply\",\"isPartOf\":{\"@id\":\"https:\\\/\\\/www.heatsupply.nl\\\/de\\\/#website\"},\"primaryImageOfPage\":{\"@id\":\"https:\\\/\\\/www.heatsupply.nl\\\/de\\\/produkt\\\/piko-peppers-x-la-pimenterie-san-pasilla-hot-sauce\\\/#primaryimage\"},\"image\":{\"@id\":\"https:\\\/\\\/www.heatsupply.nl\\\/de\\\/produkt\\\/piko-peppers-x-la-pimenterie-san-pasilla-hot-sauce\\\/#primaryimage\"},\"thumbnailUrl\":\"https:\\\/\\\/www.heatsupply.nl\\\/wp-content\\\/uploads\\\/2024\\\/09\\\/piko-peppers-la-pimenterie-san-pasilla-hot-sauce.jpg\",\"datePublished\":\"2024-10-01T07:00:52+00:00\",\"dateModified\":\"2026-04-06T15:05:29+00:00\",\"description\":\"Diese Piko Peppers x La Pimenterie San Pasilla Hot Sauce liegt irgendwo zwischen einer mexikanischen Mole und einer japanischen BBQ-Sauce. Bestellen Sie jetzt bei Heatsupply!\",\"breadcrumb\":{\"@id\":\"https:\\\/\\\/www.heatsupply.nl\\\/de\\\/produkt\\\/piko-peppers-x-la-pimenterie-san-pasilla-hot-sauce\\\/#breadcrumb\"},\"inLanguage\":\"de\",\"potentialAction\":[{\"@type\":\"ReadAction\",\"target\":[\"https:\\\/\\\/www.heatsupply.nl\\\/de\\\/produkt\\\/piko-peppers-x-la-pimenterie-san-pasilla-hot-sauce\\\/\"]}]},{\"@type\":\"ImageObject\",\"inLanguage\":\"de\",\"@id\":\"https:\\\/\\\/www.heatsupply.nl\\\/de\\\/produkt\\\/piko-peppers-x-la-pimenterie-san-pasilla-hot-sauce\\\/#primaryimage\",\"url\":\"https:\\\/\\\/www.heatsupply.nl\\\/wp-content\\\/uploads\\\/2024\\\/09\\\/piko-peppers-la-pimenterie-san-pasilla-hot-sauce.jpg\",\"contentUrl\":\"https:\\\/\\\/www.heatsupply.nl\\\/wp-content\\\/uploads\\\/2024\\\/09\\\/piko-peppers-la-pimenterie-san-pasilla-hot-sauce.jpg\",\"width\":1400,\"height\":1400,\"caption\":\"piko peppers x la pimenterie san pasilla hot sauce\"},{\"@type\":\"BreadcrumbList\",\"@id\":\"https:\\\/\\\/www.heatsupply.nl\\\/de\\\/produkt\\\/piko-peppers-x-la-pimenterie-san-pasilla-hot-sauce\\\/#breadcrumb\",\"itemListElement\":[{\"@type\":\"ListItem\",\"position\":1,\"name\":\"Home\",\"item\":\"https:\\\/\\\/www.heatsupply.nl\\\/de\\\/\"},{\"@type\":\"ListItem\",\"position\":2,\"name\":\"Alle produkten\",\"item\":\"https:\\\/\\\/www.heatsupply.nl\\\/de\\\/alle-produkten\\\/\"},{\"@type\":\"ListItem\",\"position\":3,\"name\":\"Scharfe So\u00dfen\",\"item\":\"https:\\\/\\\/www.heatsupply.nl\\\/de\\\/scharfe-sossen\\\/\"},{\"@type\":\"ListItem\",\"position\":4,\"name\":\"Die besten BBQ Hot Sauces\",\"item\":\"https:\\\/\\\/www.heatsupply.nl\\\/de\\\/scharfe-sossen\\\/bbq-saucen\\\/\"},{\"@type\":\"ListItem\",\"position\":5,\"name\":\"Piko Peppers x La Pimenterie San Pasilla Hot Sauce\"}]},{\"@type\":\"WebSite\",\"@id\":\"https:\\\/\\\/www.heatsupply.nl\\\/de\\\/#website\",\"url\":\"https:\\\/\\\/www.heatsupply.nl\\\/de\\\/\",\"name\":\"Heatsupply\",\"description\":\"Hot sauce webstore #1 in Europe\",\"publisher\":{\"@id\":\"https:\\\/\\\/www.heatsupply.nl\\\/de\\\/#organization\"},\"potentialAction\":[{\"@type\":\"SearchAction\",\"target\":{\"@type\":\"EntryPoint\",\"urlTemplate\":\"https:\\\/\\\/www.heatsupply.nl\\\/de\\\/?s={search_term_string}\"},\"query-input\":{\"@type\":\"PropertyValueSpecification\",\"valueRequired\":true,\"valueName\":\"search_term_string\"}}],\"inLanguage\":\"de\"},{\"@type\":\"Organization\",\"@id\":\"https:\\\/\\\/www.heatsupply.nl\\\/de\\\/#organization\",\"name\":\"Heatsupply\",\"url\":\"https:\\\/\\\/www.heatsupply.nl\\\/de\\\/\",\"logo\":{\"@type\":\"ImageObject\",\"inLanguage\":\"de\",\"@id\":\"https:\\\/\\\/www.heatsupply.nl\\\/de\\\/#\\\/schema\\\/logo\\\/image\\\/\",\"url\":\"https:\\\/\\\/www.heatsupply.nl\\\/wp-content\\\/uploads\\\/2022\\\/10\\\/heatsupply-logo-rood.jpg\",\"contentUrl\":\"https:\\\/\\\/www.heatsupply.nl\\\/wp-content\\\/uploads\\\/2022\\\/10\\\/heatsupply-logo-rood.jpg\",\"width\":1000,\"height\":335,\"caption\":\"Heatsupply\"},\"image\":{\"@id\":\"https:\\\/\\\/www.heatsupply.nl\\\/de\\\/#\\\/schema\\\/logo\\\/image\\\/\"},\"sameAs\":[\"https:\\\/\\\/www.facebook.com\\\/heatsupplyNL\",\"https:\\\/\\\/www.instagram.com\\\/heatsuppy.nl\",\"https:\\\/\\\/www.youtube.com\\\/channel\\\/UC5pOWqQtljvxTz2SMWGWCsw\"]}]}<\/script>\n<meta property=\"product:brand\" content=\"La Pimenterie\" \/>\n<meta property=\"product:price:amount\" content=\"9.95\" \/>\n<meta property=\"product:price:currency\" content=\"EUR\" \/>\n<meta property=\"og:availability\" content=\"instock\" \/>\n<meta property=\"product:availability\" content=\"instock\" \/>\n<meta property=\"product:retailer_item_id\" content=\"PIKOLPSPAS002\" \/>\n<meta property=\"product:condition\" content=\"new\" \/>\n<!-- \/ Yoast SEO Premium plugin. -->","yoast_head_json":{"title":"Piko Peppers x La Pimenterie San Pasilla Hot Sauce - Heatsupply","description":"Diese Piko Peppers x La Pimenterie San Pasilla Hot Sauce liegt irgendwo zwischen einer mexikanischen Mole und einer japanischen BBQ-Sauce. Bestellen Sie jetzt bei Heatsupply!","robots":{"index":"index","follow":"follow","max-snippet":"max-snippet:-1","max-image-preview":"max-image-preview:large","max-video-preview":"max-video-preview:-1"},"canonical":"https:\/\/www.heatsupply.nl\/de\/produkt\/piko-peppers-x-la-pimenterie-san-pasilla-hot-sauce\/","og_locale":"de_DE","og_type":"article","og_title":"Piko Peppers x La Pimenterie San Pasilla Hot Sauce","og_description":"Diese Piko Peppers x La Pimenterie San Pasilla Hot Sauce liegt irgendwo zwischen einer mexikanischen Mole und einer japanischen BBQ-Sauce. Bestellen Sie jetzt bei Heatsupply!","og_url":"https:\/\/www.heatsupply.nl\/de\/produkt\/piko-peppers-x-la-pimenterie-san-pasilla-hot-sauce\/","og_site_name":"Heatsupply","article_publisher":"https:\/\/www.facebook.com\/heatsupplyNL","article_modified_time":"2026-04-06T15:05:29+00:00","og_image":[{"width":1400,"height":1400,"url":"https:\/\/www.heatsupply.nl\/wp-content\/uploads\/2024\/09\/piko-peppers-la-pimenterie-san-pasilla-hot-sauce.jpg","type":"image\/jpeg"}],"twitter_card":"summary_large_image","twitter_misc":{"Preis":"&euro;9,95","Verf\u00fcgbarkeit":"Auf Lager"},"schema":{"@context":"https:\/\/schema.org","@graph":[{"@type":"WebPage","@id":"https:\/\/www.heatsupply.nl\/de\/produkt\/piko-peppers-x-la-pimenterie-san-pasilla-hot-sauce\/","url":"https:\/\/www.heatsupply.nl\/de\/produkt\/piko-peppers-x-la-pimenterie-san-pasilla-hot-sauce\/","name":"Piko Peppers x La Pimenterie San Pasilla Hot Sauce - Heatsupply","isPartOf":{"@id":"https:\/\/www.heatsupply.nl\/de\/#website"},"primaryImageOfPage":{"@id":"https:\/\/www.heatsupply.nl\/de\/produkt\/piko-peppers-x-la-pimenterie-san-pasilla-hot-sauce\/#primaryimage"},"image":{"@id":"https:\/\/www.heatsupply.nl\/de\/produkt\/piko-peppers-x-la-pimenterie-san-pasilla-hot-sauce\/#primaryimage"},"thumbnailUrl":"https:\/\/www.heatsupply.nl\/wp-content\/uploads\/2024\/09\/piko-peppers-la-pimenterie-san-pasilla-hot-sauce.jpg","datePublished":"2024-10-01T07:00:52+00:00","dateModified":"2026-04-06T15:05:29+00:00","description":"Diese Piko Peppers x La Pimenterie San Pasilla Hot Sauce liegt irgendwo zwischen einer mexikanischen Mole und einer japanischen BBQ-Sauce. Bestellen Sie jetzt bei Heatsupply!","breadcrumb":{"@id":"https:\/\/www.heatsupply.nl\/de\/produkt\/piko-peppers-x-la-pimenterie-san-pasilla-hot-sauce\/#breadcrumb"},"inLanguage":"de","potentialAction":[{"@type":"ReadAction","target":["https:\/\/www.heatsupply.nl\/de\/produkt\/piko-peppers-x-la-pimenterie-san-pasilla-hot-sauce\/"]}]},{"@type":"ImageObject","inLanguage":"de","@id":"https:\/\/www.heatsupply.nl\/de\/produkt\/piko-peppers-x-la-pimenterie-san-pasilla-hot-sauce\/#primaryimage","url":"https:\/\/www.heatsupply.nl\/wp-content\/uploads\/2024\/09\/piko-peppers-la-pimenterie-san-pasilla-hot-sauce.jpg","contentUrl":"https:\/\/www.heatsupply.nl\/wp-content\/uploads\/2024\/09\/piko-peppers-la-pimenterie-san-pasilla-hot-sauce.jpg","width":1400,"height":1400,"caption":"piko peppers x la pimenterie san pasilla hot sauce"},{"@type":"BreadcrumbList","@id":"https:\/\/www.heatsupply.nl\/de\/produkt\/piko-peppers-x-la-pimenterie-san-pasilla-hot-sauce\/#breadcrumb","itemListElement":[{"@type":"ListItem","position":1,"name":"Home","item":"https:\/\/www.heatsupply.nl\/de\/"},{"@type":"ListItem","position":2,"name":"Alle produkten","item":"https:\/\/www.heatsupply.nl\/de\/alle-produkten\/"},{"@type":"ListItem","position":3,"name":"Scharfe So\u00dfen","item":"https:\/\/www.heatsupply.nl\/de\/scharfe-sossen\/"},{"@type":"ListItem","position":4,"name":"Die besten BBQ Hot Sauces","item":"https:\/\/www.heatsupply.nl\/de\/scharfe-sossen\/bbq-saucen\/"},{"@type":"ListItem","position":5,"name":"Piko Peppers x La Pimenterie San Pasilla Hot Sauce"}]},{"@type":"WebSite","@id":"https:\/\/www.heatsupply.nl\/de\/#website","url":"https:\/\/www.heatsupply.nl\/de\/","name":"Heatsupply","description":"Hot sauce webstore #1 in Europe","publisher":{"@id":"https:\/\/www.heatsupply.nl\/de\/#organization"},"potentialAction":[{"@type":"SearchAction","target":{"@type":"EntryPoint","urlTemplate":"https:\/\/www.heatsupply.nl\/de\/?s={search_term_string}"},"query-input":{"@type":"PropertyValueSpecification","valueRequired":true,"valueName":"search_term_string"}}],"inLanguage":"de"},{"@type":"Organization","@id":"https:\/\/www.heatsupply.nl\/de\/#organization","name":"Heatsupply","url":"https:\/\/www.heatsupply.nl\/de\/","logo":{"@type":"ImageObject","inLanguage":"de","@id":"https:\/\/www.heatsupply.nl\/de\/#\/schema\/logo\/image\/","url":"https:\/\/www.heatsupply.nl\/wp-content\/uploads\/2022\/10\/heatsupply-logo-rood.jpg","contentUrl":"https:\/\/www.heatsupply.nl\/wp-content\/uploads\/2022\/10\/heatsupply-logo-rood.jpg","width":1000,"height":335,"caption":"Heatsupply"},"image":{"@id":"https:\/\/www.heatsupply.nl\/de\/#\/schema\/logo\/image\/"},"sameAs":["https:\/\/www.facebook.com\/heatsupplyNL","https:\/\/www.instagram.com\/heatsuppy.nl","https:\/\/www.youtube.com\/channel\/UC5pOWqQtljvxTz2SMWGWCsw"]}]},"product_brand":"La Pimenterie","product_price_amount":"9.95","product_price_currency":"EUR","og_availability":"instock","product_availability":"instock","product_retailer_item_id":"PIKOLPSPAS002","product_condition":"new"},"_links":{"self":[{"href":"https:\/\/www.heatsupply.nl\/de\/wp-json\/wp\/v2\/product\/158697","targetHints":{"allow":["GET"]}}],"collection":[{"href":"https:\/\/www.heatsupply.nl\/de\/wp-json\/wp\/v2\/product"}],"about":[{"href":"https:\/\/www.heatsupply.nl\/de\/wp-json\/wp\/v2\/types\/product"}],"replies":[{"embeddable":true,"href":"https:\/\/www.heatsupply.nl\/de\/wp-json\/wp\/v2\/comments?post=158697"}],"wp:featuredmedia":[{"embeddable":true,"href":"https:\/\/www.heatsupply.nl\/de\/wp-json\/wp\/v2\/media\/158632"}],"wp:attachment":[{"href":"https:\/\/www.heatsupply.nl\/de\/wp-json\/wp\/v2\/media?parent=158697"}],"wp:term":[{"taxonomy":"product_brand","embeddable":true,"href":"https:\/\/www.heatsupply.nl\/de\/wp-json\/wp\/v2\/product_brand?post=158697"},{"taxonomy":"product_cat","embeddable":true,"href":"https:\/\/www.heatsupply.nl\/de\/wp-json\/wp\/v2\/product_cat?post=158697"},{"taxonomy":"product_tag","embeddable":true,"href":"https:\/\/www.heatsupply.nl\/de\/wp-json\/wp\/v2\/product_tag?post=158697"}],"curies":[{"name":"wp","href":"https:\/\/api.w.org\/{rel}","templated":true}]}}