{"id":157383,"date":"2024-09-04T10:00:16","date_gmt":"2024-09-04T08:00:16","guid":{"rendered":"https:\/\/www.heatsupply.nl\/?post_type=product&#038;p=157383"},"modified":"2026-01-16T09:34:33","modified_gmt":"2026-01-16T08:34:33","slug":"fruitslagers-tempeh-chili-oel","status":"publish","type":"product","link":"https:\/\/www.heatsupply.nl\/de\/produkt\/fruitslagers-tempeh-chili-oel\/","title":{"rendered":"Fruitslagers Tempeh Chili-\u00d6l"},"content":{"rendered":"<p><strong>Zutaten Fruitslagers Tempeh Chili-\u00d6l<\/strong>: Sonnenblumen\u00f6l, Tempeh, roter Chili, graue Erbsen, Rawit, rote Zwiebeln, Honig, Dulse, Knoblauch, Lorbeerblatt, Gew\u00fcrze.<\/p>\n<p>N\u00e4hrwerte pro 100gr:<br \/>\nEnergie: 1881 kJ\/457 kcal<br \/>\nFett: 47 Gramm<br \/>\ndavon ges\u00e4ttigte Fetts\u00e4uren: 47 Gramm<br \/>\nKohlenhydrate: 2,9 Gramm<br \/>\ndavon Zucker: 0 Gramm<br \/>\nProtein: 3,3 Gramm<br \/>\nSalz: 2,1 Gramm<\/p>\n<p>Nach dem \u00d6ffnen im K\u00fchlschrank 8 Wochen haltbar.<\/p>\n","protected":false},"excerpt":{"rendered":"<p style=\"text-align: justify;\">Diese Tempeh-Chili\u00f6le von Fruitslagers wird aus echten Zutaten ihrer eigenen Reststoffstr\u00f6me hergestellt. Da es auf Tempeh-Basis hergestellt wird, unterscheidet es sich deutlich von anderen <a href=\"https:\/\/www.heatsupply.nl\/de\/produkt-kategorie\/chili-produkte\/chilioel\/\"><strong>Chili\u00f6len<\/strong><\/a> in unserem Shop. Die gr\u00f6bere Struktur macht es m\u00f6glicherweise noch besser als Topping f\u00fcr Ihre Lieblingsgerichte geeignet.<\/p>\n<p style=\"text-align: justify;\">Das Chili\u00f6l ist mit Knoblauch, Lorbeer und Dulse (Rotalge) gew\u00fcrzt, w\u00e4hrend rote Paprika und Rawit f\u00fcr eine angenehme Sch\u00e4rfe sorgen. Hervorragend zu Dumplings, Reisgerichten, ger\u00f6stetem Rosenkohl oder sogar Eintopf. Sehr vielseitig und \u00e4u\u00dferst s\u00fcchtig machend!<\/p>\n<ul>\n<li style=\"text-align: justify;\">Herkunft: Culemborg, Niederlande<\/li>\n<li style=\"text-align: justify;\">Inhalt: 217 Gramm<\/li>\n<\/ul>\n","protected":false},"featured_media":157470,"comment_status":"open","ping_status":"closed","template":"","meta":{"_acf_changed":false},"product_brand":[],"product_cat":[3909,4046],"product_tag":[],"class_list":{"0":"post-157383","1":"product","2":"type-product","3":"status-publish","4":"has-post-thumbnail","6":"product_cat-crispy-chilioel","7":"product_cat-spicy","9":"first","10":"outofstock","11":"taxable","12":"shipping-taxable","13":"purchasable","14":"product-type-simple"},"bundled_by":[],"bundle_stock_status":"outofstock","bundle_stock_quantity":0,"bundle_virtual":false,"bundle_layout":"","bundle_add_to_cart_form_location":"","bundle_editable_in_cart":false,"bundle_sold_individually_context":"","bundle_item_grouping":"","bundle_min_size":"","bundle_max_size":"","bundle_price":[],"bundled_items":[],"bundle_sell_ids":[],"acf":[],"yoast_head":"<!-- This site is optimized with the Yoast SEO Premium plugin v27.5 (Yoast SEO v27.5) - https:\/\/yoast.com\/product\/yoast-seo-premium-wordpress\/ -->\n<title>Fruitslagers Tempeh Chili-\u00d6l - Heatsupply<\/title>\n<meta name=\"description\" content=\"Dieses Tempeh-Chili-\u00d6l von Fruitslagers wird aus Reststr\u00f6men hergestellt und mit Lorbeerblatt und Dulse aromatisiert. Bei Heatsupply erh\u00e4ltlich!\" \/>\n<meta name=\"robots\" content=\"index, follow, max-snippet:-1, max-image-preview:large, max-video-preview:-1\" \/>\n<link rel=\"canonical\" href=\"https:\/\/www.heatsupply.nl\/de\/produkt\/fruitslagers-tempeh-chili-oel\/\" \/>\n<meta property=\"og:locale\" content=\"de_DE\" \/>\n<meta property=\"og:type\" content=\"article\" \/>\n<meta property=\"og:title\" content=\"Fruitslagers Tempeh Chili-\u00d6l\" \/>\n<meta property=\"og:description\" content=\"Dieses Tempeh-Chili-\u00d6l von Fruitslagers wird aus Reststr\u00f6men hergestellt und mit Lorbeerblatt und Dulse aromatisiert. Bei Heatsupply erh\u00e4ltlich!\" \/>\n<meta property=\"og:url\" content=\"https:\/\/www.heatsupply.nl\/de\/produkt\/fruitslagers-tempeh-chili-oel\/\" \/>\n<meta property=\"og:site_name\" content=\"Heatsupply\" \/>\n<meta property=\"article:publisher\" content=\"https:\/\/www.facebook.com\/heatsupplyNL\" \/>\n<meta property=\"article:modified_time\" content=\"2026-01-16T08:34:33+00:00\" \/>\n<meta property=\"og:image\" content=\"https:\/\/www.heatsupply.nl\/wp-content\/uploads\/2024\/09\/Fruitslagers-Tempeh-Chili-Oil-2.jpg\" \/>\n\t<meta property=\"og:image:width\" content=\"1327\" \/>\n\t<meta property=\"og:image:height\" content=\"1333\" \/>\n\t<meta property=\"og:image:type\" content=\"image\/jpeg\" \/>\n<meta name=\"twitter:card\" content=\"summary_large_image\" \/>\n<meta name=\"twitter:label1\" content=\"Preis\" \/>\n\t<meta name=\"twitter:data1\" content=\"&euro;9,95\" \/>\n\t<meta name=\"twitter:label2\" content=\"Verf\u00fcgbarkeit\" \/>\n\t<meta name=\"twitter:data2\" content=\"ausverkauft\" \/>\n<script type=\"application\/ld+json\" class=\"yoast-schema-graph\">{\"@context\":\"https:\\\/\\\/schema.org\",\"@graph\":[{\"@type\":\"WebPage\",\"@id\":\"https:\\\/\\\/www.heatsupply.nl\\\/de\\\/produkt\\\/fruitslagers-tempeh-chili-oel\\\/\",\"url\":\"https:\\\/\\\/www.heatsupply.nl\\\/de\\\/produkt\\\/fruitslagers-tempeh-chili-oel\\\/\",\"name\":\"Fruitslagers Tempeh Chili-\u00d6l - Heatsupply\",\"isPartOf\":{\"@id\":\"https:\\\/\\\/www.heatsupply.nl\\\/de\\\/#website\"},\"primaryImageOfPage\":{\"@id\":\"https:\\\/\\\/www.heatsupply.nl\\\/de\\\/produkt\\\/fruitslagers-tempeh-chili-oel\\\/#primaryimage\"},\"image\":{\"@id\":\"https:\\\/\\\/www.heatsupply.nl\\\/de\\\/produkt\\\/fruitslagers-tempeh-chili-oel\\\/#primaryimage\"},\"thumbnailUrl\":\"https:\\\/\\\/www.heatsupply.nl\\\/wp-content\\\/uploads\\\/2024\\\/09\\\/Fruitslagers-Tempeh-Chili-Oil-2.jpg\",\"datePublished\":\"2024-09-04T08:00:16+00:00\",\"dateModified\":\"2026-01-16T08:34:33+00:00\",\"description\":\"Dieses Tempeh-Chili-\u00d6l von Fruitslagers wird aus Reststr\u00f6men hergestellt und mit Lorbeerblatt und Dulse aromatisiert. Bei Heatsupply erh\u00e4ltlich!\",\"breadcrumb\":{\"@id\":\"https:\\\/\\\/www.heatsupply.nl\\\/de\\\/produkt\\\/fruitslagers-tempeh-chili-oel\\\/#breadcrumb\"},\"inLanguage\":\"de\",\"potentialAction\":[{\"@type\":\"ReadAction\",\"target\":[\"https:\\\/\\\/www.heatsupply.nl\\\/de\\\/produkt\\\/fruitslagers-tempeh-chili-oel\\\/\"]}]},{\"@type\":\"ImageObject\",\"inLanguage\":\"de\",\"@id\":\"https:\\\/\\\/www.heatsupply.nl\\\/de\\\/produkt\\\/fruitslagers-tempeh-chili-oel\\\/#primaryimage\",\"url\":\"https:\\\/\\\/www.heatsupply.nl\\\/wp-content\\\/uploads\\\/2024\\\/09\\\/Fruitslagers-Tempeh-Chili-Oil-2.jpg\",\"contentUrl\":\"https:\\\/\\\/www.heatsupply.nl\\\/wp-content\\\/uploads\\\/2024\\\/09\\\/Fruitslagers-Tempeh-Chili-Oil-2.jpg\",\"width\":1327,\"height\":1333,\"caption\":\"Fruitslagers Tempeh Chili Oil\"},{\"@type\":\"BreadcrumbList\",\"@id\":\"https:\\\/\\\/www.heatsupply.nl\\\/de\\\/produkt\\\/fruitslagers-tempeh-chili-oel\\\/#breadcrumb\",\"itemListElement\":[{\"@type\":\"ListItem\",\"position\":1,\"name\":\"Home\",\"item\":\"https:\\\/\\\/www.heatsupply.nl\\\/de\\\/\"},{\"@type\":\"ListItem\",\"position\":2,\"name\":\"Alle produkten\",\"item\":\"https:\\\/\\\/www.heatsupply.nl\\\/de\\\/alle-produkten\\\/\"},{\"@type\":\"ListItem\",\"position\":3,\"name\":\"Crispy Chili Oil\",\"item\":\"https:\\\/\\\/www.heatsupply.nl\\\/de\\\/crispy-chilioel\\\/\"},{\"@type\":\"ListItem\",\"position\":4,\"name\":\"Fruitslagers Tempeh Chili-\u00d6l\"}]},{\"@type\":\"WebSite\",\"@id\":\"https:\\\/\\\/www.heatsupply.nl\\\/de\\\/#website\",\"url\":\"https:\\\/\\\/www.heatsupply.nl\\\/de\\\/\",\"name\":\"Heatsupply\",\"description\":\"Hot sauce webstore #1 in Europe\",\"publisher\":{\"@id\":\"https:\\\/\\\/www.heatsupply.nl\\\/de\\\/#organization\"},\"potentialAction\":[{\"@type\":\"SearchAction\",\"target\":{\"@type\":\"EntryPoint\",\"urlTemplate\":\"https:\\\/\\\/www.heatsupply.nl\\\/de\\\/?s={search_term_string}\"},\"query-input\":{\"@type\":\"PropertyValueSpecification\",\"valueRequired\":true,\"valueName\":\"search_term_string\"}}],\"inLanguage\":\"de\"},{\"@type\":\"Organization\",\"@id\":\"https:\\\/\\\/www.heatsupply.nl\\\/de\\\/#organization\",\"name\":\"Heatsupply\",\"url\":\"https:\\\/\\\/www.heatsupply.nl\\\/de\\\/\",\"logo\":{\"@type\":\"ImageObject\",\"inLanguage\":\"de\",\"@id\":\"https:\\\/\\\/www.heatsupply.nl\\\/de\\\/#\\\/schema\\\/logo\\\/image\\\/\",\"url\":\"https:\\\/\\\/www.heatsupply.nl\\\/wp-content\\\/uploads\\\/2022\\\/10\\\/heatsupply-logo-rood.jpg\",\"contentUrl\":\"https:\\\/\\\/www.heatsupply.nl\\\/wp-content\\\/uploads\\\/2022\\\/10\\\/heatsupply-logo-rood.jpg\",\"width\":1000,\"height\":335,\"caption\":\"Heatsupply\"},\"image\":{\"@id\":\"https:\\\/\\\/www.heatsupply.nl\\\/de\\\/#\\\/schema\\\/logo\\\/image\\\/\"},\"sameAs\":[\"https:\\\/\\\/www.facebook.com\\\/heatsupplyNL\",\"https:\\\/\\\/www.instagram.com\\\/heatsuppy.nl\",\"https:\\\/\\\/www.youtube.com\\\/channel\\\/UC5pOWqQtljvxTz2SMWGWCsw\"]}]}<\/script>\n<meta property=\"product:price:amount\" content=\"9.95\" \/>\n<meta property=\"product:price:currency\" content=\"EUR\" \/>\n<meta property=\"og:availability\" content=\"out of stock\" \/>\n<meta property=\"product:availability\" content=\"out of stock\" \/>\n<meta property=\"product:retailer_item_id\" content=\"FRUITTEMP001\" \/>\n<meta property=\"product:condition\" content=\"new\" \/>\n<!-- \/ Yoast SEO Premium plugin. -->","yoast_head_json":{"title":"Fruitslagers Tempeh Chili-\u00d6l - Heatsupply","description":"Dieses Tempeh-Chili-\u00d6l von Fruitslagers wird aus Reststr\u00f6men hergestellt und mit Lorbeerblatt und Dulse aromatisiert. Bei Heatsupply erh\u00e4ltlich!","robots":{"index":"index","follow":"follow","max-snippet":"max-snippet:-1","max-image-preview":"max-image-preview:large","max-video-preview":"max-video-preview:-1"},"canonical":"https:\/\/www.heatsupply.nl\/de\/produkt\/fruitslagers-tempeh-chili-oel\/","og_locale":"de_DE","og_type":"article","og_title":"Fruitslagers Tempeh Chili-\u00d6l","og_description":"Dieses Tempeh-Chili-\u00d6l von Fruitslagers wird aus Reststr\u00f6men hergestellt und mit Lorbeerblatt und Dulse aromatisiert. Bei Heatsupply erh\u00e4ltlich!","og_url":"https:\/\/www.heatsupply.nl\/de\/produkt\/fruitslagers-tempeh-chili-oel\/","og_site_name":"Heatsupply","article_publisher":"https:\/\/www.facebook.com\/heatsupplyNL","article_modified_time":"2026-01-16T08:34:33+00:00","og_image":[{"width":1327,"height":1333,"url":"https:\/\/www.heatsupply.nl\/wp-content\/uploads\/2024\/09\/Fruitslagers-Tempeh-Chili-Oil-2.jpg","type":"image\/jpeg"}],"twitter_card":"summary_large_image","twitter_misc":{"Preis":"&euro;9,95","Verf\u00fcgbarkeit":"ausverkauft"},"schema":{"@context":"https:\/\/schema.org","@graph":[{"@type":"WebPage","@id":"https:\/\/www.heatsupply.nl\/de\/produkt\/fruitslagers-tempeh-chili-oel\/","url":"https:\/\/www.heatsupply.nl\/de\/produkt\/fruitslagers-tempeh-chili-oel\/","name":"Fruitslagers Tempeh Chili-\u00d6l - Heatsupply","isPartOf":{"@id":"https:\/\/www.heatsupply.nl\/de\/#website"},"primaryImageOfPage":{"@id":"https:\/\/www.heatsupply.nl\/de\/produkt\/fruitslagers-tempeh-chili-oel\/#primaryimage"},"image":{"@id":"https:\/\/www.heatsupply.nl\/de\/produkt\/fruitslagers-tempeh-chili-oel\/#primaryimage"},"thumbnailUrl":"https:\/\/www.heatsupply.nl\/wp-content\/uploads\/2024\/09\/Fruitslagers-Tempeh-Chili-Oil-2.jpg","datePublished":"2024-09-04T08:00:16+00:00","dateModified":"2026-01-16T08:34:33+00:00","description":"Dieses Tempeh-Chili-\u00d6l von Fruitslagers wird aus Reststr\u00f6men hergestellt und mit Lorbeerblatt und Dulse aromatisiert. Bei Heatsupply erh\u00e4ltlich!","breadcrumb":{"@id":"https:\/\/www.heatsupply.nl\/de\/produkt\/fruitslagers-tempeh-chili-oel\/#breadcrumb"},"inLanguage":"de","potentialAction":[{"@type":"ReadAction","target":["https:\/\/www.heatsupply.nl\/de\/produkt\/fruitslagers-tempeh-chili-oel\/"]}]},{"@type":"ImageObject","inLanguage":"de","@id":"https:\/\/www.heatsupply.nl\/de\/produkt\/fruitslagers-tempeh-chili-oel\/#primaryimage","url":"https:\/\/www.heatsupply.nl\/wp-content\/uploads\/2024\/09\/Fruitslagers-Tempeh-Chili-Oil-2.jpg","contentUrl":"https:\/\/www.heatsupply.nl\/wp-content\/uploads\/2024\/09\/Fruitslagers-Tempeh-Chili-Oil-2.jpg","width":1327,"height":1333,"caption":"Fruitslagers Tempeh Chili Oil"},{"@type":"BreadcrumbList","@id":"https:\/\/www.heatsupply.nl\/de\/produkt\/fruitslagers-tempeh-chili-oel\/#breadcrumb","itemListElement":[{"@type":"ListItem","position":1,"name":"Home","item":"https:\/\/www.heatsupply.nl\/de\/"},{"@type":"ListItem","position":2,"name":"Alle produkten","item":"https:\/\/www.heatsupply.nl\/de\/alle-produkten\/"},{"@type":"ListItem","position":3,"name":"Crispy Chili Oil","item":"https:\/\/www.heatsupply.nl\/de\/crispy-chilioel\/"},{"@type":"ListItem","position":4,"name":"Fruitslagers Tempeh Chili-\u00d6l"}]},{"@type":"WebSite","@id":"https:\/\/www.heatsupply.nl\/de\/#website","url":"https:\/\/www.heatsupply.nl\/de\/","name":"Heatsupply","description":"Hot sauce webstore #1 in Europe","publisher":{"@id":"https:\/\/www.heatsupply.nl\/de\/#organization"},"potentialAction":[{"@type":"SearchAction","target":{"@type":"EntryPoint","urlTemplate":"https:\/\/www.heatsupply.nl\/de\/?s={search_term_string}"},"query-input":{"@type":"PropertyValueSpecification","valueRequired":true,"valueName":"search_term_string"}}],"inLanguage":"de"},{"@type":"Organization","@id":"https:\/\/www.heatsupply.nl\/de\/#organization","name":"Heatsupply","url":"https:\/\/www.heatsupply.nl\/de\/","logo":{"@type":"ImageObject","inLanguage":"de","@id":"https:\/\/www.heatsupply.nl\/de\/#\/schema\/logo\/image\/","url":"https:\/\/www.heatsupply.nl\/wp-content\/uploads\/2022\/10\/heatsupply-logo-rood.jpg","contentUrl":"https:\/\/www.heatsupply.nl\/wp-content\/uploads\/2022\/10\/heatsupply-logo-rood.jpg","width":1000,"height":335,"caption":"Heatsupply"},"image":{"@id":"https:\/\/www.heatsupply.nl\/de\/#\/schema\/logo\/image\/"},"sameAs":["https:\/\/www.facebook.com\/heatsupplyNL","https:\/\/www.instagram.com\/heatsuppy.nl","https:\/\/www.youtube.com\/channel\/UC5pOWqQtljvxTz2SMWGWCsw"]}]},"product_price_amount":"9.95","product_price_currency":"EUR","og_availability":"out of stock","product_availability":"out of stock","product_retailer_item_id":"FRUITTEMP001","product_condition":"new"},"_links":{"self":[{"href":"https:\/\/www.heatsupply.nl\/de\/wp-json\/wp\/v2\/product\/157383","targetHints":{"allow":["GET"]}}],"collection":[{"href":"https:\/\/www.heatsupply.nl\/de\/wp-json\/wp\/v2\/product"}],"about":[{"href":"https:\/\/www.heatsupply.nl\/de\/wp-json\/wp\/v2\/types\/product"}],"replies":[{"embeddable":true,"href":"https:\/\/www.heatsupply.nl\/de\/wp-json\/wp\/v2\/comments?post=157383"}],"wp:featuredmedia":[{"embeddable":true,"href":"https:\/\/www.heatsupply.nl\/de\/wp-json\/wp\/v2\/media\/157470"}],"wp:attachment":[{"href":"https:\/\/www.heatsupply.nl\/de\/wp-json\/wp\/v2\/media?parent=157383"}],"wp:term":[{"taxonomy":"product_brand","embeddable":true,"href":"https:\/\/www.heatsupply.nl\/de\/wp-json\/wp\/v2\/product_brand?post=157383"},{"taxonomy":"product_cat","embeddable":true,"href":"https:\/\/www.heatsupply.nl\/de\/wp-json\/wp\/v2\/product_cat?post=157383"},{"taxonomy":"product_tag","embeddable":true,"href":"https:\/\/www.heatsupply.nl\/de\/wp-json\/wp\/v2\/product_tag?post=157383"}],"curies":[{"name":"wp","href":"https:\/\/api.w.org\/{rel}","templated":true}]}}