{"id":156433,"date":"2025-07-24T09:49:51","date_gmt":"2025-07-24T07:49:51","guid":{"rendered":"https:\/\/www.heatsupply.nl\/product\/the-heatsupply-pack\/"},"modified":"2025-08-26T16:59:15","modified_gmt":"2025-08-26T14:59:15","slug":"the-heatsupply-pack","status":"publish","type":"product","link":"https:\/\/www.heatsupply.nl\/de\/produkt\/the-heatsupply-pack\/","title":{"rendered":"The Heatsupply Pack"},"content":{"rendered":"<p>In diesem Paket findest du die f\u00fcnf Heatsupply Saucen (3 Hot Sauces, den Hot Honey und das Crispy Chili Oil) und oben kannst du mehr Informationen \u00fcber die verschiedenen Saucen finden.<\/p>\n<ul>\n<li><a href=\"https:\/\/www.heatsupply.nl\/de\/produkt\/the-o-g-hot-sauce-beste-hot-sauce-der-niederlande-2023\/\"><strong>The O.G.<\/strong> <\/a><\/li>\n<li><a href=\"https:\/\/www.heatsupply.nl\/de\/produkt\/la-barbacoa-hot-sauce-by-heatsupply\/\"><strong>La Barbacoa<\/strong> <\/a><\/li>\n<li><a href=\"https:\/\/www.heatsupply.nl\/de\/produkt\/the-sunny-hot-sauce-by-heatsupply\/\"><strong>The Sunny<\/strong> <\/a><\/li>\n<li><a href=\"https:\/\/www.heatsupply.nl\/de\/produkt\/heatsupplys-hot-honey\/\"><strong>Hot Honey<\/strong><\/a><\/li>\n<li><a href=\"https:\/\/www.heatsupply.nl\/de\/produkt\/heatsupplys-crispy-chili-oil\/\"><strong>Crispy Chili Oil<\/strong><\/a><\/li>\n<\/ul>\n<p>F\u00fcr die Saucen gilt: Vor Gebrauch sch\u00fctteln und nach dem \u00d6ffnen gek\u00fchlt aufbewahren. Der Hot Honey muss nicht gek\u00fchlt aufbewahrt werden, sollte aber an einem dunklen, etwas k\u00fchlen Ort gelagert werden.<\/p>\n","protected":false},"excerpt":{"rendered":"<p style=\"text-align: justify;\">Suchst du nach dem ultimativen scharfen Saucen-Paket? Dann musst du nicht weiter suchen als unser Heatsupply Pack! Von den zwei preisgekr\u00f6nten Hot Sauces (<a href=\"https:\/\/www.heatsupply.nl\/de\/produkt\/the-o-g-hot-sauce-beste-hot-sauce-der-niederlande-2023\/\"><strong>The O.G.<\/strong><\/a> &amp; <a href=\"https:\/\/www.heatsupply.nl\/de\/produkt\/the-sunny-hot-sauce-by-heatsupply\/\"><strong>The Sunny<\/strong><\/a>) bis zur rauchigen und s\u00fc\u00dfen <a href=\"https:\/\/www.heatsupply.nl\/de\/produkt\/la-barbacoa-hot-sauce-by-heatsupply\/\"><strong>La Barbacoa<\/strong><\/a> oder vom vielseitigen <a href=\"https:\/\/www.heatsupply.nl\/de\/produkt\/heatsupplys-crispy-chili-oil\/\"><strong>Crispy Chili Oil (bestes Chili-\u00d6l der Niederlande 2025)<\/strong><\/a> bis zum \u00fcberraschenden <a href=\"https:\/\/www.heatsupply.nl\/de\/produkt\/heatsupplys-hot-honey\/\"><strong>Heatsupply&#8217;s Hot Honey<\/strong><\/a> \u2013 dieses Paket hat alles, was ein Liebhaber von scharfem Essen sucht.<\/p>\n<p style=\"text-align: justify;\">F\u00fcr jedes Gericht hast du jetzt eine perfekte Hot Sauce und da keine extrem scharfe Sauce dabei ist, ist dieses Heatsupply Pack auch noch f\u00fcr jeden geeignet. Es ist n\u00e4mlich unsere Mission, jeden mit Hot Sauce bekannt zu machen. Wir sind davon \u00fcberzeugt, dass wir f\u00fcr jeden eine passende Sauce haben. Mit diesem Saucen-Paket bist du also auf jeden Fall bestens versorgt! Unten kannst du noch viel mehr \u00fcber alle einzelnen Saucen lesen.<\/p>\n<p>Der kostenlose Versand f\u00fcr dieses Produkt gilt nur f\u00fcr Adressen in den Niederlanden, Belgien und Deutschland.<\/p>\n<ul>\n<li style=\"text-align: justify;\">Herkunft: Asten, Niederlande<\/li>\n<li style=\"text-align: justify;\">Inhalt: 3 x 150 ml, der Hot Honey enth\u00e4lt 350 Gramm und das Crispy Chili Oil 200 ml<\/li>\n<\/ul>\n","protected":false},"featured_media":181756,"comment_status":"open","ping_status":"closed","template":"","meta":{"_acf_changed":false},"product_brand":[],"product_cat":[3968,4069,3965,4077,4011,3787,4046,4073],"product_tag":[],"class_list":{"0":"post-156433","1":"product","2":"type-product","3":"status-publish","4":"has-post-thumbnail","6":"product_cat-geschenke","7":"product_cat-geschenksets","8":"product_cat-packs","9":"product_cat-packs-spicy","10":"product_cat-heatsupply-originals","11":"product_cat-scharfe-sossen","12":"product_cat-spicy","13":"product_cat-unter-50","15":"first","16":"instock","17":"sale","18":"taxable","19":"shipping-taxable","20":"purchasable","21":"product-type-bundle"},"bundled_by":[],"bundle_stock_status":"instock","bundle_stock_quantity":"","bundle_virtual":false,"bundle_layout":"default","bundle_add_to_cart_form_location":"after_summary","bundle_editable_in_cart":false,"bundle_sold_individually_context":"product","bundle_item_grouping":"parent","bundle_min_size":"","bundle_max_size":"","bundle_price":{"price":{"min":{"incl_tax":"39.95","excl_tax":"36.651376"},"max":{"incl_tax":"39.95","excl_tax":"36.651376"}},"regular_price":{"min":{"incl_tax":"43.75","excl_tax":"40.137615"},"max":{"incl_tax":"43.75","excl_tax":"40.137615"}}},"bundled_items":[{"bundled_item_id":1449,"product_id":141915,"menu_order":0,"quantity_min":1,"quantity_max":1,"quantity_default":1,"priced_individually":false,"shipped_individually":false,"override_title":false,"title":"The O.G. Hot Sauce &#8211; Beste Hot Sauce der Niederlande 2023","override_description":false,"description":"The O.G. Hot Sauce &#8211; Beste Hot Sauce der Niederlande 2023","optional":false,"hide_thumbnail":false,"discount":"","override_variations":false,"allowed_variations":[""],"override_default_variation_attributes":false,"default_variation_attributes":[],"single_product_visibility":"visible","cart_visibility":"visible","order_visibility":"visible","single_product_price_visibility":"visible","cart_price_visibility":"visible","order_price_visibility":"visible","stock_status":"in_stock"},{"bundled_item_id":1504,"product_id":149750,"menu_order":1,"quantity_min":1,"quantity_max":1,"quantity_default":1,"priced_individually":false,"shipped_individually":false,"override_title":false,"title":"La Barbacoa Hot Sauce by Heatsupply","override_description":false,"description":"La Barbacoa Hot Sauce by Heatsupply","optional":false,"hide_thumbnail":false,"discount":"","override_variations":false,"allowed_variations":[""],"override_default_variation_attributes":false,"default_variation_attributes":[],"single_product_visibility":"visible","cart_visibility":"visible","order_visibility":"visible","single_product_price_visibility":"visible","cart_price_visibility":"visible","order_price_visibility":"visible","stock_status":"in_stock"},{"bundled_item_id":1451,"product_id":155422,"menu_order":2,"quantity_min":1,"quantity_max":1,"quantity_default":1,"priced_individually":false,"shipped_individually":false,"override_title":false,"title":"The Sunny Hot Sauce by Heatsupply &#8211; Beste holl\u00e4ndische scharfe So\u00dfe 2025","override_description":false,"description":"The Sunny Hot Sauce by Heatsupply &#8211; Beste holl\u00e4ndische scharfe So\u00dfe 2025","optional":false,"hide_thumbnail":false,"discount":"","override_variations":false,"allowed_variations":[""],"override_default_variation_attributes":false,"default_variation_attributes":[],"single_product_visibility":"visible","cart_visibility":"visible","order_visibility":"visible","single_product_price_visibility":"visible","cart_price_visibility":"visible","order_price_visibility":"visible","stock_status":"in_stock"},{"bundled_item_id":1452,"product_id":151876,"menu_order":3,"quantity_min":1,"quantity_max":1,"quantity_default":1,"priced_individually":false,"shipped_individually":false,"override_title":false,"title":"Heatsupply&#8217;s Hot Honey (350 Gramm)","override_description":false,"description":"Heatsupply&#8217;s Hot Honey (350 Gramm)","optional":false,"hide_thumbnail":false,"discount":"","override_variations":false,"allowed_variations":[""],"override_default_variation_attributes":false,"default_variation_attributes":[],"single_product_visibility":"visible","cart_visibility":"visible","order_visibility":"visible","single_product_price_visibility":"visible","cart_price_visibility":"visible","order_price_visibility":"visible","stock_status":"in_stock"},{"bundled_item_id":1666,"product_id":172498,"menu_order":4,"quantity_min":1,"quantity_max":1,"quantity_default":1,"priced_individually":false,"shipped_individually":false,"override_title":false,"title":"Heatsupply&#8217;s Crispy Chili Oil &#8211; Beste holl\u00e4ndische Chili\u00f6l 2025","override_description":false,"description":"Heatsupply&#8217;s Crispy Chili Oil &#8211; Beste holl\u00e4ndische Chili\u00f6l 2025","optional":false,"hide_thumbnail":false,"discount":"","override_variations":false,"allowed_variations":[""],"override_default_variation_attributes":false,"default_variation_attributes":[],"single_product_visibility":"visible","cart_visibility":"visible","order_visibility":"visible","single_product_price_visibility":"visible","cart_price_visibility":"visible","order_price_visibility":"visible","stock_status":"in_stock"}],"bundle_sell_ids":[],"acf":[],"yoast_head":"<!-- This site is optimized with the Yoast SEO Premium plugin v27.5 (Yoast SEO v27.5) - https:\/\/yoast.com\/product\/yoast-seo-premium-wordpress\/ -->\n<title>Heatsupply Pack - Saucenpaket mit 3 Hot Sauces, Crispy Chili Oil und Hot Honey<\/title>\n<meta name=\"description\" content=\"In diesem Heatsupply Paket findest du all unsere eigenen Hot Sauces, Hot Honey und knuspriges Chili Oil in 1 Paket. Ein abwechslungsreiches Saucen-Paket f\u00fcr die echten Liebhaber!\" \/>\n<meta name=\"robots\" content=\"index, follow, max-snippet:-1, max-image-preview:large, max-video-preview:-1\" \/>\n<link rel=\"canonical\" href=\"https:\/\/www.heatsupply.nl\/de\/produkt\/the-heatsupply-pack\/\" \/>\n<meta property=\"og:locale\" content=\"de_DE\" \/>\n<meta property=\"og:type\" content=\"article\" \/>\n<meta property=\"og:title\" content=\"The Heatsupply Pack\" \/>\n<meta property=\"og:description\" content=\"In diesem Heatsupply Paket findest du all unsere eigenen Hot Sauces, Hot Honey und knuspriges Chili Oil in 1 Paket. Ein abwechslungsreiches Saucen-Paket f\u00fcr die echten Liebhaber!\" \/>\n<meta property=\"og:url\" content=\"https:\/\/www.heatsupply.nl\/de\/produkt\/the-heatsupply-pack\/\" \/>\n<meta property=\"og:site_name\" content=\"Heatsupply\" \/>\n<meta property=\"article:publisher\" content=\"https:\/\/www.facebook.com\/heatsupplyNL\" \/>\n<meta property=\"article:modified_time\" content=\"2025-08-26T14:59:15+00:00\" \/>\n<meta property=\"og:image\" content=\"https:\/\/www.heatsupply.nl\/wp-content\/uploads\/2025\/07\/heatsupply-5-pack.jpg\" \/>\n\t<meta property=\"og:image:width\" content=\"1400\" \/>\n\t<meta property=\"og:image:height\" content=\"1400\" \/>\n\t<meta property=\"og:image:type\" content=\"image\/jpeg\" \/>\n<meta name=\"twitter:card\" content=\"summary_large_image\" \/>\n<meta name=\"twitter:label1\" content=\"Preis\" \/>\n\t<meta name=\"twitter:data1\" content=\"&euro;39,95\" \/>\n\t<meta name=\"twitter:label2\" content=\"Verf\u00fcgbarkeit\" \/>\n\t<meta name=\"twitter:data2\" content=\"Auf Lager\" \/>\n<script type=\"application\/ld+json\" class=\"yoast-schema-graph\">{\"@context\":\"https:\\\/\\\/schema.org\",\"@graph\":[{\"@type\":\"WebPage\",\"@id\":\"https:\\\/\\\/www.heatsupply.nl\\\/de\\\/produkt\\\/the-heatsupply-pack\\\/\",\"url\":\"https:\\\/\\\/www.heatsupply.nl\\\/de\\\/produkt\\\/the-heatsupply-pack\\\/\",\"name\":\"Heatsupply Pack - Saucenpaket mit 3 Hot Sauces, Crispy Chili Oil und Hot Honey\",\"isPartOf\":{\"@id\":\"https:\\\/\\\/www.heatsupply.nl\\\/de\\\/#website\"},\"primaryImageOfPage\":{\"@id\":\"https:\\\/\\\/www.heatsupply.nl\\\/de\\\/produkt\\\/the-heatsupply-pack\\\/#primaryimage\"},\"image\":{\"@id\":\"https:\\\/\\\/www.heatsupply.nl\\\/de\\\/produkt\\\/the-heatsupply-pack\\\/#primaryimage\"},\"thumbnailUrl\":\"https:\\\/\\\/www.heatsupply.nl\\\/wp-content\\\/uploads\\\/2025\\\/07\\\/heatsupply-5-pack.jpg\",\"datePublished\":\"2025-07-24T07:49:51+00:00\",\"dateModified\":\"2025-08-26T14:59:15+00:00\",\"description\":\"In diesem Heatsupply Paket findest du all unsere eigenen Hot Sauces, Hot Honey und knuspriges Chili Oil in 1 Paket. Ein abwechslungsreiches Saucen-Paket f\u00fcr die echten Liebhaber!\",\"breadcrumb\":{\"@id\":\"https:\\\/\\\/www.heatsupply.nl\\\/de\\\/produkt\\\/the-heatsupply-pack\\\/#breadcrumb\"},\"inLanguage\":\"de\",\"potentialAction\":[{\"@type\":\"ReadAction\",\"target\":[\"https:\\\/\\\/www.heatsupply.nl\\\/de\\\/produkt\\\/the-heatsupply-pack\\\/\"]}]},{\"@type\":\"ImageObject\",\"inLanguage\":\"de\",\"@id\":\"https:\\\/\\\/www.heatsupply.nl\\\/de\\\/produkt\\\/the-heatsupply-pack\\\/#primaryimage\",\"url\":\"https:\\\/\\\/www.heatsupply.nl\\\/wp-content\\\/uploads\\\/2025\\\/07\\\/heatsupply-5-pack.jpg\",\"contentUrl\":\"https:\\\/\\\/www.heatsupply.nl\\\/wp-content\\\/uploads\\\/2025\\\/07\\\/heatsupply-5-pack.jpg\",\"width\":1400,\"height\":1400,\"caption\":\"the heatsupply pack the og the sunny la barbacoa hot honey crispy chili oil\"},{\"@type\":\"BreadcrumbList\",\"@id\":\"https:\\\/\\\/www.heatsupply.nl\\\/de\\\/produkt\\\/the-heatsupply-pack\\\/#breadcrumb\",\"itemListElement\":[{\"@type\":\"ListItem\",\"position\":1,\"name\":\"Home\",\"item\":\"https:\\\/\\\/www.heatsupply.nl\\\/de\\\/\"},{\"@type\":\"ListItem\",\"position\":2,\"name\":\"Alle produkten\",\"item\":\"https:\\\/\\\/www.heatsupply.nl\\\/de\\\/alle-produkten\\\/\"},{\"@type\":\"ListItem\",\"position\":3,\"name\":\"Scharfe So\u00dfen\",\"item\":\"https:\\\/\\\/www.heatsupply.nl\\\/de\\\/scharfe-sossen\\\/\"},{\"@type\":\"ListItem\",\"position\":4,\"name\":\"Geschenksets\",\"item\":\"https:\\\/\\\/www.heatsupply.nl\\\/de\\\/scharfe-sossen\\\/packs\\\/\"},{\"@type\":\"ListItem\",\"position\":5,\"name\":\"The Heatsupply Pack\"}]},{\"@type\":\"WebSite\",\"@id\":\"https:\\\/\\\/www.heatsupply.nl\\\/de\\\/#website\",\"url\":\"https:\\\/\\\/www.heatsupply.nl\\\/de\\\/\",\"name\":\"Heatsupply\",\"description\":\"Hot sauce webstore #1 in Europe\",\"publisher\":{\"@id\":\"https:\\\/\\\/www.heatsupply.nl\\\/de\\\/#organization\"},\"potentialAction\":[{\"@type\":\"SearchAction\",\"target\":{\"@type\":\"EntryPoint\",\"urlTemplate\":\"https:\\\/\\\/www.heatsupply.nl\\\/de\\\/?s={search_term_string}\"},\"query-input\":{\"@type\":\"PropertyValueSpecification\",\"valueRequired\":true,\"valueName\":\"search_term_string\"}}],\"inLanguage\":\"de\"},{\"@type\":\"Organization\",\"@id\":\"https:\\\/\\\/www.heatsupply.nl\\\/de\\\/#organization\",\"name\":\"Heatsupply\",\"url\":\"https:\\\/\\\/www.heatsupply.nl\\\/de\\\/\",\"logo\":{\"@type\":\"ImageObject\",\"inLanguage\":\"de\",\"@id\":\"https:\\\/\\\/www.heatsupply.nl\\\/de\\\/#\\\/schema\\\/logo\\\/image\\\/\",\"url\":\"https:\\\/\\\/www.heatsupply.nl\\\/wp-content\\\/uploads\\\/2022\\\/10\\\/heatsupply-logo-rood.jpg\",\"contentUrl\":\"https:\\\/\\\/www.heatsupply.nl\\\/wp-content\\\/uploads\\\/2022\\\/10\\\/heatsupply-logo-rood.jpg\",\"width\":1000,\"height\":335,\"caption\":\"Heatsupply\"},\"image\":{\"@id\":\"https:\\\/\\\/www.heatsupply.nl\\\/de\\\/#\\\/schema\\\/logo\\\/image\\\/\"},\"sameAs\":[\"https:\\\/\\\/www.facebook.com\\\/heatsupplyNL\",\"https:\\\/\\\/www.instagram.com\\\/heatsuppy.nl\",\"https:\\\/\\\/www.youtube.com\\\/channel\\\/UC5pOWqQtljvxTz2SMWGWCsw\"]}]}<\/script>\n<meta property=\"product:brand\" content=\"Heatsupply\" \/>\n<meta property=\"product:price:amount\" content=\"39.95\" \/>\n<meta property=\"product:price:currency\" content=\"EUR\" \/>\n<meta property=\"og:availability\" content=\"instock\" \/>\n<meta property=\"product:availability\" content=\"instock\" \/>\n<meta property=\"product:retailer_item_id\" content=\"HS4PACK002\" \/>\n<meta property=\"product:condition\" content=\"new\" \/>\n<!-- \/ Yoast SEO Premium plugin. -->","yoast_head_json":{"title":"Heatsupply Pack - Saucenpaket mit 3 Hot Sauces, Crispy Chili Oil und Hot Honey","description":"In diesem Heatsupply Paket findest du all unsere eigenen Hot Sauces, Hot Honey und knuspriges Chili Oil in 1 Paket. Ein abwechslungsreiches Saucen-Paket f\u00fcr die echten Liebhaber!","robots":{"index":"index","follow":"follow","max-snippet":"max-snippet:-1","max-image-preview":"max-image-preview:large","max-video-preview":"max-video-preview:-1"},"canonical":"https:\/\/www.heatsupply.nl\/de\/produkt\/the-heatsupply-pack\/","og_locale":"de_DE","og_type":"article","og_title":"The Heatsupply Pack","og_description":"In diesem Heatsupply Paket findest du all unsere eigenen Hot Sauces, Hot Honey und knuspriges Chili Oil in 1 Paket. Ein abwechslungsreiches Saucen-Paket f\u00fcr die echten Liebhaber!","og_url":"https:\/\/www.heatsupply.nl\/de\/produkt\/the-heatsupply-pack\/","og_site_name":"Heatsupply","article_publisher":"https:\/\/www.facebook.com\/heatsupplyNL","article_modified_time":"2025-08-26T14:59:15+00:00","og_image":[{"width":1400,"height":1400,"url":"https:\/\/www.heatsupply.nl\/wp-content\/uploads\/2025\/07\/heatsupply-5-pack.jpg","type":"image\/jpeg"}],"twitter_card":"summary_large_image","twitter_misc":{"Preis":"&euro;39,95","Verf\u00fcgbarkeit":"Auf Lager"},"schema":{"@context":"https:\/\/schema.org","@graph":[{"@type":"WebPage","@id":"https:\/\/www.heatsupply.nl\/de\/produkt\/the-heatsupply-pack\/","url":"https:\/\/www.heatsupply.nl\/de\/produkt\/the-heatsupply-pack\/","name":"Heatsupply Pack - Saucenpaket mit 3 Hot Sauces, Crispy Chili Oil und Hot Honey","isPartOf":{"@id":"https:\/\/www.heatsupply.nl\/de\/#website"},"primaryImageOfPage":{"@id":"https:\/\/www.heatsupply.nl\/de\/produkt\/the-heatsupply-pack\/#primaryimage"},"image":{"@id":"https:\/\/www.heatsupply.nl\/de\/produkt\/the-heatsupply-pack\/#primaryimage"},"thumbnailUrl":"https:\/\/www.heatsupply.nl\/wp-content\/uploads\/2025\/07\/heatsupply-5-pack.jpg","datePublished":"2025-07-24T07:49:51+00:00","dateModified":"2025-08-26T14:59:15+00:00","description":"In diesem Heatsupply Paket findest du all unsere eigenen Hot Sauces, Hot Honey und knuspriges Chili Oil in 1 Paket. Ein abwechslungsreiches Saucen-Paket f\u00fcr die echten Liebhaber!","breadcrumb":{"@id":"https:\/\/www.heatsupply.nl\/de\/produkt\/the-heatsupply-pack\/#breadcrumb"},"inLanguage":"de","potentialAction":[{"@type":"ReadAction","target":["https:\/\/www.heatsupply.nl\/de\/produkt\/the-heatsupply-pack\/"]}]},{"@type":"ImageObject","inLanguage":"de","@id":"https:\/\/www.heatsupply.nl\/de\/produkt\/the-heatsupply-pack\/#primaryimage","url":"https:\/\/www.heatsupply.nl\/wp-content\/uploads\/2025\/07\/heatsupply-5-pack.jpg","contentUrl":"https:\/\/www.heatsupply.nl\/wp-content\/uploads\/2025\/07\/heatsupply-5-pack.jpg","width":1400,"height":1400,"caption":"the heatsupply pack the og the sunny la barbacoa hot honey crispy chili oil"},{"@type":"BreadcrumbList","@id":"https:\/\/www.heatsupply.nl\/de\/produkt\/the-heatsupply-pack\/#breadcrumb","itemListElement":[{"@type":"ListItem","position":1,"name":"Home","item":"https:\/\/www.heatsupply.nl\/de\/"},{"@type":"ListItem","position":2,"name":"Alle produkten","item":"https:\/\/www.heatsupply.nl\/de\/alle-produkten\/"},{"@type":"ListItem","position":3,"name":"Scharfe So\u00dfen","item":"https:\/\/www.heatsupply.nl\/de\/scharfe-sossen\/"},{"@type":"ListItem","position":4,"name":"Geschenksets","item":"https:\/\/www.heatsupply.nl\/de\/scharfe-sossen\/packs\/"},{"@type":"ListItem","position":5,"name":"The Heatsupply Pack"}]},{"@type":"WebSite","@id":"https:\/\/www.heatsupply.nl\/de\/#website","url":"https:\/\/www.heatsupply.nl\/de\/","name":"Heatsupply","description":"Hot sauce webstore #1 in Europe","publisher":{"@id":"https:\/\/www.heatsupply.nl\/de\/#organization"},"potentialAction":[{"@type":"SearchAction","target":{"@type":"EntryPoint","urlTemplate":"https:\/\/www.heatsupply.nl\/de\/?s={search_term_string}"},"query-input":{"@type":"PropertyValueSpecification","valueRequired":true,"valueName":"search_term_string"}}],"inLanguage":"de"},{"@type":"Organization","@id":"https:\/\/www.heatsupply.nl\/de\/#organization","name":"Heatsupply","url":"https:\/\/www.heatsupply.nl\/de\/","logo":{"@type":"ImageObject","inLanguage":"de","@id":"https:\/\/www.heatsupply.nl\/de\/#\/schema\/logo\/image\/","url":"https:\/\/www.heatsupply.nl\/wp-content\/uploads\/2022\/10\/heatsupply-logo-rood.jpg","contentUrl":"https:\/\/www.heatsupply.nl\/wp-content\/uploads\/2022\/10\/heatsupply-logo-rood.jpg","width":1000,"height":335,"caption":"Heatsupply"},"image":{"@id":"https:\/\/www.heatsupply.nl\/de\/#\/schema\/logo\/image\/"},"sameAs":["https:\/\/www.facebook.com\/heatsupplyNL","https:\/\/www.instagram.com\/heatsuppy.nl","https:\/\/www.youtube.com\/channel\/UC5pOWqQtljvxTz2SMWGWCsw"]}]},"product_brand":"Heatsupply","product_price_amount":"39.95","product_price_currency":"EUR","og_availability":"instock","product_availability":"instock","product_retailer_item_id":"HS4PACK002","product_condition":"new"},"_links":{"self":[{"href":"https:\/\/www.heatsupply.nl\/de\/wp-json\/wp\/v2\/product\/156433","targetHints":{"allow":["GET"]}}],"collection":[{"href":"https:\/\/www.heatsupply.nl\/de\/wp-json\/wp\/v2\/product"}],"about":[{"href":"https:\/\/www.heatsupply.nl\/de\/wp-json\/wp\/v2\/types\/product"}],"replies":[{"embeddable":true,"href":"https:\/\/www.heatsupply.nl\/de\/wp-json\/wp\/v2\/comments?post=156433"}],"wp:featuredmedia":[{"embeddable":true,"href":"https:\/\/www.heatsupply.nl\/de\/wp-json\/wp\/v2\/media\/181756"}],"wp:attachment":[{"href":"https:\/\/www.heatsupply.nl\/de\/wp-json\/wp\/v2\/media?parent=156433"}],"wp:term":[{"taxonomy":"product_brand","embeddable":true,"href":"https:\/\/www.heatsupply.nl\/de\/wp-json\/wp\/v2\/product_brand?post=156433"},{"taxonomy":"product_cat","embeddable":true,"href":"https:\/\/www.heatsupply.nl\/de\/wp-json\/wp\/v2\/product_cat?post=156433"},{"taxonomy":"product_tag","embeddable":true,"href":"https:\/\/www.heatsupply.nl\/de\/wp-json\/wp\/v2\/product_tag?post=156433"}],"curies":[{"name":"wp","href":"https:\/\/api.w.org\/{rel}","templated":true}]}}