{"id":155561,"date":"2024-08-12T11:09:40","date_gmt":"2024-08-12T09:09:40","guid":{"rendered":"https:\/\/www.heatsupply.nl\/?post_type=product&#038;p=155561"},"modified":"2025-08-21T13:20:28","modified_gmt":"2025-08-21T11:20:28","slug":"heatsupply-hot-sauce-3-pack","status":"publish","type":"product","link":"https:\/\/www.heatsupply.nl\/de\/produkt\/heatsupply-hot-sauce-3-pack\/","title":{"rendered":"Heatsupply Hot Sauce 3-Pack"},"content":{"rendered":"<p>Dies ist das Heatsupply Hot Sauce 3er-Pack in einer coolen Verpackung, ganz im Heatsupply-Stil! In diesem Paket findest du die drei Heatsupply Hot Sauces und oben kannst du mehr Informationen \u00fcber die verschiedenen Saucen finden.<\/p>\n<p>F\u00fcr alle Saucen gilt: Vor Gebrauch sch\u00fctteln und nach dem \u00d6ffnen gek\u00fchlt aufbewahren.<\/p>\n","protected":false},"excerpt":{"rendered":"<p style=\"text-align: justify;\">Sichere dir jetzt alle drei Heatsupply Hot Sauces in einer extra hei\u00dfe Verpackung! Mit drei k\u00f6stlichen und abwechslungsreichen Geschmacksrichtungen ist dies das perfekte Hot Sauce-Paket zum Verschenken oder zum Bekommen. Und du wei\u00dft ja, was man sagt: Aller guten Dinge sind drei. Oder wie De La Soul es ausdr\u00fcckt: <em>Three is the magic number<\/em>. Aber was ist denn nun diese Magie?<\/p>\n<p style=\"text-align: justify;\"><a href=\"https:\/\/www.heatsupply.nl\/de\/produkt\/the-o-g-hot-sauce-beste-hot-sauce-der-niederlande-2023\/\"><strong>The O.G. Hot Sauce<\/strong><\/a> wurde 2023 zur besten Hot Sauce der Niederlande gek\u00fcrt und enth\u00e4lt eine gro\u00dfz\u00fcgige Menge Kreuzk\u00fcmmel, aber auch Habanero, Jalape\u00f1o, Knoblauch und frittierte Zwiebeln. Sehr vielseitig, aber besonders hervorragend in Kombination mit mexikanischen Gerichten.<a href=\"https:\/\/www.heatsupply.nl\/de\/produkt\/la-barbacoa-hot-sauce-by-heatsupply\/\"><strong> La Barbacoa<\/strong><\/a> ist eine s\u00fc\u00dfe, rauchige scharfe Sauce mit Habanero, Chipotle, Kaffee, ger\u00f6stetem Knoblauch und Apfel. Die ultimative Barbecue-Stil Hot Sauce. Zuletzt der Neuzugang: <a href=\"https:\/\/www.heatsupply.nl\/de\/produkt\/the-sunny-hot-sauce-by-heatsupply\/\"><strong>The Sunny Hot Sauce<\/strong><\/a>, die wie ein tropischer Urlaub in einer Flasche ist. Ananas, Ingwer, Kurkuma, Curry und eine Kombination aus Habanero &amp; Jalape\u00f1o. Die sch\u00e4rfste der Gruppe, die hervorragend zu allem mit Huhn und Currys passt. Im Grunde drei Saucen, die jeder Hot Sauce Fan im K\u00fchlschrank haben sollte!<\/p>\n<ul>\n<li style=\"text-align: justify;\">Herkunft: Asten, Niederlande<\/li>\n<li style=\"text-align: justify;\">Inhalt: 3 x 150 ml<\/li>\n<\/ul>\n","protected":false},"featured_media":162901,"comment_status":"open","ping_status":"closed","template":"","meta":{"_acf_changed":false},"product_brand":[],"product_cat":[3968,4069,3965,4077,4011,4122,4046,4071,4073],"product_tag":[],"class_list":{"0":"post-155561","1":"product","2":"type-product","3":"status-publish","4":"has-post-thumbnail","6":"product_cat-geschenke","7":"product_cat-geschenksets","8":"product_cat-packs","9":"product_cat-packs-spicy","10":"product_cat-heatsupply-originals","11":"product_cat-koenigstag-deals-2026","12":"product_cat-spicy","13":"product_cat-unter-30","14":"product_cat-unter-50","16":"first","17":"instock","18":"sale","19":"virtual","20":"taxable","21":"purchasable","22":"product-type-bundle"},"bundled_by":[],"bundle_stock_status":"instock","bundle_stock_quantity":"","bundle_virtual":false,"bundle_layout":"default","bundle_add_to_cart_form_location":"after_summary","bundle_editable_in_cart":false,"bundle_sold_individually_context":"product","bundle_item_grouping":"parent","bundle_min_size":"","bundle_max_size":"","bundle_price":{"price":{"min":{"incl_tax":"22.5","excl_tax":"20.642202"},"max":{"incl_tax":"22.5","excl_tax":"20.642202"}},"regular_price":{"min":{"incl_tax":"24.95","excl_tax":"22.889908"},"max":{"incl_tax":"24.95","excl_tax":"22.889908"}}},"bundled_items":[{"bundled_item_id":1421,"product_id":141915,"menu_order":0,"quantity_min":1,"quantity_max":1,"quantity_default":1,"priced_individually":false,"shipped_individually":false,"override_title":false,"title":"The O.G. Hot Sauce &#8211; Beste Hot Sauce der Niederlande 2023","override_description":false,"description":"The O.G. Hot Sauce &#8211; Beste Hot Sauce der Niederlande 2023","optional":false,"hide_thumbnail":false,"discount":"","override_variations":false,"allowed_variations":[""],"override_default_variation_attributes":false,"default_variation_attributes":[],"single_product_visibility":"visible","cart_visibility":"visible","order_visibility":"visible","single_product_price_visibility":"visible","cart_price_visibility":"visible","order_price_visibility":"visible","stock_status":"in_stock"},{"bundled_item_id":1428,"product_id":155422,"menu_order":1,"quantity_min":1,"quantity_max":1,"quantity_default":1,"priced_individually":false,"shipped_individually":false,"override_title":false,"title":"The Sunny Hot Sauce by Heatsupply &#8211; Beste holl\u00e4ndische scharfe So\u00dfe 2025","override_description":false,"description":"The Sunny Hot Sauce by Heatsupply &#8211; Beste holl\u00e4ndische scharfe So\u00dfe 2025","optional":false,"hide_thumbnail":false,"discount":"","override_variations":false,"allowed_variations":[""],"override_default_variation_attributes":false,"default_variation_attributes":[],"single_product_visibility":"visible","cart_visibility":"visible","order_visibility":"visible","single_product_price_visibility":"visible","cart_price_visibility":"visible","order_price_visibility":"visible","stock_status":"in_stock"},{"bundled_item_id":1502,"product_id":149750,"menu_order":2,"quantity_min":1,"quantity_max":1,"quantity_default":1,"priced_individually":false,"shipped_individually":false,"override_title":false,"title":"La Barbacoa Hot Sauce by Heatsupply","override_description":false,"description":"La Barbacoa Hot Sauce by Heatsupply","optional":false,"hide_thumbnail":false,"discount":"","override_variations":false,"allowed_variations":[""],"override_default_variation_attributes":false,"default_variation_attributes":[],"single_product_visibility":"visible","cart_visibility":"visible","order_visibility":"visible","single_product_price_visibility":"visible","cart_price_visibility":"visible","order_price_visibility":"visible","stock_status":"in_stock"}],"bundle_sell_ids":[],"acf":[],"yoast_head":"<!-- This site is optimized with the Yoast SEO Premium plugin v27.5 (Yoast SEO v27.5) - https:\/\/yoast.com\/product\/yoast-seo-premium-wordpress\/ -->\n<title>Heatsupply Hot Sauce 3 Pack mit drei verschieden so\u00dfen - Heatsupply<\/title>\n<meta name=\"description\" content=\"In diesem Heatsupply Hot Sauce 3-Pack finden Sie unserer preisgekr\u00f6nten Saucen in einem g\u00fcnstigen Hot Sauce-Paket. Du bestellst es hier!\" \/>\n<meta name=\"robots\" content=\"index, follow, max-snippet:-1, max-image-preview:large, max-video-preview:-1\" \/>\n<link rel=\"canonical\" href=\"https:\/\/www.heatsupply.nl\/de\/produkt\/heatsupply-hot-sauce-3-pack\/\" \/>\n<meta property=\"og:locale\" content=\"de_DE\" \/>\n<meta property=\"og:type\" content=\"article\" \/>\n<meta property=\"og:title\" content=\"Heatsupply Hot Sauce 3-Pack\" \/>\n<meta property=\"og:description\" content=\"In diesem Heatsupply Hot Sauce 3-Pack finden Sie unserer preisgekr\u00f6nten Saucen in einem g\u00fcnstigen Hot Sauce-Paket. Du bestellst es hier!\" \/>\n<meta property=\"og:url\" content=\"https:\/\/www.heatsupply.nl\/de\/produkt\/heatsupply-hot-sauce-3-pack\/\" \/>\n<meta property=\"og:site_name\" content=\"Heatsupply\" \/>\n<meta property=\"article:publisher\" content=\"https:\/\/www.facebook.com\/heatsupplyNL\" \/>\n<meta property=\"article:modified_time\" content=\"2025-08-21T11:20:28+00:00\" \/>\n<meta property=\"og:image\" content=\"https:\/\/www.heatsupply.nl\/wp-content\/uploads\/2024\/11\/heatsupply-gift-pack.jpg\" \/>\n\t<meta property=\"og:image:width\" content=\"2000\" \/>\n\t<meta property=\"og:image:height\" content=\"2000\" \/>\n\t<meta property=\"og:image:type\" content=\"image\/jpeg\" \/>\n<meta name=\"twitter:card\" content=\"summary_large_image\" \/>\n<meta name=\"twitter:label1\" content=\"Preis\" \/>\n\t<meta name=\"twitter:data1\" content=\"&euro;22,50\" \/>\n\t<meta name=\"twitter:label2\" content=\"Verf\u00fcgbarkeit\" \/>\n\t<meta name=\"twitter:data2\" content=\"Auf Lager\" \/>\n<script type=\"application\/ld+json\" class=\"yoast-schema-graph\">{\"@context\":\"https:\\\/\\\/schema.org\",\"@graph\":[{\"@type\":\"WebPage\",\"@id\":\"https:\\\/\\\/www.heatsupply.nl\\\/de\\\/produkt\\\/heatsupply-hot-sauce-3-pack\\\/\",\"url\":\"https:\\\/\\\/www.heatsupply.nl\\\/de\\\/produkt\\\/heatsupply-hot-sauce-3-pack\\\/\",\"name\":\"Heatsupply Hot Sauce 3 Pack mit drei verschieden so\u00dfen - Heatsupply\",\"isPartOf\":{\"@id\":\"https:\\\/\\\/www.heatsupply.nl\\\/de\\\/#website\"},\"primaryImageOfPage\":{\"@id\":\"https:\\\/\\\/www.heatsupply.nl\\\/de\\\/produkt\\\/heatsupply-hot-sauce-3-pack\\\/#primaryimage\"},\"image\":{\"@id\":\"https:\\\/\\\/www.heatsupply.nl\\\/de\\\/produkt\\\/heatsupply-hot-sauce-3-pack\\\/#primaryimage\"},\"thumbnailUrl\":\"https:\\\/\\\/www.heatsupply.nl\\\/wp-content\\\/uploads\\\/2024\\\/11\\\/heatsupply-gift-pack.jpg\",\"datePublished\":\"2024-08-12T09:09:40+00:00\",\"dateModified\":\"2025-08-21T11:20:28+00:00\",\"description\":\"In diesem Heatsupply Hot Sauce 3-Pack finden Sie unserer preisgekr\u00f6nten Saucen in einem g\u00fcnstigen Hot Sauce-Paket. Du bestellst es hier!\",\"breadcrumb\":{\"@id\":\"https:\\\/\\\/www.heatsupply.nl\\\/de\\\/produkt\\\/heatsupply-hot-sauce-3-pack\\\/#breadcrumb\"},\"inLanguage\":\"de\",\"potentialAction\":[{\"@type\":\"ReadAction\",\"target\":[\"https:\\\/\\\/www.heatsupply.nl\\\/de\\\/produkt\\\/heatsupply-hot-sauce-3-pack\\\/\"]}]},{\"@type\":\"ImageObject\",\"inLanguage\":\"de\",\"@id\":\"https:\\\/\\\/www.heatsupply.nl\\\/de\\\/produkt\\\/heatsupply-hot-sauce-3-pack\\\/#primaryimage\",\"url\":\"https:\\\/\\\/www.heatsupply.nl\\\/wp-content\\\/uploads\\\/2024\\\/11\\\/heatsupply-gift-pack.jpg\",\"contentUrl\":\"https:\\\/\\\/www.heatsupply.nl\\\/wp-content\\\/uploads\\\/2024\\\/11\\\/heatsupply-gift-pack.jpg\",\"width\":2000,\"height\":2000},{\"@type\":\"BreadcrumbList\",\"@id\":\"https:\\\/\\\/www.heatsupply.nl\\\/de\\\/produkt\\\/heatsupply-hot-sauce-3-pack\\\/#breadcrumb\",\"itemListElement\":[{\"@type\":\"ListItem\",\"position\":1,\"name\":\"Home\",\"item\":\"https:\\\/\\\/www.heatsupply.nl\\\/de\\\/\"},{\"@type\":\"ListItem\",\"position\":2,\"name\":\"Alle produkten\",\"item\":\"https:\\\/\\\/www.heatsupply.nl\\\/de\\\/alle-produkten\\\/\"},{\"@type\":\"ListItem\",\"position\":3,\"name\":\"Scharfe So\u00dfen\",\"item\":\"https:\\\/\\\/www.heatsupply.nl\\\/de\\\/scharfe-sossen\\\/\"},{\"@type\":\"ListItem\",\"position\":4,\"name\":\"Geschenksets\",\"item\":\"https:\\\/\\\/www.heatsupply.nl\\\/de\\\/scharfe-sossen\\\/packs\\\/\"},{\"@type\":\"ListItem\",\"position\":5,\"name\":\"Heatsupply Hot Sauce 3-Pack\"}]},{\"@type\":\"WebSite\",\"@id\":\"https:\\\/\\\/www.heatsupply.nl\\\/de\\\/#website\",\"url\":\"https:\\\/\\\/www.heatsupply.nl\\\/de\\\/\",\"name\":\"Heatsupply\",\"description\":\"Hot sauce webstore #1 in Europe\",\"publisher\":{\"@id\":\"https:\\\/\\\/www.heatsupply.nl\\\/de\\\/#organization\"},\"potentialAction\":[{\"@type\":\"SearchAction\",\"target\":{\"@type\":\"EntryPoint\",\"urlTemplate\":\"https:\\\/\\\/www.heatsupply.nl\\\/de\\\/?s={search_term_string}\"},\"query-input\":{\"@type\":\"PropertyValueSpecification\",\"valueRequired\":true,\"valueName\":\"search_term_string\"}}],\"inLanguage\":\"de\"},{\"@type\":\"Organization\",\"@id\":\"https:\\\/\\\/www.heatsupply.nl\\\/de\\\/#organization\",\"name\":\"Heatsupply\",\"url\":\"https:\\\/\\\/www.heatsupply.nl\\\/de\\\/\",\"logo\":{\"@type\":\"ImageObject\",\"inLanguage\":\"de\",\"@id\":\"https:\\\/\\\/www.heatsupply.nl\\\/de\\\/#\\\/schema\\\/logo\\\/image\\\/\",\"url\":\"https:\\\/\\\/www.heatsupply.nl\\\/wp-content\\\/uploads\\\/2022\\\/10\\\/heatsupply-logo-rood.jpg\",\"contentUrl\":\"https:\\\/\\\/www.heatsupply.nl\\\/wp-content\\\/uploads\\\/2022\\\/10\\\/heatsupply-logo-rood.jpg\",\"width\":1000,\"height\":335,\"caption\":\"Heatsupply\"},\"image\":{\"@id\":\"https:\\\/\\\/www.heatsupply.nl\\\/de\\\/#\\\/schema\\\/logo\\\/image\\\/\"},\"sameAs\":[\"https:\\\/\\\/www.facebook.com\\\/heatsupplyNL\",\"https:\\\/\\\/www.instagram.com\\\/heatsuppy.nl\",\"https:\\\/\\\/www.youtube.com\\\/channel\\\/UC5pOWqQtljvxTz2SMWGWCsw\"]}]}<\/script>\n<meta property=\"product:brand\" content=\"Heatsupply\" \/>\n<meta property=\"product:price:amount\" content=\"22.50\" \/>\n<meta property=\"product:price:currency\" content=\"EUR\" \/>\n<meta property=\"og:availability\" content=\"instock\" \/>\n<meta property=\"product:availability\" content=\"instock\" \/>\n<meta property=\"product:retailer_item_id\" content=\"HEATSHS3P002\" \/>\n<meta property=\"product:condition\" content=\"new\" \/>\n<!-- \/ Yoast SEO Premium plugin. -->","yoast_head_json":{"title":"Heatsupply Hot Sauce 3 Pack mit drei verschieden so\u00dfen - Heatsupply","description":"In diesem Heatsupply Hot Sauce 3-Pack finden Sie unserer preisgekr\u00f6nten Saucen in einem g\u00fcnstigen Hot Sauce-Paket. Du bestellst es hier!","robots":{"index":"index","follow":"follow","max-snippet":"max-snippet:-1","max-image-preview":"max-image-preview:large","max-video-preview":"max-video-preview:-1"},"canonical":"https:\/\/www.heatsupply.nl\/de\/produkt\/heatsupply-hot-sauce-3-pack\/","og_locale":"de_DE","og_type":"article","og_title":"Heatsupply Hot Sauce 3-Pack","og_description":"In diesem Heatsupply Hot Sauce 3-Pack finden Sie unserer preisgekr\u00f6nten Saucen in einem g\u00fcnstigen Hot Sauce-Paket. Du bestellst es hier!","og_url":"https:\/\/www.heatsupply.nl\/de\/produkt\/heatsupply-hot-sauce-3-pack\/","og_site_name":"Heatsupply","article_publisher":"https:\/\/www.facebook.com\/heatsupplyNL","article_modified_time":"2025-08-21T11:20:28+00:00","og_image":[{"width":2000,"height":2000,"url":"https:\/\/www.heatsupply.nl\/wp-content\/uploads\/2024\/11\/heatsupply-gift-pack.jpg","type":"image\/jpeg"}],"twitter_card":"summary_large_image","twitter_misc":{"Preis":"&euro;22,50","Verf\u00fcgbarkeit":"Auf Lager"},"schema":{"@context":"https:\/\/schema.org","@graph":[{"@type":"WebPage","@id":"https:\/\/www.heatsupply.nl\/de\/produkt\/heatsupply-hot-sauce-3-pack\/","url":"https:\/\/www.heatsupply.nl\/de\/produkt\/heatsupply-hot-sauce-3-pack\/","name":"Heatsupply Hot Sauce 3 Pack mit drei verschieden so\u00dfen - Heatsupply","isPartOf":{"@id":"https:\/\/www.heatsupply.nl\/de\/#website"},"primaryImageOfPage":{"@id":"https:\/\/www.heatsupply.nl\/de\/produkt\/heatsupply-hot-sauce-3-pack\/#primaryimage"},"image":{"@id":"https:\/\/www.heatsupply.nl\/de\/produkt\/heatsupply-hot-sauce-3-pack\/#primaryimage"},"thumbnailUrl":"https:\/\/www.heatsupply.nl\/wp-content\/uploads\/2024\/11\/heatsupply-gift-pack.jpg","datePublished":"2024-08-12T09:09:40+00:00","dateModified":"2025-08-21T11:20:28+00:00","description":"In diesem Heatsupply Hot Sauce 3-Pack finden Sie unserer preisgekr\u00f6nten Saucen in einem g\u00fcnstigen Hot Sauce-Paket. Du bestellst es hier!","breadcrumb":{"@id":"https:\/\/www.heatsupply.nl\/de\/produkt\/heatsupply-hot-sauce-3-pack\/#breadcrumb"},"inLanguage":"de","potentialAction":[{"@type":"ReadAction","target":["https:\/\/www.heatsupply.nl\/de\/produkt\/heatsupply-hot-sauce-3-pack\/"]}]},{"@type":"ImageObject","inLanguage":"de","@id":"https:\/\/www.heatsupply.nl\/de\/produkt\/heatsupply-hot-sauce-3-pack\/#primaryimage","url":"https:\/\/www.heatsupply.nl\/wp-content\/uploads\/2024\/11\/heatsupply-gift-pack.jpg","contentUrl":"https:\/\/www.heatsupply.nl\/wp-content\/uploads\/2024\/11\/heatsupply-gift-pack.jpg","width":2000,"height":2000},{"@type":"BreadcrumbList","@id":"https:\/\/www.heatsupply.nl\/de\/produkt\/heatsupply-hot-sauce-3-pack\/#breadcrumb","itemListElement":[{"@type":"ListItem","position":1,"name":"Home","item":"https:\/\/www.heatsupply.nl\/de\/"},{"@type":"ListItem","position":2,"name":"Alle produkten","item":"https:\/\/www.heatsupply.nl\/de\/alle-produkten\/"},{"@type":"ListItem","position":3,"name":"Scharfe So\u00dfen","item":"https:\/\/www.heatsupply.nl\/de\/scharfe-sossen\/"},{"@type":"ListItem","position":4,"name":"Geschenksets","item":"https:\/\/www.heatsupply.nl\/de\/scharfe-sossen\/packs\/"},{"@type":"ListItem","position":5,"name":"Heatsupply Hot Sauce 3-Pack"}]},{"@type":"WebSite","@id":"https:\/\/www.heatsupply.nl\/de\/#website","url":"https:\/\/www.heatsupply.nl\/de\/","name":"Heatsupply","description":"Hot sauce webstore #1 in Europe","publisher":{"@id":"https:\/\/www.heatsupply.nl\/de\/#organization"},"potentialAction":[{"@type":"SearchAction","target":{"@type":"EntryPoint","urlTemplate":"https:\/\/www.heatsupply.nl\/de\/?s={search_term_string}"},"query-input":{"@type":"PropertyValueSpecification","valueRequired":true,"valueName":"search_term_string"}}],"inLanguage":"de"},{"@type":"Organization","@id":"https:\/\/www.heatsupply.nl\/de\/#organization","name":"Heatsupply","url":"https:\/\/www.heatsupply.nl\/de\/","logo":{"@type":"ImageObject","inLanguage":"de","@id":"https:\/\/www.heatsupply.nl\/de\/#\/schema\/logo\/image\/","url":"https:\/\/www.heatsupply.nl\/wp-content\/uploads\/2022\/10\/heatsupply-logo-rood.jpg","contentUrl":"https:\/\/www.heatsupply.nl\/wp-content\/uploads\/2022\/10\/heatsupply-logo-rood.jpg","width":1000,"height":335,"caption":"Heatsupply"},"image":{"@id":"https:\/\/www.heatsupply.nl\/de\/#\/schema\/logo\/image\/"},"sameAs":["https:\/\/www.facebook.com\/heatsupplyNL","https:\/\/www.instagram.com\/heatsuppy.nl","https:\/\/www.youtube.com\/channel\/UC5pOWqQtljvxTz2SMWGWCsw"]}]},"product_brand":"Heatsupply","product_price_amount":"22.50","product_price_currency":"EUR","og_availability":"instock","product_availability":"instock","product_retailer_item_id":"HEATSHS3P002","product_condition":"new"},"_links":{"self":[{"href":"https:\/\/www.heatsupply.nl\/de\/wp-json\/wp\/v2\/product\/155561","targetHints":{"allow":["GET"]}}],"collection":[{"href":"https:\/\/www.heatsupply.nl\/de\/wp-json\/wp\/v2\/product"}],"about":[{"href":"https:\/\/www.heatsupply.nl\/de\/wp-json\/wp\/v2\/types\/product"}],"replies":[{"embeddable":true,"href":"https:\/\/www.heatsupply.nl\/de\/wp-json\/wp\/v2\/comments?post=155561"}],"wp:featuredmedia":[{"embeddable":true,"href":"https:\/\/www.heatsupply.nl\/de\/wp-json\/wp\/v2\/media\/162901"}],"wp:attachment":[{"href":"https:\/\/www.heatsupply.nl\/de\/wp-json\/wp\/v2\/media?parent=155561"}],"wp:term":[{"taxonomy":"product_brand","embeddable":true,"href":"https:\/\/www.heatsupply.nl\/de\/wp-json\/wp\/v2\/product_brand?post=155561"},{"taxonomy":"product_cat","embeddable":true,"href":"https:\/\/www.heatsupply.nl\/de\/wp-json\/wp\/v2\/product_cat?post=155561"},{"taxonomy":"product_tag","embeddable":true,"href":"https:\/\/www.heatsupply.nl\/de\/wp-json\/wp\/v2\/product_tag?post=155561"}],"curies":[{"name":"wp","href":"https:\/\/api.w.org\/{rel}","templated":true}]}}