{"id":155422,"date":"2025-04-12T11:09:34","date_gmt":"2025-04-12T09:09:34","guid":{"rendered":"https:\/\/www.heatsupply.nl\/?post_type=product&#038;p=155422"},"modified":"2026-03-23T10:56:40","modified_gmt":"2026-03-23T09:56:40","slug":"the-sunny-hot-sauce-by-heatsupply","status":"publish","type":"product","link":"https:\/\/www.heatsupply.nl\/de\/produkt\/the-sunny-hot-sauce-by-heatsupply\/","title":{"rendered":"The Sunny Hot Sauce by Heatsupply &#8211; Beste holl\u00e4ndische scharfe So\u00dfe 2025"},"content":{"rendered":"<p><strong>Zutaten The Sunny Hot Sauce by Heatsupply<\/strong>: Ananas, Essig, Habanero, Wasser, Jalape\u00f1o (rot), Ingwer, Avocado\u00f6l, Zwiebel, Knoblauch, Salz, Kurkuma, Curry, schwarzer Pfeffer, Kreuzk\u00fcmmel.<\/p>\n<p><span style=\"text-decoration: underline;\">N\u00e4hrwerte pro 100gr:<\/span><br \/>\nEnergie: 261 kJ\/91 kcal<br \/>\nFett: 3,8 Gramm<br \/>\ndavon ges\u00e4ttigte Fetts\u00e4uren: 0,43 Gramm<br \/>\nKohlenhydrate: 8,4 Gramm<br \/>\ndavon Zucker: 5,4 Gramm<br \/>\nProtein: 1,1 Gramm<br \/>\nSalz: 0,69 Gramm<\/p>\n<p>Vor Gebrauch sch\u00fctteln und nach dem \u00d6ffnen im K\u00fchlschrank aufbewahren.<\/p>\n","protected":false},"excerpt":{"rendered":"<p style=\"text-align: justify;\">Entdecken Sie The Sunny Hot Sauce von Heatsupply. Die bereits dritte Heatsupply Hot Sauce, nach <a href=\"https:\/\/www.heatsupply.nl\/de\/produkt\/the-o-g-hot-sauce-beste-hot-sauce-der-niederlande-2023\/\"><strong>The O.G.<\/strong><\/a> (Gewinner der besten Hot Sauce 2023) und <a href=\"https:\/\/www.heatsupply.nl\/de\/produkt\/la-barbacoa-hot-sauce-by-heatsupply\/\"><strong>La Barbacoa<\/strong><\/a>. The Sunny ist wie ein tropischer Urlaub in einer Flasche. Als w\u00fcrde die Sonne zu scheinen beginnen, wenn Sie die Flasche \u00f6ffnen. Sie riechen (und schmecken) sofort Kurkuma, Curry, Ananas und Chilis, gefolgt von Ingwer, Knoblauch, schwarzem Pfeffer und K\u00fcmmel. Das Superfood Kurkuma macht es auch noch gesund!<\/p>\n<p style=\"text-align: justify;\">Warm wird Ihnen davon auf jeden Fall, denn mit einer ordentlichen Portion Habanero- und Jalape\u00f1o-Chili hat diese Sauce ordentlich Sonnenkraft. Vielleicht sollten Sie sich also zuerst eincremen. The Sunny Hot Sauce passt perfekt zu allem mit Huhn, Currys, Sandwiches, karibischen Gerichten und vielem mehr!<\/p>\n<ul>\n<li style=\"text-align: justify;\">Herkunft: Asten, Niederlande<\/li>\n<li style=\"text-align: justify;\">Inhalt: 150ml<\/li>\n<\/ul>\n","protected":false},"featured_media":174943,"comment_status":"open","ping_status":"closed","template":"","meta":{"_acf_changed":false},"product_brand":[],"product_cat":[3886,3994,4115,3913,4011,3915,4122,3787,4046,3788],"product_tag":[],"class_list":{"0":"post-155422","1":"product","2":"type-product","3":"status-publish","4":"has-post-thumbnail","6":"product_cat-bbq-saucen","7":"product_cat-europaeische-scharfe-saucen","8":"product_cat-fruehling-deals","9":"product_cat-habanero","10":"product_cat-heatsupply-originals","11":"product_cat-jalapeno","12":"product_cat-koenigstag-deals-2026","13":"product_cat-scharfe-sossen","14":"product_cat-spicy","15":"product_cat-top-10","17":"first","18":"instock","19":"taxable","20":"shipping-taxable","21":"purchasable","22":"product-type-simple"},"bundled_by":["155561","156433","174947","141217","190770"],"bundle_stock_status":"instock","bundle_stock_quantity":null,"bundle_virtual":false,"bundle_layout":"","bundle_add_to_cart_form_location":"","bundle_editable_in_cart":false,"bundle_sold_individually_context":"","bundle_item_grouping":"","bundle_min_size":"","bundle_max_size":"","bundle_price":[],"bundled_items":[],"bundle_sell_ids":[],"acf":[],"yoast_head":"<!-- This site is optimized with the Yoast SEO Premium plugin v27.5 (Yoast SEO v27.5) - https:\/\/yoast.com\/product\/yoast-seo-premium-wordpress\/ -->\n<title>The Sunny Beste: holl\u00e4ndische scharfe So\u00dfe 2025 - Heatsupply<\/title>\n<meta name=\"description\" content=\"The Sunny Hot Sauce ist wie ein tropischer Urlaub in einer Flasche! Hergestellt mit Ananas, Kurkuma, Curry, Jalapeno &amp; Habanero. Bestellen Sie jetzt.\" \/>\n<meta name=\"robots\" content=\"index, follow, max-snippet:-1, max-image-preview:large, max-video-preview:-1\" \/>\n<link rel=\"canonical\" href=\"https:\/\/www.heatsupply.nl\/de\/produkt\/the-sunny-hot-sauce-by-heatsupply\/\" \/>\n<meta property=\"og:locale\" content=\"de_DE\" \/>\n<meta property=\"og:type\" content=\"article\" \/>\n<meta property=\"og:title\" content=\"The Sunny Hot Sauce by Heatsupply - Beste holl\u00e4ndische scharfe So\u00dfe 2025\" \/>\n<meta property=\"og:description\" content=\"The Sunny Hot Sauce ist wie ein tropischer Urlaub in einer Flasche! Hergestellt mit Ananas, Kurkuma, Curry, Jalapeno &amp; Habanero. Bestellen Sie jetzt.\" \/>\n<meta property=\"og:url\" content=\"https:\/\/www.heatsupply.nl\/de\/produkt\/the-sunny-hot-sauce-by-heatsupply\/\" \/>\n<meta property=\"og:site_name\" content=\"Heatsupply\" \/>\n<meta property=\"article:publisher\" content=\"https:\/\/www.facebook.com\/heatsupplyNL\" \/>\n<meta property=\"article:modified_time\" content=\"2026-03-23T09:56:40+00:00\" \/>\n<meta property=\"og:image\" content=\"https:\/\/www.heatsupply.nl\/wp-content\/uploads\/2025\/04\/the-sunny-hot-sauce-heatsupply-beste-hot-sauce-van-nederland-2025.png\" \/>\n\t<meta property=\"og:image:width\" content=\"1400\" \/>\n\t<meta property=\"og:image:height\" content=\"1400\" \/>\n\t<meta property=\"og:image:type\" content=\"image\/png\" \/>\n<meta name=\"twitter:card\" content=\"summary_large_image\" \/>\n<meta name=\"twitter:label1\" content=\"Preis\" \/>\n\t<meta name=\"twitter:data1\" content=\"&euro;8,95\" \/>\n\t<meta name=\"twitter:label2\" content=\"Verf\u00fcgbarkeit\" \/>\n\t<meta name=\"twitter:data2\" content=\"Auf Lager\" \/>\n<script type=\"application\/ld+json\" class=\"yoast-schema-graph\">{\"@context\":\"https:\\\/\\\/schema.org\",\"@graph\":[{\"@type\":\"WebPage\",\"@id\":\"https:\\\/\\\/www.heatsupply.nl\\\/de\\\/produkt\\\/the-sunny-hot-sauce-by-heatsupply\\\/\",\"url\":\"https:\\\/\\\/www.heatsupply.nl\\\/de\\\/produkt\\\/the-sunny-hot-sauce-by-heatsupply\\\/\",\"name\":\"The Sunny Beste: holl\u00e4ndische scharfe So\u00dfe 2025 - Heatsupply\",\"isPartOf\":{\"@id\":\"https:\\\/\\\/www.heatsupply.nl\\\/de\\\/#website\"},\"primaryImageOfPage\":{\"@id\":\"https:\\\/\\\/www.heatsupply.nl\\\/de\\\/produkt\\\/the-sunny-hot-sauce-by-heatsupply\\\/#primaryimage\"},\"image\":{\"@id\":\"https:\\\/\\\/www.heatsupply.nl\\\/de\\\/produkt\\\/the-sunny-hot-sauce-by-heatsupply\\\/#primaryimage\"},\"thumbnailUrl\":\"https:\\\/\\\/www.heatsupply.nl\\\/wp-content\\\/uploads\\\/2025\\\/04\\\/the-sunny-hot-sauce-heatsupply-beste-hot-sauce-van-nederland-2025.png\",\"datePublished\":\"2025-04-12T09:09:34+00:00\",\"dateModified\":\"2026-03-23T09:56:40+00:00\",\"description\":\"The Sunny Hot Sauce ist wie ein tropischer Urlaub in einer Flasche! Hergestellt mit Ananas, Kurkuma, Curry, Jalapeno & Habanero. Bestellen Sie jetzt.\",\"breadcrumb\":{\"@id\":\"https:\\\/\\\/www.heatsupply.nl\\\/de\\\/produkt\\\/the-sunny-hot-sauce-by-heatsupply\\\/#breadcrumb\"},\"inLanguage\":\"de\",\"potentialAction\":[{\"@type\":\"ReadAction\",\"target\":[\"https:\\\/\\\/www.heatsupply.nl\\\/de\\\/produkt\\\/the-sunny-hot-sauce-by-heatsupply\\\/\"]}]},{\"@type\":\"ImageObject\",\"inLanguage\":\"de\",\"@id\":\"https:\\\/\\\/www.heatsupply.nl\\\/de\\\/produkt\\\/the-sunny-hot-sauce-by-heatsupply\\\/#primaryimage\",\"url\":\"https:\\\/\\\/www.heatsupply.nl\\\/wp-content\\\/uploads\\\/2025\\\/04\\\/the-sunny-hot-sauce-heatsupply-beste-hot-sauce-van-nederland-2025.png\",\"contentUrl\":\"https:\\\/\\\/www.heatsupply.nl\\\/wp-content\\\/uploads\\\/2025\\\/04\\\/the-sunny-hot-sauce-heatsupply-beste-hot-sauce-van-nederland-2025.png\",\"width\":1400,\"height\":1400,\"caption\":\"the sunny hot sauce heatsupply (1)\"},{\"@type\":\"BreadcrumbList\",\"@id\":\"https:\\\/\\\/www.heatsupply.nl\\\/de\\\/produkt\\\/the-sunny-hot-sauce-by-heatsupply\\\/#breadcrumb\",\"itemListElement\":[{\"@type\":\"ListItem\",\"position\":1,\"name\":\"Home\",\"item\":\"https:\\\/\\\/www.heatsupply.nl\\\/de\\\/\"},{\"@type\":\"ListItem\",\"position\":2,\"name\":\"Alle produkten\",\"item\":\"https:\\\/\\\/www.heatsupply.nl\\\/de\\\/alle-produkten\\\/\"},{\"@type\":\"ListItem\",\"position\":3,\"name\":\"Scharfe So\u00dfen\",\"item\":\"https:\\\/\\\/www.heatsupply.nl\\\/de\\\/scharfe-sossen\\\/\"},{\"@type\":\"ListItem\",\"position\":4,\"name\":\"Die besten BBQ Hot Sauces\",\"item\":\"https:\\\/\\\/www.heatsupply.nl\\\/de\\\/scharfe-sossen\\\/bbq-saucen\\\/\"},{\"@type\":\"ListItem\",\"position\":5,\"name\":\"The Sunny Hot Sauce by Heatsupply &#8211; Beste holl\u00e4ndische scharfe So\u00dfe 2025\"}]},{\"@type\":\"WebSite\",\"@id\":\"https:\\\/\\\/www.heatsupply.nl\\\/de\\\/#website\",\"url\":\"https:\\\/\\\/www.heatsupply.nl\\\/de\\\/\",\"name\":\"Heatsupply\",\"description\":\"Hot sauce webstore #1 in Europe\",\"publisher\":{\"@id\":\"https:\\\/\\\/www.heatsupply.nl\\\/de\\\/#organization\"},\"potentialAction\":[{\"@type\":\"SearchAction\",\"target\":{\"@type\":\"EntryPoint\",\"urlTemplate\":\"https:\\\/\\\/www.heatsupply.nl\\\/de\\\/?s={search_term_string}\"},\"query-input\":{\"@type\":\"PropertyValueSpecification\",\"valueRequired\":true,\"valueName\":\"search_term_string\"}}],\"inLanguage\":\"de\"},{\"@type\":\"Organization\",\"@id\":\"https:\\\/\\\/www.heatsupply.nl\\\/de\\\/#organization\",\"name\":\"Heatsupply\",\"url\":\"https:\\\/\\\/www.heatsupply.nl\\\/de\\\/\",\"logo\":{\"@type\":\"ImageObject\",\"inLanguage\":\"de\",\"@id\":\"https:\\\/\\\/www.heatsupply.nl\\\/de\\\/#\\\/schema\\\/logo\\\/image\\\/\",\"url\":\"https:\\\/\\\/www.heatsupply.nl\\\/wp-content\\\/uploads\\\/2022\\\/10\\\/heatsupply-logo-rood.jpg\",\"contentUrl\":\"https:\\\/\\\/www.heatsupply.nl\\\/wp-content\\\/uploads\\\/2022\\\/10\\\/heatsupply-logo-rood.jpg\",\"width\":1000,\"height\":335,\"caption\":\"Heatsupply\"},\"image\":{\"@id\":\"https:\\\/\\\/www.heatsupply.nl\\\/de\\\/#\\\/schema\\\/logo\\\/image\\\/\"},\"sameAs\":[\"https:\\\/\\\/www.facebook.com\\\/heatsupplyNL\",\"https:\\\/\\\/www.instagram.com\\\/heatsuppy.nl\",\"https:\\\/\\\/www.youtube.com\\\/channel\\\/UC5pOWqQtljvxTz2SMWGWCsw\"]}]}<\/script>\n<meta property=\"product:brand\" content=\"Heatsupply\" \/>\n<meta property=\"product:price:amount\" content=\"8.95\" \/>\n<meta property=\"product:price:currency\" content=\"EUR\" \/>\n<meta property=\"og:availability\" content=\"instock\" \/>\n<meta property=\"product:availability\" content=\"instock\" \/>\n<meta property=\"product:retailer_item_id\" content=\"SUNNYHS007\" \/>\n<meta property=\"product:condition\" content=\"new\" \/>\n<!-- \/ Yoast SEO Premium plugin. -->","yoast_head_json":{"title":"The Sunny Beste: holl\u00e4ndische scharfe So\u00dfe 2025 - Heatsupply","description":"The Sunny Hot Sauce ist wie ein tropischer Urlaub in einer Flasche! Hergestellt mit Ananas, Kurkuma, Curry, Jalapeno & Habanero. Bestellen Sie jetzt.","robots":{"index":"index","follow":"follow","max-snippet":"max-snippet:-1","max-image-preview":"max-image-preview:large","max-video-preview":"max-video-preview:-1"},"canonical":"https:\/\/www.heatsupply.nl\/de\/produkt\/the-sunny-hot-sauce-by-heatsupply\/","og_locale":"de_DE","og_type":"article","og_title":"The Sunny Hot Sauce by Heatsupply - Beste holl\u00e4ndische scharfe So\u00dfe 2025","og_description":"The Sunny Hot Sauce ist wie ein tropischer Urlaub in einer Flasche! Hergestellt mit Ananas, Kurkuma, Curry, Jalapeno & Habanero. Bestellen Sie jetzt.","og_url":"https:\/\/www.heatsupply.nl\/de\/produkt\/the-sunny-hot-sauce-by-heatsupply\/","og_site_name":"Heatsupply","article_publisher":"https:\/\/www.facebook.com\/heatsupplyNL","article_modified_time":"2026-03-23T09:56:40+00:00","og_image":[{"width":1400,"height":1400,"url":"https:\/\/www.heatsupply.nl\/wp-content\/uploads\/2025\/04\/the-sunny-hot-sauce-heatsupply-beste-hot-sauce-van-nederland-2025.png","type":"image\/png"}],"twitter_card":"summary_large_image","twitter_misc":{"Preis":"&euro;8,95","Verf\u00fcgbarkeit":"Auf Lager"},"schema":{"@context":"https:\/\/schema.org","@graph":[{"@type":"WebPage","@id":"https:\/\/www.heatsupply.nl\/de\/produkt\/the-sunny-hot-sauce-by-heatsupply\/","url":"https:\/\/www.heatsupply.nl\/de\/produkt\/the-sunny-hot-sauce-by-heatsupply\/","name":"The Sunny Beste: holl\u00e4ndische scharfe So\u00dfe 2025 - Heatsupply","isPartOf":{"@id":"https:\/\/www.heatsupply.nl\/de\/#website"},"primaryImageOfPage":{"@id":"https:\/\/www.heatsupply.nl\/de\/produkt\/the-sunny-hot-sauce-by-heatsupply\/#primaryimage"},"image":{"@id":"https:\/\/www.heatsupply.nl\/de\/produkt\/the-sunny-hot-sauce-by-heatsupply\/#primaryimage"},"thumbnailUrl":"https:\/\/www.heatsupply.nl\/wp-content\/uploads\/2025\/04\/the-sunny-hot-sauce-heatsupply-beste-hot-sauce-van-nederland-2025.png","datePublished":"2025-04-12T09:09:34+00:00","dateModified":"2026-03-23T09:56:40+00:00","description":"The Sunny Hot Sauce ist wie ein tropischer Urlaub in einer Flasche! Hergestellt mit Ananas, Kurkuma, Curry, Jalapeno & Habanero. Bestellen Sie jetzt.","breadcrumb":{"@id":"https:\/\/www.heatsupply.nl\/de\/produkt\/the-sunny-hot-sauce-by-heatsupply\/#breadcrumb"},"inLanguage":"de","potentialAction":[{"@type":"ReadAction","target":["https:\/\/www.heatsupply.nl\/de\/produkt\/the-sunny-hot-sauce-by-heatsupply\/"]}]},{"@type":"ImageObject","inLanguage":"de","@id":"https:\/\/www.heatsupply.nl\/de\/produkt\/the-sunny-hot-sauce-by-heatsupply\/#primaryimage","url":"https:\/\/www.heatsupply.nl\/wp-content\/uploads\/2025\/04\/the-sunny-hot-sauce-heatsupply-beste-hot-sauce-van-nederland-2025.png","contentUrl":"https:\/\/www.heatsupply.nl\/wp-content\/uploads\/2025\/04\/the-sunny-hot-sauce-heatsupply-beste-hot-sauce-van-nederland-2025.png","width":1400,"height":1400,"caption":"the sunny hot sauce heatsupply (1)"},{"@type":"BreadcrumbList","@id":"https:\/\/www.heatsupply.nl\/de\/produkt\/the-sunny-hot-sauce-by-heatsupply\/#breadcrumb","itemListElement":[{"@type":"ListItem","position":1,"name":"Home","item":"https:\/\/www.heatsupply.nl\/de\/"},{"@type":"ListItem","position":2,"name":"Alle produkten","item":"https:\/\/www.heatsupply.nl\/de\/alle-produkten\/"},{"@type":"ListItem","position":3,"name":"Scharfe So\u00dfen","item":"https:\/\/www.heatsupply.nl\/de\/scharfe-sossen\/"},{"@type":"ListItem","position":4,"name":"Die besten BBQ Hot Sauces","item":"https:\/\/www.heatsupply.nl\/de\/scharfe-sossen\/bbq-saucen\/"},{"@type":"ListItem","position":5,"name":"The Sunny Hot Sauce by Heatsupply &#8211; Beste holl\u00e4ndische scharfe So\u00dfe 2025"}]},{"@type":"WebSite","@id":"https:\/\/www.heatsupply.nl\/de\/#website","url":"https:\/\/www.heatsupply.nl\/de\/","name":"Heatsupply","description":"Hot sauce webstore #1 in Europe","publisher":{"@id":"https:\/\/www.heatsupply.nl\/de\/#organization"},"potentialAction":[{"@type":"SearchAction","target":{"@type":"EntryPoint","urlTemplate":"https:\/\/www.heatsupply.nl\/de\/?s={search_term_string}"},"query-input":{"@type":"PropertyValueSpecification","valueRequired":true,"valueName":"search_term_string"}}],"inLanguage":"de"},{"@type":"Organization","@id":"https:\/\/www.heatsupply.nl\/de\/#organization","name":"Heatsupply","url":"https:\/\/www.heatsupply.nl\/de\/","logo":{"@type":"ImageObject","inLanguage":"de","@id":"https:\/\/www.heatsupply.nl\/de\/#\/schema\/logo\/image\/","url":"https:\/\/www.heatsupply.nl\/wp-content\/uploads\/2022\/10\/heatsupply-logo-rood.jpg","contentUrl":"https:\/\/www.heatsupply.nl\/wp-content\/uploads\/2022\/10\/heatsupply-logo-rood.jpg","width":1000,"height":335,"caption":"Heatsupply"},"image":{"@id":"https:\/\/www.heatsupply.nl\/de\/#\/schema\/logo\/image\/"},"sameAs":["https:\/\/www.facebook.com\/heatsupplyNL","https:\/\/www.instagram.com\/heatsuppy.nl","https:\/\/www.youtube.com\/channel\/UC5pOWqQtljvxTz2SMWGWCsw"]}]},"product_brand":"Heatsupply","product_price_amount":"8.95","product_price_currency":"EUR","og_availability":"instock","product_availability":"instock","product_retailer_item_id":"SUNNYHS007","product_condition":"new"},"_links":{"self":[{"href":"https:\/\/www.heatsupply.nl\/de\/wp-json\/wp\/v2\/product\/155422","targetHints":{"allow":["GET"]}}],"collection":[{"href":"https:\/\/www.heatsupply.nl\/de\/wp-json\/wp\/v2\/product"}],"about":[{"href":"https:\/\/www.heatsupply.nl\/de\/wp-json\/wp\/v2\/types\/product"}],"replies":[{"embeddable":true,"href":"https:\/\/www.heatsupply.nl\/de\/wp-json\/wp\/v2\/comments?post=155422"}],"wp:featuredmedia":[{"embeddable":true,"href":"https:\/\/www.heatsupply.nl\/de\/wp-json\/wp\/v2\/media\/174943"}],"wp:attachment":[{"href":"https:\/\/www.heatsupply.nl\/de\/wp-json\/wp\/v2\/media?parent=155422"}],"wp:term":[{"taxonomy":"product_brand","embeddable":true,"href":"https:\/\/www.heatsupply.nl\/de\/wp-json\/wp\/v2\/product_brand?post=155422"},{"taxonomy":"product_cat","embeddable":true,"href":"https:\/\/www.heatsupply.nl\/de\/wp-json\/wp\/v2\/product_cat?post=155422"},{"taxonomy":"product_tag","embeddable":true,"href":"https:\/\/www.heatsupply.nl\/de\/wp-json\/wp\/v2\/product_tag?post=155422"}],"curies":[{"name":"wp","href":"https:\/\/api.w.org\/{rel}","templated":true}]}}