{"id":155215,"date":"2024-08-02T10:42:55","date_gmt":"2024-08-02T08:42:55","guid":{"rendered":"https:\/\/www.heatsupply.nl\/?post_type=product&#038;p=155215"},"modified":"2024-10-04T13:51:09","modified_gmt":"2024-10-04T11:51:09","slug":"chilli-chans-crispy-chilli-oil-noodles-paket","status":"publish","type":"product","link":"https:\/\/www.heatsupply.nl\/de\/produkt\/chilli-chans-crispy-chilli-oil-noodles-paket\/","title":{"rendered":"Chilli Chan&#8217;s Crispy Chilli Oil &#038; Noodles Paket"},"content":{"rendered":"<p><strong>Inhalt Chilli Chan&#8217;s Crispy Chilli Oil &amp; Noodles Paket<\/strong>:<\/p>\n<ul>\n<li>Chilli Chan&#8217;s Crispy Chilli Oil<\/li>\n<li>Chilli Chan&#8217;s Sesame &amp; Soy Noodles<\/li>\n<li>Chilli Chan&#8217;s Vegan XO Noodles<\/li>\n<\/ul>\n<p>Weitere Informationen zu den einzelnen Produkten in diesem Paket finden Sie oben.<\/p>\n","protected":false},"excerpt":{"rendered":"<p style=\"text-align: justify;\">Dies ist das ultimative Paket f\u00fcr Liebhaber guter und k\u00f6stlicher Nudeln! Es enth\u00e4lt beide Geschmacksrichtungen der Chilli Chan&#8217;s Nudeln (Sesam &amp; Soja und veganes XO) sowie das s\u00fcchtig machende <a href=\"https:\/\/www.heatsupply.nl\/de\/produkt\/chilli-chans-crispy-chilli-oil-2\/\"><strong>Chilli Chan&#8217;s Crispy Chilli Oil<\/strong><\/a>. Die handgeschnittenen Nudeln sind sonnengetrocknet und ohne Konservierungsstoffe. Sie sind schon f\u00fcr sich genommen lecker, aber mit dem Chili\u00f6l dar\u00fcber werden sie erst richtig k\u00f6stlich! Praktisch: Die Nudeln sind in 3 Minuten fertig, sodass Sie blitzschnell eine schmackhafte Mahlzeit genie\u00dfen k\u00f6nnen.<\/p>\n<p style=\"text-align: justify;\">Herkunft: Amsterdam, Niederlande<\/p>\n<p style=\"text-align: justify;\">Inhalt: Chilli Chan&#8217;s Crispy Chilli Oil (200ml), Chilli Chan&#8217;s Sesam &amp; Soja Nudeln (112 Gramm) und Chilli Chan&#8217;s Vegane XO Nudeln (112 Gramm).<\/p>\n","protected":false},"featured_media":155137,"comment_status":"open","ping_status":"closed","template":"","meta":{"_acf_changed":false},"product_brand":[],"product_cat":[4042,4097,3909,3794,4106,4046],"product_tag":[],"class_list":{"0":"post-155215","1":"product","2":"type-product","3":"status-publish","4":"has-post-thumbnail","6":"product_cat-andere-produkte","7":"product_cat-asiatische-aromen","8":"product_cat-crispy-chilioel","9":"product_cat-essen","10":"product_cat-nudeln","11":"product_cat-spicy","13":"first","14":"instock","15":"sale","16":"virtual","17":"taxable","18":"purchasable","19":"product-type-bundle"},"bundled_by":[],"bundle_stock_status":"instock","bundle_stock_quantity":7,"bundle_virtual":false,"bundle_layout":"default","bundle_add_to_cart_form_location":"default","bundle_editable_in_cart":false,"bundle_sold_individually_context":"product","bundle_item_grouping":"parent","bundle_min_size":"","bundle_max_size":"","bundle_price":{"price":{"min":{"incl_tax":"19.95","excl_tax":"18.302752"},"max":{"incl_tax":"19.95","excl_tax":"18.302752"}},"regular_price":{"min":{"incl_tax":"21.85","excl_tax":"20.045872"},"max":{"incl_tax":"21.85","excl_tax":"20.045872"}}},"bundled_items":[{"bundled_item_id":1407,"product_id":141415,"menu_order":0,"quantity_min":1,"quantity_max":1,"quantity_default":1,"priced_individually":false,"shipped_individually":false,"override_title":false,"title":"Chilli Chan&#8217;s Crispy Chilli Oil","override_description":false,"description":"Chilli Chan&#8217;s Crispy Chilli Oil","optional":false,"hide_thumbnail":false,"discount":"","override_variations":false,"allowed_variations":[""],"override_default_variation_attributes":false,"default_variation_attributes":[],"single_product_visibility":"visible","cart_visibility":"visible","order_visibility":"visible","single_product_price_visibility":"visible","cart_price_visibility":"visible","order_price_visibility":"visible","stock_status":"in_stock"},{"bundled_item_id":1412,"product_id":155149,"menu_order":1,"quantity_min":1,"quantity_max":1,"quantity_default":1,"priced_individually":false,"shipped_individually":false,"override_title":false,"title":"Chilli Chan&#8217;s Sesame &#038; Soy Noodles","override_description":false,"description":"Chilli Chan&#8217;s Sesame &#038; Soy Noodles","optional":false,"hide_thumbnail":false,"discount":"","override_variations":false,"allowed_variations":[""],"override_default_variation_attributes":false,"default_variation_attributes":[],"single_product_visibility":"visible","cart_visibility":"visible","order_visibility":"visible","single_product_price_visibility":"visible","cart_price_visibility":"visible","order_price_visibility":"visible","stock_status":"in_stock"},{"bundled_item_id":1413,"product_id":155208,"menu_order":2,"quantity_min":1,"quantity_max":1,"quantity_default":1,"priced_individually":false,"shipped_individually":false,"override_title":false,"title":"Chilli Chan&#8217;s Vegan XO Noodles","override_description":false,"description":"Chilli Chan&#8217;s Vegan XO Noodles","optional":false,"hide_thumbnail":false,"discount":"","override_variations":false,"allowed_variations":[""],"override_default_variation_attributes":false,"default_variation_attributes":[],"single_product_visibility":"visible","cart_visibility":"visible","order_visibility":"visible","single_product_price_visibility":"visible","cart_price_visibility":"visible","order_price_visibility":"visible","stock_status":"in_stock"}],"bundle_sell_ids":[],"acf":[],"yoast_head":"<!-- This site is optimized with the Yoast SEO Premium plugin v27.5 (Yoast SEO v27.5) - https:\/\/yoast.com\/product\/yoast-seo-premium-wordpress\/ -->\n<title>Chilli Chan&#039;s Crispy Chilli Oil &amp; Noodles Paket - Heatsupply<\/title>\n<meta name=\"description\" content=\"Sichern Sie sich das Crispy Chilli Oil von Chilli Chan und beide Geschmacksrichtungen (Sesam und Soja &amp; Vegan XO) der handgeschnittenen Nudeln in einem g\u00fcnstigen Vorteilspaket.\" \/>\n<meta name=\"robots\" content=\"index, follow, max-snippet:-1, max-image-preview:large, max-video-preview:-1\" \/>\n<link rel=\"canonical\" href=\"https:\/\/www.heatsupply.nl\/de\/produkt\/chilli-chans-crispy-chilli-oil-noodles-paket\/\" \/>\n<meta property=\"og:locale\" content=\"de_DE\" \/>\n<meta property=\"og:type\" content=\"article\" \/>\n<meta property=\"og:title\" content=\"Chilli Chan&#039;s Crispy Chilli Oil &amp; Noodles Paket\" \/>\n<meta property=\"og:description\" content=\"Sichern Sie sich das Crispy Chilli Oil von Chilli Chan und beide Geschmacksrichtungen (Sesam und Soja &amp; Vegan XO) der handgeschnittenen Nudeln in einem g\u00fcnstigen Vorteilspaket.\" \/>\n<meta property=\"og:url\" content=\"https:\/\/www.heatsupply.nl\/de\/produkt\/chilli-chans-crispy-chilli-oil-noodles-paket\/\" \/>\n<meta property=\"og:site_name\" content=\"Heatsupply\" \/>\n<meta property=\"article:publisher\" content=\"https:\/\/www.facebook.com\/heatsupplyNL\" \/>\n<meta property=\"article:modified_time\" content=\"2024-10-04T11:51:09+00:00\" \/>\n<meta property=\"og:image\" content=\"https:\/\/www.heatsupply.nl\/wp-content\/uploads\/2024\/08\/chilli-chans-chilli-crisp-en-noedels.jpg\" \/>\n\t<meta property=\"og:image:width\" content=\"1400\" \/>\n\t<meta property=\"og:image:height\" content=\"1400\" \/>\n\t<meta property=\"og:image:type\" content=\"image\/jpeg\" \/>\n<meta name=\"twitter:card\" content=\"summary_large_image\" \/>\n<meta name=\"twitter:label1\" content=\"Preis\" \/>\n\t<meta name=\"twitter:data1\" content=\"&euro;19,95\" \/>\n\t<meta name=\"twitter:label2\" content=\"Verf\u00fcgbarkeit\" \/>\n\t<meta name=\"twitter:data2\" content=\"Auf Lager\" \/>\n<script type=\"application\/ld+json\" class=\"yoast-schema-graph\">{\"@context\":\"https:\\\/\\\/schema.org\",\"@graph\":[{\"@type\":\"WebPage\",\"@id\":\"https:\\\/\\\/www.heatsupply.nl\\\/de\\\/produkt\\\/chilli-chans-crispy-chilli-oil-noodles-paket\\\/\",\"url\":\"https:\\\/\\\/www.heatsupply.nl\\\/de\\\/produkt\\\/chilli-chans-crispy-chilli-oil-noodles-paket\\\/\",\"name\":\"Chilli Chan's Crispy Chilli Oil & Noodles Paket - Heatsupply\",\"isPartOf\":{\"@id\":\"https:\\\/\\\/www.heatsupply.nl\\\/de\\\/#website\"},\"primaryImageOfPage\":{\"@id\":\"https:\\\/\\\/www.heatsupply.nl\\\/de\\\/produkt\\\/chilli-chans-crispy-chilli-oil-noodles-paket\\\/#primaryimage\"},\"image\":{\"@id\":\"https:\\\/\\\/www.heatsupply.nl\\\/de\\\/produkt\\\/chilli-chans-crispy-chilli-oil-noodles-paket\\\/#primaryimage\"},\"thumbnailUrl\":\"https:\\\/\\\/www.heatsupply.nl\\\/wp-content\\\/uploads\\\/2024\\\/08\\\/chilli-chans-chilli-crisp-en-noedels.jpg\",\"datePublished\":\"2024-08-02T08:42:55+00:00\",\"dateModified\":\"2024-10-04T11:51:09+00:00\",\"description\":\"Sichern Sie sich das Crispy Chilli Oil von Chilli Chan und beide Geschmacksrichtungen (Sesam und Soja & Vegan XO) der handgeschnittenen Nudeln in einem g\u00fcnstigen Vorteilspaket.\",\"breadcrumb\":{\"@id\":\"https:\\\/\\\/www.heatsupply.nl\\\/de\\\/produkt\\\/chilli-chans-crispy-chilli-oil-noodles-paket\\\/#breadcrumb\"},\"inLanguage\":\"de\",\"potentialAction\":[{\"@type\":\"ReadAction\",\"target\":[\"https:\\\/\\\/www.heatsupply.nl\\\/de\\\/produkt\\\/chilli-chans-crispy-chilli-oil-noodles-paket\\\/\"]}]},{\"@type\":\"ImageObject\",\"inLanguage\":\"de\",\"@id\":\"https:\\\/\\\/www.heatsupply.nl\\\/de\\\/produkt\\\/chilli-chans-crispy-chilli-oil-noodles-paket\\\/#primaryimage\",\"url\":\"https:\\\/\\\/www.heatsupply.nl\\\/wp-content\\\/uploads\\\/2024\\\/08\\\/chilli-chans-chilli-crisp-en-noedels.jpg\",\"contentUrl\":\"https:\\\/\\\/www.heatsupply.nl\\\/wp-content\\\/uploads\\\/2024\\\/08\\\/chilli-chans-chilli-crisp-en-noedels.jpg\",\"width\":1400,\"height\":1400,\"caption\":\"Chilli Chan's Crispy Chilli Oil & Noodles paket\"},{\"@type\":\"BreadcrumbList\",\"@id\":\"https:\\\/\\\/www.heatsupply.nl\\\/de\\\/produkt\\\/chilli-chans-crispy-chilli-oil-noodles-paket\\\/#breadcrumb\",\"itemListElement\":[{\"@type\":\"ListItem\",\"position\":1,\"name\":\"Home\",\"item\":\"https:\\\/\\\/www.heatsupply.nl\\\/de\\\/\"},{\"@type\":\"ListItem\",\"position\":2,\"name\":\"Alle produkten\",\"item\":\"https:\\\/\\\/www.heatsupply.nl\\\/de\\\/alle-produkten\\\/\"},{\"@type\":\"ListItem\",\"position\":3,\"name\":\"Andere produkte\",\"item\":\"https:\\\/\\\/www.heatsupply.nl\\\/de\\\/andere-produkte\\\/\"},{\"@type\":\"ListItem\",\"position\":4,\"name\":\"Asiatische Aromen\",\"item\":\"https:\\\/\\\/www.heatsupply.nl\\\/de\\\/andere-produkte\\\/asiatische-aromen\\\/\"},{\"@type\":\"ListItem\",\"position\":5,\"name\":\"Nudeln\",\"item\":\"https:\\\/\\\/www.heatsupply.nl\\\/de\\\/andere-produkte\\\/asiatische-aromen\\\/nudeln\\\/\"},{\"@type\":\"ListItem\",\"position\":6,\"name\":\"Chilli Chan&#8217;s Crispy Chilli Oil &#038; Noodles Paket\"}]},{\"@type\":\"WebSite\",\"@id\":\"https:\\\/\\\/www.heatsupply.nl\\\/de\\\/#website\",\"url\":\"https:\\\/\\\/www.heatsupply.nl\\\/de\\\/\",\"name\":\"Heatsupply\",\"description\":\"Hot sauce webstore #1 in Europe\",\"publisher\":{\"@id\":\"https:\\\/\\\/www.heatsupply.nl\\\/de\\\/#organization\"},\"potentialAction\":[{\"@type\":\"SearchAction\",\"target\":{\"@type\":\"EntryPoint\",\"urlTemplate\":\"https:\\\/\\\/www.heatsupply.nl\\\/de\\\/?s={search_term_string}\"},\"query-input\":{\"@type\":\"PropertyValueSpecification\",\"valueRequired\":true,\"valueName\":\"search_term_string\"}}],\"inLanguage\":\"de\"},{\"@type\":\"Organization\",\"@id\":\"https:\\\/\\\/www.heatsupply.nl\\\/de\\\/#organization\",\"name\":\"Heatsupply\",\"url\":\"https:\\\/\\\/www.heatsupply.nl\\\/de\\\/\",\"logo\":{\"@type\":\"ImageObject\",\"inLanguage\":\"de\",\"@id\":\"https:\\\/\\\/www.heatsupply.nl\\\/de\\\/#\\\/schema\\\/logo\\\/image\\\/\",\"url\":\"https:\\\/\\\/www.heatsupply.nl\\\/wp-content\\\/uploads\\\/2022\\\/10\\\/heatsupply-logo-rood.jpg\",\"contentUrl\":\"https:\\\/\\\/www.heatsupply.nl\\\/wp-content\\\/uploads\\\/2022\\\/10\\\/heatsupply-logo-rood.jpg\",\"width\":1000,\"height\":335,\"caption\":\"Heatsupply\"},\"image\":{\"@id\":\"https:\\\/\\\/www.heatsupply.nl\\\/de\\\/#\\\/schema\\\/logo\\\/image\\\/\"},\"sameAs\":[\"https:\\\/\\\/www.facebook.com\\\/heatsupplyNL\",\"https:\\\/\\\/www.instagram.com\\\/heatsuppy.nl\",\"https:\\\/\\\/www.youtube.com\\\/channel\\\/UC5pOWqQtljvxTz2SMWGWCsw\"]}]}<\/script>\n<meta property=\"product:price:amount\" content=\"19.95\" \/>\n<meta property=\"product:price:currency\" content=\"EUR\" \/>\n<meta property=\"og:availability\" content=\"instock\" \/>\n<meta property=\"product:availability\" content=\"instock\" \/>\n<meta property=\"product:retailer_item_id\" content=\"CCNOODPACK001\" \/>\n<meta property=\"product:condition\" content=\"new\" \/>\n<!-- \/ Yoast SEO Premium plugin. -->","yoast_head_json":{"title":"Chilli Chan's Crispy Chilli Oil & Noodles Paket - Heatsupply","description":"Sichern Sie sich das Crispy Chilli Oil von Chilli Chan und beide Geschmacksrichtungen (Sesam und Soja & Vegan XO) der handgeschnittenen Nudeln in einem g\u00fcnstigen Vorteilspaket.","robots":{"index":"index","follow":"follow","max-snippet":"max-snippet:-1","max-image-preview":"max-image-preview:large","max-video-preview":"max-video-preview:-1"},"canonical":"https:\/\/www.heatsupply.nl\/de\/produkt\/chilli-chans-crispy-chilli-oil-noodles-paket\/","og_locale":"de_DE","og_type":"article","og_title":"Chilli Chan's Crispy Chilli Oil & Noodles Paket","og_description":"Sichern Sie sich das Crispy Chilli Oil von Chilli Chan und beide Geschmacksrichtungen (Sesam und Soja & Vegan XO) der handgeschnittenen Nudeln in einem g\u00fcnstigen Vorteilspaket.","og_url":"https:\/\/www.heatsupply.nl\/de\/produkt\/chilli-chans-crispy-chilli-oil-noodles-paket\/","og_site_name":"Heatsupply","article_publisher":"https:\/\/www.facebook.com\/heatsupplyNL","article_modified_time":"2024-10-04T11:51:09+00:00","og_image":[{"width":1400,"height":1400,"url":"https:\/\/www.heatsupply.nl\/wp-content\/uploads\/2024\/08\/chilli-chans-chilli-crisp-en-noedels.jpg","type":"image\/jpeg"}],"twitter_card":"summary_large_image","twitter_misc":{"Preis":"&euro;19,95","Verf\u00fcgbarkeit":"Auf Lager"},"schema":{"@context":"https:\/\/schema.org","@graph":[{"@type":"WebPage","@id":"https:\/\/www.heatsupply.nl\/de\/produkt\/chilli-chans-crispy-chilli-oil-noodles-paket\/","url":"https:\/\/www.heatsupply.nl\/de\/produkt\/chilli-chans-crispy-chilli-oil-noodles-paket\/","name":"Chilli Chan's Crispy Chilli Oil & Noodles Paket - Heatsupply","isPartOf":{"@id":"https:\/\/www.heatsupply.nl\/de\/#website"},"primaryImageOfPage":{"@id":"https:\/\/www.heatsupply.nl\/de\/produkt\/chilli-chans-crispy-chilli-oil-noodles-paket\/#primaryimage"},"image":{"@id":"https:\/\/www.heatsupply.nl\/de\/produkt\/chilli-chans-crispy-chilli-oil-noodles-paket\/#primaryimage"},"thumbnailUrl":"https:\/\/www.heatsupply.nl\/wp-content\/uploads\/2024\/08\/chilli-chans-chilli-crisp-en-noedels.jpg","datePublished":"2024-08-02T08:42:55+00:00","dateModified":"2024-10-04T11:51:09+00:00","description":"Sichern Sie sich das Crispy Chilli Oil von Chilli Chan und beide Geschmacksrichtungen (Sesam und Soja & Vegan XO) der handgeschnittenen Nudeln in einem g\u00fcnstigen Vorteilspaket.","breadcrumb":{"@id":"https:\/\/www.heatsupply.nl\/de\/produkt\/chilli-chans-crispy-chilli-oil-noodles-paket\/#breadcrumb"},"inLanguage":"de","potentialAction":[{"@type":"ReadAction","target":["https:\/\/www.heatsupply.nl\/de\/produkt\/chilli-chans-crispy-chilli-oil-noodles-paket\/"]}]},{"@type":"ImageObject","inLanguage":"de","@id":"https:\/\/www.heatsupply.nl\/de\/produkt\/chilli-chans-crispy-chilli-oil-noodles-paket\/#primaryimage","url":"https:\/\/www.heatsupply.nl\/wp-content\/uploads\/2024\/08\/chilli-chans-chilli-crisp-en-noedels.jpg","contentUrl":"https:\/\/www.heatsupply.nl\/wp-content\/uploads\/2024\/08\/chilli-chans-chilli-crisp-en-noedels.jpg","width":1400,"height":1400,"caption":"Chilli Chan's Crispy Chilli Oil & Noodles paket"},{"@type":"BreadcrumbList","@id":"https:\/\/www.heatsupply.nl\/de\/produkt\/chilli-chans-crispy-chilli-oil-noodles-paket\/#breadcrumb","itemListElement":[{"@type":"ListItem","position":1,"name":"Home","item":"https:\/\/www.heatsupply.nl\/de\/"},{"@type":"ListItem","position":2,"name":"Alle produkten","item":"https:\/\/www.heatsupply.nl\/de\/alle-produkten\/"},{"@type":"ListItem","position":3,"name":"Andere produkte","item":"https:\/\/www.heatsupply.nl\/de\/andere-produkte\/"},{"@type":"ListItem","position":4,"name":"Asiatische Aromen","item":"https:\/\/www.heatsupply.nl\/de\/andere-produkte\/asiatische-aromen\/"},{"@type":"ListItem","position":5,"name":"Nudeln","item":"https:\/\/www.heatsupply.nl\/de\/andere-produkte\/asiatische-aromen\/nudeln\/"},{"@type":"ListItem","position":6,"name":"Chilli Chan&#8217;s Crispy Chilli Oil &#038; Noodles Paket"}]},{"@type":"WebSite","@id":"https:\/\/www.heatsupply.nl\/de\/#website","url":"https:\/\/www.heatsupply.nl\/de\/","name":"Heatsupply","description":"Hot sauce webstore #1 in Europe","publisher":{"@id":"https:\/\/www.heatsupply.nl\/de\/#organization"},"potentialAction":[{"@type":"SearchAction","target":{"@type":"EntryPoint","urlTemplate":"https:\/\/www.heatsupply.nl\/de\/?s={search_term_string}"},"query-input":{"@type":"PropertyValueSpecification","valueRequired":true,"valueName":"search_term_string"}}],"inLanguage":"de"},{"@type":"Organization","@id":"https:\/\/www.heatsupply.nl\/de\/#organization","name":"Heatsupply","url":"https:\/\/www.heatsupply.nl\/de\/","logo":{"@type":"ImageObject","inLanguage":"de","@id":"https:\/\/www.heatsupply.nl\/de\/#\/schema\/logo\/image\/","url":"https:\/\/www.heatsupply.nl\/wp-content\/uploads\/2022\/10\/heatsupply-logo-rood.jpg","contentUrl":"https:\/\/www.heatsupply.nl\/wp-content\/uploads\/2022\/10\/heatsupply-logo-rood.jpg","width":1000,"height":335,"caption":"Heatsupply"},"image":{"@id":"https:\/\/www.heatsupply.nl\/de\/#\/schema\/logo\/image\/"},"sameAs":["https:\/\/www.facebook.com\/heatsupplyNL","https:\/\/www.instagram.com\/heatsuppy.nl","https:\/\/www.youtube.com\/channel\/UC5pOWqQtljvxTz2SMWGWCsw"]}]},"product_price_amount":"19.95","product_price_currency":"EUR","og_availability":"instock","product_availability":"instock","product_retailer_item_id":"CCNOODPACK001","product_condition":"new"},"_links":{"self":[{"href":"https:\/\/www.heatsupply.nl\/de\/wp-json\/wp\/v2\/product\/155215","targetHints":{"allow":["GET"]}}],"collection":[{"href":"https:\/\/www.heatsupply.nl\/de\/wp-json\/wp\/v2\/product"}],"about":[{"href":"https:\/\/www.heatsupply.nl\/de\/wp-json\/wp\/v2\/types\/product"}],"replies":[{"embeddable":true,"href":"https:\/\/www.heatsupply.nl\/de\/wp-json\/wp\/v2\/comments?post=155215"}],"wp:featuredmedia":[{"embeddable":true,"href":"https:\/\/www.heatsupply.nl\/de\/wp-json\/wp\/v2\/media\/155137"}],"wp:attachment":[{"href":"https:\/\/www.heatsupply.nl\/de\/wp-json\/wp\/v2\/media?parent=155215"}],"wp:term":[{"taxonomy":"product_brand","embeddable":true,"href":"https:\/\/www.heatsupply.nl\/de\/wp-json\/wp\/v2\/product_brand?post=155215"},{"taxonomy":"product_cat","embeddable":true,"href":"https:\/\/www.heatsupply.nl\/de\/wp-json\/wp\/v2\/product_cat?post=155215"},{"taxonomy":"product_tag","embeddable":true,"href":"https:\/\/www.heatsupply.nl\/de\/wp-json\/wp\/v2\/product_tag?post=155215"}],"curies":[{"name":"wp","href":"https:\/\/api.w.org\/{rel}","templated":true}]}}