{"id":155208,"date":"2024-08-02T10:41:01","date_gmt":"2024-08-02T08:41:01","guid":{"rendered":"https:\/\/www.heatsupply.nl\/?post_type=product&#038;p=155208"},"modified":"2026-05-10T13:10:38","modified_gmt":"2026-05-10T11:10:38","slug":"chilli-chans-vegan-xo-noodles","status":"publish","type":"product","link":"https:\/\/www.heatsupply.nl\/de\/produkt\/chilli-chans-vegan-xo-noodles\/","title":{"rendered":"Chilli Chan&#8217;s Vegan XO Noodles"},"content":{"rendered":"<p><strong>Zutaten Chilli Chan&#8217;s Vegan XO Noodles:<\/strong> WEIZENMEHL, Wasser, Salz, Natriumcarbonate, Pied de Mouton (gelber Stachelpilz), Versi-Chili, fermentierte SOJABOHNEN, SOJA\u00d6L, Ingwerzucker, Pilzpulver, Verdickungsmittel, HEFEEXTRAKT, hydrolysiertes SOJAPROTEIN.<\/p>\n<p><span style=\"text-decoration: underline;\">N\u00e4hrwerte pro 100gr:<\/span><br \/>\nEnergie: 327 kcal<br \/>\nFett: 3,4 Gramm<br \/>\ndavon ges\u00e4ttigte Fetts\u00e4uren: 0,5 Gramm<br \/>\nKohlenhydrate: 60,9 Gramm<br \/>\ndavon Zucker: 3,4 Gramm<br \/>\nProtein: 13,1 Gramm<br \/>\nSalz: 1,1 Gramm<\/p>\n<p>An einem dunklen und k\u00fchlen Ort aufbewahren.<\/p>\n","protected":false},"excerpt":{"rendered":"<p style=\"text-align: justify;\">Diese Chilli Chan&#8217;s Noodles sind handgeschnittene Nudeln, die fest und sonnengetrocknet sind und denen keine Konservierungsstoffe zugesetzt wurden. Das Ergebnis ist eine k\u00f6stlich bissfeste Nudel auf Pilzbasis, die die Sauce gut aufnimmt. Die mitgelieferte vegane XO-Sauce sorgt f\u00fcr eine Explosion von Umami und leichter Sch\u00e4rfe. Praktisch: Sie sind in 3 Minuten fertig! Chilli Chan&#8217;s Vegan XO Noodles sind schon f\u00fcr sich genommen lecker, aber durch die Zugabe von <a href=\"https:\/\/www.heatsupply.nl\/de\/?attachment_id=141416\"><strong>Chilli Chan&#8217;s Crispy Chilli Oil<\/strong><\/a> werden sie noch schmackhafter. Schauen Sie sich daher auch dieses <a href=\"https:\/\/www.heatsupply.nl\/de\/produkt\/chilli-chans-crispy-chilli-oil-noodles-paket\/\"><strong>Vorteilspaket<\/strong><\/a> an.<\/p>\n<p style=\"text-align: justify;\">Herkunft: Amsterdam, Niederlande<\/p>\n<p style=\"text-align: justify;\">Inhalt: 112 Gramm<\/p>\n","protected":false},"featured_media":155143,"comment_status":"open","ping_status":"closed","template":"","meta":{"_acf_changed":false},"product_brand":[],"product_cat":[4042,4097,4106],"product_tag":[],"class_list":{"0":"post-155208","1":"product","2":"type-product","3":"status-publish","4":"has-post-thumbnail","6":"product_cat-andere-produkte","7":"product_cat-asiatische-aromen","8":"product_cat-nudeln","10":"first","11":"instock","12":"taxable","13":"shipping-taxable","14":"purchasable","15":"product-type-simple"},"bundled_by":["155215"],"bundle_stock_status":"instock","bundle_stock_quantity":4,"bundle_virtual":false,"bundle_layout":"","bundle_add_to_cart_form_location":"","bundle_editable_in_cart":false,"bundle_sold_individually_context":"","bundle_item_grouping":"","bundle_min_size":"","bundle_max_size":"","bundle_price":[],"bundled_items":[],"bundle_sell_ids":[],"acf":[],"yoast_head":"<!-- This site is optimized with the Yoast SEO Premium plugin v27.5 (Yoast SEO v27.5) - https:\/\/yoast.com\/product\/yoast-seo-premium-wordpress\/ -->\n<title>Chilli Chan&#039;s Vegan XO Noodles - Heatsupply<\/title>\n<meta name=\"description\" content=\"Diese Chilli Chan&#039;s veganen XO-Nudeln sind handgeschnittene Nudeln auf Pilzbasis. Erstklassige Qualit\u00e4t und im Nu zubereitet. Bestellen Sie jetzt bei Heatsupply!\" \/>\n<meta name=\"robots\" content=\"index, follow, max-snippet:-1, max-image-preview:large, max-video-preview:-1\" \/>\n<link rel=\"canonical\" href=\"https:\/\/www.heatsupply.nl\/de\/produkt\/chilli-chans-vegan-xo-noodles\/\" \/>\n<meta property=\"og:locale\" content=\"de_DE\" \/>\n<meta property=\"og:type\" content=\"article\" \/>\n<meta property=\"og:title\" content=\"Chilli Chan&#039;s Vegan XO Noodles\" \/>\n<meta property=\"og:description\" content=\"Diese Chilli Chan&#039;s veganen XO-Nudeln sind handgeschnittene Nudeln auf Pilzbasis. Erstklassige Qualit\u00e4t und im Nu zubereitet. Bestellen Sie jetzt bei Heatsupply!\" \/>\n<meta property=\"og:url\" content=\"https:\/\/www.heatsupply.nl\/de\/produkt\/chilli-chans-vegan-xo-noodles\/\" \/>\n<meta property=\"og:site_name\" content=\"Heatsupply\" \/>\n<meta property=\"article:publisher\" content=\"https:\/\/www.facebook.com\/heatsupplyNL\" \/>\n<meta property=\"article:modified_time\" content=\"2026-05-10T11:10:38+00:00\" \/>\n<meta property=\"og:image\" content=\"https:\/\/www.heatsupply.nl\/wp-content\/uploads\/2024\/08\/chilli-chans-xo-sauce-noodles.jpg\" \/>\n\t<meta property=\"og:image:width\" content=\"1400\" \/>\n\t<meta property=\"og:image:height\" content=\"1400\" \/>\n\t<meta property=\"og:image:type\" content=\"image\/jpeg\" \/>\n<meta name=\"twitter:card\" content=\"summary_large_image\" \/>\n<meta name=\"twitter:label1\" content=\"Preis\" \/>\n\t<meta name=\"twitter:data1\" content=\"&euro;5,95\" \/>\n\t<meta name=\"twitter:label2\" content=\"Verf\u00fcgbarkeit\" \/>\n\t<meta name=\"twitter:data2\" content=\"Auf Lager\" \/>\n<script type=\"application\/ld+json\" class=\"yoast-schema-graph\">{\"@context\":\"https:\\\/\\\/schema.org\",\"@graph\":[{\"@type\":\"WebPage\",\"@id\":\"https:\\\/\\\/www.heatsupply.nl\\\/de\\\/produkt\\\/chilli-chans-vegan-xo-noodles\\\/\",\"url\":\"https:\\\/\\\/www.heatsupply.nl\\\/de\\\/produkt\\\/chilli-chans-vegan-xo-noodles\\\/\",\"name\":\"Chilli Chan's Vegan XO Noodles - Heatsupply\",\"isPartOf\":{\"@id\":\"https:\\\/\\\/www.heatsupply.nl\\\/de\\\/#website\"},\"primaryImageOfPage\":{\"@id\":\"https:\\\/\\\/www.heatsupply.nl\\\/de\\\/produkt\\\/chilli-chans-vegan-xo-noodles\\\/#primaryimage\"},\"image\":{\"@id\":\"https:\\\/\\\/www.heatsupply.nl\\\/de\\\/produkt\\\/chilli-chans-vegan-xo-noodles\\\/#primaryimage\"},\"thumbnailUrl\":\"https:\\\/\\\/www.heatsupply.nl\\\/wp-content\\\/uploads\\\/2024\\\/08\\\/chilli-chans-xo-sauce-noodles.jpg\",\"datePublished\":\"2024-08-02T08:41:01+00:00\",\"dateModified\":\"2026-05-10T11:10:38+00:00\",\"description\":\"Diese Chilli Chan's veganen XO-Nudeln sind handgeschnittene Nudeln auf Pilzbasis. Erstklassige Qualit\u00e4t und im Nu zubereitet. Bestellen Sie jetzt bei Heatsupply!\",\"breadcrumb\":{\"@id\":\"https:\\\/\\\/www.heatsupply.nl\\\/de\\\/produkt\\\/chilli-chans-vegan-xo-noodles\\\/#breadcrumb\"},\"inLanguage\":\"de\",\"potentialAction\":[{\"@type\":\"ReadAction\",\"target\":[\"https:\\\/\\\/www.heatsupply.nl\\\/de\\\/produkt\\\/chilli-chans-vegan-xo-noodles\\\/\"]}]},{\"@type\":\"ImageObject\",\"inLanguage\":\"de\",\"@id\":\"https:\\\/\\\/www.heatsupply.nl\\\/de\\\/produkt\\\/chilli-chans-vegan-xo-noodles\\\/#primaryimage\",\"url\":\"https:\\\/\\\/www.heatsupply.nl\\\/wp-content\\\/uploads\\\/2024\\\/08\\\/chilli-chans-xo-sauce-noodles.jpg\",\"contentUrl\":\"https:\\\/\\\/www.heatsupply.nl\\\/wp-content\\\/uploads\\\/2024\\\/08\\\/chilli-chans-xo-sauce-noodles.jpg\",\"width\":1400,\"height\":1400,\"caption\":\"Chilli Chan's Vegan XO Noodles handgeschnittene Nudeln\"},{\"@type\":\"BreadcrumbList\",\"@id\":\"https:\\\/\\\/www.heatsupply.nl\\\/de\\\/produkt\\\/chilli-chans-vegan-xo-noodles\\\/#breadcrumb\",\"itemListElement\":[{\"@type\":\"ListItem\",\"position\":1,\"name\":\"Home\",\"item\":\"https:\\\/\\\/www.heatsupply.nl\\\/de\\\/\"},{\"@type\":\"ListItem\",\"position\":2,\"name\":\"Alle produkten\",\"item\":\"https:\\\/\\\/www.heatsupply.nl\\\/de\\\/alle-produkten\\\/\"},{\"@type\":\"ListItem\",\"position\":3,\"name\":\"Andere produkte\",\"item\":\"https:\\\/\\\/www.heatsupply.nl\\\/de\\\/andere-produkte\\\/\"},{\"@type\":\"ListItem\",\"position\":4,\"name\":\"Asiatische Aromen\",\"item\":\"https:\\\/\\\/www.heatsupply.nl\\\/de\\\/andere-produkte\\\/asiatische-aromen\\\/\"},{\"@type\":\"ListItem\",\"position\":5,\"name\":\"Nudeln\",\"item\":\"https:\\\/\\\/www.heatsupply.nl\\\/de\\\/andere-produkte\\\/asiatische-aromen\\\/nudeln\\\/\"},{\"@type\":\"ListItem\",\"position\":6,\"name\":\"Chilli Chan&#8217;s Vegan XO Noodles\"}]},{\"@type\":\"WebSite\",\"@id\":\"https:\\\/\\\/www.heatsupply.nl\\\/de\\\/#website\",\"url\":\"https:\\\/\\\/www.heatsupply.nl\\\/de\\\/\",\"name\":\"Heatsupply\",\"description\":\"Hot sauce webstore #1 in Europe\",\"publisher\":{\"@id\":\"https:\\\/\\\/www.heatsupply.nl\\\/de\\\/#organization\"},\"potentialAction\":[{\"@type\":\"SearchAction\",\"target\":{\"@type\":\"EntryPoint\",\"urlTemplate\":\"https:\\\/\\\/www.heatsupply.nl\\\/de\\\/?s={search_term_string}\"},\"query-input\":{\"@type\":\"PropertyValueSpecification\",\"valueRequired\":true,\"valueName\":\"search_term_string\"}}],\"inLanguage\":\"de\"},{\"@type\":\"Organization\",\"@id\":\"https:\\\/\\\/www.heatsupply.nl\\\/de\\\/#organization\",\"name\":\"Heatsupply\",\"url\":\"https:\\\/\\\/www.heatsupply.nl\\\/de\\\/\",\"logo\":{\"@type\":\"ImageObject\",\"inLanguage\":\"de\",\"@id\":\"https:\\\/\\\/www.heatsupply.nl\\\/de\\\/#\\\/schema\\\/logo\\\/image\\\/\",\"url\":\"https:\\\/\\\/www.heatsupply.nl\\\/wp-content\\\/uploads\\\/2022\\\/10\\\/heatsupply-logo-rood.jpg\",\"contentUrl\":\"https:\\\/\\\/www.heatsupply.nl\\\/wp-content\\\/uploads\\\/2022\\\/10\\\/heatsupply-logo-rood.jpg\",\"width\":1000,\"height\":335,\"caption\":\"Heatsupply\"},\"image\":{\"@id\":\"https:\\\/\\\/www.heatsupply.nl\\\/de\\\/#\\\/schema\\\/logo\\\/image\\\/\"},\"sameAs\":[\"https:\\\/\\\/www.facebook.com\\\/heatsupplyNL\",\"https:\\\/\\\/www.instagram.com\\\/heatsuppy.nl\",\"https:\\\/\\\/www.youtube.com\\\/channel\\\/UC5pOWqQtljvxTz2SMWGWCsw\"]}]}<\/script>\n<meta property=\"product:price:amount\" content=\"5.95\" \/>\n<meta property=\"product:price:currency\" content=\"EUR\" \/>\n<meta property=\"og:availability\" content=\"instock\" \/>\n<meta property=\"product:availability\" content=\"instock\" \/>\n<meta property=\"product:retailer_item_id\" content=\"CCVXONOOD002\" \/>\n<meta property=\"product:condition\" content=\"new\" \/>\n<!-- \/ Yoast SEO Premium plugin. -->","yoast_head_json":{"title":"Chilli Chan's Vegan XO Noodles - Heatsupply","description":"Diese Chilli Chan's veganen XO-Nudeln sind handgeschnittene Nudeln auf Pilzbasis. Erstklassige Qualit\u00e4t und im Nu zubereitet. Bestellen Sie jetzt bei Heatsupply!","robots":{"index":"index","follow":"follow","max-snippet":"max-snippet:-1","max-image-preview":"max-image-preview:large","max-video-preview":"max-video-preview:-1"},"canonical":"https:\/\/www.heatsupply.nl\/de\/produkt\/chilli-chans-vegan-xo-noodles\/","og_locale":"de_DE","og_type":"article","og_title":"Chilli Chan's Vegan XO Noodles","og_description":"Diese Chilli Chan's veganen XO-Nudeln sind handgeschnittene Nudeln auf Pilzbasis. Erstklassige Qualit\u00e4t und im Nu zubereitet. Bestellen Sie jetzt bei Heatsupply!","og_url":"https:\/\/www.heatsupply.nl\/de\/produkt\/chilli-chans-vegan-xo-noodles\/","og_site_name":"Heatsupply","article_publisher":"https:\/\/www.facebook.com\/heatsupplyNL","article_modified_time":"2026-05-10T11:10:38+00:00","og_image":[{"width":1400,"height":1400,"url":"https:\/\/www.heatsupply.nl\/wp-content\/uploads\/2024\/08\/chilli-chans-xo-sauce-noodles.jpg","type":"image\/jpeg"}],"twitter_card":"summary_large_image","twitter_misc":{"Preis":"&euro;5,95","Verf\u00fcgbarkeit":"Auf Lager"},"schema":{"@context":"https:\/\/schema.org","@graph":[{"@type":"WebPage","@id":"https:\/\/www.heatsupply.nl\/de\/produkt\/chilli-chans-vegan-xo-noodles\/","url":"https:\/\/www.heatsupply.nl\/de\/produkt\/chilli-chans-vegan-xo-noodles\/","name":"Chilli Chan's Vegan XO Noodles - Heatsupply","isPartOf":{"@id":"https:\/\/www.heatsupply.nl\/de\/#website"},"primaryImageOfPage":{"@id":"https:\/\/www.heatsupply.nl\/de\/produkt\/chilli-chans-vegan-xo-noodles\/#primaryimage"},"image":{"@id":"https:\/\/www.heatsupply.nl\/de\/produkt\/chilli-chans-vegan-xo-noodles\/#primaryimage"},"thumbnailUrl":"https:\/\/www.heatsupply.nl\/wp-content\/uploads\/2024\/08\/chilli-chans-xo-sauce-noodles.jpg","datePublished":"2024-08-02T08:41:01+00:00","dateModified":"2026-05-10T11:10:38+00:00","description":"Diese Chilli Chan's veganen XO-Nudeln sind handgeschnittene Nudeln auf Pilzbasis. Erstklassige Qualit\u00e4t und im Nu zubereitet. Bestellen Sie jetzt bei Heatsupply!","breadcrumb":{"@id":"https:\/\/www.heatsupply.nl\/de\/produkt\/chilli-chans-vegan-xo-noodles\/#breadcrumb"},"inLanguage":"de","potentialAction":[{"@type":"ReadAction","target":["https:\/\/www.heatsupply.nl\/de\/produkt\/chilli-chans-vegan-xo-noodles\/"]}]},{"@type":"ImageObject","inLanguage":"de","@id":"https:\/\/www.heatsupply.nl\/de\/produkt\/chilli-chans-vegan-xo-noodles\/#primaryimage","url":"https:\/\/www.heatsupply.nl\/wp-content\/uploads\/2024\/08\/chilli-chans-xo-sauce-noodles.jpg","contentUrl":"https:\/\/www.heatsupply.nl\/wp-content\/uploads\/2024\/08\/chilli-chans-xo-sauce-noodles.jpg","width":1400,"height":1400,"caption":"Chilli Chan's Vegan XO Noodles handgeschnittene Nudeln"},{"@type":"BreadcrumbList","@id":"https:\/\/www.heatsupply.nl\/de\/produkt\/chilli-chans-vegan-xo-noodles\/#breadcrumb","itemListElement":[{"@type":"ListItem","position":1,"name":"Home","item":"https:\/\/www.heatsupply.nl\/de\/"},{"@type":"ListItem","position":2,"name":"Alle produkten","item":"https:\/\/www.heatsupply.nl\/de\/alle-produkten\/"},{"@type":"ListItem","position":3,"name":"Andere produkte","item":"https:\/\/www.heatsupply.nl\/de\/andere-produkte\/"},{"@type":"ListItem","position":4,"name":"Asiatische Aromen","item":"https:\/\/www.heatsupply.nl\/de\/andere-produkte\/asiatische-aromen\/"},{"@type":"ListItem","position":5,"name":"Nudeln","item":"https:\/\/www.heatsupply.nl\/de\/andere-produkte\/asiatische-aromen\/nudeln\/"},{"@type":"ListItem","position":6,"name":"Chilli Chan&#8217;s Vegan XO Noodles"}]},{"@type":"WebSite","@id":"https:\/\/www.heatsupply.nl\/de\/#website","url":"https:\/\/www.heatsupply.nl\/de\/","name":"Heatsupply","description":"Hot sauce webstore #1 in Europe","publisher":{"@id":"https:\/\/www.heatsupply.nl\/de\/#organization"},"potentialAction":[{"@type":"SearchAction","target":{"@type":"EntryPoint","urlTemplate":"https:\/\/www.heatsupply.nl\/de\/?s={search_term_string}"},"query-input":{"@type":"PropertyValueSpecification","valueRequired":true,"valueName":"search_term_string"}}],"inLanguage":"de"},{"@type":"Organization","@id":"https:\/\/www.heatsupply.nl\/de\/#organization","name":"Heatsupply","url":"https:\/\/www.heatsupply.nl\/de\/","logo":{"@type":"ImageObject","inLanguage":"de","@id":"https:\/\/www.heatsupply.nl\/de\/#\/schema\/logo\/image\/","url":"https:\/\/www.heatsupply.nl\/wp-content\/uploads\/2022\/10\/heatsupply-logo-rood.jpg","contentUrl":"https:\/\/www.heatsupply.nl\/wp-content\/uploads\/2022\/10\/heatsupply-logo-rood.jpg","width":1000,"height":335,"caption":"Heatsupply"},"image":{"@id":"https:\/\/www.heatsupply.nl\/de\/#\/schema\/logo\/image\/"},"sameAs":["https:\/\/www.facebook.com\/heatsupplyNL","https:\/\/www.instagram.com\/heatsuppy.nl","https:\/\/www.youtube.com\/channel\/UC5pOWqQtljvxTz2SMWGWCsw"]}]},"product_price_amount":"5.95","product_price_currency":"EUR","og_availability":"instock","product_availability":"instock","product_retailer_item_id":"CCVXONOOD002","product_condition":"new"},"_links":{"self":[{"href":"https:\/\/www.heatsupply.nl\/de\/wp-json\/wp\/v2\/product\/155208","targetHints":{"allow":["GET"]}}],"collection":[{"href":"https:\/\/www.heatsupply.nl\/de\/wp-json\/wp\/v2\/product"}],"about":[{"href":"https:\/\/www.heatsupply.nl\/de\/wp-json\/wp\/v2\/types\/product"}],"replies":[{"embeddable":true,"href":"https:\/\/www.heatsupply.nl\/de\/wp-json\/wp\/v2\/comments?post=155208"}],"wp:featuredmedia":[{"embeddable":true,"href":"https:\/\/www.heatsupply.nl\/de\/wp-json\/wp\/v2\/media\/155143"}],"wp:attachment":[{"href":"https:\/\/www.heatsupply.nl\/de\/wp-json\/wp\/v2\/media?parent=155208"}],"wp:term":[{"taxonomy":"product_brand","embeddable":true,"href":"https:\/\/www.heatsupply.nl\/de\/wp-json\/wp\/v2\/product_brand?post=155208"},{"taxonomy":"product_cat","embeddable":true,"href":"https:\/\/www.heatsupply.nl\/de\/wp-json\/wp\/v2\/product_cat?post=155208"},{"taxonomy":"product_tag","embeddable":true,"href":"https:\/\/www.heatsupply.nl\/de\/wp-json\/wp\/v2\/product_tag?post=155208"}],"curies":[{"name":"wp","href":"https:\/\/api.w.org\/{rel}","templated":true}]}}