{"id":153516,"date":"2024-07-10T15:08:58","date_gmt":"2024-07-10T13:08:58","guid":{"rendered":"https:\/\/www.heatsupply.nl\/?post_type=product&#038;p=153516"},"modified":"2026-03-12T12:44:47","modified_gmt":"2026-03-12T11:44:47","slug":"trouble-spice-smokin-senorita-mexikanisches-crispy-chilioel","status":"publish","type":"product","link":"https:\/\/www.heatsupply.nl\/de\/produkt\/trouble-spice-smokin-senorita-mexikanisches-crispy-chilioel\/","title":{"rendered":"Trouble &#038; Spice Smokin&#8216; Se\u00f1orita &#8211; Mexikanisches Crispy Chili\u00f6l"},"content":{"rendered":"<p><strong>Trouble &amp; Spice Smokin&#8216; Se\u00f1orita &#8211; Mexikanisches Crispy Chili\u00f6l<\/strong>:<\/p>\n<p>Sonnenblumen\u00f6l mit hohem \u00d6ls\u00e4uregehalt, Chili, K\u00fcrbiskerne, Knoblauch, Salz.<\/p>\n<p>Hergestellt in einer K\u00fcche, die auch Weizen, N\u00fcsse und Milchprodukte verarbeitet.<\/p>\n<p><span style=\"text-decoration: underline;\">N\u00e4hrwerte pro 100gr:<\/span><br \/>\nEnergie: 726 kcal<br \/>\nFett: 79 Gramm<br \/>\ndavon ges\u00e4ttigte Fetts\u00e4uren: 6,4 Gramm<br \/>\nKohlenhydrate: 9,7 Gramm<br \/>\ndavon Zucker: 4,1 Gramm<br \/>\nProtein: 5,6 Gramm<br \/>\nSalz: 1 Gramm<\/p>\n<p>An einem dunklen Ort aufbewahren.<\/p>\n","protected":false},"excerpt":{"rendered":"<p style=\"text-align: justify;\">Wenn Sie dachten, dass knusprige Chili\u00f6le nur f\u00fcr die asiatische K\u00fcche gemacht sind, dann haben Sie <a href=\"https:\/\/www.heatsupply.nl\/de\/?s=trouble\"><strong>Trouble &amp; Spice<\/strong><\/a> noch nicht entdeckt. Jetzt gibt es auch dieses Smokin&#8216; Se\u00f1orita, ein mexikanisches crispy Chili\u00f6l, das nat\u00fcrlich hervorragend zu Tacos, Nachos, Avocadoaufstrich, Bohnen und vielem mehr passt. Es werden nur wenige Zutaten verwendet, aber die Essenz der mexikanischen K\u00fcche wird gut eingefangen. Bestellen Sie es jetzt bei Heatsupply!<\/p>\n<p style=\"text-align: justify;\">Herkunft: Rotterdam, Niederlande<\/p>\n<p style=\"text-align: justify;\">Inhalt: 200 ml<\/p>\n","protected":false},"featured_media":153540,"comment_status":"open","ping_status":"closed","template":"","meta":{"_acf_changed":false},"product_brand":[],"product_cat":[3909,4046],"product_tag":[],"class_list":{"0":"post-153516","1":"product","2":"type-product","3":"status-publish","4":"has-post-thumbnail","6":"product_cat-crispy-chilioel","7":"product_cat-spicy","9":"first","10":"outofstock","11":"taxable","12":"shipping-taxable","13":"purchasable","14":"product-type-simple"},"bundled_by":[],"bundle_stock_status":"outofstock","bundle_stock_quantity":0,"bundle_virtual":false,"bundle_layout":"","bundle_add_to_cart_form_location":"","bundle_editable_in_cart":false,"bundle_sold_individually_context":"","bundle_item_grouping":"","bundle_min_size":"","bundle_max_size":"","bundle_price":[],"bundled_items":[],"bundle_sell_ids":[],"acf":[],"yoast_head":"<!-- This site is optimized with the Yoast SEO Premium plugin v27.5 (Yoast SEO v27.5) - https:\/\/yoast.com\/product\/yoast-seo-premium-wordpress\/ -->\n<title>Trouble &amp; Spice Smokin&#039; Se\u00f1orita - Mexikanisches Crispy Chili\u00f6l - Heatsupply<\/title>\n<meta name=\"description\" content=\"Dieses Trouble &amp; Spice Smokin&#039; Senorita ist ein k\u00f6stliches mexikanisches crispy Chili\u00f6l. Geben Sie dieses Zeug auf Ihre Tacos, Nachos oder Avocados.\" \/>\n<meta name=\"robots\" content=\"index, follow, max-snippet:-1, max-image-preview:large, max-video-preview:-1\" \/>\n<link rel=\"canonical\" href=\"https:\/\/www.heatsupply.nl\/de\/produkt\/trouble-spice-smokin-senorita-mexikanisches-crispy-chilioel\/\" \/>\n<meta property=\"og:locale\" content=\"de_DE\" \/>\n<meta property=\"og:type\" content=\"article\" \/>\n<meta property=\"og:title\" content=\"Trouble &amp; Spice Smokin&#039; Se\u00f1orita - Mexikanisches Crispy Chili\u00f6l\" \/>\n<meta property=\"og:description\" content=\"Dieses Trouble &amp; Spice Smokin&#039; Senorita ist ein k\u00f6stliches mexikanisches crispy Chili\u00f6l. Geben Sie dieses Zeug auf Ihre Tacos, Nachos oder Avocados.\" \/>\n<meta property=\"og:url\" content=\"https:\/\/www.heatsupply.nl\/de\/produkt\/trouble-spice-smokin-senorita-mexikanisches-crispy-chilioel\/\" \/>\n<meta property=\"og:site_name\" content=\"Heatsupply\" \/>\n<meta property=\"article:publisher\" content=\"https:\/\/www.facebook.com\/heatsupplyNL\" \/>\n<meta property=\"article:modified_time\" content=\"2026-03-12T11:44:47+00:00\" \/>\n<meta property=\"og:image\" content=\"https:\/\/www.heatsupply.nl\/wp-content\/uploads\/2024\/07\/trouble-spice-mexican-crispy-chilli-oil.jpg\" \/>\n\t<meta property=\"og:image:width\" content=\"1400\" \/>\n\t<meta property=\"og:image:height\" content=\"1400\" \/>\n\t<meta property=\"og:image:type\" content=\"image\/jpeg\" \/>\n<meta name=\"twitter:card\" content=\"summary_large_image\" \/>\n<meta name=\"twitter:label1\" content=\"Preis\" \/>\n\t<meta name=\"twitter:data1\" content=\"&euro;9,95\" \/>\n\t<meta name=\"twitter:label2\" content=\"Verf\u00fcgbarkeit\" \/>\n\t<meta name=\"twitter:data2\" content=\"ausverkauft\" \/>\n<script type=\"application\/ld+json\" class=\"yoast-schema-graph\">{\"@context\":\"https:\\\/\\\/schema.org\",\"@graph\":[{\"@type\":\"WebPage\",\"@id\":\"https:\\\/\\\/www.heatsupply.nl\\\/de\\\/produkt\\\/trouble-spice-smokin-senorita-mexikanisches-crispy-chilioel\\\/\",\"url\":\"https:\\\/\\\/www.heatsupply.nl\\\/de\\\/produkt\\\/trouble-spice-smokin-senorita-mexikanisches-crispy-chilioel\\\/\",\"name\":\"Trouble & Spice Smokin' Se\u00f1orita - Mexikanisches Crispy Chili\u00f6l - Heatsupply\",\"isPartOf\":{\"@id\":\"https:\\\/\\\/www.heatsupply.nl\\\/de\\\/#website\"},\"primaryImageOfPage\":{\"@id\":\"https:\\\/\\\/www.heatsupply.nl\\\/de\\\/produkt\\\/trouble-spice-smokin-senorita-mexikanisches-crispy-chilioel\\\/#primaryimage\"},\"image\":{\"@id\":\"https:\\\/\\\/www.heatsupply.nl\\\/de\\\/produkt\\\/trouble-spice-smokin-senorita-mexikanisches-crispy-chilioel\\\/#primaryimage\"},\"thumbnailUrl\":\"https:\\\/\\\/www.heatsupply.nl\\\/wp-content\\\/uploads\\\/2024\\\/07\\\/trouble-spice-mexican-crispy-chilli-oil.jpg\",\"datePublished\":\"2024-07-10T13:08:58+00:00\",\"dateModified\":\"2026-03-12T11:44:47+00:00\",\"description\":\"Dieses Trouble & Spice Smokin' Senorita ist ein k\u00f6stliches mexikanisches crispy Chili\u00f6l. Geben Sie dieses Zeug auf Ihre Tacos, Nachos oder Avocados.\",\"breadcrumb\":{\"@id\":\"https:\\\/\\\/www.heatsupply.nl\\\/de\\\/produkt\\\/trouble-spice-smokin-senorita-mexikanisches-crispy-chilioel\\\/#breadcrumb\"},\"inLanguage\":\"de\",\"potentialAction\":[{\"@type\":\"ReadAction\",\"target\":[\"https:\\\/\\\/www.heatsupply.nl\\\/de\\\/produkt\\\/trouble-spice-smokin-senorita-mexikanisches-crispy-chilioel\\\/\"]}]},{\"@type\":\"ImageObject\",\"inLanguage\":\"de\",\"@id\":\"https:\\\/\\\/www.heatsupply.nl\\\/de\\\/produkt\\\/trouble-spice-smokin-senorita-mexikanisches-crispy-chilioel\\\/#primaryimage\",\"url\":\"https:\\\/\\\/www.heatsupply.nl\\\/wp-content\\\/uploads\\\/2024\\\/07\\\/trouble-spice-mexican-crispy-chilli-oil.jpg\",\"contentUrl\":\"https:\\\/\\\/www.heatsupply.nl\\\/wp-content\\\/uploads\\\/2024\\\/07\\\/trouble-spice-mexican-crispy-chilli-oil.jpg\",\"width\":1400,\"height\":1400,\"caption\":\"trouble & Spice Smokin Senorita Mexican Crispy Chilli Oil\"},{\"@type\":\"BreadcrumbList\",\"@id\":\"https:\\\/\\\/www.heatsupply.nl\\\/de\\\/produkt\\\/trouble-spice-smokin-senorita-mexikanisches-crispy-chilioel\\\/#breadcrumb\",\"itemListElement\":[{\"@type\":\"ListItem\",\"position\":1,\"name\":\"Home\",\"item\":\"https:\\\/\\\/www.heatsupply.nl\\\/de\\\/\"},{\"@type\":\"ListItem\",\"position\":2,\"name\":\"Alle produkten\",\"item\":\"https:\\\/\\\/www.heatsupply.nl\\\/de\\\/alle-produkten\\\/\"},{\"@type\":\"ListItem\",\"position\":3,\"name\":\"Crispy Chili Oil\",\"item\":\"https:\\\/\\\/www.heatsupply.nl\\\/de\\\/crispy-chilioel\\\/\"},{\"@type\":\"ListItem\",\"position\":4,\"name\":\"Trouble &#038; Spice Smokin&#8217; Se\u00f1orita &#8211; Mexikanisches Crispy Chili\u00f6l\"}]},{\"@type\":\"WebSite\",\"@id\":\"https:\\\/\\\/www.heatsupply.nl\\\/de\\\/#website\",\"url\":\"https:\\\/\\\/www.heatsupply.nl\\\/de\\\/\",\"name\":\"Heatsupply\",\"description\":\"Hot sauce webstore #1 in Europe\",\"publisher\":{\"@id\":\"https:\\\/\\\/www.heatsupply.nl\\\/de\\\/#organization\"},\"potentialAction\":[{\"@type\":\"SearchAction\",\"target\":{\"@type\":\"EntryPoint\",\"urlTemplate\":\"https:\\\/\\\/www.heatsupply.nl\\\/de\\\/?s={search_term_string}\"},\"query-input\":{\"@type\":\"PropertyValueSpecification\",\"valueRequired\":true,\"valueName\":\"search_term_string\"}}],\"inLanguage\":\"de\"},{\"@type\":\"Organization\",\"@id\":\"https:\\\/\\\/www.heatsupply.nl\\\/de\\\/#organization\",\"name\":\"Heatsupply\",\"url\":\"https:\\\/\\\/www.heatsupply.nl\\\/de\\\/\",\"logo\":{\"@type\":\"ImageObject\",\"inLanguage\":\"de\",\"@id\":\"https:\\\/\\\/www.heatsupply.nl\\\/de\\\/#\\\/schema\\\/logo\\\/image\\\/\",\"url\":\"https:\\\/\\\/www.heatsupply.nl\\\/wp-content\\\/uploads\\\/2022\\\/10\\\/heatsupply-logo-rood.jpg\",\"contentUrl\":\"https:\\\/\\\/www.heatsupply.nl\\\/wp-content\\\/uploads\\\/2022\\\/10\\\/heatsupply-logo-rood.jpg\",\"width\":1000,\"height\":335,\"caption\":\"Heatsupply\"},\"image\":{\"@id\":\"https:\\\/\\\/www.heatsupply.nl\\\/de\\\/#\\\/schema\\\/logo\\\/image\\\/\"},\"sameAs\":[\"https:\\\/\\\/www.facebook.com\\\/heatsupplyNL\",\"https:\\\/\\\/www.instagram.com\\\/heatsuppy.nl\",\"https:\\\/\\\/www.youtube.com\\\/channel\\\/UC5pOWqQtljvxTz2SMWGWCsw\"]}]}<\/script>\n<meta property=\"product:price:amount\" content=\"9.95\" \/>\n<meta property=\"product:price:currency\" content=\"EUR\" \/>\n<meta property=\"og:availability\" content=\"out of stock\" \/>\n<meta property=\"product:availability\" content=\"out of stock\" \/>\n<meta property=\"product:retailer_item_id\" content=\"TSMEX001\" \/>\n<meta property=\"product:condition\" content=\"new\" \/>\n<!-- \/ Yoast SEO Premium plugin. -->","yoast_head_json":{"title":"Trouble & Spice Smokin' Se\u00f1orita - Mexikanisches Crispy Chili\u00f6l - Heatsupply","description":"Dieses Trouble & Spice Smokin' Senorita ist ein k\u00f6stliches mexikanisches crispy Chili\u00f6l. Geben Sie dieses Zeug auf Ihre Tacos, Nachos oder Avocados.","robots":{"index":"index","follow":"follow","max-snippet":"max-snippet:-1","max-image-preview":"max-image-preview:large","max-video-preview":"max-video-preview:-1"},"canonical":"https:\/\/www.heatsupply.nl\/de\/produkt\/trouble-spice-smokin-senorita-mexikanisches-crispy-chilioel\/","og_locale":"de_DE","og_type":"article","og_title":"Trouble & Spice Smokin' Se\u00f1orita - Mexikanisches Crispy Chili\u00f6l","og_description":"Dieses Trouble & Spice Smokin' Senorita ist ein k\u00f6stliches mexikanisches crispy Chili\u00f6l. Geben Sie dieses Zeug auf Ihre Tacos, Nachos oder Avocados.","og_url":"https:\/\/www.heatsupply.nl\/de\/produkt\/trouble-spice-smokin-senorita-mexikanisches-crispy-chilioel\/","og_site_name":"Heatsupply","article_publisher":"https:\/\/www.facebook.com\/heatsupplyNL","article_modified_time":"2026-03-12T11:44:47+00:00","og_image":[{"width":1400,"height":1400,"url":"https:\/\/www.heatsupply.nl\/wp-content\/uploads\/2024\/07\/trouble-spice-mexican-crispy-chilli-oil.jpg","type":"image\/jpeg"}],"twitter_card":"summary_large_image","twitter_misc":{"Preis":"&euro;9,95","Verf\u00fcgbarkeit":"ausverkauft"},"schema":{"@context":"https:\/\/schema.org","@graph":[{"@type":"WebPage","@id":"https:\/\/www.heatsupply.nl\/de\/produkt\/trouble-spice-smokin-senorita-mexikanisches-crispy-chilioel\/","url":"https:\/\/www.heatsupply.nl\/de\/produkt\/trouble-spice-smokin-senorita-mexikanisches-crispy-chilioel\/","name":"Trouble & Spice Smokin' Se\u00f1orita - Mexikanisches Crispy Chili\u00f6l - Heatsupply","isPartOf":{"@id":"https:\/\/www.heatsupply.nl\/de\/#website"},"primaryImageOfPage":{"@id":"https:\/\/www.heatsupply.nl\/de\/produkt\/trouble-spice-smokin-senorita-mexikanisches-crispy-chilioel\/#primaryimage"},"image":{"@id":"https:\/\/www.heatsupply.nl\/de\/produkt\/trouble-spice-smokin-senorita-mexikanisches-crispy-chilioel\/#primaryimage"},"thumbnailUrl":"https:\/\/www.heatsupply.nl\/wp-content\/uploads\/2024\/07\/trouble-spice-mexican-crispy-chilli-oil.jpg","datePublished":"2024-07-10T13:08:58+00:00","dateModified":"2026-03-12T11:44:47+00:00","description":"Dieses Trouble & Spice Smokin' Senorita ist ein k\u00f6stliches mexikanisches crispy Chili\u00f6l. Geben Sie dieses Zeug auf Ihre Tacos, Nachos oder Avocados.","breadcrumb":{"@id":"https:\/\/www.heatsupply.nl\/de\/produkt\/trouble-spice-smokin-senorita-mexikanisches-crispy-chilioel\/#breadcrumb"},"inLanguage":"de","potentialAction":[{"@type":"ReadAction","target":["https:\/\/www.heatsupply.nl\/de\/produkt\/trouble-spice-smokin-senorita-mexikanisches-crispy-chilioel\/"]}]},{"@type":"ImageObject","inLanguage":"de","@id":"https:\/\/www.heatsupply.nl\/de\/produkt\/trouble-spice-smokin-senorita-mexikanisches-crispy-chilioel\/#primaryimage","url":"https:\/\/www.heatsupply.nl\/wp-content\/uploads\/2024\/07\/trouble-spice-mexican-crispy-chilli-oil.jpg","contentUrl":"https:\/\/www.heatsupply.nl\/wp-content\/uploads\/2024\/07\/trouble-spice-mexican-crispy-chilli-oil.jpg","width":1400,"height":1400,"caption":"trouble & Spice Smokin Senorita Mexican Crispy Chilli Oil"},{"@type":"BreadcrumbList","@id":"https:\/\/www.heatsupply.nl\/de\/produkt\/trouble-spice-smokin-senorita-mexikanisches-crispy-chilioel\/#breadcrumb","itemListElement":[{"@type":"ListItem","position":1,"name":"Home","item":"https:\/\/www.heatsupply.nl\/de\/"},{"@type":"ListItem","position":2,"name":"Alle produkten","item":"https:\/\/www.heatsupply.nl\/de\/alle-produkten\/"},{"@type":"ListItem","position":3,"name":"Crispy Chili Oil","item":"https:\/\/www.heatsupply.nl\/de\/crispy-chilioel\/"},{"@type":"ListItem","position":4,"name":"Trouble &#038; Spice Smokin&#8217; Se\u00f1orita &#8211; Mexikanisches Crispy Chili\u00f6l"}]},{"@type":"WebSite","@id":"https:\/\/www.heatsupply.nl\/de\/#website","url":"https:\/\/www.heatsupply.nl\/de\/","name":"Heatsupply","description":"Hot sauce webstore #1 in Europe","publisher":{"@id":"https:\/\/www.heatsupply.nl\/de\/#organization"},"potentialAction":[{"@type":"SearchAction","target":{"@type":"EntryPoint","urlTemplate":"https:\/\/www.heatsupply.nl\/de\/?s={search_term_string}"},"query-input":{"@type":"PropertyValueSpecification","valueRequired":true,"valueName":"search_term_string"}}],"inLanguage":"de"},{"@type":"Organization","@id":"https:\/\/www.heatsupply.nl\/de\/#organization","name":"Heatsupply","url":"https:\/\/www.heatsupply.nl\/de\/","logo":{"@type":"ImageObject","inLanguage":"de","@id":"https:\/\/www.heatsupply.nl\/de\/#\/schema\/logo\/image\/","url":"https:\/\/www.heatsupply.nl\/wp-content\/uploads\/2022\/10\/heatsupply-logo-rood.jpg","contentUrl":"https:\/\/www.heatsupply.nl\/wp-content\/uploads\/2022\/10\/heatsupply-logo-rood.jpg","width":1000,"height":335,"caption":"Heatsupply"},"image":{"@id":"https:\/\/www.heatsupply.nl\/de\/#\/schema\/logo\/image\/"},"sameAs":["https:\/\/www.facebook.com\/heatsupplyNL","https:\/\/www.instagram.com\/heatsuppy.nl","https:\/\/www.youtube.com\/channel\/UC5pOWqQtljvxTz2SMWGWCsw"]}]},"product_price_amount":"9.95","product_price_currency":"EUR","og_availability":"out of stock","product_availability":"out of stock","product_retailer_item_id":"TSMEX001","product_condition":"new"},"_links":{"self":[{"href":"https:\/\/www.heatsupply.nl\/de\/wp-json\/wp\/v2\/product\/153516","targetHints":{"allow":["GET"]}}],"collection":[{"href":"https:\/\/www.heatsupply.nl\/de\/wp-json\/wp\/v2\/product"}],"about":[{"href":"https:\/\/www.heatsupply.nl\/de\/wp-json\/wp\/v2\/types\/product"}],"replies":[{"embeddable":true,"href":"https:\/\/www.heatsupply.nl\/de\/wp-json\/wp\/v2\/comments?post=153516"}],"wp:featuredmedia":[{"embeddable":true,"href":"https:\/\/www.heatsupply.nl\/de\/wp-json\/wp\/v2\/media\/153540"}],"wp:attachment":[{"href":"https:\/\/www.heatsupply.nl\/de\/wp-json\/wp\/v2\/media?parent=153516"}],"wp:term":[{"taxonomy":"product_brand","embeddable":true,"href":"https:\/\/www.heatsupply.nl\/de\/wp-json\/wp\/v2\/product_brand?post=153516"},{"taxonomy":"product_cat","embeddable":true,"href":"https:\/\/www.heatsupply.nl\/de\/wp-json\/wp\/v2\/product_cat?post=153516"},{"taxonomy":"product_tag","embeddable":true,"href":"https:\/\/www.heatsupply.nl\/de\/wp-json\/wp\/v2\/product_tag?post=153516"}],"curies":[{"name":"wp","href":"https:\/\/api.w.org\/{rel}","templated":true}]}}