{"id":153459,"date":"2024-07-09T13:17:10","date_gmt":"2024-07-09T11:17:10","guid":{"rendered":"https:\/\/www.heatsupply.nl\/product\/perfect-pan-pizza-peter-reinhart\/"},"modified":"2024-09-24T11:11:52","modified_gmt":"2024-09-24T09:11:52","slug":"perfect-pan-pizza-peter-reinhart","status":"publish","type":"product","link":"https:\/\/www.heatsupply.nl\/de\/produkt\/perfect-pan-pizza-peter-reinhart\/","title":{"rendered":"Perfect Pan Pizza &#8211; Peter Reinhart"},"content":{"rendered":"<p>Titel: Perfect Pan Pizza<br \/>\nAutor: Peter Reinhart<br \/>\nSeitenzahl: 192<br \/>\nISBN: 9780399581953<br \/>\nSprache: Englisch<br \/>\nErscheinungsdatum: Mai 2019<\/p>\n","protected":false},"excerpt":{"rendered":"<p style=\"text-align: justify;\">Perfect Pan Pizza, der Titel sagt eigentlich schon alles. In diesem Buch erkl\u00e4rt Peter Reinhart, Experte f\u00fcr Brotbacken, wie man die leckersten Pfannenpizzen zubereitet. Er l\u00e4sst keinen Schritt aus. Er beginnt nat\u00fcrlich mit dem Teig und erkl\u00e4rt, welche Ausr\u00fcstung (wie Lloydpans Pfannen) man ben\u00f6tigt. Anschlie\u00dfend pr\u00e4sentiert er zahlreiche Rezepte f\u00fcr verschiedene Pfannenpizza-Varianten wie Detroit Style, Sizilianischer Stil, Chicago Style, Blechpizza, Focaccia und mehr.<\/p>\n<p style=\"text-align: justify;\">Seitenanzahl: 192<\/p>\n","protected":false},"featured_media":153405,"comment_status":"open","ping_status":"closed","template":"","meta":{"_acf_changed":false},"product_brand":[],"product_cat":[3794],"product_tag":[],"class_list":{"0":"post-153459","1":"product","2":"type-product","3":"status-publish","4":"has-post-thumbnail","6":"product_cat-essen","8":"first","9":"outofstock","10":"sale","11":"taxable","12":"shipping-taxable","13":"purchasable","14":"product-type-simple"},"bundled_by":[],"bundle_stock_status":"outofstock","bundle_stock_quantity":0,"bundle_virtual":false,"bundle_layout":"","bundle_add_to_cart_form_location":"","bundle_editable_in_cart":false,"bundle_sold_individually_context":"","bundle_item_grouping":"","bundle_min_size":"","bundle_max_size":"","bundle_price":[],"bundled_items":[],"bundle_sell_ids":[],"acf":[],"yoast_head":"<!-- This site is optimized with the Yoast SEO Premium plugin v27.5 (Yoast SEO v27.5) - https:\/\/yoast.com\/product\/yoast-seo-premium-wordpress\/ -->\n<title>Perfect Pan Pizza - Peter Reinhart - Heatsupply<\/title>\n<meta name=\"description\" content=\"In diesem Buch erkl\u00e4rt Peter Reinhart, Experte f\u00fcr Brotbacken, wie man die leckersten Pfannenpizzen (von Detroit bis Sizilien) zubereitet. Jetzt bestellen.\" \/>\n<meta name=\"robots\" content=\"index, follow, max-snippet:-1, max-image-preview:large, max-video-preview:-1\" \/>\n<link rel=\"canonical\" href=\"https:\/\/www.heatsupply.nl\/de\/produkt\/perfect-pan-pizza-peter-reinhart\/\" \/>\n<meta property=\"og:locale\" content=\"de_DE\" \/>\n<meta property=\"og:type\" content=\"article\" \/>\n<meta property=\"og:title\" content=\"Perfect Pan Pizza - Peter Reinhart\" \/>\n<meta property=\"og:description\" content=\"In diesem Buch erkl\u00e4rt Peter Reinhart, Experte f\u00fcr Brotbacken, wie man die leckersten Pfannenpizzen (von Detroit bis Sizilien) zubereitet. Jetzt bestellen.\" \/>\n<meta property=\"og:url\" content=\"https:\/\/www.heatsupply.nl\/de\/produkt\/perfect-pan-pizza-peter-reinhart\/\" \/>\n<meta property=\"og:site_name\" content=\"Heatsupply\" \/>\n<meta property=\"article:publisher\" content=\"https:\/\/www.facebook.com\/heatsupplyNL\" \/>\n<meta property=\"article:modified_time\" content=\"2024-09-24T09:11:52+00:00\" \/>\n<meta property=\"og:image\" content=\"https:\/\/www.heatsupply.nl\/wp-content\/uploads\/2024\/07\/perfect-pan-pizza-boek.jpg\" \/>\n\t<meta property=\"og:image:width\" content=\"1600\" \/>\n\t<meta property=\"og:image:height\" content=\"1600\" \/>\n\t<meta property=\"og:image:type\" content=\"image\/jpeg\" \/>\n<meta name=\"twitter:card\" content=\"summary_large_image\" \/>\n<meta name=\"twitter:label1\" content=\"Preis\" \/>\n\t<meta name=\"twitter:data1\" content=\"&euro;19,95\" \/>\n\t<meta name=\"twitter:label2\" content=\"Verf\u00fcgbarkeit\" \/>\n\t<meta name=\"twitter:data2\" content=\"ausverkauft\" \/>\n<script type=\"application\/ld+json\" class=\"yoast-schema-graph\">{\"@context\":\"https:\\\/\\\/schema.org\",\"@graph\":[{\"@type\":\"WebPage\",\"@id\":\"https:\\\/\\\/www.heatsupply.nl\\\/de\\\/produkt\\\/perfect-pan-pizza-peter-reinhart\\\/\",\"url\":\"https:\\\/\\\/www.heatsupply.nl\\\/de\\\/produkt\\\/perfect-pan-pizza-peter-reinhart\\\/\",\"name\":\"Perfect Pan Pizza - Peter Reinhart - Heatsupply\",\"isPartOf\":{\"@id\":\"https:\\\/\\\/www.heatsupply.nl\\\/de\\\/#website\"},\"primaryImageOfPage\":{\"@id\":\"https:\\\/\\\/www.heatsupply.nl\\\/de\\\/produkt\\\/perfect-pan-pizza-peter-reinhart\\\/#primaryimage\"},\"image\":{\"@id\":\"https:\\\/\\\/www.heatsupply.nl\\\/de\\\/produkt\\\/perfect-pan-pizza-peter-reinhart\\\/#primaryimage\"},\"thumbnailUrl\":\"https:\\\/\\\/www.heatsupply.nl\\\/wp-content\\\/uploads\\\/2024\\\/07\\\/perfect-pan-pizza-boek.jpg\",\"datePublished\":\"2024-07-09T11:17:10+00:00\",\"dateModified\":\"2024-09-24T09:11:52+00:00\",\"description\":\"In diesem Buch erkl\u00e4rt Peter Reinhart, Experte f\u00fcr Brotbacken, wie man die leckersten Pfannenpizzen (von Detroit bis Sizilien) zubereitet. Jetzt bestellen.\",\"breadcrumb\":{\"@id\":\"https:\\\/\\\/www.heatsupply.nl\\\/de\\\/produkt\\\/perfect-pan-pizza-peter-reinhart\\\/#breadcrumb\"},\"inLanguage\":\"de\",\"potentialAction\":[{\"@type\":\"ReadAction\",\"target\":[\"https:\\\/\\\/www.heatsupply.nl\\\/de\\\/produkt\\\/perfect-pan-pizza-peter-reinhart\\\/\"]}]},{\"@type\":\"ImageObject\",\"inLanguage\":\"de\",\"@id\":\"https:\\\/\\\/www.heatsupply.nl\\\/de\\\/produkt\\\/perfect-pan-pizza-peter-reinhart\\\/#primaryimage\",\"url\":\"https:\\\/\\\/www.heatsupply.nl\\\/wp-content\\\/uploads\\\/2024\\\/07\\\/perfect-pan-pizza-boek.jpg\",\"contentUrl\":\"https:\\\/\\\/www.heatsupply.nl\\\/wp-content\\\/uploads\\\/2024\\\/07\\\/perfect-pan-pizza-boek.jpg\",\"width\":1600,\"height\":1600},{\"@type\":\"BreadcrumbList\",\"@id\":\"https:\\\/\\\/www.heatsupply.nl\\\/de\\\/produkt\\\/perfect-pan-pizza-peter-reinhart\\\/#breadcrumb\",\"itemListElement\":[{\"@type\":\"ListItem\",\"position\":1,\"name\":\"Home\",\"item\":\"https:\\\/\\\/www.heatsupply.nl\\\/de\\\/\"},{\"@type\":\"ListItem\",\"position\":2,\"name\":\"Alle produkten\",\"item\":\"https:\\\/\\\/www.heatsupply.nl\\\/de\\\/alle-produkten\\\/\"},{\"@type\":\"ListItem\",\"position\":3,\"name\":\"Andere produkte\",\"item\":\"https:\\\/\\\/www.heatsupply.nl\\\/de\\\/andere-produkte\\\/\"},{\"@type\":\"ListItem\",\"position\":4,\"name\":\"Essen\",\"item\":\"https:\\\/\\\/www.heatsupply.nl\\\/de\\\/essen\\\/\"},{\"@type\":\"ListItem\",\"position\":5,\"name\":\"Perfect Pan Pizza &#8211; Peter Reinhart\"}]},{\"@type\":\"WebSite\",\"@id\":\"https:\\\/\\\/www.heatsupply.nl\\\/de\\\/#website\",\"url\":\"https:\\\/\\\/www.heatsupply.nl\\\/de\\\/\",\"name\":\"Heatsupply\",\"description\":\"Hot sauce webstore #1 in Europe\",\"publisher\":{\"@id\":\"https:\\\/\\\/www.heatsupply.nl\\\/de\\\/#organization\"},\"potentialAction\":[{\"@type\":\"SearchAction\",\"target\":{\"@type\":\"EntryPoint\",\"urlTemplate\":\"https:\\\/\\\/www.heatsupply.nl\\\/de\\\/?s={search_term_string}\"},\"query-input\":{\"@type\":\"PropertyValueSpecification\",\"valueRequired\":true,\"valueName\":\"search_term_string\"}}],\"inLanguage\":\"de\"},{\"@type\":\"Organization\",\"@id\":\"https:\\\/\\\/www.heatsupply.nl\\\/de\\\/#organization\",\"name\":\"Heatsupply\",\"url\":\"https:\\\/\\\/www.heatsupply.nl\\\/de\\\/\",\"logo\":{\"@type\":\"ImageObject\",\"inLanguage\":\"de\",\"@id\":\"https:\\\/\\\/www.heatsupply.nl\\\/de\\\/#\\\/schema\\\/logo\\\/image\\\/\",\"url\":\"https:\\\/\\\/www.heatsupply.nl\\\/wp-content\\\/uploads\\\/2022\\\/10\\\/heatsupply-logo-rood.jpg\",\"contentUrl\":\"https:\\\/\\\/www.heatsupply.nl\\\/wp-content\\\/uploads\\\/2022\\\/10\\\/heatsupply-logo-rood.jpg\",\"width\":1000,\"height\":335,\"caption\":\"Heatsupply\"},\"image\":{\"@id\":\"https:\\\/\\\/www.heatsupply.nl\\\/de\\\/#\\\/schema\\\/logo\\\/image\\\/\"},\"sameAs\":[\"https:\\\/\\\/www.facebook.com\\\/heatsupplyNL\",\"https:\\\/\\\/www.instagram.com\\\/heatsuppy.nl\",\"https:\\\/\\\/www.youtube.com\\\/channel\\\/UC5pOWqQtljvxTz2SMWGWCsw\"]}]}<\/script>\n<meta property=\"product:price:amount\" content=\"19.95\" \/>\n<meta property=\"product:price:currency\" content=\"EUR\" \/>\n<meta property=\"og:availability\" content=\"out of stock\" \/>\n<meta property=\"product:availability\" content=\"out of stock\" \/>\n<meta property=\"product:retailer_item_id\" content=\"PPP001\" \/>\n<meta property=\"product:condition\" content=\"new\" \/>\n<!-- \/ Yoast SEO Premium plugin. -->","yoast_head_json":{"title":"Perfect Pan Pizza - Peter Reinhart - Heatsupply","description":"In diesem Buch erkl\u00e4rt Peter Reinhart, Experte f\u00fcr Brotbacken, wie man die leckersten Pfannenpizzen (von Detroit bis Sizilien) zubereitet. Jetzt bestellen.","robots":{"index":"index","follow":"follow","max-snippet":"max-snippet:-1","max-image-preview":"max-image-preview:large","max-video-preview":"max-video-preview:-1"},"canonical":"https:\/\/www.heatsupply.nl\/de\/produkt\/perfect-pan-pizza-peter-reinhart\/","og_locale":"de_DE","og_type":"article","og_title":"Perfect Pan Pizza - Peter Reinhart","og_description":"In diesem Buch erkl\u00e4rt Peter Reinhart, Experte f\u00fcr Brotbacken, wie man die leckersten Pfannenpizzen (von Detroit bis Sizilien) zubereitet. Jetzt bestellen.","og_url":"https:\/\/www.heatsupply.nl\/de\/produkt\/perfect-pan-pizza-peter-reinhart\/","og_site_name":"Heatsupply","article_publisher":"https:\/\/www.facebook.com\/heatsupplyNL","article_modified_time":"2024-09-24T09:11:52+00:00","og_image":[{"width":1600,"height":1600,"url":"https:\/\/www.heatsupply.nl\/wp-content\/uploads\/2024\/07\/perfect-pan-pizza-boek.jpg","type":"image\/jpeg"}],"twitter_card":"summary_large_image","twitter_misc":{"Preis":"&euro;19,95","Verf\u00fcgbarkeit":"ausverkauft"},"schema":{"@context":"https:\/\/schema.org","@graph":[{"@type":"WebPage","@id":"https:\/\/www.heatsupply.nl\/de\/produkt\/perfect-pan-pizza-peter-reinhart\/","url":"https:\/\/www.heatsupply.nl\/de\/produkt\/perfect-pan-pizza-peter-reinhart\/","name":"Perfect Pan Pizza - Peter Reinhart - Heatsupply","isPartOf":{"@id":"https:\/\/www.heatsupply.nl\/de\/#website"},"primaryImageOfPage":{"@id":"https:\/\/www.heatsupply.nl\/de\/produkt\/perfect-pan-pizza-peter-reinhart\/#primaryimage"},"image":{"@id":"https:\/\/www.heatsupply.nl\/de\/produkt\/perfect-pan-pizza-peter-reinhart\/#primaryimage"},"thumbnailUrl":"https:\/\/www.heatsupply.nl\/wp-content\/uploads\/2024\/07\/perfect-pan-pizza-boek.jpg","datePublished":"2024-07-09T11:17:10+00:00","dateModified":"2024-09-24T09:11:52+00:00","description":"In diesem Buch erkl\u00e4rt Peter Reinhart, Experte f\u00fcr Brotbacken, wie man die leckersten Pfannenpizzen (von Detroit bis Sizilien) zubereitet. Jetzt bestellen.","breadcrumb":{"@id":"https:\/\/www.heatsupply.nl\/de\/produkt\/perfect-pan-pizza-peter-reinhart\/#breadcrumb"},"inLanguage":"de","potentialAction":[{"@type":"ReadAction","target":["https:\/\/www.heatsupply.nl\/de\/produkt\/perfect-pan-pizza-peter-reinhart\/"]}]},{"@type":"ImageObject","inLanguage":"de","@id":"https:\/\/www.heatsupply.nl\/de\/produkt\/perfect-pan-pizza-peter-reinhart\/#primaryimage","url":"https:\/\/www.heatsupply.nl\/wp-content\/uploads\/2024\/07\/perfect-pan-pizza-boek.jpg","contentUrl":"https:\/\/www.heatsupply.nl\/wp-content\/uploads\/2024\/07\/perfect-pan-pizza-boek.jpg","width":1600,"height":1600},{"@type":"BreadcrumbList","@id":"https:\/\/www.heatsupply.nl\/de\/produkt\/perfect-pan-pizza-peter-reinhart\/#breadcrumb","itemListElement":[{"@type":"ListItem","position":1,"name":"Home","item":"https:\/\/www.heatsupply.nl\/de\/"},{"@type":"ListItem","position":2,"name":"Alle produkten","item":"https:\/\/www.heatsupply.nl\/de\/alle-produkten\/"},{"@type":"ListItem","position":3,"name":"Andere produkte","item":"https:\/\/www.heatsupply.nl\/de\/andere-produkte\/"},{"@type":"ListItem","position":4,"name":"Essen","item":"https:\/\/www.heatsupply.nl\/de\/essen\/"},{"@type":"ListItem","position":5,"name":"Perfect Pan Pizza &#8211; Peter Reinhart"}]},{"@type":"WebSite","@id":"https:\/\/www.heatsupply.nl\/de\/#website","url":"https:\/\/www.heatsupply.nl\/de\/","name":"Heatsupply","description":"Hot sauce webstore #1 in Europe","publisher":{"@id":"https:\/\/www.heatsupply.nl\/de\/#organization"},"potentialAction":[{"@type":"SearchAction","target":{"@type":"EntryPoint","urlTemplate":"https:\/\/www.heatsupply.nl\/de\/?s={search_term_string}"},"query-input":{"@type":"PropertyValueSpecification","valueRequired":true,"valueName":"search_term_string"}}],"inLanguage":"de"},{"@type":"Organization","@id":"https:\/\/www.heatsupply.nl\/de\/#organization","name":"Heatsupply","url":"https:\/\/www.heatsupply.nl\/de\/","logo":{"@type":"ImageObject","inLanguage":"de","@id":"https:\/\/www.heatsupply.nl\/de\/#\/schema\/logo\/image\/","url":"https:\/\/www.heatsupply.nl\/wp-content\/uploads\/2022\/10\/heatsupply-logo-rood.jpg","contentUrl":"https:\/\/www.heatsupply.nl\/wp-content\/uploads\/2022\/10\/heatsupply-logo-rood.jpg","width":1000,"height":335,"caption":"Heatsupply"},"image":{"@id":"https:\/\/www.heatsupply.nl\/de\/#\/schema\/logo\/image\/"},"sameAs":["https:\/\/www.facebook.com\/heatsupplyNL","https:\/\/www.instagram.com\/heatsuppy.nl","https:\/\/www.youtube.com\/channel\/UC5pOWqQtljvxTz2SMWGWCsw"]}]},"product_price_amount":"19.95","product_price_currency":"EUR","og_availability":"out of stock","product_availability":"out of stock","product_retailer_item_id":"PPP001","product_condition":"new"},"_links":{"self":[{"href":"https:\/\/www.heatsupply.nl\/de\/wp-json\/wp\/v2\/product\/153459","targetHints":{"allow":["GET"]}}],"collection":[{"href":"https:\/\/www.heatsupply.nl\/de\/wp-json\/wp\/v2\/product"}],"about":[{"href":"https:\/\/www.heatsupply.nl\/de\/wp-json\/wp\/v2\/types\/product"}],"replies":[{"embeddable":true,"href":"https:\/\/www.heatsupply.nl\/de\/wp-json\/wp\/v2\/comments?post=153459"}],"wp:featuredmedia":[{"embeddable":true,"href":"https:\/\/www.heatsupply.nl\/de\/wp-json\/wp\/v2\/media\/153405"}],"wp:attachment":[{"href":"https:\/\/www.heatsupply.nl\/de\/wp-json\/wp\/v2\/media?parent=153459"}],"wp:term":[{"taxonomy":"product_brand","embeddable":true,"href":"https:\/\/www.heatsupply.nl\/de\/wp-json\/wp\/v2\/product_brand?post=153459"},{"taxonomy":"product_cat","embeddable":true,"href":"https:\/\/www.heatsupply.nl\/de\/wp-json\/wp\/v2\/product_cat?post=153459"},{"taxonomy":"product_tag","embeddable":true,"href":"https:\/\/www.heatsupply.nl\/de\/wp-json\/wp\/v2\/product_tag?post=153459"}],"curies":[{"name":"wp","href":"https:\/\/api.w.org\/{rel}","templated":true}]}}