{"id":152839,"date":"2024-06-05T14:00:18","date_gmt":"2024-06-05T12:00:18","guid":{"rendered":"https:\/\/www.heatsupply.nl\/product\/good-heat-queso-sin-queso-hot-sauce\/"},"modified":"2026-05-12T12:24:13","modified_gmt":"2026-05-12T10:24:13","slug":"good-heat-queso-sin-queso-hot-sauce","status":"publish","type":"product","link":"https:\/\/www.heatsupply.nl\/de\/produkt\/good-heat-queso-sin-queso-hot-sauce\/","title":{"rendered":"Good Heat Queso Sin Queso Hot Sauce"},"content":{"rendered":"<p><strong>Good Heat Queso Sin Queso Hot Sauce Zutaten:<\/strong> Zwiebeln, Essig, roter Pfeffer, ger\u00f6stete rote Habaneros, Haferdrink (Wasser, Hafer, Raps\u00f6l, Meersalz), N\u00e4hrhefe, Raps\u00f6l, Salz, Knoblauch, Paprika, Gew\u00fcrze, Kurkuma, Zwiebelpulver, Ghost Pepper-Pulver.<\/p>\n<p>Diese scharfe So\u00dfe ist auch aus der YouTube-Show <strong>Hot Ones<\/strong> bekannt. In der 23. Staffel war diese So\u00dfe auf dem Hot Wing Nr. 5 von 10.<\/p>\n<p><span style=\"text-decoration: underline;\">N\u00e4hrwerte pro 100gr:<\/span><br \/>\nEnergie: 80 kcal<br \/>\nFett: 0 Gramm<br \/>\ndavon ges\u00e4ttigte Fetts\u00e4uren: 0 Gramm<br \/>\nKohlenhydrate: 0 Gramm<br \/>\ndavon Zucker: 0 Gramm<br \/>\nProtein: 0 Gramm<br \/>\nSalz: 1 Gramm<\/p>\n<p>Vor Gebrauch sch\u00fctteln. Nach dem \u00d6ffnen im K\u00fchlschrank aufbewahren.<\/p>\n","protected":false},"excerpt":{"rendered":"<p style=\"text-align: justify;\">Diese Queso Sin Queso scharfe So\u00dfe von Good Heat ist eine ganz einzigartige scharfe So\u00dfe. Es ist von Queso inspiriert, einer mexikanischen K\u00e4sesauce, die jedoch \u00fcberhaupt keinen K\u00e4se enth\u00e4lt! Das haben Sie tats\u00e4chlich richtig gelesen. Der Geschmack einer sch\u00f6nen w\u00fcrzigen K\u00e4sesauce, mit dem typischen Umami-Geschmack, aber auch f\u00fcr die Veganer unter uns geeignet. Dies ist das Ergebnis von 3 Jahren Entwicklungszeit und das Ergebnis kann sich sehen lassen. Das Geheimnis dieses Rezepts liegt vor allem in der N\u00e4hrhefe, die f\u00fcr den erkennbaren Geschmack sorgt. Zwiebeln, Habanero, Knoblauch, Kurkuma und Ghost Pepper-Pulver wurden hinzugef\u00fcgt. Eine furchtbar gute Erg\u00e4nzung zu allem, was man sonst mit K\u00e4se (oder einer veganen Alternative) \u00fcberwerfen w\u00fcrde. Nachos, Tacos, Burger, Hotdogs, (gehackte K\u00e4se-)Sandwiches und so weiter. Genius! Auch bekannt aus der YouTube-Show Hot Ones, wo diese Sauce in Staffel 23 bei Hot Wing 5 von 10 Punkten erreichte.<\/p>\n<ul>\n<li style=\"text-align: justify;\">Herkunft: Montreal, Kanada<\/li>\n<li style=\"text-align: justify;\">Inhalt: 148 ml<\/li>\n<\/ul>\n","protected":false},"featured_media":150609,"comment_status":"open","ping_status":"closed","template":"","meta":{"_acf_changed":false},"product_brand":[],"product_cat":[3931,3913,3789,3787,4046],"product_tag":[],"class_list":{"0":"post-152839","1":"product","2":"type-product","3":"status-publish","4":"has-post-thumbnail","6":"product_cat-ghost-pepper","7":"product_cat-habanero","8":"product_cat-hot-ones-saucen","9":"product_cat-scharfe-sossen","10":"product_cat-spicy","12":"first","13":"instock","14":"taxable","15":"shipping-taxable","16":"purchasable","17":"product-type-simple"},"bundled_by":[],"bundle_stock_status":"instock","bundle_stock_quantity":211,"bundle_virtual":false,"bundle_layout":"","bundle_add_to_cart_form_location":"","bundle_editable_in_cart":false,"bundle_sold_individually_context":"","bundle_item_grouping":"","bundle_min_size":"","bundle_max_size":"","bundle_price":[],"bundled_items":[],"bundle_sell_ids":[],"acf":[],"yoast_head":"<!-- This site is optimized with the Yoast SEO Premium plugin v27.5 (Yoast SEO v27.5) - https:\/\/yoast.com\/product\/yoast-seo-premium-wordpress\/ -->\n<title>Good Heat Queso Sin Queso Hot Sauce - Heatsupply<\/title>\n<meta name=\"description\" content=\"Diese scharfe Queso Sin Queso-Sauce schmeckt wie eine mexikanische K\u00e4sesauce, enth\u00e4lt aber keinen K\u00e4se! Exklusiv bei Heatsupply bestellen!\" \/>\n<meta name=\"robots\" content=\"index, follow, max-snippet:-1, max-image-preview:large, max-video-preview:-1\" \/>\n<link rel=\"canonical\" href=\"https:\/\/www.heatsupply.nl\/de\/produkt\/good-heat-queso-sin-queso-hot-sauce\/\" \/>\n<meta property=\"og:locale\" content=\"de_DE\" \/>\n<meta property=\"og:type\" content=\"article\" \/>\n<meta property=\"og:title\" content=\"Good Heat Queso Sin Queso Hot Sauce\" \/>\n<meta property=\"og:description\" content=\"Diese scharfe Queso Sin Queso-Sauce schmeckt wie eine mexikanische K\u00e4sesauce, enth\u00e4lt aber keinen K\u00e4se! Exklusiv bei Heatsupply bestellen!\" \/>\n<meta property=\"og:url\" content=\"https:\/\/www.heatsupply.nl\/de\/produkt\/good-heat-queso-sin-queso-hot-sauce\/\" \/>\n<meta property=\"og:site_name\" content=\"Heatsupply\" \/>\n<meta property=\"article:publisher\" content=\"https:\/\/www.facebook.com\/heatsupplyNL\" \/>\n<meta property=\"article:modified_time\" content=\"2026-05-12T10:24:13+00:00\" \/>\n<meta property=\"og:image\" content=\"https:\/\/www.heatsupply.nl\/wp-content\/uploads\/2024\/06\/queso-sin-queso-hot-sauce.jpg\" \/>\n\t<meta property=\"og:image:width\" content=\"1400\" \/>\n\t<meta property=\"og:image:height\" content=\"1400\" \/>\n\t<meta property=\"og:image:type\" content=\"image\/jpeg\" \/>\n<meta name=\"twitter:card\" content=\"summary_large_image\" \/>\n<meta name=\"twitter:label1\" content=\"Preis\" \/>\n\t<meta name=\"twitter:data1\" content=\"&euro;10,95\" \/>\n\t<meta name=\"twitter:label2\" content=\"Verf\u00fcgbarkeit\" \/>\n\t<meta name=\"twitter:data2\" content=\"Auf Lager\" \/>\n<script type=\"application\/ld+json\" class=\"yoast-schema-graph\">{\"@context\":\"https:\\\/\\\/schema.org\",\"@graph\":[{\"@type\":\"WebPage\",\"@id\":\"https:\\\/\\\/www.heatsupply.nl\\\/de\\\/produkt\\\/good-heat-queso-sin-queso-hot-sauce\\\/\",\"url\":\"https:\\\/\\\/www.heatsupply.nl\\\/de\\\/produkt\\\/good-heat-queso-sin-queso-hot-sauce\\\/\",\"name\":\"Good Heat Queso Sin Queso Hot Sauce - Heatsupply\",\"isPartOf\":{\"@id\":\"https:\\\/\\\/www.heatsupply.nl\\\/de\\\/#website\"},\"primaryImageOfPage\":{\"@id\":\"https:\\\/\\\/www.heatsupply.nl\\\/de\\\/produkt\\\/good-heat-queso-sin-queso-hot-sauce\\\/#primaryimage\"},\"image\":{\"@id\":\"https:\\\/\\\/www.heatsupply.nl\\\/de\\\/produkt\\\/good-heat-queso-sin-queso-hot-sauce\\\/#primaryimage\"},\"thumbnailUrl\":\"https:\\\/\\\/www.heatsupply.nl\\\/wp-content\\\/uploads\\\/2024\\\/06\\\/queso-sin-queso-hot-sauce.jpg\",\"datePublished\":\"2024-06-05T12:00:18+00:00\",\"dateModified\":\"2026-05-12T10:24:13+00:00\",\"description\":\"Diese scharfe Queso Sin Queso-Sauce schmeckt wie eine mexikanische K\u00e4sesauce, enth\u00e4lt aber keinen K\u00e4se! Exklusiv bei Heatsupply bestellen!\",\"breadcrumb\":{\"@id\":\"https:\\\/\\\/www.heatsupply.nl\\\/de\\\/produkt\\\/good-heat-queso-sin-queso-hot-sauce\\\/#breadcrumb\"},\"inLanguage\":\"de\",\"potentialAction\":[{\"@type\":\"ReadAction\",\"target\":[\"https:\\\/\\\/www.heatsupply.nl\\\/de\\\/produkt\\\/good-heat-queso-sin-queso-hot-sauce\\\/\"]}]},{\"@type\":\"ImageObject\",\"inLanguage\":\"de\",\"@id\":\"https:\\\/\\\/www.heatsupply.nl\\\/de\\\/produkt\\\/good-heat-queso-sin-queso-hot-sauce\\\/#primaryimage\",\"url\":\"https:\\\/\\\/www.heatsupply.nl\\\/wp-content\\\/uploads\\\/2024\\\/06\\\/queso-sin-queso-hot-sauce.jpg\",\"contentUrl\":\"https:\\\/\\\/www.heatsupply.nl\\\/wp-content\\\/uploads\\\/2024\\\/06\\\/queso-sin-queso-hot-sauce.jpg\",\"width\":1400,\"height\":1400,\"caption\":\"Good heat queso sin queso hot sauce\"},{\"@type\":\"BreadcrumbList\",\"@id\":\"https:\\\/\\\/www.heatsupply.nl\\\/de\\\/produkt\\\/good-heat-queso-sin-queso-hot-sauce\\\/#breadcrumb\",\"itemListElement\":[{\"@type\":\"ListItem\",\"position\":1,\"name\":\"Home\",\"item\":\"https:\\\/\\\/www.heatsupply.nl\\\/de\\\/\"},{\"@type\":\"ListItem\",\"position\":2,\"name\":\"Alle produkten\",\"item\":\"https:\\\/\\\/www.heatsupply.nl\\\/de\\\/alle-produkten\\\/\"},{\"@type\":\"ListItem\",\"position\":3,\"name\":\"Scharfe So\u00dfen\",\"item\":\"https:\\\/\\\/www.heatsupply.nl\\\/de\\\/scharfe-sossen\\\/\"},{\"@type\":\"ListItem\",\"position\":4,\"name\":\"Ghost Pepper\",\"item\":\"https:\\\/\\\/www.heatsupply.nl\\\/de\\\/scharfe-sossen\\\/ghost-pepper\\\/\"},{\"@type\":\"ListItem\",\"position\":5,\"name\":\"Good Heat Queso Sin Queso Hot Sauce\"}]},{\"@type\":\"WebSite\",\"@id\":\"https:\\\/\\\/www.heatsupply.nl\\\/de\\\/#website\",\"url\":\"https:\\\/\\\/www.heatsupply.nl\\\/de\\\/\",\"name\":\"Heatsupply\",\"description\":\"Hot sauce webstore #1 in Europe\",\"publisher\":{\"@id\":\"https:\\\/\\\/www.heatsupply.nl\\\/de\\\/#organization\"},\"potentialAction\":[{\"@type\":\"SearchAction\",\"target\":{\"@type\":\"EntryPoint\",\"urlTemplate\":\"https:\\\/\\\/www.heatsupply.nl\\\/de\\\/?s={search_term_string}\"},\"query-input\":{\"@type\":\"PropertyValueSpecification\",\"valueRequired\":true,\"valueName\":\"search_term_string\"}}],\"inLanguage\":\"de\"},{\"@type\":\"Organization\",\"@id\":\"https:\\\/\\\/www.heatsupply.nl\\\/de\\\/#organization\",\"name\":\"Heatsupply\",\"url\":\"https:\\\/\\\/www.heatsupply.nl\\\/de\\\/\",\"logo\":{\"@type\":\"ImageObject\",\"inLanguage\":\"de\",\"@id\":\"https:\\\/\\\/www.heatsupply.nl\\\/de\\\/#\\\/schema\\\/logo\\\/image\\\/\",\"url\":\"https:\\\/\\\/www.heatsupply.nl\\\/wp-content\\\/uploads\\\/2022\\\/10\\\/heatsupply-logo-rood.jpg\",\"contentUrl\":\"https:\\\/\\\/www.heatsupply.nl\\\/wp-content\\\/uploads\\\/2022\\\/10\\\/heatsupply-logo-rood.jpg\",\"width\":1000,\"height\":335,\"caption\":\"Heatsupply\"},\"image\":{\"@id\":\"https:\\\/\\\/www.heatsupply.nl\\\/de\\\/#\\\/schema\\\/logo\\\/image\\\/\"},\"sameAs\":[\"https:\\\/\\\/www.facebook.com\\\/heatsupplyNL\",\"https:\\\/\\\/www.instagram.com\\\/heatsuppy.nl\",\"https:\\\/\\\/www.youtube.com\\\/channel\\\/UC5pOWqQtljvxTz2SMWGWCsw\"]}]}<\/script>\n<meta property=\"product:brand\" content=\"Good Heat\" \/>\n<meta property=\"product:price:amount\" content=\"10.95\" \/>\n<meta property=\"product:price:currency\" content=\"EUR\" \/>\n<meta property=\"og:availability\" content=\"instock\" \/>\n<meta property=\"product:availability\" content=\"instock\" \/>\n<meta property=\"product:retailer_item_id\" content=\"QSQHS003\" \/>\n<meta property=\"product:condition\" content=\"new\" \/>\n<!-- \/ Yoast SEO Premium plugin. -->","yoast_head_json":{"title":"Good Heat Queso Sin Queso Hot Sauce - Heatsupply","description":"Diese scharfe Queso Sin Queso-Sauce schmeckt wie eine mexikanische K\u00e4sesauce, enth\u00e4lt aber keinen K\u00e4se! Exklusiv bei Heatsupply bestellen!","robots":{"index":"index","follow":"follow","max-snippet":"max-snippet:-1","max-image-preview":"max-image-preview:large","max-video-preview":"max-video-preview:-1"},"canonical":"https:\/\/www.heatsupply.nl\/de\/produkt\/good-heat-queso-sin-queso-hot-sauce\/","og_locale":"de_DE","og_type":"article","og_title":"Good Heat Queso Sin Queso Hot Sauce","og_description":"Diese scharfe Queso Sin Queso-Sauce schmeckt wie eine mexikanische K\u00e4sesauce, enth\u00e4lt aber keinen K\u00e4se! Exklusiv bei Heatsupply bestellen!","og_url":"https:\/\/www.heatsupply.nl\/de\/produkt\/good-heat-queso-sin-queso-hot-sauce\/","og_site_name":"Heatsupply","article_publisher":"https:\/\/www.facebook.com\/heatsupplyNL","article_modified_time":"2026-05-12T10:24:13+00:00","og_image":[{"width":1400,"height":1400,"url":"https:\/\/www.heatsupply.nl\/wp-content\/uploads\/2024\/06\/queso-sin-queso-hot-sauce.jpg","type":"image\/jpeg"}],"twitter_card":"summary_large_image","twitter_misc":{"Preis":"&euro;10,95","Verf\u00fcgbarkeit":"Auf Lager"},"schema":{"@context":"https:\/\/schema.org","@graph":[{"@type":"WebPage","@id":"https:\/\/www.heatsupply.nl\/de\/produkt\/good-heat-queso-sin-queso-hot-sauce\/","url":"https:\/\/www.heatsupply.nl\/de\/produkt\/good-heat-queso-sin-queso-hot-sauce\/","name":"Good Heat Queso Sin Queso Hot Sauce - Heatsupply","isPartOf":{"@id":"https:\/\/www.heatsupply.nl\/de\/#website"},"primaryImageOfPage":{"@id":"https:\/\/www.heatsupply.nl\/de\/produkt\/good-heat-queso-sin-queso-hot-sauce\/#primaryimage"},"image":{"@id":"https:\/\/www.heatsupply.nl\/de\/produkt\/good-heat-queso-sin-queso-hot-sauce\/#primaryimage"},"thumbnailUrl":"https:\/\/www.heatsupply.nl\/wp-content\/uploads\/2024\/06\/queso-sin-queso-hot-sauce.jpg","datePublished":"2024-06-05T12:00:18+00:00","dateModified":"2026-05-12T10:24:13+00:00","description":"Diese scharfe Queso Sin Queso-Sauce schmeckt wie eine mexikanische K\u00e4sesauce, enth\u00e4lt aber keinen K\u00e4se! Exklusiv bei Heatsupply bestellen!","breadcrumb":{"@id":"https:\/\/www.heatsupply.nl\/de\/produkt\/good-heat-queso-sin-queso-hot-sauce\/#breadcrumb"},"inLanguage":"de","potentialAction":[{"@type":"ReadAction","target":["https:\/\/www.heatsupply.nl\/de\/produkt\/good-heat-queso-sin-queso-hot-sauce\/"]}]},{"@type":"ImageObject","inLanguage":"de","@id":"https:\/\/www.heatsupply.nl\/de\/produkt\/good-heat-queso-sin-queso-hot-sauce\/#primaryimage","url":"https:\/\/www.heatsupply.nl\/wp-content\/uploads\/2024\/06\/queso-sin-queso-hot-sauce.jpg","contentUrl":"https:\/\/www.heatsupply.nl\/wp-content\/uploads\/2024\/06\/queso-sin-queso-hot-sauce.jpg","width":1400,"height":1400,"caption":"Good heat queso sin queso hot sauce"},{"@type":"BreadcrumbList","@id":"https:\/\/www.heatsupply.nl\/de\/produkt\/good-heat-queso-sin-queso-hot-sauce\/#breadcrumb","itemListElement":[{"@type":"ListItem","position":1,"name":"Home","item":"https:\/\/www.heatsupply.nl\/de\/"},{"@type":"ListItem","position":2,"name":"Alle produkten","item":"https:\/\/www.heatsupply.nl\/de\/alle-produkten\/"},{"@type":"ListItem","position":3,"name":"Scharfe So\u00dfen","item":"https:\/\/www.heatsupply.nl\/de\/scharfe-sossen\/"},{"@type":"ListItem","position":4,"name":"Ghost Pepper","item":"https:\/\/www.heatsupply.nl\/de\/scharfe-sossen\/ghost-pepper\/"},{"@type":"ListItem","position":5,"name":"Good Heat Queso Sin Queso Hot Sauce"}]},{"@type":"WebSite","@id":"https:\/\/www.heatsupply.nl\/de\/#website","url":"https:\/\/www.heatsupply.nl\/de\/","name":"Heatsupply","description":"Hot sauce webstore #1 in Europe","publisher":{"@id":"https:\/\/www.heatsupply.nl\/de\/#organization"},"potentialAction":[{"@type":"SearchAction","target":{"@type":"EntryPoint","urlTemplate":"https:\/\/www.heatsupply.nl\/de\/?s={search_term_string}"},"query-input":{"@type":"PropertyValueSpecification","valueRequired":true,"valueName":"search_term_string"}}],"inLanguage":"de"},{"@type":"Organization","@id":"https:\/\/www.heatsupply.nl\/de\/#organization","name":"Heatsupply","url":"https:\/\/www.heatsupply.nl\/de\/","logo":{"@type":"ImageObject","inLanguage":"de","@id":"https:\/\/www.heatsupply.nl\/de\/#\/schema\/logo\/image\/","url":"https:\/\/www.heatsupply.nl\/wp-content\/uploads\/2022\/10\/heatsupply-logo-rood.jpg","contentUrl":"https:\/\/www.heatsupply.nl\/wp-content\/uploads\/2022\/10\/heatsupply-logo-rood.jpg","width":1000,"height":335,"caption":"Heatsupply"},"image":{"@id":"https:\/\/www.heatsupply.nl\/de\/#\/schema\/logo\/image\/"},"sameAs":["https:\/\/www.facebook.com\/heatsupplyNL","https:\/\/www.instagram.com\/heatsuppy.nl","https:\/\/www.youtube.com\/channel\/UC5pOWqQtljvxTz2SMWGWCsw"]}]},"product_brand":"Good Heat","product_price_amount":"10.95","product_price_currency":"EUR","og_availability":"instock","product_availability":"instock","product_retailer_item_id":"QSQHS003","product_condition":"new"},"_links":{"self":[{"href":"https:\/\/www.heatsupply.nl\/de\/wp-json\/wp\/v2\/product\/152839","targetHints":{"allow":["GET"]}}],"collection":[{"href":"https:\/\/www.heatsupply.nl\/de\/wp-json\/wp\/v2\/product"}],"about":[{"href":"https:\/\/www.heatsupply.nl\/de\/wp-json\/wp\/v2\/types\/product"}],"replies":[{"embeddable":true,"href":"https:\/\/www.heatsupply.nl\/de\/wp-json\/wp\/v2\/comments?post=152839"}],"wp:featuredmedia":[{"embeddable":true,"href":"https:\/\/www.heatsupply.nl\/de\/wp-json\/wp\/v2\/media\/150609"}],"wp:attachment":[{"href":"https:\/\/www.heatsupply.nl\/de\/wp-json\/wp\/v2\/media?parent=152839"}],"wp:term":[{"taxonomy":"product_brand","embeddable":true,"href":"https:\/\/www.heatsupply.nl\/de\/wp-json\/wp\/v2\/product_brand?post=152839"},{"taxonomy":"product_cat","embeddable":true,"href":"https:\/\/www.heatsupply.nl\/de\/wp-json\/wp\/v2\/product_cat?post=152839"},{"taxonomy":"product_tag","embeddable":true,"href":"https:\/\/www.heatsupply.nl\/de\/wp-json\/wp\/v2\/product_tag?post=152839"}],"curies":[{"name":"wp","href":"https:\/\/api.w.org\/{rel}","templated":true}]}}