{"id":151876,"date":"2024-08-10T15:45:32","date_gmt":"2024-08-10T13:45:32","guid":{"rendered":"https:\/\/www.heatsupply.nl\/?post_type=product&#038;p=151876"},"modified":"2026-05-09T01:16:41","modified_gmt":"2026-05-08T23:16:41","slug":"heatsupplys-hot-honey","status":"publish","type":"product","link":"https:\/\/www.heatsupply.nl\/de\/produkt\/heatsupplys-hot-honey\/","title":{"rendered":"Heatsupply&#8217;s Hot Honey (350 Gramm)"},"content":{"rendered":"<p><strong>Zutaten Hot Honey von Heatsupply<\/strong>: Bl\u00fctenhonig (93%), Natur-Essig, Habanero-Chili (3,15%)<\/p>\n<p><span style=\"text-decoration: underline;\">N\u00e4hrwerte pro 100gr<\/span>:<br \/>\nEnergie: 284 kcal<br \/>\nFett: 0 Gramm<br \/>\ndavon ges\u00e4ttigte Fetts\u00e4uren: 0 Gramm<br \/>\nKohlenhydrate: 70 Gramm<br \/>\ndavon Zucker: 70 Gramm<br \/>\nProtein: 0,5 Gramm<br \/>\nSalz: 0 Gramm<\/p>\n<p>Vor Gebrauch sch\u00fctteln.<\/p>\n<p>Lagerungshinweis: Bewahren Sie Hot Honey nicht gek\u00fchlt (unter 15 Grad) auf, da es sonst kristallisiert. Dies ist kein Zeichen schlechter Qualit\u00e4t, sondern ein Merkmal echten, nat\u00fcrlichen Honigs. Sollte Ihr Honig versehentlich doch kristallisieren (zum Beispiel beim Transport in der k\u00e4lteren Jahreszeit), k\u00f6nnen Sie ihn durch Erw\u00e4rmen (bis maximal 45 Grad) wieder fl\u00fcssig machen. Wie? Stellen Sie das Glas ohne Deckel in einen Topf mit handwarmem Wasser. Das Wasser muss nicht kochen. Durch diese schonende Erw\u00e4rmung wird der Honig allm\u00e4hlich wieder fl\u00fcssig. Diese Methode ist nicht nur effektiv, sondern erh\u00e4lt auch alle wertvollen N\u00e4hrstoffe. Weitere Informationen finden Sie in <a href=\"https:\/\/www.heatsupply.nl\/de\/blog\/lagerungstipps-hot-honey\/\"><strong>diesem Blog<\/strong><\/a>.<\/p>\n","protected":false},"excerpt":{"rendered":"<p style=\"text-align: justify;\">Das ist Heatsupply&#8217;s Hot Honey, jetzt mit neuer und verbesserter Rezeptur! Eine erhabene Mischung aus s\u00fc\u00df und scharf, die s\u00fcchtig macht. Dieser scharfer Honig wird aus bestem Bl\u00fctenhonig hergestellt und mit k\u00f6stlichen Habaneros versetzt, die nicht nur f\u00fcr den angenehmen Kick sorgt, sondern auch wirklich gut im Geschmack zur Geltung kommt. Diese Fruchtigkeit erkennt man sofort, und das unterscheidet diesen scharfer Honig auch von anderen.<\/p>\n<p style=\"text-align: justify;\">Sie wissen es vielleicht noch nicht, aber scharfer Honig ist <a href=\"https:\/\/www.heatsupply.nl\/de\/blog\/was-ist-hot-honey-und-wie-verwendet-man-ihn\/\"><strong>super vielseitig<\/strong><\/a> und unsere Variante ist da nicht anders. Probieren Sie Heatsupply&#8217;s Hot Honey auf Pizza, Brath\u00e4hnchen, Rippchen, K\u00e4se, Desserts und vielem mehr. <em>The sky is the limit<\/em>! Seien Sie vorsichtig, denn danach m\u00f6chten Sie nichts mehr ohne tun. Und noch ein Tipp: Vor dem Gebrauch gut sch\u00fctteln, damit du bei jedem Dr\u00fccken ungef\u00e4hr die gleiche Sch\u00e4rfe der Habanero erlebst.<\/p>\n<ul>\n<li style=\"text-align: justify;\">Herkunft: Asten, Niederlande<\/li>\n<li style=\"text-align: justify;\">Inhalt: 350 Gramm<\/li>\n<\/ul>\n","protected":false},"featured_media":180497,"comment_status":"open","ping_status":"closed","template":"","meta":{"_acf_changed":false},"product_brand":[],"product_cat":[4115,4011,3906,4122,4046,3788,4112],"product_tag":[],"class_list":{"0":"post-151876","1":"product","2":"type-product","3":"status-publish","4":"has-post-thumbnail","6":"product_cat-fruehling-deals","7":"product_cat-heatsupply-originals","8":"product_cat-hot-honey","9":"product_cat-koenigstag-deals-2026","10":"product_cat-spicy","11":"product_cat-top-10","12":"product_cat-valentinstag-saucen","14":"first","15":"instock","16":"taxable","17":"shipping-taxable","18":"purchasable","19":"product-type-simple"},"bundled_by":["155599","156433","181778","191299","141217"],"bundle_stock_status":"instock","bundle_stock_quantity":null,"bundle_virtual":false,"bundle_layout":"","bundle_add_to_cart_form_location":"","bundle_editable_in_cart":false,"bundle_sold_individually_context":"","bundle_item_grouping":"","bundle_min_size":"","bundle_max_size":"","bundle_price":[],"bundled_items":[],"bundle_sell_ids":[],"acf":[],"yoast_head":"<!-- This site is optimized with the Yoast SEO Premium plugin v27.5 (Yoast SEO v27.5) - https:\/\/yoast.com\/product\/yoast-seo-premium-wordpress\/ -->\n<title>Heatsupply&#039;s Hot Honey (350 Gramm) - Heatsupply<\/title>\n<meta name=\"description\" content=\"Heatsupply&#039;s Hot Honey ist eine erhabene Mischung aus s\u00fc\u00df und scharf. Dieser scharfer Honig schmeckt k\u00f6stlich zu Pizza, H\u00fchnchen und vielem mehr!\" \/>\n<meta name=\"robots\" content=\"index, follow, max-snippet:-1, max-image-preview:large, max-video-preview:-1\" \/>\n<link rel=\"canonical\" href=\"https:\/\/www.heatsupply.nl\/de\/produkt\/heatsupplys-hot-honey\/\" \/>\n<meta property=\"og:locale\" content=\"de_DE\" \/>\n<meta property=\"og:type\" content=\"article\" \/>\n<meta property=\"og:title\" content=\"Heatsupply&#039;s Hot Honey (350 Gramm)\" \/>\n<meta property=\"og:description\" content=\"Heatsupply&#039;s Hot Honey ist eine erhabene Mischung aus s\u00fc\u00df und scharf. Dieser scharfer Honig schmeckt k\u00f6stlich zu Pizza, H\u00fchnchen und vielem mehr!\" \/>\n<meta property=\"og:url\" content=\"https:\/\/www.heatsupply.nl\/de\/produkt\/heatsupplys-hot-honey\/\" \/>\n<meta property=\"og:site_name\" content=\"Heatsupply\" \/>\n<meta property=\"article:publisher\" content=\"https:\/\/www.facebook.com\/heatsupplyNL\" \/>\n<meta property=\"article:modified_time\" content=\"2026-05-08T23:16:41+00:00\" \/>\n<meta property=\"og:image\" content=\"https:\/\/www.heatsupply.nl\/wp-content\/uploads\/2025\/07\/heatsupply-hot-honey-2025.jpg\" \/>\n\t<meta property=\"og:image:width\" content=\"1400\" \/>\n\t<meta property=\"og:image:height\" content=\"1400\" \/>\n\t<meta property=\"og:image:type\" content=\"image\/jpeg\" \/>\n<meta name=\"twitter:card\" content=\"summary_large_image\" \/>\n<meta name=\"twitter:label1\" content=\"Preis\" \/>\n\t<meta name=\"twitter:data1\" content=\"&euro;8,95\" \/>\n\t<meta name=\"twitter:label2\" content=\"Verf\u00fcgbarkeit\" \/>\n\t<meta name=\"twitter:data2\" content=\"Auf Lager\" \/>\n<script type=\"application\/ld+json\" class=\"yoast-schema-graph\">{\"@context\":\"https:\\\/\\\/schema.org\",\"@graph\":[{\"@type\":\"WebPage\",\"@id\":\"https:\\\/\\\/www.heatsupply.nl\\\/de\\\/produkt\\\/heatsupplys-hot-honey\\\/\",\"url\":\"https:\\\/\\\/www.heatsupply.nl\\\/de\\\/produkt\\\/heatsupplys-hot-honey\\\/\",\"name\":\"Heatsupply's Hot Honey (350 Gramm) - Heatsupply\",\"isPartOf\":{\"@id\":\"https:\\\/\\\/www.heatsupply.nl\\\/de\\\/#website\"},\"primaryImageOfPage\":{\"@id\":\"https:\\\/\\\/www.heatsupply.nl\\\/de\\\/produkt\\\/heatsupplys-hot-honey\\\/#primaryimage\"},\"image\":{\"@id\":\"https:\\\/\\\/www.heatsupply.nl\\\/de\\\/produkt\\\/heatsupplys-hot-honey\\\/#primaryimage\"},\"thumbnailUrl\":\"https:\\\/\\\/www.heatsupply.nl\\\/wp-content\\\/uploads\\\/2025\\\/07\\\/heatsupply-hot-honey-2025.jpg\",\"datePublished\":\"2024-08-10T13:45:32+00:00\",\"dateModified\":\"2026-05-08T23:16:41+00:00\",\"description\":\"Heatsupply's Hot Honey ist eine erhabene Mischung aus s\u00fc\u00df und scharf. Dieser scharfer Honig schmeckt k\u00f6stlich zu Pizza, H\u00fchnchen und vielem mehr!\",\"breadcrumb\":{\"@id\":\"https:\\\/\\\/www.heatsupply.nl\\\/de\\\/produkt\\\/heatsupplys-hot-honey\\\/#breadcrumb\"},\"inLanguage\":\"de\",\"potentialAction\":[{\"@type\":\"ReadAction\",\"target\":[\"https:\\\/\\\/www.heatsupply.nl\\\/de\\\/produkt\\\/heatsupplys-hot-honey\\\/\"]}]},{\"@type\":\"ImageObject\",\"inLanguage\":\"de\",\"@id\":\"https:\\\/\\\/www.heatsupply.nl\\\/de\\\/produkt\\\/heatsupplys-hot-honey\\\/#primaryimage\",\"url\":\"https:\\\/\\\/www.heatsupply.nl\\\/wp-content\\\/uploads\\\/2025\\\/07\\\/heatsupply-hot-honey-2025.jpg\",\"contentUrl\":\"https:\\\/\\\/www.heatsupply.nl\\\/wp-content\\\/uploads\\\/2025\\\/07\\\/heatsupply-hot-honey-2025.jpg\",\"width\":1400,\"height\":1400,\"caption\":\"Heatsupply's Hot Honey pittige honing van heatsupply\"},{\"@type\":\"BreadcrumbList\",\"@id\":\"https:\\\/\\\/www.heatsupply.nl\\\/de\\\/produkt\\\/heatsupplys-hot-honey\\\/#breadcrumb\",\"itemListElement\":[{\"@type\":\"ListItem\",\"position\":1,\"name\":\"Home\",\"item\":\"https:\\\/\\\/www.heatsupply.nl\\\/de\\\/\"},{\"@type\":\"ListItem\",\"position\":2,\"name\":\"Alle produkten\",\"item\":\"https:\\\/\\\/www.heatsupply.nl\\\/de\\\/alle-produkten\\\/\"},{\"@type\":\"ListItem\",\"position\":3,\"name\":\"Spicy\",\"item\":\"https:\\\/\\\/www.heatsupply.nl\\\/de\\\/spicy\\\/\"},{\"@type\":\"ListItem\",\"position\":4,\"name\":\"Fr\u00fchling Deals\",\"item\":\"https:\\\/\\\/www.heatsupply.nl\\\/de\\\/spicy\\\/fruehling-deals\\\/\"},{\"@type\":\"ListItem\",\"position\":5,\"name\":\"Heatsupply&#8217;s Hot Honey (350 Gramm)\"}]},{\"@type\":\"WebSite\",\"@id\":\"https:\\\/\\\/www.heatsupply.nl\\\/de\\\/#website\",\"url\":\"https:\\\/\\\/www.heatsupply.nl\\\/de\\\/\",\"name\":\"Heatsupply\",\"description\":\"Hot sauce webstore #1 in Europe\",\"publisher\":{\"@id\":\"https:\\\/\\\/www.heatsupply.nl\\\/de\\\/#organization\"},\"potentialAction\":[{\"@type\":\"SearchAction\",\"target\":{\"@type\":\"EntryPoint\",\"urlTemplate\":\"https:\\\/\\\/www.heatsupply.nl\\\/de\\\/?s={search_term_string}\"},\"query-input\":{\"@type\":\"PropertyValueSpecification\",\"valueRequired\":true,\"valueName\":\"search_term_string\"}}],\"inLanguage\":\"de\"},{\"@type\":\"Organization\",\"@id\":\"https:\\\/\\\/www.heatsupply.nl\\\/de\\\/#organization\",\"name\":\"Heatsupply\",\"url\":\"https:\\\/\\\/www.heatsupply.nl\\\/de\\\/\",\"logo\":{\"@type\":\"ImageObject\",\"inLanguage\":\"de\",\"@id\":\"https:\\\/\\\/www.heatsupply.nl\\\/de\\\/#\\\/schema\\\/logo\\\/image\\\/\",\"url\":\"https:\\\/\\\/www.heatsupply.nl\\\/wp-content\\\/uploads\\\/2022\\\/10\\\/heatsupply-logo-rood.jpg\",\"contentUrl\":\"https:\\\/\\\/www.heatsupply.nl\\\/wp-content\\\/uploads\\\/2022\\\/10\\\/heatsupply-logo-rood.jpg\",\"width\":1000,\"height\":335,\"caption\":\"Heatsupply\"},\"image\":{\"@id\":\"https:\\\/\\\/www.heatsupply.nl\\\/de\\\/#\\\/schema\\\/logo\\\/image\\\/\"},\"sameAs\":[\"https:\\\/\\\/www.facebook.com\\\/heatsupplyNL\",\"https:\\\/\\\/www.instagram.com\\\/heatsuppy.nl\",\"https:\\\/\\\/www.youtube.com\\\/channel\\\/UC5pOWqQtljvxTz2SMWGWCsw\"]}]}<\/script>\n<meta property=\"product:brand\" content=\"Heatsupply\" \/>\n<meta property=\"product:price:amount\" content=\"8.95\" \/>\n<meta property=\"product:price:currency\" content=\"EUR\" \/>\n<meta property=\"og:availability\" content=\"instock\" \/>\n<meta property=\"product:availability\" content=\"instock\" \/>\n<meta property=\"product:retailer_item_id\" content=\"HHHONEY003\" \/>\n<meta property=\"product:condition\" content=\"new\" \/>\n<!-- \/ Yoast SEO Premium plugin. -->","yoast_head_json":{"title":"Heatsupply's Hot Honey (350 Gramm) - Heatsupply","description":"Heatsupply's Hot Honey ist eine erhabene Mischung aus s\u00fc\u00df und scharf. Dieser scharfer Honig schmeckt k\u00f6stlich zu Pizza, H\u00fchnchen und vielem mehr!","robots":{"index":"index","follow":"follow","max-snippet":"max-snippet:-1","max-image-preview":"max-image-preview:large","max-video-preview":"max-video-preview:-1"},"canonical":"https:\/\/www.heatsupply.nl\/de\/produkt\/heatsupplys-hot-honey\/","og_locale":"de_DE","og_type":"article","og_title":"Heatsupply's Hot Honey (350 Gramm)","og_description":"Heatsupply's Hot Honey ist eine erhabene Mischung aus s\u00fc\u00df und scharf. Dieser scharfer Honig schmeckt k\u00f6stlich zu Pizza, H\u00fchnchen und vielem mehr!","og_url":"https:\/\/www.heatsupply.nl\/de\/produkt\/heatsupplys-hot-honey\/","og_site_name":"Heatsupply","article_publisher":"https:\/\/www.facebook.com\/heatsupplyNL","article_modified_time":"2026-05-08T23:16:41+00:00","og_image":[{"width":1400,"height":1400,"url":"https:\/\/www.heatsupply.nl\/wp-content\/uploads\/2025\/07\/heatsupply-hot-honey-2025.jpg","type":"image\/jpeg"}],"twitter_card":"summary_large_image","twitter_misc":{"Preis":"&euro;8,95","Verf\u00fcgbarkeit":"Auf Lager"},"schema":{"@context":"https:\/\/schema.org","@graph":[{"@type":"WebPage","@id":"https:\/\/www.heatsupply.nl\/de\/produkt\/heatsupplys-hot-honey\/","url":"https:\/\/www.heatsupply.nl\/de\/produkt\/heatsupplys-hot-honey\/","name":"Heatsupply's Hot Honey (350 Gramm) - Heatsupply","isPartOf":{"@id":"https:\/\/www.heatsupply.nl\/de\/#website"},"primaryImageOfPage":{"@id":"https:\/\/www.heatsupply.nl\/de\/produkt\/heatsupplys-hot-honey\/#primaryimage"},"image":{"@id":"https:\/\/www.heatsupply.nl\/de\/produkt\/heatsupplys-hot-honey\/#primaryimage"},"thumbnailUrl":"https:\/\/www.heatsupply.nl\/wp-content\/uploads\/2025\/07\/heatsupply-hot-honey-2025.jpg","datePublished":"2024-08-10T13:45:32+00:00","dateModified":"2026-05-08T23:16:41+00:00","description":"Heatsupply's Hot Honey ist eine erhabene Mischung aus s\u00fc\u00df und scharf. Dieser scharfer Honig schmeckt k\u00f6stlich zu Pizza, H\u00fchnchen und vielem mehr!","breadcrumb":{"@id":"https:\/\/www.heatsupply.nl\/de\/produkt\/heatsupplys-hot-honey\/#breadcrumb"},"inLanguage":"de","potentialAction":[{"@type":"ReadAction","target":["https:\/\/www.heatsupply.nl\/de\/produkt\/heatsupplys-hot-honey\/"]}]},{"@type":"ImageObject","inLanguage":"de","@id":"https:\/\/www.heatsupply.nl\/de\/produkt\/heatsupplys-hot-honey\/#primaryimage","url":"https:\/\/www.heatsupply.nl\/wp-content\/uploads\/2025\/07\/heatsupply-hot-honey-2025.jpg","contentUrl":"https:\/\/www.heatsupply.nl\/wp-content\/uploads\/2025\/07\/heatsupply-hot-honey-2025.jpg","width":1400,"height":1400,"caption":"Heatsupply's Hot Honey pittige honing van heatsupply"},{"@type":"BreadcrumbList","@id":"https:\/\/www.heatsupply.nl\/de\/produkt\/heatsupplys-hot-honey\/#breadcrumb","itemListElement":[{"@type":"ListItem","position":1,"name":"Home","item":"https:\/\/www.heatsupply.nl\/de\/"},{"@type":"ListItem","position":2,"name":"Alle produkten","item":"https:\/\/www.heatsupply.nl\/de\/alle-produkten\/"},{"@type":"ListItem","position":3,"name":"Spicy","item":"https:\/\/www.heatsupply.nl\/de\/spicy\/"},{"@type":"ListItem","position":4,"name":"Fr\u00fchling Deals","item":"https:\/\/www.heatsupply.nl\/de\/spicy\/fruehling-deals\/"},{"@type":"ListItem","position":5,"name":"Heatsupply&#8217;s Hot Honey (350 Gramm)"}]},{"@type":"WebSite","@id":"https:\/\/www.heatsupply.nl\/de\/#website","url":"https:\/\/www.heatsupply.nl\/de\/","name":"Heatsupply","description":"Hot sauce webstore #1 in Europe","publisher":{"@id":"https:\/\/www.heatsupply.nl\/de\/#organization"},"potentialAction":[{"@type":"SearchAction","target":{"@type":"EntryPoint","urlTemplate":"https:\/\/www.heatsupply.nl\/de\/?s={search_term_string}"},"query-input":{"@type":"PropertyValueSpecification","valueRequired":true,"valueName":"search_term_string"}}],"inLanguage":"de"},{"@type":"Organization","@id":"https:\/\/www.heatsupply.nl\/de\/#organization","name":"Heatsupply","url":"https:\/\/www.heatsupply.nl\/de\/","logo":{"@type":"ImageObject","inLanguage":"de","@id":"https:\/\/www.heatsupply.nl\/de\/#\/schema\/logo\/image\/","url":"https:\/\/www.heatsupply.nl\/wp-content\/uploads\/2022\/10\/heatsupply-logo-rood.jpg","contentUrl":"https:\/\/www.heatsupply.nl\/wp-content\/uploads\/2022\/10\/heatsupply-logo-rood.jpg","width":1000,"height":335,"caption":"Heatsupply"},"image":{"@id":"https:\/\/www.heatsupply.nl\/de\/#\/schema\/logo\/image\/"},"sameAs":["https:\/\/www.facebook.com\/heatsupplyNL","https:\/\/www.instagram.com\/heatsuppy.nl","https:\/\/www.youtube.com\/channel\/UC5pOWqQtljvxTz2SMWGWCsw"]}]},"product_brand":"Heatsupply","product_price_amount":"8.95","product_price_currency":"EUR","og_availability":"instock","product_availability":"instock","product_retailer_item_id":"HHHONEY003","product_condition":"new"},"_links":{"self":[{"href":"https:\/\/www.heatsupply.nl\/de\/wp-json\/wp\/v2\/product\/151876","targetHints":{"allow":["GET"]}}],"collection":[{"href":"https:\/\/www.heatsupply.nl\/de\/wp-json\/wp\/v2\/product"}],"about":[{"href":"https:\/\/www.heatsupply.nl\/de\/wp-json\/wp\/v2\/types\/product"}],"replies":[{"embeddable":true,"href":"https:\/\/www.heatsupply.nl\/de\/wp-json\/wp\/v2\/comments?post=151876"}],"wp:featuredmedia":[{"embeddable":true,"href":"https:\/\/www.heatsupply.nl\/de\/wp-json\/wp\/v2\/media\/180497"}],"wp:attachment":[{"href":"https:\/\/www.heatsupply.nl\/de\/wp-json\/wp\/v2\/media?parent=151876"}],"wp:term":[{"taxonomy":"product_brand","embeddable":true,"href":"https:\/\/www.heatsupply.nl\/de\/wp-json\/wp\/v2\/product_brand?post=151876"},{"taxonomy":"product_cat","embeddable":true,"href":"https:\/\/www.heatsupply.nl\/de\/wp-json\/wp\/v2\/product_cat?post=151876"},{"taxonomy":"product_tag","embeddable":true,"href":"https:\/\/www.heatsupply.nl\/de\/wp-json\/wp\/v2\/product_tag?post=151876"}],"curies":[{"name":"wp","href":"https:\/\/api.w.org\/{rel}","templated":true}]}}