{"id":149750,"date":"2024-05-29T09:03:45","date_gmt":"2024-05-29T07:03:45","guid":{"rendered":"https:\/\/www.heatsupply.nl\/?post_type=product&#038;p=149750"},"modified":"2025-08-01T09:14:42","modified_gmt":"2025-08-01T07:14:42","slug":"la-barbacoa-hot-sauce-by-heatsupply","status":"publish","type":"product","link":"https:\/\/www.heatsupply.nl\/de\/produkt\/la-barbacoa-hot-sauce-by-heatsupply\/","title":{"rendered":"La Barbacoa Hot Sauce by Heatsupply"},"content":{"rendered":"<p><strong>Zutaten La Barbacoa Hot Sauce by Heatsupply<\/strong>: Wasser, Apfelmus, Agavensirup, Habanero, Chipotle, Apfelessig, Karotte, Zucker, Zwiebel, ger\u00f6steter Knoblauch, Kaffee, Salz, Kreuzk\u00fcmmel.<\/p>\n<p><strong>Glutenfrei und vegan.<\/strong><\/p>\n<p><span style=\"text-decoration: underline;\">N\u00e4hrwerte pro 100gr:<\/span><br \/>\nEnergie: 338 kcal<br \/>\nFett: 4,3 Gramm<br \/>\ndavon ges\u00e4ttigte Fetts\u00e4uren: 2,15 Gramm<br \/>\nKohlenhydrate: 40 Gramm<br \/>\ndavon Zucker: 30 Gramm<br \/>\nBallaststoffe: 3 Gramm<br \/>\nProtein: 3,2 Gramm<br \/>\nSalz: 0,331 Gramm<\/p>\n<p>Vor Gebrauch sch\u00fctteln und nach dem \u00d6ffnen im K\u00fchlschrank aufbewahren.<\/p>\n","protected":false},"excerpt":{"rendered":"<p style=\"text-align: justify;\">Das ist La Barbacoa Hot Sauce von Heatsupply! Unser neuestes Mitglied der Hot-Sauce-Familie von Heatsupply und dabei handelt es sich nicht um irgendeine scharfe So\u00dfe. Mit einer unwiderstehlichen Mischung aus Chipotle, Habanero, Kaffee, ger\u00f6stetem Knoblauch und Apfel ist dies die ultimative scharfe BBQ-Sauce. Zuerst schmecken Sie die S\u00fc\u00dfe des Apfel- und Agavensirups, gefolgt von einem rauchigen Hauch von Chipotle. Im Hintergrund sind Kaffeenoten zu erkennen und der ger\u00f6stete Knoblauch sorgt f\u00fcr die herzhafte Note.<\/p>\n<p style=\"text-align: justify;\">Eine komplexe und ausgewogene scharfe Sauce, die bei Ihrem n\u00e4chsten Grillabend nicht fehlen sollte. Auch super lecker zu Tacos, Burritos, H\u00fchnchen, Burgern und eigentlich allem, was einen s\u00fc\u00dfen und rauchigen Kick hat.<\/p>\n<ul>\n<li style=\"text-align: justify;\">Herkunft: Asten, Niederlande<\/li>\n<li style=\"text-align: justify;\">Inhalt: 150 ml<\/li>\n<\/ul>\n","protected":false},"featured_media":149756,"comment_status":"open","ping_status":"closed","template":"","meta":{"_acf_changed":false},"product_brand":[],"product_cat":[3930,3886,3994,3913,4011,4122,3787,4046],"product_tag":[],"class_list":{"0":"post-149750","1":"product","2":"type-product","3":"status-publish","4":"has-post-thumbnail","6":"product_cat-chipotle","7":"product_cat-bbq-saucen","8":"product_cat-europaeische-scharfe-saucen","9":"product_cat-habanero","10":"product_cat-heatsupply-originals","11":"product_cat-koenigstag-deals-2026","12":"product_cat-scharfe-sossen","13":"product_cat-spicy","15":"first","16":"instock","17":"taxable","18":"shipping-taxable","19":"purchasable","20":"product-type-simple"},"bundled_by":["149782","141401","141994","151212","155561","156433","143638"],"bundle_stock_status":"instock","bundle_stock_quantity":284,"bundle_virtual":false,"bundle_layout":"","bundle_add_to_cart_form_location":"","bundle_editable_in_cart":false,"bundle_sold_individually_context":"","bundle_item_grouping":"","bundle_min_size":"","bundle_max_size":"","bundle_price":[],"bundled_items":[],"bundle_sell_ids":[],"acf":[],"yoast_head":"<!-- This site is optimized with the Yoast SEO Premium plugin v27.5 (Yoast SEO v27.5) - https:\/\/yoast.com\/product\/yoast-seo-premium-wordpress\/ -->\n<title>La Barbacoa Hot Sauce by Heatsupply - Heatsupply<\/title>\n<meta name=\"description\" content=\"Die scharfe Sauce von La Barbacoa ist unsere ultimative scharfe BBQ-Sauce mit einer Mischung aus Habanero, Chipotle, Kaffee und ger\u00f6stetem Knoblauch.\" \/>\n<meta name=\"robots\" content=\"index, follow, max-snippet:-1, max-image-preview:large, max-video-preview:-1\" \/>\n<link rel=\"canonical\" href=\"https:\/\/www.heatsupply.nl\/de\/produkt\/la-barbacoa-hot-sauce-by-heatsupply\/\" \/>\n<meta property=\"og:locale\" content=\"de_DE\" \/>\n<meta property=\"og:type\" content=\"article\" \/>\n<meta property=\"og:title\" content=\"La Barbacoa Hot Sauce by Heatsupply\" \/>\n<meta property=\"og:description\" content=\"Die scharfe Sauce von La Barbacoa ist unsere ultimative scharfe BBQ-Sauce mit einer Mischung aus Habanero, Chipotle, Kaffee und ger\u00f6stetem Knoblauch.\" \/>\n<meta property=\"og:url\" content=\"https:\/\/www.heatsupply.nl\/de\/produkt\/la-barbacoa-hot-sauce-by-heatsupply\/\" \/>\n<meta property=\"og:site_name\" content=\"Heatsupply\" \/>\n<meta property=\"article:publisher\" content=\"https:\/\/www.facebook.com\/heatsupplyNL\" \/>\n<meta property=\"article:modified_time\" content=\"2025-08-01T07:14:42+00:00\" \/>\n<meta property=\"og:image\" content=\"https:\/\/www.heatsupply.nl\/wp-content\/uploads\/2024\/05\/heatsupply-barbacoa-hot-sauce.jpg\" \/>\n\t<meta property=\"og:image:width\" content=\"1400\" \/>\n\t<meta property=\"og:image:height\" content=\"1400\" \/>\n\t<meta property=\"og:image:type\" content=\"image\/jpeg\" \/>\n<meta name=\"twitter:card\" content=\"summary_large_image\" \/>\n<meta name=\"twitter:label1\" content=\"Preis\" \/>\n\t<meta name=\"twitter:data1\" content=\"&euro;8,95\" \/>\n\t<meta name=\"twitter:label2\" content=\"Verf\u00fcgbarkeit\" \/>\n\t<meta name=\"twitter:data2\" content=\"Auf Lager\" \/>\n<script type=\"application\/ld+json\" class=\"yoast-schema-graph\">{\"@context\":\"https:\\\/\\\/schema.org\",\"@graph\":[{\"@type\":\"WebPage\",\"@id\":\"https:\\\/\\\/www.heatsupply.nl\\\/de\\\/produkt\\\/la-barbacoa-hot-sauce-by-heatsupply\\\/\",\"url\":\"https:\\\/\\\/www.heatsupply.nl\\\/de\\\/produkt\\\/la-barbacoa-hot-sauce-by-heatsupply\\\/\",\"name\":\"La Barbacoa Hot Sauce by Heatsupply - Heatsupply\",\"isPartOf\":{\"@id\":\"https:\\\/\\\/www.heatsupply.nl\\\/de\\\/#website\"},\"primaryImageOfPage\":{\"@id\":\"https:\\\/\\\/www.heatsupply.nl\\\/de\\\/produkt\\\/la-barbacoa-hot-sauce-by-heatsupply\\\/#primaryimage\"},\"image\":{\"@id\":\"https:\\\/\\\/www.heatsupply.nl\\\/de\\\/produkt\\\/la-barbacoa-hot-sauce-by-heatsupply\\\/#primaryimage\"},\"thumbnailUrl\":\"https:\\\/\\\/www.heatsupply.nl\\\/wp-content\\\/uploads\\\/2024\\\/05\\\/heatsupply-barbacoa-hot-sauce.jpg\",\"datePublished\":\"2024-05-29T07:03:45+00:00\",\"dateModified\":\"2025-08-01T07:14:42+00:00\",\"description\":\"Die scharfe Sauce von La Barbacoa ist unsere ultimative scharfe BBQ-Sauce mit einer Mischung aus Habanero, Chipotle, Kaffee und ger\u00f6stetem Knoblauch.\",\"breadcrumb\":{\"@id\":\"https:\\\/\\\/www.heatsupply.nl\\\/de\\\/produkt\\\/la-barbacoa-hot-sauce-by-heatsupply\\\/#breadcrumb\"},\"inLanguage\":\"de\",\"potentialAction\":[{\"@type\":\"ReadAction\",\"target\":[\"https:\\\/\\\/www.heatsupply.nl\\\/de\\\/produkt\\\/la-barbacoa-hot-sauce-by-heatsupply\\\/\"]}]},{\"@type\":\"ImageObject\",\"inLanguage\":\"de\",\"@id\":\"https:\\\/\\\/www.heatsupply.nl\\\/de\\\/produkt\\\/la-barbacoa-hot-sauce-by-heatsupply\\\/#primaryimage\",\"url\":\"https:\\\/\\\/www.heatsupply.nl\\\/wp-content\\\/uploads\\\/2024\\\/05\\\/heatsupply-barbacoa-hot-sauce.jpg\",\"contentUrl\":\"https:\\\/\\\/www.heatsupply.nl\\\/wp-content\\\/uploads\\\/2024\\\/05\\\/heatsupply-barbacoa-hot-sauce.jpg\",\"width\":1400,\"height\":1400,\"caption\":\"la barbacoa hot sauce by heatsupply hot sauce\"},{\"@type\":\"BreadcrumbList\",\"@id\":\"https:\\\/\\\/www.heatsupply.nl\\\/de\\\/produkt\\\/la-barbacoa-hot-sauce-by-heatsupply\\\/#breadcrumb\",\"itemListElement\":[{\"@type\":\"ListItem\",\"position\":1,\"name\":\"Home\",\"item\":\"https:\\\/\\\/www.heatsupply.nl\\\/de\\\/\"},{\"@type\":\"ListItem\",\"position\":2,\"name\":\"Alle produkten\",\"item\":\"https:\\\/\\\/www.heatsupply.nl\\\/de\\\/alle-produkten\\\/\"},{\"@type\":\"ListItem\",\"position\":3,\"name\":\"Scharfe So\u00dfen\",\"item\":\"https:\\\/\\\/www.heatsupply.nl\\\/de\\\/scharfe-sossen\\\/\"},{\"@type\":\"ListItem\",\"position\":4,\"name\":\"Chipotle\",\"item\":\"https:\\\/\\\/www.heatsupply.nl\\\/de\\\/scharfe-sossen\\\/chipotle\\\/\"},{\"@type\":\"ListItem\",\"position\":5,\"name\":\"La Barbacoa Hot Sauce by Heatsupply\"}]},{\"@type\":\"WebSite\",\"@id\":\"https:\\\/\\\/www.heatsupply.nl\\\/de\\\/#website\",\"url\":\"https:\\\/\\\/www.heatsupply.nl\\\/de\\\/\",\"name\":\"Heatsupply\",\"description\":\"Hot sauce webstore #1 in Europe\",\"publisher\":{\"@id\":\"https:\\\/\\\/www.heatsupply.nl\\\/de\\\/#organization\"},\"potentialAction\":[{\"@type\":\"SearchAction\",\"target\":{\"@type\":\"EntryPoint\",\"urlTemplate\":\"https:\\\/\\\/www.heatsupply.nl\\\/de\\\/?s={search_term_string}\"},\"query-input\":{\"@type\":\"PropertyValueSpecification\",\"valueRequired\":true,\"valueName\":\"search_term_string\"}}],\"inLanguage\":\"de\"},{\"@type\":\"Organization\",\"@id\":\"https:\\\/\\\/www.heatsupply.nl\\\/de\\\/#organization\",\"name\":\"Heatsupply\",\"url\":\"https:\\\/\\\/www.heatsupply.nl\\\/de\\\/\",\"logo\":{\"@type\":\"ImageObject\",\"inLanguage\":\"de\",\"@id\":\"https:\\\/\\\/www.heatsupply.nl\\\/de\\\/#\\\/schema\\\/logo\\\/image\\\/\",\"url\":\"https:\\\/\\\/www.heatsupply.nl\\\/wp-content\\\/uploads\\\/2022\\\/10\\\/heatsupply-logo-rood.jpg\",\"contentUrl\":\"https:\\\/\\\/www.heatsupply.nl\\\/wp-content\\\/uploads\\\/2022\\\/10\\\/heatsupply-logo-rood.jpg\",\"width\":1000,\"height\":335,\"caption\":\"Heatsupply\"},\"image\":{\"@id\":\"https:\\\/\\\/www.heatsupply.nl\\\/de\\\/#\\\/schema\\\/logo\\\/image\\\/\"},\"sameAs\":[\"https:\\\/\\\/www.facebook.com\\\/heatsupplyNL\",\"https:\\\/\\\/www.instagram.com\\\/heatsuppy.nl\",\"https:\\\/\\\/www.youtube.com\\\/channel\\\/UC5pOWqQtljvxTz2SMWGWCsw\"]}]}<\/script>\n<meta property=\"product:brand\" content=\"Heatsupply\" \/>\n<meta property=\"product:price:amount\" content=\"8.95\" \/>\n<meta property=\"product:price:currency\" content=\"EUR\" \/>\n<meta property=\"og:availability\" content=\"instock\" \/>\n<meta property=\"product:availability\" content=\"instock\" \/>\n<meta property=\"product:retailer_item_id\" content=\"LABARBA004\" \/>\n<meta property=\"product:condition\" content=\"new\" \/>\n<!-- \/ Yoast SEO Premium plugin. -->","yoast_head_json":{"title":"La Barbacoa Hot Sauce by Heatsupply - Heatsupply","description":"Die scharfe Sauce von La Barbacoa ist unsere ultimative scharfe BBQ-Sauce mit einer Mischung aus Habanero, Chipotle, Kaffee und ger\u00f6stetem Knoblauch.","robots":{"index":"index","follow":"follow","max-snippet":"max-snippet:-1","max-image-preview":"max-image-preview:large","max-video-preview":"max-video-preview:-1"},"canonical":"https:\/\/www.heatsupply.nl\/de\/produkt\/la-barbacoa-hot-sauce-by-heatsupply\/","og_locale":"de_DE","og_type":"article","og_title":"La Barbacoa Hot Sauce by Heatsupply","og_description":"Die scharfe Sauce von La Barbacoa ist unsere ultimative scharfe BBQ-Sauce mit einer Mischung aus Habanero, Chipotle, Kaffee und ger\u00f6stetem Knoblauch.","og_url":"https:\/\/www.heatsupply.nl\/de\/produkt\/la-barbacoa-hot-sauce-by-heatsupply\/","og_site_name":"Heatsupply","article_publisher":"https:\/\/www.facebook.com\/heatsupplyNL","article_modified_time":"2025-08-01T07:14:42+00:00","og_image":[{"width":1400,"height":1400,"url":"https:\/\/www.heatsupply.nl\/wp-content\/uploads\/2024\/05\/heatsupply-barbacoa-hot-sauce.jpg","type":"image\/jpeg"}],"twitter_card":"summary_large_image","twitter_misc":{"Preis":"&euro;8,95","Verf\u00fcgbarkeit":"Auf Lager"},"schema":{"@context":"https:\/\/schema.org","@graph":[{"@type":"WebPage","@id":"https:\/\/www.heatsupply.nl\/de\/produkt\/la-barbacoa-hot-sauce-by-heatsupply\/","url":"https:\/\/www.heatsupply.nl\/de\/produkt\/la-barbacoa-hot-sauce-by-heatsupply\/","name":"La Barbacoa Hot Sauce by Heatsupply - Heatsupply","isPartOf":{"@id":"https:\/\/www.heatsupply.nl\/de\/#website"},"primaryImageOfPage":{"@id":"https:\/\/www.heatsupply.nl\/de\/produkt\/la-barbacoa-hot-sauce-by-heatsupply\/#primaryimage"},"image":{"@id":"https:\/\/www.heatsupply.nl\/de\/produkt\/la-barbacoa-hot-sauce-by-heatsupply\/#primaryimage"},"thumbnailUrl":"https:\/\/www.heatsupply.nl\/wp-content\/uploads\/2024\/05\/heatsupply-barbacoa-hot-sauce.jpg","datePublished":"2024-05-29T07:03:45+00:00","dateModified":"2025-08-01T07:14:42+00:00","description":"Die scharfe Sauce von La Barbacoa ist unsere ultimative scharfe BBQ-Sauce mit einer Mischung aus Habanero, Chipotle, Kaffee und ger\u00f6stetem Knoblauch.","breadcrumb":{"@id":"https:\/\/www.heatsupply.nl\/de\/produkt\/la-barbacoa-hot-sauce-by-heatsupply\/#breadcrumb"},"inLanguage":"de","potentialAction":[{"@type":"ReadAction","target":["https:\/\/www.heatsupply.nl\/de\/produkt\/la-barbacoa-hot-sauce-by-heatsupply\/"]}]},{"@type":"ImageObject","inLanguage":"de","@id":"https:\/\/www.heatsupply.nl\/de\/produkt\/la-barbacoa-hot-sauce-by-heatsupply\/#primaryimage","url":"https:\/\/www.heatsupply.nl\/wp-content\/uploads\/2024\/05\/heatsupply-barbacoa-hot-sauce.jpg","contentUrl":"https:\/\/www.heatsupply.nl\/wp-content\/uploads\/2024\/05\/heatsupply-barbacoa-hot-sauce.jpg","width":1400,"height":1400,"caption":"la barbacoa hot sauce by heatsupply hot sauce"},{"@type":"BreadcrumbList","@id":"https:\/\/www.heatsupply.nl\/de\/produkt\/la-barbacoa-hot-sauce-by-heatsupply\/#breadcrumb","itemListElement":[{"@type":"ListItem","position":1,"name":"Home","item":"https:\/\/www.heatsupply.nl\/de\/"},{"@type":"ListItem","position":2,"name":"Alle produkten","item":"https:\/\/www.heatsupply.nl\/de\/alle-produkten\/"},{"@type":"ListItem","position":3,"name":"Scharfe So\u00dfen","item":"https:\/\/www.heatsupply.nl\/de\/scharfe-sossen\/"},{"@type":"ListItem","position":4,"name":"Chipotle","item":"https:\/\/www.heatsupply.nl\/de\/scharfe-sossen\/chipotle\/"},{"@type":"ListItem","position":5,"name":"La Barbacoa Hot Sauce by Heatsupply"}]},{"@type":"WebSite","@id":"https:\/\/www.heatsupply.nl\/de\/#website","url":"https:\/\/www.heatsupply.nl\/de\/","name":"Heatsupply","description":"Hot sauce webstore #1 in Europe","publisher":{"@id":"https:\/\/www.heatsupply.nl\/de\/#organization"},"potentialAction":[{"@type":"SearchAction","target":{"@type":"EntryPoint","urlTemplate":"https:\/\/www.heatsupply.nl\/de\/?s={search_term_string}"},"query-input":{"@type":"PropertyValueSpecification","valueRequired":true,"valueName":"search_term_string"}}],"inLanguage":"de"},{"@type":"Organization","@id":"https:\/\/www.heatsupply.nl\/de\/#organization","name":"Heatsupply","url":"https:\/\/www.heatsupply.nl\/de\/","logo":{"@type":"ImageObject","inLanguage":"de","@id":"https:\/\/www.heatsupply.nl\/de\/#\/schema\/logo\/image\/","url":"https:\/\/www.heatsupply.nl\/wp-content\/uploads\/2022\/10\/heatsupply-logo-rood.jpg","contentUrl":"https:\/\/www.heatsupply.nl\/wp-content\/uploads\/2022\/10\/heatsupply-logo-rood.jpg","width":1000,"height":335,"caption":"Heatsupply"},"image":{"@id":"https:\/\/www.heatsupply.nl\/de\/#\/schema\/logo\/image\/"},"sameAs":["https:\/\/www.facebook.com\/heatsupplyNL","https:\/\/www.instagram.com\/heatsuppy.nl","https:\/\/www.youtube.com\/channel\/UC5pOWqQtljvxTz2SMWGWCsw"]}]},"product_brand":"Heatsupply","product_price_amount":"8.95","product_price_currency":"EUR","og_availability":"instock","product_availability":"instock","product_retailer_item_id":"LABARBA004","product_condition":"new"},"_links":{"self":[{"href":"https:\/\/www.heatsupply.nl\/de\/wp-json\/wp\/v2\/product\/149750","targetHints":{"allow":["GET"]}}],"collection":[{"href":"https:\/\/www.heatsupply.nl\/de\/wp-json\/wp\/v2\/product"}],"about":[{"href":"https:\/\/www.heatsupply.nl\/de\/wp-json\/wp\/v2\/types\/product"}],"replies":[{"embeddable":true,"href":"https:\/\/www.heatsupply.nl\/de\/wp-json\/wp\/v2\/comments?post=149750"}],"wp:featuredmedia":[{"embeddable":true,"href":"https:\/\/www.heatsupply.nl\/de\/wp-json\/wp\/v2\/media\/149756"}],"wp:attachment":[{"href":"https:\/\/www.heatsupply.nl\/de\/wp-json\/wp\/v2\/media?parent=149750"}],"wp:term":[{"taxonomy":"product_brand","embeddable":true,"href":"https:\/\/www.heatsupply.nl\/de\/wp-json\/wp\/v2\/product_brand?post=149750"},{"taxonomy":"product_cat","embeddable":true,"href":"https:\/\/www.heatsupply.nl\/de\/wp-json\/wp\/v2\/product_cat?post=149750"},{"taxonomy":"product_tag","embeddable":true,"href":"https:\/\/www.heatsupply.nl\/de\/wp-json\/wp\/v2\/product_tag?post=149750"}],"curies":[{"name":"wp","href":"https:\/\/api.w.org\/{rel}","templated":true}]}}