{"id":149436,"date":"2021-07-12T14:57:00","date_gmt":"2021-07-12T12:57:00","guid":{"rendered":"https:\/\/www.heatsupply.nl\/product\/hot-chip-challenge-2\/"},"modified":"2026-05-11T11:03:29","modified_gmt":"2026-05-11T09:03:29","slug":"hot-chip-challenge","status":"publish","type":"product","link":"https:\/\/www.heatsupply.nl\/de\/produkt\/hot-chip-challenge\/","title":{"rendered":"Hot Chip Challenge"},"content":{"rendered":"<p><strong>Zutaten Hot Chip Challenge:<\/strong> Maismehl (72%), Sonnenblumen\u00f6l, Hot Chip Challenge Pulvermischung (6% (Salz, Carolina Reaper, Trinidad Moruga Skorpionpfeffer, Bhut Jolokia, Habanero, schwarzer Pfefferextrakt, nat\u00fcrliches Aroma, Maltodextrin, nat\u00fcrliche Farbstoffe)).<\/p>\n<p><span style=\"text-decoration: underline\">N\u00e4hrwertangaben pro St\u00fcck:<\/span><br \/>\nEnergie: 59 kJ\/14 kcal<br \/>\nFett: 0,66 g<br \/>\ndavon ges\u00e4ttigte Fette: 0,06 g<br \/>\nKohlenhydrate: 1,95 g<br \/>\ndavon Zucker: &lt; 0,1 g<br \/>\nEiwei\u00df: 0,21 g<br \/>\nSalz: &lt;0,1 g<\/p>\n<p>WARNUNG: Vermeiden Sie den Verzehr, wenn Sie allergisch gegen scharfe Paprika oder Capsaicin sind. Schwangere Frauen, stillende Frauen und Personen mit gesundheitlichen Problemen d\u00fcrfen dieses Produkt nicht verwenden. Au\u00dferhalb der Reichweite von Kindern aufbewahren. Verwenden Sie beim Umgang mit dem Chip Schutzhandschuhe. Suchen Sie sofort einen Arzt auf, wenn Sie nach dem Verzehr schwere, lang anhaltende Atembeschwerden haben.<\/p>\n","protected":false},"excerpt":{"rendered":"<p><span style=\"font-weight: 500\">Findest du die &#8222;scharfen Chips&#8220; aus dem Supermarkt auch immer so langweilig und fade? Dann ist die Hot Chip Challenge vielleicht eher etwas f\u00fcr dich. Denn diese Box enth\u00e4lt einen der sch\u00e4rfsten Chips der Welt. Im Inneren der Schachtel findest du einen vakuumverpackten Chip, der mit einem Pulver aus Carolina Reaper, Trinidad Scorpion, Naga Jolokia und Habanero \u00fcberzogen ist. Mit anderen Worten: Superscharf und wirklich nur f\u00fcr Leute, die Sch\u00e4rfe sehr gut vertragen k\u00f6nnen. Zum Gl\u00fcck liegt jeder Packung auch ein Handschuh bei, denn mit blo\u00dfen H\u00e4nden solltest du diesen Chip nicht anfassen. Wie auch immer, viel Gl\u00fcck mit diesem superscharfen Chip. Du wirst es brauchen.<\/span><\/p>\n<p style=\"text-align: justify\">\n<p><span style=\"font-weight: 500\">Wichtig: Dies ist die modifizierte Version der Hot Chip Challenge, die Anfang 2024 in europ\u00e4ischen L\u00e4ndern verboten wurde. Der Capsaicin-Gehalt wurde auf eine gesetzlich zul\u00e4ssige Menge reduziert. Dieses Produkt ist immer noch sehr scharf und daher nicht f\u00fcr Kinder, schwangere oder stillende Frauen geeignet.<\/span><\/p>\n<p style=\"text-align: justify\">\n<p><span style=\"font-weight: 500\">Herkunft: Paskov, Tschechische Republik<\/span><\/p>\n<p style=\"text-align: justify\">\n<p><span style=\"font-weight: 500\">Inhalt: 2,5 Gramm (1 Chip)<\/span><\/p>\n","protected":false},"featured_media":148683,"comment_status":"open","ping_status":"closed","template":"","meta":{"_acf_changed":false},"product_brand":[],"product_cat":[3968,4047,4071,4073],"product_tag":[],"class_list":{"0":"post-149436","1":"product","2":"type-product","3":"status-publish","4":"has-post-thumbnail","6":"product_cat-geschenke","7":"product_cat-snacks","8":"product_cat-unter-30","9":"product_cat-unter-50","11":"first","12":"instock","13":"taxable","14":"shipping-taxable","15":"purchasable","16":"product-type-simple"},"bundled_by":["149438"],"bundle_stock_status":"instock","bundle_stock_quantity":110,"bundle_virtual":false,"bundle_layout":"","bundle_add_to_cart_form_location":"","bundle_editable_in_cart":false,"bundle_sold_individually_context":"","bundle_item_grouping":"","bundle_min_size":"","bundle_max_size":"","bundle_price":[],"bundled_items":[],"bundle_sell_ids":[],"acf":[],"yoast_head":"<!-- This site is optimized with the Yoast SEO Premium plugin v27.5 (Yoast SEO v27.5) - https:\/\/yoast.com\/product\/yoast-seo-premium-wordpress\/ -->\n<title>Hot Chip Challenge - F\u00fcr echte Feuerschlucker - Heatsupply%<\/title>\n<meta name=\"description\" content=\"Wollten Sie schon immer mal einen der hei\u00dfesten Chips der Welt probieren? Dann solltest du diese Hot Chip Challenge unbedingt ausprobieren. Er ist bizarr scharf, also viel Gl\u00fcck.\" \/>\n<meta name=\"robots\" content=\"index, follow, max-snippet:-1, max-image-preview:large, max-video-preview:-1\" \/>\n<link rel=\"canonical\" href=\"https:\/\/www.heatsupply.nl\/de\/produkt\/hot-chip-challenge\/\" \/>\n<meta property=\"og:locale\" content=\"de_DE\" \/>\n<meta property=\"og:type\" content=\"article\" \/>\n<meta property=\"og:title\" content=\"Hot Chip Challenge\" \/>\n<meta property=\"og:description\" content=\"Wollten Sie schon immer mal einen der hei\u00dfesten Chips der Welt probieren? Dann solltest du diese Hot Chip Challenge unbedingt ausprobieren. Er ist bizarr scharf, also viel Gl\u00fcck.\" \/>\n<meta property=\"og:url\" content=\"https:\/\/www.heatsupply.nl\/de\/produkt\/hot-chip-challenge\/\" \/>\n<meta property=\"og:site_name\" content=\"Heatsupply\" \/>\n<meta property=\"article:publisher\" content=\"https:\/\/www.facebook.com\/heatsupplyNL\" \/>\n<meta property=\"article:modified_time\" content=\"2026-05-11T09:03:29+00:00\" \/>\n<meta property=\"og:image\" content=\"https:\/\/www.heatsupply.nl\/wp-content\/uploads\/2024\/05\/hot-chip-challenge-new.jpg\" \/>\n\t<meta property=\"og:image:width\" content=\"1400\" \/>\n\t<meta property=\"og:image:height\" content=\"1400\" \/>\n\t<meta property=\"og:image:type\" content=\"image\/jpeg\" \/>\n<meta name=\"twitter:card\" content=\"summary_large_image\" \/>\n<meta name=\"twitter:label1\" content=\"Preis\" \/>\n\t<meta name=\"twitter:data1\" content=\"&euro;8,95\" \/>\n\t<meta name=\"twitter:label2\" content=\"Verf\u00fcgbarkeit\" \/>\n\t<meta name=\"twitter:data2\" content=\"Auf Lager\" \/>\n<script type=\"application\/ld+json\" class=\"yoast-schema-graph\">{\"@context\":\"https:\\\/\\\/schema.org\",\"@graph\":[{\"@type\":\"WebPage\",\"@id\":\"https:\\\/\\\/www.heatsupply.nl\\\/de\\\/produkt\\\/hot-chip-challenge\\\/\",\"url\":\"https:\\\/\\\/www.heatsupply.nl\\\/de\\\/produkt\\\/hot-chip-challenge\\\/\",\"name\":\"Hot Chip Challenge - F\u00fcr echte Feuerschlucker - Heatsupply%\",\"isPartOf\":{\"@id\":\"https:\\\/\\\/www.heatsupply.nl\\\/de\\\/#website\"},\"primaryImageOfPage\":{\"@id\":\"https:\\\/\\\/www.heatsupply.nl\\\/de\\\/produkt\\\/hot-chip-challenge\\\/#primaryimage\"},\"image\":{\"@id\":\"https:\\\/\\\/www.heatsupply.nl\\\/de\\\/produkt\\\/hot-chip-challenge\\\/#primaryimage\"},\"thumbnailUrl\":\"https:\\\/\\\/www.heatsupply.nl\\\/wp-content\\\/uploads\\\/2024\\\/05\\\/hot-chip-challenge-new.jpg\",\"datePublished\":\"2021-07-12T12:57:00+00:00\",\"dateModified\":\"2026-05-11T09:03:29+00:00\",\"description\":\"Wollten Sie schon immer mal einen der hei\u00dfesten Chips der Welt probieren? Dann solltest du diese Hot Chip Challenge unbedingt ausprobieren. Er ist bizarr scharf, also viel Gl\u00fcck.\",\"breadcrumb\":{\"@id\":\"https:\\\/\\\/www.heatsupply.nl\\\/de\\\/produkt\\\/hot-chip-challenge\\\/#breadcrumb\"},\"inLanguage\":\"de\",\"potentialAction\":[{\"@type\":\"ReadAction\",\"target\":[\"https:\\\/\\\/www.heatsupply.nl\\\/de\\\/produkt\\\/hot-chip-challenge\\\/\"]}]},{\"@type\":\"ImageObject\",\"inLanguage\":\"de\",\"@id\":\"https:\\\/\\\/www.heatsupply.nl\\\/de\\\/produkt\\\/hot-chip-challenge\\\/#primaryimage\",\"url\":\"https:\\\/\\\/www.heatsupply.nl\\\/wp-content\\\/uploads\\\/2024\\\/05\\\/hot-chip-challenge-new.jpg\",\"contentUrl\":\"https:\\\/\\\/www.heatsupply.nl\\\/wp-content\\\/uploads\\\/2024\\\/05\\\/hot-chip-challenge-new.jpg\",\"width\":1400,\"height\":1400},{\"@type\":\"BreadcrumbList\",\"@id\":\"https:\\\/\\\/www.heatsupply.nl\\\/de\\\/produkt\\\/hot-chip-challenge\\\/#breadcrumb\",\"itemListElement\":[{\"@type\":\"ListItem\",\"position\":1,\"name\":\"Home\",\"item\":\"https:\\\/\\\/www.heatsupply.nl\\\/de\\\/\"},{\"@type\":\"ListItem\",\"position\":2,\"name\":\"Alle produkten\",\"item\":\"https:\\\/\\\/www.heatsupply.nl\\\/de\\\/alle-produkten\\\/\"},{\"@type\":\"ListItem\",\"position\":3,\"name\":\"Spicy\",\"item\":\"https:\\\/\\\/www.heatsupply.nl\\\/de\\\/spicy\\\/\"},{\"@type\":\"ListItem\",\"position\":4,\"name\":\"Snacks\",\"item\":\"https:\\\/\\\/www.heatsupply.nl\\\/de\\\/spicy\\\/snacks\\\/\"},{\"@type\":\"ListItem\",\"position\":5,\"name\":\"Hot Chip Challenge\"}]},{\"@type\":\"WebSite\",\"@id\":\"https:\\\/\\\/www.heatsupply.nl\\\/de\\\/#website\",\"url\":\"https:\\\/\\\/www.heatsupply.nl\\\/de\\\/\",\"name\":\"Heatsupply\",\"description\":\"Hot sauce webstore #1 in Europe\",\"publisher\":{\"@id\":\"https:\\\/\\\/www.heatsupply.nl\\\/de\\\/#organization\"},\"potentialAction\":[{\"@type\":\"SearchAction\",\"target\":{\"@type\":\"EntryPoint\",\"urlTemplate\":\"https:\\\/\\\/www.heatsupply.nl\\\/de\\\/?s={search_term_string}\"},\"query-input\":{\"@type\":\"PropertyValueSpecification\",\"valueRequired\":true,\"valueName\":\"search_term_string\"}}],\"inLanguage\":\"de\"},{\"@type\":\"Organization\",\"@id\":\"https:\\\/\\\/www.heatsupply.nl\\\/de\\\/#organization\",\"name\":\"Heatsupply\",\"url\":\"https:\\\/\\\/www.heatsupply.nl\\\/de\\\/\",\"logo\":{\"@type\":\"ImageObject\",\"inLanguage\":\"de\",\"@id\":\"https:\\\/\\\/www.heatsupply.nl\\\/de\\\/#\\\/schema\\\/logo\\\/image\\\/\",\"url\":\"https:\\\/\\\/www.heatsupply.nl\\\/wp-content\\\/uploads\\\/2022\\\/10\\\/heatsupply-logo-rood.jpg\",\"contentUrl\":\"https:\\\/\\\/www.heatsupply.nl\\\/wp-content\\\/uploads\\\/2022\\\/10\\\/heatsupply-logo-rood.jpg\",\"width\":1000,\"height\":335,\"caption\":\"Heatsupply\"},\"image\":{\"@id\":\"https:\\\/\\\/www.heatsupply.nl\\\/de\\\/#\\\/schema\\\/logo\\\/image\\\/\"},\"sameAs\":[\"https:\\\/\\\/www.facebook.com\\\/heatsupplyNL\",\"https:\\\/\\\/www.instagram.com\\\/heatsuppy.nl\",\"https:\\\/\\\/www.youtube.com\\\/channel\\\/UC5pOWqQtljvxTz2SMWGWCsw\"]}]}<\/script>\n<meta property=\"product:price:amount\" content=\"8.95\" \/>\n<meta property=\"product:price:currency\" content=\"EUR\" \/>\n<meta property=\"og:availability\" content=\"instock\" \/>\n<meta property=\"product:availability\" content=\"instock\" \/>\n<meta property=\"product:retailer_item_id\" content=\"HCC001\" \/>\n<meta property=\"product:condition\" content=\"new\" \/>\n<!-- \/ Yoast SEO Premium plugin. -->","yoast_head_json":{"title":"Hot Chip Challenge - F\u00fcr echte Feuerschlucker - Heatsupply%","description":"Wollten Sie schon immer mal einen der hei\u00dfesten Chips der Welt probieren? Dann solltest du diese Hot Chip Challenge unbedingt ausprobieren. Er ist bizarr scharf, also viel Gl\u00fcck.","robots":{"index":"index","follow":"follow","max-snippet":"max-snippet:-1","max-image-preview":"max-image-preview:large","max-video-preview":"max-video-preview:-1"},"canonical":"https:\/\/www.heatsupply.nl\/de\/produkt\/hot-chip-challenge\/","og_locale":"de_DE","og_type":"article","og_title":"Hot Chip Challenge","og_description":"Wollten Sie schon immer mal einen der hei\u00dfesten Chips der Welt probieren? Dann solltest du diese Hot Chip Challenge unbedingt ausprobieren. Er ist bizarr scharf, also viel Gl\u00fcck.","og_url":"https:\/\/www.heatsupply.nl\/de\/produkt\/hot-chip-challenge\/","og_site_name":"Heatsupply","article_publisher":"https:\/\/www.facebook.com\/heatsupplyNL","article_modified_time":"2026-05-11T09:03:29+00:00","og_image":[{"width":1400,"height":1400,"url":"https:\/\/www.heatsupply.nl\/wp-content\/uploads\/2024\/05\/hot-chip-challenge-new.jpg","type":"image\/jpeg"}],"twitter_card":"summary_large_image","twitter_misc":{"Preis":"&euro;8,95","Verf\u00fcgbarkeit":"Auf Lager"},"schema":{"@context":"https:\/\/schema.org","@graph":[{"@type":"WebPage","@id":"https:\/\/www.heatsupply.nl\/de\/produkt\/hot-chip-challenge\/","url":"https:\/\/www.heatsupply.nl\/de\/produkt\/hot-chip-challenge\/","name":"Hot Chip Challenge - F\u00fcr echte Feuerschlucker - Heatsupply%","isPartOf":{"@id":"https:\/\/www.heatsupply.nl\/de\/#website"},"primaryImageOfPage":{"@id":"https:\/\/www.heatsupply.nl\/de\/produkt\/hot-chip-challenge\/#primaryimage"},"image":{"@id":"https:\/\/www.heatsupply.nl\/de\/produkt\/hot-chip-challenge\/#primaryimage"},"thumbnailUrl":"https:\/\/www.heatsupply.nl\/wp-content\/uploads\/2024\/05\/hot-chip-challenge-new.jpg","datePublished":"2021-07-12T12:57:00+00:00","dateModified":"2026-05-11T09:03:29+00:00","description":"Wollten Sie schon immer mal einen der hei\u00dfesten Chips der Welt probieren? Dann solltest du diese Hot Chip Challenge unbedingt ausprobieren. Er ist bizarr scharf, also viel Gl\u00fcck.","breadcrumb":{"@id":"https:\/\/www.heatsupply.nl\/de\/produkt\/hot-chip-challenge\/#breadcrumb"},"inLanguage":"de","potentialAction":[{"@type":"ReadAction","target":["https:\/\/www.heatsupply.nl\/de\/produkt\/hot-chip-challenge\/"]}]},{"@type":"ImageObject","inLanguage":"de","@id":"https:\/\/www.heatsupply.nl\/de\/produkt\/hot-chip-challenge\/#primaryimage","url":"https:\/\/www.heatsupply.nl\/wp-content\/uploads\/2024\/05\/hot-chip-challenge-new.jpg","contentUrl":"https:\/\/www.heatsupply.nl\/wp-content\/uploads\/2024\/05\/hot-chip-challenge-new.jpg","width":1400,"height":1400},{"@type":"BreadcrumbList","@id":"https:\/\/www.heatsupply.nl\/de\/produkt\/hot-chip-challenge\/#breadcrumb","itemListElement":[{"@type":"ListItem","position":1,"name":"Home","item":"https:\/\/www.heatsupply.nl\/de\/"},{"@type":"ListItem","position":2,"name":"Alle produkten","item":"https:\/\/www.heatsupply.nl\/de\/alle-produkten\/"},{"@type":"ListItem","position":3,"name":"Spicy","item":"https:\/\/www.heatsupply.nl\/de\/spicy\/"},{"@type":"ListItem","position":4,"name":"Snacks","item":"https:\/\/www.heatsupply.nl\/de\/spicy\/snacks\/"},{"@type":"ListItem","position":5,"name":"Hot Chip Challenge"}]},{"@type":"WebSite","@id":"https:\/\/www.heatsupply.nl\/de\/#website","url":"https:\/\/www.heatsupply.nl\/de\/","name":"Heatsupply","description":"Hot sauce webstore #1 in Europe","publisher":{"@id":"https:\/\/www.heatsupply.nl\/de\/#organization"},"potentialAction":[{"@type":"SearchAction","target":{"@type":"EntryPoint","urlTemplate":"https:\/\/www.heatsupply.nl\/de\/?s={search_term_string}"},"query-input":{"@type":"PropertyValueSpecification","valueRequired":true,"valueName":"search_term_string"}}],"inLanguage":"de"},{"@type":"Organization","@id":"https:\/\/www.heatsupply.nl\/de\/#organization","name":"Heatsupply","url":"https:\/\/www.heatsupply.nl\/de\/","logo":{"@type":"ImageObject","inLanguage":"de","@id":"https:\/\/www.heatsupply.nl\/de\/#\/schema\/logo\/image\/","url":"https:\/\/www.heatsupply.nl\/wp-content\/uploads\/2022\/10\/heatsupply-logo-rood.jpg","contentUrl":"https:\/\/www.heatsupply.nl\/wp-content\/uploads\/2022\/10\/heatsupply-logo-rood.jpg","width":1000,"height":335,"caption":"Heatsupply"},"image":{"@id":"https:\/\/www.heatsupply.nl\/de\/#\/schema\/logo\/image\/"},"sameAs":["https:\/\/www.facebook.com\/heatsupplyNL","https:\/\/www.instagram.com\/heatsuppy.nl","https:\/\/www.youtube.com\/channel\/UC5pOWqQtljvxTz2SMWGWCsw"]}]},"product_price_amount":"8.95","product_price_currency":"EUR","og_availability":"instock","product_availability":"instock","product_retailer_item_id":"HCC001","product_condition":"new"},"_links":{"self":[{"href":"https:\/\/www.heatsupply.nl\/de\/wp-json\/wp\/v2\/product\/149436","targetHints":{"allow":["GET"]}}],"collection":[{"href":"https:\/\/www.heatsupply.nl\/de\/wp-json\/wp\/v2\/product"}],"about":[{"href":"https:\/\/www.heatsupply.nl\/de\/wp-json\/wp\/v2\/types\/product"}],"replies":[{"embeddable":true,"href":"https:\/\/www.heatsupply.nl\/de\/wp-json\/wp\/v2\/comments?post=149436"}],"wp:featuredmedia":[{"embeddable":true,"href":"https:\/\/www.heatsupply.nl\/de\/wp-json\/wp\/v2\/media\/148683"}],"wp:attachment":[{"href":"https:\/\/www.heatsupply.nl\/de\/wp-json\/wp\/v2\/media?parent=149436"}],"wp:term":[{"taxonomy":"product_brand","embeddable":true,"href":"https:\/\/www.heatsupply.nl\/de\/wp-json\/wp\/v2\/product_brand?post=149436"},{"taxonomy":"product_cat","embeddable":true,"href":"https:\/\/www.heatsupply.nl\/de\/wp-json\/wp\/v2\/product_cat?post=149436"},{"taxonomy":"product_tag","embeddable":true,"href":"https:\/\/www.heatsupply.nl\/de\/wp-json\/wp\/v2\/product_tag?post=149436"}],"curies":[{"name":"wp","href":"https:\/\/api.w.org\/{rel}","templated":true}]}}