{"id":148114,"date":"2024-05-02T09:22:05","date_gmt":"2024-05-02T07:22:05","guid":{"rendered":"https:\/\/www.heatsupply.nl\/product\/olfs-hot-spize-chocolate-brown-hot-sauce-2\/"},"modified":"2026-05-13T12:31:08","modified_gmt":"2026-05-13T10:31:08","slug":"olfs-hot-spize-chocolate-brown-hot-sauce","status":"publish","type":"product","link":"https:\/\/www.heatsupply.nl\/de\/produkt\/olfs-hot-spize-chocolate-brown-hot-sauce\/","title":{"rendered":"Olfs Hot Spize Chocolate Brown Hot Sauce"},"content":{"rendered":"<p><strong>Zutaten Olfs Hot Spize Chocolate Brown:<\/strong> Helle Weintrauben, Instant-Orangensaft, Agavensirup, Apfelessig, 8% fettarmer Kakao, 4% Chilis (Carolina Reaper), Espressobohnen, Oliven\u00f6l, Instant-Zitronensaft, Zimtstange, Meersalz, Gew\u00fcrze.<\/p>\n<p><span style=\"text-decoration: underline;\">N\u00e4hrwertangaben pro 100gr:<\/span><br \/>\nEnergie: 135 kcal<br \/>\nFett: 2,8 Gramm<br \/>\ndavon ges\u00e4ttigte Fetts\u00e4uren: 0,9 g<br \/>\nKohlenhydrate: 21 g<br \/>\ndavon Zucker: 6,9 g<br \/>\nEiwei\u00df: 3,2 g<br \/>\nSalz: 1,6 g<\/p>\n<p>Vor Gebrauch sch\u00fctteln und nach dem \u00d6ffnen im K\u00fchlschrank aufbewahren.<\/p>\n","protected":false},"excerpt":{"rendered":"<p><span style=\"font-weight: 500;\">Olfs Hot Spize Chocolate Brown Hot Sauce ist eine ganz besondere scharfe Sauce mit Trauben, Kakao, Carolina Reaper und Espressobohnen. Und ja, der Geschmack ist so besonders, wie die Auflistung dieser Zutaten vermuten l\u00e4sst. Man riecht und schmeckt sofort die Schokolade, aber die Sch\u00e4rfe des Carolina Reaper folgt bald. Auf subtile Weise ist der leicht s\u00e4uerliche und fruchtige Geschmack der Weintrauben pr\u00e4sent, und auch der Orangensaft tr\u00e4gt seinen Teil dazu bei. Eine ganz besondere scharfe Sauce, die gut zu allen Arten von Fleisch, Tacos, Burritos, Burgern, Kebabs, aber nat\u00fcrlich auch zu deinen Lieblingsdesserts passt, bei denen ein wenig Schokolade nicht schaden w\u00fcrde!<\/span><\/p>\n<p><span style=\"font-weight: 500;\">Herkunft: Hamburg, Deutschland<\/span><\/p>\n<p><span style=\"font-weight: 500;\">Inhalt: 100 ml<\/span><\/p>\n","protected":false},"featured_media":147750,"comment_status":"open","ping_status":"closed","template":"","meta":{"_acf_changed":false},"product_brand":[],"product_cat":[3929,3994,3787,4046],"product_tag":[],"class_list":{"0":"post-148114","1":"product","2":"type-product","3":"status-publish","4":"has-post-thumbnail","6":"product_cat-carolina-reaper","7":"product_cat-europaeische-scharfe-saucen","8":"product_cat-scharfe-sossen","9":"product_cat-spicy","11":"first","12":"instock","13":"taxable","14":"shipping-taxable","15":"purchasable","16":"product-type-simple"},"bundled_by":[],"bundle_stock_status":"instock","bundle_stock_quantity":35,"bundle_virtual":false,"bundle_layout":"","bundle_add_to_cart_form_location":"","bundle_editable_in_cart":false,"bundle_sold_individually_context":"","bundle_item_grouping":"","bundle_min_size":"","bundle_max_size":"","bundle_price":[],"bundled_items":[],"bundle_sell_ids":[],"acf":[],"yoast_head":"<!-- This site is optimized with the Yoast SEO Premium plugin v27.5 (Yoast SEO v27.5) - https:\/\/yoast.com\/product\/yoast-seo-premium-wordpress\/ -->\n<title>Olfs Hot Spize Chocolate Brown Hot Sauce - Heatsupply<\/title>\n<meta name=\"description\" content=\"Olfs Hot Spize Chocolate Brown Hot Sauce ist eine besondere scharfe Sauce mit Trauben, Carolina Reaper, Kakao und Espressobohnen. Hier bestellen!\" \/>\n<meta name=\"robots\" content=\"index, follow, max-snippet:-1, max-image-preview:large, max-video-preview:-1\" \/>\n<link rel=\"canonical\" href=\"https:\/\/www.heatsupply.nl\/de\/produkt\/olfs-hot-spize-chocolate-brown-hot-sauce\/\" \/>\n<meta property=\"og:locale\" content=\"de_DE\" \/>\n<meta property=\"og:type\" content=\"article\" \/>\n<meta property=\"og:title\" content=\"Olfs Hot Spize Chocolate Brown Hot Sauce\" \/>\n<meta property=\"og:description\" content=\"Olfs Hot Spize Chocolate Brown Hot Sauce ist eine besondere scharfe Sauce mit Trauben, Carolina Reaper, Kakao und Espressobohnen. Hier bestellen!\" \/>\n<meta property=\"og:url\" content=\"https:\/\/www.heatsupply.nl\/de\/produkt\/olfs-hot-spize-chocolate-brown-hot-sauce\/\" \/>\n<meta property=\"og:site_name\" content=\"Heatsupply\" \/>\n<meta property=\"article:publisher\" content=\"https:\/\/www.facebook.com\/heatsupplyNL\" \/>\n<meta property=\"article:modified_time\" content=\"2026-05-13T10:31:08+00:00\" \/>\n<meta property=\"og:image\" content=\"https:\/\/www.heatsupply.nl\/wp-content\/uploads\/2024\/05\/hot-spize-chocolate-brown-hot-sauce.jpg\" \/>\n\t<meta property=\"og:image:width\" content=\"1400\" \/>\n\t<meta property=\"og:image:height\" content=\"1400\" \/>\n\t<meta property=\"og:image:type\" content=\"image\/jpeg\" \/>\n<meta name=\"twitter:card\" content=\"summary_large_image\" \/>\n<meta name=\"twitter:label1\" content=\"Preis\" \/>\n\t<meta name=\"twitter:data1\" content=\"&euro;9,95\" \/>\n\t<meta name=\"twitter:label2\" content=\"Verf\u00fcgbarkeit\" \/>\n\t<meta name=\"twitter:data2\" content=\"Auf Lager\" \/>\n<script type=\"application\/ld+json\" class=\"yoast-schema-graph\">{\"@context\":\"https:\\\/\\\/schema.org\",\"@graph\":[{\"@type\":\"WebPage\",\"@id\":\"https:\\\/\\\/www.heatsupply.nl\\\/de\\\/produkt\\\/olfs-hot-spize-chocolate-brown-hot-sauce\\\/\",\"url\":\"https:\\\/\\\/www.heatsupply.nl\\\/de\\\/produkt\\\/olfs-hot-spize-chocolate-brown-hot-sauce\\\/\",\"name\":\"Olfs Hot Spize Chocolate Brown Hot Sauce - Heatsupply\",\"isPartOf\":{\"@id\":\"https:\\\/\\\/www.heatsupply.nl\\\/de\\\/#website\"},\"primaryImageOfPage\":{\"@id\":\"https:\\\/\\\/www.heatsupply.nl\\\/de\\\/produkt\\\/olfs-hot-spize-chocolate-brown-hot-sauce\\\/#primaryimage\"},\"image\":{\"@id\":\"https:\\\/\\\/www.heatsupply.nl\\\/de\\\/produkt\\\/olfs-hot-spize-chocolate-brown-hot-sauce\\\/#primaryimage\"},\"thumbnailUrl\":\"https:\\\/\\\/www.heatsupply.nl\\\/wp-content\\\/uploads\\\/2024\\\/05\\\/hot-spize-chocolate-brown-hot-sauce.jpg\",\"datePublished\":\"2024-05-02T07:22:05+00:00\",\"dateModified\":\"2026-05-13T10:31:08+00:00\",\"description\":\"Olfs Hot Spize Chocolate Brown Hot Sauce ist eine besondere scharfe Sauce mit Trauben, Carolina Reaper, Kakao und Espressobohnen. Hier bestellen!\",\"breadcrumb\":{\"@id\":\"https:\\\/\\\/www.heatsupply.nl\\\/de\\\/produkt\\\/olfs-hot-spize-chocolate-brown-hot-sauce\\\/#breadcrumb\"},\"inLanguage\":\"de\",\"potentialAction\":[{\"@type\":\"ReadAction\",\"target\":[\"https:\\\/\\\/www.heatsupply.nl\\\/de\\\/produkt\\\/olfs-hot-spize-chocolate-brown-hot-sauce\\\/\"]}]},{\"@type\":\"ImageObject\",\"inLanguage\":\"de\",\"@id\":\"https:\\\/\\\/www.heatsupply.nl\\\/de\\\/produkt\\\/olfs-hot-spize-chocolate-brown-hot-sauce\\\/#primaryimage\",\"url\":\"https:\\\/\\\/www.heatsupply.nl\\\/wp-content\\\/uploads\\\/2024\\\/05\\\/hot-spize-chocolate-brown-hot-sauce.jpg\",\"contentUrl\":\"https:\\\/\\\/www.heatsupply.nl\\\/wp-content\\\/uploads\\\/2024\\\/05\\\/hot-spize-chocolate-brown-hot-sauce.jpg\",\"width\":1400,\"height\":1400,\"caption\":\"Olfs Hot Spize Chocolate Brown Hot Sauce\"},{\"@type\":\"BreadcrumbList\",\"@id\":\"https:\\\/\\\/www.heatsupply.nl\\\/de\\\/produkt\\\/olfs-hot-spize-chocolate-brown-hot-sauce\\\/#breadcrumb\",\"itemListElement\":[{\"@type\":\"ListItem\",\"position\":1,\"name\":\"Home\",\"item\":\"https:\\\/\\\/www.heatsupply.nl\\\/de\\\/\"},{\"@type\":\"ListItem\",\"position\":2,\"name\":\"Alle produkten\",\"item\":\"https:\\\/\\\/www.heatsupply.nl\\\/de\\\/alle-produkten\\\/\"},{\"@type\":\"ListItem\",\"position\":3,\"name\":\"Scharfe So\u00dfen\",\"item\":\"https:\\\/\\\/www.heatsupply.nl\\\/de\\\/scharfe-sossen\\\/\"},{\"@type\":\"ListItem\",\"position\":4,\"name\":\"Carolina Reaper\",\"item\":\"https:\\\/\\\/www.heatsupply.nl\\\/de\\\/scharfe-sossen\\\/carolina-reaper\\\/\"},{\"@type\":\"ListItem\",\"position\":5,\"name\":\"Olfs Hot Spize Chocolate Brown Hot Sauce\"}]},{\"@type\":\"WebSite\",\"@id\":\"https:\\\/\\\/www.heatsupply.nl\\\/de\\\/#website\",\"url\":\"https:\\\/\\\/www.heatsupply.nl\\\/de\\\/\",\"name\":\"Heatsupply\",\"description\":\"Hot sauce webstore #1 in Europe\",\"publisher\":{\"@id\":\"https:\\\/\\\/www.heatsupply.nl\\\/de\\\/#organization\"},\"potentialAction\":[{\"@type\":\"SearchAction\",\"target\":{\"@type\":\"EntryPoint\",\"urlTemplate\":\"https:\\\/\\\/www.heatsupply.nl\\\/de\\\/?s={search_term_string}\"},\"query-input\":{\"@type\":\"PropertyValueSpecification\",\"valueRequired\":true,\"valueName\":\"search_term_string\"}}],\"inLanguage\":\"de\"},{\"@type\":\"Organization\",\"@id\":\"https:\\\/\\\/www.heatsupply.nl\\\/de\\\/#organization\",\"name\":\"Heatsupply\",\"url\":\"https:\\\/\\\/www.heatsupply.nl\\\/de\\\/\",\"logo\":{\"@type\":\"ImageObject\",\"inLanguage\":\"de\",\"@id\":\"https:\\\/\\\/www.heatsupply.nl\\\/de\\\/#\\\/schema\\\/logo\\\/image\\\/\",\"url\":\"https:\\\/\\\/www.heatsupply.nl\\\/wp-content\\\/uploads\\\/2022\\\/10\\\/heatsupply-logo-rood.jpg\",\"contentUrl\":\"https:\\\/\\\/www.heatsupply.nl\\\/wp-content\\\/uploads\\\/2022\\\/10\\\/heatsupply-logo-rood.jpg\",\"width\":1000,\"height\":335,\"caption\":\"Heatsupply\"},\"image\":{\"@id\":\"https:\\\/\\\/www.heatsupply.nl\\\/de\\\/#\\\/schema\\\/logo\\\/image\\\/\"},\"sameAs\":[\"https:\\\/\\\/www.facebook.com\\\/heatsupplyNL\",\"https:\\\/\\\/www.instagram.com\\\/heatsuppy.nl\",\"https:\\\/\\\/www.youtube.com\\\/channel\\\/UC5pOWqQtljvxTz2SMWGWCsw\"]}]}<\/script>\n<meta property=\"product:brand\" content=\"Olfs Hot Spize\" \/>\n<meta property=\"product:price:amount\" content=\"9.95\" \/>\n<meta property=\"product:price:currency\" content=\"EUR\" \/>\n<meta property=\"og:availability\" content=\"instock\" \/>\n<meta property=\"product:availability\" content=\"instock\" \/>\n<meta property=\"product:retailer_item_id\" content=\"OLFSCB002\" \/>\n<meta property=\"product:condition\" content=\"new\" \/>\n<!-- \/ Yoast SEO Premium plugin. -->","yoast_head_json":{"title":"Olfs Hot Spize Chocolate Brown Hot Sauce - Heatsupply","description":"Olfs Hot Spize Chocolate Brown Hot Sauce ist eine besondere scharfe Sauce mit Trauben, Carolina Reaper, Kakao und Espressobohnen. Hier bestellen!","robots":{"index":"index","follow":"follow","max-snippet":"max-snippet:-1","max-image-preview":"max-image-preview:large","max-video-preview":"max-video-preview:-1"},"canonical":"https:\/\/www.heatsupply.nl\/de\/produkt\/olfs-hot-spize-chocolate-brown-hot-sauce\/","og_locale":"de_DE","og_type":"article","og_title":"Olfs Hot Spize Chocolate Brown Hot Sauce","og_description":"Olfs Hot Spize Chocolate Brown Hot Sauce ist eine besondere scharfe Sauce mit Trauben, Carolina Reaper, Kakao und Espressobohnen. Hier bestellen!","og_url":"https:\/\/www.heatsupply.nl\/de\/produkt\/olfs-hot-spize-chocolate-brown-hot-sauce\/","og_site_name":"Heatsupply","article_publisher":"https:\/\/www.facebook.com\/heatsupplyNL","article_modified_time":"2026-05-13T10:31:08+00:00","og_image":[{"width":1400,"height":1400,"url":"https:\/\/www.heatsupply.nl\/wp-content\/uploads\/2024\/05\/hot-spize-chocolate-brown-hot-sauce.jpg","type":"image\/jpeg"}],"twitter_card":"summary_large_image","twitter_misc":{"Preis":"&euro;9,95","Verf\u00fcgbarkeit":"Auf Lager"},"schema":{"@context":"https:\/\/schema.org","@graph":[{"@type":"WebPage","@id":"https:\/\/www.heatsupply.nl\/de\/produkt\/olfs-hot-spize-chocolate-brown-hot-sauce\/","url":"https:\/\/www.heatsupply.nl\/de\/produkt\/olfs-hot-spize-chocolate-brown-hot-sauce\/","name":"Olfs Hot Spize Chocolate Brown Hot Sauce - Heatsupply","isPartOf":{"@id":"https:\/\/www.heatsupply.nl\/de\/#website"},"primaryImageOfPage":{"@id":"https:\/\/www.heatsupply.nl\/de\/produkt\/olfs-hot-spize-chocolate-brown-hot-sauce\/#primaryimage"},"image":{"@id":"https:\/\/www.heatsupply.nl\/de\/produkt\/olfs-hot-spize-chocolate-brown-hot-sauce\/#primaryimage"},"thumbnailUrl":"https:\/\/www.heatsupply.nl\/wp-content\/uploads\/2024\/05\/hot-spize-chocolate-brown-hot-sauce.jpg","datePublished":"2024-05-02T07:22:05+00:00","dateModified":"2026-05-13T10:31:08+00:00","description":"Olfs Hot Spize Chocolate Brown Hot Sauce ist eine besondere scharfe Sauce mit Trauben, Carolina Reaper, Kakao und Espressobohnen. Hier bestellen!","breadcrumb":{"@id":"https:\/\/www.heatsupply.nl\/de\/produkt\/olfs-hot-spize-chocolate-brown-hot-sauce\/#breadcrumb"},"inLanguage":"de","potentialAction":[{"@type":"ReadAction","target":["https:\/\/www.heatsupply.nl\/de\/produkt\/olfs-hot-spize-chocolate-brown-hot-sauce\/"]}]},{"@type":"ImageObject","inLanguage":"de","@id":"https:\/\/www.heatsupply.nl\/de\/produkt\/olfs-hot-spize-chocolate-brown-hot-sauce\/#primaryimage","url":"https:\/\/www.heatsupply.nl\/wp-content\/uploads\/2024\/05\/hot-spize-chocolate-brown-hot-sauce.jpg","contentUrl":"https:\/\/www.heatsupply.nl\/wp-content\/uploads\/2024\/05\/hot-spize-chocolate-brown-hot-sauce.jpg","width":1400,"height":1400,"caption":"Olfs Hot Spize Chocolate Brown Hot Sauce"},{"@type":"BreadcrumbList","@id":"https:\/\/www.heatsupply.nl\/de\/produkt\/olfs-hot-spize-chocolate-brown-hot-sauce\/#breadcrumb","itemListElement":[{"@type":"ListItem","position":1,"name":"Home","item":"https:\/\/www.heatsupply.nl\/de\/"},{"@type":"ListItem","position":2,"name":"Alle produkten","item":"https:\/\/www.heatsupply.nl\/de\/alle-produkten\/"},{"@type":"ListItem","position":3,"name":"Scharfe So\u00dfen","item":"https:\/\/www.heatsupply.nl\/de\/scharfe-sossen\/"},{"@type":"ListItem","position":4,"name":"Carolina Reaper","item":"https:\/\/www.heatsupply.nl\/de\/scharfe-sossen\/carolina-reaper\/"},{"@type":"ListItem","position":5,"name":"Olfs Hot Spize Chocolate Brown Hot Sauce"}]},{"@type":"WebSite","@id":"https:\/\/www.heatsupply.nl\/de\/#website","url":"https:\/\/www.heatsupply.nl\/de\/","name":"Heatsupply","description":"Hot sauce webstore #1 in Europe","publisher":{"@id":"https:\/\/www.heatsupply.nl\/de\/#organization"},"potentialAction":[{"@type":"SearchAction","target":{"@type":"EntryPoint","urlTemplate":"https:\/\/www.heatsupply.nl\/de\/?s={search_term_string}"},"query-input":{"@type":"PropertyValueSpecification","valueRequired":true,"valueName":"search_term_string"}}],"inLanguage":"de"},{"@type":"Organization","@id":"https:\/\/www.heatsupply.nl\/de\/#organization","name":"Heatsupply","url":"https:\/\/www.heatsupply.nl\/de\/","logo":{"@type":"ImageObject","inLanguage":"de","@id":"https:\/\/www.heatsupply.nl\/de\/#\/schema\/logo\/image\/","url":"https:\/\/www.heatsupply.nl\/wp-content\/uploads\/2022\/10\/heatsupply-logo-rood.jpg","contentUrl":"https:\/\/www.heatsupply.nl\/wp-content\/uploads\/2022\/10\/heatsupply-logo-rood.jpg","width":1000,"height":335,"caption":"Heatsupply"},"image":{"@id":"https:\/\/www.heatsupply.nl\/de\/#\/schema\/logo\/image\/"},"sameAs":["https:\/\/www.facebook.com\/heatsupplyNL","https:\/\/www.instagram.com\/heatsuppy.nl","https:\/\/www.youtube.com\/channel\/UC5pOWqQtljvxTz2SMWGWCsw"]}]},"product_brand":"Olfs Hot Spize","product_price_amount":"9.95","product_price_currency":"EUR","og_availability":"instock","product_availability":"instock","product_retailer_item_id":"OLFSCB002","product_condition":"new"},"_links":{"self":[{"href":"https:\/\/www.heatsupply.nl\/de\/wp-json\/wp\/v2\/product\/148114","targetHints":{"allow":["GET"]}}],"collection":[{"href":"https:\/\/www.heatsupply.nl\/de\/wp-json\/wp\/v2\/product"}],"about":[{"href":"https:\/\/www.heatsupply.nl\/de\/wp-json\/wp\/v2\/types\/product"}],"replies":[{"embeddable":true,"href":"https:\/\/www.heatsupply.nl\/de\/wp-json\/wp\/v2\/comments?post=148114"}],"wp:featuredmedia":[{"embeddable":true,"href":"https:\/\/www.heatsupply.nl\/de\/wp-json\/wp\/v2\/media\/147750"}],"wp:attachment":[{"href":"https:\/\/www.heatsupply.nl\/de\/wp-json\/wp\/v2\/media?parent=148114"}],"wp:term":[{"taxonomy":"product_brand","embeddable":true,"href":"https:\/\/www.heatsupply.nl\/de\/wp-json\/wp\/v2\/product_brand?post=148114"},{"taxonomy":"product_cat","embeddable":true,"href":"https:\/\/www.heatsupply.nl\/de\/wp-json\/wp\/v2\/product_cat?post=148114"},{"taxonomy":"product_tag","embeddable":true,"href":"https:\/\/www.heatsupply.nl\/de\/wp-json\/wp\/v2\/product_tag?post=148114"}],"curies":[{"name":"wp","href":"https:\/\/api.w.org\/{rel}","templated":true}]}}