{"id":148112,"date":"2024-05-02T09:21:47","date_gmt":"2024-05-02T07:21:47","guid":{"rendered":"https:\/\/www.heatsupply.nl\/product\/olfs-hot-spize-oriental-orange-hot-sauce-2\/"},"modified":"2026-05-15T13:29:02","modified_gmt":"2026-05-15T11:29:02","slug":"olfs-hot-spize-oriental-orange-hot-sauce","status":"publish","type":"product","link":"https:\/\/www.heatsupply.nl\/de\/produkt\/olfs-hot-spize-oriental-orange-hot-sauce\/","title":{"rendered":"Olfs Hot Spize Oriental Orange Hot Sauce"},"content":{"rendered":"<p><strong>Zutaten Olfs Hot Spize Oriental Orange Hot Sauce:<\/strong> Karotte, Agavendicksaft, Apfelessig, Zwiebel, Orangensaft, Pfeffer, Apfel, 4% Chilis (Ghost Pepper, Rawit Chili), Ingwer, Karottensaft, Kartoffel, Knoblauch, Zitronensaft, Kurkuma, Pfefferminze, Meersalz, Gew\u00fcrze.<\/p>\n<p>N\u00e4hrwertangaben pro 100gr:<br \/>\nEnergie: 81 kcal<br \/>\nFett: 0,4 g<br \/>\ndavon ges\u00e4ttigte Fetts\u00e4uren: 0,1 g<br \/>\nKohlenhydrate: 19 g<br \/>\ndavon Zucker: 4,5 g<br \/>\nEiwei\u00df: 1,0 g<br \/>\nSalz: 1,7 Gramm<\/p>\n<p>Vor Gebrauch sch\u00fctteln. Nach dem \u00d6ffnen im K\u00fchlschrank aufbewahren.<\/p>\n","protected":false},"excerpt":{"rendered":"<p><span style=\"font-weight: 500;\">Olfs Hot Spize Oriental Orange Hot Sauce ist eine in Deutschland hergestellte scharfe Sauce mit einem asiatischen Touch. Sie kommt in der Form von Orange daher, aber habe keine Angst vor einem aufdringlichen Orangengeschmack, denn er ist tats\u00e4chlich sehr dezent. Die S\u00fc\u00dfe kommt haupts\u00e4chlich von der Karotte und dem Agavendicksaft, die Sch\u00e4rfe vom Geisterpfeffer &amp; Rawit (Bird\u2019s Eye) und die pikanten Aromen von Ingwer, Knoblauch, Kurkuma, Pfefferminze und anderen Gew\u00fcrzen. Herrlich w\u00fcrzig und k\u00f6stlich zu verschiedenen Currys, Nudel- und Reisgerichten und Huhn.<\/span><\/p>\n<p><span style=\"font-weight: 500;\">Herkunft: Hamburg, Deutschland<\/span><\/p>\n<p><span style=\"font-weight: 500;\">Inhalt: 100 ml<\/span><\/p>\n","protected":false},"featured_media":147741,"comment_status":"open","ping_status":"closed","template":"","meta":{"_acf_changed":false},"product_brand":[],"product_cat":[3994,3931,3787,4046],"product_tag":[],"class_list":{"0":"post-148112","1":"product","2":"type-product","3":"status-publish","4":"has-post-thumbnail","6":"product_cat-europaeische-scharfe-saucen","7":"product_cat-ghost-pepper","8":"product_cat-scharfe-sossen","9":"product_cat-spicy","11":"first","12":"instock","13":"taxable","14":"shipping-taxable","15":"purchasable","16":"product-type-simple"},"bundled_by":[],"bundle_stock_status":"instock","bundle_stock_quantity":36,"bundle_virtual":false,"bundle_layout":"","bundle_add_to_cart_form_location":"","bundle_editable_in_cart":false,"bundle_sold_individually_context":"","bundle_item_grouping":"","bundle_min_size":"","bundle_max_size":"","bundle_price":[],"bundled_items":[],"bundle_sell_ids":[],"acf":[],"yoast_head":"<!-- This site is optimized with the Yoast SEO Premium plugin v27.5 (Yoast SEO v27.5) - https:\/\/yoast.com\/product\/yoast-seo-premium-wordpress\/ -->\n<title>Olfs Hot Spize Oriental Orange Hot Sauce - Heatsupply<\/title>\n<meta name=\"description\" content=\"Olfs Hot Spize Oriental Orange Hot Sauce ist eine deutsche scharfe Sauce mit einem asiatischen Touch. K\u00f6stlich zu Currys, Nudel- und Reisgerichten und mehr!\" \/>\n<meta name=\"robots\" content=\"index, follow, max-snippet:-1, max-image-preview:large, max-video-preview:-1\" \/>\n<link rel=\"canonical\" href=\"https:\/\/www.heatsupply.nl\/de\/produkt\/olfs-hot-spize-oriental-orange-hot-sauce\/\" \/>\n<meta property=\"og:locale\" content=\"de_DE\" \/>\n<meta property=\"og:type\" content=\"article\" \/>\n<meta property=\"og:title\" content=\"Olfs Hot Spize Oriental Orange Hot Sauce\" \/>\n<meta property=\"og:description\" content=\"Olfs Hot Spize Oriental Orange Hot Sauce ist eine deutsche scharfe Sauce mit einem asiatischen Touch. K\u00f6stlich zu Currys, Nudel- und Reisgerichten und mehr!\" \/>\n<meta property=\"og:url\" content=\"https:\/\/www.heatsupply.nl\/de\/produkt\/olfs-hot-spize-oriental-orange-hot-sauce\/\" \/>\n<meta property=\"og:site_name\" content=\"Heatsupply\" \/>\n<meta property=\"article:publisher\" content=\"https:\/\/www.facebook.com\/heatsupplyNL\" \/>\n<meta property=\"article:modified_time\" content=\"2026-05-15T11:29:02+00:00\" \/>\n<meta property=\"og:image\" content=\"https:\/\/www.heatsupply.nl\/wp-content\/uploads\/2024\/05\/hot-spize-oriental-orange-hot-sauce.jpg\" \/>\n\t<meta property=\"og:image:width\" content=\"1400\" \/>\n\t<meta property=\"og:image:height\" content=\"1400\" \/>\n\t<meta property=\"og:image:type\" content=\"image\/jpeg\" \/>\n<meta name=\"twitter:card\" content=\"summary_large_image\" \/>\n<meta name=\"twitter:label1\" content=\"Preis\" \/>\n\t<meta name=\"twitter:data1\" content=\"&euro;9,95\" \/>\n\t<meta name=\"twitter:label2\" content=\"Verf\u00fcgbarkeit\" \/>\n\t<meta name=\"twitter:data2\" content=\"Auf Lager\" \/>\n<script type=\"application\/ld+json\" class=\"yoast-schema-graph\">{\"@context\":\"https:\\\/\\\/schema.org\",\"@graph\":[{\"@type\":\"WebPage\",\"@id\":\"https:\\\/\\\/www.heatsupply.nl\\\/de\\\/produkt\\\/olfs-hot-spize-oriental-orange-hot-sauce\\\/\",\"url\":\"https:\\\/\\\/www.heatsupply.nl\\\/de\\\/produkt\\\/olfs-hot-spize-oriental-orange-hot-sauce\\\/\",\"name\":\"Olfs Hot Spize Oriental Orange Hot Sauce - Heatsupply\",\"isPartOf\":{\"@id\":\"https:\\\/\\\/www.heatsupply.nl\\\/de\\\/#website\"},\"primaryImageOfPage\":{\"@id\":\"https:\\\/\\\/www.heatsupply.nl\\\/de\\\/produkt\\\/olfs-hot-spize-oriental-orange-hot-sauce\\\/#primaryimage\"},\"image\":{\"@id\":\"https:\\\/\\\/www.heatsupply.nl\\\/de\\\/produkt\\\/olfs-hot-spize-oriental-orange-hot-sauce\\\/#primaryimage\"},\"thumbnailUrl\":\"https:\\\/\\\/www.heatsupply.nl\\\/wp-content\\\/uploads\\\/2024\\\/05\\\/hot-spize-oriental-orange-hot-sauce.jpg\",\"datePublished\":\"2024-05-02T07:21:47+00:00\",\"dateModified\":\"2026-05-15T11:29:02+00:00\",\"description\":\"Olfs Hot Spize Oriental Orange Hot Sauce ist eine deutsche scharfe Sauce mit einem asiatischen Touch. K\u00f6stlich zu Currys, Nudel- und Reisgerichten und mehr!\",\"breadcrumb\":{\"@id\":\"https:\\\/\\\/www.heatsupply.nl\\\/de\\\/produkt\\\/olfs-hot-spize-oriental-orange-hot-sauce\\\/#breadcrumb\"},\"inLanguage\":\"de\",\"potentialAction\":[{\"@type\":\"ReadAction\",\"target\":[\"https:\\\/\\\/www.heatsupply.nl\\\/de\\\/produkt\\\/olfs-hot-spize-oriental-orange-hot-sauce\\\/\"]}]},{\"@type\":\"ImageObject\",\"inLanguage\":\"de\",\"@id\":\"https:\\\/\\\/www.heatsupply.nl\\\/de\\\/produkt\\\/olfs-hot-spize-oriental-orange-hot-sauce\\\/#primaryimage\",\"url\":\"https:\\\/\\\/www.heatsupply.nl\\\/wp-content\\\/uploads\\\/2024\\\/05\\\/hot-spize-oriental-orange-hot-sauce.jpg\",\"contentUrl\":\"https:\\\/\\\/www.heatsupply.nl\\\/wp-content\\\/uploads\\\/2024\\\/05\\\/hot-spize-oriental-orange-hot-sauce.jpg\",\"width\":1400,\"height\":1400,\"caption\":\"Olfs Hot Spize Oriental Orange Hot Sauce\"},{\"@type\":\"BreadcrumbList\",\"@id\":\"https:\\\/\\\/www.heatsupply.nl\\\/de\\\/produkt\\\/olfs-hot-spize-oriental-orange-hot-sauce\\\/#breadcrumb\",\"itemListElement\":[{\"@type\":\"ListItem\",\"position\":1,\"name\":\"Home\",\"item\":\"https:\\\/\\\/www.heatsupply.nl\\\/de\\\/\"},{\"@type\":\"ListItem\",\"position\":2,\"name\":\"Alle produkten\",\"item\":\"https:\\\/\\\/www.heatsupply.nl\\\/de\\\/alle-produkten\\\/\"},{\"@type\":\"ListItem\",\"position\":3,\"name\":\"Scharfe So\u00dfen\",\"item\":\"https:\\\/\\\/www.heatsupply.nl\\\/de\\\/scharfe-sossen\\\/\"},{\"@type\":\"ListItem\",\"position\":4,\"name\":\"Europ\u00e4ische scharfe Saucen\",\"item\":\"https:\\\/\\\/www.heatsupply.nl\\\/de\\\/scharfe-sossen\\\/europaeische-scharfe-saucen\\\/\"},{\"@type\":\"ListItem\",\"position\":5,\"name\":\"Olfs Hot Spize Oriental Orange Hot Sauce\"}]},{\"@type\":\"WebSite\",\"@id\":\"https:\\\/\\\/www.heatsupply.nl\\\/de\\\/#website\",\"url\":\"https:\\\/\\\/www.heatsupply.nl\\\/de\\\/\",\"name\":\"Heatsupply\",\"description\":\"Hot sauce webstore #1 in Europe\",\"publisher\":{\"@id\":\"https:\\\/\\\/www.heatsupply.nl\\\/de\\\/#organization\"},\"potentialAction\":[{\"@type\":\"SearchAction\",\"target\":{\"@type\":\"EntryPoint\",\"urlTemplate\":\"https:\\\/\\\/www.heatsupply.nl\\\/de\\\/?s={search_term_string}\"},\"query-input\":{\"@type\":\"PropertyValueSpecification\",\"valueRequired\":true,\"valueName\":\"search_term_string\"}}],\"inLanguage\":\"de\"},{\"@type\":\"Organization\",\"@id\":\"https:\\\/\\\/www.heatsupply.nl\\\/de\\\/#organization\",\"name\":\"Heatsupply\",\"url\":\"https:\\\/\\\/www.heatsupply.nl\\\/de\\\/\",\"logo\":{\"@type\":\"ImageObject\",\"inLanguage\":\"de\",\"@id\":\"https:\\\/\\\/www.heatsupply.nl\\\/de\\\/#\\\/schema\\\/logo\\\/image\\\/\",\"url\":\"https:\\\/\\\/www.heatsupply.nl\\\/wp-content\\\/uploads\\\/2022\\\/10\\\/heatsupply-logo-rood.jpg\",\"contentUrl\":\"https:\\\/\\\/www.heatsupply.nl\\\/wp-content\\\/uploads\\\/2022\\\/10\\\/heatsupply-logo-rood.jpg\",\"width\":1000,\"height\":335,\"caption\":\"Heatsupply\"},\"image\":{\"@id\":\"https:\\\/\\\/www.heatsupply.nl\\\/de\\\/#\\\/schema\\\/logo\\\/image\\\/\"},\"sameAs\":[\"https:\\\/\\\/www.facebook.com\\\/heatsupplyNL\",\"https:\\\/\\\/www.instagram.com\\\/heatsuppy.nl\",\"https:\\\/\\\/www.youtube.com\\\/channel\\\/UC5pOWqQtljvxTz2SMWGWCsw\"]}]}<\/script>\n<meta property=\"product:brand\" content=\"Olfs Hot Spize\" \/>\n<meta property=\"product:price:amount\" content=\"9.95\" \/>\n<meta property=\"product:price:currency\" content=\"EUR\" \/>\n<meta property=\"og:availability\" content=\"instock\" \/>\n<meta property=\"product:availability\" content=\"instock\" \/>\n<meta property=\"product:retailer_item_id\" content=\"OLFSOO002\" \/>\n<meta property=\"product:condition\" content=\"new\" \/>\n<!-- \/ Yoast SEO Premium plugin. -->","yoast_head_json":{"title":"Olfs Hot Spize Oriental Orange Hot Sauce - Heatsupply","description":"Olfs Hot Spize Oriental Orange Hot Sauce ist eine deutsche scharfe Sauce mit einem asiatischen Touch. K\u00f6stlich zu Currys, Nudel- und Reisgerichten und mehr!","robots":{"index":"index","follow":"follow","max-snippet":"max-snippet:-1","max-image-preview":"max-image-preview:large","max-video-preview":"max-video-preview:-1"},"canonical":"https:\/\/www.heatsupply.nl\/de\/produkt\/olfs-hot-spize-oriental-orange-hot-sauce\/","og_locale":"de_DE","og_type":"article","og_title":"Olfs Hot Spize Oriental Orange Hot Sauce","og_description":"Olfs Hot Spize Oriental Orange Hot Sauce ist eine deutsche scharfe Sauce mit einem asiatischen Touch. K\u00f6stlich zu Currys, Nudel- und Reisgerichten und mehr!","og_url":"https:\/\/www.heatsupply.nl\/de\/produkt\/olfs-hot-spize-oriental-orange-hot-sauce\/","og_site_name":"Heatsupply","article_publisher":"https:\/\/www.facebook.com\/heatsupplyNL","article_modified_time":"2026-05-15T11:29:02+00:00","og_image":[{"width":1400,"height":1400,"url":"https:\/\/www.heatsupply.nl\/wp-content\/uploads\/2024\/05\/hot-spize-oriental-orange-hot-sauce.jpg","type":"image\/jpeg"}],"twitter_card":"summary_large_image","twitter_misc":{"Preis":"&euro;9,95","Verf\u00fcgbarkeit":"Auf Lager"},"schema":{"@context":"https:\/\/schema.org","@graph":[{"@type":"WebPage","@id":"https:\/\/www.heatsupply.nl\/de\/produkt\/olfs-hot-spize-oriental-orange-hot-sauce\/","url":"https:\/\/www.heatsupply.nl\/de\/produkt\/olfs-hot-spize-oriental-orange-hot-sauce\/","name":"Olfs Hot Spize Oriental Orange Hot Sauce - Heatsupply","isPartOf":{"@id":"https:\/\/www.heatsupply.nl\/de\/#website"},"primaryImageOfPage":{"@id":"https:\/\/www.heatsupply.nl\/de\/produkt\/olfs-hot-spize-oriental-orange-hot-sauce\/#primaryimage"},"image":{"@id":"https:\/\/www.heatsupply.nl\/de\/produkt\/olfs-hot-spize-oriental-orange-hot-sauce\/#primaryimage"},"thumbnailUrl":"https:\/\/www.heatsupply.nl\/wp-content\/uploads\/2024\/05\/hot-spize-oriental-orange-hot-sauce.jpg","datePublished":"2024-05-02T07:21:47+00:00","dateModified":"2026-05-15T11:29:02+00:00","description":"Olfs Hot Spize Oriental Orange Hot Sauce ist eine deutsche scharfe Sauce mit einem asiatischen Touch. K\u00f6stlich zu Currys, Nudel- und Reisgerichten und mehr!","breadcrumb":{"@id":"https:\/\/www.heatsupply.nl\/de\/produkt\/olfs-hot-spize-oriental-orange-hot-sauce\/#breadcrumb"},"inLanguage":"de","potentialAction":[{"@type":"ReadAction","target":["https:\/\/www.heatsupply.nl\/de\/produkt\/olfs-hot-spize-oriental-orange-hot-sauce\/"]}]},{"@type":"ImageObject","inLanguage":"de","@id":"https:\/\/www.heatsupply.nl\/de\/produkt\/olfs-hot-spize-oriental-orange-hot-sauce\/#primaryimage","url":"https:\/\/www.heatsupply.nl\/wp-content\/uploads\/2024\/05\/hot-spize-oriental-orange-hot-sauce.jpg","contentUrl":"https:\/\/www.heatsupply.nl\/wp-content\/uploads\/2024\/05\/hot-spize-oriental-orange-hot-sauce.jpg","width":1400,"height":1400,"caption":"Olfs Hot Spize Oriental Orange Hot Sauce"},{"@type":"BreadcrumbList","@id":"https:\/\/www.heatsupply.nl\/de\/produkt\/olfs-hot-spize-oriental-orange-hot-sauce\/#breadcrumb","itemListElement":[{"@type":"ListItem","position":1,"name":"Home","item":"https:\/\/www.heatsupply.nl\/de\/"},{"@type":"ListItem","position":2,"name":"Alle produkten","item":"https:\/\/www.heatsupply.nl\/de\/alle-produkten\/"},{"@type":"ListItem","position":3,"name":"Scharfe So\u00dfen","item":"https:\/\/www.heatsupply.nl\/de\/scharfe-sossen\/"},{"@type":"ListItem","position":4,"name":"Europ\u00e4ische scharfe Saucen","item":"https:\/\/www.heatsupply.nl\/de\/scharfe-sossen\/europaeische-scharfe-saucen\/"},{"@type":"ListItem","position":5,"name":"Olfs Hot Spize Oriental Orange Hot Sauce"}]},{"@type":"WebSite","@id":"https:\/\/www.heatsupply.nl\/de\/#website","url":"https:\/\/www.heatsupply.nl\/de\/","name":"Heatsupply","description":"Hot sauce webstore #1 in Europe","publisher":{"@id":"https:\/\/www.heatsupply.nl\/de\/#organization"},"potentialAction":[{"@type":"SearchAction","target":{"@type":"EntryPoint","urlTemplate":"https:\/\/www.heatsupply.nl\/de\/?s={search_term_string}"},"query-input":{"@type":"PropertyValueSpecification","valueRequired":true,"valueName":"search_term_string"}}],"inLanguage":"de"},{"@type":"Organization","@id":"https:\/\/www.heatsupply.nl\/de\/#organization","name":"Heatsupply","url":"https:\/\/www.heatsupply.nl\/de\/","logo":{"@type":"ImageObject","inLanguage":"de","@id":"https:\/\/www.heatsupply.nl\/de\/#\/schema\/logo\/image\/","url":"https:\/\/www.heatsupply.nl\/wp-content\/uploads\/2022\/10\/heatsupply-logo-rood.jpg","contentUrl":"https:\/\/www.heatsupply.nl\/wp-content\/uploads\/2022\/10\/heatsupply-logo-rood.jpg","width":1000,"height":335,"caption":"Heatsupply"},"image":{"@id":"https:\/\/www.heatsupply.nl\/de\/#\/schema\/logo\/image\/"},"sameAs":["https:\/\/www.facebook.com\/heatsupplyNL","https:\/\/www.instagram.com\/heatsuppy.nl","https:\/\/www.youtube.com\/channel\/UC5pOWqQtljvxTz2SMWGWCsw"]}]},"product_brand":"Olfs Hot Spize","product_price_amount":"9.95","product_price_currency":"EUR","og_availability":"instock","product_availability":"instock","product_retailer_item_id":"OLFSOO002","product_condition":"new"},"_links":{"self":[{"href":"https:\/\/www.heatsupply.nl\/de\/wp-json\/wp\/v2\/product\/148112","targetHints":{"allow":["GET"]}}],"collection":[{"href":"https:\/\/www.heatsupply.nl\/de\/wp-json\/wp\/v2\/product"}],"about":[{"href":"https:\/\/www.heatsupply.nl\/de\/wp-json\/wp\/v2\/types\/product"}],"replies":[{"embeddable":true,"href":"https:\/\/www.heatsupply.nl\/de\/wp-json\/wp\/v2\/comments?post=148112"}],"wp:featuredmedia":[{"embeddable":true,"href":"https:\/\/www.heatsupply.nl\/de\/wp-json\/wp\/v2\/media\/147741"}],"wp:attachment":[{"href":"https:\/\/www.heatsupply.nl\/de\/wp-json\/wp\/v2\/media?parent=148112"}],"wp:term":[{"taxonomy":"product_brand","embeddable":true,"href":"https:\/\/www.heatsupply.nl\/de\/wp-json\/wp\/v2\/product_brand?post=148112"},{"taxonomy":"product_cat","embeddable":true,"href":"https:\/\/www.heatsupply.nl\/de\/wp-json\/wp\/v2\/product_cat?post=148112"},{"taxonomy":"product_tag","embeddable":true,"href":"https:\/\/www.heatsupply.nl\/de\/wp-json\/wp\/v2\/product_tag?post=148112"}],"curies":[{"name":"wp","href":"https:\/\/api.w.org\/{rel}","templated":true}]}}