{"id":148100,"date":"2024-05-01T14:36:37","date_gmt":"2024-05-01T12:36:37","guid":{"rendered":"https:\/\/www.heatsupply.nl\/product\/hot-sauce-die-scharfe-sosenbibel-mit-40-wurzigen-rezepten\/"},"modified":"2025-12-13T17:27:27","modified_gmt":"2025-12-13T16:27:27","slug":"hot-sauce-die-scharfe-sosenbibel-mit-40-wurzigen-rezepten","status":"publish","type":"product","link":"https:\/\/www.heatsupply.nl\/de\/produkt\/hot-sauce-die-scharfe-sosenbibel-mit-40-wurzigen-rezepten\/","title":{"rendered":"HOT SAUCE &#8211; Die scharfe So\u00dfenbibel mit 40 w\u00fcrzigen Rezepten"},"content":{"rendered":"<p><strong>&#8218;HOT SAUCE &#8211; Die scharfe So\u00dfenbibel mit 40 w\u00fcrzigen Rezepten&#8216;<\/strong> ist unser ganz eigenes Heatsupply-Kochbuch mit 40 unserer w\u00fcrzigen Lieblingsgerichte, viel Geschichte, Fakten, Fabeln, Kultur und vielem mehr.<\/p>\n<p>Autor: Freek &amp; Stan Raijmakers<\/p>\n<p>Seitenanzahl: ca. 240 Seiten<\/p>\n<p>Herausgeber: Lannoo<\/p>\n<p>Erscheinungsdatum: 19-06-2024<\/p>\n<p>ISBN: 9789401412032<\/p>\n<p>Sprache: Niederl\u00e4ndisch<\/p>\n<p>Wenn Sie bei scharfer So\u00dfe spontan an verschwitzte Menschen mit schmerzverzerrtem Gesichtsausdruck denken &#8230; nun, auch das geh\u00f6rt dazu.<br \/>\nAber scharfe So\u00dfe ist so viel mehr als Pfefferk\u00f6rner f\u00fcr den Kick!<br \/>\nVon mild bis wild, fruchtig, s\u00fc\u00df oder k\u00f6stlich umami &#8211; die richtige Sauce kann ein Gericht verwandeln.<\/p>\n<p>Dieses Buch l\u00e4sst Sie in die wunderbare Welt der scharfen Saucen eintauchen, mit Tipps zu den besten L\u00f6schmitteln, pikanten Fakten und Mythen, die es zu entkr\u00e4ften gilt (nein, eine schwangere Frau bekommt nicht schneller ein Kind, wenn sie scharfe Sachen isst).<\/p>\n<p>Sie lernen nicht nur, Ihre eigene scharfe Sauce zu brauen, sondern finden auch heraus, welcher Stil zu Ihnen passt! Mit 40 \u00fcberraschenden Gerichten zum sofortigen Loslegen.<\/p>\n","protected":false},"excerpt":{"rendered":"<p><span style=\"font-weight: 500;\">Hier ist es: unser eigenes Hot-Sauce-Kochbuch! All die Jahre der Erfahrung, die Tausende von verschiedenen scharfen Saucen, die wir probiert haben, und ebenso viele Gerichte, die wir mit dem besten Zeug der Welt noch spannender und k\u00f6stlicher gemacht haben, haben zu diesem Moment gef\u00fchrt. Wie das Cover schon verr\u00e4t, ist es die Hot-Sauce-Bibel, die in das B\u00fccherregal eines jeden Fanatikers geh\u00f6rt, aber auch f\u00fcr diejenigen, die mehr \u00fcber die wunderbare Welt der Hot Sauce erfahren wollen, ist dies der ultimative Einstieg. Wir inspirieren dich mit 40 pikanten Rezepten (die an Sch\u00e4rfe zunehmen), in denen scharfe So\u00dfen eine wesentliche Rolle spielen, wie man scharfe So\u00dfen verkostet, was zu tun ist, wenn der Schnabel brennt, und lassen eine Menge Geschichte, Fakten, Fabeln, Kultur der scharfen So\u00dfen und so weiter einflie\u00dfen! Das Buch ist nur auf Niederl\u00e4ndisch geschrieben.<\/span><\/p>\n<p><span style=\"font-weight: 500;\">Die Ver\u00f6ffentlichung dieses Buches \u00fcber scharfe So\u00dfen ist am 19. Juni 2024. Du kannst deine E-Mail-Adresse im Voraus eingeben, um benachrichtigt zu werden, sobald das Buch im Webshop erh\u00e4ltlich ist.<\/span><\/p>\n","protected":false},"featured_media":147912,"comment_status":"open","ping_status":"closed","template":"","meta":{"_acf_changed":false},"product_brand":[],"product_cat":[4042,3968,4011,4019,4122,4046,4071,4073],"product_tag":[],"class_list":{"0":"post-148100","1":"product","2":"type-product","3":"status-publish","4":"has-post-thumbnail","6":"product_cat-andere-produkte","7":"product_cat-geschenke","8":"product_cat-heatsupply-originals","9":"product_cat-kochbuchen","10":"product_cat-koenigstag-deals-2026","11":"product_cat-spicy","12":"product_cat-unter-30","13":"product_cat-unter-50","15":"first","16":"instock","17":"taxable","18":"shipping-taxable","19":"purchasable","20":"product-type-simple"},"bundled_by":["160993"],"bundle_stock_status":"instock","bundle_stock_quantity":75,"bundle_virtual":false,"bundle_layout":"","bundle_add_to_cart_form_location":"","bundle_editable_in_cart":false,"bundle_sold_individually_context":"","bundle_item_grouping":"","bundle_min_size":"","bundle_max_size":"","bundle_price":[],"bundled_items":[],"bundle_sell_ids":[],"acf":[],"yoast_head":"<!-- This site is optimized with the Yoast SEO Premium plugin v27.5 (Yoast SEO v27.5) - https:\/\/yoast.com\/product\/yoast-seo-premium-wordpress\/ -->\n<title>HOT SAUCE - Die scharfe So\u00dfenbibel mit 40 w\u00fcrzigen Rezepten - Heatsupply<\/title>\n<meta name=\"description\" content=\"Unser eigenes Hot-Sauce-Kochbuch mit 40 w\u00fcrzigen Rezepten, viel Geschichte, Fakten, Fabeln, Kultur und so weiter! Die einzige Bibel f\u00fcr scharfe So\u00dfen.\" \/>\n<meta name=\"robots\" content=\"index, follow, max-snippet:-1, max-image-preview:large, max-video-preview:-1\" \/>\n<link rel=\"canonical\" href=\"https:\/\/www.heatsupply.nl\/de\/produkt\/hot-sauce-die-scharfe-sosenbibel-mit-40-wurzigen-rezepten\/\" \/>\n<meta property=\"og:locale\" content=\"de_DE\" \/>\n<meta property=\"og:type\" content=\"article\" \/>\n<meta property=\"og:title\" content=\"HOT SAUCE - Die scharfe So\u00dfenbibel mit 40 w\u00fcrzigen Rezepten\" \/>\n<meta property=\"og:description\" content=\"Unser eigenes Hot-Sauce-Kochbuch mit 40 w\u00fcrzigen Rezepten, viel Geschichte, Fakten, Fabeln, Kultur und so weiter! Die einzige Bibel f\u00fcr scharfe So\u00dfen.\" \/>\n<meta property=\"og:url\" content=\"https:\/\/www.heatsupply.nl\/de\/produkt\/hot-sauce-die-scharfe-sosenbibel-mit-40-wurzigen-rezepten\/\" \/>\n<meta property=\"og:site_name\" content=\"Heatsupply\" \/>\n<meta property=\"article:publisher\" content=\"https:\/\/www.facebook.com\/heatsupplyNL\" \/>\n<meta property=\"article:modified_time\" content=\"2025-12-13T16:27:27+00:00\" \/>\n<meta property=\"og:image\" content=\"https:\/\/www.heatsupply.nl\/wp-content\/uploads\/2024\/05\/3D-9789401412032rug-e1714722251911.png\" \/>\n\t<meta property=\"og:image:width\" content=\"2000\" \/>\n\t<meta property=\"og:image:height\" content=\"2000\" \/>\n\t<meta property=\"og:image:type\" content=\"image\/png\" \/>\n<meta name=\"twitter:card\" content=\"summary_large_image\" \/>\n<meta name=\"twitter:label1\" content=\"Preis\" \/>\n\t<meta name=\"twitter:data1\" content=\"&euro;24,99\" \/>\n\t<meta name=\"twitter:label2\" content=\"Verf\u00fcgbarkeit\" \/>\n\t<meta name=\"twitter:data2\" content=\"Auf Lager\" \/>\n<script type=\"application\/ld+json\" class=\"yoast-schema-graph\">{\"@context\":\"https:\\\/\\\/schema.org\",\"@graph\":[{\"@type\":\"WebPage\",\"@id\":\"https:\\\/\\\/www.heatsupply.nl\\\/de\\\/produkt\\\/hot-sauce-die-scharfe-sosenbibel-mit-40-wurzigen-rezepten\\\/\",\"url\":\"https:\\\/\\\/www.heatsupply.nl\\\/de\\\/produkt\\\/hot-sauce-die-scharfe-sosenbibel-mit-40-wurzigen-rezepten\\\/\",\"name\":\"HOT SAUCE - Die scharfe So\u00dfenbibel mit 40 w\u00fcrzigen Rezepten - Heatsupply\",\"isPartOf\":{\"@id\":\"https:\\\/\\\/www.heatsupply.nl\\\/de\\\/#website\"},\"primaryImageOfPage\":{\"@id\":\"https:\\\/\\\/www.heatsupply.nl\\\/de\\\/produkt\\\/hot-sauce-die-scharfe-sosenbibel-mit-40-wurzigen-rezepten\\\/#primaryimage\"},\"image\":{\"@id\":\"https:\\\/\\\/www.heatsupply.nl\\\/de\\\/produkt\\\/hot-sauce-die-scharfe-sosenbibel-mit-40-wurzigen-rezepten\\\/#primaryimage\"},\"thumbnailUrl\":\"https:\\\/\\\/www.heatsupply.nl\\\/wp-content\\\/uploads\\\/2024\\\/05\\\/3D-9789401412032rug-e1714722251911.png\",\"datePublished\":\"2024-05-01T12:36:37+00:00\",\"dateModified\":\"2025-12-13T16:27:27+00:00\",\"description\":\"Unser eigenes Hot-Sauce-Kochbuch mit 40 w\u00fcrzigen Rezepten, viel Geschichte, Fakten, Fabeln, Kultur und so weiter! Die einzige Bibel f\u00fcr scharfe So\u00dfen.\",\"breadcrumb\":{\"@id\":\"https:\\\/\\\/www.heatsupply.nl\\\/de\\\/produkt\\\/hot-sauce-die-scharfe-sosenbibel-mit-40-wurzigen-rezepten\\\/#breadcrumb\"},\"inLanguage\":\"de\",\"potentialAction\":[{\"@type\":\"ReadAction\",\"target\":[\"https:\\\/\\\/www.heatsupply.nl\\\/de\\\/produkt\\\/hot-sauce-die-scharfe-sosenbibel-mit-40-wurzigen-rezepten\\\/\"]}]},{\"@type\":\"ImageObject\",\"inLanguage\":\"de\",\"@id\":\"https:\\\/\\\/www.heatsupply.nl\\\/de\\\/produkt\\\/hot-sauce-die-scharfe-sosenbibel-mit-40-wurzigen-rezepten\\\/#primaryimage\",\"url\":\"https:\\\/\\\/www.heatsupply.nl\\\/wp-content\\\/uploads\\\/2024\\\/05\\\/3D-9789401412032rug-e1714722251911.png\",\"contentUrl\":\"https:\\\/\\\/www.heatsupply.nl\\\/wp-content\\\/uploads\\\/2024\\\/05\\\/3D-9789401412032rug-e1714722251911.png\",\"width\":2000,\"height\":2000,\"caption\":\"hot sauce kookboek heatsupply hete sauzenbijbel met 40 pittige recepten\"},{\"@type\":\"BreadcrumbList\",\"@id\":\"https:\\\/\\\/www.heatsupply.nl\\\/de\\\/produkt\\\/hot-sauce-die-scharfe-sosenbibel-mit-40-wurzigen-rezepten\\\/#breadcrumb\",\"itemListElement\":[{\"@type\":\"ListItem\",\"position\":1,\"name\":\"Home\",\"item\":\"https:\\\/\\\/www.heatsupply.nl\\\/de\\\/\"},{\"@type\":\"ListItem\",\"position\":2,\"name\":\"Alle produkten\",\"item\":\"https:\\\/\\\/www.heatsupply.nl\\\/de\\\/alle-produkten\\\/\"},{\"@type\":\"ListItem\",\"position\":3,\"name\":\"Scharfe So\u00dfen\",\"item\":\"https:\\\/\\\/www.heatsupply.nl\\\/de\\\/scharfe-sossen\\\/\"},{\"@type\":\"ListItem\",\"position\":4,\"name\":\"Heatsupply&#039;s Originals\",\"item\":\"https:\\\/\\\/www.heatsupply.nl\\\/de\\\/scharfe-sossen\\\/heatsupply-originals\\\/\"},{\"@type\":\"ListItem\",\"position\":5,\"name\":\"HOT SAUCE &#8211; Die scharfe So\u00dfenbibel mit 40 w\u00fcrzigen Rezepten\"}]},{\"@type\":\"WebSite\",\"@id\":\"https:\\\/\\\/www.heatsupply.nl\\\/de\\\/#website\",\"url\":\"https:\\\/\\\/www.heatsupply.nl\\\/de\\\/\",\"name\":\"Heatsupply\",\"description\":\"Hot sauce webstore #1 in Europe\",\"publisher\":{\"@id\":\"https:\\\/\\\/www.heatsupply.nl\\\/de\\\/#organization\"},\"potentialAction\":[{\"@type\":\"SearchAction\",\"target\":{\"@type\":\"EntryPoint\",\"urlTemplate\":\"https:\\\/\\\/www.heatsupply.nl\\\/de\\\/?s={search_term_string}\"},\"query-input\":{\"@type\":\"PropertyValueSpecification\",\"valueRequired\":true,\"valueName\":\"search_term_string\"}}],\"inLanguage\":\"de\"},{\"@type\":\"Organization\",\"@id\":\"https:\\\/\\\/www.heatsupply.nl\\\/de\\\/#organization\",\"name\":\"Heatsupply\",\"url\":\"https:\\\/\\\/www.heatsupply.nl\\\/de\\\/\",\"logo\":{\"@type\":\"ImageObject\",\"inLanguage\":\"de\",\"@id\":\"https:\\\/\\\/www.heatsupply.nl\\\/de\\\/#\\\/schema\\\/logo\\\/image\\\/\",\"url\":\"https:\\\/\\\/www.heatsupply.nl\\\/wp-content\\\/uploads\\\/2022\\\/10\\\/heatsupply-logo-rood.jpg\",\"contentUrl\":\"https:\\\/\\\/www.heatsupply.nl\\\/wp-content\\\/uploads\\\/2022\\\/10\\\/heatsupply-logo-rood.jpg\",\"width\":1000,\"height\":335,\"caption\":\"Heatsupply\"},\"image\":{\"@id\":\"https:\\\/\\\/www.heatsupply.nl\\\/de\\\/#\\\/schema\\\/logo\\\/image\\\/\"},\"sameAs\":[\"https:\\\/\\\/www.facebook.com\\\/heatsupplyNL\",\"https:\\\/\\\/www.instagram.com\\\/heatsuppy.nl\",\"https:\\\/\\\/www.youtube.com\\\/channel\\\/UC5pOWqQtljvxTz2SMWGWCsw\"]}]}<\/script>\n<meta property=\"product:price:amount\" content=\"24.99\" \/>\n<meta property=\"product:price:currency\" content=\"EUR\" \/>\n<meta property=\"og:availability\" content=\"instock\" \/>\n<meta property=\"product:availability\" content=\"instock\" \/>\n<meta property=\"product:retailer_item_id\" content=\"HOTSAUCEB001\" \/>\n<meta property=\"product:condition\" content=\"new\" \/>\n<!-- \/ Yoast SEO Premium plugin. -->","yoast_head_json":{"title":"HOT SAUCE - Die scharfe So\u00dfenbibel mit 40 w\u00fcrzigen Rezepten - Heatsupply","description":"Unser eigenes Hot-Sauce-Kochbuch mit 40 w\u00fcrzigen Rezepten, viel Geschichte, Fakten, Fabeln, Kultur und so weiter! Die einzige Bibel f\u00fcr scharfe So\u00dfen.","robots":{"index":"index","follow":"follow","max-snippet":"max-snippet:-1","max-image-preview":"max-image-preview:large","max-video-preview":"max-video-preview:-1"},"canonical":"https:\/\/www.heatsupply.nl\/de\/produkt\/hot-sauce-die-scharfe-sosenbibel-mit-40-wurzigen-rezepten\/","og_locale":"de_DE","og_type":"article","og_title":"HOT SAUCE - Die scharfe So\u00dfenbibel mit 40 w\u00fcrzigen Rezepten","og_description":"Unser eigenes Hot-Sauce-Kochbuch mit 40 w\u00fcrzigen Rezepten, viel Geschichte, Fakten, Fabeln, Kultur und so weiter! Die einzige Bibel f\u00fcr scharfe So\u00dfen.","og_url":"https:\/\/www.heatsupply.nl\/de\/produkt\/hot-sauce-die-scharfe-sosenbibel-mit-40-wurzigen-rezepten\/","og_site_name":"Heatsupply","article_publisher":"https:\/\/www.facebook.com\/heatsupplyNL","article_modified_time":"2025-12-13T16:27:27+00:00","og_image":[{"width":2000,"height":2000,"url":"https:\/\/www.heatsupply.nl\/wp-content\/uploads\/2024\/05\/3D-9789401412032rug-e1714722251911.png","type":"image\/png"}],"twitter_card":"summary_large_image","twitter_misc":{"Preis":"&euro;24,99","Verf\u00fcgbarkeit":"Auf Lager"},"schema":{"@context":"https:\/\/schema.org","@graph":[{"@type":"WebPage","@id":"https:\/\/www.heatsupply.nl\/de\/produkt\/hot-sauce-die-scharfe-sosenbibel-mit-40-wurzigen-rezepten\/","url":"https:\/\/www.heatsupply.nl\/de\/produkt\/hot-sauce-die-scharfe-sosenbibel-mit-40-wurzigen-rezepten\/","name":"HOT SAUCE - Die scharfe So\u00dfenbibel mit 40 w\u00fcrzigen Rezepten - Heatsupply","isPartOf":{"@id":"https:\/\/www.heatsupply.nl\/de\/#website"},"primaryImageOfPage":{"@id":"https:\/\/www.heatsupply.nl\/de\/produkt\/hot-sauce-die-scharfe-sosenbibel-mit-40-wurzigen-rezepten\/#primaryimage"},"image":{"@id":"https:\/\/www.heatsupply.nl\/de\/produkt\/hot-sauce-die-scharfe-sosenbibel-mit-40-wurzigen-rezepten\/#primaryimage"},"thumbnailUrl":"https:\/\/www.heatsupply.nl\/wp-content\/uploads\/2024\/05\/3D-9789401412032rug-e1714722251911.png","datePublished":"2024-05-01T12:36:37+00:00","dateModified":"2025-12-13T16:27:27+00:00","description":"Unser eigenes Hot-Sauce-Kochbuch mit 40 w\u00fcrzigen Rezepten, viel Geschichte, Fakten, Fabeln, Kultur und so weiter! Die einzige Bibel f\u00fcr scharfe So\u00dfen.","breadcrumb":{"@id":"https:\/\/www.heatsupply.nl\/de\/produkt\/hot-sauce-die-scharfe-sosenbibel-mit-40-wurzigen-rezepten\/#breadcrumb"},"inLanguage":"de","potentialAction":[{"@type":"ReadAction","target":["https:\/\/www.heatsupply.nl\/de\/produkt\/hot-sauce-die-scharfe-sosenbibel-mit-40-wurzigen-rezepten\/"]}]},{"@type":"ImageObject","inLanguage":"de","@id":"https:\/\/www.heatsupply.nl\/de\/produkt\/hot-sauce-die-scharfe-sosenbibel-mit-40-wurzigen-rezepten\/#primaryimage","url":"https:\/\/www.heatsupply.nl\/wp-content\/uploads\/2024\/05\/3D-9789401412032rug-e1714722251911.png","contentUrl":"https:\/\/www.heatsupply.nl\/wp-content\/uploads\/2024\/05\/3D-9789401412032rug-e1714722251911.png","width":2000,"height":2000,"caption":"hot sauce kookboek heatsupply hete sauzenbijbel met 40 pittige recepten"},{"@type":"BreadcrumbList","@id":"https:\/\/www.heatsupply.nl\/de\/produkt\/hot-sauce-die-scharfe-sosenbibel-mit-40-wurzigen-rezepten\/#breadcrumb","itemListElement":[{"@type":"ListItem","position":1,"name":"Home","item":"https:\/\/www.heatsupply.nl\/de\/"},{"@type":"ListItem","position":2,"name":"Alle produkten","item":"https:\/\/www.heatsupply.nl\/de\/alle-produkten\/"},{"@type":"ListItem","position":3,"name":"Scharfe So\u00dfen","item":"https:\/\/www.heatsupply.nl\/de\/scharfe-sossen\/"},{"@type":"ListItem","position":4,"name":"Heatsupply&#039;s Originals","item":"https:\/\/www.heatsupply.nl\/de\/scharfe-sossen\/heatsupply-originals\/"},{"@type":"ListItem","position":5,"name":"HOT SAUCE &#8211; Die scharfe So\u00dfenbibel mit 40 w\u00fcrzigen Rezepten"}]},{"@type":"WebSite","@id":"https:\/\/www.heatsupply.nl\/de\/#website","url":"https:\/\/www.heatsupply.nl\/de\/","name":"Heatsupply","description":"Hot sauce webstore #1 in Europe","publisher":{"@id":"https:\/\/www.heatsupply.nl\/de\/#organization"},"potentialAction":[{"@type":"SearchAction","target":{"@type":"EntryPoint","urlTemplate":"https:\/\/www.heatsupply.nl\/de\/?s={search_term_string}"},"query-input":{"@type":"PropertyValueSpecification","valueRequired":true,"valueName":"search_term_string"}}],"inLanguage":"de"},{"@type":"Organization","@id":"https:\/\/www.heatsupply.nl\/de\/#organization","name":"Heatsupply","url":"https:\/\/www.heatsupply.nl\/de\/","logo":{"@type":"ImageObject","inLanguage":"de","@id":"https:\/\/www.heatsupply.nl\/de\/#\/schema\/logo\/image\/","url":"https:\/\/www.heatsupply.nl\/wp-content\/uploads\/2022\/10\/heatsupply-logo-rood.jpg","contentUrl":"https:\/\/www.heatsupply.nl\/wp-content\/uploads\/2022\/10\/heatsupply-logo-rood.jpg","width":1000,"height":335,"caption":"Heatsupply"},"image":{"@id":"https:\/\/www.heatsupply.nl\/de\/#\/schema\/logo\/image\/"},"sameAs":["https:\/\/www.facebook.com\/heatsupplyNL","https:\/\/www.instagram.com\/heatsuppy.nl","https:\/\/www.youtube.com\/channel\/UC5pOWqQtljvxTz2SMWGWCsw"]}]},"product_price_amount":"24.99","product_price_currency":"EUR","og_availability":"instock","product_availability":"instock","product_retailer_item_id":"HOTSAUCEB001","product_condition":"new"},"_links":{"self":[{"href":"https:\/\/www.heatsupply.nl\/de\/wp-json\/wp\/v2\/product\/148100","targetHints":{"allow":["GET"]}}],"collection":[{"href":"https:\/\/www.heatsupply.nl\/de\/wp-json\/wp\/v2\/product"}],"about":[{"href":"https:\/\/www.heatsupply.nl\/de\/wp-json\/wp\/v2\/types\/product"}],"replies":[{"embeddable":true,"href":"https:\/\/www.heatsupply.nl\/de\/wp-json\/wp\/v2\/comments?post=148100"}],"wp:featuredmedia":[{"embeddable":true,"href":"https:\/\/www.heatsupply.nl\/de\/wp-json\/wp\/v2\/media\/147912"}],"wp:attachment":[{"href":"https:\/\/www.heatsupply.nl\/de\/wp-json\/wp\/v2\/media?parent=148100"}],"wp:term":[{"taxonomy":"product_brand","embeddable":true,"href":"https:\/\/www.heatsupply.nl\/de\/wp-json\/wp\/v2\/product_brand?post=148100"},{"taxonomy":"product_cat","embeddable":true,"href":"https:\/\/www.heatsupply.nl\/de\/wp-json\/wp\/v2\/product_cat?post=148100"},{"taxonomy":"product_tag","embeddable":true,"href":"https:\/\/www.heatsupply.nl\/de\/wp-json\/wp\/v2\/product_tag?post=148100"}],"curies":[{"name":"wp","href":"https:\/\/api.w.org\/{rel}","templated":true}]}}