{"id":147049,"date":"2024-04-04T10:26:52","date_gmt":"2024-04-04T08:26:52","guid":{"rendered":"https:\/\/www.heatsupply.nl\/product\/fil-shatta-jam-2\/"},"modified":"2026-03-23T00:08:17","modified_gmt":"2026-03-22T23:08:17","slug":"fil-shatta-jam","status":"publish","type":"product","link":"https:\/\/www.heatsupply.nl\/de\/produkt\/fil-shatta-jam\/","title":{"rendered":"Fil Shatta Jam"},"content":{"rendered":"<p><strong>Zutaten Fil Shatta Marmelade<\/strong>: gelbe Paprika, Apfelessig, Zucker, Habanero Shatta Salzlake.<\/p>\n<p>K\u00fchl und dunkel lagern. Nach dem \u00d6ffnen im K\u00fchlschrank aufbewahren und nach dem Gebrauch mit Oliven\u00f6l bedecken, um frisch zu bleiben.<\/p>\n","protected":false},"excerpt":{"rendered":"<p><span style=\"font-weight: 500;\">Diese Fil Shatta-Konfit\u00fcre ist eine k\u00f6stliche s\u00fc\u00df-w\u00fcrzige Marmelade auf der Basis von Habanero Shatta-Sole. Was ist Shatta? Das ist eine pal\u00e4stinensische fermentierte Chilipaste. Es klingt verr\u00fcckt, sie als Marmelade zu verwenden, aber wir versprechen dir: Sie ist s\u00fcchtig machend lecker! Die Basis ist gelbe Paprika und die s\u00fc\u00dfen Aromen kommen haupts\u00e4chlich von Apfelessig und Zucker. Die Habanero-Shatta-Sole sorgt f\u00fcr Tiefe, Sch\u00e4rfe, W\u00fcrze und S\u00e4ure. Wenn du es s\u00fc\u00df und w\u00fcrzig magst, musst du sie unbedingt probieren. Besonders in Kombination mit (Hart- und Weich-) K\u00e4se, gebratenen Speisen oder als Salatdressing ist diese Fil Shatta Jam k\u00f6stlich.<\/span><\/p>\n<p><span style=\"font-weight: 500;\">Herkunft: Amsterdam, Niederlande<\/span><\/p>\n<p><span style=\"font-weight: 500;\">Inhalt: 167 ml\/120 Gramm<\/span><\/p>\n","protected":false},"featured_media":164141,"comment_status":"open","ping_status":"closed","template":"","meta":{"_acf_changed":false},"product_brand":[],"product_cat":[4043,4046],"product_tag":[],"class_list":{"0":"post-147049","1":"product","2":"type-product","3":"status-publish","4":"has-post-thumbnail","6":"product_cat-aromen","7":"product_cat-spicy","9":"first","10":"instock","11":"taxable","12":"shipping-taxable","13":"purchasable","14":"product-type-simple"},"bundled_by":[],"bundle_stock_status":"instock","bundle_stock_quantity":4,"bundle_virtual":false,"bundle_layout":"","bundle_add_to_cart_form_location":"","bundle_editable_in_cart":false,"bundle_sold_individually_context":"","bundle_item_grouping":"","bundle_min_size":"","bundle_max_size":"","bundle_price":[],"bundled_items":[],"bundle_sell_ids":[],"acf":[],"yoast_head":"<!-- This site is optimized with the Yoast SEO Premium plugin v27.5 (Yoast SEO v27.5) - https:\/\/yoast.com\/product\/yoast-seo-premium-wordpress\/ -->\n<title>Fil Shatta Jam - Heatsupply<\/title>\n<meta name=\"description\" content=\"Fil Shatta Jam ist eine k\u00f6stliche s\u00fc\u00df-w\u00fcrzige Konfit\u00fcre auf der Basis von Habanero Shatta-Sole. Shatta ist eine pal\u00e4stinensische fermentierte Chilipaste. Hier bestellen!\" \/>\n<meta name=\"robots\" content=\"index, follow, max-snippet:-1, max-image-preview:large, max-video-preview:-1\" \/>\n<link rel=\"canonical\" href=\"https:\/\/www.heatsupply.nl\/de\/produkt\/fil-shatta-jam\/\" \/>\n<meta property=\"og:locale\" content=\"de_DE\" \/>\n<meta property=\"og:type\" content=\"article\" \/>\n<meta property=\"og:title\" content=\"Fil Shatta Jam\" \/>\n<meta property=\"og:description\" content=\"Fil Shatta Jam ist eine k\u00f6stliche s\u00fc\u00df-w\u00fcrzige Konfit\u00fcre auf der Basis von Habanero Shatta-Sole. Shatta ist eine pal\u00e4stinensische fermentierte Chilipaste. Hier bestellen!\" \/>\n<meta property=\"og:url\" content=\"https:\/\/www.heatsupply.nl\/de\/produkt\/fil-shatta-jam\/\" \/>\n<meta property=\"og:site_name\" content=\"Heatsupply\" \/>\n<meta property=\"article:publisher\" content=\"https:\/\/www.facebook.com\/heatsupplyNL\" \/>\n<meta property=\"article:modified_time\" content=\"2026-03-22T23:08:17+00:00\" \/>\n<meta property=\"og:image\" content=\"https:\/\/www.heatsupply.nl\/wp-content\/uploads\/2024\/12\/fil-shatta-jam-new.jpg\" \/>\n\t<meta property=\"og:image:width\" content=\"1400\" \/>\n\t<meta property=\"og:image:height\" content=\"1400\" \/>\n\t<meta property=\"og:image:type\" content=\"image\/jpeg\" \/>\n<meta name=\"twitter:card\" content=\"summary_large_image\" \/>\n<meta name=\"twitter:label1\" content=\"Preis\" \/>\n\t<meta name=\"twitter:data1\" content=\"&euro;7,95\" \/>\n\t<meta name=\"twitter:label2\" content=\"Verf\u00fcgbarkeit\" \/>\n\t<meta name=\"twitter:data2\" content=\"Auf Lager\" \/>\n<script type=\"application\/ld+json\" class=\"yoast-schema-graph\">{\"@context\":\"https:\\\/\\\/schema.org\",\"@graph\":[{\"@type\":\"WebPage\",\"@id\":\"https:\\\/\\\/www.heatsupply.nl\\\/de\\\/produkt\\\/fil-shatta-jam\\\/\",\"url\":\"https:\\\/\\\/www.heatsupply.nl\\\/de\\\/produkt\\\/fil-shatta-jam\\\/\",\"name\":\"Fil Shatta Jam - Heatsupply\",\"isPartOf\":{\"@id\":\"https:\\\/\\\/www.heatsupply.nl\\\/de\\\/#website\"},\"primaryImageOfPage\":{\"@id\":\"https:\\\/\\\/www.heatsupply.nl\\\/de\\\/produkt\\\/fil-shatta-jam\\\/#primaryimage\"},\"image\":{\"@id\":\"https:\\\/\\\/www.heatsupply.nl\\\/de\\\/produkt\\\/fil-shatta-jam\\\/#primaryimage\"},\"thumbnailUrl\":\"https:\\\/\\\/www.heatsupply.nl\\\/wp-content\\\/uploads\\\/2024\\\/12\\\/fil-shatta-jam-new.jpg\",\"datePublished\":\"2024-04-04T08:26:52+00:00\",\"dateModified\":\"2026-03-22T23:08:17+00:00\",\"description\":\"Fil Shatta Jam ist eine k\u00f6stliche s\u00fc\u00df-w\u00fcrzige Konfit\u00fcre auf der Basis von Habanero Shatta-Sole. Shatta ist eine pal\u00e4stinensische fermentierte Chilipaste. Hier bestellen!\",\"breadcrumb\":{\"@id\":\"https:\\\/\\\/www.heatsupply.nl\\\/de\\\/produkt\\\/fil-shatta-jam\\\/#breadcrumb\"},\"inLanguage\":\"de\",\"potentialAction\":[{\"@type\":\"ReadAction\",\"target\":[\"https:\\\/\\\/www.heatsupply.nl\\\/de\\\/produkt\\\/fil-shatta-jam\\\/\"]}]},{\"@type\":\"ImageObject\",\"inLanguage\":\"de\",\"@id\":\"https:\\\/\\\/www.heatsupply.nl\\\/de\\\/produkt\\\/fil-shatta-jam\\\/#primaryimage\",\"url\":\"https:\\\/\\\/www.heatsupply.nl\\\/wp-content\\\/uploads\\\/2024\\\/12\\\/fil-shatta-jam-new.jpg\",\"contentUrl\":\"https:\\\/\\\/www.heatsupply.nl\\\/wp-content\\\/uploads\\\/2024\\\/12\\\/fil-shatta-jam-new.jpg\",\"width\":1400,\"height\":1400},{\"@type\":\"BreadcrumbList\",\"@id\":\"https:\\\/\\\/www.heatsupply.nl\\\/de\\\/produkt\\\/fil-shatta-jam\\\/#breadcrumb\",\"itemListElement\":[{\"@type\":\"ListItem\",\"position\":1,\"name\":\"Home\",\"item\":\"https:\\\/\\\/www.heatsupply.nl\\\/de\\\/\"},{\"@type\":\"ListItem\",\"position\":2,\"name\":\"Alle produkten\",\"item\":\"https:\\\/\\\/www.heatsupply.nl\\\/de\\\/alle-produkten\\\/\"},{\"@type\":\"ListItem\",\"position\":3,\"name\":\"Spicy\",\"item\":\"https:\\\/\\\/www.heatsupply.nl\\\/de\\\/spicy\\\/\"},{\"@type\":\"ListItem\",\"position\":4,\"name\":\"Aromen\",\"item\":\"https:\\\/\\\/www.heatsupply.nl\\\/de\\\/spicy\\\/aromen\\\/\"},{\"@type\":\"ListItem\",\"position\":5,\"name\":\"Fil Shatta Jam\"}]},{\"@type\":\"WebSite\",\"@id\":\"https:\\\/\\\/www.heatsupply.nl\\\/de\\\/#website\",\"url\":\"https:\\\/\\\/www.heatsupply.nl\\\/de\\\/\",\"name\":\"Heatsupply\",\"description\":\"Hot sauce webstore #1 in Europe\",\"publisher\":{\"@id\":\"https:\\\/\\\/www.heatsupply.nl\\\/de\\\/#organization\"},\"potentialAction\":[{\"@type\":\"SearchAction\",\"target\":{\"@type\":\"EntryPoint\",\"urlTemplate\":\"https:\\\/\\\/www.heatsupply.nl\\\/de\\\/?s={search_term_string}\"},\"query-input\":{\"@type\":\"PropertyValueSpecification\",\"valueRequired\":true,\"valueName\":\"search_term_string\"}}],\"inLanguage\":\"de\"},{\"@type\":\"Organization\",\"@id\":\"https:\\\/\\\/www.heatsupply.nl\\\/de\\\/#organization\",\"name\":\"Heatsupply\",\"url\":\"https:\\\/\\\/www.heatsupply.nl\\\/de\\\/\",\"logo\":{\"@type\":\"ImageObject\",\"inLanguage\":\"de\",\"@id\":\"https:\\\/\\\/www.heatsupply.nl\\\/de\\\/#\\\/schema\\\/logo\\\/image\\\/\",\"url\":\"https:\\\/\\\/www.heatsupply.nl\\\/wp-content\\\/uploads\\\/2022\\\/10\\\/heatsupply-logo-rood.jpg\",\"contentUrl\":\"https:\\\/\\\/www.heatsupply.nl\\\/wp-content\\\/uploads\\\/2022\\\/10\\\/heatsupply-logo-rood.jpg\",\"width\":1000,\"height\":335,\"caption\":\"Heatsupply\"},\"image\":{\"@id\":\"https:\\\/\\\/www.heatsupply.nl\\\/de\\\/#\\\/schema\\\/logo\\\/image\\\/\"},\"sameAs\":[\"https:\\\/\\\/www.facebook.com\\\/heatsupplyNL\",\"https:\\\/\\\/www.instagram.com\\\/heatsuppy.nl\",\"https:\\\/\\\/www.youtube.com\\\/channel\\\/UC5pOWqQtljvxTz2SMWGWCsw\"]}]}<\/script>\n<meta property=\"product:price:amount\" content=\"7.95\" \/>\n<meta property=\"product:price:currency\" content=\"EUR\" \/>\n<meta property=\"og:availability\" content=\"instock\" \/>\n<meta property=\"product:availability\" content=\"instock\" \/>\n<meta property=\"product:retailer_item_id\" content=\"FSHJAM005\" \/>\n<meta property=\"product:condition\" content=\"new\" \/>\n<!-- \/ Yoast SEO Premium plugin. -->","yoast_head_json":{"title":"Fil Shatta Jam - Heatsupply","description":"Fil Shatta Jam ist eine k\u00f6stliche s\u00fc\u00df-w\u00fcrzige Konfit\u00fcre auf der Basis von Habanero Shatta-Sole. Shatta ist eine pal\u00e4stinensische fermentierte Chilipaste. Hier bestellen!","robots":{"index":"index","follow":"follow","max-snippet":"max-snippet:-1","max-image-preview":"max-image-preview:large","max-video-preview":"max-video-preview:-1"},"canonical":"https:\/\/www.heatsupply.nl\/de\/produkt\/fil-shatta-jam\/","og_locale":"de_DE","og_type":"article","og_title":"Fil Shatta Jam","og_description":"Fil Shatta Jam ist eine k\u00f6stliche s\u00fc\u00df-w\u00fcrzige Konfit\u00fcre auf der Basis von Habanero Shatta-Sole. Shatta ist eine pal\u00e4stinensische fermentierte Chilipaste. Hier bestellen!","og_url":"https:\/\/www.heatsupply.nl\/de\/produkt\/fil-shatta-jam\/","og_site_name":"Heatsupply","article_publisher":"https:\/\/www.facebook.com\/heatsupplyNL","article_modified_time":"2026-03-22T23:08:17+00:00","og_image":[{"width":1400,"height":1400,"url":"https:\/\/www.heatsupply.nl\/wp-content\/uploads\/2024\/12\/fil-shatta-jam-new.jpg","type":"image\/jpeg"}],"twitter_card":"summary_large_image","twitter_misc":{"Preis":"&euro;7,95","Verf\u00fcgbarkeit":"Auf Lager"},"schema":{"@context":"https:\/\/schema.org","@graph":[{"@type":"WebPage","@id":"https:\/\/www.heatsupply.nl\/de\/produkt\/fil-shatta-jam\/","url":"https:\/\/www.heatsupply.nl\/de\/produkt\/fil-shatta-jam\/","name":"Fil Shatta Jam - Heatsupply","isPartOf":{"@id":"https:\/\/www.heatsupply.nl\/de\/#website"},"primaryImageOfPage":{"@id":"https:\/\/www.heatsupply.nl\/de\/produkt\/fil-shatta-jam\/#primaryimage"},"image":{"@id":"https:\/\/www.heatsupply.nl\/de\/produkt\/fil-shatta-jam\/#primaryimage"},"thumbnailUrl":"https:\/\/www.heatsupply.nl\/wp-content\/uploads\/2024\/12\/fil-shatta-jam-new.jpg","datePublished":"2024-04-04T08:26:52+00:00","dateModified":"2026-03-22T23:08:17+00:00","description":"Fil Shatta Jam ist eine k\u00f6stliche s\u00fc\u00df-w\u00fcrzige Konfit\u00fcre auf der Basis von Habanero Shatta-Sole. Shatta ist eine pal\u00e4stinensische fermentierte Chilipaste. Hier bestellen!","breadcrumb":{"@id":"https:\/\/www.heatsupply.nl\/de\/produkt\/fil-shatta-jam\/#breadcrumb"},"inLanguage":"de","potentialAction":[{"@type":"ReadAction","target":["https:\/\/www.heatsupply.nl\/de\/produkt\/fil-shatta-jam\/"]}]},{"@type":"ImageObject","inLanguage":"de","@id":"https:\/\/www.heatsupply.nl\/de\/produkt\/fil-shatta-jam\/#primaryimage","url":"https:\/\/www.heatsupply.nl\/wp-content\/uploads\/2024\/12\/fil-shatta-jam-new.jpg","contentUrl":"https:\/\/www.heatsupply.nl\/wp-content\/uploads\/2024\/12\/fil-shatta-jam-new.jpg","width":1400,"height":1400},{"@type":"BreadcrumbList","@id":"https:\/\/www.heatsupply.nl\/de\/produkt\/fil-shatta-jam\/#breadcrumb","itemListElement":[{"@type":"ListItem","position":1,"name":"Home","item":"https:\/\/www.heatsupply.nl\/de\/"},{"@type":"ListItem","position":2,"name":"Alle produkten","item":"https:\/\/www.heatsupply.nl\/de\/alle-produkten\/"},{"@type":"ListItem","position":3,"name":"Spicy","item":"https:\/\/www.heatsupply.nl\/de\/spicy\/"},{"@type":"ListItem","position":4,"name":"Aromen","item":"https:\/\/www.heatsupply.nl\/de\/spicy\/aromen\/"},{"@type":"ListItem","position":5,"name":"Fil Shatta Jam"}]},{"@type":"WebSite","@id":"https:\/\/www.heatsupply.nl\/de\/#website","url":"https:\/\/www.heatsupply.nl\/de\/","name":"Heatsupply","description":"Hot sauce webstore #1 in Europe","publisher":{"@id":"https:\/\/www.heatsupply.nl\/de\/#organization"},"potentialAction":[{"@type":"SearchAction","target":{"@type":"EntryPoint","urlTemplate":"https:\/\/www.heatsupply.nl\/de\/?s={search_term_string}"},"query-input":{"@type":"PropertyValueSpecification","valueRequired":true,"valueName":"search_term_string"}}],"inLanguage":"de"},{"@type":"Organization","@id":"https:\/\/www.heatsupply.nl\/de\/#organization","name":"Heatsupply","url":"https:\/\/www.heatsupply.nl\/de\/","logo":{"@type":"ImageObject","inLanguage":"de","@id":"https:\/\/www.heatsupply.nl\/de\/#\/schema\/logo\/image\/","url":"https:\/\/www.heatsupply.nl\/wp-content\/uploads\/2022\/10\/heatsupply-logo-rood.jpg","contentUrl":"https:\/\/www.heatsupply.nl\/wp-content\/uploads\/2022\/10\/heatsupply-logo-rood.jpg","width":1000,"height":335,"caption":"Heatsupply"},"image":{"@id":"https:\/\/www.heatsupply.nl\/de\/#\/schema\/logo\/image\/"},"sameAs":["https:\/\/www.facebook.com\/heatsupplyNL","https:\/\/www.instagram.com\/heatsuppy.nl","https:\/\/www.youtube.com\/channel\/UC5pOWqQtljvxTz2SMWGWCsw"]}]},"product_price_amount":"7.95","product_price_currency":"EUR","og_availability":"instock","product_availability":"instock","product_retailer_item_id":"FSHJAM005","product_condition":"new"},"_links":{"self":[{"href":"https:\/\/www.heatsupply.nl\/de\/wp-json\/wp\/v2\/product\/147049","targetHints":{"allow":["GET"]}}],"collection":[{"href":"https:\/\/www.heatsupply.nl\/de\/wp-json\/wp\/v2\/product"}],"about":[{"href":"https:\/\/www.heatsupply.nl\/de\/wp-json\/wp\/v2\/types\/product"}],"replies":[{"embeddable":true,"href":"https:\/\/www.heatsupply.nl\/de\/wp-json\/wp\/v2\/comments?post=147049"}],"wp:featuredmedia":[{"embeddable":true,"href":"https:\/\/www.heatsupply.nl\/de\/wp-json\/wp\/v2\/media\/164141"}],"wp:attachment":[{"href":"https:\/\/www.heatsupply.nl\/de\/wp-json\/wp\/v2\/media?parent=147049"}],"wp:term":[{"taxonomy":"product_brand","embeddable":true,"href":"https:\/\/www.heatsupply.nl\/de\/wp-json\/wp\/v2\/product_brand?post=147049"},{"taxonomy":"product_cat","embeddable":true,"href":"https:\/\/www.heatsupply.nl\/de\/wp-json\/wp\/v2\/product_cat?post=147049"},{"taxonomy":"product_tag","embeddable":true,"href":"https:\/\/www.heatsupply.nl\/de\/wp-json\/wp\/v2\/product_tag?post=147049"}],"curies":[{"name":"wp","href":"https:\/\/api.w.org\/{rel}","templated":true}]}}