{"id":147039,"date":"2024-04-04T09:45:55","date_gmt":"2024-04-04T07:45:55","guid":{"rendered":"https:\/\/www.heatsupply.nl\/product\/fil-birds-eye-shatta-2\/"},"modified":"2026-04-28T18:23:07","modified_gmt":"2026-04-28T16:23:07","slug":"fil-birds-eye-shatta","status":"publish","type":"product","link":"https:\/\/www.heatsupply.nl\/de\/produkt\/fil-birds-eye-shatta\/","title":{"rendered":"Fil Bird&#8217;s Eye Shatta"},"content":{"rendered":"<p><strong>Zutaten Fil Bird&#8217;s Eye Shatta<\/strong>: roter Pfeffer, Bird&#8217;s Eye Chili (5%), Salz, destillierter Essig, Apfelessig, natives Oliven\u00f6l extra.<\/p>\n<p>An einem k\u00fchlen und dunklen Ort aufbewahren. Nach dem \u00d6ffnen in den K\u00fchlschrank stellen und nach Gebrauch mit Oliven\u00f6l verschlie\u00dfen oder frisch halten.<\/p>\n","protected":false},"excerpt":{"rendered":"<p><span style=\"font-weight: 500\">Dieses Fil Bird&#8217;s Eye Shatta ist eine pal\u00e4stinensische fermentierte Chilipaste, die in Amsterdam hergestellt wird. Sie wird auf Paprika und Chilis basiert und mit Oliven\u00f6l konserviert. Und du kannst davon ausgehen, dass es sich um gutes Oliven\u00f6l handelt, denn daf\u00fcr ist Pal\u00e4stina bekannt! Es wird auch Essig verwendet, und das Ergebnis ist ein sch\u00f6nes, frisches Shatta, das zun\u00e4chst s\u00e4uerlich und schmackhaft ist und sp\u00e4ter einen Hauch von S\u00fc\u00dfe erh\u00e4lt. Abgerundet wird das Ganze nat\u00fcrlich mit einer ordentlichen Portion Sch\u00e4rfe durch den Bird&#8217;s Eye Chili. Sehr vielseitig, aber besonders lecker auf Pizza, gemischt mit Tomatenp\u00fcree oder zu asiatischen Currys!<\/span><\/p>\n<p style=\"text-align: justify\">\n<p><span style=\"font-weight: 500\">Herkunft: Amsterdam, Niederlande<\/span><\/p>\n<p style=\"text-align: justify\">\n<p><span style=\"font-weight: 500\">Inhalt: 167 ml\/120 g<\/span><\/p>\n","protected":false},"featured_media":164154,"comment_status":"open","ping_status":"closed","template":"","meta":{"_acf_changed":false},"product_brand":[],"product_cat":[3903,4046],"product_tag":[],"class_list":{"0":"post-147039","1":"product","2":"type-product","3":"status-publish","4":"has-post-thumbnail","6":"product_cat-sambal","7":"product_cat-spicy","9":"first","10":"instock","11":"taxable","12":"shipping-taxable","13":"purchasable","14":"product-type-simple"},"bundled_by":[],"bundle_stock_status":"instock","bundle_stock_quantity":2,"bundle_virtual":false,"bundle_layout":"","bundle_add_to_cart_form_location":"","bundle_editable_in_cart":false,"bundle_sold_individually_context":"","bundle_item_grouping":"","bundle_min_size":"","bundle_max_size":"","bundle_price":[],"bundled_items":[],"bundle_sell_ids":[],"acf":[],"yoast_head":"<!-- This site is optimized with the Yoast SEO Premium plugin v27.5 (Yoast SEO v27.5) - https:\/\/yoast.com\/product\/yoast-seo-premium-wordpress\/ -->\n<title>Fil Bird&#039;s Eye Shatta - Heatsupply<\/title>\n<meta name=\"description\" content=\"Fil Bird&#039;s Eye Shatta ist eine traditionelle pal\u00e4stinensische fermentierte Chilipaste. Diese Version wird mit Bird&#039;s Eye hergestellt und ist daher k\u00f6stlich scharf! Hier bestellen!\" \/>\n<meta name=\"robots\" content=\"index, follow, max-snippet:-1, max-image-preview:large, max-video-preview:-1\" \/>\n<link rel=\"canonical\" href=\"https:\/\/www.heatsupply.nl\/de\/produkt\/fil-birds-eye-shatta\/\" \/>\n<meta property=\"og:locale\" content=\"de_DE\" \/>\n<meta property=\"og:type\" content=\"article\" \/>\n<meta property=\"og:title\" content=\"Fil Bird&#039;s Eye Shatta\" \/>\n<meta property=\"og:description\" content=\"Fil Bird&#039;s Eye Shatta ist eine traditionelle pal\u00e4stinensische fermentierte Chilipaste. Diese Version wird mit Bird&#039;s Eye hergestellt und ist daher k\u00f6stlich scharf! Hier bestellen!\" \/>\n<meta property=\"og:url\" content=\"https:\/\/www.heatsupply.nl\/de\/produkt\/fil-birds-eye-shatta\/\" \/>\n<meta property=\"og:site_name\" content=\"Heatsupply\" \/>\n<meta property=\"article:publisher\" content=\"https:\/\/www.facebook.com\/heatsupplyNL\" \/>\n<meta property=\"article:modified_time\" content=\"2026-04-28T16:23:07+00:00\" \/>\n<meta property=\"og:image\" content=\"https:\/\/www.heatsupply.nl\/wp-content\/uploads\/2024\/04\/fil-birds-eye-shatta-1.jpg\" \/>\n\t<meta property=\"og:image:width\" content=\"1400\" \/>\n\t<meta property=\"og:image:height\" content=\"1400\" \/>\n\t<meta property=\"og:image:type\" content=\"image\/jpeg\" \/>\n<meta name=\"twitter:card\" content=\"summary_large_image\" \/>\n<meta name=\"twitter:label1\" content=\"Preis\" \/>\n\t<meta name=\"twitter:data1\" content=\"&euro;7,95\" \/>\n\t<meta name=\"twitter:label2\" content=\"Verf\u00fcgbarkeit\" \/>\n\t<meta name=\"twitter:data2\" content=\"Auf Lager\" \/>\n<script type=\"application\/ld+json\" class=\"yoast-schema-graph\">{\"@context\":\"https:\\\/\\\/schema.org\",\"@graph\":[{\"@type\":\"WebPage\",\"@id\":\"https:\\\/\\\/www.heatsupply.nl\\\/de\\\/produkt\\\/fil-birds-eye-shatta\\\/\",\"url\":\"https:\\\/\\\/www.heatsupply.nl\\\/de\\\/produkt\\\/fil-birds-eye-shatta\\\/\",\"name\":\"Fil Bird's Eye Shatta - Heatsupply\",\"isPartOf\":{\"@id\":\"https:\\\/\\\/www.heatsupply.nl\\\/de\\\/#website\"},\"primaryImageOfPage\":{\"@id\":\"https:\\\/\\\/www.heatsupply.nl\\\/de\\\/produkt\\\/fil-birds-eye-shatta\\\/#primaryimage\"},\"image\":{\"@id\":\"https:\\\/\\\/www.heatsupply.nl\\\/de\\\/produkt\\\/fil-birds-eye-shatta\\\/#primaryimage\"},\"thumbnailUrl\":\"https:\\\/\\\/www.heatsupply.nl\\\/wp-content\\\/uploads\\\/2024\\\/04\\\/fil-birds-eye-shatta-1.jpg\",\"datePublished\":\"2024-04-04T07:45:55+00:00\",\"dateModified\":\"2026-04-28T16:23:07+00:00\",\"description\":\"Fil Bird's Eye Shatta ist eine traditionelle pal\u00e4stinensische fermentierte Chilipaste. Diese Version wird mit Bird's Eye hergestellt und ist daher k\u00f6stlich scharf! Hier bestellen!\",\"breadcrumb\":{\"@id\":\"https:\\\/\\\/www.heatsupply.nl\\\/de\\\/produkt\\\/fil-birds-eye-shatta\\\/#breadcrumb\"},\"inLanguage\":\"de\",\"potentialAction\":[{\"@type\":\"ReadAction\",\"target\":[\"https:\\\/\\\/www.heatsupply.nl\\\/de\\\/produkt\\\/fil-birds-eye-shatta\\\/\"]}]},{\"@type\":\"ImageObject\",\"inLanguage\":\"de\",\"@id\":\"https:\\\/\\\/www.heatsupply.nl\\\/de\\\/produkt\\\/fil-birds-eye-shatta\\\/#primaryimage\",\"url\":\"https:\\\/\\\/www.heatsupply.nl\\\/wp-content\\\/uploads\\\/2024\\\/04\\\/fil-birds-eye-shatta-1.jpg\",\"contentUrl\":\"https:\\\/\\\/www.heatsupply.nl\\\/wp-content\\\/uploads\\\/2024\\\/04\\\/fil-birds-eye-shatta-1.jpg\",\"width\":1400,\"height\":1400},{\"@type\":\"BreadcrumbList\",\"@id\":\"https:\\\/\\\/www.heatsupply.nl\\\/de\\\/produkt\\\/fil-birds-eye-shatta\\\/#breadcrumb\",\"itemListElement\":[{\"@type\":\"ListItem\",\"position\":1,\"name\":\"Home\",\"item\":\"https:\\\/\\\/www.heatsupply.nl\\\/de\\\/\"},{\"@type\":\"ListItem\",\"position\":2,\"name\":\"Alle produkten\",\"item\":\"https:\\\/\\\/www.heatsupply.nl\\\/de\\\/alle-produkten\\\/\"},{\"@type\":\"ListItem\",\"position\":3,\"name\":\"Sambal\",\"item\":\"https:\\\/\\\/www.heatsupply.nl\\\/de\\\/sambal\\\/\"},{\"@type\":\"ListItem\",\"position\":4,\"name\":\"Fil Bird&#8217;s Eye Shatta\"}]},{\"@type\":\"WebSite\",\"@id\":\"https:\\\/\\\/www.heatsupply.nl\\\/de\\\/#website\",\"url\":\"https:\\\/\\\/www.heatsupply.nl\\\/de\\\/\",\"name\":\"Heatsupply\",\"description\":\"Hot sauce webstore #1 in Europe\",\"publisher\":{\"@id\":\"https:\\\/\\\/www.heatsupply.nl\\\/de\\\/#organization\"},\"potentialAction\":[{\"@type\":\"SearchAction\",\"target\":{\"@type\":\"EntryPoint\",\"urlTemplate\":\"https:\\\/\\\/www.heatsupply.nl\\\/de\\\/?s={search_term_string}\"},\"query-input\":{\"@type\":\"PropertyValueSpecification\",\"valueRequired\":true,\"valueName\":\"search_term_string\"}}],\"inLanguage\":\"de\"},{\"@type\":\"Organization\",\"@id\":\"https:\\\/\\\/www.heatsupply.nl\\\/de\\\/#organization\",\"name\":\"Heatsupply\",\"url\":\"https:\\\/\\\/www.heatsupply.nl\\\/de\\\/\",\"logo\":{\"@type\":\"ImageObject\",\"inLanguage\":\"de\",\"@id\":\"https:\\\/\\\/www.heatsupply.nl\\\/de\\\/#\\\/schema\\\/logo\\\/image\\\/\",\"url\":\"https:\\\/\\\/www.heatsupply.nl\\\/wp-content\\\/uploads\\\/2022\\\/10\\\/heatsupply-logo-rood.jpg\",\"contentUrl\":\"https:\\\/\\\/www.heatsupply.nl\\\/wp-content\\\/uploads\\\/2022\\\/10\\\/heatsupply-logo-rood.jpg\",\"width\":1000,\"height\":335,\"caption\":\"Heatsupply\"},\"image\":{\"@id\":\"https:\\\/\\\/www.heatsupply.nl\\\/de\\\/#\\\/schema\\\/logo\\\/image\\\/\"},\"sameAs\":[\"https:\\\/\\\/www.facebook.com\\\/heatsupplyNL\",\"https:\\\/\\\/www.instagram.com\\\/heatsuppy.nl\",\"https:\\\/\\\/www.youtube.com\\\/channel\\\/UC5pOWqQtljvxTz2SMWGWCsw\"]}]}<\/script>\n<meta property=\"product:price:amount\" content=\"7.95\" \/>\n<meta property=\"product:price:currency\" content=\"EUR\" \/>\n<meta property=\"og:availability\" content=\"instock\" \/>\n<meta property=\"product:availability\" content=\"instock\" \/>\n<meta property=\"product:retailer_item_id\" content=\"FBSHAT005\" \/>\n<meta property=\"product:condition\" content=\"new\" \/>\n<!-- \/ Yoast SEO Premium plugin. -->","yoast_head_json":{"title":"Fil Bird's Eye Shatta - Heatsupply","description":"Fil Bird's Eye Shatta ist eine traditionelle pal\u00e4stinensische fermentierte Chilipaste. Diese Version wird mit Bird's Eye hergestellt und ist daher k\u00f6stlich scharf! Hier bestellen!","robots":{"index":"index","follow":"follow","max-snippet":"max-snippet:-1","max-image-preview":"max-image-preview:large","max-video-preview":"max-video-preview:-1"},"canonical":"https:\/\/www.heatsupply.nl\/de\/produkt\/fil-birds-eye-shatta\/","og_locale":"de_DE","og_type":"article","og_title":"Fil Bird's Eye Shatta","og_description":"Fil Bird's Eye Shatta ist eine traditionelle pal\u00e4stinensische fermentierte Chilipaste. Diese Version wird mit Bird's Eye hergestellt und ist daher k\u00f6stlich scharf! Hier bestellen!","og_url":"https:\/\/www.heatsupply.nl\/de\/produkt\/fil-birds-eye-shatta\/","og_site_name":"Heatsupply","article_publisher":"https:\/\/www.facebook.com\/heatsupplyNL","article_modified_time":"2026-04-28T16:23:07+00:00","og_image":[{"width":1400,"height":1400,"url":"https:\/\/www.heatsupply.nl\/wp-content\/uploads\/2024\/04\/fil-birds-eye-shatta-1.jpg","type":"image\/jpeg"}],"twitter_card":"summary_large_image","twitter_misc":{"Preis":"&euro;7,95","Verf\u00fcgbarkeit":"Auf Lager"},"schema":{"@context":"https:\/\/schema.org","@graph":[{"@type":"WebPage","@id":"https:\/\/www.heatsupply.nl\/de\/produkt\/fil-birds-eye-shatta\/","url":"https:\/\/www.heatsupply.nl\/de\/produkt\/fil-birds-eye-shatta\/","name":"Fil Bird's Eye Shatta - Heatsupply","isPartOf":{"@id":"https:\/\/www.heatsupply.nl\/de\/#website"},"primaryImageOfPage":{"@id":"https:\/\/www.heatsupply.nl\/de\/produkt\/fil-birds-eye-shatta\/#primaryimage"},"image":{"@id":"https:\/\/www.heatsupply.nl\/de\/produkt\/fil-birds-eye-shatta\/#primaryimage"},"thumbnailUrl":"https:\/\/www.heatsupply.nl\/wp-content\/uploads\/2024\/04\/fil-birds-eye-shatta-1.jpg","datePublished":"2024-04-04T07:45:55+00:00","dateModified":"2026-04-28T16:23:07+00:00","description":"Fil Bird's Eye Shatta ist eine traditionelle pal\u00e4stinensische fermentierte Chilipaste. Diese Version wird mit Bird's Eye hergestellt und ist daher k\u00f6stlich scharf! Hier bestellen!","breadcrumb":{"@id":"https:\/\/www.heatsupply.nl\/de\/produkt\/fil-birds-eye-shatta\/#breadcrumb"},"inLanguage":"de","potentialAction":[{"@type":"ReadAction","target":["https:\/\/www.heatsupply.nl\/de\/produkt\/fil-birds-eye-shatta\/"]}]},{"@type":"ImageObject","inLanguage":"de","@id":"https:\/\/www.heatsupply.nl\/de\/produkt\/fil-birds-eye-shatta\/#primaryimage","url":"https:\/\/www.heatsupply.nl\/wp-content\/uploads\/2024\/04\/fil-birds-eye-shatta-1.jpg","contentUrl":"https:\/\/www.heatsupply.nl\/wp-content\/uploads\/2024\/04\/fil-birds-eye-shatta-1.jpg","width":1400,"height":1400},{"@type":"BreadcrumbList","@id":"https:\/\/www.heatsupply.nl\/de\/produkt\/fil-birds-eye-shatta\/#breadcrumb","itemListElement":[{"@type":"ListItem","position":1,"name":"Home","item":"https:\/\/www.heatsupply.nl\/de\/"},{"@type":"ListItem","position":2,"name":"Alle produkten","item":"https:\/\/www.heatsupply.nl\/de\/alle-produkten\/"},{"@type":"ListItem","position":3,"name":"Sambal","item":"https:\/\/www.heatsupply.nl\/de\/sambal\/"},{"@type":"ListItem","position":4,"name":"Fil Bird&#8217;s Eye Shatta"}]},{"@type":"WebSite","@id":"https:\/\/www.heatsupply.nl\/de\/#website","url":"https:\/\/www.heatsupply.nl\/de\/","name":"Heatsupply","description":"Hot sauce webstore #1 in Europe","publisher":{"@id":"https:\/\/www.heatsupply.nl\/de\/#organization"},"potentialAction":[{"@type":"SearchAction","target":{"@type":"EntryPoint","urlTemplate":"https:\/\/www.heatsupply.nl\/de\/?s={search_term_string}"},"query-input":{"@type":"PropertyValueSpecification","valueRequired":true,"valueName":"search_term_string"}}],"inLanguage":"de"},{"@type":"Organization","@id":"https:\/\/www.heatsupply.nl\/de\/#organization","name":"Heatsupply","url":"https:\/\/www.heatsupply.nl\/de\/","logo":{"@type":"ImageObject","inLanguage":"de","@id":"https:\/\/www.heatsupply.nl\/de\/#\/schema\/logo\/image\/","url":"https:\/\/www.heatsupply.nl\/wp-content\/uploads\/2022\/10\/heatsupply-logo-rood.jpg","contentUrl":"https:\/\/www.heatsupply.nl\/wp-content\/uploads\/2022\/10\/heatsupply-logo-rood.jpg","width":1000,"height":335,"caption":"Heatsupply"},"image":{"@id":"https:\/\/www.heatsupply.nl\/de\/#\/schema\/logo\/image\/"},"sameAs":["https:\/\/www.facebook.com\/heatsupplyNL","https:\/\/www.instagram.com\/heatsuppy.nl","https:\/\/www.youtube.com\/channel\/UC5pOWqQtljvxTz2SMWGWCsw"]}]},"product_price_amount":"7.95","product_price_currency":"EUR","og_availability":"instock","product_availability":"instock","product_retailer_item_id":"FBSHAT005","product_condition":"new"},"_links":{"self":[{"href":"https:\/\/www.heatsupply.nl\/de\/wp-json\/wp\/v2\/product\/147039","targetHints":{"allow":["GET"]}}],"collection":[{"href":"https:\/\/www.heatsupply.nl\/de\/wp-json\/wp\/v2\/product"}],"about":[{"href":"https:\/\/www.heatsupply.nl\/de\/wp-json\/wp\/v2\/types\/product"}],"replies":[{"embeddable":true,"href":"https:\/\/www.heatsupply.nl\/de\/wp-json\/wp\/v2\/comments?post=147039"}],"wp:featuredmedia":[{"embeddable":true,"href":"https:\/\/www.heatsupply.nl\/de\/wp-json\/wp\/v2\/media\/164154"}],"wp:attachment":[{"href":"https:\/\/www.heatsupply.nl\/de\/wp-json\/wp\/v2\/media?parent=147039"}],"wp:term":[{"taxonomy":"product_brand","embeddable":true,"href":"https:\/\/www.heatsupply.nl\/de\/wp-json\/wp\/v2\/product_brand?post=147039"},{"taxonomy":"product_cat","embeddable":true,"href":"https:\/\/www.heatsupply.nl\/de\/wp-json\/wp\/v2\/product_cat?post=147039"},{"taxonomy":"product_tag","embeddable":true,"href":"https:\/\/www.heatsupply.nl\/de\/wp-json\/wp\/v2\/product_tag?post=147039"}],"curies":[{"name":"wp","href":"https:\/\/api.w.org\/{rel}","templated":true}]}}