{"id":147038,"date":"2024-04-03T11:41:09","date_gmt":"2024-04-03T09:41:09","guid":{"rendered":"https:\/\/www.heatsupply.nl\/product\/dawsons-zuzus-7-pot-hot-sauce-2\/"},"modified":"2026-03-03T11:54:02","modified_gmt":"2026-03-03T10:54:02","slug":"dawsons-zuzus-7-pot-hot-sauce","status":"publish","type":"product","link":"https:\/\/www.heatsupply.nl\/de\/produkt\/dawsons-zuzus-7-pot-hot-sauce\/","title":{"rendered":"Dawson&#8217;s Zuzu&#8217;s 7-Pot Hot Sauce"},"content":{"rendered":"<p><strong>Zutaten Dawson&#8217;s Zuzu&#8217;s 7-Pot Hot Sauce<\/strong>: Rote Paprika, 7-Pot-P\u00fcree (7-Pot-Paprika, Essig, 19,4 %), Knoblauch, Zucker (Ahornsirup), Essig (enth\u00e4lt SULFITE), natives Oliven\u00f6l extra, Sambuca, Fenchelsamen, Bhut Jolokia, Meersalz.<\/p>\n<p>Diese Sauce ist auch aus der YouTube-Show <a href=\"https:\/\/www.heatsupply.nl\/de\/product-categorie\/scharfe-sossen\/hot-ones-de\/\"><strong>Hot Ones<\/strong><\/a> bekannt. In Staffel 22 war diese scharfe Sauce auf Hot Wing Nummer 9 von 10.<\/p>\n<p><span style=\"text-decoration: underline;\">N\u00e4hrwerte pro 100 g:<\/span><br \/>\nEnergie: 624 kJ\/149 kcal<br \/>\nFett: 8 g<br \/>\ndavon ges\u00e4ttigte Fetts\u00e4uren: 1 g<br \/>\nKohlenhydrate: 18 g<br \/>\ndavon Zucker: 13 g<br \/>\nEiwei\u00df: 2 g<br \/>\nSalz: 0,7 g<\/p>\n<p>Vor Gebrauch sch\u00fctteln. Nach dem \u00d6ffnen im K\u00fchlschrank aufbewahren.<\/p>\n","protected":false},"excerpt":{"rendered":"<p><span style=\"font-weight: 500;\">Bekannt aus<\/span><a href=\"https:\/\/www.heatsupply.nl\/de\/product-categorie\/scharfe-sossen\/hot-ones-de\/\"> <span style=\"font-weight: 500;\">Hot Ones<\/span><\/a><span style=\"font-weight: 500;\">, ist diese Dawson&#8217;s Zuzu&#8217;s 7-Pot Hot Sauce eine besondere, extrem scharfe Sauce. Nicht nur wegen der Kombination aus fruchtigen 7-Pot-Pfeffern und Ghost-Pfeffern, sondern vor allem wegen der Zugabe von zwei besonderen Zutaten: Fenchelsamen und Sambuca! Schon beim \u00d6ffnen kommen die erkennbaren D\u00fcfte dieser beiden Zutaten zum Vorschein. Auch bei der Verkostung sind das die ersten beiden Dinge, die man wahrnimmt, aber das weicht ziemlich schnell der brutalen Sch\u00e4rfe der beiden superscharfen Pfeffer. Dennoch ist sie nicht unangenehm scharf, was auch an der Verwendung von Paprika, Zucker (Ahornsirup) und Knoblauch liegt. Eine sehr gute (und scharfe) Sauce f\u00fcr Pasta und Pizza, H\u00e4hnchenfl\u00fcgel und als Marinade.<\/span><\/p>\n<p><span style=\"font-weight: 500;\">Herkunft: Hamilton, Ontario (Kanada)<\/span><\/p>\n<p><span style=\"font-weight: 500;\">Inhalt: 155 ml<\/span><\/p>\n","protected":false},"featured_media":145789,"comment_status":"open","ping_status":"closed","template":"","meta":{"_acf_changed":false},"product_brand":[],"product_cat":[3918,3931,3789,3787,4046],"product_tag":[],"class_list":{"0":"post-147038","1":"product","2":"type-product","3":"status-publish","4":"has-post-thumbnail","6":"product_cat-extrem-scharf","7":"product_cat-ghost-pepper","8":"product_cat-hot-ones-saucen","9":"product_cat-scharfe-sossen","10":"product_cat-spicy","12":"first","13":"outofstock","14":"taxable","15":"shipping-taxable","16":"purchasable","17":"product-type-simple"},"bundled_by":[],"bundle_stock_status":"outofstock","bundle_stock_quantity":0,"bundle_virtual":false,"bundle_layout":"","bundle_add_to_cart_form_location":"","bundle_editable_in_cart":false,"bundle_sold_individually_context":"","bundle_item_grouping":"","bundle_min_size":"","bundle_max_size":"","bundle_price":[],"bundled_items":[],"bundle_sell_ids":[],"acf":[],"yoast_head":"<!-- This site is optimized with the Yoast SEO Premium plugin v27.5 (Yoast SEO v27.5) - https:\/\/yoast.com\/product\/yoast-seo-premium-wordpress\/ -->\n<title>Dawson&#039;s Zuzu&#039;s 7-Pot Hot Sauce - Heatsupply<\/title>\n<meta name=\"description\" content=\"Dawson&#039;s Zuzu&#039;s 7-Pot Hot Sauce ist eine extrem scharfe kanadische Sauce, die von Hot Ones bekannt ist. Sie wird u.a. mit Fenchel und Sambuca hergestellt. Hier bestellen!\" \/>\n<meta name=\"robots\" content=\"index, follow, max-snippet:-1, max-image-preview:large, max-video-preview:-1\" \/>\n<link rel=\"canonical\" href=\"https:\/\/www.heatsupply.nl\/de\/produkt\/dawsons-zuzus-7-pot-hot-sauce\/\" \/>\n<meta property=\"og:locale\" content=\"de_DE\" \/>\n<meta property=\"og:type\" content=\"article\" \/>\n<meta property=\"og:title\" content=\"Dawson&#039;s Zuzu&#039;s 7-Pot Hot Sauce\" \/>\n<meta property=\"og:description\" content=\"Dawson&#039;s Zuzu&#039;s 7-Pot Hot Sauce ist eine extrem scharfe kanadische Sauce, die von Hot Ones bekannt ist. Sie wird u.a. mit Fenchel und Sambuca hergestellt. Hier bestellen!\" \/>\n<meta property=\"og:url\" content=\"https:\/\/www.heatsupply.nl\/de\/produkt\/dawsons-zuzus-7-pot-hot-sauce\/\" \/>\n<meta property=\"og:site_name\" content=\"Heatsupply\" \/>\n<meta property=\"article:publisher\" content=\"https:\/\/www.facebook.com\/heatsupplyNL\" \/>\n<meta property=\"article:modified_time\" content=\"2026-03-03T10:54:02+00:00\" \/>\n<meta property=\"og:image\" content=\"https:\/\/www.heatsupply.nl\/wp-content\/uploads\/2024\/04\/dawsons-zuzu-7-pot-hot-sauce.jpg\" \/>\n\t<meta property=\"og:image:width\" content=\"1400\" \/>\n\t<meta property=\"og:image:height\" content=\"1400\" \/>\n\t<meta property=\"og:image:type\" content=\"image\/jpeg\" \/>\n<meta name=\"twitter:card\" content=\"summary_large_image\" \/>\n<meta name=\"twitter:label1\" content=\"Preis\" \/>\n\t<meta name=\"twitter:data1\" content=\"&euro;10,95\" \/>\n\t<meta name=\"twitter:label2\" content=\"Verf\u00fcgbarkeit\" \/>\n\t<meta name=\"twitter:data2\" content=\"ausverkauft\" \/>\n<script type=\"application\/ld+json\" class=\"yoast-schema-graph\">{\"@context\":\"https:\\\/\\\/schema.org\",\"@graph\":[{\"@type\":\"WebPage\",\"@id\":\"https:\\\/\\\/www.heatsupply.nl\\\/de\\\/produkt\\\/dawsons-zuzus-7-pot-hot-sauce\\\/\",\"url\":\"https:\\\/\\\/www.heatsupply.nl\\\/de\\\/produkt\\\/dawsons-zuzus-7-pot-hot-sauce\\\/\",\"name\":\"Dawson's Zuzu's 7-Pot Hot Sauce - Heatsupply\",\"isPartOf\":{\"@id\":\"https:\\\/\\\/www.heatsupply.nl\\\/de\\\/#website\"},\"primaryImageOfPage\":{\"@id\":\"https:\\\/\\\/www.heatsupply.nl\\\/de\\\/produkt\\\/dawsons-zuzus-7-pot-hot-sauce\\\/#primaryimage\"},\"image\":{\"@id\":\"https:\\\/\\\/www.heatsupply.nl\\\/de\\\/produkt\\\/dawsons-zuzus-7-pot-hot-sauce\\\/#primaryimage\"},\"thumbnailUrl\":\"https:\\\/\\\/www.heatsupply.nl\\\/wp-content\\\/uploads\\\/2024\\\/04\\\/dawsons-zuzu-7-pot-hot-sauce.jpg\",\"datePublished\":\"2024-04-03T09:41:09+00:00\",\"dateModified\":\"2026-03-03T10:54:02+00:00\",\"description\":\"Dawson's Zuzu's 7-Pot Hot Sauce ist eine extrem scharfe kanadische Sauce, die von Hot Ones bekannt ist. Sie wird u.a. mit Fenchel und Sambuca hergestellt. Hier bestellen!\",\"breadcrumb\":{\"@id\":\"https:\\\/\\\/www.heatsupply.nl\\\/de\\\/produkt\\\/dawsons-zuzus-7-pot-hot-sauce\\\/#breadcrumb\"},\"inLanguage\":\"de\",\"potentialAction\":[{\"@type\":\"ReadAction\",\"target\":[\"https:\\\/\\\/www.heatsupply.nl\\\/de\\\/produkt\\\/dawsons-zuzus-7-pot-hot-sauce\\\/\"]}]},{\"@type\":\"ImageObject\",\"inLanguage\":\"de\",\"@id\":\"https:\\\/\\\/www.heatsupply.nl\\\/de\\\/produkt\\\/dawsons-zuzus-7-pot-hot-sauce\\\/#primaryimage\",\"url\":\"https:\\\/\\\/www.heatsupply.nl\\\/wp-content\\\/uploads\\\/2024\\\/04\\\/dawsons-zuzu-7-pot-hot-sauce.jpg\",\"contentUrl\":\"https:\\\/\\\/www.heatsupply.nl\\\/wp-content\\\/uploads\\\/2024\\\/04\\\/dawsons-zuzu-7-pot-hot-sauce.jpg\",\"width\":1400,\"height\":1400,\"caption\":\"Dawson's Zuzu's 7 Pot hot sauce\"},{\"@type\":\"BreadcrumbList\",\"@id\":\"https:\\\/\\\/www.heatsupply.nl\\\/de\\\/produkt\\\/dawsons-zuzus-7-pot-hot-sauce\\\/#breadcrumb\",\"itemListElement\":[{\"@type\":\"ListItem\",\"position\":1,\"name\":\"Home\",\"item\":\"https:\\\/\\\/www.heatsupply.nl\\\/de\\\/\"},{\"@type\":\"ListItem\",\"position\":2,\"name\":\"Alle produkten\",\"item\":\"https:\\\/\\\/www.heatsupply.nl\\\/de\\\/alle-produkten\\\/\"},{\"@type\":\"ListItem\",\"position\":3,\"name\":\"Scharfe So\u00dfen\",\"item\":\"https:\\\/\\\/www.heatsupply.nl\\\/de\\\/scharfe-sossen\\\/\"},{\"@type\":\"ListItem\",\"position\":4,\"name\":\"Dawson&#8217;s Zuzu&#8217;s 7-Pot Hot Sauce\"}]},{\"@type\":\"WebSite\",\"@id\":\"https:\\\/\\\/www.heatsupply.nl\\\/de\\\/#website\",\"url\":\"https:\\\/\\\/www.heatsupply.nl\\\/de\\\/\",\"name\":\"Heatsupply\",\"description\":\"Hot sauce webstore #1 in Europe\",\"publisher\":{\"@id\":\"https:\\\/\\\/www.heatsupply.nl\\\/de\\\/#organization\"},\"potentialAction\":[{\"@type\":\"SearchAction\",\"target\":{\"@type\":\"EntryPoint\",\"urlTemplate\":\"https:\\\/\\\/www.heatsupply.nl\\\/de\\\/?s={search_term_string}\"},\"query-input\":{\"@type\":\"PropertyValueSpecification\",\"valueRequired\":true,\"valueName\":\"search_term_string\"}}],\"inLanguage\":\"de\"},{\"@type\":\"Organization\",\"@id\":\"https:\\\/\\\/www.heatsupply.nl\\\/de\\\/#organization\",\"name\":\"Heatsupply\",\"url\":\"https:\\\/\\\/www.heatsupply.nl\\\/de\\\/\",\"logo\":{\"@type\":\"ImageObject\",\"inLanguage\":\"de\",\"@id\":\"https:\\\/\\\/www.heatsupply.nl\\\/de\\\/#\\\/schema\\\/logo\\\/image\\\/\",\"url\":\"https:\\\/\\\/www.heatsupply.nl\\\/wp-content\\\/uploads\\\/2022\\\/10\\\/heatsupply-logo-rood.jpg\",\"contentUrl\":\"https:\\\/\\\/www.heatsupply.nl\\\/wp-content\\\/uploads\\\/2022\\\/10\\\/heatsupply-logo-rood.jpg\",\"width\":1000,\"height\":335,\"caption\":\"Heatsupply\"},\"image\":{\"@id\":\"https:\\\/\\\/www.heatsupply.nl\\\/de\\\/#\\\/schema\\\/logo\\\/image\\\/\"},\"sameAs\":[\"https:\\\/\\\/www.facebook.com\\\/heatsupplyNL\",\"https:\\\/\\\/www.instagram.com\\\/heatsuppy.nl\",\"https:\\\/\\\/www.youtube.com\\\/channel\\\/UC5pOWqQtljvxTz2SMWGWCsw\"]}]}<\/script>\n<meta property=\"product:brand\" content=\"Dawson&#039;s\" \/>\n<meta property=\"product:price:amount\" content=\"10.95\" \/>\n<meta property=\"product:price:currency\" content=\"EUR\" \/>\n<meta property=\"og:availability\" content=\"out of stock\" \/>\n<meta property=\"product:availability\" content=\"out of stock\" \/>\n<meta property=\"product:retailer_item_id\" content=\"DZUZU002\" \/>\n<meta property=\"product:condition\" content=\"new\" \/>\n<!-- \/ Yoast SEO Premium plugin. -->","yoast_head_json":{"title":"Dawson's Zuzu's 7-Pot Hot Sauce - Heatsupply","description":"Dawson's Zuzu's 7-Pot Hot Sauce ist eine extrem scharfe kanadische Sauce, die von Hot Ones bekannt ist. Sie wird u.a. mit Fenchel und Sambuca hergestellt. Hier bestellen!","robots":{"index":"index","follow":"follow","max-snippet":"max-snippet:-1","max-image-preview":"max-image-preview:large","max-video-preview":"max-video-preview:-1"},"canonical":"https:\/\/www.heatsupply.nl\/de\/produkt\/dawsons-zuzus-7-pot-hot-sauce\/","og_locale":"de_DE","og_type":"article","og_title":"Dawson's Zuzu's 7-Pot Hot Sauce","og_description":"Dawson's Zuzu's 7-Pot Hot Sauce ist eine extrem scharfe kanadische Sauce, die von Hot Ones bekannt ist. Sie wird u.a. mit Fenchel und Sambuca hergestellt. Hier bestellen!","og_url":"https:\/\/www.heatsupply.nl\/de\/produkt\/dawsons-zuzus-7-pot-hot-sauce\/","og_site_name":"Heatsupply","article_publisher":"https:\/\/www.facebook.com\/heatsupplyNL","article_modified_time":"2026-03-03T10:54:02+00:00","og_image":[{"width":1400,"height":1400,"url":"https:\/\/www.heatsupply.nl\/wp-content\/uploads\/2024\/04\/dawsons-zuzu-7-pot-hot-sauce.jpg","type":"image\/jpeg"}],"twitter_card":"summary_large_image","twitter_misc":{"Preis":"&euro;10,95","Verf\u00fcgbarkeit":"ausverkauft"},"schema":{"@context":"https:\/\/schema.org","@graph":[{"@type":"WebPage","@id":"https:\/\/www.heatsupply.nl\/de\/produkt\/dawsons-zuzus-7-pot-hot-sauce\/","url":"https:\/\/www.heatsupply.nl\/de\/produkt\/dawsons-zuzus-7-pot-hot-sauce\/","name":"Dawson's Zuzu's 7-Pot Hot Sauce - Heatsupply","isPartOf":{"@id":"https:\/\/www.heatsupply.nl\/de\/#website"},"primaryImageOfPage":{"@id":"https:\/\/www.heatsupply.nl\/de\/produkt\/dawsons-zuzus-7-pot-hot-sauce\/#primaryimage"},"image":{"@id":"https:\/\/www.heatsupply.nl\/de\/produkt\/dawsons-zuzus-7-pot-hot-sauce\/#primaryimage"},"thumbnailUrl":"https:\/\/www.heatsupply.nl\/wp-content\/uploads\/2024\/04\/dawsons-zuzu-7-pot-hot-sauce.jpg","datePublished":"2024-04-03T09:41:09+00:00","dateModified":"2026-03-03T10:54:02+00:00","description":"Dawson's Zuzu's 7-Pot Hot Sauce ist eine extrem scharfe kanadische Sauce, die von Hot Ones bekannt ist. Sie wird u.a. mit Fenchel und Sambuca hergestellt. Hier bestellen!","breadcrumb":{"@id":"https:\/\/www.heatsupply.nl\/de\/produkt\/dawsons-zuzus-7-pot-hot-sauce\/#breadcrumb"},"inLanguage":"de","potentialAction":[{"@type":"ReadAction","target":["https:\/\/www.heatsupply.nl\/de\/produkt\/dawsons-zuzus-7-pot-hot-sauce\/"]}]},{"@type":"ImageObject","inLanguage":"de","@id":"https:\/\/www.heatsupply.nl\/de\/produkt\/dawsons-zuzus-7-pot-hot-sauce\/#primaryimage","url":"https:\/\/www.heatsupply.nl\/wp-content\/uploads\/2024\/04\/dawsons-zuzu-7-pot-hot-sauce.jpg","contentUrl":"https:\/\/www.heatsupply.nl\/wp-content\/uploads\/2024\/04\/dawsons-zuzu-7-pot-hot-sauce.jpg","width":1400,"height":1400,"caption":"Dawson's Zuzu's 7 Pot hot sauce"},{"@type":"BreadcrumbList","@id":"https:\/\/www.heatsupply.nl\/de\/produkt\/dawsons-zuzus-7-pot-hot-sauce\/#breadcrumb","itemListElement":[{"@type":"ListItem","position":1,"name":"Home","item":"https:\/\/www.heatsupply.nl\/de\/"},{"@type":"ListItem","position":2,"name":"Alle produkten","item":"https:\/\/www.heatsupply.nl\/de\/alle-produkten\/"},{"@type":"ListItem","position":3,"name":"Scharfe So\u00dfen","item":"https:\/\/www.heatsupply.nl\/de\/scharfe-sossen\/"},{"@type":"ListItem","position":4,"name":"Dawson&#8217;s Zuzu&#8217;s 7-Pot Hot Sauce"}]},{"@type":"WebSite","@id":"https:\/\/www.heatsupply.nl\/de\/#website","url":"https:\/\/www.heatsupply.nl\/de\/","name":"Heatsupply","description":"Hot sauce webstore #1 in Europe","publisher":{"@id":"https:\/\/www.heatsupply.nl\/de\/#organization"},"potentialAction":[{"@type":"SearchAction","target":{"@type":"EntryPoint","urlTemplate":"https:\/\/www.heatsupply.nl\/de\/?s={search_term_string}"},"query-input":{"@type":"PropertyValueSpecification","valueRequired":true,"valueName":"search_term_string"}}],"inLanguage":"de"},{"@type":"Organization","@id":"https:\/\/www.heatsupply.nl\/de\/#organization","name":"Heatsupply","url":"https:\/\/www.heatsupply.nl\/de\/","logo":{"@type":"ImageObject","inLanguage":"de","@id":"https:\/\/www.heatsupply.nl\/de\/#\/schema\/logo\/image\/","url":"https:\/\/www.heatsupply.nl\/wp-content\/uploads\/2022\/10\/heatsupply-logo-rood.jpg","contentUrl":"https:\/\/www.heatsupply.nl\/wp-content\/uploads\/2022\/10\/heatsupply-logo-rood.jpg","width":1000,"height":335,"caption":"Heatsupply"},"image":{"@id":"https:\/\/www.heatsupply.nl\/de\/#\/schema\/logo\/image\/"},"sameAs":["https:\/\/www.facebook.com\/heatsupplyNL","https:\/\/www.instagram.com\/heatsuppy.nl","https:\/\/www.youtube.com\/channel\/UC5pOWqQtljvxTz2SMWGWCsw"]}]},"product_brand":"Dawson&#039;s","product_price_amount":"10.95","product_price_currency":"EUR","og_availability":"out of stock","product_availability":"out of stock","product_retailer_item_id":"DZUZU002","product_condition":"new"},"_links":{"self":[{"href":"https:\/\/www.heatsupply.nl\/de\/wp-json\/wp\/v2\/product\/147038","targetHints":{"allow":["GET"]}}],"collection":[{"href":"https:\/\/www.heatsupply.nl\/de\/wp-json\/wp\/v2\/product"}],"about":[{"href":"https:\/\/www.heatsupply.nl\/de\/wp-json\/wp\/v2\/types\/product"}],"replies":[{"embeddable":true,"href":"https:\/\/www.heatsupply.nl\/de\/wp-json\/wp\/v2\/comments?post=147038"}],"wp:featuredmedia":[{"embeddable":true,"href":"https:\/\/www.heatsupply.nl\/de\/wp-json\/wp\/v2\/media\/145789"}],"wp:attachment":[{"href":"https:\/\/www.heatsupply.nl\/de\/wp-json\/wp\/v2\/media?parent=147038"}],"wp:term":[{"taxonomy":"product_brand","embeddable":true,"href":"https:\/\/www.heatsupply.nl\/de\/wp-json\/wp\/v2\/product_brand?post=147038"},{"taxonomy":"product_cat","embeddable":true,"href":"https:\/\/www.heatsupply.nl\/de\/wp-json\/wp\/v2\/product_cat?post=147038"},{"taxonomy":"product_tag","embeddable":true,"href":"https:\/\/www.heatsupply.nl\/de\/wp-json\/wp\/v2\/product_tag?post=147038"}],"curies":[{"name":"wp","href":"https:\/\/api.w.org\/{rel}","templated":true}]}}