{"id":147029,"date":"2024-03-12T13:39:23","date_gmt":"2024-03-12T12:39:23","guid":{"rendered":"https:\/\/www.heatsupply.nl\/product\/la-pimenterie-x-gurky-kumquat-crush-hot-sauce-2\/"},"modified":"2026-05-07T03:44:46","modified_gmt":"2026-05-07T01:44:46","slug":"la-pimenterie-x-gurky-kumquat-crush-hot-sauce","status":"publish","type":"product","link":"https:\/\/www.heatsupply.nl\/de\/produkt\/la-pimenterie-x-gurky-kumquat-crush-hot-sauce\/","title":{"rendered":"La Pimenterie x Gurky Kumquat Crush Hot Sauce"},"content":{"rendered":"<p><strong>Zutaten La Pimenterie x Gurky Kumquat Crush Hot Sauce:<\/strong> Kumquats, Apfelessig, gelbe Paprikaschoten, Karotten, Bio-Rohrzucker, Schalotten, orangefarbene Habanero, Raps\u00f6l, Aji-Chili, Ingwer, Salz, Gew\u00fcrze, Knoblauch, SENFPULVER, Totonaco-Vanille-Naturextrakt, Xanthan, Vanillesamen.<\/p>\n<p><span style=\"text-decoration: underline;\">N\u00e4hrwertangaben pro 100gr:<\/span><br \/>\nEnergie: 100 kcal<br \/>\nFett: 4 Gramm<br \/>\nKohlenhydrate: 20 g<br \/>\nDavon Zucker: 20 g<br \/>\nEiwei\u00df: 2 g<br \/>\nSalz: 1,25 g<\/p>\n<p>Vor dem Gebrauch sch\u00fctteln und nach dem \u00d6ffnen im K\u00fchlschrank aufbewahren.<\/p>\n","protected":false},"excerpt":{"rendered":"<p style=\"text-align: justify;\">Diese La Pimenterie x Gurky Kumquat Crush Hot Sauce ist eine besondere Zusammenarbeit zwischen La Pimenterie und YouTube Gurky, aus Quebec. Die Kumquat, eine kleine asiatische Zitrusfrucht, wurde von ihren Anh\u00e4ngern als besondere Zutat f\u00fcr die Sauce ausgew\u00e4hlt und verleiht der Sauce eine k\u00f6stliche S\u00e4ure. Auch Vanille wurde hinzugef\u00fcgt, ebenso wie Habaneros, Aji-Chilis, Ingwer, Knoblauch und etwas S\u00fc\u00dfe in Form von Karotten und Bio-Rohrzucker. Das Ergebnis ist eine Gurky Hot Sauce, die wirklich alles hat. Sie ist sauer, s\u00fc\u00df, w\u00fcrzig und fruchtig. Passt hervorragend zu Fisch, Meeresfr\u00fcchten, Currys und vielem mehr!<\/p>\n<ul>\n<li style=\"text-align: justify;\">Herkunft: Montreal, Kanada<\/li>\n<li style=\"text-align: justify;\">Inhalt: 148 ml<\/li>\n<\/ul>\n","protected":false},"featured_media":144652,"comment_status":"open","ping_status":"closed","template":"","meta":{"_acf_changed":false},"product_brand":[],"product_cat":[3913,3793,3787,4046],"product_tag":[],"class_list":{"0":"post-147029","1":"product","2":"type-product","3":"status-publish","4":"has-post-thumbnail","6":"product_cat-habanero","7":"product_cat-sale","8":"product_cat-scharfe-sossen","9":"product_cat-spicy","11":"first","12":"instock","13":"sale","14":"taxable","15":"shipping-taxable","16":"purchasable","17":"product-type-simple"},"bundled_by":[],"bundle_stock_status":"instock","bundle_stock_quantity":49,"bundle_virtual":false,"bundle_layout":"","bundle_add_to_cart_form_location":"","bundle_editable_in_cart":false,"bundle_sold_individually_context":"","bundle_item_grouping":"","bundle_min_size":"","bundle_max_size":"","bundle_price":[],"bundled_items":[],"bundle_sell_ids":[],"acf":[],"yoast_head":"<!-- This site is optimized with the Yoast SEO Premium plugin v27.5 (Yoast SEO v27.5) - https:\/\/yoast.com\/product\/yoast-seo-premium-wordpress\/ -->\n<title>La Pimenterie x Gurky Kumquat Crush Hot Sauce - Heatsupply<\/title>\n<meta name=\"description\" content=\"Diese Gurky Hot Sauce ist eine Zusammenarbeit zwischen La Pimenterie und YouTuber Gurky. Diese Sauce wird mit Kumquats, Vanille und mehr hergestellt!\" \/>\n<meta name=\"robots\" content=\"index, follow, max-snippet:-1, max-image-preview:large, max-video-preview:-1\" \/>\n<link rel=\"canonical\" href=\"https:\/\/www.heatsupply.nl\/de\/produkt\/la-pimenterie-x-gurky-kumquat-crush-hot-sauce\/\" \/>\n<meta property=\"og:locale\" content=\"de_DE\" \/>\n<meta property=\"og:type\" content=\"article\" \/>\n<meta property=\"og:title\" content=\"La Pimenterie x Gurky Kumquat Crush Hot Sauce\" \/>\n<meta property=\"og:description\" content=\"Diese Gurky Hot Sauce ist eine Zusammenarbeit zwischen La Pimenterie und YouTuber Gurky. Diese Sauce wird mit Kumquats, Vanille und mehr hergestellt!\" \/>\n<meta property=\"og:url\" content=\"https:\/\/www.heatsupply.nl\/de\/produkt\/la-pimenterie-x-gurky-kumquat-crush-hot-sauce\/\" \/>\n<meta property=\"og:site_name\" content=\"Heatsupply\" \/>\n<meta property=\"article:publisher\" content=\"https:\/\/www.facebook.com\/heatsupplyNL\" \/>\n<meta property=\"article:modified_time\" content=\"2026-05-07T01:44:46+00:00\" \/>\n<meta property=\"og:image\" content=\"https:\/\/www.heatsupply.nl\/wp-content\/uploads\/2024\/03\/gurky-hot-sauce-la-pimenterie.jpg\" \/>\n\t<meta property=\"og:image:width\" content=\"1400\" \/>\n\t<meta property=\"og:image:height\" content=\"1400\" \/>\n\t<meta property=\"og:image:type\" content=\"image\/jpeg\" \/>\n<meta name=\"twitter:card\" content=\"summary_large_image\" \/>\n<meta name=\"twitter:label1\" content=\"Preis\" \/>\n\t<meta name=\"twitter:data1\" content=\"&euro;8,95\" \/>\n\t<meta name=\"twitter:label2\" content=\"Verf\u00fcgbarkeit\" \/>\n\t<meta name=\"twitter:data2\" content=\"Auf Lager\" \/>\n<script type=\"application\/ld+json\" class=\"yoast-schema-graph\">{\"@context\":\"https:\\\/\\\/schema.org\",\"@graph\":[{\"@type\":\"WebPage\",\"@id\":\"https:\\\/\\\/www.heatsupply.nl\\\/de\\\/produkt\\\/la-pimenterie-x-gurky-kumquat-crush-hot-sauce\\\/\",\"url\":\"https:\\\/\\\/www.heatsupply.nl\\\/de\\\/produkt\\\/la-pimenterie-x-gurky-kumquat-crush-hot-sauce\\\/\",\"name\":\"La Pimenterie x Gurky Kumquat Crush Hot Sauce - Heatsupply\",\"isPartOf\":{\"@id\":\"https:\\\/\\\/www.heatsupply.nl\\\/de\\\/#website\"},\"primaryImageOfPage\":{\"@id\":\"https:\\\/\\\/www.heatsupply.nl\\\/de\\\/produkt\\\/la-pimenterie-x-gurky-kumquat-crush-hot-sauce\\\/#primaryimage\"},\"image\":{\"@id\":\"https:\\\/\\\/www.heatsupply.nl\\\/de\\\/produkt\\\/la-pimenterie-x-gurky-kumquat-crush-hot-sauce\\\/#primaryimage\"},\"thumbnailUrl\":\"https:\\\/\\\/www.heatsupply.nl\\\/wp-content\\\/uploads\\\/2024\\\/03\\\/gurky-hot-sauce-la-pimenterie.jpg\",\"datePublished\":\"2024-03-12T12:39:23+00:00\",\"dateModified\":\"2026-05-07T01:44:46+00:00\",\"description\":\"Diese Gurky Hot Sauce ist eine Zusammenarbeit zwischen La Pimenterie und YouTuber Gurky. Diese Sauce wird mit Kumquats, Vanille und mehr hergestellt!\",\"breadcrumb\":{\"@id\":\"https:\\\/\\\/www.heatsupply.nl\\\/de\\\/produkt\\\/la-pimenterie-x-gurky-kumquat-crush-hot-sauce\\\/#breadcrumb\"},\"inLanguage\":\"de\",\"potentialAction\":[{\"@type\":\"ReadAction\",\"target\":[\"https:\\\/\\\/www.heatsupply.nl\\\/de\\\/produkt\\\/la-pimenterie-x-gurky-kumquat-crush-hot-sauce\\\/\"]}]},{\"@type\":\"ImageObject\",\"inLanguage\":\"de\",\"@id\":\"https:\\\/\\\/www.heatsupply.nl\\\/de\\\/produkt\\\/la-pimenterie-x-gurky-kumquat-crush-hot-sauce\\\/#primaryimage\",\"url\":\"https:\\\/\\\/www.heatsupply.nl\\\/wp-content\\\/uploads\\\/2024\\\/03\\\/gurky-hot-sauce-la-pimenterie.jpg\",\"contentUrl\":\"https:\\\/\\\/www.heatsupply.nl\\\/wp-content\\\/uploads\\\/2024\\\/03\\\/gurky-hot-sauce-la-pimenterie.jpg\",\"width\":1400,\"height\":1400,\"caption\":\"la pienterie x gurky hot sauce kumquat crush\"},{\"@type\":\"BreadcrumbList\",\"@id\":\"https:\\\/\\\/www.heatsupply.nl\\\/de\\\/produkt\\\/la-pimenterie-x-gurky-kumquat-crush-hot-sauce\\\/#breadcrumb\",\"itemListElement\":[{\"@type\":\"ListItem\",\"position\":1,\"name\":\"Home\",\"item\":\"https:\\\/\\\/www.heatsupply.nl\\\/de\\\/\"},{\"@type\":\"ListItem\",\"position\":2,\"name\":\"Alle produkten\",\"item\":\"https:\\\/\\\/www.heatsupply.nl\\\/de\\\/alle-produkten\\\/\"},{\"@type\":\"ListItem\",\"position\":3,\"name\":\"Scharfe So\u00dfen\",\"item\":\"https:\\\/\\\/www.heatsupply.nl\\\/de\\\/scharfe-sossen\\\/\"},{\"@type\":\"ListItem\",\"position\":4,\"name\":\"La Pimenterie x Gurky Kumquat Crush Hot Sauce\"}]},{\"@type\":\"WebSite\",\"@id\":\"https:\\\/\\\/www.heatsupply.nl\\\/de\\\/#website\",\"url\":\"https:\\\/\\\/www.heatsupply.nl\\\/de\\\/\",\"name\":\"Heatsupply\",\"description\":\"Hot sauce webstore #1 in Europe\",\"publisher\":{\"@id\":\"https:\\\/\\\/www.heatsupply.nl\\\/de\\\/#organization\"},\"potentialAction\":[{\"@type\":\"SearchAction\",\"target\":{\"@type\":\"EntryPoint\",\"urlTemplate\":\"https:\\\/\\\/www.heatsupply.nl\\\/de\\\/?s={search_term_string}\"},\"query-input\":{\"@type\":\"PropertyValueSpecification\",\"valueRequired\":true,\"valueName\":\"search_term_string\"}}],\"inLanguage\":\"de\"},{\"@type\":\"Organization\",\"@id\":\"https:\\\/\\\/www.heatsupply.nl\\\/de\\\/#organization\",\"name\":\"Heatsupply\",\"url\":\"https:\\\/\\\/www.heatsupply.nl\\\/de\\\/\",\"logo\":{\"@type\":\"ImageObject\",\"inLanguage\":\"de\",\"@id\":\"https:\\\/\\\/www.heatsupply.nl\\\/de\\\/#\\\/schema\\\/logo\\\/image\\\/\",\"url\":\"https:\\\/\\\/www.heatsupply.nl\\\/wp-content\\\/uploads\\\/2022\\\/10\\\/heatsupply-logo-rood.jpg\",\"contentUrl\":\"https:\\\/\\\/www.heatsupply.nl\\\/wp-content\\\/uploads\\\/2022\\\/10\\\/heatsupply-logo-rood.jpg\",\"width\":1000,\"height\":335,\"caption\":\"Heatsupply\"},\"image\":{\"@id\":\"https:\\\/\\\/www.heatsupply.nl\\\/de\\\/#\\\/schema\\\/logo\\\/image\\\/\"},\"sameAs\":[\"https:\\\/\\\/www.facebook.com\\\/heatsupplyNL\",\"https:\\\/\\\/www.instagram.com\\\/heatsuppy.nl\",\"https:\\\/\\\/www.youtube.com\\\/channel\\\/UC5pOWqQtljvxTz2SMWGWCsw\"]}]}<\/script>\n<meta property=\"product:brand\" content=\"La Pimenterie\" \/>\n<meta property=\"product:price:amount\" content=\"8.95\" \/>\n<meta property=\"product:price:currency\" content=\"EUR\" \/>\n<meta property=\"og:availability\" content=\"instock\" \/>\n<meta property=\"product:availability\" content=\"instock\" \/>\n<meta property=\"product:retailer_item_id\" content=\"LPGKCHS002\" \/>\n<meta property=\"product:condition\" content=\"new\" \/>\n<!-- \/ Yoast SEO Premium plugin. -->","yoast_head_json":{"title":"La Pimenterie x Gurky Kumquat Crush Hot Sauce - Heatsupply","description":"Diese Gurky Hot Sauce ist eine Zusammenarbeit zwischen La Pimenterie und YouTuber Gurky. Diese Sauce wird mit Kumquats, Vanille und mehr hergestellt!","robots":{"index":"index","follow":"follow","max-snippet":"max-snippet:-1","max-image-preview":"max-image-preview:large","max-video-preview":"max-video-preview:-1"},"canonical":"https:\/\/www.heatsupply.nl\/de\/produkt\/la-pimenterie-x-gurky-kumquat-crush-hot-sauce\/","og_locale":"de_DE","og_type":"article","og_title":"La Pimenterie x Gurky Kumquat Crush Hot Sauce","og_description":"Diese Gurky Hot Sauce ist eine Zusammenarbeit zwischen La Pimenterie und YouTuber Gurky. Diese Sauce wird mit Kumquats, Vanille und mehr hergestellt!","og_url":"https:\/\/www.heatsupply.nl\/de\/produkt\/la-pimenterie-x-gurky-kumquat-crush-hot-sauce\/","og_site_name":"Heatsupply","article_publisher":"https:\/\/www.facebook.com\/heatsupplyNL","article_modified_time":"2026-05-07T01:44:46+00:00","og_image":[{"width":1400,"height":1400,"url":"https:\/\/www.heatsupply.nl\/wp-content\/uploads\/2024\/03\/gurky-hot-sauce-la-pimenterie.jpg","type":"image\/jpeg"}],"twitter_card":"summary_large_image","twitter_misc":{"Preis":"&euro;8,95","Verf\u00fcgbarkeit":"Auf Lager"},"schema":{"@context":"https:\/\/schema.org","@graph":[{"@type":"WebPage","@id":"https:\/\/www.heatsupply.nl\/de\/produkt\/la-pimenterie-x-gurky-kumquat-crush-hot-sauce\/","url":"https:\/\/www.heatsupply.nl\/de\/produkt\/la-pimenterie-x-gurky-kumquat-crush-hot-sauce\/","name":"La Pimenterie x Gurky Kumquat Crush Hot Sauce - Heatsupply","isPartOf":{"@id":"https:\/\/www.heatsupply.nl\/de\/#website"},"primaryImageOfPage":{"@id":"https:\/\/www.heatsupply.nl\/de\/produkt\/la-pimenterie-x-gurky-kumquat-crush-hot-sauce\/#primaryimage"},"image":{"@id":"https:\/\/www.heatsupply.nl\/de\/produkt\/la-pimenterie-x-gurky-kumquat-crush-hot-sauce\/#primaryimage"},"thumbnailUrl":"https:\/\/www.heatsupply.nl\/wp-content\/uploads\/2024\/03\/gurky-hot-sauce-la-pimenterie.jpg","datePublished":"2024-03-12T12:39:23+00:00","dateModified":"2026-05-07T01:44:46+00:00","description":"Diese Gurky Hot Sauce ist eine Zusammenarbeit zwischen La Pimenterie und YouTuber Gurky. Diese Sauce wird mit Kumquats, Vanille und mehr hergestellt!","breadcrumb":{"@id":"https:\/\/www.heatsupply.nl\/de\/produkt\/la-pimenterie-x-gurky-kumquat-crush-hot-sauce\/#breadcrumb"},"inLanguage":"de","potentialAction":[{"@type":"ReadAction","target":["https:\/\/www.heatsupply.nl\/de\/produkt\/la-pimenterie-x-gurky-kumquat-crush-hot-sauce\/"]}]},{"@type":"ImageObject","inLanguage":"de","@id":"https:\/\/www.heatsupply.nl\/de\/produkt\/la-pimenterie-x-gurky-kumquat-crush-hot-sauce\/#primaryimage","url":"https:\/\/www.heatsupply.nl\/wp-content\/uploads\/2024\/03\/gurky-hot-sauce-la-pimenterie.jpg","contentUrl":"https:\/\/www.heatsupply.nl\/wp-content\/uploads\/2024\/03\/gurky-hot-sauce-la-pimenterie.jpg","width":1400,"height":1400,"caption":"la pienterie x gurky hot sauce kumquat crush"},{"@type":"BreadcrumbList","@id":"https:\/\/www.heatsupply.nl\/de\/produkt\/la-pimenterie-x-gurky-kumquat-crush-hot-sauce\/#breadcrumb","itemListElement":[{"@type":"ListItem","position":1,"name":"Home","item":"https:\/\/www.heatsupply.nl\/de\/"},{"@type":"ListItem","position":2,"name":"Alle produkten","item":"https:\/\/www.heatsupply.nl\/de\/alle-produkten\/"},{"@type":"ListItem","position":3,"name":"Scharfe So\u00dfen","item":"https:\/\/www.heatsupply.nl\/de\/scharfe-sossen\/"},{"@type":"ListItem","position":4,"name":"La Pimenterie x Gurky Kumquat Crush Hot Sauce"}]},{"@type":"WebSite","@id":"https:\/\/www.heatsupply.nl\/de\/#website","url":"https:\/\/www.heatsupply.nl\/de\/","name":"Heatsupply","description":"Hot sauce webstore #1 in Europe","publisher":{"@id":"https:\/\/www.heatsupply.nl\/de\/#organization"},"potentialAction":[{"@type":"SearchAction","target":{"@type":"EntryPoint","urlTemplate":"https:\/\/www.heatsupply.nl\/de\/?s={search_term_string}"},"query-input":{"@type":"PropertyValueSpecification","valueRequired":true,"valueName":"search_term_string"}}],"inLanguage":"de"},{"@type":"Organization","@id":"https:\/\/www.heatsupply.nl\/de\/#organization","name":"Heatsupply","url":"https:\/\/www.heatsupply.nl\/de\/","logo":{"@type":"ImageObject","inLanguage":"de","@id":"https:\/\/www.heatsupply.nl\/de\/#\/schema\/logo\/image\/","url":"https:\/\/www.heatsupply.nl\/wp-content\/uploads\/2022\/10\/heatsupply-logo-rood.jpg","contentUrl":"https:\/\/www.heatsupply.nl\/wp-content\/uploads\/2022\/10\/heatsupply-logo-rood.jpg","width":1000,"height":335,"caption":"Heatsupply"},"image":{"@id":"https:\/\/www.heatsupply.nl\/de\/#\/schema\/logo\/image\/"},"sameAs":["https:\/\/www.facebook.com\/heatsupplyNL","https:\/\/www.instagram.com\/heatsuppy.nl","https:\/\/www.youtube.com\/channel\/UC5pOWqQtljvxTz2SMWGWCsw"]}]},"product_brand":"La Pimenterie","product_price_amount":"8.95","product_price_currency":"EUR","og_availability":"instock","product_availability":"instock","product_retailer_item_id":"LPGKCHS002","product_condition":"new"},"_links":{"self":[{"href":"https:\/\/www.heatsupply.nl\/de\/wp-json\/wp\/v2\/product\/147029","targetHints":{"allow":["GET"]}}],"collection":[{"href":"https:\/\/www.heatsupply.nl\/de\/wp-json\/wp\/v2\/product"}],"about":[{"href":"https:\/\/www.heatsupply.nl\/de\/wp-json\/wp\/v2\/types\/product"}],"replies":[{"embeddable":true,"href":"https:\/\/www.heatsupply.nl\/de\/wp-json\/wp\/v2\/comments?post=147029"}],"wp:featuredmedia":[{"embeddable":true,"href":"https:\/\/www.heatsupply.nl\/de\/wp-json\/wp\/v2\/media\/144652"}],"wp:attachment":[{"href":"https:\/\/www.heatsupply.nl\/de\/wp-json\/wp\/v2\/media?parent=147029"}],"wp:term":[{"taxonomy":"product_brand","embeddable":true,"href":"https:\/\/www.heatsupply.nl\/de\/wp-json\/wp\/v2\/product_brand?post=147029"},{"taxonomy":"product_cat","embeddable":true,"href":"https:\/\/www.heatsupply.nl\/de\/wp-json\/wp\/v2\/product_cat?post=147029"},{"taxonomy":"product_tag","embeddable":true,"href":"https:\/\/www.heatsupply.nl\/de\/wp-json\/wp\/v2\/product_tag?post=147029"}],"curies":[{"name":"wp","href":"https:\/\/api.w.org\/{rel}","templated":true}]}}