{"id":147017,"date":"2024-03-05T15:11:52","date_gmt":"2024-03-05T14:11:52","guid":{"rendered":"https:\/\/www.heatsupply.nl\/product\/fjak-thai-chilli-chocolade-2\/"},"modified":"2025-10-28T16:56:41","modified_gmt":"2025-10-28T15:56:41","slug":"fjak-thai-chilli-chocolade","status":"publish","type":"product","link":"https:\/\/www.heatsupply.nl\/de\/produkt\/fjak-thai-chilli-chocolade\/","title":{"rendered":"Fjak Thai Chilli Chocolade"},"content":{"rendered":"<p><strong>Zutaten Fjak Thai Chili Chocolate:<\/strong> Kakaobohnen*, unraffinierter Rohrzucker*, Kakaobutter* &amp; Bird Eye Chili*<br \/>\n(*BIOLOGISCH)<\/p>\n<p>Vegan, milchfrei und glutenfrei. Kann Spuren von N\u00fcssen, Gluten und Milchprodukten enthalten.<\/p>\n<p><span style=\"text-decoration: underline\">N\u00e4hrwertangaben pro 100gr:<\/span><br \/>\nEnergie: 584 kcal<br \/>\nFett: 47 g<br \/>\ndavon ges\u00e4ttigte Fette: 29 g<br \/>\nKohlenhydrate: 32 g<br \/>\ndavon Zucker: 28 g<br \/>\nEiwei\u00df: 7,1 g<br \/>\nSalz: 0 g<\/p>\n","protected":false},"excerpt":{"rendered":"<p><span style=\"font-weight: 500\">Fj\u00e5k Thai Chilli Chocolate ist Teil der Schokoladenserie &#8222;World Flavours&#8220;. Durch die Kombination der sch\u00f6nen thail\u00e4ndischen Kakaobohnen aus Chanthaburi mit der aromatischen Sch\u00e4rfe der kultigen thail\u00e4ndischen Bird Eye Chili (auch Thai Chili genannt) befinden wir uns irgendwo zwischen den bunten Stra\u00dfenm\u00e4rkten Bangkoks und den \u00fcppig gr\u00fcnen Kakaoplantagen im S\u00fcdosten Thailands. Eine gro\u00dfartige Mischung aus 70%iger Zartbitterschokolade und Chilis. Hochwertige norwegische Schokolade mit einer scharfen Kante, die zudem vegan und glutenfrei ist. Perfekt!<\/span><\/p>\n<p style=\"text-align: justify\">\n<p><span style=\"font-weight: 500\">Herkunft: Norwegen<\/span><\/p>\n<p style=\"text-align: justify\">\n<p><span style=\"font-weight: 500\">Inhalt: \u00b160g<\/span><\/p>\n","protected":false},"featured_media":143879,"comment_status":"open","ping_status":"closed","template":"","meta":{"_acf_changed":false},"product_brand":[],"product_cat":[3794],"product_tag":[],"class_list":{"0":"post-147017","1":"product","2":"type-product","3":"status-publish","4":"has-post-thumbnail","6":"product_cat-essen","8":"first","9":"outofstock","10":"taxable","11":"shipping-taxable","12":"purchasable","13":"product-type-simple"},"bundled_by":[],"bundle_stock_status":"outofstock","bundle_stock_quantity":0,"bundle_virtual":false,"bundle_layout":"","bundle_add_to_cart_form_location":"","bundle_editable_in_cart":false,"bundle_sold_individually_context":"","bundle_item_grouping":"","bundle_min_size":"","bundle_max_size":"","bundle_price":[],"bundled_items":[],"bundle_sell_ids":[],"acf":[],"yoast_head":"<!-- This site is optimized with the Yoast SEO Premium plugin v27.5 (Yoast SEO v27.5) - https:\/\/yoast.com\/product\/yoast-seo-premium-wordpress\/ -->\n<title>Fjak Thai Chilli Chocolade - Heatsupply<\/title>\n<meta name=\"description\" content=\"Diese Fjak Thai Chili Schokolade ist eine gro\u00dfartige Mischung aus 70%iger dunkler Schokolade und Thai Chili. Hochwertige norwegische Schokolade mit einer scharfen Kante. S\u00fcchtig machend!\" \/>\n<meta name=\"robots\" content=\"index, follow, max-snippet:-1, max-image-preview:large, max-video-preview:-1\" \/>\n<link rel=\"canonical\" href=\"https:\/\/www.heatsupply.nl\/de\/produkt\/fjak-thai-chilli-chocolade\/\" \/>\n<meta property=\"og:locale\" content=\"de_DE\" \/>\n<meta property=\"og:type\" content=\"article\" \/>\n<meta property=\"og:title\" content=\"Fjak Thai Chilli Chocolade\" \/>\n<meta property=\"og:description\" content=\"Diese Fjak Thai Chili Schokolade ist eine gro\u00dfartige Mischung aus 70%iger dunkler Schokolade und Thai Chili. Hochwertige norwegische Schokolade mit einer scharfen Kante. S\u00fcchtig machend!\" \/>\n<meta property=\"og:url\" content=\"https:\/\/www.heatsupply.nl\/de\/produkt\/fjak-thai-chilli-chocolade\/\" \/>\n<meta property=\"og:site_name\" content=\"Heatsupply\" \/>\n<meta property=\"article:publisher\" content=\"https:\/\/www.facebook.com\/heatsupplyNL\" \/>\n<meta property=\"article:modified_time\" content=\"2025-10-28T15:56:41+00:00\" \/>\n<meta property=\"og:image\" content=\"https:\/\/www.heatsupply.nl\/wp-content\/uploads\/2024\/03\/fjak-thai-chili-chocolade-pittig.jpg\" \/>\n\t<meta property=\"og:image:width\" content=\"1400\" \/>\n\t<meta property=\"og:image:height\" content=\"1400\" \/>\n\t<meta property=\"og:image:type\" content=\"image\/jpeg\" \/>\n<meta name=\"twitter:card\" content=\"summary_large_image\" \/>\n<meta name=\"twitter:label1\" content=\"Preis\" \/>\n\t<meta name=\"twitter:data1\" content=\"&euro;7,95\" \/>\n\t<meta name=\"twitter:label2\" content=\"Verf\u00fcgbarkeit\" \/>\n\t<meta name=\"twitter:data2\" content=\"ausverkauft\" \/>\n<script type=\"application\/ld+json\" class=\"yoast-schema-graph\">{\"@context\":\"https:\\\/\\\/schema.org\",\"@graph\":[{\"@type\":\"WebPage\",\"@id\":\"https:\\\/\\\/www.heatsupply.nl\\\/de\\\/produkt\\\/fjak-thai-chilli-chocolade\\\/\",\"url\":\"https:\\\/\\\/www.heatsupply.nl\\\/de\\\/produkt\\\/fjak-thai-chilli-chocolade\\\/\",\"name\":\"Fjak Thai Chilli Chocolade - Heatsupply\",\"isPartOf\":{\"@id\":\"https:\\\/\\\/www.heatsupply.nl\\\/de\\\/#website\"},\"primaryImageOfPage\":{\"@id\":\"https:\\\/\\\/www.heatsupply.nl\\\/de\\\/produkt\\\/fjak-thai-chilli-chocolade\\\/#primaryimage\"},\"image\":{\"@id\":\"https:\\\/\\\/www.heatsupply.nl\\\/de\\\/produkt\\\/fjak-thai-chilli-chocolade\\\/#primaryimage\"},\"thumbnailUrl\":\"https:\\\/\\\/www.heatsupply.nl\\\/wp-content\\\/uploads\\\/2024\\\/03\\\/fjak-thai-chili-chocolade-pittig.jpg\",\"datePublished\":\"2024-03-05T14:11:52+00:00\",\"dateModified\":\"2025-10-28T15:56:41+00:00\",\"description\":\"Diese Fjak Thai Chili Schokolade ist eine gro\u00dfartige Mischung aus 70%iger dunkler Schokolade und Thai Chili. Hochwertige norwegische Schokolade mit einer scharfen Kante. S\u00fcchtig machend!\",\"breadcrumb\":{\"@id\":\"https:\\\/\\\/www.heatsupply.nl\\\/de\\\/produkt\\\/fjak-thai-chilli-chocolade\\\/#breadcrumb\"},\"inLanguage\":\"de\",\"potentialAction\":[{\"@type\":\"ReadAction\",\"target\":[\"https:\\\/\\\/www.heatsupply.nl\\\/de\\\/produkt\\\/fjak-thai-chilli-chocolade\\\/\"]}]},{\"@type\":\"ImageObject\",\"inLanguage\":\"de\",\"@id\":\"https:\\\/\\\/www.heatsupply.nl\\\/de\\\/produkt\\\/fjak-thai-chilli-chocolade\\\/#primaryimage\",\"url\":\"https:\\\/\\\/www.heatsupply.nl\\\/wp-content\\\/uploads\\\/2024\\\/03\\\/fjak-thai-chili-chocolade-pittig.jpg\",\"contentUrl\":\"https:\\\/\\\/www.heatsupply.nl\\\/wp-content\\\/uploads\\\/2024\\\/03\\\/fjak-thai-chili-chocolade-pittig.jpg\",\"width\":1400,\"height\":1400,\"caption\":\"Fjak Thai Chilli Chocolate\"},{\"@type\":\"BreadcrumbList\",\"@id\":\"https:\\\/\\\/www.heatsupply.nl\\\/de\\\/produkt\\\/fjak-thai-chilli-chocolade\\\/#breadcrumb\",\"itemListElement\":[{\"@type\":\"ListItem\",\"position\":1,\"name\":\"Home\",\"item\":\"https:\\\/\\\/www.heatsupply.nl\\\/de\\\/\"},{\"@type\":\"ListItem\",\"position\":2,\"name\":\"Alle produkten\",\"item\":\"https:\\\/\\\/www.heatsupply.nl\\\/de\\\/alle-produkten\\\/\"},{\"@type\":\"ListItem\",\"position\":3,\"name\":\"Spicy\",\"item\":\"https:\\\/\\\/www.heatsupply.nl\\\/de\\\/spicy\\\/\"},{\"@type\":\"ListItem\",\"position\":4,\"name\":\"Snacks\",\"item\":\"https:\\\/\\\/www.heatsupply.nl\\\/de\\\/spicy\\\/snacks\\\/\"},{\"@type\":\"ListItem\",\"position\":5,\"name\":\"Fjak Thai Chilli Chocolade\"}]},{\"@type\":\"WebSite\",\"@id\":\"https:\\\/\\\/www.heatsupply.nl\\\/de\\\/#website\",\"url\":\"https:\\\/\\\/www.heatsupply.nl\\\/de\\\/\",\"name\":\"Heatsupply\",\"description\":\"Hot sauce webstore #1 in Europe\",\"publisher\":{\"@id\":\"https:\\\/\\\/www.heatsupply.nl\\\/de\\\/#organization\"},\"potentialAction\":[{\"@type\":\"SearchAction\",\"target\":{\"@type\":\"EntryPoint\",\"urlTemplate\":\"https:\\\/\\\/www.heatsupply.nl\\\/de\\\/?s={search_term_string}\"},\"query-input\":{\"@type\":\"PropertyValueSpecification\",\"valueRequired\":true,\"valueName\":\"search_term_string\"}}],\"inLanguage\":\"de\"},{\"@type\":\"Organization\",\"@id\":\"https:\\\/\\\/www.heatsupply.nl\\\/de\\\/#organization\",\"name\":\"Heatsupply\",\"url\":\"https:\\\/\\\/www.heatsupply.nl\\\/de\\\/\",\"logo\":{\"@type\":\"ImageObject\",\"inLanguage\":\"de\",\"@id\":\"https:\\\/\\\/www.heatsupply.nl\\\/de\\\/#\\\/schema\\\/logo\\\/image\\\/\",\"url\":\"https:\\\/\\\/www.heatsupply.nl\\\/wp-content\\\/uploads\\\/2022\\\/10\\\/heatsupply-logo-rood.jpg\",\"contentUrl\":\"https:\\\/\\\/www.heatsupply.nl\\\/wp-content\\\/uploads\\\/2022\\\/10\\\/heatsupply-logo-rood.jpg\",\"width\":1000,\"height\":335,\"caption\":\"Heatsupply\"},\"image\":{\"@id\":\"https:\\\/\\\/www.heatsupply.nl\\\/de\\\/#\\\/schema\\\/logo\\\/image\\\/\"},\"sameAs\":[\"https:\\\/\\\/www.facebook.com\\\/heatsupplyNL\",\"https:\\\/\\\/www.instagram.com\\\/heatsuppy.nl\",\"https:\\\/\\\/www.youtube.com\\\/channel\\\/UC5pOWqQtljvxTz2SMWGWCsw\"]}]}<\/script>\n<meta property=\"product:price:amount\" content=\"7.95\" \/>\n<meta property=\"product:price:currency\" content=\"EUR\" \/>\n<meta property=\"og:availability\" content=\"out of stock\" \/>\n<meta property=\"product:availability\" content=\"out of stock\" \/>\n<meta property=\"product:retailer_item_id\" content=\"FTCC001\" \/>\n<meta property=\"product:condition\" content=\"new\" \/>\n<!-- \/ Yoast SEO Premium plugin. -->","yoast_head_json":{"title":"Fjak Thai Chilli Chocolade - Heatsupply","description":"Diese Fjak Thai Chili Schokolade ist eine gro\u00dfartige Mischung aus 70%iger dunkler Schokolade und Thai Chili. Hochwertige norwegische Schokolade mit einer scharfen Kante. S\u00fcchtig machend!","robots":{"index":"index","follow":"follow","max-snippet":"max-snippet:-1","max-image-preview":"max-image-preview:large","max-video-preview":"max-video-preview:-1"},"canonical":"https:\/\/www.heatsupply.nl\/de\/produkt\/fjak-thai-chilli-chocolade\/","og_locale":"de_DE","og_type":"article","og_title":"Fjak Thai Chilli Chocolade","og_description":"Diese Fjak Thai Chili Schokolade ist eine gro\u00dfartige Mischung aus 70%iger dunkler Schokolade und Thai Chili. Hochwertige norwegische Schokolade mit einer scharfen Kante. S\u00fcchtig machend!","og_url":"https:\/\/www.heatsupply.nl\/de\/produkt\/fjak-thai-chilli-chocolade\/","og_site_name":"Heatsupply","article_publisher":"https:\/\/www.facebook.com\/heatsupplyNL","article_modified_time":"2025-10-28T15:56:41+00:00","og_image":[{"width":1400,"height":1400,"url":"https:\/\/www.heatsupply.nl\/wp-content\/uploads\/2024\/03\/fjak-thai-chili-chocolade-pittig.jpg","type":"image\/jpeg"}],"twitter_card":"summary_large_image","twitter_misc":{"Preis":"&euro;7,95","Verf\u00fcgbarkeit":"ausverkauft"},"schema":{"@context":"https:\/\/schema.org","@graph":[{"@type":"WebPage","@id":"https:\/\/www.heatsupply.nl\/de\/produkt\/fjak-thai-chilli-chocolade\/","url":"https:\/\/www.heatsupply.nl\/de\/produkt\/fjak-thai-chilli-chocolade\/","name":"Fjak Thai Chilli Chocolade - Heatsupply","isPartOf":{"@id":"https:\/\/www.heatsupply.nl\/de\/#website"},"primaryImageOfPage":{"@id":"https:\/\/www.heatsupply.nl\/de\/produkt\/fjak-thai-chilli-chocolade\/#primaryimage"},"image":{"@id":"https:\/\/www.heatsupply.nl\/de\/produkt\/fjak-thai-chilli-chocolade\/#primaryimage"},"thumbnailUrl":"https:\/\/www.heatsupply.nl\/wp-content\/uploads\/2024\/03\/fjak-thai-chili-chocolade-pittig.jpg","datePublished":"2024-03-05T14:11:52+00:00","dateModified":"2025-10-28T15:56:41+00:00","description":"Diese Fjak Thai Chili Schokolade ist eine gro\u00dfartige Mischung aus 70%iger dunkler Schokolade und Thai Chili. Hochwertige norwegische Schokolade mit einer scharfen Kante. S\u00fcchtig machend!","breadcrumb":{"@id":"https:\/\/www.heatsupply.nl\/de\/produkt\/fjak-thai-chilli-chocolade\/#breadcrumb"},"inLanguage":"de","potentialAction":[{"@type":"ReadAction","target":["https:\/\/www.heatsupply.nl\/de\/produkt\/fjak-thai-chilli-chocolade\/"]}]},{"@type":"ImageObject","inLanguage":"de","@id":"https:\/\/www.heatsupply.nl\/de\/produkt\/fjak-thai-chilli-chocolade\/#primaryimage","url":"https:\/\/www.heatsupply.nl\/wp-content\/uploads\/2024\/03\/fjak-thai-chili-chocolade-pittig.jpg","contentUrl":"https:\/\/www.heatsupply.nl\/wp-content\/uploads\/2024\/03\/fjak-thai-chili-chocolade-pittig.jpg","width":1400,"height":1400,"caption":"Fjak Thai Chilli Chocolate"},{"@type":"BreadcrumbList","@id":"https:\/\/www.heatsupply.nl\/de\/produkt\/fjak-thai-chilli-chocolade\/#breadcrumb","itemListElement":[{"@type":"ListItem","position":1,"name":"Home","item":"https:\/\/www.heatsupply.nl\/de\/"},{"@type":"ListItem","position":2,"name":"Alle produkten","item":"https:\/\/www.heatsupply.nl\/de\/alle-produkten\/"},{"@type":"ListItem","position":3,"name":"Spicy","item":"https:\/\/www.heatsupply.nl\/de\/spicy\/"},{"@type":"ListItem","position":4,"name":"Snacks","item":"https:\/\/www.heatsupply.nl\/de\/spicy\/snacks\/"},{"@type":"ListItem","position":5,"name":"Fjak Thai Chilli Chocolade"}]},{"@type":"WebSite","@id":"https:\/\/www.heatsupply.nl\/de\/#website","url":"https:\/\/www.heatsupply.nl\/de\/","name":"Heatsupply","description":"Hot sauce webstore #1 in Europe","publisher":{"@id":"https:\/\/www.heatsupply.nl\/de\/#organization"},"potentialAction":[{"@type":"SearchAction","target":{"@type":"EntryPoint","urlTemplate":"https:\/\/www.heatsupply.nl\/de\/?s={search_term_string}"},"query-input":{"@type":"PropertyValueSpecification","valueRequired":true,"valueName":"search_term_string"}}],"inLanguage":"de"},{"@type":"Organization","@id":"https:\/\/www.heatsupply.nl\/de\/#organization","name":"Heatsupply","url":"https:\/\/www.heatsupply.nl\/de\/","logo":{"@type":"ImageObject","inLanguage":"de","@id":"https:\/\/www.heatsupply.nl\/de\/#\/schema\/logo\/image\/","url":"https:\/\/www.heatsupply.nl\/wp-content\/uploads\/2022\/10\/heatsupply-logo-rood.jpg","contentUrl":"https:\/\/www.heatsupply.nl\/wp-content\/uploads\/2022\/10\/heatsupply-logo-rood.jpg","width":1000,"height":335,"caption":"Heatsupply"},"image":{"@id":"https:\/\/www.heatsupply.nl\/de\/#\/schema\/logo\/image\/"},"sameAs":["https:\/\/www.facebook.com\/heatsupplyNL","https:\/\/www.instagram.com\/heatsuppy.nl","https:\/\/www.youtube.com\/channel\/UC5pOWqQtljvxTz2SMWGWCsw"]}]},"product_price_amount":"7.95","product_price_currency":"EUR","og_availability":"out of stock","product_availability":"out of stock","product_retailer_item_id":"FTCC001","product_condition":"new"},"_links":{"self":[{"href":"https:\/\/www.heatsupply.nl\/de\/wp-json\/wp\/v2\/product\/147017","targetHints":{"allow":["GET"]}}],"collection":[{"href":"https:\/\/www.heatsupply.nl\/de\/wp-json\/wp\/v2\/product"}],"about":[{"href":"https:\/\/www.heatsupply.nl\/de\/wp-json\/wp\/v2\/types\/product"}],"replies":[{"embeddable":true,"href":"https:\/\/www.heatsupply.nl\/de\/wp-json\/wp\/v2\/comments?post=147017"}],"wp:featuredmedia":[{"embeddable":true,"href":"https:\/\/www.heatsupply.nl\/de\/wp-json\/wp\/v2\/media\/143879"}],"wp:attachment":[{"href":"https:\/\/www.heatsupply.nl\/de\/wp-json\/wp\/v2\/media?parent=147017"}],"wp:term":[{"taxonomy":"product_brand","embeddable":true,"href":"https:\/\/www.heatsupply.nl\/de\/wp-json\/wp\/v2\/product_brand?post=147017"},{"taxonomy":"product_cat","embeddable":true,"href":"https:\/\/www.heatsupply.nl\/de\/wp-json\/wp\/v2\/product_cat?post=147017"},{"taxonomy":"product_tag","embeddable":true,"href":"https:\/\/www.heatsupply.nl\/de\/wp-json\/wp\/v2\/product_tag?post=147017"}],"curies":[{"name":"wp","href":"https:\/\/api.w.org\/{rel}","templated":true}]}}