{"id":143638,"date":"2024-02-29T10:31:07","date_gmt":"2024-02-29T09:31:07","guid":{"rendered":"https:\/\/www.heatsupply.nl\/product\/hot-sauce-starter-pack-2\/"},"modified":"2026-03-13T15:48:01","modified_gmt":"2026-03-13T14:48:01","slug":"hot-sauce-starter-pack","status":"publish","type":"product","link":"https:\/\/www.heatsupply.nl\/de\/produkt\/hot-sauce-starter-pack\/","title":{"rendered":"Hot Sauce Starter Pack"},"content":{"rendered":"<p style=\"text-align: justify;\">In diesem Hot Sauce Starter Pack haben wir drei ideale scharfe Saucen f\u00fcr die Anf\u00e4nger unter uns ausgew\u00e4hlt, die in die wunderbare Welt der scharfen Saucen eingef\u00fchrt werden m\u00f6chten. Weitere Informationen zu den Saucen in diesem Paket finden Sie oben.<\/p>\n","protected":false},"excerpt":{"rendered":"<p style=\"text-align: justify;\"><span style=\"font-weight: 500;\">Du kennst dich noch nicht so gut mit scharfen Saucen aus, w\u00fcrdest aber gerne deine ersten Schritte in die wunderbare Welt der scharfen Saucen machen? Dann ist dieses Hot Sauce Starter Pack genau das Richtige f\u00fcr dich. Wir haben eine Auswahl von drei scharfen Saucen zusammengestellt, die mild bis mittelscharf sind und eine sch\u00f6ne Geschmacksvielfalt haben. Eine milde und frische Jalape\u00f1o-Hot-Sauce, eine sch\u00f6ne rauchige Chipotle-Hot-Sauce und eine etwas sch\u00e4rfere, aber vielseitige Hot-Sauce. Und das alles f\u00fcr nur 18,95 \u20ac! Nichts h\u00e4lt dich davon ab, dich auf dein neues kulinarisches Abenteuer einzulassen und diese w\u00fcrzigen Gew\u00fcrze kennenzulernen. Mehr Infos zu den drei So\u00dfen in diesem Paket findest du unten.<\/span><\/p>\n","protected":false},"featured_media":183658,"comment_status":"open","ping_status":"closed","template":"","meta":{"_acf_changed":false},"product_brand":[],"product_cat":[3965,4046],"product_tag":[],"class_list":{"0":"post-143638","1":"product","2":"type-product","3":"status-publish","4":"has-post-thumbnail","6":"product_cat-packs","7":"product_cat-spicy","9":"first","10":"instock","11":"sale","12":"virtual","13":"taxable","14":"purchasable","15":"product-type-bundle"},"bundled_by":[],"bundle_stock_status":"instock","bundle_stock_quantity":11,"bundle_virtual":false,"bundle_layout":"default","bundle_add_to_cart_form_location":"after_summary","bundle_editable_in_cart":false,"bundle_sold_individually_context":"product","bundle_item_grouping":"parent","bundle_min_size":"","bundle_max_size":"","bundle_price":{"price":{"min":{"incl_tax":"24.95","excl_tax":"22.889908"},"max":{"incl_tax":"24.95","excl_tax":"22.889908"}},"regular_price":{"min":{"incl_tax":"26.85","excl_tax":"24.633028"},"max":{"incl_tax":"26.85","excl_tax":"24.633028"}}},"bundled_items":[{"bundled_item_id":1183,"product_id":141915,"menu_order":1,"quantity_min":1,"quantity_max":1,"quantity_default":1,"priced_individually":false,"shipped_individually":false,"override_title":false,"title":"The O.G. Hot Sauce &#8211; Beste Hot Sauce der Niederlande 2023","override_description":false,"description":"The O.G. Hot Sauce &#8211; Beste Hot Sauce der Niederlande 2023","optional":false,"hide_thumbnail":false,"discount":"","override_variations":false,"allowed_variations":[""],"override_default_variation_attributes":false,"default_variation_attributes":[],"single_product_visibility":"visible","cart_visibility":"visible","order_visibility":"visible","single_product_price_visibility":"visible","cart_price_visibility":"visible","order_price_visibility":"visible","stock_status":"in_stock"},{"bundled_item_id":1506,"product_id":149750,"menu_order":2,"quantity_min":1,"quantity_max":1,"quantity_default":1,"priced_individually":false,"shipped_individually":false,"override_title":false,"title":"La Barbacoa Hot Sauce by Heatsupply","override_description":false,"description":"La Barbacoa Hot Sauce by Heatsupply","optional":false,"hide_thumbnail":false,"discount":"","override_variations":false,"allowed_variations":[""],"override_default_variation_attributes":false,"default_variation_attributes":[],"single_product_visibility":"visible","cart_visibility":"visible","order_visibility":"visible","single_product_price_visibility":"visible","cart_price_visibility":"visible","order_price_visibility":"visible","stock_status":"in_stock"},{"bundled_item_id":1684,"product_id":168164,"menu_order":2,"quantity_min":1,"quantity_max":1,"quantity_default":1,"priced_individually":false,"shipped_individually":false,"override_title":false,"title":"La Pimenterie Gochuracha","override_description":false,"description":"La Pimenterie Gochuracha","optional":false,"hide_thumbnail":false,"discount":"","override_variations":false,"allowed_variations":[""],"override_default_variation_attributes":false,"default_variation_attributes":[],"single_product_visibility":"visible","cart_visibility":"visible","order_visibility":"visible","single_product_price_visibility":"visible","cart_price_visibility":"visible","order_price_visibility":"visible","stock_status":"in_stock"}],"bundle_sell_ids":[],"acf":[],"yoast_head":"<!-- This site is optimized with the Yoast SEO Premium plugin v27.5 (Yoast SEO v27.5) - https:\/\/yoast.com\/product\/yoast-seo-premium-wordpress\/ -->\n<title>Hot Sauce Starter Pack - Heatsupply<\/title>\n<meta name=\"description\" content=\"Dieses Starterpaket mit scharfer Sauce ist der perfekte Einstieg in die wunderbare Welt der scharfen Sauce. Abwechslungsreich im Geschmack und nicht zu scharf, zu einem tollen Preis!\" \/>\n<meta name=\"robots\" content=\"index, follow, max-snippet:-1, max-image-preview:large, max-video-preview:-1\" \/>\n<link rel=\"canonical\" href=\"https:\/\/www.heatsupply.nl\/de\/produkt\/hot-sauce-starter-pack\/\" \/>\n<meta property=\"og:locale\" content=\"de_DE\" \/>\n<meta property=\"og:type\" content=\"article\" \/>\n<meta property=\"og:title\" content=\"Hot Sauce Starter Pack\" \/>\n<meta property=\"og:description\" content=\"Dieses Starterpaket mit scharfer Sauce ist der perfekte Einstieg in die wunderbare Welt der scharfen Sauce. Abwechslungsreich im Geschmack und nicht zu scharf, zu einem tollen Preis!\" \/>\n<meta property=\"og:url\" content=\"https:\/\/www.heatsupply.nl\/de\/produkt\/hot-sauce-starter-pack\/\" \/>\n<meta property=\"og:site_name\" content=\"Heatsupply\" \/>\n<meta property=\"article:publisher\" content=\"https:\/\/www.facebook.com\/heatsupplyNL\" \/>\n<meta property=\"article:modified_time\" content=\"2026-03-13T14:48:01+00:00\" \/>\n<meta property=\"og:image\" content=\"https:\/\/www.heatsupply.nl\/wp-content\/uploads\/2025\/08\/heatsupply-starter-pack.jpg\" \/>\n\t<meta property=\"og:image:width\" content=\"1400\" \/>\n\t<meta property=\"og:image:height\" content=\"1400\" \/>\n\t<meta property=\"og:image:type\" content=\"image\/jpeg\" \/>\n<meta name=\"twitter:card\" content=\"summary_large_image\" \/>\n<meta name=\"twitter:label1\" content=\"Preis\" \/>\n\t<meta name=\"twitter:data1\" content=\"&euro;24,95\" \/>\n\t<meta name=\"twitter:label2\" content=\"Verf\u00fcgbarkeit\" \/>\n\t<meta name=\"twitter:data2\" content=\"Auf Lager\" \/>\n<script type=\"application\/ld+json\" class=\"yoast-schema-graph\">{\"@context\":\"https:\\\/\\\/schema.org\",\"@graph\":[{\"@type\":\"WebPage\",\"@id\":\"https:\\\/\\\/www.heatsupply.nl\\\/de\\\/produkt\\\/hot-sauce-starter-pack\\\/\",\"url\":\"https:\\\/\\\/www.heatsupply.nl\\\/de\\\/produkt\\\/hot-sauce-starter-pack\\\/\",\"name\":\"Hot Sauce Starter Pack - Heatsupply\",\"isPartOf\":{\"@id\":\"https:\\\/\\\/www.heatsupply.nl\\\/de\\\/#website\"},\"primaryImageOfPage\":{\"@id\":\"https:\\\/\\\/www.heatsupply.nl\\\/de\\\/produkt\\\/hot-sauce-starter-pack\\\/#primaryimage\"},\"image\":{\"@id\":\"https:\\\/\\\/www.heatsupply.nl\\\/de\\\/produkt\\\/hot-sauce-starter-pack\\\/#primaryimage\"},\"thumbnailUrl\":\"https:\\\/\\\/www.heatsupply.nl\\\/wp-content\\\/uploads\\\/2025\\\/08\\\/heatsupply-starter-pack.jpg\",\"datePublished\":\"2024-02-29T09:31:07+00:00\",\"dateModified\":\"2026-03-13T14:48:01+00:00\",\"description\":\"Dieses Starterpaket mit scharfer Sauce ist der perfekte Einstieg in die wunderbare Welt der scharfen Sauce. Abwechslungsreich im Geschmack und nicht zu scharf, zu einem tollen Preis!\",\"breadcrumb\":{\"@id\":\"https:\\\/\\\/www.heatsupply.nl\\\/de\\\/produkt\\\/hot-sauce-starter-pack\\\/#breadcrumb\"},\"inLanguage\":\"de\",\"potentialAction\":[{\"@type\":\"ReadAction\",\"target\":[\"https:\\\/\\\/www.heatsupply.nl\\\/de\\\/produkt\\\/hot-sauce-starter-pack\\\/\"]}]},{\"@type\":\"ImageObject\",\"inLanguage\":\"de\",\"@id\":\"https:\\\/\\\/www.heatsupply.nl\\\/de\\\/produkt\\\/hot-sauce-starter-pack\\\/#primaryimage\",\"url\":\"https:\\\/\\\/www.heatsupply.nl\\\/wp-content\\\/uploads\\\/2025\\\/08\\\/heatsupply-starter-pack.jpg\",\"contentUrl\":\"https:\\\/\\\/www.heatsupply.nl\\\/wp-content\\\/uploads\\\/2025\\\/08\\\/heatsupply-starter-pack.jpg\",\"width\":1400,\"height\":1400,\"caption\":\"heatsupply hot sauce starter pack\"},{\"@type\":\"BreadcrumbList\",\"@id\":\"https:\\\/\\\/www.heatsupply.nl\\\/de\\\/produkt\\\/hot-sauce-starter-pack\\\/#breadcrumb\",\"itemListElement\":[{\"@type\":\"ListItem\",\"position\":1,\"name\":\"Home\",\"item\":\"https:\\\/\\\/www.heatsupply.nl\\\/de\\\/\"},{\"@type\":\"ListItem\",\"position\":2,\"name\":\"Alle produkten\",\"item\":\"https:\\\/\\\/www.heatsupply.nl\\\/de\\\/alle-produkten\\\/\"},{\"@type\":\"ListItem\",\"position\":3,\"name\":\"Scharfe So\u00dfen\",\"item\":\"https:\\\/\\\/www.heatsupply.nl\\\/de\\\/scharfe-sossen\\\/\"},{\"@type\":\"ListItem\",\"position\":4,\"name\":\"Geschenksets\",\"item\":\"https:\\\/\\\/www.heatsupply.nl\\\/de\\\/scharfe-sossen\\\/packs\\\/\"},{\"@type\":\"ListItem\",\"position\":5,\"name\":\"Hot Sauce Starter Pack\"}]},{\"@type\":\"WebSite\",\"@id\":\"https:\\\/\\\/www.heatsupply.nl\\\/de\\\/#website\",\"url\":\"https:\\\/\\\/www.heatsupply.nl\\\/de\\\/\",\"name\":\"Heatsupply\",\"description\":\"Hot sauce webstore #1 in Europe\",\"publisher\":{\"@id\":\"https:\\\/\\\/www.heatsupply.nl\\\/de\\\/#organization\"},\"potentialAction\":[{\"@type\":\"SearchAction\",\"target\":{\"@type\":\"EntryPoint\",\"urlTemplate\":\"https:\\\/\\\/www.heatsupply.nl\\\/de\\\/?s={search_term_string}\"},\"query-input\":{\"@type\":\"PropertyValueSpecification\",\"valueRequired\":true,\"valueName\":\"search_term_string\"}}],\"inLanguage\":\"de\"},{\"@type\":\"Organization\",\"@id\":\"https:\\\/\\\/www.heatsupply.nl\\\/de\\\/#organization\",\"name\":\"Heatsupply\",\"url\":\"https:\\\/\\\/www.heatsupply.nl\\\/de\\\/\",\"logo\":{\"@type\":\"ImageObject\",\"inLanguage\":\"de\",\"@id\":\"https:\\\/\\\/www.heatsupply.nl\\\/de\\\/#\\\/schema\\\/logo\\\/image\\\/\",\"url\":\"https:\\\/\\\/www.heatsupply.nl\\\/wp-content\\\/uploads\\\/2022\\\/10\\\/heatsupply-logo-rood.jpg\",\"contentUrl\":\"https:\\\/\\\/www.heatsupply.nl\\\/wp-content\\\/uploads\\\/2022\\\/10\\\/heatsupply-logo-rood.jpg\",\"width\":1000,\"height\":335,\"caption\":\"Heatsupply\"},\"image\":{\"@id\":\"https:\\\/\\\/www.heatsupply.nl\\\/de\\\/#\\\/schema\\\/logo\\\/image\\\/\"},\"sameAs\":[\"https:\\\/\\\/www.facebook.com\\\/heatsupplyNL\",\"https:\\\/\\\/www.instagram.com\\\/heatsuppy.nl\",\"https:\\\/\\\/www.youtube.com\\\/channel\\\/UC5pOWqQtljvxTz2SMWGWCsw\"]}]}<\/script>\n<meta property=\"product:price:amount\" content=\"24.95\" \/>\n<meta property=\"product:price:currency\" content=\"EUR\" \/>\n<meta property=\"og:availability\" content=\"instock\" \/>\n<meta property=\"product:availability\" content=\"instock\" \/>\n<meta property=\"product:retailer_item_id\" content=\"HSSP001\" \/>\n<meta property=\"product:condition\" content=\"new\" \/>\n<!-- \/ Yoast SEO Premium plugin. -->","yoast_head_json":{"title":"Hot Sauce Starter Pack - Heatsupply","description":"Dieses Starterpaket mit scharfer Sauce ist der perfekte Einstieg in die wunderbare Welt der scharfen Sauce. Abwechslungsreich im Geschmack und nicht zu scharf, zu einem tollen Preis!","robots":{"index":"index","follow":"follow","max-snippet":"max-snippet:-1","max-image-preview":"max-image-preview:large","max-video-preview":"max-video-preview:-1"},"canonical":"https:\/\/www.heatsupply.nl\/de\/produkt\/hot-sauce-starter-pack\/","og_locale":"de_DE","og_type":"article","og_title":"Hot Sauce Starter Pack","og_description":"Dieses Starterpaket mit scharfer Sauce ist der perfekte Einstieg in die wunderbare Welt der scharfen Sauce. Abwechslungsreich im Geschmack und nicht zu scharf, zu einem tollen Preis!","og_url":"https:\/\/www.heatsupply.nl\/de\/produkt\/hot-sauce-starter-pack\/","og_site_name":"Heatsupply","article_publisher":"https:\/\/www.facebook.com\/heatsupplyNL","article_modified_time":"2026-03-13T14:48:01+00:00","og_image":[{"width":1400,"height":1400,"url":"https:\/\/www.heatsupply.nl\/wp-content\/uploads\/2025\/08\/heatsupply-starter-pack.jpg","type":"image\/jpeg"}],"twitter_card":"summary_large_image","twitter_misc":{"Preis":"&euro;24,95","Verf\u00fcgbarkeit":"Auf Lager"},"schema":{"@context":"https:\/\/schema.org","@graph":[{"@type":"WebPage","@id":"https:\/\/www.heatsupply.nl\/de\/produkt\/hot-sauce-starter-pack\/","url":"https:\/\/www.heatsupply.nl\/de\/produkt\/hot-sauce-starter-pack\/","name":"Hot Sauce Starter Pack - Heatsupply","isPartOf":{"@id":"https:\/\/www.heatsupply.nl\/de\/#website"},"primaryImageOfPage":{"@id":"https:\/\/www.heatsupply.nl\/de\/produkt\/hot-sauce-starter-pack\/#primaryimage"},"image":{"@id":"https:\/\/www.heatsupply.nl\/de\/produkt\/hot-sauce-starter-pack\/#primaryimage"},"thumbnailUrl":"https:\/\/www.heatsupply.nl\/wp-content\/uploads\/2025\/08\/heatsupply-starter-pack.jpg","datePublished":"2024-02-29T09:31:07+00:00","dateModified":"2026-03-13T14:48:01+00:00","description":"Dieses Starterpaket mit scharfer Sauce ist der perfekte Einstieg in die wunderbare Welt der scharfen Sauce. Abwechslungsreich im Geschmack und nicht zu scharf, zu einem tollen Preis!","breadcrumb":{"@id":"https:\/\/www.heatsupply.nl\/de\/produkt\/hot-sauce-starter-pack\/#breadcrumb"},"inLanguage":"de","potentialAction":[{"@type":"ReadAction","target":["https:\/\/www.heatsupply.nl\/de\/produkt\/hot-sauce-starter-pack\/"]}]},{"@type":"ImageObject","inLanguage":"de","@id":"https:\/\/www.heatsupply.nl\/de\/produkt\/hot-sauce-starter-pack\/#primaryimage","url":"https:\/\/www.heatsupply.nl\/wp-content\/uploads\/2025\/08\/heatsupply-starter-pack.jpg","contentUrl":"https:\/\/www.heatsupply.nl\/wp-content\/uploads\/2025\/08\/heatsupply-starter-pack.jpg","width":1400,"height":1400,"caption":"heatsupply hot sauce starter pack"},{"@type":"BreadcrumbList","@id":"https:\/\/www.heatsupply.nl\/de\/produkt\/hot-sauce-starter-pack\/#breadcrumb","itemListElement":[{"@type":"ListItem","position":1,"name":"Home","item":"https:\/\/www.heatsupply.nl\/de\/"},{"@type":"ListItem","position":2,"name":"Alle produkten","item":"https:\/\/www.heatsupply.nl\/de\/alle-produkten\/"},{"@type":"ListItem","position":3,"name":"Scharfe So\u00dfen","item":"https:\/\/www.heatsupply.nl\/de\/scharfe-sossen\/"},{"@type":"ListItem","position":4,"name":"Geschenksets","item":"https:\/\/www.heatsupply.nl\/de\/scharfe-sossen\/packs\/"},{"@type":"ListItem","position":5,"name":"Hot Sauce Starter Pack"}]},{"@type":"WebSite","@id":"https:\/\/www.heatsupply.nl\/de\/#website","url":"https:\/\/www.heatsupply.nl\/de\/","name":"Heatsupply","description":"Hot sauce webstore #1 in Europe","publisher":{"@id":"https:\/\/www.heatsupply.nl\/de\/#organization"},"potentialAction":[{"@type":"SearchAction","target":{"@type":"EntryPoint","urlTemplate":"https:\/\/www.heatsupply.nl\/de\/?s={search_term_string}"},"query-input":{"@type":"PropertyValueSpecification","valueRequired":true,"valueName":"search_term_string"}}],"inLanguage":"de"},{"@type":"Organization","@id":"https:\/\/www.heatsupply.nl\/de\/#organization","name":"Heatsupply","url":"https:\/\/www.heatsupply.nl\/de\/","logo":{"@type":"ImageObject","inLanguage":"de","@id":"https:\/\/www.heatsupply.nl\/de\/#\/schema\/logo\/image\/","url":"https:\/\/www.heatsupply.nl\/wp-content\/uploads\/2022\/10\/heatsupply-logo-rood.jpg","contentUrl":"https:\/\/www.heatsupply.nl\/wp-content\/uploads\/2022\/10\/heatsupply-logo-rood.jpg","width":1000,"height":335,"caption":"Heatsupply"},"image":{"@id":"https:\/\/www.heatsupply.nl\/de\/#\/schema\/logo\/image\/"},"sameAs":["https:\/\/www.facebook.com\/heatsupplyNL","https:\/\/www.instagram.com\/heatsuppy.nl","https:\/\/www.youtube.com\/channel\/UC5pOWqQtljvxTz2SMWGWCsw"]}]},"product_price_amount":"24.95","product_price_currency":"EUR","og_availability":"instock","product_availability":"instock","product_retailer_item_id":"HSSP001","product_condition":"new"},"_links":{"self":[{"href":"https:\/\/www.heatsupply.nl\/de\/wp-json\/wp\/v2\/product\/143638","targetHints":{"allow":["GET"]}}],"collection":[{"href":"https:\/\/www.heatsupply.nl\/de\/wp-json\/wp\/v2\/product"}],"about":[{"href":"https:\/\/www.heatsupply.nl\/de\/wp-json\/wp\/v2\/types\/product"}],"replies":[{"embeddable":true,"href":"https:\/\/www.heatsupply.nl\/de\/wp-json\/wp\/v2\/comments?post=143638"}],"wp:featuredmedia":[{"embeddable":true,"href":"https:\/\/www.heatsupply.nl\/de\/wp-json\/wp\/v2\/media\/183658"}],"wp:attachment":[{"href":"https:\/\/www.heatsupply.nl\/de\/wp-json\/wp\/v2\/media?parent=143638"}],"wp:term":[{"taxonomy":"product_brand","embeddable":true,"href":"https:\/\/www.heatsupply.nl\/de\/wp-json\/wp\/v2\/product_brand?post=143638"},{"taxonomy":"product_cat","embeddable":true,"href":"https:\/\/www.heatsupply.nl\/de\/wp-json\/wp\/v2\/product_cat?post=143638"},{"taxonomy":"product_tag","embeddable":true,"href":"https:\/\/www.heatsupply.nl\/de\/wp-json\/wp\/v2\/product_tag?post=143638"}],"curies":[{"name":"wp","href":"https:\/\/api.w.org\/{rel}","templated":true}]}}