{"id":143620,"date":"2017-05-08T13:16:00","date_gmt":"2017-05-08T11:16:00","guid":{"rendered":"https:\/\/www.heatsupply.nl\/product\/hellfire-fear-this\/"},"modified":"2026-05-15T22:58:47","modified_gmt":"2026-05-15T20:58:47","slug":"hellfire-fear-this","status":"publish","type":"product","link":"https:\/\/www.heatsupply.nl\/de\/produkt\/hellfire-fear-this\/","title":{"rendered":"Hellfire Fear This"},"content":{"rendered":"<p><strong>Zutaten Hellfire Fear This<\/strong>: Carolina Reaper Chilis, destillierter Essig, Knoblauch, Rotweinessig, Apfelessig, sonnengetrocknete Tomaten, Zwiebeln, Salz, Tomatillos, Koriander, Curry, Chilipulver, schwarzer Pfeffer, Paprika, Kreuzk\u00fcmmel, Limettensaft, Zitronensaft, Koriander, Ingwer.<\/p>\n<p><span style=\"text-decoration: underline;\">N\u00e4hrwertangaben pro 100 ml:<\/span><br \/>\nEnergie: 209,2 kJ\/50 kcal<br \/>\nFett: 0 Gramm<br \/>\ndavon ges\u00e4ttigt: 0 g<br \/>\nKohlenhydrate: 11 g<br \/>\ndavon Zucker: 4 g<br \/>\nEiwei\u00df: 1 g<br \/>\nBallaststoffe: 0 Gramm<br \/>\nNatrium: 2,08 g<\/p>\n<p>Vor Gebrauch sch\u00fctteln. Nach dem \u00d6ffnen im K\u00fchlschrank aufbewahren.<\/p>\n","protected":false},"excerpt":{"rendered":"<p style=\"text-align: justify;\">Der Name <strong>Hellfire &#8218;Fear This&#8216;<\/strong> verr\u00e4t schon viel. Diese Sauce ist extrem scharf und geh\u00f6rt laut dem Hot-Sauce-Experten Bill Moore zu den 3 sch\u00e4rfsten Saucen der Welt, die ohne Extrakte hergestellt werden. Das ist nicht weiter verwunderlich, wenn man bedenkt, dass die erste Zutat dieser Sauce Carolina Reaper Peppers sind. Diese Sauce ist nicht nur extrem scharf, sondern auch k\u00f6stlich, denn die Zugabe von sonnengetrockneten Tomaten, Knoblauch und verschiedenen Gew\u00fcrzen verleiht dieser scharfen Sauce die Tiefe, die ein Liebhaber auch bei extremen Saucen sucht.<\/p>\n<p style=\"text-align: justify;\">Herkunft: Lake Geneva, Wisconsin (USA)<\/p>\n<p style=\"text-align: justify;\">Inhalt: 148ml<\/p>\n<p style=\"text-align: justify;\">Diese scharfe Sauce ist auf dem Hot Wing #9 der YouTube-Show <a href=\"https:\/\/www.heatsupply.nl\/de\/produkt-kategorie\/scharfe-saucen\/hot-ones-sauces\/\"><strong>Hot Ones<\/strong><\/a> Staffel 8.<\/p>\n","protected":false},"featured_media":143622,"comment_status":"open","ping_status":"closed","template":"","meta":{"_acf_changed":false},"product_brand":[],"product_cat":[3929,3918,3789,3787,4046],"product_tag":[],"class_list":{"0":"post-143620","1":"product","2":"type-product","3":"status-publish","4":"has-post-thumbnail","6":"product_cat-carolina-reaper","7":"product_cat-extrem-scharf","8":"product_cat-hot-ones-saucen","9":"product_cat-scharfe-sossen","10":"product_cat-spicy","12":"first","13":"instock","14":"taxable","15":"shipping-taxable","16":"purchasable","17":"product-type-simple"},"bundled_by":["143470"],"bundle_stock_status":"instock","bundle_stock_quantity":77,"bundle_virtual":false,"bundle_layout":"","bundle_add_to_cart_form_location":"","bundle_editable_in_cart":false,"bundle_sold_individually_context":"","bundle_item_grouping":"","bundle_min_size":"","bundle_max_size":"","bundle_price":[],"bundled_items":[],"bundle_sell_ids":[],"acf":[],"yoast_head":"<!-- This site is optimized with the Yoast SEO Premium plugin v27.5 (Yoast SEO v27.5) - https:\/\/yoast.com\/product\/yoast-seo-premium-wordpress\/ -->\n<title>Hellfire &#039;Fear This&#039; traf Carolina Reaper - Heatsupply<\/title>\n<meta name=\"description\" content=\"Experten zufolge ist Hellfire Fear This mit Carolina Reaper eine der sch\u00e4rfsten Saucen der Welt (ohne Zusatz von Extrakten). Bestelle sie hier, wenn du dich traust!\" \/>\n<meta name=\"robots\" content=\"index, follow, max-snippet:-1, max-image-preview:large, max-video-preview:-1\" \/>\n<link rel=\"canonical\" href=\"https:\/\/www.heatsupply.nl\/de\/produkt\/hellfire-fear-this\/\" \/>\n<meta property=\"og:locale\" content=\"de_DE\" \/>\n<meta property=\"og:type\" content=\"article\" \/>\n<meta property=\"og:title\" content=\"Hellfire Fear This\" \/>\n<meta property=\"og:description\" content=\"Experten zufolge ist Hellfire Fear This mit Carolina Reaper eine der sch\u00e4rfsten Saucen der Welt (ohne Zusatz von Extrakten). Bestelle sie hier, wenn du dich traust!\" \/>\n<meta property=\"og:url\" content=\"https:\/\/www.heatsupply.nl\/de\/produkt\/hellfire-fear-this\/\" \/>\n<meta property=\"og:site_name\" content=\"Heatsupply\" \/>\n<meta property=\"article:publisher\" content=\"https:\/\/www.facebook.com\/heatsupplyNL\" \/>\n<meta property=\"article:modified_time\" content=\"2026-05-15T20:58:47+00:00\" \/>\n<meta property=\"og:image\" content=\"https:\/\/www.heatsupply.nl\/wp-content\/uploads\/2018\/07\/hellfire-fear-this.jpg\" \/>\n\t<meta property=\"og:image:width\" content=\"1400\" \/>\n\t<meta property=\"og:image:height\" content=\"1400\" \/>\n\t<meta property=\"og:image:type\" content=\"image\/jpeg\" \/>\n<meta name=\"twitter:card\" content=\"summary_large_image\" \/>\n<meta name=\"twitter:label1\" content=\"Preis\" \/>\n\t<meta name=\"twitter:data1\" content=\"&euro;15,95\" \/>\n\t<meta name=\"twitter:label2\" content=\"Verf\u00fcgbarkeit\" \/>\n\t<meta name=\"twitter:data2\" content=\"Auf Lager\" \/>\n<script type=\"application\/ld+json\" class=\"yoast-schema-graph\">{\"@context\":\"https:\\\/\\\/schema.org\",\"@graph\":[{\"@type\":\"WebPage\",\"@id\":\"https:\\\/\\\/www.heatsupply.nl\\\/de\\\/produkt\\\/hellfire-fear-this\\\/\",\"url\":\"https:\\\/\\\/www.heatsupply.nl\\\/de\\\/produkt\\\/hellfire-fear-this\\\/\",\"name\":\"Hellfire 'Fear This' traf Carolina Reaper - Heatsupply\",\"isPartOf\":{\"@id\":\"https:\\\/\\\/www.heatsupply.nl\\\/de\\\/#website\"},\"primaryImageOfPage\":{\"@id\":\"https:\\\/\\\/www.heatsupply.nl\\\/de\\\/produkt\\\/hellfire-fear-this\\\/#primaryimage\"},\"image\":{\"@id\":\"https:\\\/\\\/www.heatsupply.nl\\\/de\\\/produkt\\\/hellfire-fear-this\\\/#primaryimage\"},\"thumbnailUrl\":\"https:\\\/\\\/www.heatsupply.nl\\\/wp-content\\\/uploads\\\/2018\\\/07\\\/hellfire-fear-this.jpg\",\"datePublished\":\"2017-05-08T11:16:00+00:00\",\"dateModified\":\"2026-05-15T20:58:47+00:00\",\"description\":\"Experten zufolge ist Hellfire Fear This mit Carolina Reaper eine der sch\u00e4rfsten Saucen der Welt (ohne Zusatz von Extrakten). Bestelle sie hier, wenn du dich traust!\",\"breadcrumb\":{\"@id\":\"https:\\\/\\\/www.heatsupply.nl\\\/de\\\/produkt\\\/hellfire-fear-this\\\/#breadcrumb\"},\"inLanguage\":\"de\",\"potentialAction\":[{\"@type\":\"ReadAction\",\"target\":[\"https:\\\/\\\/www.heatsupply.nl\\\/de\\\/produkt\\\/hellfire-fear-this\\\/\"]}]},{\"@type\":\"ImageObject\",\"inLanguage\":\"de\",\"@id\":\"https:\\\/\\\/www.heatsupply.nl\\\/de\\\/produkt\\\/hellfire-fear-this\\\/#primaryimage\",\"url\":\"https:\\\/\\\/www.heatsupply.nl\\\/wp-content\\\/uploads\\\/2018\\\/07\\\/hellfire-fear-this.jpg\",\"contentUrl\":\"https:\\\/\\\/www.heatsupply.nl\\\/wp-content\\\/uploads\\\/2018\\\/07\\\/hellfire-fear-this.jpg\",\"width\":1400,\"height\":1400},{\"@type\":\"BreadcrumbList\",\"@id\":\"https:\\\/\\\/www.heatsupply.nl\\\/de\\\/produkt\\\/hellfire-fear-this\\\/#breadcrumb\",\"itemListElement\":[{\"@type\":\"ListItem\",\"position\":1,\"name\":\"Home\",\"item\":\"https:\\\/\\\/www.heatsupply.nl\\\/de\\\/\"},{\"@type\":\"ListItem\",\"position\":2,\"name\":\"Alle produkten\",\"item\":\"https:\\\/\\\/www.heatsupply.nl\\\/de\\\/alle-produkten\\\/\"},{\"@type\":\"ListItem\",\"position\":3,\"name\":\"Scharfe So\u00dfen\",\"item\":\"https:\\\/\\\/www.heatsupply.nl\\\/de\\\/scharfe-sossen\\\/\"},{\"@type\":\"ListItem\",\"position\":4,\"name\":\"Hellfire Fear This\"}]},{\"@type\":\"WebSite\",\"@id\":\"https:\\\/\\\/www.heatsupply.nl\\\/de\\\/#website\",\"url\":\"https:\\\/\\\/www.heatsupply.nl\\\/de\\\/\",\"name\":\"Heatsupply\",\"description\":\"Hot sauce webstore #1 in Europe\",\"publisher\":{\"@id\":\"https:\\\/\\\/www.heatsupply.nl\\\/de\\\/#organization\"},\"potentialAction\":[{\"@type\":\"SearchAction\",\"target\":{\"@type\":\"EntryPoint\",\"urlTemplate\":\"https:\\\/\\\/www.heatsupply.nl\\\/de\\\/?s={search_term_string}\"},\"query-input\":{\"@type\":\"PropertyValueSpecification\",\"valueRequired\":true,\"valueName\":\"search_term_string\"}}],\"inLanguage\":\"de\"},{\"@type\":\"Organization\",\"@id\":\"https:\\\/\\\/www.heatsupply.nl\\\/de\\\/#organization\",\"name\":\"Heatsupply\",\"url\":\"https:\\\/\\\/www.heatsupply.nl\\\/de\\\/\",\"logo\":{\"@type\":\"ImageObject\",\"inLanguage\":\"de\",\"@id\":\"https:\\\/\\\/www.heatsupply.nl\\\/de\\\/#\\\/schema\\\/logo\\\/image\\\/\",\"url\":\"https:\\\/\\\/www.heatsupply.nl\\\/wp-content\\\/uploads\\\/2022\\\/10\\\/heatsupply-logo-rood.jpg\",\"contentUrl\":\"https:\\\/\\\/www.heatsupply.nl\\\/wp-content\\\/uploads\\\/2022\\\/10\\\/heatsupply-logo-rood.jpg\",\"width\":1000,\"height\":335,\"caption\":\"Heatsupply\"},\"image\":{\"@id\":\"https:\\\/\\\/www.heatsupply.nl\\\/de\\\/#\\\/schema\\\/logo\\\/image\\\/\"},\"sameAs\":[\"https:\\\/\\\/www.facebook.com\\\/heatsupplyNL\",\"https:\\\/\\\/www.instagram.com\\\/heatsuppy.nl\",\"https:\\\/\\\/www.youtube.com\\\/channel\\\/UC5pOWqQtljvxTz2SMWGWCsw\"]}]}<\/script>\n<meta property=\"product:brand\" content=\"Hellfire\" \/>\n<meta property=\"product:price:amount\" content=\"15.95\" \/>\n<meta property=\"product:price:currency\" content=\"EUR\" \/>\n<meta property=\"og:availability\" content=\"instock\" \/>\n<meta property=\"product:availability\" content=\"instock\" \/>\n<meta property=\"product:retailer_item_id\" content=\"HFT001\" \/>\n<meta property=\"product:condition\" content=\"new\" \/>\n<!-- \/ Yoast SEO Premium plugin. -->","yoast_head_json":{"title":"Hellfire 'Fear This' traf Carolina Reaper - Heatsupply","description":"Experten zufolge ist Hellfire Fear This mit Carolina Reaper eine der sch\u00e4rfsten Saucen der Welt (ohne Zusatz von Extrakten). Bestelle sie hier, wenn du dich traust!","robots":{"index":"index","follow":"follow","max-snippet":"max-snippet:-1","max-image-preview":"max-image-preview:large","max-video-preview":"max-video-preview:-1"},"canonical":"https:\/\/www.heatsupply.nl\/de\/produkt\/hellfire-fear-this\/","og_locale":"de_DE","og_type":"article","og_title":"Hellfire Fear This","og_description":"Experten zufolge ist Hellfire Fear This mit Carolina Reaper eine der sch\u00e4rfsten Saucen der Welt (ohne Zusatz von Extrakten). Bestelle sie hier, wenn du dich traust!","og_url":"https:\/\/www.heatsupply.nl\/de\/produkt\/hellfire-fear-this\/","og_site_name":"Heatsupply","article_publisher":"https:\/\/www.facebook.com\/heatsupplyNL","article_modified_time":"2026-05-15T20:58:47+00:00","og_image":[{"width":1400,"height":1400,"url":"https:\/\/www.heatsupply.nl\/wp-content\/uploads\/2018\/07\/hellfire-fear-this.jpg","type":"image\/jpeg"}],"twitter_card":"summary_large_image","twitter_misc":{"Preis":"&euro;15,95","Verf\u00fcgbarkeit":"Auf Lager"},"schema":{"@context":"https:\/\/schema.org","@graph":[{"@type":"WebPage","@id":"https:\/\/www.heatsupply.nl\/de\/produkt\/hellfire-fear-this\/","url":"https:\/\/www.heatsupply.nl\/de\/produkt\/hellfire-fear-this\/","name":"Hellfire 'Fear This' traf Carolina Reaper - Heatsupply","isPartOf":{"@id":"https:\/\/www.heatsupply.nl\/de\/#website"},"primaryImageOfPage":{"@id":"https:\/\/www.heatsupply.nl\/de\/produkt\/hellfire-fear-this\/#primaryimage"},"image":{"@id":"https:\/\/www.heatsupply.nl\/de\/produkt\/hellfire-fear-this\/#primaryimage"},"thumbnailUrl":"https:\/\/www.heatsupply.nl\/wp-content\/uploads\/2018\/07\/hellfire-fear-this.jpg","datePublished":"2017-05-08T11:16:00+00:00","dateModified":"2026-05-15T20:58:47+00:00","description":"Experten zufolge ist Hellfire Fear This mit Carolina Reaper eine der sch\u00e4rfsten Saucen der Welt (ohne Zusatz von Extrakten). Bestelle sie hier, wenn du dich traust!","breadcrumb":{"@id":"https:\/\/www.heatsupply.nl\/de\/produkt\/hellfire-fear-this\/#breadcrumb"},"inLanguage":"de","potentialAction":[{"@type":"ReadAction","target":["https:\/\/www.heatsupply.nl\/de\/produkt\/hellfire-fear-this\/"]}]},{"@type":"ImageObject","inLanguage":"de","@id":"https:\/\/www.heatsupply.nl\/de\/produkt\/hellfire-fear-this\/#primaryimage","url":"https:\/\/www.heatsupply.nl\/wp-content\/uploads\/2018\/07\/hellfire-fear-this.jpg","contentUrl":"https:\/\/www.heatsupply.nl\/wp-content\/uploads\/2018\/07\/hellfire-fear-this.jpg","width":1400,"height":1400},{"@type":"BreadcrumbList","@id":"https:\/\/www.heatsupply.nl\/de\/produkt\/hellfire-fear-this\/#breadcrumb","itemListElement":[{"@type":"ListItem","position":1,"name":"Home","item":"https:\/\/www.heatsupply.nl\/de\/"},{"@type":"ListItem","position":2,"name":"Alle produkten","item":"https:\/\/www.heatsupply.nl\/de\/alle-produkten\/"},{"@type":"ListItem","position":3,"name":"Scharfe So\u00dfen","item":"https:\/\/www.heatsupply.nl\/de\/scharfe-sossen\/"},{"@type":"ListItem","position":4,"name":"Hellfire Fear This"}]},{"@type":"WebSite","@id":"https:\/\/www.heatsupply.nl\/de\/#website","url":"https:\/\/www.heatsupply.nl\/de\/","name":"Heatsupply","description":"Hot sauce webstore #1 in Europe","publisher":{"@id":"https:\/\/www.heatsupply.nl\/de\/#organization"},"potentialAction":[{"@type":"SearchAction","target":{"@type":"EntryPoint","urlTemplate":"https:\/\/www.heatsupply.nl\/de\/?s={search_term_string}"},"query-input":{"@type":"PropertyValueSpecification","valueRequired":true,"valueName":"search_term_string"}}],"inLanguage":"de"},{"@type":"Organization","@id":"https:\/\/www.heatsupply.nl\/de\/#organization","name":"Heatsupply","url":"https:\/\/www.heatsupply.nl\/de\/","logo":{"@type":"ImageObject","inLanguage":"de","@id":"https:\/\/www.heatsupply.nl\/de\/#\/schema\/logo\/image\/","url":"https:\/\/www.heatsupply.nl\/wp-content\/uploads\/2022\/10\/heatsupply-logo-rood.jpg","contentUrl":"https:\/\/www.heatsupply.nl\/wp-content\/uploads\/2022\/10\/heatsupply-logo-rood.jpg","width":1000,"height":335,"caption":"Heatsupply"},"image":{"@id":"https:\/\/www.heatsupply.nl\/de\/#\/schema\/logo\/image\/"},"sameAs":["https:\/\/www.facebook.com\/heatsupplyNL","https:\/\/www.instagram.com\/heatsuppy.nl","https:\/\/www.youtube.com\/channel\/UC5pOWqQtljvxTz2SMWGWCsw"]}]},"product_brand":"Hellfire","product_price_amount":"15.95","product_price_currency":"EUR","og_availability":"instock","product_availability":"instock","product_retailer_item_id":"HFT001","product_condition":"new"},"_links":{"self":[{"href":"https:\/\/www.heatsupply.nl\/de\/wp-json\/wp\/v2\/product\/143620","targetHints":{"allow":["GET"]}}],"collection":[{"href":"https:\/\/www.heatsupply.nl\/de\/wp-json\/wp\/v2\/product"}],"about":[{"href":"https:\/\/www.heatsupply.nl\/de\/wp-json\/wp\/v2\/types\/product"}],"replies":[{"embeddable":true,"href":"https:\/\/www.heatsupply.nl\/de\/wp-json\/wp\/v2\/comments?post=143620"}],"wp:featuredmedia":[{"embeddable":true,"href":"https:\/\/www.heatsupply.nl\/de\/wp-json\/wp\/v2\/media\/143622"}],"wp:attachment":[{"href":"https:\/\/www.heatsupply.nl\/de\/wp-json\/wp\/v2\/media?parent=143620"}],"wp:term":[{"taxonomy":"product_brand","embeddable":true,"href":"https:\/\/www.heatsupply.nl\/de\/wp-json\/wp\/v2\/product_brand?post=143620"},{"taxonomy":"product_cat","embeddable":true,"href":"https:\/\/www.heatsupply.nl\/de\/wp-json\/wp\/v2\/product_cat?post=143620"},{"taxonomy":"product_tag","embeddable":true,"href":"https:\/\/www.heatsupply.nl\/de\/wp-json\/wp\/v2\/product_tag?post=143620"}],"curies":[{"name":"wp","href":"https:\/\/api.w.org\/{rel}","templated":true}]}}