{"id":143608,"date":"2017-05-08T15:58:00","date_gmt":"2017-05-08T13:58:00","guid":{"rendered":"https:\/\/www.heatsupply.nl\/product\/da-bomb-beyond-insanity-hot-sauce-2\/"},"modified":"2026-05-15T22:58:47","modified_gmt":"2026-05-15T20:58:47","slug":"da-bomb-beyond-insanity-hot-sauce","status":"publish","type":"product","link":"https:\/\/www.heatsupply.nl\/de\/produkt\/da-bomb-beyond-insanity-hot-sauce\/","title":{"rendered":"Da Bomb Beyond Insanity Hot Sauce"},"content":{"rendered":"<p><strong>Zutaten Da Bomb Beyond Insanity Hot Sauce:<\/strong> Habanero-Schoten (Habaneros, Salz), Chipotle-P\u00fcree (Chipotles, Wasser, Salz, Zitronens\u00e4ure), Wasser, Orangensaft, nat\u00fcrliches Pfefferaroma, Tomatenmark, Kaliumsorbat, Natriumbenzoat.<\/p>\n<p>Diese So\u00dfe ist auch sehr bekannt aus der YouTube-Serie <a href=\"https:\/\/www.heatsupply.nl\/de\/scharfe-saucen\/hot-ones-sauces\/\"><strong>Hot Ones.<\/strong><\/a> Seit Staffel 2 war diese Sauce in jeder Staffel auf Platz 8 (von 10) der Hot Wings. Mit anderen Worten: extrem scharf!<\/p>\n<p><span style=\"text-decoration: underline;\">N\u00e4hrwertangaben pro 100 g<\/span><br \/>\nEnergie: 431,6kJ\/103,15kcal<br \/>\nFett: 10,34 Gramm<br \/>\ndavon ges\u00e4ttigt: 2,07 g<br \/>\nKohlenhydrate: 13,99 g<br \/>\ndavon Zucker: 9,8 g<br \/>\ndavon Ballaststoffe: 2,21 g<br \/>\nEiwei\u00df: 1,44 g<br \/>\nSalz: 3,65 g<\/p>\n<p>Vor Gebrauch sch\u00fctteln. Nach dem \u00d6ffnen im K\u00fchlschrank aufbewahren<\/p>\n","protected":false},"excerpt":{"rendered":"<p style=\"text-align: justify;\"><span style=\"font-weight: 500;\">Lass dich von der Zutatenliste und dem Scoville-Wert (135.000) von Da Bomb Beyond Insanity nicht t\u00e4uschen. Auch wenn das alles gar nicht so schlimm aussieht, ist diese scharfe Sauce wirklich eine Bombe! In Hot Ones ist diese scharfe Sauce ein Stolperstein f\u00fcr fast jeden Prominenten und wird verflucht. Bei dieser Sauce geht es also mehr um das Erlebnis als um den Geschmack, aber ich wette, du kannst damit jemanden in Brand stecken.\u00a0<\/span><\/p>\n<p><strong>Ist Da Bomb Beyond Insanity ausverkauft? Kein Problem, denn wir haben die perfekte Alternative f\u00fcr dich: <a href=\"https:\/\/www.heatsupply.nl\/de\/produkt\/da-bomb-evolution-hot-sauce\/\"><span style=\"text-decoration: underline;\">Da Bomb Evolution<\/span><\/a>! Ebenfalls extrem scharf, mit ausschlie\u00dflich nat\u00fcrlichen Zutaten (ohne Extrakt) und geschmacklich um einiges besser.<\/strong><\/p>\n<ul>\n<li style=\"text-align: justify;\"><span style=\"font-weight: 500;\">Herkunft: Kansas (USA)<\/span><\/li>\n<li style=\"text-align: justify;\"><span style=\"font-weight: 500;\">Inhalt: 120 ml<\/span><\/li>\n<\/ul>\n<p>Bist du einfach auf der Suche nach der sch\u00e4rfsten Sauce, die wir zu bieten haben? <a href=\"https:\/\/www.heatsupply.nl\/de\/scharfe-saucen\/\"><strong>Dann schau dir diese Seite mit extrem scharfen Saucen an<\/strong><\/a>.<\/p>\n","protected":false},"featured_media":143609,"comment_status":"open","ping_status":"closed","template":"","meta":{"_acf_changed":false},"product_brand":[],"product_cat":[3930,3918,3913,3789,3787,4046],"product_tag":[],"class_list":{"0":"post-143608","1":"product","2":"type-product","3":"status-publish","4":"has-post-thumbnail","6":"product_cat-chipotle","7":"product_cat-extrem-scharf","8":"product_cat-habanero","9":"product_cat-hot-ones-saucen","10":"product_cat-scharfe-sossen","11":"product_cat-spicy","13":"first","14":"instock","15":"taxable","16":"shipping-taxable","17":"purchasable","18":"product-type-simple"},"bundled_by":["143623","141998","143470"],"bundle_stock_status":"instock","bundle_stock_quantity":1110,"bundle_virtual":false,"bundle_layout":"","bundle_add_to_cart_form_location":"","bundle_editable_in_cart":false,"bundle_sold_individually_context":"","bundle_item_grouping":"","bundle_min_size":"","bundle_max_size":"","bundle_price":[],"bundled_items":[],"bundle_sell_ids":[],"acf":[],"yoast_head":"<!-- This site is optimized with the Yoast SEO Premium plugin v27.5 (Yoast SEO v27.5) - https:\/\/yoast.com\/product\/yoast-seo-premium-wordpress\/ -->\n<title>Da Bomb Beyond Insanity Hot Sauce - Heatsupply<\/title>\n<meta name=\"description\" content=\"Man kauft diese scharfe Sauce f\u00fcr das Erlebnis. Wenn du jemanden in Brand stecken willst, ist Da Bomb Beyond Insanity Hot Sauce die perfekte Wahl.\" \/>\n<meta name=\"robots\" content=\"index, follow, max-snippet:-1, max-image-preview:large, max-video-preview:-1\" \/>\n<link rel=\"canonical\" href=\"https:\/\/www.heatsupply.nl\/de\/produkt\/da-bomb-beyond-insanity-hot-sauce\/\" \/>\n<meta property=\"og:locale\" content=\"de_DE\" \/>\n<meta property=\"og:type\" content=\"article\" \/>\n<meta property=\"og:title\" content=\"Da Bomb Beyond Insanity Hot Sauce\" \/>\n<meta property=\"og:description\" content=\"Man kauft diese scharfe Sauce f\u00fcr das Erlebnis. Wenn du jemanden in Brand stecken willst, ist Da Bomb Beyond Insanity Hot Sauce die perfekte Wahl.\" \/>\n<meta property=\"og:url\" content=\"https:\/\/www.heatsupply.nl\/de\/produkt\/da-bomb-beyond-insanity-hot-sauce\/\" \/>\n<meta property=\"og:site_name\" content=\"Heatsupply\" \/>\n<meta property=\"article:publisher\" content=\"https:\/\/www.facebook.com\/heatsupplyNL\" \/>\n<meta property=\"article:modified_time\" content=\"2026-05-15T20:58:47+00:00\" \/>\n<meta property=\"og:image\" content=\"https:\/\/www.heatsupply.nl\/wp-content\/uploads\/2017\/11\/da-bomb-beyond-insanity-hete-saus-e1592921246928.jpg\" \/>\n\t<meta property=\"og:image:width\" content=\"1380\" \/>\n\t<meta property=\"og:image:height\" content=\"1380\" \/>\n\t<meta property=\"og:image:type\" content=\"image\/jpeg\" \/>\n<meta name=\"twitter:card\" content=\"summary_large_image\" \/>\n<meta name=\"twitter:label1\" content=\"Preis\" \/>\n\t<meta name=\"twitter:data1\" content=\"&euro;15,95\" \/>\n\t<meta name=\"twitter:label2\" content=\"Verf\u00fcgbarkeit\" \/>\n\t<meta name=\"twitter:data2\" content=\"Auf Lager\" \/>\n<script type=\"application\/ld+json\" class=\"yoast-schema-graph\">{\"@context\":\"https:\\\/\\\/schema.org\",\"@graph\":[{\"@type\":\"WebPage\",\"@id\":\"https:\\\/\\\/www.heatsupply.nl\\\/de\\\/produkt\\\/da-bomb-beyond-insanity-hot-sauce\\\/\",\"url\":\"https:\\\/\\\/www.heatsupply.nl\\\/de\\\/produkt\\\/da-bomb-beyond-insanity-hot-sauce\\\/\",\"name\":\"Da Bomb Beyond Insanity Hot Sauce - Heatsupply\",\"isPartOf\":{\"@id\":\"https:\\\/\\\/www.heatsupply.nl\\\/de\\\/#website\"},\"primaryImageOfPage\":{\"@id\":\"https:\\\/\\\/www.heatsupply.nl\\\/de\\\/produkt\\\/da-bomb-beyond-insanity-hot-sauce\\\/#primaryimage\"},\"image\":{\"@id\":\"https:\\\/\\\/www.heatsupply.nl\\\/de\\\/produkt\\\/da-bomb-beyond-insanity-hot-sauce\\\/#primaryimage\"},\"thumbnailUrl\":\"https:\\\/\\\/www.heatsupply.nl\\\/wp-content\\\/uploads\\\/2017\\\/11\\\/da-bomb-beyond-insanity-hete-saus-e1592921246928.jpg\",\"datePublished\":\"2017-05-08T13:58:00+00:00\",\"dateModified\":\"2026-05-15T20:58:47+00:00\",\"description\":\"Man kauft diese scharfe Sauce f\u00fcr das Erlebnis. Wenn du jemanden in Brand stecken willst, ist Da Bomb Beyond Insanity Hot Sauce die perfekte Wahl.\",\"breadcrumb\":{\"@id\":\"https:\\\/\\\/www.heatsupply.nl\\\/de\\\/produkt\\\/da-bomb-beyond-insanity-hot-sauce\\\/#breadcrumb\"},\"inLanguage\":\"de\",\"potentialAction\":[{\"@type\":\"ReadAction\",\"target\":[\"https:\\\/\\\/www.heatsupply.nl\\\/de\\\/produkt\\\/da-bomb-beyond-insanity-hot-sauce\\\/\"]}]},{\"@type\":\"ImageObject\",\"inLanguage\":\"de\",\"@id\":\"https:\\\/\\\/www.heatsupply.nl\\\/de\\\/produkt\\\/da-bomb-beyond-insanity-hot-sauce\\\/#primaryimage\",\"url\":\"https:\\\/\\\/www.heatsupply.nl\\\/wp-content\\\/uploads\\\/2017\\\/11\\\/da-bomb-beyond-insanity-hete-saus-e1592921246928.jpg\",\"contentUrl\":\"https:\\\/\\\/www.heatsupply.nl\\\/wp-content\\\/uploads\\\/2017\\\/11\\\/da-bomb-beyond-insanity-hete-saus-e1592921246928.jpg\",\"width\":1380,\"height\":1380,\"caption\":\"Da Bomb Beyond Insanity hot sauce\"},{\"@type\":\"BreadcrumbList\",\"@id\":\"https:\\\/\\\/www.heatsupply.nl\\\/de\\\/produkt\\\/da-bomb-beyond-insanity-hot-sauce\\\/#breadcrumb\",\"itemListElement\":[{\"@type\":\"ListItem\",\"position\":1,\"name\":\"Home\",\"item\":\"https:\\\/\\\/www.heatsupply.nl\\\/de\\\/\"},{\"@type\":\"ListItem\",\"position\":2,\"name\":\"Alle produkten\",\"item\":\"https:\\\/\\\/www.heatsupply.nl\\\/de\\\/alle-produkten\\\/\"},{\"@type\":\"ListItem\",\"position\":3,\"name\":\"Scharfe So\u00dfen\",\"item\":\"https:\\\/\\\/www.heatsupply.nl\\\/de\\\/scharfe-sossen\\\/\"},{\"@type\":\"ListItem\",\"position\":4,\"name\":\"Chipotle\",\"item\":\"https:\\\/\\\/www.heatsupply.nl\\\/de\\\/scharfe-sossen\\\/chipotle\\\/\"},{\"@type\":\"ListItem\",\"position\":5,\"name\":\"Da Bomb Beyond Insanity Hot Sauce\"}]},{\"@type\":\"WebSite\",\"@id\":\"https:\\\/\\\/www.heatsupply.nl\\\/de\\\/#website\",\"url\":\"https:\\\/\\\/www.heatsupply.nl\\\/de\\\/\",\"name\":\"Heatsupply\",\"description\":\"Hot sauce webstore #1 in Europe\",\"publisher\":{\"@id\":\"https:\\\/\\\/www.heatsupply.nl\\\/de\\\/#organization\"},\"potentialAction\":[{\"@type\":\"SearchAction\",\"target\":{\"@type\":\"EntryPoint\",\"urlTemplate\":\"https:\\\/\\\/www.heatsupply.nl\\\/de\\\/?s={search_term_string}\"},\"query-input\":{\"@type\":\"PropertyValueSpecification\",\"valueRequired\":true,\"valueName\":\"search_term_string\"}}],\"inLanguage\":\"de\"},{\"@type\":\"Organization\",\"@id\":\"https:\\\/\\\/www.heatsupply.nl\\\/de\\\/#organization\",\"name\":\"Heatsupply\",\"url\":\"https:\\\/\\\/www.heatsupply.nl\\\/de\\\/\",\"logo\":{\"@type\":\"ImageObject\",\"inLanguage\":\"de\",\"@id\":\"https:\\\/\\\/www.heatsupply.nl\\\/de\\\/#\\\/schema\\\/logo\\\/image\\\/\",\"url\":\"https:\\\/\\\/www.heatsupply.nl\\\/wp-content\\\/uploads\\\/2022\\\/10\\\/heatsupply-logo-rood.jpg\",\"contentUrl\":\"https:\\\/\\\/www.heatsupply.nl\\\/wp-content\\\/uploads\\\/2022\\\/10\\\/heatsupply-logo-rood.jpg\",\"width\":1000,\"height\":335,\"caption\":\"Heatsupply\"},\"image\":{\"@id\":\"https:\\\/\\\/www.heatsupply.nl\\\/de\\\/#\\\/schema\\\/logo\\\/image\\\/\"},\"sameAs\":[\"https:\\\/\\\/www.facebook.com\\\/heatsupplyNL\",\"https:\\\/\\\/www.instagram.com\\\/heatsuppy.nl\",\"https:\\\/\\\/www.youtube.com\\\/channel\\\/UC5pOWqQtljvxTz2SMWGWCsw\"]}]}<\/script>\n<meta property=\"product:brand\" content=\"Da Bomb\" \/>\n<meta property=\"product:price:amount\" content=\"15.95\" \/>\n<meta property=\"product:price:currency\" content=\"EUR\" \/>\n<meta property=\"og:availability\" content=\"instock\" \/>\n<meta property=\"product:availability\" content=\"instock\" \/>\n<meta property=\"product:retailer_item_id\" content=\"DBBI002\" \/>\n<meta property=\"product:condition\" content=\"new\" \/>\n<!-- \/ Yoast SEO Premium plugin. -->","yoast_head_json":{"title":"Da Bomb Beyond Insanity Hot Sauce - Heatsupply","description":"Man kauft diese scharfe Sauce f\u00fcr das Erlebnis. Wenn du jemanden in Brand stecken willst, ist Da Bomb Beyond Insanity Hot Sauce die perfekte Wahl.","robots":{"index":"index","follow":"follow","max-snippet":"max-snippet:-1","max-image-preview":"max-image-preview:large","max-video-preview":"max-video-preview:-1"},"canonical":"https:\/\/www.heatsupply.nl\/de\/produkt\/da-bomb-beyond-insanity-hot-sauce\/","og_locale":"de_DE","og_type":"article","og_title":"Da Bomb Beyond Insanity Hot Sauce","og_description":"Man kauft diese scharfe Sauce f\u00fcr das Erlebnis. Wenn du jemanden in Brand stecken willst, ist Da Bomb Beyond Insanity Hot Sauce die perfekte Wahl.","og_url":"https:\/\/www.heatsupply.nl\/de\/produkt\/da-bomb-beyond-insanity-hot-sauce\/","og_site_name":"Heatsupply","article_publisher":"https:\/\/www.facebook.com\/heatsupplyNL","article_modified_time":"2026-05-15T20:58:47+00:00","og_image":[{"width":1380,"height":1380,"url":"https:\/\/www.heatsupply.nl\/wp-content\/uploads\/2017\/11\/da-bomb-beyond-insanity-hete-saus-e1592921246928.jpg","type":"image\/jpeg"}],"twitter_card":"summary_large_image","twitter_misc":{"Preis":"&euro;15,95","Verf\u00fcgbarkeit":"Auf Lager"},"schema":{"@context":"https:\/\/schema.org","@graph":[{"@type":"WebPage","@id":"https:\/\/www.heatsupply.nl\/de\/produkt\/da-bomb-beyond-insanity-hot-sauce\/","url":"https:\/\/www.heatsupply.nl\/de\/produkt\/da-bomb-beyond-insanity-hot-sauce\/","name":"Da Bomb Beyond Insanity Hot Sauce - Heatsupply","isPartOf":{"@id":"https:\/\/www.heatsupply.nl\/de\/#website"},"primaryImageOfPage":{"@id":"https:\/\/www.heatsupply.nl\/de\/produkt\/da-bomb-beyond-insanity-hot-sauce\/#primaryimage"},"image":{"@id":"https:\/\/www.heatsupply.nl\/de\/produkt\/da-bomb-beyond-insanity-hot-sauce\/#primaryimage"},"thumbnailUrl":"https:\/\/www.heatsupply.nl\/wp-content\/uploads\/2017\/11\/da-bomb-beyond-insanity-hete-saus-e1592921246928.jpg","datePublished":"2017-05-08T13:58:00+00:00","dateModified":"2026-05-15T20:58:47+00:00","description":"Man kauft diese scharfe Sauce f\u00fcr das Erlebnis. Wenn du jemanden in Brand stecken willst, ist Da Bomb Beyond Insanity Hot Sauce die perfekte Wahl.","breadcrumb":{"@id":"https:\/\/www.heatsupply.nl\/de\/produkt\/da-bomb-beyond-insanity-hot-sauce\/#breadcrumb"},"inLanguage":"de","potentialAction":[{"@type":"ReadAction","target":["https:\/\/www.heatsupply.nl\/de\/produkt\/da-bomb-beyond-insanity-hot-sauce\/"]}]},{"@type":"ImageObject","inLanguage":"de","@id":"https:\/\/www.heatsupply.nl\/de\/produkt\/da-bomb-beyond-insanity-hot-sauce\/#primaryimage","url":"https:\/\/www.heatsupply.nl\/wp-content\/uploads\/2017\/11\/da-bomb-beyond-insanity-hete-saus-e1592921246928.jpg","contentUrl":"https:\/\/www.heatsupply.nl\/wp-content\/uploads\/2017\/11\/da-bomb-beyond-insanity-hete-saus-e1592921246928.jpg","width":1380,"height":1380,"caption":"Da Bomb Beyond Insanity hot sauce"},{"@type":"BreadcrumbList","@id":"https:\/\/www.heatsupply.nl\/de\/produkt\/da-bomb-beyond-insanity-hot-sauce\/#breadcrumb","itemListElement":[{"@type":"ListItem","position":1,"name":"Home","item":"https:\/\/www.heatsupply.nl\/de\/"},{"@type":"ListItem","position":2,"name":"Alle produkten","item":"https:\/\/www.heatsupply.nl\/de\/alle-produkten\/"},{"@type":"ListItem","position":3,"name":"Scharfe So\u00dfen","item":"https:\/\/www.heatsupply.nl\/de\/scharfe-sossen\/"},{"@type":"ListItem","position":4,"name":"Chipotle","item":"https:\/\/www.heatsupply.nl\/de\/scharfe-sossen\/chipotle\/"},{"@type":"ListItem","position":5,"name":"Da Bomb Beyond Insanity Hot Sauce"}]},{"@type":"WebSite","@id":"https:\/\/www.heatsupply.nl\/de\/#website","url":"https:\/\/www.heatsupply.nl\/de\/","name":"Heatsupply","description":"Hot sauce webstore #1 in Europe","publisher":{"@id":"https:\/\/www.heatsupply.nl\/de\/#organization"},"potentialAction":[{"@type":"SearchAction","target":{"@type":"EntryPoint","urlTemplate":"https:\/\/www.heatsupply.nl\/de\/?s={search_term_string}"},"query-input":{"@type":"PropertyValueSpecification","valueRequired":true,"valueName":"search_term_string"}}],"inLanguage":"de"},{"@type":"Organization","@id":"https:\/\/www.heatsupply.nl\/de\/#organization","name":"Heatsupply","url":"https:\/\/www.heatsupply.nl\/de\/","logo":{"@type":"ImageObject","inLanguage":"de","@id":"https:\/\/www.heatsupply.nl\/de\/#\/schema\/logo\/image\/","url":"https:\/\/www.heatsupply.nl\/wp-content\/uploads\/2022\/10\/heatsupply-logo-rood.jpg","contentUrl":"https:\/\/www.heatsupply.nl\/wp-content\/uploads\/2022\/10\/heatsupply-logo-rood.jpg","width":1000,"height":335,"caption":"Heatsupply"},"image":{"@id":"https:\/\/www.heatsupply.nl\/de\/#\/schema\/logo\/image\/"},"sameAs":["https:\/\/www.facebook.com\/heatsupplyNL","https:\/\/www.instagram.com\/heatsuppy.nl","https:\/\/www.youtube.com\/channel\/UC5pOWqQtljvxTz2SMWGWCsw"]}]},"product_brand":"Da Bomb","product_price_amount":"15.95","product_price_currency":"EUR","og_availability":"instock","product_availability":"instock","product_retailer_item_id":"DBBI002","product_condition":"new"},"_links":{"self":[{"href":"https:\/\/www.heatsupply.nl\/de\/wp-json\/wp\/v2\/product\/143608","targetHints":{"allow":["GET"]}}],"collection":[{"href":"https:\/\/www.heatsupply.nl\/de\/wp-json\/wp\/v2\/product"}],"about":[{"href":"https:\/\/www.heatsupply.nl\/de\/wp-json\/wp\/v2\/types\/product"}],"replies":[{"embeddable":true,"href":"https:\/\/www.heatsupply.nl\/de\/wp-json\/wp\/v2\/comments?post=143608"}],"wp:featuredmedia":[{"embeddable":true,"href":"https:\/\/www.heatsupply.nl\/de\/wp-json\/wp\/v2\/media\/143609"}],"wp:attachment":[{"href":"https:\/\/www.heatsupply.nl\/de\/wp-json\/wp\/v2\/media?parent=143608"}],"wp:term":[{"taxonomy":"product_brand","embeddable":true,"href":"https:\/\/www.heatsupply.nl\/de\/wp-json\/wp\/v2\/product_brand?post=143608"},{"taxonomy":"product_cat","embeddable":true,"href":"https:\/\/www.heatsupply.nl\/de\/wp-json\/wp\/v2\/product_cat?post=143608"},{"taxonomy":"product_tag","embeddable":true,"href":"https:\/\/www.heatsupply.nl\/de\/wp-json\/wp\/v2\/product_tag?post=143608"}],"curies":[{"name":"wp","href":"https:\/\/api.w.org\/{rel}","templated":true}]}}