{"id":143510,"date":"2020-06-26T16:06:00","date_gmt":"2020-06-26T14:06:00","guid":{"rendered":"https:\/\/www.heatsupply.nl\/product\/marie-sharps-green-habanero-pepper-sauce-2\/"},"modified":"2026-04-13T10:03:07","modified_gmt":"2026-04-13T08:03:07","slug":"marie-sharps-green-habanero-pepper-sauce","status":"publish","type":"product","link":"https:\/\/www.heatsupply.nl\/de\/produkt\/marie-sharps-green-habanero-pepper-sauce\/","title":{"rendered":"Marie Sharp&#8217;s Green Habanero Pepper Sauce"},"content":{"rendered":"<p>Zutaten: Nopal, gr\u00fcne Habanero, Essig, Limette, Salz, Zwiebeln und Knoblauch.<\/p>\n<p><span style=\"text-decoration: underline\">N\u00e4hrwertangaben pro 100gr:<\/span><br \/>\nEnergie: 92,05 kJ\/22 kcal<br \/>\nFett: 0 Gramm<br \/>\ndavon ges\u00e4ttigte Fette: 0 g<br \/>\nKohlenhydrate: 0 g<br \/>\ndavon Zucker: 0 g<br \/>\nEiwei\u00df: 0 g<br \/>\nSalz: 1,1 g<\/p>\n<p>Vor Gebrauch sch\u00fctteln und nach dem \u00d6ffnen im K\u00fchlschrank aufbewahren.<\/p>\n","protected":false},"excerpt":{"rendered":"<p style=\"text-align: justify\">Diese Marie Sharp&#8217;s Green Habanero Pepper Sauce ist eine ganz besondere scharfe Sauce. Es gibt nicht viele Zutaten in dieser Sauce, aber was sie besonders macht, ist ihr Hauptbestandteil: der Nopal-Kaktus. Er verleiht der Sauce einen frischen, s\u00e4uerlichen Charakter, der sehr gut mit dem Geschmack und der Sch\u00e4rfe der gr\u00fcnen Habaneros harmoniert. Zutaten wie Limette, Zwiebel und Knoblauch runden die Sauce ab. Die scharfe Sauce passt hervorragend zu Gerichten der mexikanischen K\u00fcche und zu Salaten.<\/p>\n<p style=\"text-align: justify\">Herkunft: Belize<\/p>\n<p style=\"text-align: justify\">Inhalt: 148 ml<\/p>\n","protected":false},"featured_media":143511,"comment_status":"open","ping_status":"closed","template":"","meta":{"_acf_changed":false},"product_brand":[],"product_cat":[3913,3787,4046],"product_tag":[],"class_list":{"0":"post-143510","1":"product","2":"type-product","3":"status-publish","4":"has-post-thumbnail","6":"product_cat-habanero","7":"product_cat-scharfe-sossen","8":"product_cat-spicy","10":"first","11":"outofstock","12":"taxable","13":"shipping-taxable","14":"purchasable","15":"product-type-simple"},"bundled_by":[],"bundle_stock_status":"outofstock","bundle_stock_quantity":0,"bundle_virtual":false,"bundle_layout":"","bundle_add_to_cart_form_location":"","bundle_editable_in_cart":false,"bundle_sold_individually_context":"","bundle_item_grouping":"","bundle_min_size":"","bundle_max_size":"","bundle_price":[],"bundled_items":[],"bundle_sell_ids":[],"acf":[],"yoast_head":"<!-- This site is optimized with the Yoast SEO Premium plugin v27.4 (Yoast SEO v27.4) - https:\/\/yoast.com\/product\/yoast-seo-premium-wordpress\/ -->\n<title>Marie Sharp&#039;s Green Habanero Pepper Sauce - Heatsupply<\/title>\n<meta name=\"description\" content=\"Diese Marie Sharp&#039;s Green Habanero Pepper Sauce ist eine ganz besondere scharfe Sauce. Es gibt nicht viele Zutaten in dieser Sauce, aber was sie besonders macht, ist ihr Hauptbestandteil: der Nopal-Kaktus. Er verleiht der Sauce einen frischen, s\u00e4uerlichen Charakter, der sehr gut mit dem Geschmack und der Sch\u00e4rfe der gr\u00fcnen Habaneros harmoniert. Zutaten wie Limette, Zwiebel und Knoblauch runden die Sauce ab. Die scharfe Sauce passt hervorragend zu Gerichten der mexikanischen K\u00fcche und zu Salaten. Herkunft: Belize Inhalt: 148 ml\" \/>\n<meta name=\"robots\" content=\"index, follow, max-snippet:-1, max-image-preview:large, max-video-preview:-1\" \/>\n<link rel=\"canonical\" href=\"https:\/\/www.heatsupply.nl\/de\/produkt\/marie-sharps-green-habanero-pepper-sauce\/\" \/>\n<meta property=\"og:locale\" content=\"de_DE\" \/>\n<meta property=\"og:type\" content=\"article\" \/>\n<meta property=\"og:title\" content=\"Marie Sharp&#039;s Green Habanero Pepper Sauce\" \/>\n<meta property=\"og:description\" content=\"Diese Marie Sharp&#039;s Green Habanero Pepper Sauce ist eine ganz besondere scharfe Sauce. Es gibt nicht viele Zutaten in dieser Sauce, aber was sie besonders macht, ist ihr Hauptbestandteil: der Nopal-Kaktus. Er verleiht der Sauce einen frischen, s\u00e4uerlichen Charakter, der sehr gut mit dem Geschmack und der Sch\u00e4rfe der gr\u00fcnen Habaneros harmoniert. Zutaten wie Limette, Zwiebel und Knoblauch runden die Sauce ab. Die scharfe Sauce passt hervorragend zu Gerichten der mexikanischen K\u00fcche und zu Salaten. Herkunft: Belize Inhalt: 148 ml\" \/>\n<meta property=\"og:url\" content=\"https:\/\/www.heatsupply.nl\/de\/produkt\/marie-sharps-green-habanero-pepper-sauce\/\" \/>\n<meta property=\"og:site_name\" content=\"Heatsupply\" \/>\n<meta property=\"article:publisher\" content=\"https:\/\/www.facebook.com\/heatsupplyNL\" \/>\n<meta property=\"article:modified_time\" content=\"2026-04-13T08:03:07+00:00\" \/>\n<meta property=\"og:image\" content=\"https:\/\/www.heatsupply.nl\/wp-content\/uploads\/2020\/06\/marie-sharps-green-habanero-hot-sauce.jpg\" \/>\n\t<meta property=\"og:image:width\" content=\"1400\" \/>\n\t<meta property=\"og:image:height\" content=\"1400\" \/>\n\t<meta property=\"og:image:type\" content=\"image\/jpeg\" \/>\n<meta name=\"twitter:card\" content=\"summary_large_image\" \/>\n<meta name=\"twitter:label1\" content=\"Preis\" \/>\n\t<meta name=\"twitter:data1\" content=\"&euro;6,95\" \/>\n\t<meta name=\"twitter:label2\" content=\"Verf\u00fcgbarkeit\" \/>\n\t<meta name=\"twitter:data2\" content=\"ausverkauft\" \/>\n<script type=\"application\/ld+json\" class=\"yoast-schema-graph\">{\"@context\":\"https:\\\/\\\/schema.org\",\"@graph\":[{\"@type\":\"WebPage\",\"@id\":\"https:\\\/\\\/www.heatsupply.nl\\\/de\\\/produkt\\\/marie-sharps-green-habanero-pepper-sauce\\\/\",\"url\":\"https:\\\/\\\/www.heatsupply.nl\\\/de\\\/produkt\\\/marie-sharps-green-habanero-pepper-sauce\\\/\",\"name\":\"Marie Sharp's Green Habanero Pepper Sauce - Heatsupply\",\"isPartOf\":{\"@id\":\"https:\\\/\\\/www.heatsupply.nl\\\/de\\\/#website\"},\"primaryImageOfPage\":{\"@id\":\"https:\\\/\\\/www.heatsupply.nl\\\/de\\\/produkt\\\/marie-sharps-green-habanero-pepper-sauce\\\/#primaryimage\"},\"image\":{\"@id\":\"https:\\\/\\\/www.heatsupply.nl\\\/de\\\/produkt\\\/marie-sharps-green-habanero-pepper-sauce\\\/#primaryimage\"},\"thumbnailUrl\":\"https:\\\/\\\/www.heatsupply.nl\\\/wp-content\\\/uploads\\\/2020\\\/06\\\/marie-sharps-green-habanero-hot-sauce.jpg\",\"datePublished\":\"2020-06-26T14:06:00+00:00\",\"dateModified\":\"2026-04-13T08:03:07+00:00\",\"description\":\"Diese Marie Sharp's Green Habanero Pepper Sauce ist eine ganz besondere scharfe Sauce. Es gibt nicht viele Zutaten in dieser Sauce, aber was sie besonders macht, ist ihr Hauptbestandteil: der Nopal-Kaktus. Er verleiht der Sauce einen frischen, s\u00e4uerlichen Charakter, der sehr gut mit dem Geschmack und der Sch\u00e4rfe der gr\u00fcnen Habaneros harmoniert. Zutaten wie Limette, Zwiebel und Knoblauch runden die Sauce ab. Die scharfe Sauce passt hervorragend zu Gerichten der mexikanischen K\u00fcche und zu Salaten. Herkunft: Belize Inhalt: 148 ml\",\"breadcrumb\":{\"@id\":\"https:\\\/\\\/www.heatsupply.nl\\\/de\\\/produkt\\\/marie-sharps-green-habanero-pepper-sauce\\\/#breadcrumb\"},\"inLanguage\":\"de\",\"potentialAction\":[{\"@type\":\"ReadAction\",\"target\":[\"https:\\\/\\\/www.heatsupply.nl\\\/de\\\/produkt\\\/marie-sharps-green-habanero-pepper-sauce\\\/\"]}]},{\"@type\":\"ImageObject\",\"inLanguage\":\"de\",\"@id\":\"https:\\\/\\\/www.heatsupply.nl\\\/de\\\/produkt\\\/marie-sharps-green-habanero-pepper-sauce\\\/#primaryimage\",\"url\":\"https:\\\/\\\/www.heatsupply.nl\\\/wp-content\\\/uploads\\\/2020\\\/06\\\/marie-sharps-green-habanero-hot-sauce.jpg\",\"contentUrl\":\"https:\\\/\\\/www.heatsupply.nl\\\/wp-content\\\/uploads\\\/2020\\\/06\\\/marie-sharps-green-habanero-hot-sauce.jpg\",\"width\":1400,\"height\":1400},{\"@type\":\"BreadcrumbList\",\"@id\":\"https:\\\/\\\/www.heatsupply.nl\\\/de\\\/produkt\\\/marie-sharps-green-habanero-pepper-sauce\\\/#breadcrumb\",\"itemListElement\":[{\"@type\":\"ListItem\",\"position\":1,\"name\":\"Home\",\"item\":\"https:\\\/\\\/www.heatsupply.nl\\\/de\\\/\"},{\"@type\":\"ListItem\",\"position\":2,\"name\":\"Alle produkten\",\"item\":\"https:\\\/\\\/www.heatsupply.nl\\\/de\\\/alle-produkten\\\/\"},{\"@type\":\"ListItem\",\"position\":3,\"name\":\"Scharfe So\u00dfen\",\"item\":\"https:\\\/\\\/www.heatsupply.nl\\\/de\\\/scharfe-sossen\\\/\"},{\"@type\":\"ListItem\",\"position\":4,\"name\":\"Habanero\",\"item\":\"https:\\\/\\\/www.heatsupply.nl\\\/de\\\/scharfe-sossen\\\/habanero\\\/\"},{\"@type\":\"ListItem\",\"position\":5,\"name\":\"Marie Sharp&#8217;s Green Habanero Pepper Sauce\"}]},{\"@type\":\"WebSite\",\"@id\":\"https:\\\/\\\/www.heatsupply.nl\\\/de\\\/#website\",\"url\":\"https:\\\/\\\/www.heatsupply.nl\\\/de\\\/\",\"name\":\"Heatsupply\",\"description\":\"Hot sauce webstore #1 in Europe\",\"publisher\":{\"@id\":\"https:\\\/\\\/www.heatsupply.nl\\\/de\\\/#organization\"},\"potentialAction\":[{\"@type\":\"SearchAction\",\"target\":{\"@type\":\"EntryPoint\",\"urlTemplate\":\"https:\\\/\\\/www.heatsupply.nl\\\/de\\\/?s={search_term_string}\"},\"query-input\":{\"@type\":\"PropertyValueSpecification\",\"valueRequired\":true,\"valueName\":\"search_term_string\"}}],\"inLanguage\":\"de\"},{\"@type\":\"Organization\",\"@id\":\"https:\\\/\\\/www.heatsupply.nl\\\/de\\\/#organization\",\"name\":\"Heatsupply\",\"url\":\"https:\\\/\\\/www.heatsupply.nl\\\/de\\\/\",\"logo\":{\"@type\":\"ImageObject\",\"inLanguage\":\"de\",\"@id\":\"https:\\\/\\\/www.heatsupply.nl\\\/de\\\/#\\\/schema\\\/logo\\\/image\\\/\",\"url\":\"https:\\\/\\\/www.heatsupply.nl\\\/wp-content\\\/uploads\\\/2022\\\/10\\\/heatsupply-logo-rood.jpg\",\"contentUrl\":\"https:\\\/\\\/www.heatsupply.nl\\\/wp-content\\\/uploads\\\/2022\\\/10\\\/heatsupply-logo-rood.jpg\",\"width\":1000,\"height\":335,\"caption\":\"Heatsupply\"},\"image\":{\"@id\":\"https:\\\/\\\/www.heatsupply.nl\\\/de\\\/#\\\/schema\\\/logo\\\/image\\\/\"},\"sameAs\":[\"https:\\\/\\\/www.facebook.com\\\/heatsupplyNL\",\"https:\\\/\\\/www.instagram.com\\\/heatsuppy.nl\",\"https:\\\/\\\/www.youtube.com\\\/channel\\\/UC5pOWqQtljvxTz2SMWGWCsw\"]}]}<\/script>\n<meta property=\"product:brand\" content=\"Marie Sharp&#039;s\" \/>\n<meta property=\"product:price:amount\" content=\"6.95\" \/>\n<meta property=\"product:price:currency\" content=\"EUR\" \/>\n<meta property=\"og:availability\" content=\"out of stock\" \/>\n<meta property=\"product:availability\" content=\"out of stock\" \/>\n<meta property=\"product:retailer_item_id\" content=\"MSGHPS001\" \/>\n<meta property=\"product:condition\" content=\"new\" \/>\n<!-- \/ Yoast SEO Premium plugin. -->","yoast_head_json":{"title":"Marie Sharp's Green Habanero Pepper Sauce - Heatsupply","description":"Diese Marie Sharp's Green Habanero Pepper Sauce ist eine ganz besondere scharfe Sauce. Es gibt nicht viele Zutaten in dieser Sauce, aber was sie besonders macht, ist ihr Hauptbestandteil: der Nopal-Kaktus. Er verleiht der Sauce einen frischen, s\u00e4uerlichen Charakter, der sehr gut mit dem Geschmack und der Sch\u00e4rfe der gr\u00fcnen Habaneros harmoniert. Zutaten wie Limette, Zwiebel und Knoblauch runden die Sauce ab. Die scharfe Sauce passt hervorragend zu Gerichten der mexikanischen K\u00fcche und zu Salaten. Herkunft: Belize Inhalt: 148 ml","robots":{"index":"index","follow":"follow","max-snippet":"max-snippet:-1","max-image-preview":"max-image-preview:large","max-video-preview":"max-video-preview:-1"},"canonical":"https:\/\/www.heatsupply.nl\/de\/produkt\/marie-sharps-green-habanero-pepper-sauce\/","og_locale":"de_DE","og_type":"article","og_title":"Marie Sharp's Green Habanero Pepper Sauce","og_description":"Diese Marie Sharp's Green Habanero Pepper Sauce ist eine ganz besondere scharfe Sauce. Es gibt nicht viele Zutaten in dieser Sauce, aber was sie besonders macht, ist ihr Hauptbestandteil: der Nopal-Kaktus. Er verleiht der Sauce einen frischen, s\u00e4uerlichen Charakter, der sehr gut mit dem Geschmack und der Sch\u00e4rfe der gr\u00fcnen Habaneros harmoniert. Zutaten wie Limette, Zwiebel und Knoblauch runden die Sauce ab. Die scharfe Sauce passt hervorragend zu Gerichten der mexikanischen K\u00fcche und zu Salaten. Herkunft: Belize Inhalt: 148 ml","og_url":"https:\/\/www.heatsupply.nl\/de\/produkt\/marie-sharps-green-habanero-pepper-sauce\/","og_site_name":"Heatsupply","article_publisher":"https:\/\/www.facebook.com\/heatsupplyNL","article_modified_time":"2026-04-13T08:03:07+00:00","og_image":[{"width":1400,"height":1400,"url":"https:\/\/www.heatsupply.nl\/wp-content\/uploads\/2020\/06\/marie-sharps-green-habanero-hot-sauce.jpg","type":"image\/jpeg"}],"twitter_card":"summary_large_image","twitter_misc":{"Preis":"&euro;6,95","Verf\u00fcgbarkeit":"ausverkauft"},"schema":{"@context":"https:\/\/schema.org","@graph":[{"@type":"WebPage","@id":"https:\/\/www.heatsupply.nl\/de\/produkt\/marie-sharps-green-habanero-pepper-sauce\/","url":"https:\/\/www.heatsupply.nl\/de\/produkt\/marie-sharps-green-habanero-pepper-sauce\/","name":"Marie Sharp's Green Habanero Pepper Sauce - Heatsupply","isPartOf":{"@id":"https:\/\/www.heatsupply.nl\/de\/#website"},"primaryImageOfPage":{"@id":"https:\/\/www.heatsupply.nl\/de\/produkt\/marie-sharps-green-habanero-pepper-sauce\/#primaryimage"},"image":{"@id":"https:\/\/www.heatsupply.nl\/de\/produkt\/marie-sharps-green-habanero-pepper-sauce\/#primaryimage"},"thumbnailUrl":"https:\/\/www.heatsupply.nl\/wp-content\/uploads\/2020\/06\/marie-sharps-green-habanero-hot-sauce.jpg","datePublished":"2020-06-26T14:06:00+00:00","dateModified":"2026-04-13T08:03:07+00:00","description":"Diese Marie Sharp's Green Habanero Pepper Sauce ist eine ganz besondere scharfe Sauce. Es gibt nicht viele Zutaten in dieser Sauce, aber was sie besonders macht, ist ihr Hauptbestandteil: der Nopal-Kaktus. Er verleiht der Sauce einen frischen, s\u00e4uerlichen Charakter, der sehr gut mit dem Geschmack und der Sch\u00e4rfe der gr\u00fcnen Habaneros harmoniert. Zutaten wie Limette, Zwiebel und Knoblauch runden die Sauce ab. Die scharfe Sauce passt hervorragend zu Gerichten der mexikanischen K\u00fcche und zu Salaten. Herkunft: Belize Inhalt: 148 ml","breadcrumb":{"@id":"https:\/\/www.heatsupply.nl\/de\/produkt\/marie-sharps-green-habanero-pepper-sauce\/#breadcrumb"},"inLanguage":"de","potentialAction":[{"@type":"ReadAction","target":["https:\/\/www.heatsupply.nl\/de\/produkt\/marie-sharps-green-habanero-pepper-sauce\/"]}]},{"@type":"ImageObject","inLanguage":"de","@id":"https:\/\/www.heatsupply.nl\/de\/produkt\/marie-sharps-green-habanero-pepper-sauce\/#primaryimage","url":"https:\/\/www.heatsupply.nl\/wp-content\/uploads\/2020\/06\/marie-sharps-green-habanero-hot-sauce.jpg","contentUrl":"https:\/\/www.heatsupply.nl\/wp-content\/uploads\/2020\/06\/marie-sharps-green-habanero-hot-sauce.jpg","width":1400,"height":1400},{"@type":"BreadcrumbList","@id":"https:\/\/www.heatsupply.nl\/de\/produkt\/marie-sharps-green-habanero-pepper-sauce\/#breadcrumb","itemListElement":[{"@type":"ListItem","position":1,"name":"Home","item":"https:\/\/www.heatsupply.nl\/de\/"},{"@type":"ListItem","position":2,"name":"Alle produkten","item":"https:\/\/www.heatsupply.nl\/de\/alle-produkten\/"},{"@type":"ListItem","position":3,"name":"Scharfe So\u00dfen","item":"https:\/\/www.heatsupply.nl\/de\/scharfe-sossen\/"},{"@type":"ListItem","position":4,"name":"Habanero","item":"https:\/\/www.heatsupply.nl\/de\/scharfe-sossen\/habanero\/"},{"@type":"ListItem","position":5,"name":"Marie Sharp&#8217;s Green Habanero Pepper Sauce"}]},{"@type":"WebSite","@id":"https:\/\/www.heatsupply.nl\/de\/#website","url":"https:\/\/www.heatsupply.nl\/de\/","name":"Heatsupply","description":"Hot sauce webstore #1 in Europe","publisher":{"@id":"https:\/\/www.heatsupply.nl\/de\/#organization"},"potentialAction":[{"@type":"SearchAction","target":{"@type":"EntryPoint","urlTemplate":"https:\/\/www.heatsupply.nl\/de\/?s={search_term_string}"},"query-input":{"@type":"PropertyValueSpecification","valueRequired":true,"valueName":"search_term_string"}}],"inLanguage":"de"},{"@type":"Organization","@id":"https:\/\/www.heatsupply.nl\/de\/#organization","name":"Heatsupply","url":"https:\/\/www.heatsupply.nl\/de\/","logo":{"@type":"ImageObject","inLanguage":"de","@id":"https:\/\/www.heatsupply.nl\/de\/#\/schema\/logo\/image\/","url":"https:\/\/www.heatsupply.nl\/wp-content\/uploads\/2022\/10\/heatsupply-logo-rood.jpg","contentUrl":"https:\/\/www.heatsupply.nl\/wp-content\/uploads\/2022\/10\/heatsupply-logo-rood.jpg","width":1000,"height":335,"caption":"Heatsupply"},"image":{"@id":"https:\/\/www.heatsupply.nl\/de\/#\/schema\/logo\/image\/"},"sameAs":["https:\/\/www.facebook.com\/heatsupplyNL","https:\/\/www.instagram.com\/heatsuppy.nl","https:\/\/www.youtube.com\/channel\/UC5pOWqQtljvxTz2SMWGWCsw"]}]},"product_brand":"Marie Sharp&#039;s","product_price_amount":"6.95","product_price_currency":"EUR","og_availability":"out of stock","product_availability":"out of stock","product_retailer_item_id":"MSGHPS001","product_condition":"new"},"_links":{"self":[{"href":"https:\/\/www.heatsupply.nl\/de\/wp-json\/wp\/v2\/product\/143510","targetHints":{"allow":["GET"]}}],"collection":[{"href":"https:\/\/www.heatsupply.nl\/de\/wp-json\/wp\/v2\/product"}],"about":[{"href":"https:\/\/www.heatsupply.nl\/de\/wp-json\/wp\/v2\/types\/product"}],"replies":[{"embeddable":true,"href":"https:\/\/www.heatsupply.nl\/de\/wp-json\/wp\/v2\/comments?post=143510"}],"wp:featuredmedia":[{"embeddable":true,"href":"https:\/\/www.heatsupply.nl\/de\/wp-json\/wp\/v2\/media\/143511"}],"wp:attachment":[{"href":"https:\/\/www.heatsupply.nl\/de\/wp-json\/wp\/v2\/media?parent=143510"}],"wp:term":[{"taxonomy":"product_brand","embeddable":true,"href":"https:\/\/www.heatsupply.nl\/de\/wp-json\/wp\/v2\/product_brand?post=143510"},{"taxonomy":"product_cat","embeddable":true,"href":"https:\/\/www.heatsupply.nl\/de\/wp-json\/wp\/v2\/product_cat?post=143510"},{"taxonomy":"product_tag","embeddable":true,"href":"https:\/\/www.heatsupply.nl\/de\/wp-json\/wp\/v2\/product_tag?post=143510"}],"curies":[{"name":"wp","href":"https:\/\/api.w.org\/{rel}","templated":true}]}}