{"id":143498,"date":"2020-03-12T15:09:00","date_gmt":"2020-03-12T14:09:00","guid":{"rendered":"https:\/\/www.heatsupply.nl\/product\/crazy-bastard-superhot-reaper-hot-sauce-2\/"},"modified":"2026-01-13T13:13:23","modified_gmt":"2026-01-13T12:13:23","slug":"crazy-bastard-superhot-reaper-hot-sauce","status":"publish","type":"product","link":"https:\/\/www.heatsupply.nl\/de\/produkt\/crazy-bastard-superhot-reaper-hot-sauce\/","title":{"rendered":"Crazy Bastard Sauce Superhot Reaper"},"content":{"rendered":"<p><strong>Zutaten Crazy Bastard Superhot Reaper hot sauce<\/strong>: Carolina Reaper Chilis (50%), Wei\u00dfweinessig, kreolische Gew\u00fcrze (Knoblauch, Oregano, Thymian, Cayenne, Pfeffer, Kreuzk\u00fcmmel), Senfpulver, Meersalz, Stabilisierung durch Guarkernmehl.<\/p>\n<p><span style=\"text-decoration: underline;\">N\u00e4hrwertangaben pro 100gr:<\/span><br \/>\nEnergie: 209 kJ\/50 kcal<br \/>\nFett: 0,8 g<br \/>\ndavon ges\u00e4ttigte Fette: 0,1 g<br \/>\nKohlenhydrate: 9,2 g<br \/>\ndavon Zucker: 6,9 g<br \/>\nEiwei\u00df: 2 g<br \/>\nSalz: 0,5 g<\/p>\n<p>Vor dem Gebrauch sch\u00fctteln und nach dem \u00d6ffnen im K\u00fchlschrank aufbewahren.<\/p>\n","protected":false},"excerpt":{"rendered":"<p style=\"text-align: justify;\">Diese Crazy Bastard Superhot Reaper Hot Sauce ist die sch\u00e4rfste Sauce, die die deutsche Marke zu bieten hat. Die Sauce besteht zu nicht weniger als 50% aus dem ehemals sch\u00e4rfsten Pfeffer der Welt: dem Carolina Reaper. Damit erreicht sie laut Crazy Bastard sagenhafte 500.000 SHU und kann zu Recht als extrem scharf bezeichnet werden. Aber auch der Geschmack ist einfach gro\u00dfartig. Nat\u00fcrlich wegen des frischen Reaper-Aromas, aber die kreolischen Gew\u00fcrze wie Knoblauch, Oregano und Kreuzk\u00fcmmel verleihen ihm eine zus\u00e4tzliche Dimension.<\/p>\n<p style=\"text-align: justify;\">Herkunft: Berlin, Deutschland<\/p>\n<p style=\"text-align: justify;\">Inhalt: 100ml<\/p>\n","protected":false},"featured_media":143502,"comment_status":"open","ping_status":"closed","template":"","meta":{"_acf_changed":false},"product_brand":[],"product_cat":[3929,3994,3918,3787,4046],"product_tag":[],"class_list":{"0":"post-143498","1":"product","2":"type-product","3":"status-publish","4":"has-post-thumbnail","6":"product_cat-carolina-reaper","7":"product_cat-europaeische-scharfe-saucen","8":"product_cat-extrem-scharf","9":"product_cat-scharfe-sossen","10":"product_cat-spicy","12":"first","13":"instock","14":"taxable","15":"shipping-taxable","16":"purchasable","17":"product-type-simple"},"bundled_by":[],"bundle_stock_status":"instock","bundle_stock_quantity":72,"bundle_virtual":false,"bundle_layout":"","bundle_add_to_cart_form_location":"","bundle_editable_in_cart":false,"bundle_sold_individually_context":"","bundle_item_grouping":"","bundle_min_size":"","bundle_max_size":"","bundle_price":[],"bundled_items":[],"bundle_sell_ids":[],"acf":[],"yoast_head":"<!-- This site is optimized with the Yoast SEO Premium plugin v27.4 (Yoast SEO v27.4) - https:\/\/yoast.com\/product\/yoast-seo-premium-wordpress\/ -->\n<title>Crazy Bastard Sauce Superhot Reaper - Heatsupply<\/title>\n<meta name=\"description\" content=\"Diese Crazy Bastard Superhot Reaper Hot Sauce enth\u00e4lt satte 50% Carolina Reaper (ehemals der sch\u00e4rfste Pfeffer der Welt). Hier bestellen.\" \/>\n<meta name=\"robots\" content=\"index, follow, max-snippet:-1, max-image-preview:large, max-video-preview:-1\" \/>\n<link rel=\"canonical\" href=\"https:\/\/www.heatsupply.nl\/de\/produkt\/crazy-bastard-superhot-reaper-hot-sauce\/\" \/>\n<meta property=\"og:locale\" content=\"de_DE\" \/>\n<meta property=\"og:type\" content=\"article\" \/>\n<meta property=\"og:title\" content=\"Crazy Bastard Sauce Superhot Reaper\" \/>\n<meta property=\"og:description\" content=\"Diese Crazy Bastard Superhot Reaper Hot Sauce enth\u00e4lt satte 50% Carolina Reaper (ehemals der sch\u00e4rfste Pfeffer der Welt). Hier bestellen.\" \/>\n<meta property=\"og:url\" content=\"https:\/\/www.heatsupply.nl\/de\/produkt\/crazy-bastard-superhot-reaper-hot-sauce\/\" \/>\n<meta property=\"og:site_name\" content=\"Heatsupply\" \/>\n<meta property=\"article:publisher\" content=\"https:\/\/www.facebook.com\/heatsupplyNL\" \/>\n<meta property=\"article:modified_time\" content=\"2026-01-13T12:13:23+00:00\" \/>\n<meta property=\"og:image\" content=\"https:\/\/www.heatsupply.nl\/wp-content\/uploads\/2020\/03\/crazy-bastard-super-hot-carolina-reaper-hot-sauce.jpg\" \/>\n\t<meta property=\"og:image:width\" content=\"1400\" \/>\n\t<meta property=\"og:image:height\" content=\"1400\" \/>\n\t<meta property=\"og:image:type\" content=\"image\/jpeg\" \/>\n<meta name=\"twitter:card\" content=\"summary_large_image\" \/>\n<meta name=\"twitter:label1\" content=\"Preis\" \/>\n\t<meta name=\"twitter:data1\" content=\"&euro;13,95\" \/>\n\t<meta name=\"twitter:label2\" content=\"Verf\u00fcgbarkeit\" \/>\n\t<meta name=\"twitter:data2\" content=\"Auf Lager\" \/>\n<script type=\"application\/ld+json\" class=\"yoast-schema-graph\">{\"@context\":\"https:\\\/\\\/schema.org\",\"@graph\":[{\"@type\":\"WebPage\",\"@id\":\"https:\\\/\\\/www.heatsupply.nl\\\/de\\\/produkt\\\/crazy-bastard-superhot-reaper-hot-sauce\\\/\",\"url\":\"https:\\\/\\\/www.heatsupply.nl\\\/de\\\/produkt\\\/crazy-bastard-superhot-reaper-hot-sauce\\\/\",\"name\":\"Crazy Bastard Sauce Superhot Reaper - Heatsupply\",\"isPartOf\":{\"@id\":\"https:\\\/\\\/www.heatsupply.nl\\\/de\\\/#website\"},\"primaryImageOfPage\":{\"@id\":\"https:\\\/\\\/www.heatsupply.nl\\\/de\\\/produkt\\\/crazy-bastard-superhot-reaper-hot-sauce\\\/#primaryimage\"},\"image\":{\"@id\":\"https:\\\/\\\/www.heatsupply.nl\\\/de\\\/produkt\\\/crazy-bastard-superhot-reaper-hot-sauce\\\/#primaryimage\"},\"thumbnailUrl\":\"https:\\\/\\\/www.heatsupply.nl\\\/wp-content\\\/uploads\\\/2020\\\/03\\\/crazy-bastard-super-hot-carolina-reaper-hot-sauce.jpg\",\"datePublished\":\"2020-03-12T14:09:00+00:00\",\"dateModified\":\"2026-01-13T12:13:23+00:00\",\"description\":\"Diese Crazy Bastard Superhot Reaper Hot Sauce enth\u00e4lt satte 50% Carolina Reaper (ehemals der sch\u00e4rfste Pfeffer der Welt). Hier bestellen.\",\"breadcrumb\":{\"@id\":\"https:\\\/\\\/www.heatsupply.nl\\\/de\\\/produkt\\\/crazy-bastard-superhot-reaper-hot-sauce\\\/#breadcrumb\"},\"inLanguage\":\"de\",\"potentialAction\":[{\"@type\":\"ReadAction\",\"target\":[\"https:\\\/\\\/www.heatsupply.nl\\\/de\\\/produkt\\\/crazy-bastard-superhot-reaper-hot-sauce\\\/\"]}]},{\"@type\":\"ImageObject\",\"inLanguage\":\"de\",\"@id\":\"https:\\\/\\\/www.heatsupply.nl\\\/de\\\/produkt\\\/crazy-bastard-superhot-reaper-hot-sauce\\\/#primaryimage\",\"url\":\"https:\\\/\\\/www.heatsupply.nl\\\/wp-content\\\/uploads\\\/2020\\\/03\\\/crazy-bastard-super-hot-carolina-reaper-hot-sauce.jpg\",\"contentUrl\":\"https:\\\/\\\/www.heatsupply.nl\\\/wp-content\\\/uploads\\\/2020\\\/03\\\/crazy-bastard-super-hot-carolina-reaper-hot-sauce.jpg\",\"width\":1400,\"height\":1400},{\"@type\":\"BreadcrumbList\",\"@id\":\"https:\\\/\\\/www.heatsupply.nl\\\/de\\\/produkt\\\/crazy-bastard-superhot-reaper-hot-sauce\\\/#breadcrumb\",\"itemListElement\":[{\"@type\":\"ListItem\",\"position\":1,\"name\":\"Home\",\"item\":\"https:\\\/\\\/www.heatsupply.nl\\\/de\\\/\"},{\"@type\":\"ListItem\",\"position\":2,\"name\":\"Alle produkten\",\"item\":\"https:\\\/\\\/www.heatsupply.nl\\\/de\\\/alle-produkten\\\/\"},{\"@type\":\"ListItem\",\"position\":3,\"name\":\"Scharfe So\u00dfen\",\"item\":\"https:\\\/\\\/www.heatsupply.nl\\\/de\\\/scharfe-sossen\\\/\"},{\"@type\":\"ListItem\",\"position\":4,\"name\":\"Carolina Reaper\",\"item\":\"https:\\\/\\\/www.heatsupply.nl\\\/de\\\/scharfe-sossen\\\/carolina-reaper\\\/\"},{\"@type\":\"ListItem\",\"position\":5,\"name\":\"Crazy Bastard Sauce Superhot Reaper\"}]},{\"@type\":\"WebSite\",\"@id\":\"https:\\\/\\\/www.heatsupply.nl\\\/de\\\/#website\",\"url\":\"https:\\\/\\\/www.heatsupply.nl\\\/de\\\/\",\"name\":\"Heatsupply\",\"description\":\"Hot sauce webstore #1 in Europe\",\"publisher\":{\"@id\":\"https:\\\/\\\/www.heatsupply.nl\\\/de\\\/#organization\"},\"potentialAction\":[{\"@type\":\"SearchAction\",\"target\":{\"@type\":\"EntryPoint\",\"urlTemplate\":\"https:\\\/\\\/www.heatsupply.nl\\\/de\\\/?s={search_term_string}\"},\"query-input\":{\"@type\":\"PropertyValueSpecification\",\"valueRequired\":true,\"valueName\":\"search_term_string\"}}],\"inLanguage\":\"de\"},{\"@type\":\"Organization\",\"@id\":\"https:\\\/\\\/www.heatsupply.nl\\\/de\\\/#organization\",\"name\":\"Heatsupply\",\"url\":\"https:\\\/\\\/www.heatsupply.nl\\\/de\\\/\",\"logo\":{\"@type\":\"ImageObject\",\"inLanguage\":\"de\",\"@id\":\"https:\\\/\\\/www.heatsupply.nl\\\/de\\\/#\\\/schema\\\/logo\\\/image\\\/\",\"url\":\"https:\\\/\\\/www.heatsupply.nl\\\/wp-content\\\/uploads\\\/2022\\\/10\\\/heatsupply-logo-rood.jpg\",\"contentUrl\":\"https:\\\/\\\/www.heatsupply.nl\\\/wp-content\\\/uploads\\\/2022\\\/10\\\/heatsupply-logo-rood.jpg\",\"width\":1000,\"height\":335,\"caption\":\"Heatsupply\"},\"image\":{\"@id\":\"https:\\\/\\\/www.heatsupply.nl\\\/de\\\/#\\\/schema\\\/logo\\\/image\\\/\"},\"sameAs\":[\"https:\\\/\\\/www.facebook.com\\\/heatsupplyNL\",\"https:\\\/\\\/www.instagram.com\\\/heatsuppy.nl\",\"https:\\\/\\\/www.youtube.com\\\/channel\\\/UC5pOWqQtljvxTz2SMWGWCsw\"]}]}<\/script>\n<meta property=\"product:brand\" content=\"Crazy Bastard\" \/>\n<meta property=\"product:price:amount\" content=\"13.95\" \/>\n<meta property=\"product:price:currency\" content=\"EUR\" \/>\n<meta property=\"og:availability\" content=\"instock\" \/>\n<meta property=\"product:availability\" content=\"instock\" \/>\n<meta property=\"product:retailer_item_id\" content=\"CBSHR001\" \/>\n<meta property=\"product:condition\" content=\"new\" \/>\n<!-- \/ Yoast SEO Premium plugin. -->","yoast_head_json":{"title":"Crazy Bastard Sauce Superhot Reaper - Heatsupply","description":"Diese Crazy Bastard Superhot Reaper Hot Sauce enth\u00e4lt satte 50% Carolina Reaper (ehemals der sch\u00e4rfste Pfeffer der Welt). Hier bestellen.","robots":{"index":"index","follow":"follow","max-snippet":"max-snippet:-1","max-image-preview":"max-image-preview:large","max-video-preview":"max-video-preview:-1"},"canonical":"https:\/\/www.heatsupply.nl\/de\/produkt\/crazy-bastard-superhot-reaper-hot-sauce\/","og_locale":"de_DE","og_type":"article","og_title":"Crazy Bastard Sauce Superhot Reaper","og_description":"Diese Crazy Bastard Superhot Reaper Hot Sauce enth\u00e4lt satte 50% Carolina Reaper (ehemals der sch\u00e4rfste Pfeffer der Welt). Hier bestellen.","og_url":"https:\/\/www.heatsupply.nl\/de\/produkt\/crazy-bastard-superhot-reaper-hot-sauce\/","og_site_name":"Heatsupply","article_publisher":"https:\/\/www.facebook.com\/heatsupplyNL","article_modified_time":"2026-01-13T12:13:23+00:00","og_image":[{"width":1400,"height":1400,"url":"https:\/\/www.heatsupply.nl\/wp-content\/uploads\/2020\/03\/crazy-bastard-super-hot-carolina-reaper-hot-sauce.jpg","type":"image\/jpeg"}],"twitter_card":"summary_large_image","twitter_misc":{"Preis":"&euro;13,95","Verf\u00fcgbarkeit":"Auf Lager"},"schema":{"@context":"https:\/\/schema.org","@graph":[{"@type":"WebPage","@id":"https:\/\/www.heatsupply.nl\/de\/produkt\/crazy-bastard-superhot-reaper-hot-sauce\/","url":"https:\/\/www.heatsupply.nl\/de\/produkt\/crazy-bastard-superhot-reaper-hot-sauce\/","name":"Crazy Bastard Sauce Superhot Reaper - Heatsupply","isPartOf":{"@id":"https:\/\/www.heatsupply.nl\/de\/#website"},"primaryImageOfPage":{"@id":"https:\/\/www.heatsupply.nl\/de\/produkt\/crazy-bastard-superhot-reaper-hot-sauce\/#primaryimage"},"image":{"@id":"https:\/\/www.heatsupply.nl\/de\/produkt\/crazy-bastard-superhot-reaper-hot-sauce\/#primaryimage"},"thumbnailUrl":"https:\/\/www.heatsupply.nl\/wp-content\/uploads\/2020\/03\/crazy-bastard-super-hot-carolina-reaper-hot-sauce.jpg","datePublished":"2020-03-12T14:09:00+00:00","dateModified":"2026-01-13T12:13:23+00:00","description":"Diese Crazy Bastard Superhot Reaper Hot Sauce enth\u00e4lt satte 50% Carolina Reaper (ehemals der sch\u00e4rfste Pfeffer der Welt). Hier bestellen.","breadcrumb":{"@id":"https:\/\/www.heatsupply.nl\/de\/produkt\/crazy-bastard-superhot-reaper-hot-sauce\/#breadcrumb"},"inLanguage":"de","potentialAction":[{"@type":"ReadAction","target":["https:\/\/www.heatsupply.nl\/de\/produkt\/crazy-bastard-superhot-reaper-hot-sauce\/"]}]},{"@type":"ImageObject","inLanguage":"de","@id":"https:\/\/www.heatsupply.nl\/de\/produkt\/crazy-bastard-superhot-reaper-hot-sauce\/#primaryimage","url":"https:\/\/www.heatsupply.nl\/wp-content\/uploads\/2020\/03\/crazy-bastard-super-hot-carolina-reaper-hot-sauce.jpg","contentUrl":"https:\/\/www.heatsupply.nl\/wp-content\/uploads\/2020\/03\/crazy-bastard-super-hot-carolina-reaper-hot-sauce.jpg","width":1400,"height":1400},{"@type":"BreadcrumbList","@id":"https:\/\/www.heatsupply.nl\/de\/produkt\/crazy-bastard-superhot-reaper-hot-sauce\/#breadcrumb","itemListElement":[{"@type":"ListItem","position":1,"name":"Home","item":"https:\/\/www.heatsupply.nl\/de\/"},{"@type":"ListItem","position":2,"name":"Alle produkten","item":"https:\/\/www.heatsupply.nl\/de\/alle-produkten\/"},{"@type":"ListItem","position":3,"name":"Scharfe So\u00dfen","item":"https:\/\/www.heatsupply.nl\/de\/scharfe-sossen\/"},{"@type":"ListItem","position":4,"name":"Carolina Reaper","item":"https:\/\/www.heatsupply.nl\/de\/scharfe-sossen\/carolina-reaper\/"},{"@type":"ListItem","position":5,"name":"Crazy Bastard Sauce Superhot Reaper"}]},{"@type":"WebSite","@id":"https:\/\/www.heatsupply.nl\/de\/#website","url":"https:\/\/www.heatsupply.nl\/de\/","name":"Heatsupply","description":"Hot sauce webstore #1 in Europe","publisher":{"@id":"https:\/\/www.heatsupply.nl\/de\/#organization"},"potentialAction":[{"@type":"SearchAction","target":{"@type":"EntryPoint","urlTemplate":"https:\/\/www.heatsupply.nl\/de\/?s={search_term_string}"},"query-input":{"@type":"PropertyValueSpecification","valueRequired":true,"valueName":"search_term_string"}}],"inLanguage":"de"},{"@type":"Organization","@id":"https:\/\/www.heatsupply.nl\/de\/#organization","name":"Heatsupply","url":"https:\/\/www.heatsupply.nl\/de\/","logo":{"@type":"ImageObject","inLanguage":"de","@id":"https:\/\/www.heatsupply.nl\/de\/#\/schema\/logo\/image\/","url":"https:\/\/www.heatsupply.nl\/wp-content\/uploads\/2022\/10\/heatsupply-logo-rood.jpg","contentUrl":"https:\/\/www.heatsupply.nl\/wp-content\/uploads\/2022\/10\/heatsupply-logo-rood.jpg","width":1000,"height":335,"caption":"Heatsupply"},"image":{"@id":"https:\/\/www.heatsupply.nl\/de\/#\/schema\/logo\/image\/"},"sameAs":["https:\/\/www.facebook.com\/heatsupplyNL","https:\/\/www.instagram.com\/heatsuppy.nl","https:\/\/www.youtube.com\/channel\/UC5pOWqQtljvxTz2SMWGWCsw"]}]},"product_brand":"Crazy Bastard","product_price_amount":"13.95","product_price_currency":"EUR","og_availability":"instock","product_availability":"instock","product_retailer_item_id":"CBSHR001","product_condition":"new"},"_links":{"self":[{"href":"https:\/\/www.heatsupply.nl\/de\/wp-json\/wp\/v2\/product\/143498","targetHints":{"allow":["GET"]}}],"collection":[{"href":"https:\/\/www.heatsupply.nl\/de\/wp-json\/wp\/v2\/product"}],"about":[{"href":"https:\/\/www.heatsupply.nl\/de\/wp-json\/wp\/v2\/types\/product"}],"replies":[{"embeddable":true,"href":"https:\/\/www.heatsupply.nl\/de\/wp-json\/wp\/v2\/comments?post=143498"}],"wp:featuredmedia":[{"embeddable":true,"href":"https:\/\/www.heatsupply.nl\/de\/wp-json\/wp\/v2\/media\/143502"}],"wp:attachment":[{"href":"https:\/\/www.heatsupply.nl\/de\/wp-json\/wp\/v2\/media?parent=143498"}],"wp:term":[{"taxonomy":"product_brand","embeddable":true,"href":"https:\/\/www.heatsupply.nl\/de\/wp-json\/wp\/v2\/product_brand?post=143498"},{"taxonomy":"product_cat","embeddable":true,"href":"https:\/\/www.heatsupply.nl\/de\/wp-json\/wp\/v2\/product_cat?post=143498"},{"taxonomy":"product_tag","embeddable":true,"href":"https:\/\/www.heatsupply.nl\/de\/wp-json\/wp\/v2\/product_tag?post=143498"}],"curies":[{"name":"wp","href":"https:\/\/api.w.org\/{rel}","templated":true}]}}