{"id":143492,"date":"2020-01-22T14:08:00","date_gmt":"2020-01-22T13:08:00","guid":{"rendered":"https:\/\/www.heatsupply.nl\/product\/queen-majesty-hot-sauce-trinity-3er-pack-mini\/"},"modified":"2026-04-22T13:48:19","modified_gmt":"2026-04-22T11:48:19","slug":"queen-majesty-hot-sauce-trinity-3er-pack-mini","status":"publish","type":"product","link":"https:\/\/www.heatsupply.nl\/de\/produkt\/queen-majesty-hot-sauce-trinity-3er-pack-mini\/","title":{"rendered":"Queen Majesty Hot Sauce Trinity (3er Pack mini)"},"content":{"rendered":"<p>Diese Queen Majesty Hot Sauce Trinity Packung besteht aus Mini-Versionen (59 ml) der drei beliebtesten <strong>Queen Majesty<\/strong>-Saucen:<\/p>\n<p><strong>Queen Majesty Jalape\u00f1o, Tequila &amp; Lime<\/strong> &#8211; eine sehr frische Sauce mit einem leichten Brennen durch die Jalape\u00f1os. Nat\u00fcrlich ist es vor allem die Limette, die f\u00fcr die Frische sorgt, aber auch der gr\u00fcne Apfel ist leicht zu schmecken. In Kombination mit Tequila ist es auf jeden Fall ein Geschmackserlebnis. Besonders lecker zu Avocados, Tacos, Eiern, Salaten und Sandwiches.<\/p>\n<p><strong>Queen Majesty Scotch Bonnet &amp; Ginger<\/strong> &#8211; eine k\u00f6stliche und einzigartige scharfe Sauce durch den sehr erkennbaren Geschmack von Ingwer in Kombination mit der mittleren Sch\u00e4rfe der Scotch Bonnet-Paprika. Die Sauce hat einen frischen, s\u00e4uerlichen, w\u00fcrzigen Charakter und passt hervorragend zu Suppen, Reisgerichten, Eiern und Sandwiches.<\/p>\n<p><strong>Queen Majesty Red Habanero &amp; Black Coffee<\/strong> &#8211; Der Name verr\u00e4t schon, dass es sich hier um eine ganz besondere scharfe Sauce handelt. Der schwarze Kaffee ist im Geschmack leicht pr\u00e4sent, aber es sind vor allem die Paprika und die roten Habaneros, die leicht zu schmecken und zu sp\u00fcren sind. Die Habaneros sorgen in der Tat f\u00fcr ein k\u00f6stliches Brennen. Passt hervorragend zu Pizza, Falafel, Sandwiches, Burgern und Eint\u00f6pfen.<\/p>\n<p>Sie k\u00f6nnen dieses Queen Majesty 3er-Pack auch in normaler Gr\u00f6\u00dfe bestellen, aber ohne diese Verpackung.<\/p>\n","protected":false},"excerpt":{"rendered":"<p><span style=\"font-weight: 500;\">Bist du Fan der Queen Majesty Hot Sauce, suchst du ein nettes Geschenk oder m\u00f6chtest du dich mit Hot Sauce vertraut machen? In jedem Fall ist diese Queen Majesty Hot Sauce Trinity Packung die perfekte Wahl. In dieser coolen Packung findest du Mini-Versionen der 3 beliebtesten Queen Majesty-Saucen (weitere Informationen zu den Saucen findest du unten auf dieser Seite). Die Flaschen enthalten jeweils 59 Milliliter Hot Sauce und sind, wie du es von Queen Majesty gewohnt bist, von erstklassiger Qualit\u00e4t.<\/span><\/p>\n<p><span style=\"font-weight: 500;\">Herkunft: New York, USA<\/span><\/p>\n<p><span style=\"font-weight: 500;\">Inhalt: 3 x 59 ml (177 ml insgesamt)<\/span><\/p>\n","protected":false},"featured_media":143493,"comment_status":"open","ping_status":"closed","template":"","meta":{"_acf_changed":false},"product_brand":[],"product_cat":[3965,4069,4077,3787,4046],"product_tag":[],"class_list":{"0":"post-143492","1":"product","2":"type-product","3":"status-publish","4":"has-post-thumbnail","6":"product_cat-packs","7":"product_cat-geschenksets","8":"product_cat-packs-spicy","9":"product_cat-scharfe-sossen","10":"product_cat-spicy","12":"first","13":"instock","14":"taxable","15":"shipping-taxable","16":"purchasable","17":"product-type-simple"},"bundled_by":[],"bundle_stock_status":"instock","bundle_stock_quantity":37,"bundle_virtual":false,"bundle_layout":"","bundle_add_to_cart_form_location":"","bundle_editable_in_cart":false,"bundle_sold_individually_context":"","bundle_item_grouping":"","bundle_min_size":"","bundle_max_size":"","bundle_price":[],"bundled_items":[],"bundle_sell_ids":[],"acf":[],"yoast_head":"<!-- This site is optimized with the Yoast SEO Premium plugin v27.4 (Yoast SEO v27.4) - https:\/\/yoast.com\/product\/yoast-seo-premium-wordpress\/ -->\n<title>Queen Majesty Hot Sauce Trinity (3er Pack mini) - Heatsupply<\/title>\n<meta name=\"description\" content=\"Diese Queen Majesty Trinity Packung besteht aus Mini-Versionen der 3 beliebtesten Queen Majesty Hot Sauces. Ideal zum Kennenlernen der Marke und der Hot Sauce!\" \/>\n<meta name=\"robots\" content=\"index, follow, max-snippet:-1, max-image-preview:large, max-video-preview:-1\" \/>\n<link rel=\"canonical\" href=\"https:\/\/www.heatsupply.nl\/de\/produkt\/queen-majesty-hot-sauce-trinity-3er-pack-mini\/\" \/>\n<meta property=\"og:locale\" content=\"de_DE\" \/>\n<meta property=\"og:type\" content=\"article\" \/>\n<meta property=\"og:title\" content=\"Queen Majesty Hot Sauce Trinity (3er Pack mini)\" \/>\n<meta property=\"og:description\" content=\"Diese Queen Majesty Trinity Packung besteht aus Mini-Versionen der 3 beliebtesten Queen Majesty Hot Sauces. Ideal zum Kennenlernen der Marke und der Hot Sauce!\" \/>\n<meta property=\"og:url\" content=\"https:\/\/www.heatsupply.nl\/de\/produkt\/queen-majesty-hot-sauce-trinity-3er-pack-mini\/\" \/>\n<meta property=\"og:site_name\" content=\"Heatsupply\" \/>\n<meta property=\"article:publisher\" content=\"https:\/\/www.facebook.com\/heatsupplyNL\" \/>\n<meta property=\"article:modified_time\" content=\"2026-04-22T11:48:19+00:00\" \/>\n<meta property=\"og:image\" content=\"https:\/\/www.heatsupply.nl\/wp-content\/uploads\/2017\/12\/queen-majesty-hot-sauce-3-pack-trinity.jpg\" \/>\n\t<meta property=\"og:image:width\" content=\"1400\" \/>\n\t<meta property=\"og:image:height\" content=\"1400\" \/>\n\t<meta property=\"og:image:type\" content=\"image\/jpeg\" \/>\n<meta name=\"twitter:card\" content=\"summary_large_image\" \/>\n<meta name=\"twitter:label1\" content=\"Preis\" \/>\n\t<meta name=\"twitter:data1\" content=\"&euro;19,95\" \/>\n\t<meta name=\"twitter:label2\" content=\"Verf\u00fcgbarkeit\" \/>\n\t<meta name=\"twitter:data2\" content=\"Auf Lager\" \/>\n<script type=\"application\/ld+json\" class=\"yoast-schema-graph\">{\"@context\":\"https:\\\/\\\/schema.org\",\"@graph\":[{\"@type\":\"WebPage\",\"@id\":\"https:\\\/\\\/www.heatsupply.nl\\\/de\\\/produkt\\\/queen-majesty-hot-sauce-trinity-3er-pack-mini\\\/\",\"url\":\"https:\\\/\\\/www.heatsupply.nl\\\/de\\\/produkt\\\/queen-majesty-hot-sauce-trinity-3er-pack-mini\\\/\",\"name\":\"Queen Majesty Hot Sauce Trinity (3er Pack mini) - Heatsupply\",\"isPartOf\":{\"@id\":\"https:\\\/\\\/www.heatsupply.nl\\\/de\\\/#website\"},\"primaryImageOfPage\":{\"@id\":\"https:\\\/\\\/www.heatsupply.nl\\\/de\\\/produkt\\\/queen-majesty-hot-sauce-trinity-3er-pack-mini\\\/#primaryimage\"},\"image\":{\"@id\":\"https:\\\/\\\/www.heatsupply.nl\\\/de\\\/produkt\\\/queen-majesty-hot-sauce-trinity-3er-pack-mini\\\/#primaryimage\"},\"thumbnailUrl\":\"https:\\\/\\\/www.heatsupply.nl\\\/wp-content\\\/uploads\\\/2017\\\/12\\\/queen-majesty-hot-sauce-3-pack-trinity.jpg\",\"datePublished\":\"2020-01-22T13:08:00+00:00\",\"dateModified\":\"2026-04-22T11:48:19+00:00\",\"description\":\"Diese Queen Majesty Trinity Packung besteht aus Mini-Versionen der 3 beliebtesten Queen Majesty Hot Sauces. Ideal zum Kennenlernen der Marke und der Hot Sauce!\",\"breadcrumb\":{\"@id\":\"https:\\\/\\\/www.heatsupply.nl\\\/de\\\/produkt\\\/queen-majesty-hot-sauce-trinity-3er-pack-mini\\\/#breadcrumb\"},\"inLanguage\":\"de\",\"potentialAction\":[{\"@type\":\"ReadAction\",\"target\":[\"https:\\\/\\\/www.heatsupply.nl\\\/de\\\/produkt\\\/queen-majesty-hot-sauce-trinity-3er-pack-mini\\\/\"]}]},{\"@type\":\"ImageObject\",\"inLanguage\":\"de\",\"@id\":\"https:\\\/\\\/www.heatsupply.nl\\\/de\\\/produkt\\\/queen-majesty-hot-sauce-trinity-3er-pack-mini\\\/#primaryimage\",\"url\":\"https:\\\/\\\/www.heatsupply.nl\\\/wp-content\\\/uploads\\\/2017\\\/12\\\/queen-majesty-hot-sauce-3-pack-trinity.jpg\",\"contentUrl\":\"https:\\\/\\\/www.heatsupply.nl\\\/wp-content\\\/uploads\\\/2017\\\/12\\\/queen-majesty-hot-sauce-3-pack-trinity.jpg\",\"width\":1400,\"height\":1400},{\"@type\":\"BreadcrumbList\",\"@id\":\"https:\\\/\\\/www.heatsupply.nl\\\/de\\\/produkt\\\/queen-majesty-hot-sauce-trinity-3er-pack-mini\\\/#breadcrumb\",\"itemListElement\":[{\"@type\":\"ListItem\",\"position\":1,\"name\":\"Home\",\"item\":\"https:\\\/\\\/www.heatsupply.nl\\\/de\\\/\"},{\"@type\":\"ListItem\",\"position\":2,\"name\":\"Alle produkten\",\"item\":\"https:\\\/\\\/www.heatsupply.nl\\\/de\\\/alle-produkten\\\/\"},{\"@type\":\"ListItem\",\"position\":3,\"name\":\"Scharfe So\u00dfen\",\"item\":\"https:\\\/\\\/www.heatsupply.nl\\\/de\\\/scharfe-sossen\\\/\"},{\"@type\":\"ListItem\",\"position\":4,\"name\":\"Geschenksets\",\"item\":\"https:\\\/\\\/www.heatsupply.nl\\\/de\\\/scharfe-sossen\\\/packs\\\/\"},{\"@type\":\"ListItem\",\"position\":5,\"name\":\"Queen Majesty Hot Sauce Trinity (3er Pack mini)\"}]},{\"@type\":\"WebSite\",\"@id\":\"https:\\\/\\\/www.heatsupply.nl\\\/de\\\/#website\",\"url\":\"https:\\\/\\\/www.heatsupply.nl\\\/de\\\/\",\"name\":\"Heatsupply\",\"description\":\"Hot sauce webstore #1 in Europe\",\"publisher\":{\"@id\":\"https:\\\/\\\/www.heatsupply.nl\\\/de\\\/#organization\"},\"potentialAction\":[{\"@type\":\"SearchAction\",\"target\":{\"@type\":\"EntryPoint\",\"urlTemplate\":\"https:\\\/\\\/www.heatsupply.nl\\\/de\\\/?s={search_term_string}\"},\"query-input\":{\"@type\":\"PropertyValueSpecification\",\"valueRequired\":true,\"valueName\":\"search_term_string\"}}],\"inLanguage\":\"de\"},{\"@type\":\"Organization\",\"@id\":\"https:\\\/\\\/www.heatsupply.nl\\\/de\\\/#organization\",\"name\":\"Heatsupply\",\"url\":\"https:\\\/\\\/www.heatsupply.nl\\\/de\\\/\",\"logo\":{\"@type\":\"ImageObject\",\"inLanguage\":\"de\",\"@id\":\"https:\\\/\\\/www.heatsupply.nl\\\/de\\\/#\\\/schema\\\/logo\\\/image\\\/\",\"url\":\"https:\\\/\\\/www.heatsupply.nl\\\/wp-content\\\/uploads\\\/2022\\\/10\\\/heatsupply-logo-rood.jpg\",\"contentUrl\":\"https:\\\/\\\/www.heatsupply.nl\\\/wp-content\\\/uploads\\\/2022\\\/10\\\/heatsupply-logo-rood.jpg\",\"width\":1000,\"height\":335,\"caption\":\"Heatsupply\"},\"image\":{\"@id\":\"https:\\\/\\\/www.heatsupply.nl\\\/de\\\/#\\\/schema\\\/logo\\\/image\\\/\"},\"sameAs\":[\"https:\\\/\\\/www.facebook.com\\\/heatsupplyNL\",\"https:\\\/\\\/www.instagram.com\\\/heatsuppy.nl\",\"https:\\\/\\\/www.youtube.com\\\/channel\\\/UC5pOWqQtljvxTz2SMWGWCsw\"]}]}<\/script>\n<meta property=\"product:brand\" content=\"Queen Majesty\" \/>\n<meta property=\"product:price:amount\" content=\"19.95\" \/>\n<meta property=\"product:price:currency\" content=\"EUR\" \/>\n<meta property=\"og:availability\" content=\"instock\" \/>\n<meta property=\"product:availability\" content=\"instock\" \/>\n<meta property=\"product:retailer_item_id\" content=\"QMHST002\" \/>\n<meta property=\"product:condition\" content=\"new\" \/>\n<!-- \/ Yoast SEO Premium plugin. -->","yoast_head_json":{"title":"Queen Majesty Hot Sauce Trinity (3er Pack mini) - Heatsupply","description":"Diese Queen Majesty Trinity Packung besteht aus Mini-Versionen der 3 beliebtesten Queen Majesty Hot Sauces. Ideal zum Kennenlernen der Marke und der Hot Sauce!","robots":{"index":"index","follow":"follow","max-snippet":"max-snippet:-1","max-image-preview":"max-image-preview:large","max-video-preview":"max-video-preview:-1"},"canonical":"https:\/\/www.heatsupply.nl\/de\/produkt\/queen-majesty-hot-sauce-trinity-3er-pack-mini\/","og_locale":"de_DE","og_type":"article","og_title":"Queen Majesty Hot Sauce Trinity (3er Pack mini)","og_description":"Diese Queen Majesty Trinity Packung besteht aus Mini-Versionen der 3 beliebtesten Queen Majesty Hot Sauces. Ideal zum Kennenlernen der Marke und der Hot Sauce!","og_url":"https:\/\/www.heatsupply.nl\/de\/produkt\/queen-majesty-hot-sauce-trinity-3er-pack-mini\/","og_site_name":"Heatsupply","article_publisher":"https:\/\/www.facebook.com\/heatsupplyNL","article_modified_time":"2026-04-22T11:48:19+00:00","og_image":[{"width":1400,"height":1400,"url":"https:\/\/www.heatsupply.nl\/wp-content\/uploads\/2017\/12\/queen-majesty-hot-sauce-3-pack-trinity.jpg","type":"image\/jpeg"}],"twitter_card":"summary_large_image","twitter_misc":{"Preis":"&euro;19,95","Verf\u00fcgbarkeit":"Auf Lager"},"schema":{"@context":"https:\/\/schema.org","@graph":[{"@type":"WebPage","@id":"https:\/\/www.heatsupply.nl\/de\/produkt\/queen-majesty-hot-sauce-trinity-3er-pack-mini\/","url":"https:\/\/www.heatsupply.nl\/de\/produkt\/queen-majesty-hot-sauce-trinity-3er-pack-mini\/","name":"Queen Majesty Hot Sauce Trinity (3er Pack mini) - Heatsupply","isPartOf":{"@id":"https:\/\/www.heatsupply.nl\/de\/#website"},"primaryImageOfPage":{"@id":"https:\/\/www.heatsupply.nl\/de\/produkt\/queen-majesty-hot-sauce-trinity-3er-pack-mini\/#primaryimage"},"image":{"@id":"https:\/\/www.heatsupply.nl\/de\/produkt\/queen-majesty-hot-sauce-trinity-3er-pack-mini\/#primaryimage"},"thumbnailUrl":"https:\/\/www.heatsupply.nl\/wp-content\/uploads\/2017\/12\/queen-majesty-hot-sauce-3-pack-trinity.jpg","datePublished":"2020-01-22T13:08:00+00:00","dateModified":"2026-04-22T11:48:19+00:00","description":"Diese Queen Majesty Trinity Packung besteht aus Mini-Versionen der 3 beliebtesten Queen Majesty Hot Sauces. Ideal zum Kennenlernen der Marke und der Hot Sauce!","breadcrumb":{"@id":"https:\/\/www.heatsupply.nl\/de\/produkt\/queen-majesty-hot-sauce-trinity-3er-pack-mini\/#breadcrumb"},"inLanguage":"de","potentialAction":[{"@type":"ReadAction","target":["https:\/\/www.heatsupply.nl\/de\/produkt\/queen-majesty-hot-sauce-trinity-3er-pack-mini\/"]}]},{"@type":"ImageObject","inLanguage":"de","@id":"https:\/\/www.heatsupply.nl\/de\/produkt\/queen-majesty-hot-sauce-trinity-3er-pack-mini\/#primaryimage","url":"https:\/\/www.heatsupply.nl\/wp-content\/uploads\/2017\/12\/queen-majesty-hot-sauce-3-pack-trinity.jpg","contentUrl":"https:\/\/www.heatsupply.nl\/wp-content\/uploads\/2017\/12\/queen-majesty-hot-sauce-3-pack-trinity.jpg","width":1400,"height":1400},{"@type":"BreadcrumbList","@id":"https:\/\/www.heatsupply.nl\/de\/produkt\/queen-majesty-hot-sauce-trinity-3er-pack-mini\/#breadcrumb","itemListElement":[{"@type":"ListItem","position":1,"name":"Home","item":"https:\/\/www.heatsupply.nl\/de\/"},{"@type":"ListItem","position":2,"name":"Alle produkten","item":"https:\/\/www.heatsupply.nl\/de\/alle-produkten\/"},{"@type":"ListItem","position":3,"name":"Scharfe So\u00dfen","item":"https:\/\/www.heatsupply.nl\/de\/scharfe-sossen\/"},{"@type":"ListItem","position":4,"name":"Geschenksets","item":"https:\/\/www.heatsupply.nl\/de\/scharfe-sossen\/packs\/"},{"@type":"ListItem","position":5,"name":"Queen Majesty Hot Sauce Trinity (3er Pack mini)"}]},{"@type":"WebSite","@id":"https:\/\/www.heatsupply.nl\/de\/#website","url":"https:\/\/www.heatsupply.nl\/de\/","name":"Heatsupply","description":"Hot sauce webstore #1 in Europe","publisher":{"@id":"https:\/\/www.heatsupply.nl\/de\/#organization"},"potentialAction":[{"@type":"SearchAction","target":{"@type":"EntryPoint","urlTemplate":"https:\/\/www.heatsupply.nl\/de\/?s={search_term_string}"},"query-input":{"@type":"PropertyValueSpecification","valueRequired":true,"valueName":"search_term_string"}}],"inLanguage":"de"},{"@type":"Organization","@id":"https:\/\/www.heatsupply.nl\/de\/#organization","name":"Heatsupply","url":"https:\/\/www.heatsupply.nl\/de\/","logo":{"@type":"ImageObject","inLanguage":"de","@id":"https:\/\/www.heatsupply.nl\/de\/#\/schema\/logo\/image\/","url":"https:\/\/www.heatsupply.nl\/wp-content\/uploads\/2022\/10\/heatsupply-logo-rood.jpg","contentUrl":"https:\/\/www.heatsupply.nl\/wp-content\/uploads\/2022\/10\/heatsupply-logo-rood.jpg","width":1000,"height":335,"caption":"Heatsupply"},"image":{"@id":"https:\/\/www.heatsupply.nl\/de\/#\/schema\/logo\/image\/"},"sameAs":["https:\/\/www.facebook.com\/heatsupplyNL","https:\/\/www.instagram.com\/heatsuppy.nl","https:\/\/www.youtube.com\/channel\/UC5pOWqQtljvxTz2SMWGWCsw"]}]},"product_brand":"Queen Majesty","product_price_amount":"19.95","product_price_currency":"EUR","og_availability":"instock","product_availability":"instock","product_retailer_item_id":"QMHST002","product_condition":"new"},"_links":{"self":[{"href":"https:\/\/www.heatsupply.nl\/de\/wp-json\/wp\/v2\/product\/143492","targetHints":{"allow":["GET"]}}],"collection":[{"href":"https:\/\/www.heatsupply.nl\/de\/wp-json\/wp\/v2\/product"}],"about":[{"href":"https:\/\/www.heatsupply.nl\/de\/wp-json\/wp\/v2\/types\/product"}],"replies":[{"embeddable":true,"href":"https:\/\/www.heatsupply.nl\/de\/wp-json\/wp\/v2\/comments?post=143492"}],"wp:featuredmedia":[{"embeddable":true,"href":"https:\/\/www.heatsupply.nl\/de\/wp-json\/wp\/v2\/media\/143493"}],"wp:attachment":[{"href":"https:\/\/www.heatsupply.nl\/de\/wp-json\/wp\/v2\/media?parent=143492"}],"wp:term":[{"taxonomy":"product_brand","embeddable":true,"href":"https:\/\/www.heatsupply.nl\/de\/wp-json\/wp\/v2\/product_brand?post=143492"},{"taxonomy":"product_cat","embeddable":true,"href":"https:\/\/www.heatsupply.nl\/de\/wp-json\/wp\/v2\/product_cat?post=143492"},{"taxonomy":"product_tag","embeddable":true,"href":"https:\/\/www.heatsupply.nl\/de\/wp-json\/wp\/v2\/product_tag?post=143492"}],"curies":[{"name":"wp","href":"https:\/\/api.w.org\/{rel}","templated":true}]}}