{"id":143482,"date":"2019-08-27T10:20:18","date_gmt":"2019-08-27T08:20:18","guid":{"rendered":"https:\/\/www.heatsupply.nl\/product\/heatsupplys-hot-sauce-abonnement\/"},"modified":"2026-04-01T09:16:40","modified_gmt":"2026-04-01T07:16:40","slug":"hot-sauce-abo","status":"publish","type":"product","link":"https:\/\/www.heatsupply.nl\/de\/produkt\/hot-sauce-abo\/","title":{"rendered":"Hot Sauce Abo"},"content":{"rendered":"<p style=\"text-align: justify;\"><strong>Was ist im Heatsupply Hot Sauce-Abonnement enthalten?<\/strong><\/p>\n<p style=\"text-align: justify;\">Mindestens 3 verschiedene (ausschlie\u00dflich amerikanische, aber auch europ\u00e4ische) Hot Sauces im Wert von mindestens 24,95 \u20ac. Sie wissen also nicht genau, welche scharfen Saucen Sie erhalten werden, aber unsere Experten f\u00fcr scharfe Saucen tun ihr Bestes, um alle zwei Monate eine tolle Box mit scharfen Saucen (von mild bis scharf) f\u00fcr Sie zusammenzustellen. Wir sorgen daf\u00fcr, dass mindestens eine scharfe Sauce aus Ihrer Box noch nicht in unserem Sortiment ist. So lernen Sie immer wieder neue Saucen kennen, von denen viele in Europa noch gar nicht erh\u00e4ltlich sind.<\/p>\n<p style=\"text-align: justify;\"><strong>Was ist nicht enthalten?<\/strong><\/p>\n<p style=\"text-align: justify;\">Die Versandkosten. Es gibt Abonnements, die einen kostenlosen Versand versprechen, ihn aber insgeheim einfach in den Abonnementpreis einrechnen. Folglich ist der Produktwert solcher Boxen oft viel niedriger als der Preis des Abonnements, und Sie zahlen trotzdem die Versandkosten. Wir ziehen es vor, transparent zu sein und versprechen einen Produktwert von mindestens 24,95 \u20ac in unseren Hot-Sauce-Boxen.<\/p>\n<p style=\"text-align: justify;\"><strong>Wann werden Sie die Box erhalten?<\/strong><\/p>\n<p style=\"text-align: justify;\">Wir verschicken unsere Abo-Boxen alle 2 Monate. Dies geschieht jeweils am Ende eines ungeraden Monats, zum Beispiel um den 31. Mai. Bis dahin k\u00f6nnen Sie die Box f\u00fcr den jeweiligen Monat abonnieren. Sie erhalten dann alle 2 Monate eine Box mit 3 \u00dcberraschungs-Hot-Sauces! Wenn Sie sich kurz nach dem Versand der letzten Box anmelden, erhalten Sie Ihre erste Box etwa 2 Monate sp\u00e4ter.<\/p>\n<p style=\"text-align: justify;\"><strong>Wie bezahlen Sie?<\/strong><\/p>\n<p style=\"text-align: justify;\">Ganz einfach. Legen Sie dieses Hot Sauce-Abo in Ihren Warenkorb und gehen Sie zur Kasse. Hier geben Sie Ihre Daten ein und das System berechnet die Versandkosten (z. B. 5,95 \u20ac f\u00fcr die Niederlande). Dieser Gesamtpreis (Preis des Abonnements plus Versandkosten) ist der Preis, der alle zwei Monate von Ihrem Konto abgebucht wird. Danach m\u00fcssen Sie nur noch darauf warten, dass die n\u00e4chste Hot-Sauce-Box vor Ihrer Haust\u00fcr steht.<\/p>\n<p style=\"text-align: justify;\"><strong>An welchem Tag\/Datum wird die Box abgebucht?<\/strong><\/p>\n<p style=\"text-align: justify;\">Die erste Box wird bei der Anmeldung abgebucht. Die n\u00e4chsten Boxen werden genau zwei Monate sp\u00e4ter bezahlt. Wenn Sie zum Beispiel am 15. Februar ein Abonnement abgeschlossen haben, ist der n\u00e4chste Zahlungstermin der 15. April, der n\u00e4chste Zahlungstermin der 15. Juni usw. (es sei denn, Sie haben das Abonnement schon vorher gek\u00fcndigt).<\/p>\n<p style=\"text-align: justify;\"><strong>Kann ich das Abonnement stoppen?<\/strong><\/p>\n<p style=\"text-align: justify;\">Klar! Du bekommst die Boxen, solange du willst. Du kannst das Abo jederzeit k\u00fcndigen. Die Verwaltung deines Abos ist kinderleicht in deinem Konto. Auch das Wiedereinschalten deines Abos kannst du dort machen, wann immer du Bock hast.<\/p>\n<p><strong>Kann ich das Abonnement widerrufen?<\/strong><\/p>\n<p style=\"text-align: justify;\">Sie haben das Recht, binnen vierzehn Tagen ohne Angabe von Gr\u00fcnden diesen Vertrag zu widerrufen. Die Widerrufsfrist betr\u00e4gt vierzehn Tage ab dem Tag, an dem Sie oder ein von Ihnen benannter Dritter, der nicht der Bef\u00f6rderer ist, die erste Ware in Besitz genommen haben bzw. hat.<\/p>\n<p style=\"text-align: justify;\"><a href=\"https:\/\/fhm.nl\/heatsupply-bbq-lekker-weer\/\"><img loading=\"lazy\" decoding=\"async\" class=\"wp-image-43810 size-full alignnone\" src=\"https:\/\/www.heatsupply.nl\/wp-content\/uploads\/2019\/08\/fhm-logo.png\" alt=\"\" width=\"199\" height=\"81\" \/><\/a><\/p>\n<p><a href=\"https:\/\/man-man.nl\/abonnement-op-hete-sauzen-bestellen\/\"><img loading=\"lazy\" decoding=\"async\" class=\"wp-image-31385 size-full alignnone\" src=\"https:\/\/www.heatsupply.nl\/wp-content\/uploads\/2019\/08\/man-man-logo-e1573652655939.jpg\" alt=\"\" width=\"366\" height=\"104\" srcset=\"https:\/\/www.heatsupply.nl\/wp-content\/uploads\/2019\/08\/man-man-logo-e1573652655939.jpg 366w, https:\/\/www.heatsupply.nl\/wp-content\/uploads\/2019\/08\/man-man-logo-e1573652655939-200x57.jpg 200w, https:\/\/www.heatsupply.nl\/wp-content\/uploads\/2019\/08\/man-man-logo-e1573652655939-300x85.jpg 300w\" sizes=\"auto, (max-width: 366px) 100vw, 366px\" \/><\/a><\/p>\n<p><img loading=\"lazy\" decoding=\"async\" class=\"wp-image-31387 size-medium alignnone\" src=\"https:\/\/www.heatsupply.nl\/wp-content\/uploads\/2019\/08\/mens-health-hot-sauce-abonnement.jpg\" alt=\"\" width=\"300\" height=\"96\" srcset=\"https:\/\/www.heatsupply.nl\/wp-content\/uploads\/2019\/08\/mens-health-hot-sauce-abonnement.jpg 900w, https:\/\/www.heatsupply.nl\/wp-content\/uploads\/2019\/08\/mens-health-hot-sauce-abonnement-200x64.jpg 200w, https:\/\/www.heatsupply.nl\/wp-content\/uploads\/2019\/08\/mens-health-hot-sauce-abonnement-600x192.jpg 600w\" sizes=\"auto, (max-width: 300px) 100vw, 300px\" \/><\/p>\n<p><img loading=\"lazy\" decoding=\"async\" class=\"wp-image-58501 size-medium alignnone\" src=\"https:\/\/www.heatsupply.nl\/wp-content\/uploads\/2019\/08\/etenmetnick-hot-sauce-abonnement.jpg\" alt=\"logo van etenmetnick youtube kanaal\" width=\"300\" height=\"294\" srcset=\"https:\/\/www.heatsupply.nl\/wp-content\/uploads\/2019\/08\/etenmetnick-hot-sauce-abonnement.jpg 600w, https:\/\/www.heatsupply.nl\/wp-content\/uploads\/2019\/08\/etenmetnick-hot-sauce-abonnement-200x196.jpg 200w\" sizes=\"auto, (max-width: 300px) 100vw, 300px\" \/><\/p>\n","protected":false},"excerpt":{"rendered":"<p><span style=\"font-weight: 500;\">Nimm an unserem Heatsupply-Abonnement f\u00fcr scharfe Saucen teil und erhalte alle 2 Monate eine \u00dcberraschungsbox mit 3 k\u00f6stlichen und einzigartigen scharfen Saucen. Unser niedrigschwelliges Abonnement bietet dir eine besondere Auswahl an scharfen Saucen, die von unseren Experten mit jahrelanger Erfahrung in der internationalen Welt der scharfen Saucen zusammengestellt werden. Das Ergebnis ist immer eine abwechslungsreiche \u00dcberraschungsbox (im Wert von mindestens 24,95 \u20ac) mit exklusiven amerikanischen, kanadischen und europ\u00e4ischen Hot Sauces. Ein Muss f\u00fcr jeden Liebhaber von scharfen Saucen.<\/span><\/p>\n<p><strong>Lieferung:<\/strong> Die n\u00e4chste Box wird Ende Mai (2026) verschickt. Du kannst dich bis zum 31. Mai 2026 registrieren. Wenn du dich am 1. Juni oder sp\u00e4ter registrierst, wird deine erste Box Ende Juli (2026) verschickt.<\/p>\n<p><span style=\"font-weight: 500;\">Du kannst dein Abo jederzeit k\u00fcndigen. Weitere Informationen zu diesem Hot-Sauce-Abonnement, zur Lieferung und zur Zahlung findest du unten auf dieser Seite.<\/span><\/p>\n","protected":false},"featured_media":142971,"comment_status":"open","ping_status":"closed","template":"","meta":{"_acf_changed":false},"product_brand":[],"product_cat":[3965,3787,4046],"product_tag":[],"class_list":{"0":"post-143482","1":"product","2":"type-product","3":"status-publish","4":"has-post-thumbnail","6":"product_cat-packs","7":"product_cat-scharfe-sossen","8":"product_cat-spicy","10":"first","11":"instock","12":"taxable","13":"shipping-taxable","14":"purchasable","15":"product-type-subscription"},"bundled_by":[],"bundle_stock_status":"instock","bundle_stock_quantity":null,"bundle_virtual":false,"bundle_layout":"","bundle_add_to_cart_form_location":"","bundle_editable_in_cart":false,"bundle_sold_individually_context":"","bundle_item_grouping":"","bundle_min_size":"","bundle_max_size":"","bundle_price":[],"bundled_items":[],"bundle_sell_ids":[],"acf":[],"yoast_head":"<!-- This site is optimized with the Yoast SEO Premium plugin v27.5 (Yoast SEO v27.5) - https:\/\/yoast.com\/product\/yoast-seo-premium-wordpress\/ -->\n<title>Hot Sauce Abo - Heatsupply<\/title>\n<meta name=\"description\" content=\"Das exklusivste Hot-Sauce-Abonnement mit den besten Hot-Sauces findest du bei Heatsupply. Unser Hot-Sauce-Abonnement ist ein Muss f\u00fcr Hot-Sauce-Fans!\" \/>\n<meta name=\"robots\" content=\"index, follow, max-snippet:-1, max-image-preview:large, max-video-preview:-1\" \/>\n<link rel=\"canonical\" href=\"https:\/\/www.heatsupply.nl\/de\/produkt\/hot-sauce-abo\/\" \/>\n<meta property=\"og:locale\" content=\"de_DE\" \/>\n<meta property=\"og:type\" content=\"article\" \/>\n<meta property=\"og:title\" content=\"Hot Sauce Abo\" \/>\n<meta property=\"og:description\" content=\"Das exklusivste Hot-Sauce-Abonnement mit den besten Hot-Sauces findest du bei Heatsupply. Unser Hot-Sauce-Abonnement ist ein Muss f\u00fcr Hot-Sauce-Fans!\" \/>\n<meta property=\"og:url\" content=\"https:\/\/www.heatsupply.nl\/de\/produkt\/hot-sauce-abo\/\" \/>\n<meta property=\"og:site_name\" content=\"Heatsupply\" \/>\n<meta property=\"article:publisher\" content=\"https:\/\/www.facebook.com\/heatsupplyNL\" \/>\n<meta property=\"article:modified_time\" content=\"2026-04-01T07:16:40+00:00\" \/>\n<meta property=\"og:image\" content=\"https:\/\/www.heatsupply.nl\/wp-content\/uploads\/2019\/08\/heatsupply-hot-sauce-abonnement.jpg\" \/>\n\t<meta property=\"og:image:width\" content=\"1400\" \/>\n\t<meta property=\"og:image:height\" content=\"1400\" \/>\n\t<meta property=\"og:image:type\" content=\"image\/jpeg\" \/>\n<meta name=\"twitter:card\" content=\"summary_large_image\" \/>\n<meta name=\"twitter:label1\" content=\"Preis\" \/>\n\t<meta name=\"twitter:data1\" content=\"&euro;24,95\" \/>\n\t<meta name=\"twitter:label2\" content=\"Verf\u00fcgbarkeit\" \/>\n\t<meta name=\"twitter:data2\" content=\"Auf Lager\" \/>\n<script type=\"application\/ld+json\" class=\"yoast-schema-graph\">{\"@context\":\"https:\\\/\\\/schema.org\",\"@graph\":[{\"@type\":\"WebPage\",\"@id\":\"https:\\\/\\\/www.heatsupply.nl\\\/de\\\/produkt\\\/hot-sauce-abo\\\/\",\"url\":\"https:\\\/\\\/www.heatsupply.nl\\\/de\\\/produkt\\\/hot-sauce-abo\\\/\",\"name\":\"Hot Sauce Abo - Heatsupply\",\"isPartOf\":{\"@id\":\"https:\\\/\\\/www.heatsupply.nl\\\/de\\\/#website\"},\"primaryImageOfPage\":{\"@id\":\"https:\\\/\\\/www.heatsupply.nl\\\/de\\\/produkt\\\/hot-sauce-abo\\\/#primaryimage\"},\"image\":{\"@id\":\"https:\\\/\\\/www.heatsupply.nl\\\/de\\\/produkt\\\/hot-sauce-abo\\\/#primaryimage\"},\"thumbnailUrl\":\"https:\\\/\\\/www.heatsupply.nl\\\/wp-content\\\/uploads\\\/2019\\\/08\\\/heatsupply-hot-sauce-abonnement.jpg\",\"datePublished\":\"2019-08-27T08:20:18+00:00\",\"dateModified\":\"2026-04-01T07:16:40+00:00\",\"description\":\"Das exklusivste Hot-Sauce-Abonnement mit den besten Hot-Sauces findest du bei Heatsupply. Unser Hot-Sauce-Abonnement ist ein Muss f\u00fcr Hot-Sauce-Fans!\",\"breadcrumb\":{\"@id\":\"https:\\\/\\\/www.heatsupply.nl\\\/de\\\/produkt\\\/hot-sauce-abo\\\/#breadcrumb\"},\"inLanguage\":\"de\",\"potentialAction\":[{\"@type\":\"ReadAction\",\"target\":[\"https:\\\/\\\/www.heatsupply.nl\\\/de\\\/produkt\\\/hot-sauce-abo\\\/\"]}]},{\"@type\":\"ImageObject\",\"inLanguage\":\"de\",\"@id\":\"https:\\\/\\\/www.heatsupply.nl\\\/de\\\/produkt\\\/hot-sauce-abo\\\/#primaryimage\",\"url\":\"https:\\\/\\\/www.heatsupply.nl\\\/wp-content\\\/uploads\\\/2019\\\/08\\\/heatsupply-hot-sauce-abonnement.jpg\",\"contentUrl\":\"https:\\\/\\\/www.heatsupply.nl\\\/wp-content\\\/uploads\\\/2019\\\/08\\\/heatsupply-hot-sauce-abonnement.jpg\",\"width\":1400,\"height\":1400},{\"@type\":\"BreadcrumbList\",\"@id\":\"https:\\\/\\\/www.heatsupply.nl\\\/de\\\/produkt\\\/hot-sauce-abo\\\/#breadcrumb\",\"itemListElement\":[{\"@type\":\"ListItem\",\"position\":1,\"name\":\"Home\",\"item\":\"https:\\\/\\\/www.heatsupply.nl\\\/de\\\/\"},{\"@type\":\"ListItem\",\"position\":2,\"name\":\"Alle produkten\",\"item\":\"https:\\\/\\\/www.heatsupply.nl\\\/de\\\/alle-produkten\\\/\"},{\"@type\":\"ListItem\",\"position\":3,\"name\":\"Scharfe So\u00dfen\",\"item\":\"https:\\\/\\\/www.heatsupply.nl\\\/de\\\/scharfe-sossen\\\/\"},{\"@type\":\"ListItem\",\"position\":4,\"name\":\"Hot Sauce Abo\"}]},{\"@type\":\"WebSite\",\"@id\":\"https:\\\/\\\/www.heatsupply.nl\\\/de\\\/#website\",\"url\":\"https:\\\/\\\/www.heatsupply.nl\\\/de\\\/\",\"name\":\"Heatsupply\",\"description\":\"Hot sauce webstore #1 in Europe\",\"publisher\":{\"@id\":\"https:\\\/\\\/www.heatsupply.nl\\\/de\\\/#organization\"},\"potentialAction\":[{\"@type\":\"SearchAction\",\"target\":{\"@type\":\"EntryPoint\",\"urlTemplate\":\"https:\\\/\\\/www.heatsupply.nl\\\/de\\\/?s={search_term_string}\"},\"query-input\":{\"@type\":\"PropertyValueSpecification\",\"valueRequired\":true,\"valueName\":\"search_term_string\"}}],\"inLanguage\":\"de\"},{\"@type\":\"Organization\",\"@id\":\"https:\\\/\\\/www.heatsupply.nl\\\/de\\\/#organization\",\"name\":\"Heatsupply\",\"url\":\"https:\\\/\\\/www.heatsupply.nl\\\/de\\\/\",\"logo\":{\"@type\":\"ImageObject\",\"inLanguage\":\"de\",\"@id\":\"https:\\\/\\\/www.heatsupply.nl\\\/de\\\/#\\\/schema\\\/logo\\\/image\\\/\",\"url\":\"https:\\\/\\\/www.heatsupply.nl\\\/wp-content\\\/uploads\\\/2022\\\/10\\\/heatsupply-logo-rood.jpg\",\"contentUrl\":\"https:\\\/\\\/www.heatsupply.nl\\\/wp-content\\\/uploads\\\/2022\\\/10\\\/heatsupply-logo-rood.jpg\",\"width\":1000,\"height\":335,\"caption\":\"Heatsupply\"},\"image\":{\"@id\":\"https:\\\/\\\/www.heatsupply.nl\\\/de\\\/#\\\/schema\\\/logo\\\/image\\\/\"},\"sameAs\":[\"https:\\\/\\\/www.facebook.com\\\/heatsupplyNL\",\"https:\\\/\\\/www.instagram.com\\\/heatsuppy.nl\",\"https:\\\/\\\/www.youtube.com\\\/channel\\\/UC5pOWqQtljvxTz2SMWGWCsw\"]}]}<\/script>\n<meta property=\"product:price:amount\" content=\"24.95\" \/>\n<meta property=\"product:price:currency\" content=\"EUR\" \/>\n<meta property=\"og:availability\" content=\"instock\" \/>\n<meta property=\"product:availability\" content=\"instock\" \/>\n<meta property=\"product:condition\" content=\"new\" \/>\n<!-- \/ Yoast SEO Premium plugin. -->","yoast_head_json":{"title":"Hot Sauce Abo - Heatsupply","description":"Das exklusivste Hot-Sauce-Abonnement mit den besten Hot-Sauces findest du bei Heatsupply. Unser Hot-Sauce-Abonnement ist ein Muss f\u00fcr Hot-Sauce-Fans!","robots":{"index":"index","follow":"follow","max-snippet":"max-snippet:-1","max-image-preview":"max-image-preview:large","max-video-preview":"max-video-preview:-1"},"canonical":"https:\/\/www.heatsupply.nl\/de\/produkt\/hot-sauce-abo\/","og_locale":"de_DE","og_type":"article","og_title":"Hot Sauce Abo","og_description":"Das exklusivste Hot-Sauce-Abonnement mit den besten Hot-Sauces findest du bei Heatsupply. Unser Hot-Sauce-Abonnement ist ein Muss f\u00fcr Hot-Sauce-Fans!","og_url":"https:\/\/www.heatsupply.nl\/de\/produkt\/hot-sauce-abo\/","og_site_name":"Heatsupply","article_publisher":"https:\/\/www.facebook.com\/heatsupplyNL","article_modified_time":"2026-04-01T07:16:40+00:00","og_image":[{"width":1400,"height":1400,"url":"https:\/\/www.heatsupply.nl\/wp-content\/uploads\/2019\/08\/heatsupply-hot-sauce-abonnement.jpg","type":"image\/jpeg"}],"twitter_card":"summary_large_image","twitter_misc":{"Preis":"&euro;24,95","Verf\u00fcgbarkeit":"Auf Lager"},"schema":{"@context":"https:\/\/schema.org","@graph":[{"@type":"WebPage","@id":"https:\/\/www.heatsupply.nl\/de\/produkt\/hot-sauce-abo\/","url":"https:\/\/www.heatsupply.nl\/de\/produkt\/hot-sauce-abo\/","name":"Hot Sauce Abo - Heatsupply","isPartOf":{"@id":"https:\/\/www.heatsupply.nl\/de\/#website"},"primaryImageOfPage":{"@id":"https:\/\/www.heatsupply.nl\/de\/produkt\/hot-sauce-abo\/#primaryimage"},"image":{"@id":"https:\/\/www.heatsupply.nl\/de\/produkt\/hot-sauce-abo\/#primaryimage"},"thumbnailUrl":"https:\/\/www.heatsupply.nl\/wp-content\/uploads\/2019\/08\/heatsupply-hot-sauce-abonnement.jpg","datePublished":"2019-08-27T08:20:18+00:00","dateModified":"2026-04-01T07:16:40+00:00","description":"Das exklusivste Hot-Sauce-Abonnement mit den besten Hot-Sauces findest du bei Heatsupply. Unser Hot-Sauce-Abonnement ist ein Muss f\u00fcr Hot-Sauce-Fans!","breadcrumb":{"@id":"https:\/\/www.heatsupply.nl\/de\/produkt\/hot-sauce-abo\/#breadcrumb"},"inLanguage":"de","potentialAction":[{"@type":"ReadAction","target":["https:\/\/www.heatsupply.nl\/de\/produkt\/hot-sauce-abo\/"]}]},{"@type":"ImageObject","inLanguage":"de","@id":"https:\/\/www.heatsupply.nl\/de\/produkt\/hot-sauce-abo\/#primaryimage","url":"https:\/\/www.heatsupply.nl\/wp-content\/uploads\/2019\/08\/heatsupply-hot-sauce-abonnement.jpg","contentUrl":"https:\/\/www.heatsupply.nl\/wp-content\/uploads\/2019\/08\/heatsupply-hot-sauce-abonnement.jpg","width":1400,"height":1400},{"@type":"BreadcrumbList","@id":"https:\/\/www.heatsupply.nl\/de\/produkt\/hot-sauce-abo\/#breadcrumb","itemListElement":[{"@type":"ListItem","position":1,"name":"Home","item":"https:\/\/www.heatsupply.nl\/de\/"},{"@type":"ListItem","position":2,"name":"Alle produkten","item":"https:\/\/www.heatsupply.nl\/de\/alle-produkten\/"},{"@type":"ListItem","position":3,"name":"Scharfe So\u00dfen","item":"https:\/\/www.heatsupply.nl\/de\/scharfe-sossen\/"},{"@type":"ListItem","position":4,"name":"Hot Sauce Abo"}]},{"@type":"WebSite","@id":"https:\/\/www.heatsupply.nl\/de\/#website","url":"https:\/\/www.heatsupply.nl\/de\/","name":"Heatsupply","description":"Hot sauce webstore #1 in Europe","publisher":{"@id":"https:\/\/www.heatsupply.nl\/de\/#organization"},"potentialAction":[{"@type":"SearchAction","target":{"@type":"EntryPoint","urlTemplate":"https:\/\/www.heatsupply.nl\/de\/?s={search_term_string}"},"query-input":{"@type":"PropertyValueSpecification","valueRequired":true,"valueName":"search_term_string"}}],"inLanguage":"de"},{"@type":"Organization","@id":"https:\/\/www.heatsupply.nl\/de\/#organization","name":"Heatsupply","url":"https:\/\/www.heatsupply.nl\/de\/","logo":{"@type":"ImageObject","inLanguage":"de","@id":"https:\/\/www.heatsupply.nl\/de\/#\/schema\/logo\/image\/","url":"https:\/\/www.heatsupply.nl\/wp-content\/uploads\/2022\/10\/heatsupply-logo-rood.jpg","contentUrl":"https:\/\/www.heatsupply.nl\/wp-content\/uploads\/2022\/10\/heatsupply-logo-rood.jpg","width":1000,"height":335,"caption":"Heatsupply"},"image":{"@id":"https:\/\/www.heatsupply.nl\/de\/#\/schema\/logo\/image\/"},"sameAs":["https:\/\/www.facebook.com\/heatsupplyNL","https:\/\/www.instagram.com\/heatsuppy.nl","https:\/\/www.youtube.com\/channel\/UC5pOWqQtljvxTz2SMWGWCsw"]}]},"product_price_amount":"24.95","product_price_currency":"EUR","og_availability":"instock","product_availability":"instock","product_condition":"new"},"_links":{"self":[{"href":"https:\/\/www.heatsupply.nl\/de\/wp-json\/wp\/v2\/product\/143482","targetHints":{"allow":["GET"]}}],"collection":[{"href":"https:\/\/www.heatsupply.nl\/de\/wp-json\/wp\/v2\/product"}],"about":[{"href":"https:\/\/www.heatsupply.nl\/de\/wp-json\/wp\/v2\/types\/product"}],"replies":[{"embeddable":true,"href":"https:\/\/www.heatsupply.nl\/de\/wp-json\/wp\/v2\/comments?post=143482"}],"wp:featuredmedia":[{"embeddable":true,"href":"https:\/\/www.heatsupply.nl\/de\/wp-json\/wp\/v2\/media\/142971"}],"wp:attachment":[{"href":"https:\/\/www.heatsupply.nl\/de\/wp-json\/wp\/v2\/media?parent=143482"}],"wp:term":[{"taxonomy":"product_brand","embeddable":true,"href":"https:\/\/www.heatsupply.nl\/de\/wp-json\/wp\/v2\/product_brand?post=143482"},{"taxonomy":"product_cat","embeddable":true,"href":"https:\/\/www.heatsupply.nl\/de\/wp-json\/wp\/v2\/product_cat?post=143482"},{"taxonomy":"product_tag","embeddable":true,"href":"https:\/\/www.heatsupply.nl\/de\/wp-json\/wp\/v2\/product_tag?post=143482"}],"curies":[{"name":"wp","href":"https:\/\/api.w.org\/{rel}","templated":true}]}}