{"id":143304,"date":"2019-01-30T13:58:00","date_gmt":"2019-01-30T12:58:00","guid":{"rendered":"https:\/\/www.heatsupply.nl\/product\/crazy-bastard-trinidad-scorpion-clementine-2\/"},"modified":"2026-04-26T16:07:39","modified_gmt":"2026-04-26T14:07:39","slug":"crazy-bastard-trinidad-scorpion-clementine","status":"publish","type":"product","link":"https:\/\/www.heatsupply.nl\/de\/produkt\/crazy-bastard-trinidad-scorpion-clementine\/","title":{"rendered":"Crazy Bastard Sauce Trinidad Scorpion &amp; Clementine"},"content":{"rendered":"<p>Crazy Bastard Sauce ist eine Berliner Marke f\u00fcr scharfe So\u00dfen, die sich haupts\u00e4chlich auf den Geschmack konzentriert. Es gibt 6 verschiedene Geschmacksrichtungen von scharfer Sauce, alle mit dem Zusatz von Fr\u00fcchten. Die Marke ist auch daf\u00fcr bekannt, wenig Salz zu verwenden.<\/p>\n<p>Zutaten: s\u00fc\u00dfe Paprika, \u00c4pfel, Zwiebeln, Wei\u00dfweinessig, Clementinen (10%), Trinidad-Skorpion-Paprika (6,6%), Jalape\u00f1o-Paprika, Knoblauch, Limette, Oliven\u00f6l, Meersalz.<\/p>\n<p>N\u00e4hrwertangaben pro 100gr:<br \/>\nEnergie: kJ 225 \/53 kcal<br \/>\nFett: 0,8 g<br \/>\ndavon ges\u00e4ttigte Fetts\u00e4uren: 0,1 g<br \/>\nKohlenhydrate: 10 g<br \/>\ndavon Zucker: 8,7 g<br \/>\nEiwei\u00df: 1,0 g<br \/>\nSalz: 0,24 Gramm<\/p>\n<p><iframe loading=\"lazy\" src=\"https:\/\/www.youtube.com\/embed\/2_Umfidgdrw\" width=\"560\" height=\"315\" frameborder=\"0\" allowfullscreen=\"allowfullscreen\"><\/iframe><\/p>\n","protected":false},"excerpt":{"rendered":"<p><span style=\"font-weight: 500;\">Diese Crazy Bastard Hot Sauce mit Trinidad Scorpion-Chilis und Clementinen (Zitrusfr\u00fcchten) ist sch\u00f6n scharf, hat aber durch den Zusatz der Clementinen frische, s\u00e4uerliche Noten. Dadurch passt sie gut zu Fisch (Tacos), aber auch zu asiatischen Gerichten oder Sandwiches ist sie sehr zu empfehlen.<\/span><\/p>\n<p><span style=\"font-weight: 500;\">Herkunft: Berlin (Deutschland)<\/span><\/p>\n<p><span style=\"font-weight: 500;\">Inhalt: 100ml<\/span><\/p>\n","protected":false},"featured_media":143023,"comment_status":"open","ping_status":"closed","template":"","meta":{"_acf_changed":false},"product_brand":[],"product_cat":[3994,3915,3787,4046,3936],"product_tag":[],"class_list":{"0":"post-143304","1":"product","2":"type-product","3":"status-publish","4":"has-post-thumbnail","6":"product_cat-europaeische-scharfe-saucen","7":"product_cat-jalapeno","8":"product_cat-scharfe-sossen","9":"product_cat-spicy","10":"product_cat-trinidad-scorpion","12":"first","13":"instock","14":"taxable","15":"shipping-taxable","16":"purchasable","17":"product-type-simple"},"bundled_by":[],"bundle_stock_status":"instock","bundle_stock_quantity":34,"bundle_virtual":false,"bundle_layout":"","bundle_add_to_cart_form_location":"","bundle_editable_in_cart":false,"bundle_sold_individually_context":"","bundle_item_grouping":"","bundle_min_size":"","bundle_max_size":"","bundle_price":[],"bundled_items":[],"bundle_sell_ids":[],"acf":[],"yoast_head":"<!-- This site is optimized with the Yoast SEO Premium plugin v27.4 (Yoast SEO v27.4) - https:\/\/yoast.com\/product\/yoast-seo-premium-wordpress\/ -->\n<title>Crazy Bastard Sauce Trinidad Scorpion &amp; Clementine - Heatsupply<\/title>\n<meta name=\"robots\" content=\"index, follow, max-snippet:-1, max-image-preview:large, max-video-preview:-1\" \/>\n<link rel=\"canonical\" href=\"https:\/\/www.heatsupply.nl\/de\/produkt\/crazy-bastard-trinidad-scorpion-clementine\/\" \/>\n<meta property=\"og:locale\" content=\"de_DE\" \/>\n<meta property=\"og:type\" content=\"article\" \/>\n<meta property=\"og:title\" content=\"Crazy Bastard Sauce Trinidad Scorpion &amp; Clementine\" \/>\n<meta property=\"og:description\" content=\"Diese Crazy Bastard Hot Sauce mit Trinidad Scorpion-Chilis und Clementinen (Zitrusfr\u00fcchten) ist sch\u00f6n scharf, hat aber durch den Zusatz der Clementinen frische, s\u00e4uerliche Noten. Dadurch passt sie gut zu Fisch (Tacos), aber auch zu asiatischen Gerichten oder Sandwiches ist sie sehr zu empfehlen.  Herkunft: Berlin (Deutschland)  Inhalt: 100ml\" \/>\n<meta property=\"og:url\" content=\"https:\/\/www.heatsupply.nl\/de\/produkt\/crazy-bastard-trinidad-scorpion-clementine\/\" \/>\n<meta property=\"og:site_name\" content=\"Heatsupply\" \/>\n<meta property=\"article:publisher\" content=\"https:\/\/www.facebook.com\/heatsupplyNL\" \/>\n<meta property=\"article:modified_time\" content=\"2026-04-26T14:07:39+00:00\" \/>\n<meta property=\"og:image\" content=\"https:\/\/www.heatsupply.nl\/wp-content\/uploads\/2017\/12\/crazy-bastard-hot-sauce-trinidad-scorpion-clementine.jpg\" \/>\n\t<meta property=\"og:image:width\" content=\"1400\" \/>\n\t<meta property=\"og:image:height\" content=\"1400\" \/>\n\t<meta property=\"og:image:type\" content=\"image\/jpeg\" \/>\n<meta name=\"twitter:card\" content=\"summary_large_image\" \/>\n<meta name=\"twitter:label1\" content=\"Preis\" \/>\n\t<meta name=\"twitter:data1\" content=\"&euro;6,95\" \/>\n\t<meta name=\"twitter:label2\" content=\"Verf\u00fcgbarkeit\" \/>\n\t<meta name=\"twitter:data2\" content=\"Auf Lager\" \/>\n<script type=\"application\/ld+json\" class=\"yoast-schema-graph\">{\"@context\":\"https:\\\/\\\/schema.org\",\"@graph\":[{\"@type\":\"WebPage\",\"@id\":\"https:\\\/\\\/www.heatsupply.nl\\\/de\\\/produkt\\\/crazy-bastard-trinidad-scorpion-clementine\\\/\",\"url\":\"https:\\\/\\\/www.heatsupply.nl\\\/de\\\/produkt\\\/crazy-bastard-trinidad-scorpion-clementine\\\/\",\"name\":\"Crazy Bastard Sauce Trinidad Scorpion &amp; Clementine - Heatsupply\",\"isPartOf\":{\"@id\":\"https:\\\/\\\/www.heatsupply.nl\\\/de\\\/#website\"},\"primaryImageOfPage\":{\"@id\":\"https:\\\/\\\/www.heatsupply.nl\\\/de\\\/produkt\\\/crazy-bastard-trinidad-scorpion-clementine\\\/#primaryimage\"},\"image\":{\"@id\":\"https:\\\/\\\/www.heatsupply.nl\\\/de\\\/produkt\\\/crazy-bastard-trinidad-scorpion-clementine\\\/#primaryimage\"},\"thumbnailUrl\":\"https:\\\/\\\/www.heatsupply.nl\\\/wp-content\\\/uploads\\\/2017\\\/12\\\/crazy-bastard-hot-sauce-trinidad-scorpion-clementine.jpg\",\"datePublished\":\"2019-01-30T12:58:00+00:00\",\"dateModified\":\"2026-04-26T14:07:39+00:00\",\"breadcrumb\":{\"@id\":\"https:\\\/\\\/www.heatsupply.nl\\\/de\\\/produkt\\\/crazy-bastard-trinidad-scorpion-clementine\\\/#breadcrumb\"},\"inLanguage\":\"de\",\"potentialAction\":[{\"@type\":\"ReadAction\",\"target\":[\"https:\\\/\\\/www.heatsupply.nl\\\/de\\\/produkt\\\/crazy-bastard-trinidad-scorpion-clementine\\\/\"]}]},{\"@type\":\"ImageObject\",\"inLanguage\":\"de\",\"@id\":\"https:\\\/\\\/www.heatsupply.nl\\\/de\\\/produkt\\\/crazy-bastard-trinidad-scorpion-clementine\\\/#primaryimage\",\"url\":\"https:\\\/\\\/www.heatsupply.nl\\\/wp-content\\\/uploads\\\/2017\\\/12\\\/crazy-bastard-hot-sauce-trinidad-scorpion-clementine.jpg\",\"contentUrl\":\"https:\\\/\\\/www.heatsupply.nl\\\/wp-content\\\/uploads\\\/2017\\\/12\\\/crazy-bastard-hot-sauce-trinidad-scorpion-clementine.jpg\",\"width\":1400,\"height\":1400},{\"@type\":\"BreadcrumbList\",\"@id\":\"https:\\\/\\\/www.heatsupply.nl\\\/de\\\/produkt\\\/crazy-bastard-trinidad-scorpion-clementine\\\/#breadcrumb\",\"itemListElement\":[{\"@type\":\"ListItem\",\"position\":1,\"name\":\"Home\",\"item\":\"https:\\\/\\\/www.heatsupply.nl\\\/de\\\/\"},{\"@type\":\"ListItem\",\"position\":2,\"name\":\"Alle produkten\",\"item\":\"https:\\\/\\\/www.heatsupply.nl\\\/de\\\/alle-produkten\\\/\"},{\"@type\":\"ListItem\",\"position\":3,\"name\":\"Scharfe So\u00dfen\",\"item\":\"https:\\\/\\\/www.heatsupply.nl\\\/de\\\/scharfe-sossen\\\/\"},{\"@type\":\"ListItem\",\"position\":4,\"name\":\"Europ\u00e4ische scharfe Saucen\",\"item\":\"https:\\\/\\\/www.heatsupply.nl\\\/de\\\/scharfe-sossen\\\/europaeische-scharfe-saucen\\\/\"},{\"@type\":\"ListItem\",\"position\":5,\"name\":\"Crazy Bastard Sauce Trinidad Scorpion &amp; Clementine\"}]},{\"@type\":\"WebSite\",\"@id\":\"https:\\\/\\\/www.heatsupply.nl\\\/de\\\/#website\",\"url\":\"https:\\\/\\\/www.heatsupply.nl\\\/de\\\/\",\"name\":\"Heatsupply\",\"description\":\"Hot sauce webstore #1 in Europe\",\"publisher\":{\"@id\":\"https:\\\/\\\/www.heatsupply.nl\\\/de\\\/#organization\"},\"potentialAction\":[{\"@type\":\"SearchAction\",\"target\":{\"@type\":\"EntryPoint\",\"urlTemplate\":\"https:\\\/\\\/www.heatsupply.nl\\\/de\\\/?s={search_term_string}\"},\"query-input\":{\"@type\":\"PropertyValueSpecification\",\"valueRequired\":true,\"valueName\":\"search_term_string\"}}],\"inLanguage\":\"de\"},{\"@type\":\"Organization\",\"@id\":\"https:\\\/\\\/www.heatsupply.nl\\\/de\\\/#organization\",\"name\":\"Heatsupply\",\"url\":\"https:\\\/\\\/www.heatsupply.nl\\\/de\\\/\",\"logo\":{\"@type\":\"ImageObject\",\"inLanguage\":\"de\",\"@id\":\"https:\\\/\\\/www.heatsupply.nl\\\/de\\\/#\\\/schema\\\/logo\\\/image\\\/\",\"url\":\"https:\\\/\\\/www.heatsupply.nl\\\/wp-content\\\/uploads\\\/2022\\\/10\\\/heatsupply-logo-rood.jpg\",\"contentUrl\":\"https:\\\/\\\/www.heatsupply.nl\\\/wp-content\\\/uploads\\\/2022\\\/10\\\/heatsupply-logo-rood.jpg\",\"width\":1000,\"height\":335,\"caption\":\"Heatsupply\"},\"image\":{\"@id\":\"https:\\\/\\\/www.heatsupply.nl\\\/de\\\/#\\\/schema\\\/logo\\\/image\\\/\"},\"sameAs\":[\"https:\\\/\\\/www.facebook.com\\\/heatsupplyNL\",\"https:\\\/\\\/www.instagram.com\\\/heatsuppy.nl\",\"https:\\\/\\\/www.youtube.com\\\/channel\\\/UC5pOWqQtljvxTz2SMWGWCsw\"]}]}<\/script>\n<meta property=\"product:brand\" content=\"Crazy Bastard\" \/>\n<meta property=\"product:price:amount\" content=\"6.95\" \/>\n<meta property=\"product:price:currency\" content=\"EUR\" \/>\n<meta property=\"og:availability\" content=\"instock\" \/>\n<meta property=\"product:availability\" content=\"instock\" \/>\n<meta property=\"product:retailer_item_id\" content=\"R103\" \/>\n<meta property=\"product:condition\" content=\"new\" \/>\n<!-- \/ Yoast SEO Premium plugin. -->","yoast_head_json":{"title":"Crazy Bastard Sauce Trinidad Scorpion &amp; Clementine - Heatsupply","robots":{"index":"index","follow":"follow","max-snippet":"max-snippet:-1","max-image-preview":"max-image-preview:large","max-video-preview":"max-video-preview:-1"},"canonical":"https:\/\/www.heatsupply.nl\/de\/produkt\/crazy-bastard-trinidad-scorpion-clementine\/","og_locale":"de_DE","og_type":"article","og_title":"Crazy Bastard Sauce Trinidad Scorpion &amp; Clementine","og_description":"Diese Crazy Bastard Hot Sauce mit Trinidad Scorpion-Chilis und Clementinen (Zitrusfr\u00fcchten) ist sch\u00f6n scharf, hat aber durch den Zusatz der Clementinen frische, s\u00e4uerliche Noten. Dadurch passt sie gut zu Fisch (Tacos), aber auch zu asiatischen Gerichten oder Sandwiches ist sie sehr zu empfehlen.  Herkunft: Berlin (Deutschland)  Inhalt: 100ml","og_url":"https:\/\/www.heatsupply.nl\/de\/produkt\/crazy-bastard-trinidad-scorpion-clementine\/","og_site_name":"Heatsupply","article_publisher":"https:\/\/www.facebook.com\/heatsupplyNL","article_modified_time":"2026-04-26T14:07:39+00:00","og_image":[{"width":1400,"height":1400,"url":"https:\/\/www.heatsupply.nl\/wp-content\/uploads\/2017\/12\/crazy-bastard-hot-sauce-trinidad-scorpion-clementine.jpg","type":"image\/jpeg"}],"twitter_card":"summary_large_image","twitter_misc":{"Preis":"&euro;6,95","Verf\u00fcgbarkeit":"Auf Lager"},"schema":{"@context":"https:\/\/schema.org","@graph":[{"@type":"WebPage","@id":"https:\/\/www.heatsupply.nl\/de\/produkt\/crazy-bastard-trinidad-scorpion-clementine\/","url":"https:\/\/www.heatsupply.nl\/de\/produkt\/crazy-bastard-trinidad-scorpion-clementine\/","name":"Crazy Bastard Sauce Trinidad Scorpion &amp; Clementine - Heatsupply","isPartOf":{"@id":"https:\/\/www.heatsupply.nl\/de\/#website"},"primaryImageOfPage":{"@id":"https:\/\/www.heatsupply.nl\/de\/produkt\/crazy-bastard-trinidad-scorpion-clementine\/#primaryimage"},"image":{"@id":"https:\/\/www.heatsupply.nl\/de\/produkt\/crazy-bastard-trinidad-scorpion-clementine\/#primaryimage"},"thumbnailUrl":"https:\/\/www.heatsupply.nl\/wp-content\/uploads\/2017\/12\/crazy-bastard-hot-sauce-trinidad-scorpion-clementine.jpg","datePublished":"2019-01-30T12:58:00+00:00","dateModified":"2026-04-26T14:07:39+00:00","breadcrumb":{"@id":"https:\/\/www.heatsupply.nl\/de\/produkt\/crazy-bastard-trinidad-scorpion-clementine\/#breadcrumb"},"inLanguage":"de","potentialAction":[{"@type":"ReadAction","target":["https:\/\/www.heatsupply.nl\/de\/produkt\/crazy-bastard-trinidad-scorpion-clementine\/"]}]},{"@type":"ImageObject","inLanguage":"de","@id":"https:\/\/www.heatsupply.nl\/de\/produkt\/crazy-bastard-trinidad-scorpion-clementine\/#primaryimage","url":"https:\/\/www.heatsupply.nl\/wp-content\/uploads\/2017\/12\/crazy-bastard-hot-sauce-trinidad-scorpion-clementine.jpg","contentUrl":"https:\/\/www.heatsupply.nl\/wp-content\/uploads\/2017\/12\/crazy-bastard-hot-sauce-trinidad-scorpion-clementine.jpg","width":1400,"height":1400},{"@type":"BreadcrumbList","@id":"https:\/\/www.heatsupply.nl\/de\/produkt\/crazy-bastard-trinidad-scorpion-clementine\/#breadcrumb","itemListElement":[{"@type":"ListItem","position":1,"name":"Home","item":"https:\/\/www.heatsupply.nl\/de\/"},{"@type":"ListItem","position":2,"name":"Alle produkten","item":"https:\/\/www.heatsupply.nl\/de\/alle-produkten\/"},{"@type":"ListItem","position":3,"name":"Scharfe So\u00dfen","item":"https:\/\/www.heatsupply.nl\/de\/scharfe-sossen\/"},{"@type":"ListItem","position":4,"name":"Europ\u00e4ische scharfe Saucen","item":"https:\/\/www.heatsupply.nl\/de\/scharfe-sossen\/europaeische-scharfe-saucen\/"},{"@type":"ListItem","position":5,"name":"Crazy Bastard Sauce Trinidad Scorpion &amp; Clementine"}]},{"@type":"WebSite","@id":"https:\/\/www.heatsupply.nl\/de\/#website","url":"https:\/\/www.heatsupply.nl\/de\/","name":"Heatsupply","description":"Hot sauce webstore #1 in Europe","publisher":{"@id":"https:\/\/www.heatsupply.nl\/de\/#organization"},"potentialAction":[{"@type":"SearchAction","target":{"@type":"EntryPoint","urlTemplate":"https:\/\/www.heatsupply.nl\/de\/?s={search_term_string}"},"query-input":{"@type":"PropertyValueSpecification","valueRequired":true,"valueName":"search_term_string"}}],"inLanguage":"de"},{"@type":"Organization","@id":"https:\/\/www.heatsupply.nl\/de\/#organization","name":"Heatsupply","url":"https:\/\/www.heatsupply.nl\/de\/","logo":{"@type":"ImageObject","inLanguage":"de","@id":"https:\/\/www.heatsupply.nl\/de\/#\/schema\/logo\/image\/","url":"https:\/\/www.heatsupply.nl\/wp-content\/uploads\/2022\/10\/heatsupply-logo-rood.jpg","contentUrl":"https:\/\/www.heatsupply.nl\/wp-content\/uploads\/2022\/10\/heatsupply-logo-rood.jpg","width":1000,"height":335,"caption":"Heatsupply"},"image":{"@id":"https:\/\/www.heatsupply.nl\/de\/#\/schema\/logo\/image\/"},"sameAs":["https:\/\/www.facebook.com\/heatsupplyNL","https:\/\/www.instagram.com\/heatsuppy.nl","https:\/\/www.youtube.com\/channel\/UC5pOWqQtljvxTz2SMWGWCsw"]}]},"product_brand":"Crazy Bastard","product_price_amount":"6.95","product_price_currency":"EUR","og_availability":"instock","product_availability":"instock","product_retailer_item_id":"R103","product_condition":"new"},"_links":{"self":[{"href":"https:\/\/www.heatsupply.nl\/de\/wp-json\/wp\/v2\/product\/143304","targetHints":{"allow":["GET"]}}],"collection":[{"href":"https:\/\/www.heatsupply.nl\/de\/wp-json\/wp\/v2\/product"}],"about":[{"href":"https:\/\/www.heatsupply.nl\/de\/wp-json\/wp\/v2\/types\/product"}],"replies":[{"embeddable":true,"href":"https:\/\/www.heatsupply.nl\/de\/wp-json\/wp\/v2\/comments?post=143304"}],"wp:featuredmedia":[{"embeddable":true,"href":"https:\/\/www.heatsupply.nl\/de\/wp-json\/wp\/v2\/media\/143023"}],"wp:attachment":[{"href":"https:\/\/www.heatsupply.nl\/de\/wp-json\/wp\/v2\/media?parent=143304"}],"wp:term":[{"taxonomy":"product_brand","embeddable":true,"href":"https:\/\/www.heatsupply.nl\/de\/wp-json\/wp\/v2\/product_brand?post=143304"},{"taxonomy":"product_cat","embeddable":true,"href":"https:\/\/www.heatsupply.nl\/de\/wp-json\/wp\/v2\/product_cat?post=143304"},{"taxonomy":"product_tag","embeddable":true,"href":"https:\/\/www.heatsupply.nl\/de\/wp-json\/wp\/v2\/product_tag?post=143304"}],"curies":[{"name":"wp","href":"https:\/\/api.w.org\/{rel}","templated":true}]}}