{"id":143300,"date":"2019-01-30T13:09:00","date_gmt":"2019-01-30T12:09:00","guid":{"rendered":"https:\/\/www.heatsupply.nl\/product\/crazy-bastard-chipotle-pineapple-2\/"},"modified":"2026-04-06T15:25:19","modified_gmt":"2026-04-06T13:25:19","slug":"crazy-bastard-chipotle-pineapple","status":"publish","type":"product","link":"https:\/\/www.heatsupply.nl\/de\/produkt\/crazy-bastard-chipotle-pineapple\/","title":{"rendered":"Crazy Bastard Sauce Chipotle &amp; Pineapple"},"content":{"rendered":"<p><strong>Zutaten\u00a0Crazy Bastard Chipotle &amp; Pineapple<\/strong>: Zwiebeln, Paprika, Ananas (17%), Wei\u00dfweinessig, Chilis (rote Jalape\u00f1o &amp; Birdseye), Limette, Chipotle-Flocken (1,7%), Oliven\u00f6l, Salz.<\/p>\n<p><span style=\"text-decoration: underline;\">N\u00e4hrwertangaben pro 100 g:<\/span><br \/>\nEnergie: 255kJ\/61 kcal<br \/>\nFett: 0,9 g<br \/>\ndavon ges\u00e4ttigte Fette: 0,1 g<br \/>\nKohlenhydrate: 11 g<br \/>\ndavon Zucker: 9,5 g<br \/>\nProteine: 1,4 g<br \/>\nSalz: 0,11 g<\/p>\n<p>Vor dem Gebrauch gut sch\u00fctteln. Nach dem \u00d6ffnen im K\u00fchlschrank aufbewahren und bis zu 6 Monate haltbar.<\/p>\n<p><iframe loading=\"lazy\" src=\"https:\/\/www.youtube.com\/embed\/Xa4UvQBlwNA\" width=\"560\" height=\"315\" frameborder=\"0\" allowfullscreen=\"allowfullscreen\"><\/iframe><\/p>\n","protected":false},"excerpt":{"rendered":"<p style=\"text-align: justify;\">Die deutsche Marke <strong>Crazy Bastard<\/strong> verwendet ungew\u00f6hnliche Kombinationen f\u00fcr ihre scharfen Saucen. Bei dieser Crazy Bastard Chipotle &amp; Pineapple handelt es sich um eine Kombination aus dem rauchigen Geschmack der Chipotle und der s\u00fc\u00dfen Fruchtigkeit der Ananas. Zusammen mit einigen Jalape\u00f1os und Birdseye-Chilis ergibt sich eine mittelstarke Sch\u00e4rfe mit einem k\u00f6stlichen Geschmack.<\/p>\n<p style=\"text-align: justify;\">Herkunft: Berlin, Deutschland<\/p>\n<p style=\"text-align: justify;\">Inhalt: 100ml<\/p>\n","protected":false},"featured_media":143301,"comment_status":"open","ping_status":"closed","template":"","meta":{"_acf_changed":false},"product_brand":[],"product_cat":[3930,3886,3994,3915,3787,4046],"product_tag":[],"class_list":{"0":"post-143300","1":"product","2":"type-product","3":"status-publish","4":"has-post-thumbnail","6":"product_cat-chipotle","7":"product_cat-bbq-saucen","8":"product_cat-europaeische-scharfe-saucen","9":"product_cat-jalapeno","10":"product_cat-scharfe-sossen","11":"product_cat-spicy","13":"first","14":"instock","15":"taxable","16":"shipping-taxable","17":"purchasable","18":"product-type-simple"},"bundled_by":[],"bundle_stock_status":"instock","bundle_stock_quantity":2,"bundle_virtual":false,"bundle_layout":"","bundle_add_to_cart_form_location":"","bundle_editable_in_cart":false,"bundle_sold_individually_context":"","bundle_item_grouping":"","bundle_min_size":"","bundle_max_size":"","bundle_price":[],"bundled_items":[],"bundle_sell_ids":[],"acf":[],"yoast_head":"<!-- This site is optimized with the Yoast SEO Premium plugin v27.5 (Yoast SEO v27.5) - https:\/\/yoast.com\/product\/yoast-seo-premium-wordpress\/ -->\n<title>Crazy Bastard Sauce Chipotle &amp; Pineapple - Heatsupply<\/title>\n<meta name=\"description\" content=\"Der Crazy Bastard Chipotle &amp; Pineapple ist eine schmackhafte Kombination aus der rauchigen Note der Chipotle und der fruchtigen Note der Ananas.\" \/>\n<meta name=\"robots\" content=\"index, follow, max-snippet:-1, max-image-preview:large, max-video-preview:-1\" \/>\n<link rel=\"canonical\" href=\"https:\/\/www.heatsupply.nl\/de\/produkt\/crazy-bastard-chipotle-pineapple\/\" \/>\n<meta property=\"og:locale\" content=\"de_DE\" \/>\n<meta property=\"og:type\" content=\"article\" \/>\n<meta property=\"og:title\" content=\"Crazy Bastard Sauce Chipotle &amp; Pineapple\" \/>\n<meta property=\"og:description\" content=\"Der Crazy Bastard Chipotle &amp; Pineapple ist eine schmackhafte Kombination aus der rauchigen Note der Chipotle und der fruchtigen Note der Ananas.\" \/>\n<meta property=\"og:url\" content=\"https:\/\/www.heatsupply.nl\/de\/produkt\/crazy-bastard-chipotle-pineapple\/\" \/>\n<meta property=\"og:site_name\" content=\"Heatsupply\" \/>\n<meta property=\"article:publisher\" content=\"https:\/\/www.facebook.com\/heatsupplyNL\" \/>\n<meta property=\"article:modified_time\" content=\"2026-04-06T13:25:19+00:00\" \/>\n<meta property=\"og:image\" content=\"https:\/\/www.heatsupply.nl\/wp-content\/uploads\/2019\/01\/crazy-bastard-hot-sauce-chipotle-pineapple.jpg\" \/>\n\t<meta property=\"og:image:width\" content=\"1400\" \/>\n\t<meta property=\"og:image:height\" content=\"1400\" \/>\n\t<meta property=\"og:image:type\" content=\"image\/jpeg\" \/>\n<meta name=\"twitter:card\" content=\"summary_large_image\" \/>\n<meta name=\"twitter:label1\" content=\"Preis\" \/>\n\t<meta name=\"twitter:data1\" content=\"&euro;6,95\" \/>\n\t<meta name=\"twitter:label2\" content=\"Verf\u00fcgbarkeit\" \/>\n\t<meta name=\"twitter:data2\" content=\"Auf Lager\" \/>\n<script type=\"application\/ld+json\" class=\"yoast-schema-graph\">{\"@context\":\"https:\\\/\\\/schema.org\",\"@graph\":[{\"@type\":\"WebPage\",\"@id\":\"https:\\\/\\\/www.heatsupply.nl\\\/de\\\/produkt\\\/crazy-bastard-chipotle-pineapple\\\/\",\"url\":\"https:\\\/\\\/www.heatsupply.nl\\\/de\\\/produkt\\\/crazy-bastard-chipotle-pineapple\\\/\",\"name\":\"Crazy Bastard Sauce Chipotle &amp; Pineapple - Heatsupply\",\"isPartOf\":{\"@id\":\"https:\\\/\\\/www.heatsupply.nl\\\/de\\\/#website\"},\"primaryImageOfPage\":{\"@id\":\"https:\\\/\\\/www.heatsupply.nl\\\/de\\\/produkt\\\/crazy-bastard-chipotle-pineapple\\\/#primaryimage\"},\"image\":{\"@id\":\"https:\\\/\\\/www.heatsupply.nl\\\/de\\\/produkt\\\/crazy-bastard-chipotle-pineapple\\\/#primaryimage\"},\"thumbnailUrl\":\"https:\\\/\\\/www.heatsupply.nl\\\/wp-content\\\/uploads\\\/2019\\\/01\\\/crazy-bastard-hot-sauce-chipotle-pineapple.jpg\",\"datePublished\":\"2019-01-30T12:09:00+00:00\",\"dateModified\":\"2026-04-06T13:25:19+00:00\",\"description\":\"Der Crazy Bastard Chipotle & Pineapple ist eine schmackhafte Kombination aus der rauchigen Note der Chipotle und der fruchtigen Note der Ananas.\",\"breadcrumb\":{\"@id\":\"https:\\\/\\\/www.heatsupply.nl\\\/de\\\/produkt\\\/crazy-bastard-chipotle-pineapple\\\/#breadcrumb\"},\"inLanguage\":\"de\",\"potentialAction\":[{\"@type\":\"ReadAction\",\"target\":[\"https:\\\/\\\/www.heatsupply.nl\\\/de\\\/produkt\\\/crazy-bastard-chipotle-pineapple\\\/\"]}]},{\"@type\":\"ImageObject\",\"inLanguage\":\"de\",\"@id\":\"https:\\\/\\\/www.heatsupply.nl\\\/de\\\/produkt\\\/crazy-bastard-chipotle-pineapple\\\/#primaryimage\",\"url\":\"https:\\\/\\\/www.heatsupply.nl\\\/wp-content\\\/uploads\\\/2019\\\/01\\\/crazy-bastard-hot-sauce-chipotle-pineapple.jpg\",\"contentUrl\":\"https:\\\/\\\/www.heatsupply.nl\\\/wp-content\\\/uploads\\\/2019\\\/01\\\/crazy-bastard-hot-sauce-chipotle-pineapple.jpg\",\"width\":1400,\"height\":1400},{\"@type\":\"BreadcrumbList\",\"@id\":\"https:\\\/\\\/www.heatsupply.nl\\\/de\\\/produkt\\\/crazy-bastard-chipotle-pineapple\\\/#breadcrumb\",\"itemListElement\":[{\"@type\":\"ListItem\",\"position\":1,\"name\":\"Home\",\"item\":\"https:\\\/\\\/www.heatsupply.nl\\\/de\\\/\"},{\"@type\":\"ListItem\",\"position\":2,\"name\":\"Alle produkten\",\"item\":\"https:\\\/\\\/www.heatsupply.nl\\\/de\\\/alle-produkten\\\/\"},{\"@type\":\"ListItem\",\"position\":3,\"name\":\"Scharfe So\u00dfen\",\"item\":\"https:\\\/\\\/www.heatsupply.nl\\\/de\\\/scharfe-sossen\\\/\"},{\"@type\":\"ListItem\",\"position\":4,\"name\":\"Chipotle\",\"item\":\"https:\\\/\\\/www.heatsupply.nl\\\/de\\\/scharfe-sossen\\\/chipotle\\\/\"},{\"@type\":\"ListItem\",\"position\":5,\"name\":\"Crazy Bastard Sauce Chipotle &amp; Pineapple\"}]},{\"@type\":\"WebSite\",\"@id\":\"https:\\\/\\\/www.heatsupply.nl\\\/de\\\/#website\",\"url\":\"https:\\\/\\\/www.heatsupply.nl\\\/de\\\/\",\"name\":\"Heatsupply\",\"description\":\"Hot sauce webstore #1 in Europe\",\"publisher\":{\"@id\":\"https:\\\/\\\/www.heatsupply.nl\\\/de\\\/#organization\"},\"potentialAction\":[{\"@type\":\"SearchAction\",\"target\":{\"@type\":\"EntryPoint\",\"urlTemplate\":\"https:\\\/\\\/www.heatsupply.nl\\\/de\\\/?s={search_term_string}\"},\"query-input\":{\"@type\":\"PropertyValueSpecification\",\"valueRequired\":true,\"valueName\":\"search_term_string\"}}],\"inLanguage\":\"de\"},{\"@type\":\"Organization\",\"@id\":\"https:\\\/\\\/www.heatsupply.nl\\\/de\\\/#organization\",\"name\":\"Heatsupply\",\"url\":\"https:\\\/\\\/www.heatsupply.nl\\\/de\\\/\",\"logo\":{\"@type\":\"ImageObject\",\"inLanguage\":\"de\",\"@id\":\"https:\\\/\\\/www.heatsupply.nl\\\/de\\\/#\\\/schema\\\/logo\\\/image\\\/\",\"url\":\"https:\\\/\\\/www.heatsupply.nl\\\/wp-content\\\/uploads\\\/2022\\\/10\\\/heatsupply-logo-rood.jpg\",\"contentUrl\":\"https:\\\/\\\/www.heatsupply.nl\\\/wp-content\\\/uploads\\\/2022\\\/10\\\/heatsupply-logo-rood.jpg\",\"width\":1000,\"height\":335,\"caption\":\"Heatsupply\"},\"image\":{\"@id\":\"https:\\\/\\\/www.heatsupply.nl\\\/de\\\/#\\\/schema\\\/logo\\\/image\\\/\"},\"sameAs\":[\"https:\\\/\\\/www.facebook.com\\\/heatsupplyNL\",\"https:\\\/\\\/www.instagram.com\\\/heatsuppy.nl\",\"https:\\\/\\\/www.youtube.com\\\/channel\\\/UC5pOWqQtljvxTz2SMWGWCsw\"]}]}<\/script>\n<meta property=\"product:brand\" content=\"Crazy Bastard\" \/>\n<meta property=\"product:price:amount\" content=\"6.95\" \/>\n<meta property=\"product:price:currency\" content=\"EUR\" \/>\n<meta property=\"og:availability\" content=\"instock\" \/>\n<meta property=\"product:availability\" content=\"instock\" \/>\n<meta property=\"product:retailer_item_id\" content=\"CBCP003\" \/>\n<meta property=\"product:condition\" content=\"new\" \/>\n<!-- \/ Yoast SEO Premium plugin. -->","yoast_head_json":{"title":"Crazy Bastard Sauce Chipotle &amp; Pineapple - Heatsupply","description":"Der Crazy Bastard Chipotle & Pineapple ist eine schmackhafte Kombination aus der rauchigen Note der Chipotle und der fruchtigen Note der Ananas.","robots":{"index":"index","follow":"follow","max-snippet":"max-snippet:-1","max-image-preview":"max-image-preview:large","max-video-preview":"max-video-preview:-1"},"canonical":"https:\/\/www.heatsupply.nl\/de\/produkt\/crazy-bastard-chipotle-pineapple\/","og_locale":"de_DE","og_type":"article","og_title":"Crazy Bastard Sauce Chipotle &amp; Pineapple","og_description":"Der Crazy Bastard Chipotle & Pineapple ist eine schmackhafte Kombination aus der rauchigen Note der Chipotle und der fruchtigen Note der Ananas.","og_url":"https:\/\/www.heatsupply.nl\/de\/produkt\/crazy-bastard-chipotle-pineapple\/","og_site_name":"Heatsupply","article_publisher":"https:\/\/www.facebook.com\/heatsupplyNL","article_modified_time":"2026-04-06T13:25:19+00:00","og_image":[{"width":1400,"height":1400,"url":"https:\/\/www.heatsupply.nl\/wp-content\/uploads\/2019\/01\/crazy-bastard-hot-sauce-chipotle-pineapple.jpg","type":"image\/jpeg"}],"twitter_card":"summary_large_image","twitter_misc":{"Preis":"&euro;6,95","Verf\u00fcgbarkeit":"Auf Lager"},"schema":{"@context":"https:\/\/schema.org","@graph":[{"@type":"WebPage","@id":"https:\/\/www.heatsupply.nl\/de\/produkt\/crazy-bastard-chipotle-pineapple\/","url":"https:\/\/www.heatsupply.nl\/de\/produkt\/crazy-bastard-chipotle-pineapple\/","name":"Crazy Bastard Sauce Chipotle &amp; Pineapple - Heatsupply","isPartOf":{"@id":"https:\/\/www.heatsupply.nl\/de\/#website"},"primaryImageOfPage":{"@id":"https:\/\/www.heatsupply.nl\/de\/produkt\/crazy-bastard-chipotle-pineapple\/#primaryimage"},"image":{"@id":"https:\/\/www.heatsupply.nl\/de\/produkt\/crazy-bastard-chipotle-pineapple\/#primaryimage"},"thumbnailUrl":"https:\/\/www.heatsupply.nl\/wp-content\/uploads\/2019\/01\/crazy-bastard-hot-sauce-chipotle-pineapple.jpg","datePublished":"2019-01-30T12:09:00+00:00","dateModified":"2026-04-06T13:25:19+00:00","description":"Der Crazy Bastard Chipotle & Pineapple ist eine schmackhafte Kombination aus der rauchigen Note der Chipotle und der fruchtigen Note der Ananas.","breadcrumb":{"@id":"https:\/\/www.heatsupply.nl\/de\/produkt\/crazy-bastard-chipotle-pineapple\/#breadcrumb"},"inLanguage":"de","potentialAction":[{"@type":"ReadAction","target":["https:\/\/www.heatsupply.nl\/de\/produkt\/crazy-bastard-chipotle-pineapple\/"]}]},{"@type":"ImageObject","inLanguage":"de","@id":"https:\/\/www.heatsupply.nl\/de\/produkt\/crazy-bastard-chipotle-pineapple\/#primaryimage","url":"https:\/\/www.heatsupply.nl\/wp-content\/uploads\/2019\/01\/crazy-bastard-hot-sauce-chipotle-pineapple.jpg","contentUrl":"https:\/\/www.heatsupply.nl\/wp-content\/uploads\/2019\/01\/crazy-bastard-hot-sauce-chipotle-pineapple.jpg","width":1400,"height":1400},{"@type":"BreadcrumbList","@id":"https:\/\/www.heatsupply.nl\/de\/produkt\/crazy-bastard-chipotle-pineapple\/#breadcrumb","itemListElement":[{"@type":"ListItem","position":1,"name":"Home","item":"https:\/\/www.heatsupply.nl\/de\/"},{"@type":"ListItem","position":2,"name":"Alle produkten","item":"https:\/\/www.heatsupply.nl\/de\/alle-produkten\/"},{"@type":"ListItem","position":3,"name":"Scharfe So\u00dfen","item":"https:\/\/www.heatsupply.nl\/de\/scharfe-sossen\/"},{"@type":"ListItem","position":4,"name":"Chipotle","item":"https:\/\/www.heatsupply.nl\/de\/scharfe-sossen\/chipotle\/"},{"@type":"ListItem","position":5,"name":"Crazy Bastard Sauce Chipotle &amp; Pineapple"}]},{"@type":"WebSite","@id":"https:\/\/www.heatsupply.nl\/de\/#website","url":"https:\/\/www.heatsupply.nl\/de\/","name":"Heatsupply","description":"Hot sauce webstore #1 in Europe","publisher":{"@id":"https:\/\/www.heatsupply.nl\/de\/#organization"},"potentialAction":[{"@type":"SearchAction","target":{"@type":"EntryPoint","urlTemplate":"https:\/\/www.heatsupply.nl\/de\/?s={search_term_string}"},"query-input":{"@type":"PropertyValueSpecification","valueRequired":true,"valueName":"search_term_string"}}],"inLanguage":"de"},{"@type":"Organization","@id":"https:\/\/www.heatsupply.nl\/de\/#organization","name":"Heatsupply","url":"https:\/\/www.heatsupply.nl\/de\/","logo":{"@type":"ImageObject","inLanguage":"de","@id":"https:\/\/www.heatsupply.nl\/de\/#\/schema\/logo\/image\/","url":"https:\/\/www.heatsupply.nl\/wp-content\/uploads\/2022\/10\/heatsupply-logo-rood.jpg","contentUrl":"https:\/\/www.heatsupply.nl\/wp-content\/uploads\/2022\/10\/heatsupply-logo-rood.jpg","width":1000,"height":335,"caption":"Heatsupply"},"image":{"@id":"https:\/\/www.heatsupply.nl\/de\/#\/schema\/logo\/image\/"},"sameAs":["https:\/\/www.facebook.com\/heatsupplyNL","https:\/\/www.instagram.com\/heatsuppy.nl","https:\/\/www.youtube.com\/channel\/UC5pOWqQtljvxTz2SMWGWCsw"]}]},"product_brand":"Crazy Bastard","product_price_amount":"6.95","product_price_currency":"EUR","og_availability":"instock","product_availability":"instock","product_retailer_item_id":"CBCP003","product_condition":"new"},"_links":{"self":[{"href":"https:\/\/www.heatsupply.nl\/de\/wp-json\/wp\/v2\/product\/143300","targetHints":{"allow":["GET"]}}],"collection":[{"href":"https:\/\/www.heatsupply.nl\/de\/wp-json\/wp\/v2\/product"}],"about":[{"href":"https:\/\/www.heatsupply.nl\/de\/wp-json\/wp\/v2\/types\/product"}],"replies":[{"embeddable":true,"href":"https:\/\/www.heatsupply.nl\/de\/wp-json\/wp\/v2\/comments?post=143300"}],"wp:featuredmedia":[{"embeddable":true,"href":"https:\/\/www.heatsupply.nl\/de\/wp-json\/wp\/v2\/media\/143301"}],"wp:attachment":[{"href":"https:\/\/www.heatsupply.nl\/de\/wp-json\/wp\/v2\/media?parent=143300"}],"wp:term":[{"taxonomy":"product_brand","embeddable":true,"href":"https:\/\/www.heatsupply.nl\/de\/wp-json\/wp\/v2\/product_brand?post=143300"},{"taxonomy":"product_cat","embeddable":true,"href":"https:\/\/www.heatsupply.nl\/de\/wp-json\/wp\/v2\/product_cat?post=143300"},{"taxonomy":"product_tag","embeddable":true,"href":"https:\/\/www.heatsupply.nl\/de\/wp-json\/wp\/v2\/product_tag?post=143300"}],"curies":[{"name":"wp","href":"https:\/\/api.w.org\/{rel}","templated":true}]}}