{"id":143293,"date":"2018-12-12T14:39:52","date_gmt":"2018-12-12T13:39:52","guid":{"rendered":"https:\/\/www.heatsupply.nl\/product\/queen-majesty-jalapeno-tequila-lime-hot-sauce\/"},"modified":"2026-05-15T15:08:58","modified_gmt":"2026-05-15T13:08:58","slug":"queen-majesty-jalapeno-tequila-lime-hot-sauce","status":"publish","type":"product","link":"https:\/\/www.heatsupply.nl\/de\/produkt\/queen-majesty-jalapeno-tequila-lime-hot-sauce\/","title":{"rendered":"Queen Majesty Jalape\u00f1o, Tequila &amp; Lime Hot Sauce"},"content":{"rendered":"<p><strong>Zutaten Queen Majesty Jalape\u00f1o, Tequila &amp; Lime Hot Sauce:<\/strong> Essig, Jalape\u00f1o (36,4 %), Limettensaft (10,4 %), s\u00fc\u00dfe Zwiebel, Knoblauch, natives Oliven\u00f6l extra, koscheres Salz, schwarzer Pfeffer, Agavendicksaft (0,2 %)<\/p>\n<p><span style=\"text-decoration: underline;\">N\u00e4hrwerte pro 100 ml:<\/span><br \/>\nEnergie: 170 kJ\/41 kcal<br \/>\nFett: 1,3 g<br \/>\ndavon ges\u00e4ttigte Fetts\u00e4uren: 0,2 g<br \/>\nKohlenhydrate: 5 g<br \/>\ndavon Zucker: 2,1 g<br \/>\nEiwei\u00df: 0,4 g<br \/>\nSalz: 0,69 g<\/p>\n<p>Vor Gebrauch sch\u00fctteln und nach dem \u00d6ffnen im K\u00fchlschrank aufbewahren.<\/p>\n","protected":false},"excerpt":{"rendered":"<p style=\"text-align: justify;\">Die <strong>Queen Majesty Jalape\u00f1o, Tequila &amp; Lime<\/strong> Hot Sauce ist eine sehr frische Sauce mit einem leichten Brennen durch die Jalape\u00f1os. Nat\u00fcrlich ist es haupts\u00e4chlich die Limette, die f\u00fcr die Frische sorgt, aber auch der gr\u00fcne Apfel ist leicht zu schmecken. In Kombination mit Tequila ist sie auf jeden Fall ein echtes Geschmackserlebnis. Besonders k\u00f6stlich zu Avocados, Tacos, Eiern, Sandwiches und auch als Salatbeilage.<\/p>\n<p style=\"text-align: justify;\"><strong>Gewinner der Goldmedaille der NYC Hot Sauce Expo 2015<\/strong><br \/>\n<strong>Gewinner Silbermedaille NYC Hot Sauce Expo 2014<\/strong><\/p>\n<ul>\n<li style=\"text-align: justify;\">Herkunft: Queens, New York, USA<\/li>\n<li style=\"text-align: justify;\">Inhalt: 147ml<\/li>\n<\/ul>\n","protected":false},"featured_media":156187,"comment_status":"open","ping_status":"closed","template":"","meta":{"_acf_changed":false},"product_brand":[],"product_cat":[3915,3787,4046],"product_tag":[],"class_list":{"0":"post-143293","1":"product","2":"type-product","3":"status-publish","4":"has-post-thumbnail","6":"product_cat-jalapeno","7":"product_cat-scharfe-sossen","8":"product_cat-spicy","10":"first","11":"instock","12":"taxable","13":"shipping-taxable","14":"purchasable","15":"product-type-simple"},"bundled_by":["143298","141991"],"bundle_stock_status":"instock","bundle_stock_quantity":14,"bundle_virtual":false,"bundle_layout":"","bundle_add_to_cart_form_location":"","bundle_editable_in_cart":false,"bundle_sold_individually_context":"","bundle_item_grouping":"","bundle_min_size":"","bundle_max_size":"","bundle_price":[],"bundled_items":[],"bundle_sell_ids":[],"acf":[],"yoast_head":"<!-- This site is optimized with the Yoast SEO Premium plugin v27.5 (Yoast SEO v27.5) - https:\/\/yoast.com\/product\/yoast-seo-premium-wordpress\/ -->\n<title>Queen Majesty Jalape\u00f1o, Tequila &amp; Lime Hot Sauce - Heatsupply<\/title>\n<meta name=\"description\" content=\"Die Queen Majesty Jalape\u00f1o, Tequila &amp; Lime ist durch die Limette und den gr\u00fcnen Apfel eine erfrischend milde scharfe Sauce. Der Tequila macht sie zu einem einzigartigen Geschmackserlebnis.\" \/>\n<meta name=\"robots\" content=\"index, follow, max-snippet:-1, max-image-preview:large, max-video-preview:-1\" \/>\n<link rel=\"canonical\" href=\"https:\/\/www.heatsupply.nl\/de\/produkt\/queen-majesty-jalapeno-tequila-lime-hot-sauce\/\" \/>\n<meta property=\"og:locale\" content=\"de_DE\" \/>\n<meta property=\"og:type\" content=\"article\" \/>\n<meta property=\"og:title\" content=\"Queen Majesty Jalape\u00f1o, Tequila &amp; Lime Hot Sauce\" \/>\n<meta property=\"og:description\" content=\"Die Queen Majesty Jalape\u00f1o, Tequila &amp; Lime ist durch die Limette und den gr\u00fcnen Apfel eine erfrischend milde scharfe Sauce. Der Tequila macht sie zu einem einzigartigen Geschmackserlebnis.\" \/>\n<meta property=\"og:url\" content=\"https:\/\/www.heatsupply.nl\/de\/produkt\/queen-majesty-jalapeno-tequila-lime-hot-sauce\/\" \/>\n<meta property=\"og:site_name\" content=\"Heatsupply\" \/>\n<meta property=\"article:publisher\" content=\"https:\/\/www.facebook.com\/heatsupplyNL\" \/>\n<meta property=\"article:modified_time\" content=\"2026-05-15T13:08:58+00:00\" \/>\n<meta property=\"og:image\" content=\"https:\/\/www.heatsupply.nl\/wp-content\/uploads\/2024\/08\/queen-majesty-jalapeno-tequila-lime-hot-sauce.jpg\" \/>\n\t<meta property=\"og:image:width\" content=\"1400\" \/>\n\t<meta property=\"og:image:height\" content=\"1400\" \/>\n\t<meta property=\"og:image:type\" content=\"image\/jpeg\" \/>\n<meta name=\"twitter:card\" content=\"summary_large_image\" \/>\n<meta name=\"twitter:label1\" content=\"Preis\" \/>\n\t<meta name=\"twitter:data1\" content=\"&euro;10,95\" \/>\n\t<meta name=\"twitter:label2\" content=\"Verf\u00fcgbarkeit\" \/>\n\t<meta name=\"twitter:data2\" content=\"Auf Lager\" \/>\n<script type=\"application\/ld+json\" class=\"yoast-schema-graph\">{\"@context\":\"https:\\\/\\\/schema.org\",\"@graph\":[{\"@type\":\"WebPage\",\"@id\":\"https:\\\/\\\/www.heatsupply.nl\\\/de\\\/produkt\\\/queen-majesty-jalapeno-tequila-lime-hot-sauce\\\/\",\"url\":\"https:\\\/\\\/www.heatsupply.nl\\\/de\\\/produkt\\\/queen-majesty-jalapeno-tequila-lime-hot-sauce\\\/\",\"name\":\"Queen Majesty Jalape\u00f1o, Tequila &amp; Lime Hot Sauce - Heatsupply\",\"isPartOf\":{\"@id\":\"https:\\\/\\\/www.heatsupply.nl\\\/de\\\/#website\"},\"primaryImageOfPage\":{\"@id\":\"https:\\\/\\\/www.heatsupply.nl\\\/de\\\/produkt\\\/queen-majesty-jalapeno-tequila-lime-hot-sauce\\\/#primaryimage\"},\"image\":{\"@id\":\"https:\\\/\\\/www.heatsupply.nl\\\/de\\\/produkt\\\/queen-majesty-jalapeno-tequila-lime-hot-sauce\\\/#primaryimage\"},\"thumbnailUrl\":\"https:\\\/\\\/www.heatsupply.nl\\\/wp-content\\\/uploads\\\/2024\\\/08\\\/queen-majesty-jalapeno-tequila-lime-hot-sauce.jpg\",\"datePublished\":\"2018-12-12T13:39:52+00:00\",\"dateModified\":\"2026-05-15T13:08:58+00:00\",\"description\":\"Die Queen Majesty Jalape\u00f1o, Tequila & Lime ist durch die Limette und den gr\u00fcnen Apfel eine erfrischend milde scharfe Sauce. Der Tequila macht sie zu einem einzigartigen Geschmackserlebnis.\",\"breadcrumb\":{\"@id\":\"https:\\\/\\\/www.heatsupply.nl\\\/de\\\/produkt\\\/queen-majesty-jalapeno-tequila-lime-hot-sauce\\\/#breadcrumb\"},\"inLanguage\":\"de\",\"potentialAction\":[{\"@type\":\"ReadAction\",\"target\":[\"https:\\\/\\\/www.heatsupply.nl\\\/de\\\/produkt\\\/queen-majesty-jalapeno-tequila-lime-hot-sauce\\\/\"]}]},{\"@type\":\"ImageObject\",\"inLanguage\":\"de\",\"@id\":\"https:\\\/\\\/www.heatsupply.nl\\\/de\\\/produkt\\\/queen-majesty-jalapeno-tequila-lime-hot-sauce\\\/#primaryimage\",\"url\":\"https:\\\/\\\/www.heatsupply.nl\\\/wp-content\\\/uploads\\\/2024\\\/08\\\/queen-majesty-jalapeno-tequila-lime-hot-sauce.jpg\",\"contentUrl\":\"https:\\\/\\\/www.heatsupply.nl\\\/wp-content\\\/uploads\\\/2024\\\/08\\\/queen-majesty-jalapeno-tequila-lime-hot-sauce.jpg\",\"width\":1400,\"height\":1400},{\"@type\":\"BreadcrumbList\",\"@id\":\"https:\\\/\\\/www.heatsupply.nl\\\/de\\\/produkt\\\/queen-majesty-jalapeno-tequila-lime-hot-sauce\\\/#breadcrumb\",\"itemListElement\":[{\"@type\":\"ListItem\",\"position\":1,\"name\":\"Home\",\"item\":\"https:\\\/\\\/www.heatsupply.nl\\\/de\\\/\"},{\"@type\":\"ListItem\",\"position\":2,\"name\":\"Alle produkten\",\"item\":\"https:\\\/\\\/www.heatsupply.nl\\\/de\\\/alle-produkten\\\/\"},{\"@type\":\"ListItem\",\"position\":3,\"name\":\"Scharfe So\u00dfen\",\"item\":\"https:\\\/\\\/www.heatsupply.nl\\\/de\\\/scharfe-sossen\\\/\"},{\"@type\":\"ListItem\",\"position\":4,\"name\":\"Jalapeno\",\"item\":\"https:\\\/\\\/www.heatsupply.nl\\\/de\\\/scharfe-sossen\\\/jalapeno\\\/\"},{\"@type\":\"ListItem\",\"position\":5,\"name\":\"Queen Majesty Jalape\u00f1o, Tequila &amp; Lime Hot Sauce\"}]},{\"@type\":\"WebSite\",\"@id\":\"https:\\\/\\\/www.heatsupply.nl\\\/de\\\/#website\",\"url\":\"https:\\\/\\\/www.heatsupply.nl\\\/de\\\/\",\"name\":\"Heatsupply\",\"description\":\"Hot sauce webstore #1 in Europe\",\"publisher\":{\"@id\":\"https:\\\/\\\/www.heatsupply.nl\\\/de\\\/#organization\"},\"potentialAction\":[{\"@type\":\"SearchAction\",\"target\":{\"@type\":\"EntryPoint\",\"urlTemplate\":\"https:\\\/\\\/www.heatsupply.nl\\\/de\\\/?s={search_term_string}\"},\"query-input\":{\"@type\":\"PropertyValueSpecification\",\"valueRequired\":true,\"valueName\":\"search_term_string\"}}],\"inLanguage\":\"de\"},{\"@type\":\"Organization\",\"@id\":\"https:\\\/\\\/www.heatsupply.nl\\\/de\\\/#organization\",\"name\":\"Heatsupply\",\"url\":\"https:\\\/\\\/www.heatsupply.nl\\\/de\\\/\",\"logo\":{\"@type\":\"ImageObject\",\"inLanguage\":\"de\",\"@id\":\"https:\\\/\\\/www.heatsupply.nl\\\/de\\\/#\\\/schema\\\/logo\\\/image\\\/\",\"url\":\"https:\\\/\\\/www.heatsupply.nl\\\/wp-content\\\/uploads\\\/2022\\\/10\\\/heatsupply-logo-rood.jpg\",\"contentUrl\":\"https:\\\/\\\/www.heatsupply.nl\\\/wp-content\\\/uploads\\\/2022\\\/10\\\/heatsupply-logo-rood.jpg\",\"width\":1000,\"height\":335,\"caption\":\"Heatsupply\"},\"image\":{\"@id\":\"https:\\\/\\\/www.heatsupply.nl\\\/de\\\/#\\\/schema\\\/logo\\\/image\\\/\"},\"sameAs\":[\"https:\\\/\\\/www.facebook.com\\\/heatsupplyNL\",\"https:\\\/\\\/www.instagram.com\\\/heatsuppy.nl\",\"https:\\\/\\\/www.youtube.com\\\/channel\\\/UC5pOWqQtljvxTz2SMWGWCsw\"]}]}<\/script>\n<meta property=\"product:brand\" content=\"Queen Majesty\" \/>\n<meta property=\"product:price:amount\" content=\"10.95\" \/>\n<meta property=\"product:price:currency\" content=\"EUR\" \/>\n<meta property=\"og:availability\" content=\"instock\" \/>\n<meta property=\"product:availability\" content=\"instock\" \/>\n<meta property=\"product:retailer_item_id\" content=\"QMJTL002\" \/>\n<meta property=\"product:condition\" content=\"new\" \/>\n<!-- \/ Yoast SEO Premium plugin. -->","yoast_head_json":{"title":"Queen Majesty Jalape\u00f1o, Tequila &amp; Lime Hot Sauce - Heatsupply","description":"Die Queen Majesty Jalape\u00f1o, Tequila & Lime ist durch die Limette und den gr\u00fcnen Apfel eine erfrischend milde scharfe Sauce. Der Tequila macht sie zu einem einzigartigen Geschmackserlebnis.","robots":{"index":"index","follow":"follow","max-snippet":"max-snippet:-1","max-image-preview":"max-image-preview:large","max-video-preview":"max-video-preview:-1"},"canonical":"https:\/\/www.heatsupply.nl\/de\/produkt\/queen-majesty-jalapeno-tequila-lime-hot-sauce\/","og_locale":"de_DE","og_type":"article","og_title":"Queen Majesty Jalape\u00f1o, Tequila &amp; Lime Hot Sauce","og_description":"Die Queen Majesty Jalape\u00f1o, Tequila & Lime ist durch die Limette und den gr\u00fcnen Apfel eine erfrischend milde scharfe Sauce. Der Tequila macht sie zu einem einzigartigen Geschmackserlebnis.","og_url":"https:\/\/www.heatsupply.nl\/de\/produkt\/queen-majesty-jalapeno-tequila-lime-hot-sauce\/","og_site_name":"Heatsupply","article_publisher":"https:\/\/www.facebook.com\/heatsupplyNL","article_modified_time":"2026-05-15T13:08:58+00:00","og_image":[{"width":1400,"height":1400,"url":"https:\/\/www.heatsupply.nl\/wp-content\/uploads\/2024\/08\/queen-majesty-jalapeno-tequila-lime-hot-sauce.jpg","type":"image\/jpeg"}],"twitter_card":"summary_large_image","twitter_misc":{"Preis":"&euro;10,95","Verf\u00fcgbarkeit":"Auf Lager"},"schema":{"@context":"https:\/\/schema.org","@graph":[{"@type":"WebPage","@id":"https:\/\/www.heatsupply.nl\/de\/produkt\/queen-majesty-jalapeno-tequila-lime-hot-sauce\/","url":"https:\/\/www.heatsupply.nl\/de\/produkt\/queen-majesty-jalapeno-tequila-lime-hot-sauce\/","name":"Queen Majesty Jalape\u00f1o, Tequila &amp; Lime Hot Sauce - Heatsupply","isPartOf":{"@id":"https:\/\/www.heatsupply.nl\/de\/#website"},"primaryImageOfPage":{"@id":"https:\/\/www.heatsupply.nl\/de\/produkt\/queen-majesty-jalapeno-tequila-lime-hot-sauce\/#primaryimage"},"image":{"@id":"https:\/\/www.heatsupply.nl\/de\/produkt\/queen-majesty-jalapeno-tequila-lime-hot-sauce\/#primaryimage"},"thumbnailUrl":"https:\/\/www.heatsupply.nl\/wp-content\/uploads\/2024\/08\/queen-majesty-jalapeno-tequila-lime-hot-sauce.jpg","datePublished":"2018-12-12T13:39:52+00:00","dateModified":"2026-05-15T13:08:58+00:00","description":"Die Queen Majesty Jalape\u00f1o, Tequila & Lime ist durch die Limette und den gr\u00fcnen Apfel eine erfrischend milde scharfe Sauce. Der Tequila macht sie zu einem einzigartigen Geschmackserlebnis.","breadcrumb":{"@id":"https:\/\/www.heatsupply.nl\/de\/produkt\/queen-majesty-jalapeno-tequila-lime-hot-sauce\/#breadcrumb"},"inLanguage":"de","potentialAction":[{"@type":"ReadAction","target":["https:\/\/www.heatsupply.nl\/de\/produkt\/queen-majesty-jalapeno-tequila-lime-hot-sauce\/"]}]},{"@type":"ImageObject","inLanguage":"de","@id":"https:\/\/www.heatsupply.nl\/de\/produkt\/queen-majesty-jalapeno-tequila-lime-hot-sauce\/#primaryimage","url":"https:\/\/www.heatsupply.nl\/wp-content\/uploads\/2024\/08\/queen-majesty-jalapeno-tequila-lime-hot-sauce.jpg","contentUrl":"https:\/\/www.heatsupply.nl\/wp-content\/uploads\/2024\/08\/queen-majesty-jalapeno-tequila-lime-hot-sauce.jpg","width":1400,"height":1400},{"@type":"BreadcrumbList","@id":"https:\/\/www.heatsupply.nl\/de\/produkt\/queen-majesty-jalapeno-tequila-lime-hot-sauce\/#breadcrumb","itemListElement":[{"@type":"ListItem","position":1,"name":"Home","item":"https:\/\/www.heatsupply.nl\/de\/"},{"@type":"ListItem","position":2,"name":"Alle produkten","item":"https:\/\/www.heatsupply.nl\/de\/alle-produkten\/"},{"@type":"ListItem","position":3,"name":"Scharfe So\u00dfen","item":"https:\/\/www.heatsupply.nl\/de\/scharfe-sossen\/"},{"@type":"ListItem","position":4,"name":"Jalapeno","item":"https:\/\/www.heatsupply.nl\/de\/scharfe-sossen\/jalapeno\/"},{"@type":"ListItem","position":5,"name":"Queen Majesty Jalape\u00f1o, Tequila &amp; Lime Hot Sauce"}]},{"@type":"WebSite","@id":"https:\/\/www.heatsupply.nl\/de\/#website","url":"https:\/\/www.heatsupply.nl\/de\/","name":"Heatsupply","description":"Hot sauce webstore #1 in Europe","publisher":{"@id":"https:\/\/www.heatsupply.nl\/de\/#organization"},"potentialAction":[{"@type":"SearchAction","target":{"@type":"EntryPoint","urlTemplate":"https:\/\/www.heatsupply.nl\/de\/?s={search_term_string}"},"query-input":{"@type":"PropertyValueSpecification","valueRequired":true,"valueName":"search_term_string"}}],"inLanguage":"de"},{"@type":"Organization","@id":"https:\/\/www.heatsupply.nl\/de\/#organization","name":"Heatsupply","url":"https:\/\/www.heatsupply.nl\/de\/","logo":{"@type":"ImageObject","inLanguage":"de","@id":"https:\/\/www.heatsupply.nl\/de\/#\/schema\/logo\/image\/","url":"https:\/\/www.heatsupply.nl\/wp-content\/uploads\/2022\/10\/heatsupply-logo-rood.jpg","contentUrl":"https:\/\/www.heatsupply.nl\/wp-content\/uploads\/2022\/10\/heatsupply-logo-rood.jpg","width":1000,"height":335,"caption":"Heatsupply"},"image":{"@id":"https:\/\/www.heatsupply.nl\/de\/#\/schema\/logo\/image\/"},"sameAs":["https:\/\/www.facebook.com\/heatsupplyNL","https:\/\/www.instagram.com\/heatsuppy.nl","https:\/\/www.youtube.com\/channel\/UC5pOWqQtljvxTz2SMWGWCsw"]}]},"product_brand":"Queen Majesty","product_price_amount":"10.95","product_price_currency":"EUR","og_availability":"instock","product_availability":"instock","product_retailer_item_id":"QMJTL002","product_condition":"new"},"_links":{"self":[{"href":"https:\/\/www.heatsupply.nl\/de\/wp-json\/wp\/v2\/product\/143293","targetHints":{"allow":["GET"]}}],"collection":[{"href":"https:\/\/www.heatsupply.nl\/de\/wp-json\/wp\/v2\/product"}],"about":[{"href":"https:\/\/www.heatsupply.nl\/de\/wp-json\/wp\/v2\/types\/product"}],"replies":[{"embeddable":true,"href":"https:\/\/www.heatsupply.nl\/de\/wp-json\/wp\/v2\/comments?post=143293"}],"wp:featuredmedia":[{"embeddable":true,"href":"https:\/\/www.heatsupply.nl\/de\/wp-json\/wp\/v2\/media\/156187"}],"wp:attachment":[{"href":"https:\/\/www.heatsupply.nl\/de\/wp-json\/wp\/v2\/media?parent=143293"}],"wp:term":[{"taxonomy":"product_brand","embeddable":true,"href":"https:\/\/www.heatsupply.nl\/de\/wp-json\/wp\/v2\/product_brand?post=143293"},{"taxonomy":"product_cat","embeddable":true,"href":"https:\/\/www.heatsupply.nl\/de\/wp-json\/wp\/v2\/product_cat?post=143293"},{"taxonomy":"product_tag","embeddable":true,"href":"https:\/\/www.heatsupply.nl\/de\/wp-json\/wp\/v2\/product_tag?post=143293"}],"curies":[{"name":"wp","href":"https:\/\/api.w.org\/{rel}","templated":true}]}}