{"id":143291,"date":"2018-12-12T14:18:07","date_gmt":"2018-12-12T13:18:07","guid":{"rendered":"https:\/\/www.heatsupply.nl\/product\/143291\/"},"modified":"2026-05-15T15:08:58","modified_gmt":"2026-05-15T13:08:58","slug":"queen-majesty-scotch-bonnet-ginger","status":"publish","type":"product","link":"https:\/\/www.heatsupply.nl\/de\/produkt\/queen-majesty-scotch-bonnet-ginger\/","title":{"rendered":"Queen Majesty Scotch Bonnet &#038; Ginger Hot Sauce"},"content":{"rendered":"<p><iframe loading=\"lazy\" src=\"https:\/\/www.youtube.com\/embed\/rlB4OFfOR-k\" width=\"560\" height=\"315\" frameborder=\"0\" allowfullscreen=\"allowfullscreen\"><\/iframe><\/p>\n<p><strong>Queen Majesty Scotch Bonnet &amp; Ginger Zutaten<\/strong>: Essig, Paprika, s\u00fc\u00dfe Zwiebeln, Scotch Bonnet-Paprika (8 %), Ingwerwurzel (4 %), Zitronensaft, natives Oliven\u00f6l extra, koscheres Salz, schwarzer Pfeffer, Zimt.<\/p>\n<p>Diese scharfe Sauce ist auch aus der YouTube-Show \u201e<a href=\"https:\/\/www.heatsupply.nl\/de\/produkt-kategorie\/scharfe-saucen\/hot-ones-sauces\/\"><strong>Hot Ones<\/strong><\/a>\u201c bekannt. In Staffel 4 erreichte sie bei Hot Wings 4 von 10 Punkten.<\/p>\n<p><span style=\"text-decoration: underline;\">N\u00e4hrwerte pro 100 ml:<\/span><br \/>\nEnergie: 155 kJ\/37 kcal<br \/>\nFett: 1,2 g<br \/>\ndavon ges\u00e4ttigte Fetts\u00e4uren: 0,2 g<br \/>\nKohlenhydrate: 4 g<br \/>\ndavon Zucker: 2,2 g<br \/>\nEiwei\u00df: 0,9 g<br \/>\nSalz: 0,67 g<\/p>\n<p>Vor Gebrauch sch\u00fctteln und nach dem \u00d6ffnen im K\u00fchlschrank aufbewahren.<\/p>\n","protected":false},"excerpt":{"rendered":"<p><span style=\"font-weight: 500;\">Die Queen Majesty Scotch Bonnet &amp; Ginger Hot Sauce ist eine k\u00f6stliche und einzigartige scharfe Sauce, die durch den sehr erkennbaren Geschmack von Ingwer in Kombination mit der mittleren Sch\u00e4rfe der Scotch Bonnet Paprika entsteht. Die Sauce hat einen frischen, s\u00e4uerlichen, w\u00fcrzigen Charakter, der k\u00f6stlich zu Suppe, Reisgerichten, Eiern und Sandwiches passt.<\/span><\/p>\n<p><span style=\"font-weight: 500;\">Gewinner der Goldmedaille der NYC Hot Sauce Expo 2015<\/span><\/p>\n<ul>\n<li><span style=\"font-weight: 500;\">Herkunft: Queens, New York, USA<\/span><\/li>\n<li><span style=\"font-weight: 500;\">Inhalt: 147ml<\/span><\/li>\n<\/ul>\n","protected":false},"featured_media":156193,"comment_status":"open","ping_status":"closed","template":"","meta":{"_acf_changed":false},"product_brand":[],"product_cat":[4044,3789,3787,3934,4046],"product_tag":[],"class_list":{"0":"post-143291","1":"product","2":"type-product","3":"status-publish","4":"has-post-thumbnail","6":"product_cat-eten-met-nick","7":"product_cat-hot-ones-saucen","8":"product_cat-scharfe-sossen","9":"product_cat-scotch-bonnet","10":"product_cat-spicy","12":"first","13":"instock","14":"taxable","15":"shipping-taxable","16":"purchasable","17":"product-type-simple"},"bundled_by":["143298"],"bundle_stock_status":"instock","bundle_stock_quantity":210,"bundle_virtual":false,"bundle_layout":"","bundle_add_to_cart_form_location":"","bundle_editable_in_cart":false,"bundle_sold_individually_context":"","bundle_item_grouping":"","bundle_min_size":"","bundle_max_size":"","bundle_price":[],"bundled_items":[],"bundle_sell_ids":[],"acf":[],"yoast_head":"<!-- This site is optimized with the Yoast SEO Premium plugin v27.5 (Yoast SEO v27.5) - https:\/\/yoast.com\/product\/yoast-seo-premium-wordpress\/ -->\n<title>Queen Majesty Scotch Bonnet &amp; Ginger Hot Sauce - Heatsupply<\/title>\n<meta name=\"description\" content=\"Die Queen Majesty Scotch Bonnet &amp; Ginger Hot Sauce ist eine frische und saure Sauce mit einem deutlichen Ingwergeschmack und einer milden Sch\u00e4rfe der Scotch Bonnet Chilis.\" \/>\n<meta name=\"robots\" content=\"index, follow, max-snippet:-1, max-image-preview:large, max-video-preview:-1\" \/>\n<link rel=\"canonical\" href=\"https:\/\/www.heatsupply.nl\/de\/produkt\/queen-majesty-scotch-bonnet-ginger\/\" \/>\n<meta property=\"og:locale\" content=\"de_DE\" \/>\n<meta property=\"og:type\" content=\"article\" \/>\n<meta property=\"og:title\" content=\"Queen Majesty Scotch Bonnet &amp; Ginger Hot Sauce\" \/>\n<meta property=\"og:description\" content=\"Die Queen Majesty Scotch Bonnet &amp; Ginger Hot Sauce ist eine frische und saure Sauce mit einem deutlichen Ingwergeschmack und einer milden Sch\u00e4rfe der Scotch Bonnet Chilis.\" \/>\n<meta property=\"og:url\" content=\"https:\/\/www.heatsupply.nl\/de\/produkt\/queen-majesty-scotch-bonnet-ginger\/\" \/>\n<meta property=\"og:site_name\" content=\"Heatsupply\" \/>\n<meta property=\"article:publisher\" content=\"https:\/\/www.facebook.com\/heatsupplyNL\" \/>\n<meta property=\"article:modified_time\" content=\"2026-05-15T13:08:58+00:00\" \/>\n<meta property=\"og:image\" content=\"https:\/\/www.heatsupply.nl\/wp-content\/uploads\/2024\/08\/queen-majesty-scotch-bonnet-ginger-hot-sauce.jpg\" \/>\n\t<meta property=\"og:image:width\" content=\"1400\" \/>\n\t<meta property=\"og:image:height\" content=\"1400\" \/>\n\t<meta property=\"og:image:type\" content=\"image\/jpeg\" \/>\n<meta name=\"twitter:card\" content=\"summary_large_image\" \/>\n<meta name=\"twitter:label1\" content=\"Preis\" \/>\n\t<meta name=\"twitter:data1\" content=\"&euro;10,95\" \/>\n\t<meta name=\"twitter:label2\" content=\"Verf\u00fcgbarkeit\" \/>\n\t<meta name=\"twitter:data2\" content=\"Auf Lager\" \/>\n<script type=\"application\/ld+json\" class=\"yoast-schema-graph\">{\"@context\":\"https:\\\/\\\/schema.org\",\"@graph\":[{\"@type\":\"WebPage\",\"@id\":\"https:\\\/\\\/www.heatsupply.nl\\\/de\\\/produkt\\\/queen-majesty-scotch-bonnet-ginger\\\/\",\"url\":\"https:\\\/\\\/www.heatsupply.nl\\\/de\\\/produkt\\\/queen-majesty-scotch-bonnet-ginger\\\/\",\"name\":\"Queen Majesty Scotch Bonnet & Ginger Hot Sauce - Heatsupply\",\"isPartOf\":{\"@id\":\"https:\\\/\\\/www.heatsupply.nl\\\/de\\\/#website\"},\"primaryImageOfPage\":{\"@id\":\"https:\\\/\\\/www.heatsupply.nl\\\/de\\\/produkt\\\/queen-majesty-scotch-bonnet-ginger\\\/#primaryimage\"},\"image\":{\"@id\":\"https:\\\/\\\/www.heatsupply.nl\\\/de\\\/produkt\\\/queen-majesty-scotch-bonnet-ginger\\\/#primaryimage\"},\"thumbnailUrl\":\"https:\\\/\\\/www.heatsupply.nl\\\/wp-content\\\/uploads\\\/2024\\\/08\\\/queen-majesty-scotch-bonnet-ginger-hot-sauce.jpg\",\"datePublished\":\"2018-12-12T13:18:07+00:00\",\"dateModified\":\"2026-05-15T13:08:58+00:00\",\"description\":\"Die Queen Majesty Scotch Bonnet & Ginger Hot Sauce ist eine frische und saure Sauce mit einem deutlichen Ingwergeschmack und einer milden Sch\u00e4rfe der Scotch Bonnet Chilis.\",\"breadcrumb\":{\"@id\":\"https:\\\/\\\/www.heatsupply.nl\\\/de\\\/produkt\\\/queen-majesty-scotch-bonnet-ginger\\\/#breadcrumb\"},\"inLanguage\":\"de\",\"potentialAction\":[{\"@type\":\"ReadAction\",\"target\":[\"https:\\\/\\\/www.heatsupply.nl\\\/de\\\/produkt\\\/queen-majesty-scotch-bonnet-ginger\\\/\"]}]},{\"@type\":\"ImageObject\",\"inLanguage\":\"de\",\"@id\":\"https:\\\/\\\/www.heatsupply.nl\\\/de\\\/produkt\\\/queen-majesty-scotch-bonnet-ginger\\\/#primaryimage\",\"url\":\"https:\\\/\\\/www.heatsupply.nl\\\/wp-content\\\/uploads\\\/2024\\\/08\\\/queen-majesty-scotch-bonnet-ginger-hot-sauce.jpg\",\"contentUrl\":\"https:\\\/\\\/www.heatsupply.nl\\\/wp-content\\\/uploads\\\/2024\\\/08\\\/queen-majesty-scotch-bonnet-ginger-hot-sauce.jpg\",\"width\":1400,\"height\":1400,\"caption\":\"queen majesty scotch bonnet ginger hot sauce\"},{\"@type\":\"BreadcrumbList\",\"@id\":\"https:\\\/\\\/www.heatsupply.nl\\\/de\\\/produkt\\\/queen-majesty-scotch-bonnet-ginger\\\/#breadcrumb\",\"itemListElement\":[{\"@type\":\"ListItem\",\"position\":1,\"name\":\"Home\",\"item\":\"https:\\\/\\\/www.heatsupply.nl\\\/de\\\/\"},{\"@type\":\"ListItem\",\"position\":2,\"name\":\"Alle produkten\",\"item\":\"https:\\\/\\\/www.heatsupply.nl\\\/de\\\/alle-produkten\\\/\"},{\"@type\":\"ListItem\",\"position\":3,\"name\":\"Scharfe So\u00dfen\",\"item\":\"https:\\\/\\\/www.heatsupply.nl\\\/de\\\/scharfe-sossen\\\/\"},{\"@type\":\"ListItem\",\"position\":4,\"name\":\"Eten met Nick\",\"item\":\"https:\\\/\\\/www.heatsupply.nl\\\/de\\\/scharfe-sossen\\\/eten-met-nick\\\/\"},{\"@type\":\"ListItem\",\"position\":5,\"name\":\"Queen Majesty Scotch Bonnet &#038; Ginger Hot Sauce\"}]},{\"@type\":\"WebSite\",\"@id\":\"https:\\\/\\\/www.heatsupply.nl\\\/de\\\/#website\",\"url\":\"https:\\\/\\\/www.heatsupply.nl\\\/de\\\/\",\"name\":\"Heatsupply\",\"description\":\"Hot sauce webstore #1 in Europe\",\"publisher\":{\"@id\":\"https:\\\/\\\/www.heatsupply.nl\\\/de\\\/#organization\"},\"potentialAction\":[{\"@type\":\"SearchAction\",\"target\":{\"@type\":\"EntryPoint\",\"urlTemplate\":\"https:\\\/\\\/www.heatsupply.nl\\\/de\\\/?s={search_term_string}\"},\"query-input\":{\"@type\":\"PropertyValueSpecification\",\"valueRequired\":true,\"valueName\":\"search_term_string\"}}],\"inLanguage\":\"de\"},{\"@type\":\"Organization\",\"@id\":\"https:\\\/\\\/www.heatsupply.nl\\\/de\\\/#organization\",\"name\":\"Heatsupply\",\"url\":\"https:\\\/\\\/www.heatsupply.nl\\\/de\\\/\",\"logo\":{\"@type\":\"ImageObject\",\"inLanguage\":\"de\",\"@id\":\"https:\\\/\\\/www.heatsupply.nl\\\/de\\\/#\\\/schema\\\/logo\\\/image\\\/\",\"url\":\"https:\\\/\\\/www.heatsupply.nl\\\/wp-content\\\/uploads\\\/2022\\\/10\\\/heatsupply-logo-rood.jpg\",\"contentUrl\":\"https:\\\/\\\/www.heatsupply.nl\\\/wp-content\\\/uploads\\\/2022\\\/10\\\/heatsupply-logo-rood.jpg\",\"width\":1000,\"height\":335,\"caption\":\"Heatsupply\"},\"image\":{\"@id\":\"https:\\\/\\\/www.heatsupply.nl\\\/de\\\/#\\\/schema\\\/logo\\\/image\\\/\"},\"sameAs\":[\"https:\\\/\\\/www.facebook.com\\\/heatsupplyNL\",\"https:\\\/\\\/www.instagram.com\\\/heatsuppy.nl\",\"https:\\\/\\\/www.youtube.com\\\/channel\\\/UC5pOWqQtljvxTz2SMWGWCsw\"]}]}<\/script>\n<meta property=\"product:brand\" content=\"Queen Majesty\" \/>\n<meta property=\"product:price:amount\" content=\"10.95\" \/>\n<meta property=\"product:price:currency\" content=\"EUR\" \/>\n<meta property=\"og:availability\" content=\"instock\" \/>\n<meta property=\"product:availability\" content=\"instock\" \/>\n<meta property=\"product:retailer_item_id\" content=\"QMSBG002\" \/>\n<meta property=\"product:condition\" content=\"new\" \/>\n<!-- \/ Yoast SEO Premium plugin. -->","yoast_head_json":{"title":"Queen Majesty Scotch Bonnet & Ginger Hot Sauce - Heatsupply","description":"Die Queen Majesty Scotch Bonnet & Ginger Hot Sauce ist eine frische und saure Sauce mit einem deutlichen Ingwergeschmack und einer milden Sch\u00e4rfe der Scotch Bonnet Chilis.","robots":{"index":"index","follow":"follow","max-snippet":"max-snippet:-1","max-image-preview":"max-image-preview:large","max-video-preview":"max-video-preview:-1"},"canonical":"https:\/\/www.heatsupply.nl\/de\/produkt\/queen-majesty-scotch-bonnet-ginger\/","og_locale":"de_DE","og_type":"article","og_title":"Queen Majesty Scotch Bonnet & Ginger Hot Sauce","og_description":"Die Queen Majesty Scotch Bonnet & Ginger Hot Sauce ist eine frische und saure Sauce mit einem deutlichen Ingwergeschmack und einer milden Sch\u00e4rfe der Scotch Bonnet Chilis.","og_url":"https:\/\/www.heatsupply.nl\/de\/produkt\/queen-majesty-scotch-bonnet-ginger\/","og_site_name":"Heatsupply","article_publisher":"https:\/\/www.facebook.com\/heatsupplyNL","article_modified_time":"2026-05-15T13:08:58+00:00","og_image":[{"width":1400,"height":1400,"url":"https:\/\/www.heatsupply.nl\/wp-content\/uploads\/2024\/08\/queen-majesty-scotch-bonnet-ginger-hot-sauce.jpg","type":"image\/jpeg"}],"twitter_card":"summary_large_image","twitter_misc":{"Preis":"&euro;10,95","Verf\u00fcgbarkeit":"Auf Lager"},"schema":{"@context":"https:\/\/schema.org","@graph":[{"@type":"WebPage","@id":"https:\/\/www.heatsupply.nl\/de\/produkt\/queen-majesty-scotch-bonnet-ginger\/","url":"https:\/\/www.heatsupply.nl\/de\/produkt\/queen-majesty-scotch-bonnet-ginger\/","name":"Queen Majesty Scotch Bonnet & Ginger Hot Sauce - Heatsupply","isPartOf":{"@id":"https:\/\/www.heatsupply.nl\/de\/#website"},"primaryImageOfPage":{"@id":"https:\/\/www.heatsupply.nl\/de\/produkt\/queen-majesty-scotch-bonnet-ginger\/#primaryimage"},"image":{"@id":"https:\/\/www.heatsupply.nl\/de\/produkt\/queen-majesty-scotch-bonnet-ginger\/#primaryimage"},"thumbnailUrl":"https:\/\/www.heatsupply.nl\/wp-content\/uploads\/2024\/08\/queen-majesty-scotch-bonnet-ginger-hot-sauce.jpg","datePublished":"2018-12-12T13:18:07+00:00","dateModified":"2026-05-15T13:08:58+00:00","description":"Die Queen Majesty Scotch Bonnet & Ginger Hot Sauce ist eine frische und saure Sauce mit einem deutlichen Ingwergeschmack und einer milden Sch\u00e4rfe der Scotch Bonnet Chilis.","breadcrumb":{"@id":"https:\/\/www.heatsupply.nl\/de\/produkt\/queen-majesty-scotch-bonnet-ginger\/#breadcrumb"},"inLanguage":"de","potentialAction":[{"@type":"ReadAction","target":["https:\/\/www.heatsupply.nl\/de\/produkt\/queen-majesty-scotch-bonnet-ginger\/"]}]},{"@type":"ImageObject","inLanguage":"de","@id":"https:\/\/www.heatsupply.nl\/de\/produkt\/queen-majesty-scotch-bonnet-ginger\/#primaryimage","url":"https:\/\/www.heatsupply.nl\/wp-content\/uploads\/2024\/08\/queen-majesty-scotch-bonnet-ginger-hot-sauce.jpg","contentUrl":"https:\/\/www.heatsupply.nl\/wp-content\/uploads\/2024\/08\/queen-majesty-scotch-bonnet-ginger-hot-sauce.jpg","width":1400,"height":1400,"caption":"queen majesty scotch bonnet ginger hot sauce"},{"@type":"BreadcrumbList","@id":"https:\/\/www.heatsupply.nl\/de\/produkt\/queen-majesty-scotch-bonnet-ginger\/#breadcrumb","itemListElement":[{"@type":"ListItem","position":1,"name":"Home","item":"https:\/\/www.heatsupply.nl\/de\/"},{"@type":"ListItem","position":2,"name":"Alle produkten","item":"https:\/\/www.heatsupply.nl\/de\/alle-produkten\/"},{"@type":"ListItem","position":3,"name":"Scharfe So\u00dfen","item":"https:\/\/www.heatsupply.nl\/de\/scharfe-sossen\/"},{"@type":"ListItem","position":4,"name":"Eten met Nick","item":"https:\/\/www.heatsupply.nl\/de\/scharfe-sossen\/eten-met-nick\/"},{"@type":"ListItem","position":5,"name":"Queen Majesty Scotch Bonnet &#038; Ginger Hot Sauce"}]},{"@type":"WebSite","@id":"https:\/\/www.heatsupply.nl\/de\/#website","url":"https:\/\/www.heatsupply.nl\/de\/","name":"Heatsupply","description":"Hot sauce webstore #1 in Europe","publisher":{"@id":"https:\/\/www.heatsupply.nl\/de\/#organization"},"potentialAction":[{"@type":"SearchAction","target":{"@type":"EntryPoint","urlTemplate":"https:\/\/www.heatsupply.nl\/de\/?s={search_term_string}"},"query-input":{"@type":"PropertyValueSpecification","valueRequired":true,"valueName":"search_term_string"}}],"inLanguage":"de"},{"@type":"Organization","@id":"https:\/\/www.heatsupply.nl\/de\/#organization","name":"Heatsupply","url":"https:\/\/www.heatsupply.nl\/de\/","logo":{"@type":"ImageObject","inLanguage":"de","@id":"https:\/\/www.heatsupply.nl\/de\/#\/schema\/logo\/image\/","url":"https:\/\/www.heatsupply.nl\/wp-content\/uploads\/2022\/10\/heatsupply-logo-rood.jpg","contentUrl":"https:\/\/www.heatsupply.nl\/wp-content\/uploads\/2022\/10\/heatsupply-logo-rood.jpg","width":1000,"height":335,"caption":"Heatsupply"},"image":{"@id":"https:\/\/www.heatsupply.nl\/de\/#\/schema\/logo\/image\/"},"sameAs":["https:\/\/www.facebook.com\/heatsupplyNL","https:\/\/www.instagram.com\/heatsuppy.nl","https:\/\/www.youtube.com\/channel\/UC5pOWqQtljvxTz2SMWGWCsw"]}]},"product_brand":"Queen Majesty","product_price_amount":"10.95","product_price_currency":"EUR","og_availability":"instock","product_availability":"instock","product_retailer_item_id":"QMSBG002","product_condition":"new"},"_links":{"self":[{"href":"https:\/\/www.heatsupply.nl\/de\/wp-json\/wp\/v2\/product\/143291","targetHints":{"allow":["GET"]}}],"collection":[{"href":"https:\/\/www.heatsupply.nl\/de\/wp-json\/wp\/v2\/product"}],"about":[{"href":"https:\/\/www.heatsupply.nl\/de\/wp-json\/wp\/v2\/types\/product"}],"replies":[{"embeddable":true,"href":"https:\/\/www.heatsupply.nl\/de\/wp-json\/wp\/v2\/comments?post=143291"}],"wp:featuredmedia":[{"embeddable":true,"href":"https:\/\/www.heatsupply.nl\/de\/wp-json\/wp\/v2\/media\/156193"}],"wp:attachment":[{"href":"https:\/\/www.heatsupply.nl\/de\/wp-json\/wp\/v2\/media?parent=143291"}],"wp:term":[{"taxonomy":"product_brand","embeddable":true,"href":"https:\/\/www.heatsupply.nl\/de\/wp-json\/wp\/v2\/product_brand?post=143291"},{"taxonomy":"product_cat","embeddable":true,"href":"https:\/\/www.heatsupply.nl\/de\/wp-json\/wp\/v2\/product_cat?post=143291"},{"taxonomy":"product_tag","embeddable":true,"href":"https:\/\/www.heatsupply.nl\/de\/wp-json\/wp\/v2\/product_tag?post=143291"}],"curies":[{"name":"wp","href":"https:\/\/api.w.org\/{rel}","templated":true}]}}